{"id":2935,"date":"2024-07-16T14:38:12","date_gmt":"2024-07-16T14:38:12","guid":{"rendered":"https:\/\/cpstesters.com\/prueba-de-precision-del-raton-precision-del-clic-del-raton\/"},"modified":"2024-09-17T15:45:59","modified_gmt":"2024-09-17T15:45:59","slug":"prueba-de-precision-con-ratones","status":"publish","type":"page","link":"https:\/\/cpstesters.com\/es\/prueba-de-precision-con-ratones\/","title":{"rendered":"Prueba de precisi\u00f3n del rat\u00f3n | Precisi\u00f3n del clic del rat\u00f3n"},"content":{"rendered":"\n<p>La prueba de precisi\u00f3n del rat\u00f3n es una herramienta de juego en l\u00ednea que se utiliza para determinar la precisi\u00f3n del clic y la precisi\u00f3n de su puntero, \u00a1compruebe la herramienta ahora!<\/p>\n<link href=\"\/wp-content\/themes\/generatepress\/tools\/assets\/css\/aim.css?v=15\" rel=\"stylesheet\">\r\n\r\n<div class=\"aim-container\">\r\n      <div>\r\n        <div class=\"highscore-info\">Highscore: <span class=\"current-highscore\"><\/span><\/div>\r\n        <div class=\"info\">\r\n            <div class=\"score-bar\"><i class=\"im im-target\"><\/i> <span style=\"color:white\" class=\"score\">0<\/span><\/div>\r\n            <div class=\"health-bar\"><i class=\"im im-heart small\"><\/i> <span class=\"health\">0<\/span><\/div>\r\n            <div class=\"time-bar\"><\/i><i class=\"im im-timer small\"><\/i> <span class=\"time\">0<\/span><\/div>\r\n        <\/div>\r\n      <\/div>\r\n      <div class=\"board\"><\/div>\r\n      <div class=\"gameover modal\">\r\n        <div class=\"gameover-content\">\r\n          <p class=\"aim-header\">GAMEOVER<\/p>\r\n          <p class=\"highscore\"><\/p>\r\n          <p><i class=\"im im-target small\"><\/i>Score :&nbsp;<span class=\"score\">0<\/span><\/p>\r\n          <p><i class=\"im im-timer small\"><\/i>Time :&nbsp;<span class=\"time\">0<\/span><\/p>\r\n          <button class=\"restart-btn\">Restart<\/button>\r\n        <\/div>\r\n      <\/div>\r\n      <button style=\"color:white\" class=\"start-btn\">Start<\/button>\r\n  \r\n    <\/div>\r\n\r\n\r\n\r\n   \r\n<script type=\"text\/javascript\">\r\n    var keyboard_code = 'english';\r\n    var keyboard_settings = {\"layout\":{\"default\":[\"` 1 2 3 4 5 6 7 8 9 0 - = {backspace}\",\"{tab} q w e r t y u i o p [ ] \\\\\",\"{capslock} a s d f g h j k l ; ' {enter}\",\"{shiftleft} z x c v b n m , . \\\/ {shiftright}\",\".com @ {space}\"],\"shift\":[\"` 1 2 3 4 5 6 7 8 9 0 - = {backspace}\",\"{tab} q w e r t y u i o p [ ] \\\\\",\"{capslock} a s d f g h j k l ; ' {enter}\",\"{shiftleft} z x c v b n m , . \\\/ {shiftright}\",\".com @ {space}\"]},\"display\":{\"{escape}\":\"esc\",\"{tab}\":\"tab\",\"{backspace}\":\"backspace\",\"{enter}\":\"< enter\",\"{capslock}\":\"caps\",\"{shiftleft}\":\"shift\",\"{shiftright}\":\"shift\",\"{controlleft}\":\"ctrl\",\"{controlright}\":\"ctrl\",\"{altleft}\":\"alt\",\"{altright}\":\"alt\",\"{metaleft}\":\"cmd\",\"{metaright}\":\"cmd\",\"{space}\":\" \"}};\r\n    var keyboard_is_tester = true;\r\n\t                     var monitoringClickEvent = 'left';\r\n\r\n<\/script>\r\n\r\n<script src=\"\/wp-content\/themes\/generatepress\/tools\/assets\/js\/aim.js?v=9\"><\/script>\r\n\n\n<p><\/p>\n\n<div style=\"height:5px\" aria-hidden=\"true\" class=\"wp-block-spacer\"><\/div>\n\n<h2 class=\"wp-block-heading\">Prueba de precisi\u00f3n con ratones<\/h2>\n\n<p>Un juego en l\u00ednea llamado Mouse Accuracy Test permite a los usuarios evaluar y mejorar su precisi\u00f3n con el rat\u00f3n. Se puede aumentar la velocidad de los clics del rat\u00f3n manteniendo la precisi\u00f3n. El juego es accesible para jugadores de todos los niveles, incluso expertos.<\/p>\n\n<p>El sencillo objetivo de la prueba es ayudarte a practicar y aumentar la precisi\u00f3n y velocidad del rat\u00f3n para matar y disparar en los videojuegos. Los usuarios ocasionales de ordenador pueden disfrutar jugando, mientras que su principal objetivo es ayudar a los jugadores a aumentar su velocidad, flexibilidad y precisi\u00f3n al hacer clic con el rat\u00f3n.<\/p>\n\n<p>Una prueba que mide la precisi\u00f3n del rat\u00f3n mide la precisi\u00f3n con la que haces clic en los objetivos en cada cantidad de tiempo. Esto la convierte ocasionalmente en la prueba de rat\u00f3n m\u00e1s desafiante, que tambi\u00e9n puede denominarse prueba de precisi\u00f3n de clic. Sin embargo, para los jugadores, lo mejor son los ex\u00e1menes pr\u00e1cticos. Despu\u00e9s de realizar esta prueba, su rendimiento mejorar\u00e1 mucho.<\/p>\n\n<p>Por otra parte, el clic tiene algunas ventajas sobre la <a href=\"https:\/\/computer.howstuffworks.com\/mouse5.htm\" target=\"_blank\" rel=\"noreferrer noopener\">precisi\u00f3n del rat\u00f3n<\/a> en determinados tipos de juegos. Se trata de hacer clic r\u00e1pidamente en un tiempo determinado con una puntuaci\u00f3n CPS alta como objetivo final. Elija entre ajustes que van de 5 a 100 segundos en la prueba de precisi\u00f3n de clic.  <\/p>\n<div class=\"wp-block-image\">\n<figure class=\"aligncenter size-full\"><img loading=\"lazy\" decoding=\"async\" width=\"1000\" height=\"500\" src=\"https:\/\/cpstesters.com\/wp-content\/uploads\/2022\/09\/accuracy.jpg\" alt=\"Prueba de precisi&#xF3;n con ratones\" class=\"wp-image-575\" title=\"\" srcset=\"https:\/\/cpstesters.com\/wp-content\/uploads\/2022\/09\/accuracy.jpg 1000w, https:\/\/cpstesters.com\/wp-content\/uploads\/2022\/09\/accuracy-300x150.jpg 300w, https:\/\/cpstesters.com\/wp-content\/uploads\/2022\/09\/accuracy-768x384.jpg 768w\" sizes=\"auto, (max-width: 1000px) 100vw, 1000px\" \/><figcaption class=\"wp-element-caption\">Prueba de precisi\u00f3n con ratones<\/figcaption><\/figure>\n<\/div>\n<h2 class=\"wp-block-heading\">Pasos para jugar a la prueba de precisi\u00f3n de clics<\/h2>\n\n<p>Utiliza esta prueba y sigue las instrucciones para aumentar la precisi\u00f3n de tu rat\u00f3n.<\/p>\n\n<ul class=\"wp-block-list\">\n<li>Haz clic en el bot\u00f3n &#8220;Empezar&#8221;, que se encuentra debajo de las opciones de configuraci\u00f3n, cuando est\u00e9s listo para empezar el juego.<\/li>\n\n\n\n<li>Se iniciar\u00e1 una cuenta atr\u00e1s en cuanto toques el bot\u00f3n de inicio. Deber\u00edas aprovechar este tiempo para prepararte para el examen.<\/li>\n\n\n\n<li>Varios c\u00edrculos de objetivo aparecer\u00e1n aleatoriamente por toda la pantalla una vez finalizada la cuenta atr\u00e1s.<\/li>\n\n\n\n<li>Tu objetivo es hacer clic en los c\u00edrculos objetivo con el cursor mientras est\u00e9n visibles.<\/li>\n\n\n\n<li>Durante el periodo de tiempo, estos objetivos seguir\u00e1n apareciendo en la pantalla que hayas elegido en las opciones de configuraci\u00f3n.<\/li>\n\n\n\n<li>Justo cuando el temporizador est\u00e1 a punto de expirar, ves otra cuenta atr\u00e1s de 5 segundos.<\/li>\n\n\n\n<li>Sus resultados, como el total de clics, el total de objetivos, la precisi\u00f3n de los clics, la eficacia, etc., se mostrar\u00e1n una vez finalizado este temporizador.<\/li>\n\n\n\n<li>En la pantalla de resultados, puede hacer clic en el bot\u00f3n &#8220;Reiniciar&#8221; para volver a realizar la prueba.<\/li>\n<\/ul>\n\n<p class=\"has-text-align-center has-base-background-color has-background has-medium-font-size\"><em>Compruebe tambi\u00e9n nuestra herramienta de <a href=\"https:\/\/cpstesters.com\/es\/mouse-test\/\" target=\"_blank\" rel=\"noreferrer noopener\">prueba de rat<\/a> ones para comprobar completamente su rat\u00f3n.<\/em><\/p>\n\n<h2 class=\"wp-block-heading has-text-align-center\">Preguntas frecuentes<\/h2>\n\n<h3 class=\"wp-block-heading\"><strong>\u00bfC\u00f3mo s\u00e9 si mi rat\u00f3n es preciso?<\/strong><\/h3>\n\n<p>La prueba de precisi\u00f3n del rat\u00f3n eval\u00faa la velocidad y la precisi\u00f3n con la que mueves el rat\u00f3n. Basta con deslizar la bola por la curva hasta el segundo extremo que est\u00e1 unido a ella. Trata de ser lo m\u00e1s r\u00e1pido posible, teniendo cuidado de no salirte de la curva.<\/p>\n\n<h3 class=\"wp-block-heading\"><strong>\u00bfC\u00f3mo puedo probar el puntero de mi rat\u00f3n?<\/strong><\/h3>\n\n<p>Puedes probar la prueba del bot\u00f3n del rat\u00f3n disponible en nuestro sitio web. Esta prueba le dar\u00e1 resultados precisos sobre el puntero del rat\u00f3n y otros botones tambi\u00e9n.<\/p>\n\n<h3 class=\"wp-block-heading\"><strong>\u00bfC\u00f3mo puedo aumentar la precisi\u00f3n de los FPS de mi rat\u00f3n?<\/strong><\/h3>\n\n<p>Aseg\u00farate de que la aceleraci\u00f3n del rat\u00f3n est\u00e1 desactivada, ya que de lo contrario los movimientos de precisi\u00f3n ser\u00e1n mucho m\u00e1s dif\u00edciles. Aunque un nivel de sensibilidad bajo le proporciona mayor potencia para realizar movimientos finos, tambi\u00e9n le obliga a mover el codo en lugar de la mu\u00f1eca para flexibilizar el rat\u00f3n.<\/p>\n\n<p>Herramientas que te pueden gustar:<\/p>\n\n<ul class=\"wp-block-list\">\n<li><a href=\"https:\/\/cpstesters.com\/es\/apm-test\/\" target=\"_blank\" rel=\"noreferrer noopener\">Prueba APM <\/a><\/li>\n\n\n\n<li><a href=\"https:\/\/cpstesters.com\/es\/raton-rate-checker\/\" target=\"_blank\" rel=\"noreferrer noopener\">Rat\u00f3n Rate Checker<\/a><\/li>\n\n\n\n<li><a href=\"https:\/\/cpstesters.com\/es\/double-click-test\/\" target=\"_blank\" rel=\"noreferrer noopener\">Prueba de doble clic<\/a><\/li>\n\n\n\n<li><a href=\"https:\/\/cpstesters.com\/es\/prueba-de-desplazamiento-del-raton\/\" target=\"_blank\" rel=\"noreferrer noopener\">Prueba de desplazamiento del rat\u00f3n<\/a><\/li>\n\n\n\n<li><a href=\"https:\/\/cpstesters.com\/es\/aim-trainer\/\" target=\"_blank\" rel=\"noreferrer noopener\">Entrenador de punter\u00eda<\/a><\/li>\n<\/ul>\n","protected":false},"excerpt":{"rendered":"<p>La prueba de precisi\u00f3n del rat\u00f3n es una herramienta de juego en l\u00ednea que se utiliza para determinar la precisi\u00f3n del clic y la precisi\u00f3n &#8230; <\/p>\n<p class=\"read-more-container\"><a title=\"Prueba de precisi\u00f3n del rat\u00f3n | Precisi\u00f3n del clic del rat\u00f3n\" class=\"read-more button\" href=\"https:\/\/cpstesters.com\/es\/prueba-de-precision-con-ratones\/#more-2935\" aria-label=\"Leer m\u00e1s sobre Prueba de precisi\u00f3n del rat\u00f3n | Precisi\u00f3n del clic del rat\u00f3n\">Read More<\/a><\/p>\n","protected":false},"author":4,"featured_media":1562,"parent":0,"menu_order":0,"comment_status":"closed","ping_status":"closed","template":"","meta":{"footnotes":""},"class_list":["post-2935","page","type-page","status-publish","has-post-thumbnail"],"_links":{"self":[{"href":"https:\/\/cpstesters.com\/es\/wp-json\/wp\/v2\/pages\/2935","targetHints":{"allow":["GET"]}}],"collection":[{"href":"https:\/\/cpstesters.com\/es\/wp-json\/wp\/v2\/pages"}],"about":[{"href":"https:\/\/cpstesters.com\/es\/wp-json\/wp\/v2\/types\/page"}],"author":[{"embeddable":true,"href":"https:\/\/cpstesters.com\/es\/wp-json\/wp\/v2\/users\/4"}],"replies":[{"embeddable":true,"href":"https:\/\/cpstesters.com\/es\/wp-json\/wp\/v2\/comments?post=2935"}],"version-history":[{"count":4,"href":"https:\/\/cpstesters.com\/es\/wp-json\/wp\/v2\/pages\/2935\/revisions"}],"predecessor-version":[{"id":4332,"href":"https:\/\/cpstesters.com\/es\/wp-json\/wp\/v2\/pages\/2935\/revisions\/4332"}],"wp:featuredmedia":[{"embeddable":true,"href":"https:\/\/cpstesters.com\/es\/wp-json\/wp\/v2\/media\/1562"}],"wp:attachment":[{"href":"https:\/\/cpstesters.com\/es\/wp-json\/wp\/v2\/media?parent=2935"}],"curies":[{"name":"wp","href":"https:\/\/api.w.org\/{rel}","templated":true}]}}