{"id":2924,"date":"2024-07-16T14:30:16","date_gmt":"2024-07-16T14:30:16","guid":{"rendered":"https:\/\/cpstesters.com\/generador-de-circulos-minecraft-hacer-grafico-de-circulos-ovalos-online\/"},"modified":"2024-09-17T15:27:35","modified_gmt":"2024-09-17T15:27:35","slug":"generador-de-circulos-minecraft","status":"publish","type":"page","link":"https:\/\/cpstesters.com\/es\/generador-de-circulos-minecraft\/","title":{"rendered":"Generador de C\u00edrculos Minecraft | Hacer Gr\u00e1fico de C\u00edrculos\/Ovalos Online"},"content":{"rendered":"\n<p>C\u00edrculo Generator es una herramienta en l\u00ednea que crea un c\u00edrculo de p\u00edxeles o un \u00f3valo para Minecraft para hacer el proceso f\u00e1cil para usted, \u00a1Compru\u00e9belo!<\/p>\n\n\n      <style type=\"text\/css\">\r\n         table.circle_output td {\r\n         border-collapse: collapse;\r\n         }\r\n         table.circle_output td {\r\n         border: 1px solid white;\r\n         width: 15px;\r\n         height: 15px;\r\n         }\r\n         .filled {\r\n         background: red;\r\n         }\r\n         .cgy0,\r\n         .cgx0 {\r\n         background: #eee;\r\n         }\r\n         .filled.cgy0,\r\n         .filled.cgx0 {\r\n         background: #808080;\r\n         }\r\n         #height,\r\n         #diameter,\r\n         #scaler {\r\n         width: 150px;\r\n         }\r\n      <\/style>\r\n<div class=\"row\">\r\n\t<div class=\"col-md-4\">\r\n\t<label>Width:<\/label><br>\r\n\t<input tabindex=\"1\" type=\"number\" size=\"5\" id=\"diameter\" value=\"9\" autocomplete=\"off\" autofocus=\"autofocus\">\r\n\t<\/div>\r\n\t<div class=\"col-md-4\">\r\n\t\t<label>Height:<\/label><br>\r\n\t\t<input tabindex=\"2\" type=\"number\" size=\"5\" id=\"height\" value=\"9\" autocomplete=\"off\" autofocus=\"autofocus\"> \r\n\t<\/div>\r\n\t\r\n<\/div>\r\n<br>\r\n<div class=\"row\">\r\n\t<div class=\"col-md-6\">\r\n\t<label>Scale:<\/label><br>\r\n      <input type=\"range\" min=\"50\" max=\"3000\" value=\"720\" id=\"scaler\" data-poly-scale=\".1\" \/>\t\r\n<br>\r\n\t<label><input id=\"linked\" type=\"checkbox\" checked=\"checked\" value=\"1\" \/> Force Circle<\/label> &mdash; Block Count: <span id=\"blockcount\"><\/span><br \/> <br>\r\n      <select id=\"thickness\">\r\n         <option selected=\"selected\">thick<\/option>\r\n         <option>thin<\/option>\r\n         <option>filled<\/option>\r\n      <\/select>\r\n\t<\/div>\r\n<div style=\"margin-left:50px;\" class=\"col-md-6\">\r\n\t<label>Download:<\/label><br>\r\n      <button type=\"button\" id=\"downloadSVG\">SVG<\/button>\r\n      <button type=\"button\" id=\"downloadPNG\">PNG<\/button>\r\n\t<\/div>\r\n<\/div>\r\n   \r\n      <div id=\"result\"><\/div>\r\n\r\n\r\n\r\n\r\n      <script src=\"https:\/\/ajax.googleapis.com\/ajax\/libs\/mootools\/1.3.2\/mootools.js\"><\/script>\r\n      <script src=\"https:\/\/cpstesters.com\/wp-content\/themes\/generatepress\/tools\/assets\/js\/Base64.js\"><\/script>\r\n\r\n      <script src=\"https:\/\/cpstesters.com\/wp-content\/themes\/generatepress\/tools\/assets\/js\/svg.js\"><\/script>\r\n      <script src=\"https:\/\/cpstesters.com\/wp-content\/themes\/generatepress\/tools\/assets\/js\/table.js\"><\/script>\r\n\r\n      <script src=\"https:\/\/cpstesters.com\/wp-content\/themes\/generatepress\/tools\/assets\/js\/FileSaver.js\"><\/script>\r\n      <script src=\"https:\/\/cpstesters.com\/wp-content\/themes\/generatepress\/tools\/assets\/js\/generator.js\"><\/script>\n\n\n\n<div style=\"height:5px\" aria-hidden=\"true\" class=\"wp-block-spacer\"><\/div>\n\n\n\n<h2 class=\"wp-block-heading\">Generador de c\u00edrculos de Minecraft  <\/h2>\n\n\n\n<p>Puedes utilizar el c\u00edrculo de Minecraft como perfil para crear una gran variedad de objetos, como casas, torres, estructuras y mucho m\u00e1s. Un c\u00edrculo en Minecraft es una forma que se puede utilizar para crear torres, estructuras y otros objetos en el juego.<\/p>\n\n\n\n<p>Puedes crear c\u00edrculos para tu viaje de juego en Minecraft utilizando nuestra herramienta generadora de \u00f3valos. Puede guardar una imagen de su c\u00edrculo (SVG y PNG). Nuestra herramienta generadora de p\u00edxeles puede ayudarle a crear c\u00edrculos, \u00f3valos y esferas adecuados a su tama\u00f1o.<\/p>\n\n\n\n<p>En Minecraft, hay varias maneras de hacer un gr\u00e1fico de c\u00edrculo de p\u00edxeles. Con la ayuda de un solo p\u00edxel, puede crear arte de p\u00edxeles simple utilizando el generador de arte de p\u00edxeles de Minecraft World of Minecraft.<\/p>\n\n\n\n<p>Se crea una t\u00e9cnica de pixel-art de estilo retro utilizando un generador de c\u00edrculos. Adem\u00e1s, utilizando el generador de c\u00edrculos de p\u00edxeles o el creador de c\u00edrculos, puede crear cualquier cosa en forma circular.<\/p>\n\n\n<div class=\"wp-block-image\">\n<figure class=\"aligncenter size-full\"><img loading=\"lazy\" decoding=\"async\" width=\"1000\" height=\"500\" src=\"https:\/\/cpstesters.com\/wp-content\/uploads\/2022\/09\/Minecraft-Circle-Generator.jpg\" alt=\"Generador de c\u00edrculos de Minecraft\" class=\"wp-image-554\" title=\"\" srcset=\"https:\/\/cpstesters.com\/wp-content\/uploads\/2022\/09\/Minecraft-Circle-Generator.jpg 1000w, https:\/\/cpstesters.com\/wp-content\/uploads\/2022\/09\/Minecraft-Circle-Generator-300x150.jpg 300w, https:\/\/cpstesters.com\/wp-content\/uploads\/2022\/09\/Minecraft-Circle-Generator-768x384.jpg 768w\" sizes=\"auto, (max-width: 1000px) 100vw, 1000px\" \/><figcaption class=\"wp-element-caption\">Generador de c\u00edrculos de Minecraft<\/figcaption><\/figure>\n<\/div>\n\n\n<h2 class=\"wp-block-heading\">\u00bfC\u00f3mo utilizar Circle Chart Minecraft?<\/h2>\n\n\n\n<p>En lugar de empezar con el &#8220;andamiaje&#8221; interior, los gr\u00e1ficos circulares son im\u00e1genes orientativas que puede utilizar para comprender r\u00e1pidamente d\u00f3nde tiene que colocar exactamente los bloques. Simplemente utilice la foto de referencia como gu\u00eda y busque el ancho que necesite.<\/p>\n\n\n\n<p>El inconveniente de los gr\u00e1ficos circulares es que, al ser gr\u00e1ficos fijos, es m\u00e1s dif\u00edcil cambiar uno para adaptarlo a tus necesidades si quieres algo \u00fanico para tu construcci\u00f3n.<\/p>\n\n\n\n<p>Las dimensiones pueden calcularse considerablemente m\u00e1s r\u00e1pido si puede ver con precisi\u00f3n la longitud que debe tener cada borde.<\/p>\n\n\n\n<p class=\"has-text-align-center has-base-background-color has-background has-medium-font-size\"><em>Tambi\u00e9n puedes probar nuestra herramienta <a href=\"https:\/\/cpstesters.com\/es\/generador-de-esferas-minecraft-generador-de-cupulas-minecraft\/\" target=\"_blank\" rel=\"noreferrer noopener\">generadora de esferas de Minecraft<\/a>.<\/em><\/p>\n\n\n\n<h2 class=\"wp-block-heading\">C\u00f3mo construir un c\u00edrculo de p\u00edxeles desde cero<\/h2>\n\n\n\n<p>Lo primero que tienes que saber es el di\u00e1metro que quieres para un c\u00edrculo. Es fundamental tener en cuenta que cuanto menos circular sea la imagen, m\u00e1s peque\u00f1a deber\u00e1 ser la forma.<\/p>\n\n\n\n<p>Un c\u00edrculo m\u00e1s ancho permite ajustar los l\u00edmites de forma m\u00e1s gradual, lo que produce un aspecto mucho m\u00e1s atractivo. Vamos a ver un ejemplo de cada uno para que pueda ver c\u00f3mo el procedimiento difiere en funci\u00f3n de si desea un ancho par o impar.<\/p>\n\n\n\n<h2 class=\"wp-block-heading\">Pasos para crear un c\u00edrculo perfecto en Minecraft<\/h2>\n\n\n\n<p>Puedes crear c\u00edrculos perfectos en Minecraft con el creador de c\u00edrculos gratuito del sitio. Que le ayudar\u00e1 en la creaci\u00f3n de diversos objetos en Minecraft.<\/p>\n\n\n\n<p>En esta situaci\u00f3n, usted quiere hacer el c\u00edrculo mejor y m\u00e1s ideal. Tenga en cuenta las recomendaciones que le damos a continuaci\u00f3n:<\/p>\n\n\n\n<ul class=\"wp-block-list\">\n<li>En primer lugar, elija el n\u00famero de bloques en el sentido de la anchura y, a continuaci\u00f3n, el n\u00famero de bloques en el sentido de la altura.<\/li>\n\n\n\n<li>Si s\u00f3lo desea construir un c\u00edrculo, debe seleccionar la opci\u00f3n &#8220;Forzar c\u00edrculo&#8221;. Al elegir esta opci\u00f3n, se habilitar\u00e1 autom\u00e1ticamente la configuraci\u00f3n del n\u00famero exacto de columnas o bloques para las dimensiones horizontal y vertical, que necesita para un c\u00edrculo perfecto.<\/li>\n\n\n\n<li>La opci\u00f3n &#8220;Recuento de bloques&#8221; revelar\u00e1 cu\u00e1ntos bloques se utilizaron para hacer ese c\u00edrculo.<\/li>\n\n\n\n<li>Puedes escalar el tama\u00f1o del c\u00edrculo en funci\u00f3n de tus necesidades utilizando la opci\u00f3n &#8220;Escala&#8221;. Adem\u00e1s, es muy f\u00e1cil de usar para acercar y alejar el c\u00edrculo.<\/li>\n\n\n\n<li>Cuando todo est\u00e9 configurado y su c\u00edrculo est\u00e9 listo, podr\u00e1 descargarlo como fotograf\u00eda (SVG y PNG).<\/li>\n<\/ul>\n\n\n<div class=\"wp-block-image\">\n<figure class=\"aligncenter size-full\"><img loading=\"lazy\" decoding=\"async\" width=\"1000\" height=\"500\" src=\"https:\/\/cpstesters.com\/wp-content\/uploads\/2022\/09\/Features-of-Minecraft-Circle-Generator-Tool.jpg\" alt=\"Caracter\u00edsticas del generador de c\u00edrculos de p\u00edxeles\" class=\"wp-image-555\" title=\"\" srcset=\"https:\/\/cpstesters.com\/wp-content\/uploads\/2022\/09\/Features-of-Minecraft-Circle-Generator-Tool.jpg 1000w, https:\/\/cpstesters.com\/wp-content\/uploads\/2022\/09\/Features-of-Minecraft-Circle-Generator-Tool-300x150.jpg 300w, https:\/\/cpstesters.com\/wp-content\/uploads\/2022\/09\/Features-of-Minecraft-Circle-Generator-Tool-768x384.jpg 768w\" sizes=\"auto, (max-width: 1000px) 100vw, 1000px\" \/><figcaption class=\"wp-element-caption\">Caracter\u00edsticas del generador de c\u00edrculos de p\u00edxeles<\/figcaption><\/figure>\n<\/div>\n\n\n<h2 class=\"wp-block-heading\">Caracter\u00edsticas del generador de c\u00edrculos de p\u00edxeles<\/h2>\n\n\n\n<p>Puedes crear c\u00edrculos impecables en Minecraft con el creador de c\u00edrculos gratuito del sitio. Que le ayudar\u00e1 en la creaci\u00f3n de diversos objetos en Minecraft.<\/p>\n\n\n\n<p>Las caracter\u00edsticas y cualidades que usted recibir\u00e1 de esta herramienta generador de c\u00edrculo de p\u00edxeles se enumeran a continuaci\u00f3n.<\/p>\n\n\n\n<ul class=\"wp-block-list\">\n<li>Puedes utilizar la herramienta en dispositivos smartphone sin necesidad de ordenador, port\u00e1til o tel\u00e9fono m\u00f3vil, editar el c\u00edrculo seg\u00fan tus necesidades y luego descargarlo gratis.<\/li>\n\n\n\n<li>Puedes crear un c\u00edrculo en Minecraft que tenga un per\u00edmetro estrecho y sin texto en su interior.<\/li>\n\n\n\n<li>Nuestra herramienta generadora de c\u00edrculos tambi\u00e9n le permite crear sus c\u00edrculos ajustando la altura y la anchura seg\u00fan sus necesidades.<\/li>\n\n\n\n<li>Puedes escalar r\u00e1pidamente una imagen a 3x, 10x o 50x su tama\u00f1o original. All\u00ed se le dar\u00e1 a elegir.<\/li>\n\n\n\n<li>Utilice la opci\u00f3n de forzar c\u00edrculo para convertirlo en un c\u00edrculo si necesita un c\u00edrculo perfecto pero no est\u00e1 satisfecho con el que se genera por cualquier motivo. Es f\u00e1cil hacerlo. Basta con hacer clic en el icono del c\u00edrculo de fuerza. Y eso es todo.<\/li>\n<\/ul>\n\n\n\n<h2 class=\"wp-block-heading\">\u00bfC\u00f3mo hacer un c\u00edrculo perfecto en Minecraft?<\/h2>\n\n\n\n<p>En Minecraft vainilla, es imposible crear una construcci\u00f3n con un c\u00edrculo perfecto y de cualquier tama\u00f1o. Existen mods del juego que permiten a los jugadores crear c\u00edrculos perfectos, pero debes tener cuidado con lo que descargas para evitar infectar tu m\u00e1quina con virus.<\/p>\n\n\n\n<p>Disponiendo los bloques del juego en patrones m\u00e1s o menos circulares, puedes hacer c\u00edrculos aproximados con facilidad. Hay varias formas de conseguirlo, pero la m\u00e1s sencilla es obtener una plantilla para tu c\u00edrculo de Minecraft utilizando cualquier generador de p\u00edxeles.<\/p>\n\n\n\n<h2 class=\"wp-block-heading has-text-align-center\">Preguntas frecuentes<\/h2>\n\n\n\n<h3 class=\"wp-block-heading\"><strong>\u00bfQu\u00e9 es un generador de c\u00edrculos de Minecraft?<\/strong><\/h3>\n\n\n\n<p>Puedes crear c\u00edrculos y elipses en Minecraft utilizando el generador de c\u00edrculos. Permite variar el grosor, la anchura y la altura.<\/p>\n\n\n\n<h3 class=\"wp-block-heading\"><strong>\u00bfC\u00f3mo se encuentra el c\u00edrculo en Minecraft?<\/strong><\/h3>\n\n\n\n<p>Ahora puedes crear c\u00edrculos y arcos en Minecraft, s\u00f3lo ten en cuenta que una c\u00fapula m\u00e1s grande quedar\u00e1 m\u00e1s bonita. Debes introducir la f\u00f3rmula x2+y2=r2, donde r es el radio deseado para tu c\u00edrculo o c\u00fapula.<\/p>\n\n\n\n<h3 class=\"wp-block-heading\"><strong>\u00bfC\u00f3mo puedo hacer un buen c\u00edrculo de p\u00edxeles?<\/strong><\/h3>\n\n\n\n<p>Hay numerosas formas de hacer un gr\u00e1fico circular de p\u00edxeles en Minecraft. Fusionando p\u00edxeles individuales, puedes hacer pixel art sencillo usando el generador de pixel art de Minecraft. Para crear arte de p\u00edxeles al estilo retro, utiliza un generador de c\u00edrculos de p\u00edxeles.<\/p>\n\n\n\n<h3 class=\"wp-block-heading\"><strong>\u00bfQu\u00e9 es el pixel art en Minecraft?<\/strong><\/h3>\n\n\n\n<p>Es una obra de arte creada en Minecraft utilizando p\u00edxeles. El mismo pixel art se utiliza tambi\u00e9n en otros juegos. En pocas palabras, el pixel art se emplea para dar a los juegos una est\u00e9tica retro (un aspecto que incorpora moda, ideas, estilo de vida y otros elementos).<\/p>\n\n\n\n<p>Algunas herramientas de Minecraft que te pueden gustar:<\/p>\n\n\n\n<ul class=\"wp-block-list\">\n<li><a href=\"https:\/\/cpstesters.com\/es\/minecraft-font-generator-el-mejor-generador-de-fuentes\/\" target=\"_blank\" rel=\"noreferrer noopener\">Generador de fuentes Minecraft<\/a><\/li>\n\n\n\n<li><a href=\"https:\/\/cpstesters.com\/es\/minecraft-titulo-generador-hacer-el-mejor-titulo\/\" target=\"_blank\" rel=\"noreferrer noopener\">Generador de t\u00edtulos de Minecraft<\/a><\/li>\n\n\n\n<li><a href=\"https:\/\/cpstesters.com\/es\/minecraft-comando-generador-online-dar-comando\/\" target=\"_blank\" rel=\"noreferrer noopener\">Generador de comandos de Minecraft<\/a><\/li>\n\n\n\n<li><a href=\"https:\/\/cpstesters.com\/es\/generador-de-esferas-minecraft-generador-de-cupulas-minecraft\/\" target=\"_blank\" rel=\"noreferrer noopener\">Generador de esferas de Minecraft<\/a><\/li>\n\n\n\n<li><a href=\"https:\/\/cpstesters.com\/es\/\" target=\"_blank\" rel=\"noreferrer noopener\">Comprobador CPS<\/a><\/li>\n\n\n\n<li><a href=\"https:\/\/cpstesters.com\/es\/apm-test-rastreador-de-acciones-por-minuto-para-juegos\/\" target=\"_blank\" rel=\"noreferrer noopener\">Prueba de acciones por minuto<\/a><\/li>\n<\/ul>\n","protected":false},"excerpt":{"rendered":"<p>C\u00edrculo Generator es una herramienta en l\u00ednea que crea un c\u00edrculo de p\u00edxeles o un \u00f3valo para Minecraft para hacer el proceso f\u00e1cil para usted, &#8230; <\/p>\n<p class=\"read-more-container\"><a title=\"Generador de C\u00edrculos Minecraft | Hacer Gr\u00e1fico de C\u00edrculos\/Ovalos Online\" class=\"read-more button\" href=\"https:\/\/cpstesters.com\/es\/generador-de-circulos-minecraft\/#more-2924\" aria-label=\"Leer m\u00e1s sobre Generador de C\u00edrculos Minecraft | Hacer Gr\u00e1fico de C\u00edrculos\/Ovalos Online\">Read More<\/a><\/p>\n","protected":false},"author":4,"featured_media":1490,"parent":0,"menu_order":0,"comment_status":"closed","ping_status":"closed","template":"","meta":{"footnotes":""},"class_list":["post-2924","page","type-page","status-publish","has-post-thumbnail"],"_links":{"self":[{"href":"https:\/\/cpstesters.com\/es\/wp-json\/wp\/v2\/pages\/2924","targetHints":{"allow":["GET"]}}],"collection":[{"href":"https:\/\/cpstesters.com\/es\/wp-json\/wp\/v2\/pages"}],"about":[{"href":"https:\/\/cpstesters.com\/es\/wp-json\/wp\/v2\/types\/page"}],"author":[{"embeddable":true,"href":"https:\/\/cpstesters.com\/es\/wp-json\/wp\/v2\/users\/4"}],"replies":[{"embeddable":true,"href":"https:\/\/cpstesters.com\/es\/wp-json\/wp\/v2\/comments?post=2924"}],"version-history":[{"count":4,"href":"https:\/\/cpstesters.com\/es\/wp-json\/wp\/v2\/pages\/2924\/revisions"}],"predecessor-version":[{"id":4650,"href":"https:\/\/cpstesters.com\/es\/wp-json\/wp\/v2\/pages\/2924\/revisions\/4650"}],"wp:featuredmedia":[{"embeddable":true,"href":"https:\/\/cpstesters.com\/es\/wp-json\/wp\/v2\/media\/1490"}],"wp:attachment":[{"href":"https:\/\/cpstesters.com\/es\/wp-json\/wp\/v2\/media?parent=2924"}],"curies":[{"name":"wp","href":"https:\/\/api.w.org\/{rel}","templated":true}]}}