{"id":2786,"date":"2024-07-16T14:26:10","date_gmt":"2024-07-16T14:26:10","guid":{"rendered":"https:\/\/cpstesters.com\/prueba-de-pixeles-muertos-comprobador-de-pantalla-lcd\/"},"modified":"2024-09-17T14:25:31","modified_gmt":"2024-09-17T14:25:31","slug":"dead-pixel-test","status":"publish","type":"page","link":"https:\/\/cpstesters.com\/es\/dead-pixel-test\/","title":{"rendered":"Prueba de p\u00edxeles muertos | Comprobador de pantalla LCD"},"content":{"rendered":"\n<p>\u00a1Dead Pixel tester es una prueba en l\u00ednea para averiguar si su pantalla tiene p\u00edxeles muertos o no, utilice la herramienta de abajo para comprobarlo ahora!<\/p>\n<button class=\"computer-screen-button-cta\" id=\"whitescreentestcta\">Click To Start the Dead Pixel Test<\/button>\r\n<div id=\"whitescreenparent\" style=\"background-color:white;\"> <\/div>\r\n\r\n<script> \r\n\t  var elem = document.getElementById(\"whitescreenparent\");\r\n\r\n  function openFullscreen() {\r\n    if (elem.requestFullscreen) {\r\n      elem.requestFullscreen();\r\n    } else if (elem.webkitRequestFullscreen) {\r\n      elem.webkitRequestFullscreen();\r\n    } else if (elem.msRequestFullscreen) {\r\n      elem.msRequestFullscreen();\r\n    }\r\n  }\r\n  document.getElementById(\"whitescreentestcta\").onclick = openFullscreen;\r\n\r\n  function handleFullscreenChange(event) {\r\n    if (!document.fullscreenElement) {}\r\n  }\r\n  elem.onfullscreenchange = handleFullscreenChange;\r\n  var colors = [\"white\", \"black\", \"#FF0000\", \"#00FF00\", \"#0000FF\"],\r\n    index = 0;\r\n  document.getElementById(\"whitescreenparent\").onclick = function() {\r\n    document.getElementById(\"whitescreenparent\").style.backgroundColor = colors[index];\r\n    index = (index + 1) % colors.length;\r\n  }\r\n\r\n<\/script>\n\n<div style=\"height:5px\" aria-hidden=\"true\" class=\"wp-block-spacer\"><\/div>\n\n<h2 class=\"wp-block-heading\">\u00bfQu\u00e9 son los p\u00edxeles muertos?<\/h2>\n\n<p>Los p\u00edxeles muertos no indican realmente que el p\u00edxel est\u00e1 atrapado con color, sino que se vuelven negros y se niegan a mostrar ning\u00fan color, lo que provoca defectos en la imagen o el gr\u00e1fico. Los p\u00edxeles muertos son s\u00f3lo &#8220;puntos&#8221; o grupos de puntos y no coinciden con el color del fondo, por ejemplo, puntos negros presentes en un fondo verde. A la derecha puede ver m\u00e1s ilustraciones.<\/p>\n\n<p>La mayor\u00eda de las veces, no nos damos cuenta de si un solo p\u00edxel est\u00e1 muerto, pero si hay varios p\u00edxeles muertos e impiden que la pantalla sea n\u00edtida y muestre im\u00e1genes agradables, s\u00ed nos damos cuenta.<\/p>\n\n<p>Debes asegurarte de que tus pantallas funcionen a la perfecci\u00f3n si eres redactor de contenidos, como artista, dise\u00f1ador web, dise\u00f1ador gr\u00e1fico, creador de videojuegos, etc. Por lo tanto, debe inspeccionar su pantalla en busca de p\u00edxeles muertos. Un p\u00edxel muerto puede ser frustrante tanto si aparece en el monitor de tu ordenador de sobremesa, port\u00e1til o smartphone.<\/p>\n\n<p>En realidad, los p\u00edxeles muertos son bastante comunes y, en ocasiones, los fabricantes entregan a prop\u00f3sito monitores defectuosos al minorista y los cambian despu\u00e9s de que el cliente se queje. Los da\u00f1os causados por el agua y el envejecimiento del monitor son otras dos causas frecuentes de p\u00edxeles muertos.<\/p>\n\n<h2 class=\"wp-block-heading\">Comprobador de p\u00edxeles muertos<\/h2>\n\n<p>La herramienta de comprobaci\u00f3n de p\u00edxeles muertos que puedes ver m\u00e1s arriba te ayudar\u00e1 a evaluar y localizar los <a href=\"https:\/\/www.makeuseof.com\/dead-pixel-on-monitor\/\" target=\"_blank\" rel=\"noreferrer noopener\">p\u00edxeles muertos<\/a> de tu dispositivo.<\/p>\n\n<p>Utilice nuestra herramienta de comprobaci\u00f3n de p\u00edxeles muertos, que es gratuita y sencilla. Cualquiera que desee buscar p\u00edxeles muertos en las pantallas, independientemente de sus conocimientos t\u00e9cnicos o experiencia, puede realizar la prueba de p\u00edxeles muertos con nuestra herramienta web. La herramienta l es r\u00e1pida, sencilla y f\u00e1cil de usar.<\/p>\n<div class=\"wp-block-image\">\n<figure class=\"aligncenter size-full\"><img loading=\"lazy\" decoding=\"async\" width=\"1000\" height=\"500\" src=\"https:\/\/cpstesters.com\/wp-content\/uploads\/2022\/09\/dead-pixel.jpg\" alt=\"Prueba del p&#xED;xel muerto\" class=\"wp-image-530\" title=\"\" srcset=\"https:\/\/cpstesters.com\/wp-content\/uploads\/2022\/09\/dead-pixel.jpg 1000w, https:\/\/cpstesters.com\/wp-content\/uploads\/2022\/09\/dead-pixel-300x150.jpg 300w, https:\/\/cpstesters.com\/wp-content\/uploads\/2022\/09\/dead-pixel-768x384.jpg 768w\" sizes=\"auto, (max-width: 1000px) 100vw, 1000px\" \/><figcaption class=\"wp-element-caption\">Prueba del p\u00edxel muerto<\/figcaption><\/figure>\n<\/div>\n<p>Todos los dispositivos son compatibles con nuestra herramienta de pruebas. Utilizando cualquiera de nuestras plataformas, puede probar su smartphone, monitor o iPad, y nos aseguraremos de que reciba los datos m\u00e1s fiables posibles.<\/p>\n\n<h2 class=\"wp-block-heading\">\u00bfC\u00f3mo utilizar un comprobador de p\u00edxeles muertos?<\/h2>\n\n<p>Puede utilizar nuestro comprobador de p\u00edxeles muertos para ver si hay p\u00edxeles muertos en la pantalla del dispositivo. S\u00f3lo tiene que seguir las instrucciones que se indican a continuaci\u00f3n para inspeccionar su monitor en busca de p\u00edxeles muertos.<\/p>\n\n<ul class=\"wp-block-list\">\n<li>En primer lugar, limpia las manchas de la pantalla del monitor.<\/li>\n\n\n\n<li>Seleccione el enlace proporcionado.<\/li>\n\n\n\n<li>Seleccione cualquiera de las casillas para iniciar la prueba. Deja que tus ojos se acostumbren a la luminosidad.<\/li>\n\n\n\n<li>Compruebe si en la pantalla de su monitor aparecen &#8220;puntitos&#8221; para determinar si hay p\u00edxeles muertos.<\/li>\n\n\n\n<li>Para pasar al color siguiente, pulsa las flechas del teclado o los botones correspondientes de la pantalla.<\/li>\n\n\n\n<li>Cuando hayas examinado todos los colores y no encuentres ning\u00fan p\u00edxel muerto, puedes salir del juego con la tecla ESC del teclado.<\/li>\n<\/ul>\n\n<p>Tocando suavemente el p\u00edxel atrapado con un pa\u00f1o h\u00famedo o un instrumento puntiagudo pero suave, como la goma de borrar de la punta de un l\u00e1piz, puedes intentar reparar la pantalla muerta.<\/p>\n\n<p>Para que pueda determinar si hay p\u00edxeles muertos, nuestro buscador de p\u00edxeles muertos en l\u00ednea muestra una pantalla completa de todos los colores principales.<\/p>\n\n<h2 class=\"wp-block-heading has-text-align-center\">Preguntas frecuentes<\/h2>\n\n<h3 class=\"wp-block-heading\"><strong>\u00bfCu\u00e1ntos p\u00edxeles muertos son aceptables?<\/strong><\/h3>\n\n<p>Si est\u00e1s comprando un dispositivo nuevo, cualquier p\u00edxel muerto es inaceptable. Sin embargo, es aceptable que algunos aparatos de una determinada marca tengan tres o cuatro p\u00edxeles muertos, pero eso es absolutamente repugnante.<\/p>\n\n<h3 class=\"wp-block-heading\"><strong>\u00bfC\u00f3mo se comprueba si hay p\u00edxeles muertos?<\/strong><\/h3>\n\n<p>Utiliza nuestra herramienta en l\u00ednea para comprobar si hay p\u00edxeles muertos en tu pantalla. Puedes utilizarlo para examinar tu pantalla en busca de p\u00edxeles muertos sin tener que descargar nada. Para realizar la prueba, basta con acceder a Internet y entrar en nuestra p\u00e1gina web.<\/p>\n\n<h3 class=\"wp-block-heading\"><strong>\u00bfSe pueden arreglar los p\u00edxeles muertos?<\/strong><\/h3>\n\n<p>En la mayor\u00eda de los casos, los p\u00edxeles muertos constituyen un problema de hardware que no puede remediarse. Sin embargo, presionar suavemente la zona alrededor de un p\u00edxel muerto puede devolverlo a la vida.<\/p>\n\n<h2 class=\"wp-block-heading\">Palabras finales sobre Dead Pixel Finder<\/h2>\n\n<p>Utilizando nuestra herramienta y siguiendo las instrucciones anteriores, puedes comprobar r\u00e1pidamente si tu pantalla tiene p\u00edxeles muertos. Compruebe primero si hay p\u00edxeles muertos en el dispositivo, pero si encuentra alguno, puede confirmarlo r\u00e1pidamente utilizando nuestra herramienta en l\u00ednea. Tambi\u00e9n disponemos de otras herramientas que le pueden interesar:<\/p>\n\n<ul class=\"wp-block-list\">\n<li><a href=\"https:\/\/cpstesters.com\/es\/prueba-de-pantalla-tactil-en-linea\/\" target=\"_blank\" rel=\"noreferrer noopener\">Prueba de pantalla t\u00e1ctil<\/a><\/li>\n\n\n\n<li><a href=\"https:\/\/cpstesters.com\/es\/apm-test\/\" target=\"_blank\" rel=\"noreferrer noopener\">Prueba APM<\/a><\/li>\n\n\n\n<li><a href=\"https:\/\/cpstesters.com\/es\/contador-de-toques\/\" target=\"_blank\" rel=\"noreferrer noopener\">Contador de grifos<\/a><\/li>\n\n\n\n<li><a href=\"https:\/\/cpstesters.com\/es\/test-de-velocidad-de-grifos\/\" target=\"_blank\" rel=\"noreferrer noopener\">Prueba de velocidad del grifo<\/a><\/li>\n\n\n\n<li><a href=\"https:\/\/cpstesters.com\/es\/apm-test\/\" target=\"_blank\" rel=\"noreferrer noopener\">Prueba APM<\/a><\/li>\n\n\n\n<li><a href=\"https:\/\/cpstesters.com\/es\/aim-trainer\/\" target=\"_blank\" rel=\"noreferrer noopener\">Entrenador de punter\u00eda<\/a><\/li>\n<\/ul>\n","protected":false},"excerpt":{"rendered":"<p>\u00a1Dead Pixel tester es una prueba en l\u00ednea para averiguar si su pantalla tiene p\u00edxeles muertos o no, utilice la herramienta de abajo para comprobarlo &#8230; <\/p>\n<p class=\"read-more-container\"><a title=\"Prueba de p\u00edxeles muertos | Comprobador de pantalla LCD\" class=\"read-more button\" href=\"https:\/\/cpstesters.com\/es\/dead-pixel-test\/#more-2786\" aria-label=\"Leer m\u00e1s sobre Prueba de p\u00edxeles muertos | Comprobador de pantalla LCD\">Read More<\/a><\/p>\n","protected":false},"author":4,"featured_media":1442,"parent":0,"menu_order":0,"comment_status":"closed","ping_status":"closed","template":"","meta":{"footnotes":""},"class_list":["post-2786","page","type-page","status-publish","has-post-thumbnail"],"_links":{"self":[{"href":"https:\/\/cpstesters.com\/es\/wp-json\/wp\/v2\/pages\/2786","targetHints":{"allow":["GET"]}}],"collection":[{"href":"https:\/\/cpstesters.com\/es\/wp-json\/wp\/v2\/pages"}],"about":[{"href":"https:\/\/cpstesters.com\/es\/wp-json\/wp\/v2\/types\/page"}],"author":[{"embeddable":true,"href":"https:\/\/cpstesters.com\/es\/wp-json\/wp\/v2\/users\/4"}],"replies":[{"embeddable":true,"href":"https:\/\/cpstesters.com\/es\/wp-json\/wp\/v2\/comments?post=2786"}],"version-history":[{"count":4,"href":"https:\/\/cpstesters.com\/es\/wp-json\/wp\/v2\/pages\/2786\/revisions"}],"predecessor-version":[{"id":4181,"href":"https:\/\/cpstesters.com\/es\/wp-json\/wp\/v2\/pages\/2786\/revisions\/4181"}],"wp:featuredmedia":[{"embeddable":true,"href":"https:\/\/cpstesters.com\/es\/wp-json\/wp\/v2\/media\/1442"}],"wp:attachment":[{"href":"https:\/\/cpstesters.com\/es\/wp-json\/wp\/v2\/media?parent=2786"}],"curies":[{"name":"wp","href":"https:\/\/api.w.org\/{rel}","templated":true}]}}