{"id":2784,"date":"2024-07-16T14:00:28","date_gmt":"2024-07-16T14:00:28","guid":{"rendered":"https:\/\/cpstesters.com\/prueba-de-doble-clic-comprobador-de-clics-del-raton\/"},"modified":"2024-09-17T14:30:38","modified_gmt":"2024-09-17T14:30:38","slug":"double-click-test","status":"publish","type":"page","link":"https:\/\/cpstesters.com\/es\/double-click-test\/","title":{"rendered":"Prueba de doble clic | Comprobador de clics del rat\u00f3n"},"content":{"rendered":"\n<p>Con esta prueba de doble clic, comprueba si tu rat\u00f3n da dos entradas al mismo tiempo y mejora tu velocidad de clic.<\/p>\n     \r\n<div class=\"row\">\r\n\t<div class=\"col-md-4\">\r\n\r\n\t\t\r\n\t\t\r\n\t\t<div class=\"side_nav\">\r\n            \r\n            \r\n            <ul class=\"time\">\r\n              <li>\r\n            <span data-time=\"1.00\">1 Second Test<\/span>\r\n            <\/li><li>\r\n           <span data-time=\"2.00\">2 Second Test<\/span>\r\n            <\/li><li>\r\n         <span data-time=\"5.00\">5 Second Test<\/span>\r\n            <\/li><li>\r\n\t\t\t<span data-time=\"10.00\">10 Second Test<\/span>\r\n            <\/li><li>\r\n            <span data-time=\"15.00\">15 Second Test<\/span>\r\n            <\/li>\r\n\t\t\t<li>\r\n            <span data-time=\"30.00\">30 Second Test<\/span>\r\n            <\/li>\r\n\t\t\t\t<li>\r\n            <span data-time=\"60.00\">60 Second Test<\/span>\r\n            <\/li>\r\n\t\t\t\t<li>\r\n            <span data-time=\"100.00\">100 Second Test<\/span>\r\n            <\/li>\r\n\t\t\t\r\n\t\t\t<\/ul>\r\n            <\/div>\r\n\t\t\r\n\t\t\r\n\t<\/div>\r\n\t<div class=\"col-md-8\">\r\n\t\t<section class=\"section section--full js-section-full section--click\">\r\n               <div class=\"container\">\r\n\t\t\t\t   \r\n\t\t\t\t         <div class=\"setting\">\r\n    <div class=\"theme-mode\"><a class=\"theme-mode__switch js-switch\" href=\"javascript:void(0);\"><\/a>\r\n        <div class=\"theme-mode__text\">Light \/ Dark mode<\/div>\r\n    <\/div>\r\n<\/div>\r\n\t\t\t\t   \r\n\t\t\t\t   \r\n                  <div class=\"statistics\">\r\n                     <div class=\"statistics__item statistics__item--timer\">\r\n                        <div class=\"statistics__number\">\r\n                           <span class=\"js-time number_timer\">5.00<\/span>\r\n                           <a class=\"statistics__arrow statistics__arrow--up js-time-up\" href=\"javascript:void(0);\">\r\n                              <svg class=\"icon icon-arrow-up \">\r\n                                 <use xlink:href=\"\/wp-content\/themes\/generatepress\/tools\/assets\/img\/spritesvg.svg#arrow-up\"><\/use>\r\n                              <\/svg>\r\n                           <\/a>\r\n                           <a class=\"statistics__arrow statistics__arrow--down js-time-down\" href=\"javascript:void(0);\">\r\n                              <svg class=\"icon icon-arrow-up \">\r\n                                 <use xlink:href=\"\/wp-content\/themes\/generatepress\/tools\/assets\/img\/spritesvg.svg#arrow-up\"><\/use>\r\n                              <\/svg>\r\n                           <\/a>\r\n                        <\/div>\r\n                        <div class=\"statistics__title\">Timer<\/div>\r\n                     <\/div>\r\n                     <div class=\"statistics__item statistics__item--clicks\">\r\n\t\t\t\t\t\t<div class=\"statistics__number number_clicks js-double-click\">0<\/div>\r\n\t\t\t\t\t\t<div class=\"statistics__title\">Double clicks<\/div>\r\n\t\t\t\t\t<\/div>\r\n                     <div class=\"statistics__item statistics__item--score\">\r\n\t\t\t\t\t\t<div class=\"statistics__number number_score js-total-click\">0<\/div>\r\n\t\t\t\t\t\t<div class=\"statistics__title\">Total clicks<\/div>\r\n\t\t\t\t\t<\/div>\r\n                  <\/div>\r\n                  <div class=\"clicks-zone\">\r\n                     <div class=\"clicks-zone__start js-clicks-start\">\r\n                        <svg class=\"icon icon-click \">\r\n                           <use xlink:href=\"\/wp-content\/themes\/generatepress\/tools\/assets\/img\/spritesvg.svg#click\"><\/use>\r\n                        <\/svg>\r\n                        <div class=\"clicks-zone__start-title\">\u0421lick here to start Doube Click test<\/div>\r\n                     <\/div>\r\n                     <div class=\"clicks-zone__clicks js-clicks\"><\/div>\r\n                     <div class=\"clicks-zone__result result-clicks js-clicks-result\">\r\n                         <div class=\"result-clicks__text double__clicks\" data-text=\"Your Result is {clicks} Double clicks in {time} seconds\"><\/div>\r\n\t\t\t\t\t\t\t<a class=\"result-clicks__btn js-try-again\" href=\"javascript:void(0);\">\r\n\t\t\t\t\t\t\t\t<svg class=\"icon icon-again \">\r\n\t\t\t\t\t\t\t\t\t<use xlink:href=\"\/wp-content\/themes\/generatepress\/tools\/assets\/img\/spritesvg.svg#again\"><\/use>\r\n\t\t\t\t\t\t\t\t<\/svg>Restart\r\n\t\t\t\t\t\t\t<\/a>\r\n\r\n                        <div class=\"result-clicks__share\">\r\n                           <div class=\"result-clicks__share-title\">Share your result with friends!<\/div>\r\n                           <div class=\"share-buttons\">\r\n                              <a class=\"share-button facebook\" data-href=\"https:\/\/www.facebook.com\/sharer\/sharer.php?u=https:\/\/cpstesters.com\/\" target=\"_blank\" onclick=\"goclicky(this); return false;\" rel=\"noopener\">Facebook<\/a>\r\n                              <a class=\"share-button twitter\" data-href=\"http:\/\/www.twitter.com\/share?url=https:\/\/cpstesters.com\/&text=[text]\" target=\"_blank\" onclick=\"goclicky(this); return false;\" rel=\"noopener\">Twitter<\/a>\r\n                              <a class=\"share-button whatsapp\" data-href=\"https:\/\/api.whatsapp.com\/send?text=[text]\" target=\"_blank\" onclick=\"goclicky(this); return false;\" rel=\"noopener\">WhatsApp<\/a>\r\n                              <a class=\"share-button reddit\" data-href=\"http:\/\/www.reddit.com\/submit?url=https:\/\/cpstesters.com\/&title=[text]\" target=\"_blank\" onclick=\"goclicky(this); return false;\" rel=\"noopener\">Reddit<\/a>\r\n                           <\/div>\r\n                        <\/div>\r\n                     <\/div>\r\n                  <\/div>\r\n                  <img decoding=\"async\" src=\"\/wp-content\/themes\/generatepress\/tools\/assets\/img\/test_result\/3\/1.png\" style=\"display: none\" alt=\"\" title=\"\">\r\n                  <img decoding=\"async\" src=\"\/wp-content\/themes\/generatepress\/tools\/assets\/img\/test_result\/5\/1.png\" style=\"display: none\" alt=\"\" title=\"\">\r\n                  <img decoding=\"async\" src=\"\/wp-content\/themes\/generatepress\/tools\/assets\/img\/test_result\/1\/1.png\" style=\"display: none\" alt=\"\" title=\"\">\r\n                  <img decoding=\"async\" src=\"\/wp-content\/themes\/generatepress\/tools\/assets\/img\/test_result\/2\/1.png\" style=\"display: none\" alt=\"\" title=\"\">\r\n                  <img decoding=\"async\" src=\"\/wp-content\/themes\/generatepress\/tools\/assets\/img\/test_result\/0\/1.png\" style=\"display: none\" alt=\"\" title=\"\">\r\n                  <img decoding=\"async\" src=\"\/wp-content\/themes\/generatepress\/tools\/assets\/img\/test_result\/6\/1.png\" style=\"display: none\" alt=\"\" title=\"\">\r\n                  <img decoding=\"async\" src=\"\/wp-content\/themes\/generatepress\/tools\/assets\/img\/test_result\/7\/1.png\" style=\"display: none\" alt=\"\" title=\"\">\r\n                  <img decoding=\"async\" src=\"\/wp-content\/themes\/generatepress\/tools\/assets\/img\/test_result\/4\/1.png\" style=\"display: none\" alt=\"\" title=\"\">\r\n                  <script>\r\n                     var test_result = {\"ratings\":{\"min\":0,\"max\":5},\"rating_ranks\":[\"Your Rank is Snail!\",\"Your Rank is Koala!\",\"Your Rank is Turtle!\",\"Your Rank is Panda!\",\"Your Rank is Hare!\",\"Your Rank is Kangaroo!\",\"Your Rank is Panther!\",\"Your Rank is Cheetah!\"],\"cps_scale\":[[0,1],[1,3],[3,5],[5,7],[7,9],[9,10],[10,12],[12,999]],\"files\":{\"3\":[\"\\\/wp-content\\\/themes\\\/generatepress\\\/tools\\\\assets\\\/img\\\/test_result\\\/3\\\/1.png\"],\"5\":[\"\\\/wp-content\\\/themes\\\/generatepress\\\/tools\\\\assets\\\/img\\\/test_result\\\/5\\\/1.png\"],\"1\":[\"\\\/wp-content\\\/themes\\\/generatepress\\\/tools\\\\assets\\\/img\\\/test_result\\\/1\\\/1.png\"],\"2\":[\"\\\/wp-content\\\/themes\\\/generatepress\\\/tools\\\\assets\\\/img\\\/test_result\\\/2\\\/1.png\"],\"0\":[\"\\\/wp-content\\\/themes\\\/generatepress\\\/tools\\\\assets\\\/img\\\/test_result\\\/0\\\/1.png\"],\"6\":[\"\\\/wp-content\\\/themes\\\/generatepress\\\/tools\\\\assets\\\/img\\\/test_result\\\/6\\\/1.png\"],\"7\":[\"\\\/wp-content\\\/themes\\\/generatepress\\\/tools\\\\assets\\\/img\\\/test_result\\\/7\\\/1.png\"],\"4\":[\"\\\/wp-content\\\/themes\\\/generatepress\\\/tools\\\\assets\\\/img\\\/test_result\\\/4\\\/1.png\"]}};\r\n                     var language = {\"code\":\"en\",\"name\":\"English\",\"prefix\":\"\"};\r\n                     var monitoringClickEvent = 'double';\r\n                     var shareTextDefault = 'My Result is {clicks} Double clicks in {time} seconds';\r\n                  <\/script>        \r\n               <\/div>\r\n            <\/section>\r\n\t\t\r\n\t<\/div>\r\n<\/div>\r\n\r\n    <script src=\"\/wp-content\/themes\/generatepress\/tools\/assets\/js\/libs.min.js\"><\/script>\r\n      <script src=\"\/wp-content\/themes\/generatepress\/tools\/assets\/js\/main.min.js?v64\"><\/script>\r\n\n\n<div style=\"height:5px\" aria-hidden=\"true\" class=\"wp-block-spacer\"><\/div>\n\n<h2 class=\"wp-block-heading\">\u00bfQu\u00e9 es la prueba del doble clic?<\/h2>\n\n<p>El doble clic es el proceso de tocar ligeramente el bot\u00f3n principal del rat\u00f3n para registrar varios clics simult\u00e1neamente. El CPS, o clics por segundo, puede aumentarse utilizando esta t\u00e9cnica. En algunos juegos, los clics r\u00e1pidos proporcionan ventaja al jugador.<\/p>\n\n<p>Aunque s\u00f3lo hagas clic una vez con el rat\u00f3n, de vez en cuando puedes notar que hace doble clic. No se preocupe en absoluto si se produce. Hay una forma de entender el problema del doble clic del rat\u00f3n.<\/p>\n\n<h2 class=\"wp-block-heading\">Prueba de doble clic del rat\u00f3n<\/h2>\n\n<p>Uno de los h\u00e1bitos m\u00e1s extendidos entre los usuarios de ordenadores es hacer doble clic con el rat\u00f3n. Puede utilizarse para varias tareas, como abrir carpetas, elegir archivos y seleccionar palabras del texto.<\/p>\n\n<p>Cada vez que <a href=\"https:\/\/www.computerhope.com\/jargon\/d\/doublecl.htm\" target=\"_blank\" rel=\"noreferrer noopener\">haces doble clic<\/a>, si el rat\u00f3n no funciona correctamente, puede resultar molesto y reducir tu productividad. Aseg\u00farate de que el problema que tienes no es consecuencia de hacer doble clic.<\/p>\n\n<p>Puede utilizar un comprobador de clics que realiza un seguimiento de las veces que hace clic, disponible en CPSTesters.com. Hemos desarrollado una sencilla prueba de doble clic que puede utilizar para ver si su rat\u00f3n est\u00e1 roto o no. Para ver exactamente lo que guarda, prueba a hacer clic una y dos veces.<\/p>\n\n<p class=\"has-text-align-center has-base-background-color has-background has-medium-font-size\"><em>Puede que est\u00e9s buscando una prueba completa de clics para mejorar tus clics, \u00a1para eso puedes dirigirte a la p\u00e1gina <a href=\"https:\/\/cpstesters.com\/es\/\" target=\"_blank\" rel=\"noreferrer noopener\">de CPS Tester<\/a>!<\/em><\/p>\n\n<h2 class=\"wp-block-heading\">\u00bfProp\u00f3sito de la prueba de doble clic del rat\u00f3n?<\/h2>\n\n<p>El objetivo principal del comprobador de doble clic es encontrar casos de doble clic. Tienen una zona cuadrada donde los usuarios pueden practicar el doble clic con el rat\u00f3n.<\/p>\n\n<p>Las pruebas especializadas o un m\u00e9todo para determinar si su rat\u00f3n es funcional son las pruebas de rat\u00f3n de doble clic. Las pruebas de doble clic del rat\u00f3n permiten obtener una estimaci\u00f3n de los par\u00e1metros de funcionamiento del rat\u00f3n.<\/p>\n<div class=\"wp-block-image\">\n<figure class=\"aligncenter size-full\"><img loading=\"lazy\" decoding=\"async\" width=\"1000\" height=\"500\" src=\"https:\/\/cpstesters.com\/wp-content\/uploads\/2022\/09\/double-click-test.jpg\" alt=\"Prueba de doble clic\" class=\"wp-image-517\" title=\"\" srcset=\"https:\/\/cpstesters.com\/wp-content\/uploads\/2022\/09\/double-click-test.jpg 1000w, https:\/\/cpstesters.com\/wp-content\/uploads\/2022\/09\/double-click-test-300x150.jpg 300w, https:\/\/cpstesters.com\/wp-content\/uploads\/2022\/09\/double-click-test-768x384.jpg 768w\" sizes=\"auto, (max-width: 1000px) 100vw, 1000px\" \/><figcaption class=\"wp-element-caption\">Prueba de doble clic<\/figcaption><\/figure>\n<\/div>\n<p>Por ejemplo, si est\u00e1s ejecutando un programa que requiere muchos clics y tu rat\u00f3n deja de responder bruscamente a estos comandos, podr\u00eda darte muchos problemas. Puede realizar esta prueba para averiguar si el doble clic de su rat\u00f3n funciona o no.<\/p>\n\n<p>Si la herramienta de prueba de doble clic reconoce un doble clic en cualquier momento, modificar\u00e1 inmediatamente el estado de esa casilla y llevar\u00e1 la cuenta del n\u00famero de dobles clics.<\/p>\n\n<h2 class=\"wp-block-heading\">\u00bfC\u00f3mo utilizar la prueba de doble clic del rat\u00f3n?<\/h2>\n\n<p>Utilizar este comprobador de doble clic del rat\u00f3n es bastante sencillo. Todo lo que tiene que hacer es seguir las instrucciones que figuran a continuaci\u00f3n:<\/p>\n\n<ul class=\"wp-block-list\">\n<li>En la parte superior de esta p\u00e1gina, hay una prueba, s\u00f3lo tienes que mover el rat\u00f3n en el centro primero para empezar a hacer clic.<\/li>\n\n\n\n<li>La almohadilla de clic se ilumina en rojo cuando haces doble clic con el rat\u00f3n, lo que significa que el clic se ha realizado correctamente.<\/li>\n\n\n\n<li>En la parte inferior tambi\u00e9n aparece un temporizador que te indica el tiempo que pasar\u00e1 entre cada clic.<\/li>\n\n\n\n<li>Adem\u00e1s, tiene la opci\u00f3n de seleccionar entre tareas de prueba de velocidad de clic predeterminadas para duraciones de 1 segundo, 2 segundos, 5 segundos, etc.<\/li>\n<\/ul>\n\n<h2 class=\"wp-block-heading\">\u00bfC\u00f3mo funciona esta prueba?<\/h2>\n\n<p>Esta prueba pretende ayudarle a determinar si su ordenador reacciona con normalidad a los dobles clics. La evaluaci\u00f3n es f\u00e1cil: una o ambas teclas del rat\u00f3n pueden no estar reaccionando correctamente si la tecla se vuelve roja despu\u00e9s de unos 80 milisegundos.<\/p>\n\n<p>Seleccione el bot\u00f3n Reiniciar para reiniciar la prueba en cualquier momento desde el principio. Esto le permitir\u00e1 reiniciar poniendo a cero la duraci\u00f3n y el n\u00famero de pulsaciones.<\/p>\n\n<p>Es f\u00e1cil de usar y no requiere conocimientos especializados. Aunque sea la primera vez que utiliza el sistema, comprender\u00e1 r\u00e1pidamente c\u00f3mo completar la prueba.<\/p>\n\n<p>S\u00f3lo requiere unos pocos clics para empezar de alguna manera y se puede configurar en cuesti\u00f3n de segundos. Es la soluci\u00f3n ideal para cualquiera que desee comprobar el rendimiento de su rat\u00f3n de forma fiable. Adem\u00e1s, el dise\u00f1o de la interfaz es claro y sencillo.<\/p>\n\n<h2 class=\"wp-block-heading has-text-align-center\">Preguntas frecuentes<\/h2>\n\n<h3 class=\"wp-block-heading\"><strong>\u00bfC\u00f3mo funciona realmente la prueba del doble clic?<\/strong><\/h3>\n\n<p>Es posible que en algunas de las pruebas de doble clic aparezcan varias casillas etiquetadas como Derecha, Izquierda y Centro. Cada una de estas casillas lleva la cuenta de varios clics del rat\u00f3n por separado. Cada vez que la aplicaci\u00f3n 2x click test identifique un doble clic, cambiar\u00e1 inmediatamente el estado del cuadro lateral y llevar\u00e1 la cuenta del n\u00famero total de dobles clics.<\/p>\n\n<h3 class=\"wp-block-heading\"><strong>\u00bfC\u00f3mo puedo ajustar la velocidad de los dobles clics del rat\u00f3n?<\/strong><\/h3>\n\n<p>Si eliges Rat\u00f3n en el panel de control, podr\u00e1s modificar la frecuencia de tu rat\u00f3n. El bot\u00f3n Velocidad se encuentra seleccionando la pesta\u00f1a Botones. Aparecer\u00e1 una ventana con un indicador de la velocidad del cursor. Para acelerar o ralentizar el rat\u00f3n, mu\u00e9velo hacia la derecha o hacia la izquierda.<\/p>\n\n<h2 class=\"wp-block-heading\">Palabras finales sobre Double Click Tester<\/h2>\n\n<p>Nuestras herramientas de prueba de doble clic del rat\u00f3n le ofrecen una comprensi\u00f3n situacional del funcionamiento del rat\u00f3n. Aseg\u00farate de comprobar peri\u00f3dicamente si el rat\u00f3n hace doble clic, a menos que quieras esperar a que te abandone durante una sesi\u00f3n de trabajo o un partido cruciales.<\/p>\n\n<p>Otras herramientas:<\/p>\n\n<ul class=\"wp-block-list\">\n<li><a href=\"https:\/\/cpstesters.com\/es\/contador-de-toques\/\" target=\"_blank\" rel=\"noreferrer noopener\">Contador de grifos<\/a><\/li>\n\n\n\n<li><a href=\"https:\/\/cpstesters.com\/es\/mouse-test\/\" target=\"_blank\" rel=\"noreferrer noopener\">Prueba con ratones<\/a><\/li>\n\n\n\n<li><a href=\"https:\/\/cpstesters.com\/es\/prueba-de-desplazamiento-del-raton\/\" target=\"_blank\" rel=\"noreferrer noopener\">Prueba de desplazamiento del rat\u00f3n<\/a><\/li>\n\n\n\n<li><a href=\"https:\/\/cpstesters.com\/es\/mouse-rate-checker\/\" target=\"_blank\" rel=\"noreferrer noopener\">Rat\u00f3n Rate Checker<\/a><\/li>\n\n\n\n<li><a href=\"https:\/\/cpstesters.com\/es\/apm-test\/\" target=\"_blank\" rel=\"noreferrer noopener\">Prueba APM<\/a><\/li>\n\n\n\n<li><a href=\"https:\/\/cpstesters.com\/es\/aim-trainer\/\" target=\"_blank\" rel=\"noreferrer noopener\">Entrenador de punter\u00eda<\/a><\/li>\n<\/ul>\n","protected":false},"excerpt":{"rendered":"<p>Con esta prueba de doble clic, comprueba si tu rat\u00f3n da dos entradas al mismo tiempo y mejora tu velocidad de clic. \u00bfQu\u00e9 es la &#8230; <\/p>\n<p class=\"read-more-container\"><a title=\"Prueba de doble clic | Comprobador de clics del rat\u00f3n\" class=\"read-more button\" href=\"https:\/\/cpstesters.com\/es\/double-click-test\/#more-2784\" aria-label=\"Leer m\u00e1s sobre Prueba de doble clic | Comprobador de clics del rat\u00f3n\">Read More<\/a><\/p>\n","protected":false},"author":4,"featured_media":1394,"parent":0,"menu_order":0,"comment_status":"closed","ping_status":"closed","template":"","meta":{"footnotes":""},"class_list":["post-2784","page","type-page","status-publish","has-post-thumbnail"],"_links":{"self":[{"href":"https:\/\/cpstesters.com\/es\/wp-json\/wp\/v2\/pages\/2784","targetHints":{"allow":["GET"]}}],"collection":[{"href":"https:\/\/cpstesters.com\/es\/wp-json\/wp\/v2\/pages"}],"about":[{"href":"https:\/\/cpstesters.com\/es\/wp-json\/wp\/v2\/types\/page"}],"author":[{"embeddable":true,"href":"https:\/\/cpstesters.com\/es\/wp-json\/wp\/v2\/users\/4"}],"replies":[{"embeddable":true,"href":"https:\/\/cpstesters.com\/es\/wp-json\/wp\/v2\/comments?post=2784"}],"version-history":[{"count":4,"href":"https:\/\/cpstesters.com\/es\/wp-json\/wp\/v2\/pages\/2784\/revisions"}],"predecessor-version":[{"id":4196,"href":"https:\/\/cpstesters.com\/es\/wp-json\/wp\/v2\/pages\/2784\/revisions\/4196"}],"wp:featuredmedia":[{"embeddable":true,"href":"https:\/\/cpstesters.com\/es\/wp-json\/wp\/v2\/media\/1394"}],"wp:attachment":[{"href":"https:\/\/cpstesters.com\/es\/wp-json\/wp\/v2\/media?parent=2784"}],"curies":[{"name":"wp","href":"https:\/\/api.w.org\/{rel}","templated":true}]}}