{"id":2597,"date":"2024-07-16T14:43:41","date_gmt":"2024-07-16T14:43:41","guid":{"rendered":"https:\/\/cpstesters.com\/aim-booster-mejor-probador-para-mejorar-la-punteria-en-linea\/"},"modified":"2024-09-17T09:50:00","modified_gmt":"2024-09-17T09:50:00","slug":"aim-trainer","status":"publish","type":"page","link":"https:\/\/cpstesters.com\/es\/aim-trainer\/","title":{"rendered":"Potenciador de punter\u00eda | Mejor probador para mejorar la punter\u00eda en l\u00ednea"},"content":{"rendered":"\n<p>Aim Trainer es un probador en l\u00ednea que te ayudar\u00e1 a mejorar tu punter\u00eda en los juegos profesionales, \u00a1pru\u00e9balo e intenta conseguir la m\u00e1xima puntuaci\u00f3n posible!<\/p>\n\n\n<div class=\"aim-container\">\r\n      <div>\r\n        <div class=\"highscore-info\">Highscore: <span class=\"current-highscore\"><\/span><\/div>\r\n        <div class=\"info\">\r\n            <div class=\"score-bar\"><i class=\"im im-target\"><\/i> <span style=\"color:white\" class=\"score\">0<\/span><\/div>\r\n            <div class=\"health-bar\"><i class=\"im im-heart small\"><\/i> <span class=\"health\">0<\/span><\/div>\r\n            <div class=\"time-bar\"><\/i><i class=\"im im-timer small\"><\/i> <span class=\"time\">0<\/span><\/div>\r\n        <\/div>\r\n      <\/div>\r\n      <div class=\"board\"><\/div>\r\n      <div class=\"gameover modal\">\r\n        <div class=\"gameover-content\">\r\n          <p class=\"aim-header\">GAMEOVER<\/p>\r\n          <p class=\"highscore\"><\/p>\r\n          <p><i class=\"im im-target small\"><\/i>Score :&nbsp;<span class=\"score\">0<\/span><\/p>\r\n          <p><i class=\"im im-timer small\"><\/i>Time :&nbsp;<span class=\"time\">0<\/span><\/p>\r\n          <button class=\"restart-btn\">Restart<\/button>\r\n        <\/div>\r\n      <\/div>\r\n      <button style=\"color:white\" class=\"start-btn\">Start<\/button>\r\n<\/div>\r\n\r\n\r\n\r\n   \r\n<script type=\"text\/javascript\">\r\n    var keyboard_code = 'english';\r\n    var keyboard_settings = {\"layout\":{\"default\":[\"` 1 2 3 4 5 6 7 8 9 0 - = {backspace}\",\"{tab} q w e r t y u i o p [ ] \\\\\",\"{capslock} a s d f g h j k l ; ' {enter}\",\"{shiftleft} z x c v b n m , . \\\/ {shiftright}\",\".com @ {space}\"],\"shift\":[\"` 1 2 3 4 5 6 7 8 9 0 - = {backspace}\",\"{tab} q w e r t y u i o p [ ] \\\\\",\"{capslock} a s d f g h j k l ; ' {enter}\",\"{shiftleft} z x c v b n m , . \\\/ {shiftright}\",\".com @ {space}\"]},\"display\":{\"{escape}\":\"esc\",\"{tab}\":\"tab\",\"{backspace}\":\"backspace\",\"{enter}\":\"< enter\",\"{capslock}\":\"caps\",\"{shiftleft}\":\"shift\",\"{shiftright}\":\"shift\",\"{controlleft}\":\"ctrl\",\"{controlright}\":\"ctrl\",\"{altleft}\":\"alt\",\"{altright}\":\"alt\",\"{metaleft}\":\"cmd\",\"{metaright}\":\"cmd\",\"{space}\":\" \"}};\r\n    var keyboard_is_tester = true;\r\n\t                     var monitoringClickEvent = 'left';\r\n\r\n<\/script>\r\n\r\n<script src=\"\/wp-content\/themes\/generatepress\/tools\/assets\/js\/aim.js?v=9\"><\/script>\r\n\n\n\n\n<p><\/p>\n\n\n\n<p>Mejorar su punter\u00eda es un m\u00e9todo sencillo para diferenciarse de la competencia. Esta gu\u00eda le ayudar\u00e1 a iniciar el camino hacia el dominio de la punter\u00eda, le explicar\u00e1 por qu\u00e9 debe conseguir un potenciador de punter\u00eda y le dar\u00e1 acceso a los recursos que pueda necesitar a lo largo del proceso.<\/p>\n\n\n\n<p>El potenciador de punter\u00eda te ser\u00e1 \u00fatil, incluso si est\u00e1s m\u00e1s cerca de un nivel principiante, esta instrucci\u00f3n es ideal para ti. Hablar\u00e9 de las ventajas de los entrenadores de punter\u00eda y de algunos malentendidos generalizados en la comunidad local.<\/p>\n\n\n\n<p>Es dif\u00edcil apuntar como tirador. Debe ser capaz de apretar r\u00e1pidamente el gatillo en respuesta al movimiento del adversario. Antes de usar tus habilidades en el campo de batalla, debes practicar esta habilidad.<\/p>\n\n\n<div class=\"wp-block-image\">\n<figure class=\"aligncenter size-full\"><img loading=\"lazy\" decoding=\"async\" width=\"1000\" height=\"500\" src=\"https:\/\/cpstesters.com\/wp-content\/uploads\/2022\/08\/Aim_Trainer.jpg\" alt=\"Entrenador de punter\u00eda\" class=\"wp-image-429\" title=\"\" srcset=\"https:\/\/cpstesters.com\/wp-content\/uploads\/2022\/08\/Aim_Trainer.jpg 1000w, https:\/\/cpstesters.com\/wp-content\/uploads\/2022\/08\/Aim_Trainer-300x150.jpg 300w, https:\/\/cpstesters.com\/wp-content\/uploads\/2022\/08\/Aim_Trainer-768x384.jpg 768w\" sizes=\"auto, (max-width: 1000px) 100vw, 1000px\" \/><figcaption class=\"wp-element-caption\">Entrenador de punter\u00eda<\/figcaption><\/figure>\n<\/div>\n\n\n<h2 class=\"wp-block-heading\">\u00bfQu\u00e9 es el objetivo del juego?<\/h2>\n\n\n\n<p>Para ser m\u00e1s precisos, intentamos definir el t\u00e9rmino &#8220;objetivo virtual&#8221;. Podemos manipular un medio para apuntar con una ret\u00edcula de rat\u00f3n (o puntero) a un objetivo utilizando la punter\u00eda virtual. Dicho de otro modo, se refiere a nuestra capacidad para controlar nuestro perif\u00e9rico, el rat\u00f3n.<\/p>\n\n\n\n<p>Tambi\u00e9n hay que indicar los subcomponentes del objetivo virtual. Este art\u00edculo se centrar\u00e1 en aim, un motor de juego, sobre todo para jugadores de PC. He aqu\u00ed nuestra definici\u00f3n m\u00e1s reciente (V1) de los subcomponentes del objetivo virtual.<\/p>\n\n\n\n<h2 class=\"wp-block-heading\">\u00bfQu\u00e9 es el entrenamiento de punter\u00eda?<\/h2>\n\n\n\n<p>Al poner a prueba el tiempo de reacci\u00f3n, la velocidad y la movilidad, el entrenamiento de punter\u00eda mejora los reflejos y ense\u00f1a trucos m\u00e1s complejos, como los tiros con efecto y el seguimiento del adversario.<\/p>\n\n\n\n<p>Los entrenadores de punter\u00eda en l\u00ednea pueden ayudarle a iniciar su entrenamiento de punter\u00eda. Las aplicaciones conocidas como &#8220;entrenadores de punter\u00eda&#8221; se han creado espec\u00edficamente para ayudar a los jugadores de shooters en primera persona a dominar las t\u00e9cnicas b\u00e1sicas de disparo, seguimiento y punter\u00eda.<\/p>\n\n\n\n<h2 class=\"wp-block-heading\">\u00bfQu\u00e9 son los formadores de objetivos?<\/h2>\n\n\n\n<p>Los jugadores pueden practicar su punter\u00eda en el momento oportuno con acciones y ruidos realistas utilizando el entrenador de punter\u00eda. El c\u00f3rtex puede procesar la informaci\u00f3n m\u00e1s r\u00e1pidamente de lo que la mente es capaz de registrar conscientemente. El aspecto m\u00e1s crucial de un videojuego es la punter\u00eda, ya que determina tu rendimiento. Tambi\u00e9n puede comprobar la <a href=\"https:\/\/www.youtube.com\/watch?v=ZKdrh7qZ4wg\" target=\"_blank\" rel=\"noreferrer noopener\">eficacia de los entrenadores de punter\u00eda<\/a> en este v\u00eddeo.<\/p>\n\n\n\n<p>Proporciona a los jugadores control sobre los movimientos del cuerpo y la cabeza de su avatar, y mejorar\u00e1 su punter\u00eda. Puede entrenar su mente para que sea m\u00e1s h\u00e1bil a la hora de acertar r\u00e1pidamente en los objetivos utilizando probadores de punter\u00eda. Le ayudar\u00e1n a acostumbrarse al ritmo y al patr\u00f3n de tiro, as\u00ed como a la velocidad y movilidad de un blanco.<\/p>\n\n\n\n<h2 class=\"wp-block-heading\">\u00bfAyudan realmente los entrenadores de punter\u00eda?<\/h2>\n\n\n\n<p>El uso de un entrenador de punter\u00eda durante el entrenamiento le ayuda a mejorar los movimientos, la punter\u00eda, el control, el disparo (tiempo de clic) y la precisi\u00f3n.<\/p>\n\n\n\n<p>Los entrenadores de punter\u00eda tambi\u00e9n pueden ayudarle a determinar la sensibilidad o los ppp ideales del rat\u00f3n. Tanto la punter\u00eda como el movimiento del rat\u00f3n se ven muy influidos por el cambio de la configuraci\u00f3n del rat\u00f3n.<\/p>\n\n\n\n<p>Tus m\u00fasculos empiezan a reaccionar a los movimientos si practicas un juego de punter\u00eda durante aproximadamente una hora; \u00a1a esto se le llama memoria muscular! Aprendes y te desarrollas m\u00e1s eficazmente con la ayuda de la memoria muscular. Tu percepci\u00f3n de la precisi\u00f3n y la anticipaci\u00f3n de movimientos mejora, lo que mejora tu experiencia de juego.<\/p>\n\n\n\n<p>Puedes jugar con tus amigos utilizando un entrenador de punter\u00eda. Cuando sientes rivalidad, est\u00e1s m\u00e1s motivado para mejorar tus habilidades. Es una de las cosas que te inspiran a practicar la superaci\u00f3n personal.<\/p>\n\n\n\n<p class=\"has-text-align-center has-background has-medium-font-size\" style=\"background-color:#ffb15e\">Antes de mejorar su punter\u00eda, pruebe tambi\u00e9n <a href=\"https:\/\/cpstesters.com\/es\/\" target=\"_blank\" rel=\"noreferrer noopener\">el test CPS<\/a><\/p>\n\n\n\n<h2 class=\"wp-block-heading\">Entrenador de punter\u00eda 3D<\/h2>\n\n\n\n<p>Se puede acceder a este programa directamente desde el escritorio y no tiene publicidad. Tambi\u00e9n es accesible en Android, beta e iOS. Cada participante puede prepararse para los partidos de competici\u00f3n con el entrenador de punter\u00eda 3D.<\/p>\n\n\n\n<p>Para algunos de los juegos de disparos en primera persona m\u00e1s populares, como Call of Duty, Counterstrike GO y otros, este programa ofrece varios ejercicios e instrucciones.<\/p>\n\n\n\n<p>Adem\u00e1s, cuenta con una gran selecci\u00f3n de listas de reproducci\u00f3n que permiten a cada jugador relajarse antes de entrar en una situaci\u00f3n competitiva. En la versi\u00f3n multijugador del entrenador de punter\u00eda 3D, puedes competir con otros para ver lo precisa que es tu pr\u00e1ctica de punter\u00eda.<\/p>\n\n\n\n<p>Puedes utilizar esta aplicaci\u00f3n para prepararte para obtener mejores resultados tanto si juegas a videojuegos en un ordenador como en un dispositivo m\u00f3vil.<\/p>\n\n\n\n<h2 class=\"wp-block-heading\">\u00bfPor qu\u00e9 alguien recomendar\u00eda Aim Training?<\/h2>\n\n\n\n<p>Un jugador de FPS puede utilizar un potenciador de punter\u00eda para mejorar su mec\u00e1nica de punter\u00eda, del mismo modo que un atleta profesional puede concentrarse en grupos musculares espec\u00edficos y hacer que su deporte sea m\u00e1s sencillo. Entrenar la punter\u00eda siempre es una buena idea. Esta ser\u00e1 una estrategia sencilla para comenzar y desarrollar su objetivo.<\/p>\n\n\n\n<p>Se aconseja el uso de entrenadores de punter\u00eda en las dos circunstancias siguientes:<\/p>\n\n\n\n<ol style=\"list-style-type:1\" class=\"wp-block-list\">\n<li>Eres nuevo en los shooters en primera persona basados en ordenador.<\/li>\n<\/ol>\n\n\n\n<p>Deber\u00edas dedicar una cantidad de tiempo considerable a jugar al juego que te interesa, aunque perfeccionar tus habilidades relacionadas con la punter\u00eda es clave porque puede que no tengas las otras habilidades necesarias.<\/p>\n\n\n\n<p>  2. Con la pr\u00e1ctica en solitario, quieres mejorar tus objetivos con respecto al juego que practicas.<\/p>\n\n\n<div class=\"wp-block-image\">\n<figure class=\"aligncenter size-full\"><img loading=\"lazy\" decoding=\"async\" width=\"1000\" height=\"500\" src=\"https:\/\/cpstesters.com\/wp-content\/uploads\/2022\/08\/aim_mid.jpg\" alt=\"Gu\u00eda de formaci\u00f3n Aim\" class=\"wp-image-428\" title=\"\" srcset=\"https:\/\/cpstesters.com\/wp-content\/uploads\/2022\/08\/aim_mid.jpg 1000w, https:\/\/cpstesters.com\/wp-content\/uploads\/2022\/08\/aim_mid-300x150.jpg 300w, https:\/\/cpstesters.com\/wp-content\/uploads\/2022\/08\/aim_mid-768x384.jpg 768w\" sizes=\"auto, (max-width: 1000px) 100vw, 1000px\" \/><figcaption class=\"wp-element-caption\">Gu\u00eda de formaci\u00f3n Aim<\/figcaption><\/figure>\n<\/div>\n\n\n<h2 class=\"wp-block-heading\">\u00bfQu\u00e9 hace que el software Aim Training sea &#8220;bueno&#8221;?<\/h2>\n\n\n\n<p>Un buen software de entrenamiento de punter\u00eda le ofrecer\u00e1 diversas dificultades. Un simulacro que te supera constantemente o te lanza cosas a velocidades sobrehumanas puede servirte de ventaja. Empiezas a confiar m\u00e1s en tu instinto y menos en tus recuerdos. Tu cerebro y tus m\u00fasculos se entrenan para reaccionar sin pensar mediante un impecable entrenador de FPS.<\/p>\n\n\n\n<p>Es ventajoso practicar utilizando simulaciones que probablemente no est\u00e9n presentes en juegos como Call of Duty (COD) si te est\u00e1s preparando para ellos. En comparaci\u00f3n con otros juegos, incluyendo Destiny u Overwatch, COD tiende a centrarse en el &#8220;realismo.&#8221;<\/p>\n\n\n\n<h2 class=\"wp-block-heading\">\u00bfC\u00f3mo funciona Aim Trainer?<\/h2>\n\n\n\n<p>Pasar horas jugando a juegos de disparos en primera persona no te ayudar\u00e1 a mejorar tu punter\u00eda.<\/p>\n\n\n\n<ul class=\"wp-block-list\">\n<li>Casi nunca tienes suficiente pr\u00e1ctica de tiro antes de una pelea.<\/li>\n\n\n\n<li>No tienes la oportunidad de establecer una base para el desarrollo de habilidades.<\/li>\n<\/ul>\n\n\n\n<p>Punter\u00eda Su pensamiento, sus habilidades motoras y su punter\u00eda mejorar\u00e1n en una atm\u00f3sfera dirigida en la que podr\u00e1 aislar cada mecanismo de punter\u00eda para un entrenamiento m\u00e1s eficaz.<\/p>\n\n\n\n<p>Lo que puedes conseguir en el juego moliendo incansablemente, puedes conseguirlo aqu\u00ed en cuesti\u00f3n de horas.<\/p>\n\n\n\n<p>Obtendr\u00e1 un enfoque de entrenamiento directo y orientado a los objetivos, al tiempo que desarrolla una memoria muscular que se integra de forma natural en su juego, donde las mejoras s\u00f3lidas en la punter\u00eda se traducen en resultados ganadores.<\/p>\n\n\n\n<h2 class=\"wp-block-heading\">\u00bfPor qu\u00e9 necesitas un Aim Trainer?<\/h2>\n\n\n\n<p>El entrenamiento de punter\u00eda es como la experiencia del gimnasio. En KovaaK y Aim Lab, los usuarios pueden aislar tipos de punter\u00eda espec\u00edficos del mismo modo que se a\u00edslan m\u00fasculos espec\u00edficos durante un r\u00e9gimen de entrenamiento. Uno obtiene lo que pone en la mayor\u00eda de las cosas de la vida, y cuando empiece su viaje, muchas cosas le quedar\u00e1n muy claras.<\/p>\n\n\n\n<p>Puesto que un entrenador de punter\u00eda se\u00f1alar\u00e1 tus deficiencias independientemente de tu nivel de habilidad, para algunas personas puede resultar incluso aterrador.<\/p>\n\n\n\n<p>Siguiendo con la analog\u00eda del gimnasio, es vital tener en cuenta cuestiones como el exceso de trabajo o jugar hasta que los beneficios empiecen a menguar. Un entrenamiento insuficiente ser\u00eda an\u00e1logo a descuidar una debilidad de la que se es consciente.<\/p>\n\n\n\n<p>Saber que est\u00e1 bien es vital porque un entrenador de punter\u00eda se\u00f1alar\u00e1 tus puntos d\u00e9biles. No se puede entrar en un gimnasio y levantar 450 libras por primera vez; hay que empezar por alg\u00fan sitio. Est\u00e1 bien si usted debe comenzar con 10 libras y trabajar con esa cantidad durante una semana antes de aumentar el peso.<\/p>\n\n\n\n<h2 class=\"wp-block-heading\">\u00bfC\u00f3mo mejorar tu punter\u00eda en los FPS?<\/h2>\n\n\n\n<p>En los juegos de disparos en primera persona, puede resultar atractivo seguir jugando y esperar mejorar, pero hay ocasiones en las que lo mejor es volver a lo b\u00e1sico.<\/p>\n\n\n\n<p>Aunque no necesites practicar a diario o tomarte tus habilidades tan a fondo como los profesionales, puedes aprender mucho de ellos. He aqu\u00ed algunos consejos para ajustar nuestra configuraci\u00f3n de juego, algunos ejercicios \u00fatiles para realizar y el equipo ideal para mejorar nuestro entrenamiento de punter\u00eda.<\/p>\n\n\n\n<h3 class=\"wp-block-heading\"><strong>Equiparse bien<\/strong><\/h3>\n\n\n\n<p>La alfombrilla y el rat\u00f3n son las dos piezas m\u00e1s importantes para apuntar con precisi\u00f3n. Afortunadamente, el sistema de sensores para ratones ha avanzado, lo que permite adquirir un roedor fiable sin gastar una fortuna. La capacidad de PPP, el tama\u00f1o y la disposici\u00f3n de los botones son algunos de los aspectos que hay que tener en cuenta al comprar el mejor rat\u00f3n para juegos.<\/p>\n\n\n\n<p>Consigue la alfombrilla de rat\u00f3n m\u00e1s grande que quepa en tu escritorio, ya que no querr\u00e1s coger el rat\u00f3n durante un tiroteo. La siguiente en la lista deber\u00eda ser una alfombrilla c\u00f3moda. Para mover el rat\u00f3n, los jugadores que utilizan configuraciones de PPP muy bajas deben realizar movimientos de la mano mucho m\u00e1s grandes.<\/p>\n\n\n\n<h3 class=\"wp-block-heading\"><strong>Estrategias y comprensi\u00f3n del juego<\/strong><\/h3>\n\n\n\n<p>Las dos t\u00e9cnicas m\u00e1s populares para apuntar son los tiros de seguimiento y los tiros r\u00e1pidos. El seguimiento es un rasgo cr\u00edtico para los personajes DPS que utilizan armas autom\u00e1ticas, ya que incluye mantener la ret\u00edcula sobre el adversario y moverse con \u00e9l.<\/p>\n\n\n\n<p>En el caso de las armas de un solo disparo, como los francotiradores y McCree de Overwatch, se utilizan los disparos r\u00e1pidos, que consisten en mover la mira hacia el objetivo antes de volver a una posici\u00f3n estable.<\/p>\n\n\n\n<p>Independientemente del tipo de personaje con el que juegues, apunta con la mira hacia donde preveas encontrarte con un adversario. Es importante anticiparse a los movimientos del adversario, y lo har\u00e1s mejor a medida que juegues con m\u00e1s frecuencia. Es m\u00e1s probable que pierdas tu objetivo si debes responder al principio de la batalla.<\/p>\n\n\n\n<p>Trabajar la punter\u00eda en tu juego preferido es una t\u00e1ctica mejor. Para la supervisi\u00f3n, coloque el punto de mira en un lugar determinado antes de empezar a moverse. Mant\u00e9n la mira en un punto determinado mientras te desplazas e imitas movimientos de combate.<\/p>\n\n\n\n<h2 class=\"wp-block-heading\">Principales ventajas del software de formaci\u00f3n Aim<\/h2>\n\n\n\n<p>Las ventajas de emplear entrenadores de punter\u00eda son las siguientes:<\/p>\n\n\n\n<h3 class=\"wp-block-heading\"><strong>An\u00e1lisis r\u00e1pido y eficaz<\/strong><\/h3>\n\n\n\n<p>Los jugadores pueden perfeccionar su punter\u00eda en partidas en tiempo real con movimientos y ruidos reales utilizando un entrenador de punter\u00eda. El procesamiento de la informaci\u00f3n que nuestra mente puede percibir activamente est\u00e1 controlado por la eficiencia cortical.<\/p>\n\n\n\n<p>Cualquier otro juego de disparos en primera persona requiere una punter\u00eda precisa, ya que \u00e9sta es la habilidad principal que determina lo bueno que es un jugador. Si tienes problemas para apuntar, \u00a1consigue un entrenador de punter\u00eda de inmediato! La t\u00e9cnica m\u00e1s eficaz para entrenar el cerebro a fin de que sea m\u00e1s diestro en el tiro al blanco es utilizar entrenadores de punter\u00eda.<\/p>\n\n\n\n<p>Un jugador puede desarrollar una respuesta de memoria muscular a la posici\u00f3n inicial de un objetivo, la velocidad, la secuencia de tiro (sincronizaci\u00f3n de clics) y el ritmo con el uso de estas t\u00e9cnicas.<\/p>\n\n\n\n<h3 class=\"wp-block-heading\"><strong>Entrenamiento en el juego<\/strong><\/h3>\n\n\n\n<p>En los \u00faltimos a\u00f1os, el uso de la formaci\u00f3n con simulaci\u00f3n ha aumentado exponencialmente. Si quieres practicar tus t\u00e9cnicas de punter\u00eda para jugar de forma competitiva, acude a las zonas de entrenamiento para realizar intensas sesiones de entrenamiento.<\/p>\n\n\n\n<p>Despu\u00e9s de todo, la prominencia de su objetivo determina completamente la eficacia de su entrenamiento de punter\u00eda. Los principios de un juego a veces se entienden mejor mediante el entrenamiento en el juego, y el entrenamiento constante de la punter\u00eda mejora tu punter\u00eda en los fps.<\/p>\n\n\n\n<p>Adem\u00e1s, es bien sabido que nuestro cerebro puede distinguir entre un disparo falso y uno real.<\/p>\n\n\n\n<p>Un entrenador de punter\u00eda 3D animar\u00e1 los entrenamientos diarios permiti\u00e9ndole practicar sus t\u00e9cnicas de tiro y punter\u00eda en un entorno seguro y regulado.<\/p>\n\n\n\n<h2 class=\"wp-block-heading has-text-align-center\">Preguntas frecuentes<\/h2>\n\n\n\n<h3 class=\"wp-block-heading\"><strong>\u00bfQu\u00e9 es una prueba de punter\u00eda?<\/strong><\/h3>\n\n\n\n<p>Es un tutorial online creado para gamers que juegan a juegos como Fortnite o Counterstrike, por ejemplo. La idea de las pruebas de punter\u00eda es sencilla: puedes entrenarte con ellas para aumentar tanto tu porcentaje de tiro como tu velocidad de disparo.<\/p>\n\n\n\n<h3 class=\"wp-block-heading\"><strong>\u00bfC\u00f3mo funcionan los entrenadores de punter\u00eda?<\/strong><\/h3>\n\n\n\n<p>El uso de un entrenador de punter\u00eda durante el entrenamiento ayuda a mejorar los movimientos, la punter\u00eda, el control, el disparo (tiempo de clic) y la precisi\u00f3n. Los m\u00fasculos empiezan a reaccionar a los movimientos despu\u00e9s de jugar un partido de entrenamiento de punter\u00eda, lo que se conoce como memoria muscular.<\/p>\n\n\n\n<h3 class=\"wp-block-heading\"><strong>\u00bfQu\u00e9 ocurre cuando realizamos sistem\u00e1ticamente el entrenamiento virtual Aim Training?<\/strong><\/h3>\n\n\n\n<p>El sistema nervioso es uno de los sistemas clave de nuestro organismo que responde al entrenamiento virtual. Las modificaciones y avances m\u00e1s beneficiosos que observamos en nuestro objetivo incluyen adaptaciones cerebrales.<\/p>\n\n\n\n<h3 class=\"wp-block-heading\"><strong>\u00bfC\u00f3mo puedo mejorar mi punter\u00eda?<\/strong><\/h3>\n\n\n\n<p>Cualquier habilidad puede aprenderse y mejorarse con la repetici\u00f3n constante. Esto tambi\u00e9n es preciso cuando se trata de afinar la punter\u00eda. El n\u00famero de neuronas activas en esas conexiones, y no el n\u00famero de nuevas conexiones neurol\u00f3gicas formadas por cada nueva habilidad que aprendas, definir\u00e1 tu grado de destreza.<\/p>\n\n\n\n<h2 class=\"wp-block-heading\">Prueba de punter\u00eda<\/h2>\n\n\n\n<p>Al leer este ensayo, usted debe tener ahora una comprensi\u00f3n b\u00e1sica de c\u00f3mo un entrenador de punter\u00eda le ayuda a perfeccionar sus habilidades de tiro en primera persona. Y esta es una elecci\u00f3n perfecta si buscabas estrategias para afinar tu punter\u00eda que fueran a la vez duras y divertidas.<\/p>\n\n\n\n<p>La t\u00e9cnica de afinar la punter\u00eda de su pistola para mejorar su precisi\u00f3n, estabilidad y velocidad se conoce como entrenamiento de punter\u00eda. El uso de un entrenador de punter\u00eda facilita la mejora del sentido del juego porque refuerza la memoria muscular y ense\u00f1a al cerebro. Los principiantes suelen tener problemas para resolverlos, as\u00ed que pida ya su entrenador de punter\u00eda si est\u00e1 listo para practicar.<\/p>\n\n\n\n<p>Tambi\u00e9n disponemos de otras herramientas:<\/p>\n\n\n\n<ul class=\"wp-block-list\">\n<li><a href=\"https:\/\/cpstesters.com\/es\/drag-click-test\/\" target=\"_blank\" rel=\"noreferrer noopener\">Prueba de arrastre y clic<\/a><\/li>\n\n\n\n<li><a href=\"https:\/\/cpstesters.com\/es\/mouse-test\/\" target=\"_blank\" rel=\"noreferrer noopener\">Prueba con ratones<\/a><\/li>\n\n\n\n<li><a href=\"https:\/\/cpstesters.com\/es\/prueba-de-desplazamiento-del-raton\/\" target=\"_blank\" rel=\"noreferrer noopener\">Prueba de desplazamiento del rat\u00f3n<\/a><\/li>\n\n\n\n<li><a href=\"https:\/\/cpstesters.com\/es\/mouse-rate-checker\/\" target=\"_blank\" rel=\"noreferrer noopener\">Rat\u00f3n Rate Checker<\/a><\/li>\n\n\n\n<li><a href=\"https:\/\/cpstesters.com\/es\/prueba-de-latencia-del-raton\/\" target=\"_blank\" rel=\"noreferrer noopener\">Prueba de latencia del rat\u00f3n<\/a><\/li>\n\n\n\n<li><a href=\"https:\/\/cpstesters.com\/es\/apm-test\/\" target=\"_blank\" rel=\"noreferrer noopener\">Prueba APM<\/a><\/li>\n<\/ul>\n","protected":false},"excerpt":{"rendered":"<p>Aim Trainer es un probador en l\u00ednea que te ayudar\u00e1 a mejorar tu punter\u00eda en los juegos profesionales, \u00a1pru\u00e9balo e intenta conseguir la m\u00e1xima puntuaci\u00f3n &#8230; <\/p>\n<p class=\"read-more-container\"><a title=\"Potenciador de punter\u00eda | Mejor probador para mejorar la punter\u00eda en l\u00ednea\" class=\"read-more button\" href=\"https:\/\/cpstesters.com\/es\/aim-trainer\/#more-2597\" aria-label=\"Leer m\u00e1s sobre Potenciador de punter\u00eda | Mejor probador para mejorar la punter\u00eda en l\u00ednea\">Read More<\/a><\/p>\n","protected":false},"author":4,"featured_media":1382,"parent":0,"menu_order":0,"comment_status":"closed","ping_status":"closed","template":"","meta":{"footnotes":""},"class_list":["post-2597","page","type-page","status-publish","has-post-thumbnail"],"_links":{"self":[{"href":"https:\/\/cpstesters.com\/es\/wp-json\/wp\/v2\/pages\/2597","targetHints":{"allow":["GET"]}}],"collection":[{"href":"https:\/\/cpstesters.com\/es\/wp-json\/wp\/v2\/pages"}],"about":[{"href":"https:\/\/cpstesters.com\/es\/wp-json\/wp\/v2\/types\/page"}],"author":[{"embeddable":true,"href":"https:\/\/cpstesters.com\/es\/wp-json\/wp\/v2\/users\/4"}],"replies":[{"embeddable":true,"href":"https:\/\/cpstesters.com\/es\/wp-json\/wp\/v2\/comments?post=2597"}],"version-history":[{"count":6,"href":"https:\/\/cpstesters.com\/es\/wp-json\/wp\/v2\/pages\/2597\/revisions"}],"predecessor-version":[{"id":5863,"href":"https:\/\/cpstesters.com\/es\/wp-json\/wp\/v2\/pages\/2597\/revisions\/5863"}],"wp:featuredmedia":[{"embeddable":true,"href":"https:\/\/cpstesters.com\/es\/wp-json\/wp\/v2\/media\/1382"}],"wp:attachment":[{"href":"https:\/\/cpstesters.com\/es\/wp-json\/wp\/v2\/media?parent=2597"}],"curies":[{"name":"wp","href":"https:\/\/api.w.org\/{rel}","templated":true}]}}