{"id":2595,"date":"2024-07-16T14:47:56","date_gmt":"2024-07-16T14:47:56","guid":{"rendered":"https:\/\/cpstesters.com\/wpm-test-words-per-minute-typing-tester-online\/"},"modified":"2024-09-17T16:33:56","modified_gmt":"2024-09-17T16:33:56","slug":"wpm-test","status":"publish","type":"page","link":"https:\/\/cpstesters.com\/es\/wpm-test\/","title":{"rendered":"Prueba de mecanograf\u00eda en l\u00ednea de palabras por minuto"},"content":{"rendered":"\n<p>El test de WPM se ha desarrollado para evaluar su habilidad y velocidad de palabras por minuto. Adem\u00e1s de las pruebas de mecanograf\u00eda, podr\u00e1s practicar la mecanograf\u00eda al tacto para mejorar tu destreza.<\/p>\n\n\n<style>\r\n\t.word {\r\n  background-color: lightblue;\r\n  color: #212529;\r\n  padding: 0 0.2em;\r\n  border-radius: 0.15em;\r\n}\r\n\r\n.word-active {\r\n  background-color: lightseagreen;\r\n}\r\n\r\n.word-error {\r\n  background-color: lightcoral;\r\n}\r\n\r\n.word-correct {\r\n  background-color: transparent;\r\n  color: #198754;\r\n}\r\n\r\n.word-incorrect {\r\n  background-color: transparent;\r\n  color: #dc3545;\r\n}\r\n\r\n.accordion-button:not(.collapsed) {\r\n  color: #212529;\r\n  background-color: #fff;\r\n  box-shadow: inset 0 -1px 0 rgba(0, 0, 0, 0.125);\r\n}\r\n\t\r\n\t.card-body {\r\n    flex: 1 1 auto;\r\n    padding: 1rem 1rem;\r\n}\r\n\t.card{\r\n\t\tposition: relative;\r\n    display: flex;\r\n    flex-direction: column;\r\n    min-width: 0;\r\n    word-wrap: break-word;\r\n    background-color: #fff;\r\n    background-clip: border-box;\r\n    border: 1px solid rgba(0,0,0,.125);\r\n    border-radius: 0.25rem;\r\n\t}\t\r\n\t\r\n\t.visually-hidden, .visually-hidden-focusable:not(:focus):not(:focus-within) {\r\n    position: absolute!important;\r\n    width: 1px!important;\r\n    height: 1px!important;\r\n    padding: 0!important;\r\n    margin: -1px!important;\r\n    overflow: hidden!important;\r\n    clip: rect(0,0,0,0)!important;\r\n    white-space: nowrap!important;\r\n    border: 0!important;\r\n}\r\n\t\r\n\t.input-group>.form-control, .input-group>.form-select {\r\n    position: relative;\r\n    flex: 1 1 auto;\r\n    width: 1%;\r\n    min-width: 0;\r\n}\r\n\t\r\n\t.input-group {\r\n    position: relative;\r\n    display: flex;\r\n    flex-wrap: wrap;\r\n    align-items: stretch;\r\n    width: 100%;\r\n}\r\n\t.input-group-text {\r\n    display: flex;\r\n    align-items: center;\r\n    padding: 0.375rem 0.75rem;\r\n    font-size: 1rem;\r\n    font-weight: 400;\r\n    line-height: 1.5;\r\n    color: #212529;\r\n    text-align: center;\r\n    white-space: nowrap;\r\n    background-color: #e9ecef;\r\n    border: 1px solid #ced4da;\r\n}\r\n\t\r\n\r\n.btn {\r\n    display: inline-block;\r\n    font-weight: 400;\r\n    line-height: 1.5;\r\n    color: #212529;\r\n    text-align: center;\r\n    text-decoration: none;\r\n    vertical-align: middle;\r\n    cursor: pointer;\r\n    -webkit-user-select: none;\r\n    -moz-user-select: none;\r\n    user-select: none;\r\n    background-color: transparent;\r\n    border: 1px solid transparent;\r\n    padding: 0.375rem 0.75rem;\r\n    font-size: 1rem;\r\n    transition: color .15s ease-in-out,background-color .15s ease-in-out,border-color .15s ease-in-out,box-shadow .15s ease-in-out;\r\n}\r\n\t.btn-success {\r\n    color: #fff !important;\r\n    background-color: #FFB15E !important;\r\n    border-color: #FFB15E !important;\r\n\t\tborder-radius:0px !important;\r\n}\r\n\r\n<\/style>\r\n\r\n      <div class=\"row\">\r\n        <div class=\"offset-md-2 col-md-8\">\r\n          <div class=\"card my-2\">\r\n            <div class=\"card-body\">\r\n              <div id=\"feed-container\" class=\"fs-4\"><\/div>\r\n              <div id=\"feed-spinner\" class=\"text-center\">\r\n                <div class=\"spinner-border\" role=\"status\"><\/div>\r\n              <\/div>\r\n              <div id=\"result-container\" class=\"visually-hidden\">\r\n                <table class=\"table table-borderless m-0\">\r\n                  <tr>\r\n                    <td\r\n                      id=\"result-wpm\"\r\n                      class=\"text-success fs-1 align-middle\"\r\n                      rowspan=\"3\"\r\n                    ><\/td>\r\n                    <th>Accuracy<\/th>\r\n                    <td id=\"result-accuracy\"><\/td>\r\n                    <th>Percentile<\/th>\r\n                    <td id=\"result-percentile\"><\/td>\r\n                  <\/tr>\r\n                  <tr>\r\n                    <th>Correct Keystrokes<\/th>\r\n                    <td id=\"result-correct-keystrokes\"><\/td>\r\n                    <th>Correct words<\/th>\r\n                    <td id=\"result-correct-words\"><\/td>\r\n                  <\/tr>\r\n                  <tr>\r\n                    <th>Wrong Keystrokes<\/th>\r\n                    <td id=\"result-wrong-keystrokes\"><\/td>\r\n                    <th>Wrong words<\/th>\r\n                    <td id=\"result-wrong-words\"><\/td>\r\n                  <\/tr>\r\n                <\/table>\r\n              <\/div>\r\n            <\/div>\r\n          <\/div>\r\n\r\n          <div class=\"input-group mb-5\">\r\n            <input\r\n              id=\"input-typed\"\r\n              type=\"text\"\r\n              class=\"form-control form-control-lg\"\r\n              autofocus\r\n            \/>\r\n            <span id=\"span-timer\" class=\"input-group-text px-4\">01:00<\/span>\r\n            <button\r\n              id=\"button-restart\"\r\n              class=\"btn btn-success px-4\"\r\n              type=\"button\"\r\n            >\r\n              <i class=\"fa fa-repeat\"><\/i>\r\n            <\/button>\r\n          <\/div>\r\n        <\/div>\r\n      <\/div>\r\n      <div class=\"row\">\r\n        <div class=\"offset-md-2 col-md-8\">\r\n\t\t\t<br>\r\n\t\t\t<h4>History<\/h4>\r\n\t\t\t<br>\r\n         \r\n                  <table id=\"table-history\" class=\"table\">\r\n                    <thead>\r\n                      <tr>\r\n                        <th scope=\"col\">WPM<\/th>\r\n                        <th scope=\"col\">Accuracy<\/th>\r\n                        <th scope=\"col\">Percentile<\/th>\r\n                        <th scope=\"col\">Keys<\/th>\r\n                        <th scope=\"col\">Words<\/th>\r\n                        <th scope=\"col\">Time<\/th>\r\n                      <\/tr>\r\n                    <\/thead>\r\n                    <tbody><\/tbody>\r\n                  <\/table>\r\n                \r\n            <\/div>\r\n          <\/div>\r\n  \r\n   \r\n\r\n    <script src=\"https:\/\/ajax.googleapis.com\/ajax\/libs\/jquery\/3.6.0\/jquery.min.js\"><\/script>\r\n    <script src=\"https:\/\/cdnjs.cloudflare.com\/ajax\/libs\/moment.js\/2.29.1\/moment.min.js\"><\/script>\r\n    <script src=\"https:\/\/cpstesters.com\/wp-content\/themes\/generatepress\/tools\/assets\/presentation\/index.js\" type=\"module\"><\/script>\r\n    <script\r\n      src=\"https:\/\/cdn.jsdelivr.net\/npm\/bootstrap@5.0.1\/dist\/js\/bootstrap.bundle.min.js\"\r\n      integrity=\"sha384-gtEjrD\/SeCtmISkJkNUaaKMoLD0\/\/ElJ19smozuHV6z3Iehds+3Ulb9Bn9Plx0x4\"\r\n      crossorigin=\"anonymous\"\r\n    ><\/script>\r\n    <script async defer src=\"https:\/\/buttons.github.io\/buttons.js\"><\/script>\n\n\n\n<p><\/p>\n\n\n\n<h2 class=\"wp-block-heading\">Prueba de palabras por minuto<\/h2>\n\n\n\n<p>Puede que no sea tan f\u00e1cil como parece teclear. Para la prueba de velocidad se requieren ciertas habilidades de mecanograf\u00eda. La persona tendr\u00e1 que practicar continuamente. Puede realizar una prueba diaria de WPM para alcanzar su objetivo de velocidad de mecanograf\u00eda. Este ejercicio mide su producci\u00f3n de palabras por minuto.<\/p>\n\n\n\n<p>Puede evaluar su nivel de competencia en mecanograf\u00eda utilizando esta herramienta de prueba de mecanograf\u00eda WPM en l\u00ednea. El test de palabras por minuto no s\u00f3lo determina su capacidad de mecanograf\u00eda por minuto, sino que tambi\u00e9n se centra en ayudarle a mejorar en precisi\u00f3n. Utilizando el porcentaje de precisi\u00f3n, puede determinar cu\u00e1ntas palabras escribi\u00f3 en un minuto. El resultado de la prueba viene determinado por dos variables. la precisi\u00f3n y la velocidad de tecleo. Debes tener en cuenta que dividir una palabra larga tambi\u00e9n cuenta.<\/p>\n\n\n\n<p>Puede elegir entre seis m\u00e9todos diferentes de prueba de velocidad de mecanograf\u00eda en funci\u00f3n de sus necesidades. Utilice el motor de pruebas de 1 o 2 minutos para medir su velocidad de mecanograf\u00eda. Utilice el examen de 10 o 5 minutos si desea practicar mecanograf\u00eda.<\/p>\n\n\n\n<h2 class=\"wp-block-heading\">\u00bfPor qu\u00e9 necesito una prueba de velocidad de mecanograf\u00eda?<\/h2>\n\n\n\n<p>En pocas palabras, nuestra prueba de mecanograf\u00eda wpm le permite evaluar su velocidad de mecanograf\u00eda con el tiempo y le ayuda a evaluar mejor sus habilidades actuales. Este es un paso necesario para desarrollar todo su potencial y determinar cu\u00e1nto tiempo dedicar a los ejercicios diarios de mecanograf\u00eda.<\/p>\n\n\n\n<p>Por ejemplo, es aconsejable que eval\u00fae sus habilidades de mecanograf\u00eda antes de cambiar al m\u00e9todo de mecanograf\u00eda con 10 dedos y empezar a practicar. Esto le permitir\u00e1 comparar m\u00e1s adelante sus progresos con el m\u00e9todo de 10 dedos con su m\u00e9todo de mecanograf\u00eda anterior y realizar m\u00e1s pruebas de mecanograf\u00eda utilizando los diez dedos.<\/p>\n\n\n<div class=\"wp-block-image\">\n<figure class=\"aligncenter size-full\"><img loading=\"lazy\" decoding=\"async\" width=\"1000\" height=\"500\" src=\"https:\/\/cpstesters.com\/wp-content\/uploads\/2022\/09\/wpm-test_.jpg\" alt=\"Prueba WPM\" class=\"wp-image-621\" title=\"\" srcset=\"https:\/\/cpstesters.com\/wp-content\/uploads\/2022\/09\/wpm-test_.jpg 1000w, https:\/\/cpstesters.com\/wp-content\/uploads\/2022\/09\/wpm-test_-300x150.jpg 300w, https:\/\/cpstesters.com\/wp-content\/uploads\/2022\/09\/wpm-test_-768x384.jpg 768w\" sizes=\"auto, (max-width: 1000px) 100vw, 1000px\" \/><figcaption class=\"wp-element-caption\">Prueba WPM<\/figcaption><\/figure>\n<\/div>\n\n\n<p>Puede utilizar la prueba de mecanograf\u00eda de palabras por minuto para comprobar de forma rutinaria su velocidad de mecanograf\u00eda y observar c\u00f3mo ha mejorado con el uso diario si ya se siente c\u00f3modo con sus habilidades de mecanograf\u00eda y no ha entrenado durante mucho tiempo.<\/p>\n\n\n\n<h2 class=\"wp-block-heading\">Test de WPM en l\u00ednea<\/h2>\n\n\n\n<p>Para evaluar su velocidad de mecanograf\u00eda, utilice nuestro test de mecanograf\u00eda en l\u00ednea. Para ofrecerte una forma r\u00e1pida y sencilla de medir tu velocidad de mecanograf\u00eda, hemos creado este test de mecanograf\u00eda gratuito. Puede ayudarte a medir tu desarrollo mientras practicas mecanograf\u00eda, ya que te da una idea de lo bien que lo est\u00e1s haciendo.<\/p>\n\n\n\n<ul class=\"wp-block-list\">\n<li>Con esta herramienta puedes saber exactamente cu\u00e1ntas palabras has tecleado en un minuto.<\/li>\n\n\n\n<li>Existen pruebas b\u00e1sicas, tradicionales y avanzadas.<\/li>\n\n\n\n<li>La herramienta incluye un cron\u00f3metro que var\u00eda los segundos, as\u00ed como la precisi\u00f3n de las palabras, el n\u00famero de palabras que has escrito en un minuto y el n\u00famero total de erratas.<\/li>\n\n\n\n<li>Puede seleccionar una duraci\u00f3n de segundo diferente, como 1,3,5 segundos.<\/li>\n\n\n\n<li>Debe introducir una puntuaci\u00f3n inicial en el cuadro de texto proporcionado para comenzar la prueba.<\/li>\n\n\n\n<li>Su velocidad de escritura se evaluar\u00e1 a medida que escribe.<\/li>\n\n\n\n<li>Cuando expire el temporizador, podr\u00e1 ver los resultados. Tambi\u00e9n puedes compartir estos resultados con tus compa\u00f1eros.<\/li>\n<\/ul>\n\n\n\n<p class=\"has-text-align-center has-base-background-color has-background has-medium-font-size\"><em>Puede comprobar el teclado mediante la <a href=\"https:\/\/cpstesters.com\/es\/prueba-de-teclado\/\" target=\"_blank\" rel=\"noreferrer noopener\">prueba de teclado<\/a> en l\u00ednea antes de la prueba de mecanograf\u00eda.<\/em><\/p>\n\n\n\n<h2 class=\"wp-block-heading\">Complejidad tipogr\u00e1fica<\/h2>\n\n\n\n<p>Un usuario individual puede seleccionar cualquier nivel de complejidad de mecanograf\u00eda. El usuario tiene acceso ilimitado y es libre de utilizarlo.<\/p>\n\n\n\n<h3 class=\"wp-block-heading\"><strong>F\u00e1cil<\/strong><\/h3>\n\n\n\n<p>Elegir este modo ayudar\u00e1 a los principiantes a practicar las palabras por minuto. Es un m\u00e9todo de escritura sencillo y directo para los nuevos usuarios.<\/p>\n\n\n\n<h3 class=\"wp-block-heading\"><strong>Medio<\/strong><\/h3>\n\n\n\n<p>Este modo de mecanograf\u00eda es un nivel m\u00e1s complejo que el F\u00e1cil. Pueden acceder a este modo los usuarios que hayan superado la fase de aprendizaje.<\/p>\n\n\n\n<h3 class=\"wp-block-heading\"><strong>Duro<\/strong><\/h3>\n\n\n\n<p>El nivel m\u00e1s dif\u00edcil para aumentar tu puntuaci\u00f3n de mecanograf\u00eda es Dif\u00edcil. S\u00f3lo para profesionales en activo.<\/p>\n\n\n\n<h2 class=\"wp-block-heading\">\u00bfPor qu\u00e9 es importante la velocidad de mecanograf\u00eda?<\/h2>\n\n\n\n<p>Puede concentrarse en su tarea principal utilizando la mecanograf\u00eda t\u00e1ctil. Experimentar\u00e1 un aumento significativo de la productividad cuando est\u00e9 menos preocupado por su velocidad de tecleo. Se asegura de dar un resultado mejor y de m\u00e1ximo nivel. Tu trabajo ser\u00e1 mucho m\u00e1s valorado y cometer\u00e1s muchos menos errores tipogr\u00e1ficos. Podr\u00e1 hablar con m\u00e1s claridad y rapidez.<\/p>\n\n\n\n<h2 class=\"wp-block-heading\">\u00bfC\u00f3mo puede mejorar su velocidad de mecanograf\u00eda?<\/h2>\n\n\n\n<p>Tienes que pensar en una forma de aumentar tu velocidad de mecanograf\u00eda si quieres mejorar tu competencia laboral. Pero, \u00bfc\u00f3mo hacerlo?<\/p>\n\n\n\n<p>He aqu\u00ed algunas sugerencias eficaces para mejorar su mecanograf\u00eda:<\/p>\n\n\n\n<h3 class=\"wp-block-heading\"><strong>M\u00e9todos correctos de mecanograf\u00eda<\/strong><\/h3>\n\n\n\n<p>Puedes mejorar tu velocidad de mecanograf\u00eda empleando pr\u00e1cticas de mecanograf\u00eda adecuadas. Varios especialistas recomiendan el m\u00e9todo de mecanograf\u00eda t\u00e1ctil, que requiere que los usuarios memoricen las teclas y mantengan una buena posici\u00f3n de la mano en el teclado.<\/p>\n\n\n\n<h3 class=\"wp-block-heading\"><strong>Elegir el mejor teclado<\/strong><\/h3>\n\n\n\n<p>Para las tareas de mecanograf\u00eda, los expertos aconsejan utilizar el mejor teclado. La principal \u00e1rea en la que debe sentirse c\u00f3modo es en el teclado.<\/p>\n\n\n\n<h2 class=\"wp-block-heading\">\u00bfAyudan los tests de mecanograf\u00eda en l\u00ednea a aumentar la velocidad de mecanograf\u00eda?<\/h2>\n\n\n\n<p>En pocas palabras, no. Un programa de esta naturaleza s\u00f3lo puede medir tu velocidad de tecleo. Tienes que practicar si quieres acelerar tu mecanograf\u00eda. Por supuesto, puedes practicar mecanograf\u00eda con estos tests de mecanograf\u00eda en l\u00ednea.<\/p>\n\n\n\n<p>Muchos os estar\u00e9is preguntando por qu\u00e9 iba a necesitar un programa de mecanograf\u00eda cuando ya tengo Microsoft Word y puedo practicar. S\u00ed, puedes practicar mecanograf\u00eda con cualquier programa de tratamiento de textos. No obstante, te aconsejo que utilices nuestro motor de pruebas de mecanograf\u00eda en l\u00ednea para practicar, ya que te proporciona un informe detallado de las WPM y la precisi\u00f3n para ayudarte a corregir tus errores.<\/p>\n\n\n<div class=\"wp-block-image\">\n<figure class=\"aligncenter size-full\"><img loading=\"lazy\" decoding=\"async\" width=\"1000\" height=\"500\" src=\"https:\/\/cpstesters.com\/wp-content\/uploads\/2022\/09\/wpm-test_mid-.jpg\" alt=\"Gu\u00eda del examen de mecanograf\u00eda\" class=\"wp-image-622\" title=\"\" srcset=\"https:\/\/cpstesters.com\/wp-content\/uploads\/2022\/09\/wpm-test_mid-.jpg 1000w, https:\/\/cpstesters.com\/wp-content\/uploads\/2022\/09\/wpm-test_mid--300x150.jpg 300w, https:\/\/cpstesters.com\/wp-content\/uploads\/2022\/09\/wpm-test_mid--768x384.jpg 768w\" sizes=\"auto, (max-width: 1000px) 100vw, 1000px\" \/><figcaption class=\"wp-element-caption\">Gu\u00eda del examen de mecanograf\u00eda<\/figcaption><\/figure>\n<\/div>\n\n\n<p>Aunque MS Word tambi\u00e9n ofrece un informe de errores, hay que calcularlo manualmente cada vez que se ejerce. Y esto puede hacer que pierdas todo tu inter\u00e9s por practicar.<\/p>\n\n\n\n<p>Al poner toda su atenci\u00f3n en la velocidad, pr\u00e1cticamente todos los estudiantes cometen este error cr\u00edtico. Ser\u00eda estupendo que s\u00f3lo te centraras en escribir sin errores.<\/p>\n\n\n\n<p>Ten en cuenta que la precisi\u00f3n es m\u00e1s importante que la velocidad al teclear. Por ejemplo, si tu \u00edndice de precisi\u00f3n es s\u00f3lo del 85% pero tu velocidad es de 100 WPM, te llevar\u00e1 mucho tiempo corregir los errores. Observar\u00e1 que, al final, su velocidad t\u00edpica de mecanograf\u00eda disminuir\u00e1 significativamente.<\/p>\n\n\n\n<h2 class=\"wp-block-heading\">\u00bfDebo practicar mecanograf\u00eda con regularidad?<\/h2>\n\n\n\n<p>No hay nada mejor que las clases diarias de mecanograf\u00eda, eso est\u00e1 claro. La clave para desarrollar tus habilidades mecanogr\u00e1ficas es la pr\u00e1ctica. Teclear\u00e1s m\u00e1s r\u00e1pido cuanto m\u00e1s a menudo utilices esta prueba de mecanograf\u00eda.<\/p>\n\n\n\n<p>Tus habilidades de escritura mejorar\u00e1n significativamente si practicas repetidamente la mecanograf\u00eda durante diez minutos. El test de WPM est\u00e1 dise\u00f1ado para apoyar la formaci\u00f3n continua de mecan\u00f3grafos. Hacemos un seguimiento de tu evoluci\u00f3n para que puedas ver c\u00f3mo mejoran tu habilidad y velocidad de mecanograf\u00eda con el tiempo. Tener una actividad constante es esencial para desarrollar habilidades mecanogr\u00e1ficas competentes.<\/p>\n\n\n\n<h2 class=\"wp-block-heading\">Ventajas del test WPM<\/h2>\n\n\n\n<p>Cualquiera que utilice un ordenador necesita saber escribir a m\u00e1quina. Podr\u00e1s concentrarte en tu trabajo f\u00e1cilmente a medida que te sientas m\u00e1s a gusto tecleando. Su atenci\u00f3n se desv\u00eda de su objetivo cuando teclea despacio y corrige los errores tipogr\u00e1ficos. Descubre lo bien que tecleas con la ayuda de nuestro avanzado test de mecanograf\u00eda.<\/p>\n\n\n\n<p>Despu\u00e9s de cada examen le proporcionamos informaci\u00f3n detallada. Dispone de datos sobre tu velocidad, d\u00f3nde frenas y los tipos de errores que cometes. Todos esos detalles son esenciales para aumentar tu velocidad.<\/p>\n\n\n\n<p>Puedes registrarte para seguir tus progresos. Puedes consultar gr\u00e1ficos de progreso y guardar los resultados de tus pruebas de mecanograf\u00eda. Los usuarios registrados que hayan superado tres o m\u00e1s evaluaciones de mecanograf\u00eda podr\u00e1n enviar mensajes y responder a cualquier pregunta relacionada con la mecanograf\u00eda en nuestro foro.<\/p>\n\n\n\n<h2 class=\"wp-block-heading has-text-align-center\">Preguntas frecuentes<\/h2>\n\n\n\n<h3 class=\"wp-block-heading\"><strong>\u00bfC\u00f3mo puedo aumentar mi velocidad de mecanograf\u00eda?<\/strong><\/h3>\n\n\n\n<p>Parece que hay dos maneras de escribir m\u00e1s r\u00e1pido: el m\u00e9todo m\u00e1s r\u00e1pido es aprender a escribir correctamente. Jugar a juegos de mecanograf\u00eda es la segunda forma de aumentar la velocidad de mecanograf\u00eda. Jugar a actividades de teclado como Nitro Type puede mejorar tu velocidad de escritura y aumentar tu puntuaci\u00f3n en palabras por minuto.<\/p>\n\n\n\n<h3 class=\"wp-block-heading\"><strong>\u00bfCu\u00e1l es la velocidad media de mecanograf\u00eda?<\/strong><\/h3>\n\n\n\n<p>La velocidad media de mecanograf\u00eda es de 40 palabras por minuto (ppm). Si quieres ser muy productivo, escribe entre 65 y 70 palabras por minuto.<\/p>\n\n\n\n<h3 class=\"wp-block-heading\"><strong>\u00bfC\u00f3mo se practica la prueba de mecanograf\u00eda?<\/strong><\/h3>\n\n\n\n<p>Para aumentar tu velocidad de mecanograf\u00eda, puedes seguir las t\u00e9cnicas especificadas. Practicar con regularidad el uso del teclado respetando determinadas reglas de mecanograf\u00eda es una buena elecci\u00f3n.<\/p>\n\n\n\n<h3 class=\"wp-block-heading\"><strong>\u00bfQu\u00e9 tan bueno es 32 WPM?<\/strong><\/h3>\n\n\n\n<p>Es superior al 7,13% de todos nuestros usuarios. La fuerza del n\u00facleo es la clave de la mecanograf\u00eda al tacto, por lo que cuanto m\u00e1s teclees, m\u00e1s r\u00e1pido ser\u00e1s.<\/p>\n\n\n\n<h3 class=\"wp-block-heading\"><strong>\u00bfEs bueno escribir a 100 ppm?<\/strong><\/h3>\n\n\n\n<p>Es probable que seas un jugador, un hacker o un genio si puedes escribir a 90 palabras por minuto. En cualquier caso, \u00a1lo est\u00e1s haciendo fant\u00e1stico! 100 ppm o m\u00e1s: Perteneces al 1% de los mejores mecan\u00f3grafos.<\/p>\n\n\n\n<h3 class=\"wp-block-heading\"><strong>\u00bfCu\u00e1l es la mayor velocidad de mecanograf\u00eda alcanzada?<\/strong><\/h3>\n\n\n\n<p>La m\u00e1quina de escribir m\u00e1s r\u00e1pida del mundo, seg\u00fan el Guinness World Records, es Barbara Blackburn, que puede teclear a un ritmo de 212 WPM. La mecan\u00f3grafa m\u00e1s r\u00e1pida, seg\u00fan IBM Corp., es Stella Pajunas Garnand, que puede escribir 216 palabras en un minuto. Grab\u00f3 esta canci\u00f3n en 1946.<\/p>\n\n\n\n<h3 class=\"wp-block-heading\"><strong>\u00bfC\u00f3mo escribir m\u00e1s r\u00e1pido?<\/strong><\/h3>\n\n\n\n<p>Debes aprender a adoptar una postura correcta, a utilizar todos los dedos, a pulsar las teclas adecuadas sin mirar y a evitar los errores si quieres escribir m\u00e1s deprisa. Saldr\u00e1 ganando con la formaci\u00f3n en mecanograf\u00eda si no ha aprendido ninguna de estas habilidades.<\/p>\n\n\n\n<h3 class=\"wp-block-heading\"><strong>\u00bfC\u00f3mo puedo saber mis ppm?<\/strong><\/h3>\n\n\n\n<p>La prueba de palabras por minuto, o prueba WPM, es la forma m\u00e1s sencilla de medir la velocidad de mecanograf\u00eda. La &#8220;palabra&#8221; consta de 5 caracteres por t\u00e9rmino medio. Basta con dividir por cinco el n\u00famero de palabras mecanografiadas en un minuto sin errores tipogr\u00e1ficos para determinar las WPM. Tu velocidad de mecanograf\u00eda ser\u00eda de 20 WPM, por ejemplo, si escribieras 100 palabras por minuto, espacios incluidos.<\/p>\n\n\n\n<p>Otras herramientas de teclado:<\/p>\n\n\n\n<ul class=\"wp-block-list\">\n<li><a href=\"https:\/\/cpstesters.com\/es\/spacebar-counter\/\" target=\"_blank\" rel=\"noreferrer noopener\">Barra espaciadora Contador<\/a><\/li>\n\n\n\n<li><a href=\"https:\/\/cpstesters.com\/es\/contador-de-teclas\/\" target=\"_blank\" rel=\"noreferrer noopener\">Contador de teclado<\/a><\/li>\n\n\n\n<li><a href=\"https:\/\/cpstesters.com\/es\/comprobador-de-teclados-mac\/\" target=\"_blank\" rel=\"noreferrer noopener\">Comprobador de teclados Mac<\/a><\/li>\n\n\n\n<li><a href=\"https:\/\/cpstesters.com\/es\/key-rollover-test\/\">Prueba clave de vuelco<\/a><\/li>\n\n\n\n<li><a href=\"https:\/\/cpstesters.com\/es\/prueba-de-latencia-del-teclado\/\" target=\"_blank\" rel=\"noreferrer noopener\">Prueba de latencia del teclado<\/a><\/li>\n\n\n\n<li><a href=\"https:\/\/cpstesters.com\/es\/prueba-de-teclado-mecanico\/\" target=\"_blank\" rel=\"noreferrer noopener\">Prueba de teclado mec\u00e1nico<\/a><\/li>\n<\/ul>\n","protected":false},"excerpt":{"rendered":"<p>El test de WPM se ha desarrollado para evaluar su habilidad y velocidad de palabras por minuto. Adem\u00e1s de las pruebas de mecanograf\u00eda, podr\u00e1s practicar &#8230; <\/p>\n<p class=\"read-more-container\"><a title=\"Prueba de mecanograf\u00eda en l\u00ednea de palabras por minuto\" class=\"read-more button\" href=\"https:\/\/cpstesters.com\/es\/wpm-test\/#more-2595\" aria-label=\"Leer m\u00e1s sobre Prueba de mecanograf\u00eda en l\u00ednea de palabras por minuto\">Read More<\/a><\/p>\n","protected":false},"author":4,"featured_media":1694,"parent":0,"menu_order":0,"comment_status":"closed","ping_status":"closed","template":"","meta":{"footnotes":""},"class_list":["post-2595","page","type-page","status-publish","has-post-thumbnail"],"_links":{"self":[{"href":"https:\/\/cpstesters.com\/es\/wp-json\/wp\/v2\/pages\/2595","targetHints":{"allow":["GET"]}}],"collection":[{"href":"https:\/\/cpstesters.com\/es\/wp-json\/wp\/v2\/pages"}],"about":[{"href":"https:\/\/cpstesters.com\/es\/wp-json\/wp\/v2\/types\/page"}],"author":[{"embeddable":true,"href":"https:\/\/cpstesters.com\/es\/wp-json\/wp\/v2\/users\/4"}],"replies":[{"embeddable":true,"href":"https:\/\/cpstesters.com\/es\/wp-json\/wp\/v2\/comments?post=2595"}],"version-history":[{"count":8,"href":"https:\/\/cpstesters.com\/es\/wp-json\/wp\/v2\/pages\/2595\/revisions"}],"predecessor-version":[{"id":6301,"href":"https:\/\/cpstesters.com\/es\/wp-json\/wp\/v2\/pages\/2595\/revisions\/6301"}],"wp:featuredmedia":[{"embeddable":true,"href":"https:\/\/cpstesters.com\/es\/wp-json\/wp\/v2\/media\/1694"}],"wp:attachment":[{"href":"https:\/\/cpstesters.com\/es\/wp-json\/wp\/v2\/media?parent=2595"}],"curies":[{"name":"wp","href":"https:\/\/api.w.org\/{rel}","templated":true}]}}