{"id":2579,"date":"2024-07-16T14:19:36","date_gmt":"2024-07-16T14:19:36","guid":{"rendered":"https:\/\/cpstesters.com\/prueba-de-vuelco-de-llave-n-key-rollover-nkro-tester\/"},"modified":"2024-09-17T14:51:35","modified_gmt":"2024-09-17T14:51:35","slug":"key-rollover-test","status":"publish","type":"page","link":"https:\/\/cpstesters.com\/es\/key-rollover-test\/","title":{"rendered":"Prueba de vuelco de llave | N-Key Rollover NKRO Tester"},"content":{"rendered":"\n<p>Nuestro Key Rollover Test le ayudar\u00e1 a comprobar cu\u00e1ntas teclas puede registrar en su teclado mec\u00e1nico.<\/p>\n<style>\r\n\ttable{\r\n\t\tbackground: #FFB15E;\r\n    color: white;\r\n    text-align: center;\t\r\n\t}\r\n\ttable td{\r\n\t\tfont-size:25px;\t\r\n\t}\r\n<\/style>\r\n\r\n<script type=\"text\/javascript\">\r\nvar keys = [];\r\nvar order = [];\r\n\r\nfunction getkeyname(keycode) {\r\n\tif(keycode >= 65 && keycode <= 90) {\r\n\t\treturn String.fromCharCode(keycode);\r\n\t}\r\n\tif(keycode >= 48 && keycode <= 57) return keycode - 48;\r\n\tif(keycode == 8) return \"&lt;BACKSPACE&gt;\";\r\n\tif(keycode == 9) return \"&lt;TAB&gt;\";\r\n\tif(keycode == 12) return \"&lt;NUM5&gt;\";\r\n\tif(keycode == 13) return \"&lt;ENTER&gt;\";\r\n\tif(keycode == 16) return \"&lt;SHIFT&gt;\";\r\n\tif(keycode == 17) return \"&lt;CTRL&gt;\";\r\n\tif(keycode == 18) return \"&lt;ALT&gt;\";\r\n\tif(keycode == 19) return \"&lt;PAUSE&gt;\";\r\n\tif(keycode == 20) return \"&lt;CAPSLOCK&gt;\";\r\n\tif(keycode == 27) return \"&lt;ESC&gt;\";\r\n\tif(keycode == 32) return \"&lt;SPACE&gt;\";\r\n\tif(keycode == 33) return \"&lt;PAGEUP&gt;\";\r\n\tif(keycode == 34) return \"&lt;PAGEDOWN&gt;\";\r\n\tif(keycode == 35) return \"&lt;END&gt;\";\r\n\tif(keycode == 36) return \"&lt;HOME&gt;\";\r\n\tif(keycode == 37) return \"&lt;LEFTARROW&gt;\";\r\n\tif(keycode == 38) return \"&lt;UPARROW&gt;\";\r\n\tif(keycode == 39) return \"&lt;RIGHTARROW&gt;\";\r\n\tif(keycode == 40) return \"&lt;DOWNARROW&gt;\";\r\n\tif(keycode == 45) return \"&lt;INSERT&gt;\";\r\n\tif(keycode == 46) return \"&lt;DELETE&gt;\";\r\n\tif(keycode == 59) return \";\";\r\n\tif(keycode == 91) return \"&lt;LEFTWINDOWS&gt;\";\r\n\tif(keycode == 92) return \"&lt;RIGHTWINDOWS&gt;\";\r\n\tif(keycode == 93) return \"&lt;MENU&gt;\";\r\n\tif(keycode >= 96 && keycode <= 105) return \"&lt;NUM\" + (keycode - 96) + \"&gt;\";\r\n\tif(keycode == 106) return \"&lt;MULTIPLY&gt;\";\r\n\tif(keycode == 107) return \"&lt;ADD&gt;\";\r\n\tif(keycode == 109) return \"&lt;SUBTRACT&gt;\";\r\n\tif(keycode == 110) return \"&lt;DECIMAL&gt;\";\r\n\tif(keycode == 111) return \"&lt;DIVIDE&gt;\";\r\n\tif(keycode >= 112 && keycode <= 123) return \"&lt;F\" + (keycode - 111) + \"&gt;\";\r\n\tif(keycode == 144) return \"&lt;NUMLOCK&gt;\";\r\n\tif(keycode == 145) return \"&lt;SCROLLLOCK&gt;\";\r\n\tif(keycode == 186) return \"&lt;SEMICOLON&gt;\";\r\n\tif(keycode == 187) return \"&lt;EQUALS&gt;\";\r\n\tif(keycode == 188) return \",\";\r\n\tif(keycode == 189) return \"&lt;DASH&gt;\";\r\n\tif(keycode == 190) return \".\";\r\n\tif(keycode == 191) return \"\/\";\r\n\tif(keycode == 192) return \"&lt;BACKTICK&gt;\";\r\n\tif(keycode == 219) return \"[\";\r\n\tif(keycode == 220) return \"\\\\\";\r\n\tif(keycode == 221) return \"]\";\r\n\tif(keycode == 222) return \"'\";\r\n\treturn \"&lt;\" + keycode + \"&gt;\";\r\n}\r\n\r\n\/\/This prototype is provided by the Mozilla foundation and\r\n\/\/is distributed under the MIT license.\r\n\/\/http:\/\/www.ibiblio.org\/pub\/Linux\/LICENSES\/mit.license\r\nif (!Array.prototype.map)\r\n{\r\n  Array.prototype.map = function(fun \/*, thisp*\/)\r\n  {\r\n    var len = this.length;\r\n    if (typeof fun != \"function\")\r\n      throw new TypeError();\r\n\r\n    var res = new Array(len);\r\n    var thisp = arguments[1];\r\n    for (var i = 0; i < len; i++)\r\n    {\r\n      if (i in this)\r\n        res[i] = fun.call(thisp, this[i], i, this);\r\n    }\r\n\r\n    return res;\r\n  };\r\n}\r\n\r\nfunction update() {\r\n\tdocument.getElementById('disp').innerHTML = order.map(getkeyname).join(\"\");\r\n\tdocument.getElementById('count').innerHTML = order.length;\r\n}\r\n\r\nfunction remove(which) {\r\n\tfor(var i = 0; i < order.length; i++) {\r\n\t\tif(order[i] == which) {\r\n\t\t\torder.splice(i, 1);\r\n\t\t\treturn;\r\n\t\t}\r\n\t}\r\n}\r\n\r\nfunction getkeycode(e) {\r\n\tvar keycode;\r\n\tif (window.event) keycode = window.event.keyCode;\r\n\telse if (e) keycode = e.which;\r\n\treturn keycode;\r\n}\r\n\r\njQuery(\"body\").keyup(function(){\r\n\tc=getkeycode(event); keys[c] = ''; remove(c); update();\r\n});\r\njQuery(\"body\").keydown(function(){\r\n\tc=getkeycode(event); if(keys[c] == c) return \r\nfalse; keys[c] = c; order[order.length] = c; update(); return false;\r\n});\r\n\t\r\n<\/script>\r\n\r\n<p>Directions: Type some keys.<p>\r\n\r\n<table border = 1 width=500>\r\n<tr><td>\r\n<p><br><\/p>\r\n Keys accepted: <span id=\"disp\"><\/span><br>\r\n Count: <span id=\"count\"><\/span><br>\r\n<p><br><\/p>\r\n\r\n<\/td><\/tr><\/table>\n\n<p><\/p>\n\n<div style=\"height:5px\" aria-hidden=\"true\" class=\"wp-block-spacer\"><\/div>\n\n<h2 class=\"wp-block-heading\">\u00bfQu\u00e9 es la renovaci\u00f3n de claves?<\/h2>\n\n<p>El n\u00famero de teclas que un teclado puede registrar simult\u00e1neamente se denomina rollover de teclas. Cuando se escribe el rollover de x teclas (donde x es un n\u00famero), la x representa el n\u00famero m\u00e1ximo de teclas que se pueden utilizar. Por lo tanto, es una garant\u00eda de que cada combinaci\u00f3n de x claves aleatorias funcionar\u00e1 seg\u00fan lo previsto.<\/p>\n\n<p>Un teclado sin ninguna restricci\u00f3n se denomina &#8220;N-key rollover&#8221;, lo que significa que es posible pulsar todas las teclas a la vez.<\/p>\n\n<h2 class=\"wp-block-heading\">Prueba clave de vuelco<\/h2>\n\n<p>La prueba de rollover del teclado se utiliza para comprobar cu\u00e1ntas teclas puede registrar un teclado a la vez. Por ejemplo, un rollover de 6 teclas te permite pulsar simult\u00e1neamente seis teclas cualesquiera y que todas se registren correctamente. Debe tenerse en cuenta que no hay garant\u00eda de que las combinaciones con m\u00e1s de seis teclas tambi\u00e9n funcionen, por lo que no existe un l\u00edmite m\u00e1ximo.<\/p>\n\n<p>Aunque la mayor\u00eda de los fabricantes siguen el resumen definido de vuelco de llave, algunos han empleado recuentos bastante inusuales para llegar a un valor de vuelco de llave mayor. El recuento de <a href=\"https:\/\/www.tomshardware.com\/reviews\/-n-key-rollover-nkro-definition,5751.html\" target=\"_blank\" rel=\"noreferrer noopener\">teclas<\/a> comunes es uno de esos m\u00e9todos alternativos de recuento que incorpora, por ejemplo, las posibles combinaciones de teclas para los botones modificadores (Ctrl, Alt, May\u00fas, etc.). Obviamente, esto no se ajusta a la descripci\u00f3n.<\/p>\n<div class=\"wp-block-image\">\n<figure class=\"aligncenter size-full\"><img loading=\"lazy\" decoding=\"async\" width=\"1000\" height=\"500\" src=\"https:\/\/cpstesters.com\/wp-content\/uploads\/2022\/09\/Keyboard-Rollover-Test-1.jpg\" alt=\"Prueba clave de vuelco\" class=\"wp-image-626\" title=\"\" srcset=\"https:\/\/cpstesters.com\/wp-content\/uploads\/2022\/09\/Keyboard-Rollover-Test-1.jpg 1000w, https:\/\/cpstesters.com\/wp-content\/uploads\/2022\/09\/Keyboard-Rollover-Test-1-300x150.jpg 300w, https:\/\/cpstesters.com\/wp-content\/uploads\/2022\/09\/Keyboard-Rollover-Test-1-768x384.jpg 768w\" sizes=\"auto, (max-width: 1000px) 100vw, 1000px\" \/><figcaption class=\"wp-element-caption\">Prueba clave de vuelco<\/figcaption><\/figure>\n<\/div>\n<p class=\"has-text-align-center has-base-background-color has-background has-medium-font-size\"><em>Antes de comprobarlo, tambi\u00e9n puede comprobar su mecanograf\u00eda mediante la <a href=\"https:\/\/cpstesters.com\/es\/wpm-test\/\" target=\"_blank\" rel=\"noreferrer noopener\">prueba de palabras por<\/a> minuto.<\/em><\/p>\n\n<h2 class=\"wp-block-heading\">\u00bfC\u00f3mo probar NKRO en el teclado?<\/h2>\n\n<p>Usted puede simplemente ejecutar la prueba de rollover de n teclas o prueba NKRO utilizando un programa de texto como Microsoft Word, adem\u00e1s de buscar los requisitos del fabricante para ver qu\u00e9 rollover de n teclas ofrece su teclado.<\/p>\n\n<p>Comience pulsando simult\u00e1neamente dos teclas, tomando nota de las teclas que pulsa. A continuaci\u00f3n, suba una tecla y haga coincidir los resultados con las pulsaciones de teclas que se ven en la pantalla.<\/p>\n\n<p>Aseg\u00farate de que NKRO est\u00e1 activado si est\u00e1s anticipando NKRO desde el teclado pero no ves el n\u00famero correcto de pulsaciones. En algunos teclados, debes pulsar una determinada combinaci\u00f3n de teclas o activar el software del teclado para activar la funci\u00f3n NKRO.<\/p>\n\n<h2 class=\"wp-block-heading has-text-align-center\">Preguntas frecuentes<\/h2>\n\n<h3 class=\"wp-block-heading\"><strong>\u00bfQu\u00e9 es el rollover de mi teclado?<\/strong><\/h3>\n\n<p>Pulsa las teclas tres, cuatro y cinco a la vez para probar el n\u00famero de rollover. El teclado tiene un rollover si se muestran muchas teclas a la vez en la pantalla.<\/p>\n\n<h3 class=\"wp-block-heading\"><strong>\u00bfC\u00f3mo pruebo mi teclado antivuelco?<\/strong><\/h3>\n\n<p>Para comprobar su teclado de rollover, pruebe nuestra prueba de rollover de teclas en l\u00ednea. Es el m\u00e9todo m\u00e1s r\u00e1pido y sencillo para mostrar resultados precisos.<\/p>\n\n<h3 class=\"wp-block-heading\"><strong>\u00bfQu\u00e9 es una buena renovaci\u00f3n de llaves?<\/strong><\/h3>\n\n<p>Para teclear se aconseja el rollover de 2 teclas. Se aconseja el rollover de seis llaves para el juego. En los juegos, lo m\u00e1s probable es que te encuentres r\u00e1pidamente con combinaciones de teclas que no funcionan y que, como resultado, tengas una experiencia de juego miserable.<\/p>\n\n<h3 class=\"wp-block-heading\"><strong>\u00bfBastan 6 llaves para jugar?<\/strong><\/h3>\n\n<p>Los mejores teclados para juegos incluyen al menos 6 teclas Rollover para evitar el efecto fantasma. Muchos jugadores y otras personas que teclean con rapidez pueden utilizar la amplia capacidad de pulsaciones simult\u00e1neas de 6KRO.<\/p>\n\n<h3 class=\"wp-block-heading\"><strong>\u00bfSon todos los teclados mec\u00e1nicos N-key rollover?<\/strong><\/h3>\n\n<p>Los teclados de membrana no son muy conocidos por tener n-key rollover debido a las limitaciones en su construcci\u00f3n, mientras que los teclados mec\u00e1nicos s\u00ed.<\/p>\n\n<p>Compruebe tambi\u00e9n estas herramientas:<\/p>\n\n<ul class=\"wp-block-list\">\n<li><a href=\"https:\/\/cpstesters.com\/es\/\" target=\"_blank\" rel=\"noreferrer noopener\">Prueba de clics por segundo<\/a><\/li>\n\n\n\n<li><a href=\"https:\/\/cpstesters.com\/es\/prueba-de-latencia-del-teclado\/\" target=\"_blank\" rel=\"noreferrer noopener\">Prueba de latencia del teclado<\/a><\/li>\n\n\n\n<li><a href=\"https:\/\/cpstesters.com\/es\/contador-de-barras-espaciadoras\/\" target=\"_blank\" rel=\"noreferrer noopener\">Barra espaciadora Contador<\/a><\/li>\n\n\n\n<li><a href=\"https:\/\/cpstesters.com\/es\/keyboard-test\/\" target=\"_blank\" rel=\"noreferrer noopener\">Prueba de teclado en l\u00ednea<\/a><\/li>\n\n\n\n<li><a href=\"https:\/\/cpstesters.com\/es\/comprobador-de-teclados-mac\/\" target=\"_blank\" rel=\"noreferrer noopener\">Comprobador de teclados Mac<\/a><\/li>\n<\/ul>\n","protected":false},"excerpt":{"rendered":"<p>Nuestro Key Rollover Test le ayudar\u00e1 a comprobar cu\u00e1ntas teclas puede registrar en su teclado mec\u00e1nico. \u00bfQu\u00e9 es la renovaci\u00f3n de claves? El n\u00famero de &#8230; <\/p>\n<p class=\"read-more-container\"><a title=\"Prueba de vuelco de llave | N-Key Rollover NKRO Tester\" class=\"read-more button\" href=\"https:\/\/cpstesters.com\/es\/key-rollover-test\/#more-2579\" aria-label=\"Leer m\u00e1s sobre Prueba de vuelco de llave | N-Key Rollover NKRO Tester\">Read More<\/a><\/p>\n","protected":false},"author":4,"featured_media":1718,"parent":0,"menu_order":0,"comment_status":"closed","ping_status":"closed","template":"","meta":{"footnotes":""},"class_list":["post-2579","page","type-page","status-publish","has-post-thumbnail"],"_links":{"self":[{"href":"https:\/\/cpstesters.com\/es\/wp-json\/wp\/v2\/pages\/2579","targetHints":{"allow":["GET"]}}],"collection":[{"href":"https:\/\/cpstesters.com\/es\/wp-json\/wp\/v2\/pages"}],"about":[{"href":"https:\/\/cpstesters.com\/es\/wp-json\/wp\/v2\/types\/page"}],"author":[{"embeddable":true,"href":"https:\/\/cpstesters.com\/es\/wp-json\/wp\/v2\/users\/4"}],"replies":[{"embeddable":true,"href":"https:\/\/cpstesters.com\/es\/wp-json\/wp\/v2\/comments?post=2579"}],"version-history":[{"count":4,"href":"https:\/\/cpstesters.com\/es\/wp-json\/wp\/v2\/pages\/2579\/revisions"}],"predecessor-version":[{"id":4222,"href":"https:\/\/cpstesters.com\/es\/wp-json\/wp\/v2\/pages\/2579\/revisions\/4222"}],"wp:featuredmedia":[{"embeddable":true,"href":"https:\/\/cpstesters.com\/es\/wp-json\/wp\/v2\/media\/1718"}],"wp:attachment":[{"href":"https:\/\/cpstesters.com\/es\/wp-json\/wp\/v2\/media?parent=2579"}],"curies":[{"name":"wp","href":"https:\/\/api.w.org\/{rel}","templated":true}]}}