{"id":2460,"date":"2024-07-16T14:22:16","date_gmt":"2024-07-16T14:22:16","guid":{"rendered":"https:\/\/cpstesters.com\/prueba-de-clic-manual-compruebe-la-velocidad-de-su-cps\/"},"modified":"2024-09-17T15:20:06","modified_gmt":"2024-09-17T15:20:06","slug":"prueba-de-clic-manual","status":"publish","type":"page","link":"https:\/\/cpstesters.com\/es\/prueba-de-clic-manual\/","title":{"rendered":"Prueba de clic manual | Compruebe la velocidad de su CPS"},"content":{"rendered":"\n<p>El Manual Click Test es un juego de clicks que se utiliza para contar tus clicks en el marco de tiempo manual definido por ti, \u00a1Comienza ahora y disfruta!<\/p>\n     \r\n<div class=\"row\">\r\n\t<div class=\"col-md-4\">\r\n\r\n\t\t\r\n\t\t\r\n\t\t<div class=\"side_nav\">\r\n            \r\n            \r\n            <ul class=\"time\">\r\n            <li>\r\n            <span data-time=\"1.00\">1 Second Test<\/span>\r\n            <\/li><li>\r\n           <span data-time=\"2.00\">2 Second Test<\/span>\r\n            <\/li><li>\r\n         <span data-time=\"5.00\">5 Second Test<\/span>\r\n            <\/li><li>\r\n\t\t\t<span data-time=\"10.00\">10 Second Test<\/span>\r\n            <\/li><li>\r\n            <span data-time=\"15.00\">15 Second Test<\/span>\r\n            <\/li>\r\n\t\t\t<li>\r\n            <span data-time=\"30.00\">30 Second Test<\/span>\r\n            <\/li>\r\n\t\t\t\t<li>\r\n            <span data-time=\"60.00\">60 Second Test<\/span>\r\n            <\/li>\r\n\t\t\t\t<li>\r\n            <span data-time=\"100.00\">100 Second Test<\/span>\r\n            <\/li>\r\n\t\t\t\r\n\t\t\t\r\n\t\t\t<\/ul>\r\n            <\/div>\r\n\t\t\r\n\t\t\r\n\t<\/div>\r\n\t<div class=\"col-md-8\">\r\n\t\t<section class=\"section section--full js-section-full section--click\">\r\n               <div class=\"container\">\r\n\t\t\t\t   \r\n\t\t\t\t         <div class=\"setting\">\r\n    <div class=\"theme-mode\"><a class=\"theme-mode__switch js-switch\" href=\"javascript:void(0);\"><\/a>\r\n        <div class=\"theme-mode__text\">Light \/ Dark mode<\/div>\r\n    <\/div>\r\n\t\t\t\t\t\t\t \r\n\t\t<div class=\"manual-form\">\r\n\t\t\t<input id=\"manual_seconds\" type=\"number\" placeholder=\"Seconds\">\r\n\t\t\t<button id=\"start_manual\">Start<\/button>\r\n\t\t\t\t\t\t\t <\/div>\r\n\t\t\t\t\t\t\t \r\n<\/div>\r\n\t\t\t\t   \r\n\t\t\t\t   \r\n                  <div class=\"statistics\">\r\n                     <div class=\"statistics__item statistics__item--timer\">\r\n                        <div class=\"statistics__number\">\r\n                           <span class=\"js-time number_timer\">5.00<\/span>\r\n                           <a class=\"statistics__arrow statistics__arrow--up js-time-up\" href=\"javascript:void(0);\">\r\n                              <svg class=\"icon icon-arrow-up \">\r\n                                 <use xlink:href=\"\/wp-content\/themes\/generatepress\/tools\/assets\/img\/spritesvg.svg#arrow-up\"><\/use>\r\n                              <\/svg>\r\n                           <\/a>\r\n                           <a class=\"statistics__arrow statistics__arrow--down js-time-down\" href=\"javascript:void(0);\">\r\n                              <svg class=\"icon icon-arrow-up \">\r\n                                 <use xlink:href=\"\/wp-content\/themes\/generatepress\/tools\/assets\/img\/spritesvg.svg#arrow-up\"><\/use>\r\n                              <\/svg>\r\n                           <\/a>\r\n                        <\/div>\r\n                        <div class=\"statistics__title\">Timer<\/div>\r\n                     <\/div>\r\n                     <div class=\"statistics__item statistics__item--clicks\">\r\n                        <div class=\"statistics__number number_clicks js-speed\">0.00<\/div>\r\n                        <div class=\"statistics__title\">Clicks \/ s<\/div>\r\n                     <\/div>\r\n                     <div class=\"statistics__item statistics__item--score\">\r\n                        <div class=\"statistics__number number_score js-score\">0<\/div>\r\n                        <div class=\"statistics__title\">Score<\/div>\r\n                     <\/div>\r\n                  <\/div>\r\n                  <div class=\"clicks-zone\">\r\n                     <div class=\"clicks-zone__start js-clicks-start\">\r\n                        <svg class=\"icon icon-click \">\r\n                           <use xlink:href=\"\/wp-content\/themes\/generatepress\/tools\/assets\/img\/spritesvg.svg#click\"><\/use>\r\n                        <\/svg>\r\n                        <div class=\"clicks-zone__start-title\">\u0421lick here to start cps test<\/div>\r\n                     <\/div>\r\n                     <div class=\"clicks-zone__clicks js-clicks\"><\/div>\r\n                     <div class=\"clicks-zone__result result-clicks js-clicks-result\">\r\n                        <div class=\"result-clicks__title rank-wrapper\"><\/div>\r\n                        <div class=\"result-clicks__text\">Your CPS result is <span class=\"speed js-stat-speed\"><\/span> (<span class=\"clicks js-stat-clicks\"><\/span> Clicks in <span class=\"time js-stat-time\"><\/span> Seconds)<\/div>\r\n                        <div class=\"result-clicks__img\"><img><\/div>\r\n                        <a class=\"result-clicks__btn js-try-again\" href=\"javascript:void(0);\">\r\n                           <svg class=\"icon icon-again \">\r\n                              <use xlink:href=\"\/wp-content\/themes\/generatepress\/tools\/assets\/img\/spritesvg.svg#again\"><\/use>\r\n                           <\/svg>\r\n                           Restart\r\n                        <\/a>\r\n                        <div class=\"result-clicks__share\">\r\n                           <div class=\"result-clicks__share-title\">Share your result with friends!<\/div>\r\n                           <div class=\"share-buttons\">\r\n                              <a class=\"share-button facebook\" data-href=\"https:\/\/www.facebook.com\/sharer\/sharer.php?u=https:\/\/cpstesters.com\/\" target=\"_blank\" onclick=\"goclicky(this); return false;\" rel=\"noopener\">Facebook<\/a>\r\n                              <a class=\"share-button twitter\" data-href=\"http:\/\/www.twitter.com\/share?url=https:\/\/cpstesters.com\/&text=[text]\" target=\"_blank\" onclick=\"goclicky(this); return false;\" rel=\"noopener\">Twitter<\/a>\r\n                              <a class=\"share-button whatsapp\" data-href=\"https:\/\/api.whatsapp.com\/send?text=[text]\" target=\"_blank\" onclick=\"goclicky(this); return false;\" rel=\"noopener\">WhatsApp<\/a>\r\n                              <a class=\"share-button reddit\" data-href=\"http:\/\/www.reddit.com\/submit?url=https:\/\/cpstesters.com\/&title=[text]\" target=\"_blank\" onclick=\"goclicky(this); return false;\" rel=\"noopener\">Reddit<\/a>\r\n                           <\/div>\r\n                        <\/div>\r\n                     <\/div>\r\n                  <\/div>\r\n                  <img decoding=\"async\" src=\"\/wp-content\/themes\/generatepress\/tools\/assets\/img\/test_result\/3\/1.png\" style=\"display: none\" alt=\"\" title=\"\">\r\n                  <img decoding=\"async\" src=\"\/wp-content\/themes\/generatepress\/tools\/assets\/img\/test_result\/5\/1.png\" style=\"display: none\" alt=\"\" title=\"\">\r\n                  <img decoding=\"async\" src=\"\/wp-content\/themes\/generatepress\/tools\/assets\/img\/test_result\/1\/1.png\" style=\"display: none\" alt=\"\" title=\"\">\r\n                  <img decoding=\"async\" src=\"\/wp-content\/themes\/generatepress\/tools\/assets\/img\/test_result\/2\/1.png\" style=\"display: none\" alt=\"\" title=\"\">\r\n                  <img decoding=\"async\" src=\"\/wp-content\/themes\/generatepress\/tools\/assets\/img\/test_result\/0\/1.png\" style=\"display: none\" alt=\"\" title=\"\">\r\n                  <img decoding=\"async\" src=\"\/wp-content\/themes\/generatepress\/tools\/assets\/img\/test_result\/6\/1.png\" style=\"display: none\" alt=\"\" title=\"\">\r\n                  <img decoding=\"async\" src=\"\/wp-content\/themes\/generatepress\/tools\/assets\/img\/test_result\/7\/1.png\" style=\"display: none\" alt=\"\" title=\"\">\r\n                  <img decoding=\"async\" src=\"\/wp-content\/themes\/generatepress\/tools\/assets\/img\/test_result\/4\/1.png\" style=\"display: none\" alt=\"\" title=\"\">\r\n                  <script>\r\n                     var test_result = {\"ratings\":{\"min\":0,\"max\":5},\"rating_ranks\":[\"Your Rank is Snail!\",\"Your Rank is Koala!\",\"Your Rank is Turtle!\",\"Your Rank is Panda!\",\"Your Rank is Hare!\",\"Your Rank is Kangaroo!\",\"Your Rank is Panther!\",\"Your Rank is Cheetah!\"],\"cps_scale\":[[0,1],[1,3],[3,5],[5,7],[7,9],[9,10],[10,12],[12,999]],\"files\":{\"3\":[\"\\\/wp-content\\\/themes\\\/generatepress\\\/tools\\\\assets\\\/img\\\/test_result\\\/3\\\/1.png\"],\"5\":[\"\\\/wp-content\\\/themes\\\/generatepress\\\/tools\\\\assets\\\/img\\\/test_result\\\/5\\\/1.png\"],\"1\":[\"\\\/wp-content\\\/themes\\\/generatepress\\\/tools\\\\assets\\\/img\\\/test_result\\\/1\\\/1.png\"],\"2\":[\"\\\/wp-content\\\/themes\\\/generatepress\\\/tools\\\\assets\\\/img\\\/test_result\\\/2\\\/1.png\"],\"0\":[\"\\\/wp-content\\\/themes\\\/generatepress\\\/tools\\\\assets\\\/img\\\/test_result\\\/0\\\/1.png\"],\"6\":[\"\\\/wp-content\\\/themes\\\/generatepress\\\/tools\\\\assets\\\/img\\\/test_result\\\/6\\\/1.png\"],\"7\":[\"\\\/wp-content\\\/themes\\\/generatepress\\\/tools\\\\assets\\\/img\\\/test_result\\\/7\\\/1.png\"],\"4\":[\"\\\/wp-content\\\/themes\\\/generatepress\\\/tools\\\\assets\\\/img\\\/test_result\\\/4\\\/1.png\"]}};\r\n                     var language = {\"code\":\"en\",\"name\":\"English\",\"prefix\":\"\"};\r\n                     var monitoringClickEvent = 'left';\r\n                     var shareTextDefault = 'My Manual Click Test result is {speed} ({clicks} Clicks in {time} Seconds)';\r\n                  <\/script>        \r\n               <\/div>\r\n            <\/section>\r\n\t\t\r\n\t<\/div>\r\n<\/div>\r\n\r\n    <script src=\"\/wp-content\/themes\/generatepress\/tools\/assets\/js\/libs.min.js\"><\/script>\r\n      <script src=\"\/wp-content\/themes\/generatepress\/tools\/assets\/js\/main.min.js?v64\"><\/script>\r\n\n\n<p><\/p>\n\n<p>Los usuarios de la prueba de clics manual pueden probar su velocidad de clics sin restricciones de tiempo. S\u00f3lo tienes que seguir haciendo clic a la misma velocidad durante el mayor tiempo posible porque, a diferencia de la prueba CPS habitual, \u00e9sta no termina autom\u00e1ticamente despu\u00e9s de un tiempo determinado. Una vez finalizada la prueba, puede finalizarla manualmente.<\/p>\n\n<h2 class=\"wp-block-heading\">Prueba CPS manual<\/h2>\n\n<p>Cuando quieras evaluar tu capacidad para hacer clic, se eliminan todos los escenarios como establecer un temporizador para una prueba de velocidad de clic. Es imposible evaluar su velocidad de clic en un intervalo de tiempo determinado. Por lo tanto, hemos desarrollado un sistema que le permite probar su velocidad de clic actual durante un tiempo infinito y determina cu\u00e1nto tiempo puede seguir haciendo clic a una determinada velocidad por segundo.<\/p>\n\n<p>La prueba CPS manual calcula cu\u00e1ntos clics de rat\u00f3n puede realizar una persona en un n\u00famero predeterminado de segundos. Puede comprobar su velocidad de clic en l\u00ednea de forma gratuita utilizando uno de los numerosos sitios de prueba de velocidad de clic.<\/p>\n<div class=\"wp-block-image\">\n<figure class=\"aligncenter size-full\"><img loading=\"lazy\" decoding=\"async\" width=\"1000\" height=\"500\" src=\"https:\/\/cpstesters.com\/wp-content\/uploads\/2022\/08\/Manual_Click-Test.jpg\" alt=\"Prueba de clic manual\" class=\"wp-image-315\" title=\"\" srcset=\"https:\/\/cpstesters.com\/wp-content\/uploads\/2022\/08\/Manual_Click-Test.jpg 1000w, https:\/\/cpstesters.com\/wp-content\/uploads\/2022\/08\/Manual_Click-Test-300x150.jpg 300w, https:\/\/cpstesters.com\/wp-content\/uploads\/2022\/08\/Manual_Click-Test-768x384.jpg 768w\" sizes=\"auto, (max-width: 1000px) 100vw, 1000px\" \/><figcaption class=\"wp-element-caption\">Prueba de clic manual<\/figcaption><\/figure>\n<\/div>\n<h2 class=\"wp-block-heading\">\u00bfC\u00f3mo funciona la prueba manual de clics?<\/h2>\n\n<p>El contador de clics incorporado a\u00f1ade clics en cuanto el usuario empieza a jugar. Adem\u00e1s, en cuanto el usuario hace clic en la casilla &#8220;Empezar a jugar&#8221; de la primera sesi\u00f3n, comienza la cuenta atr\u00e1s.<\/p>\n\n<p>El contador de clics crece a medida que se suceden los clics. Una vez transcurrido el tiempo asignado, se muestran finalmente los valores de CPM (Clics por minuto) y CPS (Clics por segundo). Sin embargo, el monitor s\u00f3lo funcionar\u00e1 en la zona designada. Para obtener el resultado deseado, basta con hacer clic en la zona de juego ideal.<\/p>\n\n<p class=\"has-text-align-center has-base-background-color has-background has-medium-font-size\">Realice tambi\u00e9n una prueba <a href=\"https:\/\/cpstesters.com\/es\/\" target=\"_blank\" rel=\"noreferrer noopener\">CPS<\/a> completa antes de presentarse a la prueba manual  <\/p>\n\n<h2 class=\"wp-block-heading\">Diferentes periodos de tiempo de la prueba CPS<\/h2>\n\n<ul class=\"wp-block-list\">\n<li>Prueba de 3 segundos<\/li>\n\n\n\n<li>Prueba de 4 segundos<\/li>\n\n\n\n<li>Prueba de 5 segundos<\/li>\n\n\n\n<li>Prueba de 10 segundos<\/li>\n\n\n\n<li>Prueba de 15 segundos<\/li>\n\n\n\n<li>Prueba de 30 segundos<\/li>\n\n\n\n<li>Prueba de 60 segundos<\/li>\n\n\n\n<li>Prueba de los 100 segundos<\/li>\n<\/ul>\n\n<p>Puedes elegir cualquier duraci\u00f3n para la prueba de clic; si eres principiante, empieza con 3 segundos y sigue tu evoluci\u00f3n. Escribe tu r\u00e9cord para los 10 segundos siguientes. Practica mucho para mejorar en los juegos de clicks si quieres clickear m\u00e1s r\u00e1pido.<\/p>\n\n<h2 class=\"wp-block-heading\">Caracter\u00edsticas de una prueba manual de clics<\/h2>\n\n<h3 class=\"wp-block-heading\"><strong>1.<\/strong> <strong>Sin calendario<\/strong><\/h3>\n\n<p>La principal ventaja de esta estrategia es que no hay restricci\u00f3n de tiempo. La prueba puede detenerse en cualquier momento. Su rendimiento al hacer clic mejora gracias a ello.<\/p>\n\n<h3 class=\"wp-block-heading\"><strong>2.<\/strong> <strong>Desaf\u00edate a ti mismo<\/strong><\/h3>\n\n<p>Utilizando el modo de prueba de clic manual cps, puedes ver lo r\u00e1pido que puedes hacer clic. Pone a prueba su capacidad para mantener la tasa de clics por segundo durante un per\u00edodo prolongado.<\/p>\n\n<h2 class=\"wp-block-heading has-text-align-center\">Preguntas frecuentes<\/h2>\n\n<h3 class=\"wp-block-heading\"><strong>\u00bfC\u00f3mo determino mi tasa de clics por segundo (cps)?<\/strong><\/h3>\n\n<p>Clics totales \/ Tiempo total en segundos equivale a clics por segundo (CPS). S\u00f3lo tienes que seguir las sencillas instrucciones para comprobar tu puntuaci\u00f3n de Clics por segundo.  <\/p>\n\n<h3 class=\"wp-block-heading\"><strong>\u00bfCu\u00e1l es la tasa CPS del clic?<\/strong><\/h3>\n\n<p>El CPS es la media de clics por segundo. Sirve para medir la rapidez con la que puedes pulsar el rat\u00f3n. La tasa CPS es el resultado de la prueba de velocidad de clic.<\/p>\n\n<h3 class=\"wp-block-heading\"><strong>\u00bfC\u00f3mo puedo realizar una prueba manual de clics?<\/strong><\/h3>\n\n<p>En la prueba principal, seleccione el bot\u00f3n &#8220;Prueba de clic manual&#8221;. Se encuentra en la p\u00e1gina de la prueba de clic manual. Haga clic en el bot\u00f3n verde para iniciar la prueba. En la medida de lo posible, sigue haciendo clic.<\/p>\n\n<h2 class=\"wp-block-heading\">Conclusi\u00f3n de la prueba CPS manual<\/h2>\n\n<p>Su uso es totalmente gratuito y es una soluci\u00f3n \u00fanica para medir la velocidad de clic de tu rat\u00f3n. Cualquier tipo de dispositivo, ya sea un tel\u00e9fono m\u00f3vil, un ordenador, un ordenador de sobremesa, un iPad, etc., puede utilizar la plataforma. Tambi\u00e9n es muy ligero y r\u00e1pido. Los resultados tambi\u00e9n son 100% exactos. As\u00ed, no hay posibilidad de que se produzca una salida falsa.<\/p>\n\n<p>Tenemos algunas otras pruebas que puede que desee comprobar:<\/p>\n\n<ul class=\"wp-block-list\">\n<li><a href=\"https:\/\/cpstesters.com\/es\/drag-click-test\/\" target=\"_blank\" rel=\"noreferrer noopener\">Prueba de arrastre y clic<\/a><\/li>\n\n\n\n<li><a href=\"https:\/\/cpstesters.com\/es\/double-click-test\/\" target=\"_blank\" rel=\"noreferrer noopener\">Prueba de doble clic<\/a><\/li>\n\n\n\n<li><a href=\"https:\/\/cpstesters.com\/es\/prueba-de-desplazamiento-del-raton\/\" target=\"_blank\" rel=\"noreferrer noopener\">Prueba de desplazamiento del rat\u00f3n<\/a><\/li>\n\n\n\n<li><a href=\"https:\/\/cpstesters.com\/es\/contador-de-barras-espaciadoras\/\" target=\"_blank\" rel=\"noreferrer noopener\">Barra espaciadora Contador<\/a><\/li>\n\n\n\n<li><a href=\"https:\/\/cpstesters.com\/es\/prueba-de-teclado\/\" target=\"_blank\" rel=\"noreferrer noopener\">Prueba de teclado<\/a><\/li>\n<\/ul>\n","protected":false},"excerpt":{"rendered":"<p>El Manual Click Test es un juego de clicks que se utiliza para contar tus clicks en el marco de tiempo manual definido por ti, &#8230; <\/p>\n<p class=\"read-more-container\"><a title=\"Prueba de clic manual | Compruebe la velocidad de su CPS\" class=\"read-more button\" href=\"https:\/\/cpstesters.com\/es\/prueba-de-clic-manual\/#more-2460\" aria-label=\"Leer m\u00e1s sobre Prueba de clic manual | Compruebe la velocidad de su CPS\">Read More<\/a><\/p>\n","protected":false},"author":4,"featured_media":1154,"parent":0,"menu_order":0,"comment_status":"closed","ping_status":"closed","template":"","meta":{"footnotes":""},"class_list":["post-2460","page","type-page","status-publish","has-post-thumbnail"],"_links":{"self":[{"href":"https:\/\/cpstesters.com\/es\/wp-json\/wp\/v2\/pages\/2460","targetHints":{"allow":["GET"]}}],"collection":[{"href":"https:\/\/cpstesters.com\/es\/wp-json\/wp\/v2\/pages"}],"about":[{"href":"https:\/\/cpstesters.com\/es\/wp-json\/wp\/v2\/types\/page"}],"author":[{"embeddable":true,"href":"https:\/\/cpstesters.com\/es\/wp-json\/wp\/v2\/users\/4"}],"replies":[{"embeddable":true,"href":"https:\/\/cpstesters.com\/es\/wp-json\/wp\/v2\/comments?post=2460"}],"version-history":[{"count":4,"href":"https:\/\/cpstesters.com\/es\/wp-json\/wp\/v2\/pages\/2460\/revisions"}],"predecessor-version":[{"id":4297,"href":"https:\/\/cpstesters.com\/es\/wp-json\/wp\/v2\/pages\/2460\/revisions\/4297"}],"wp:featuredmedia":[{"embeddable":true,"href":"https:\/\/cpstesters.com\/es\/wp-json\/wp\/v2\/media\/1154"}],"wp:attachment":[{"href":"https:\/\/cpstesters.com\/es\/wp-json\/wp\/v2\/media?parent=2460"}],"curies":[{"name":"wp","href":"https:\/\/api.w.org\/{rel}","templated":true}]}}