{"id":2309,"date":"2024-07-16T14:04:01","date_gmt":"2024-07-16T14:04:01","guid":{"rendered":"https:\/\/cpstesters.com\/politica-de-privacidad\/"},"modified":"2024-09-17T16:03:16","modified_gmt":"2024-09-17T16:03:16","slug":"politica-de-privacidad","status":"publish","type":"page","link":"https:\/\/cpstesters.com\/es\/politica-de-privacidad\/","title":{"rendered":"pol\u00edtica de privacidad"},"content":{"rendered":"\n<p>Esta Pol\u00edtica de Privacidad describe Nuestras pol\u00edticas y procedimientos sobre la recopilaci\u00f3n, uso y divulgaci\u00f3n de Su informaci\u00f3n cuando utiliza el Servicio y le informa sobre Sus derechos de privacidad y c\u00f3mo la ley lo protege.<\/p>\n\n\n\n<p>Utilizamos sus datos personales para proporcionar y mejorar el Servicio. Al utilizar el Servicio, usted acepta la recopilaci\u00f3n y el uso de informaci\u00f3n de acuerdo con esta Pol\u00edtica de privacidad. Esta Pol\u00edtica de privacidad se ha creado con la ayuda del&nbsp;&nbsp;<a href=\"https:\/\/translate.google.com\/website?sl=en&amp;tl=es&amp;hl=en&amp;client=webapp&amp;u=https:\/\/www.termsfeed.com\/privacy-policy-generator\/\" target=\"_blank\" rel=\"noreferrer noopener\">Generador de pol\u00edticas de privacidad<\/a>&nbsp;.<\/p>\n\n\n\n<h2 class=\"wp-block-heading\">Interpretaci\u00f3n y definiciones<\/h2>\n\n\n\n<h3 class=\"wp-block-heading\">Interpretaci\u00f3n<\/h3>\n\n\n\n<p>Las palabras cuya letra inicial est\u00e1 en may\u00fascula tienen significados definidos en las siguientes condiciones. Las siguientes definiciones tendr\u00e1n el mismo significado independientemente de que aparezcan en singular o en plural.<\/p>\n\n\n\n<h3 class=\"wp-block-heading\">Definiciones<\/h3>\n\n\n\n<p>A los efectos de esta Pol\u00edtica de Privacidad:<\/p>\n\n\n\n<ul class=\"wp-block-list\">\n<li><strong>Cuenta<\/strong>&nbsp;&nbsp;significa una cuenta \u00fanica creada para que Usted acceda a nuestro Servicio o partes de nuestro Servicio.<\/li>\n\n\n\n<li><strong>Afiliado<\/strong>&nbsp;&nbsp;significa una entidad que controla, es controlada por o est\u00e1 bajo control com\u00fan con una parte, donde \u201ccontrol\u201d significa propiedad del 50% o m\u00e1s de las acciones, participaci\u00f3n patrimonial u otros valores con derecho a voto para la elecci\u00f3n de directores u otra autoridad administrativa.<\/li>\n\n\n\n<li><strong>La empresa<\/strong>&nbsp;&nbsp;(a la que en este Acuerdo se hace referencia como \u201cla empresa\u201d, \u201cnosotros\u201d, \u201cnos\u201d o \u201cnuestro\u201d) se refiere a cps testers.<\/li>\n\n\n\n<li><strong>Las cookies<\/strong>&nbsp;&nbsp;son peque\u00f1os archivos que un sitio web coloca en su computadora, dispositivo m\u00f3vil o cualquier otro dispositivo y que contienen los detalles de su historial de navegaci\u00f3n en ese sitio web, entre sus muchos usos.<\/li>\n\n\n\n<li><strong>Pa\u00eds<\/strong>&nbsp;&nbsp;se refiere a: Karnataka, India<\/li>\n\n\n\n<li><strong>Dispositivo<\/strong>&nbsp;&nbsp;significa cualquier dispositivo que pueda acceder al Servicio, como una computadora, un tel\u00e9fono celular o una tableta digital.<\/li>\n\n\n\n<li><strong>Datos Personales<\/strong>&nbsp;&nbsp;son cualquier informaci\u00f3n relacionada con una persona f\u00edsica identificada o identificable.<\/li>\n\n\n\n<li><strong>El servicio<\/strong>&nbsp;&nbsp;se refiere al sitio web.<\/li>\n\n\n\n<li><strong>Proveedor de servicios<\/strong>&nbsp;&nbsp;significa cualquier persona f\u00edsica o jur\u00eddica que procesa los datos en nombre de la Compa\u00f1\u00eda. Se refiere a empresas o individuos de terceros empleados por la Compa\u00f1\u00eda para facilitar el Servicio, para proporcionar el Servicio en nombre de la Compa\u00f1\u00eda, para realizar servicios relacionados con el Servicio o para ayudar a la Compa\u00f1\u00eda a analizar c\u00f3mo se utiliza el Servicio.<\/li>\n\n\n\n<li><strong>Los datos de uso<\/strong>&nbsp;&nbsp;se refieren a los datos recopilados autom\u00e1ticamente, ya sea generados por el uso del Servicio o por la propia infraestructura del Servicio (por ejemplo, la duraci\u00f3n de la visita a una p\u00e1gina).<\/li>\n\n\n\n<li><strong>El sitio web<\/strong>&nbsp;&nbsp;se refiere a los probadores de CPS, accesibles desde&nbsp;&nbsp;<a href=\"https:\/\/cpstesters-com.translate.goog\/?_x_tr_sl=en&amp;_x_tr_tl=es&amp;_x_tr_hl=en&amp;_x_tr_pto=wapp\" target=\"_blank\" rel=\"noreferrer noopener\">https:\/\/cpstesters.com\/<\/a><\/li>\n\n\n\n<li><strong>Usted<\/strong>&nbsp;&nbsp;significa el individuo que accede o utiliza el Servicio, o la empresa u otra entidad legal en nombre de la cual dicho individuo accede o utiliza el Servicio, seg\u00fan corresponda.<\/li>\n<\/ul>\n\n\n\n<h2 class=\"wp-block-heading\">Recopilaci\u00f3n y uso de sus datos personales<\/h2>\n\n\n\n<h3 class=\"wp-block-heading\">Tipos de datos recopilados<\/h3>\n\n\n\n<h4 class=\"wp-block-heading\">Datos personales<\/h4>\n\n\n\n<p>Al utilizar nuestro Servicio, podemos solicitarle que nos proporcione cierta informaci\u00f3n de identificaci\u00f3n personal que se puede utilizar para contactarlo o identificarlo. La informaci\u00f3n de identificaci\u00f3n personal puede incluir, entre otras cosas:<\/p>\n\n\n\n<ul class=\"wp-block-list\">\n<li>Datos de uso<\/li>\n<\/ul>\n\n\n\n<h4 class=\"wp-block-heading\">Datos de uso<\/h4>\n\n\n\n<p>Los datos de uso se recopilan autom\u00e1ticamente al utilizar el Servicio.<\/p>\n\n\n\n<p>Los datos de uso pueden incluir informaci\u00f3n como la direcci\u00f3n de protocolo de Internet de su dispositivo (por ejemplo, direcci\u00f3n IP), el tipo de navegador, la versi\u00f3n del navegador, las p\u00e1ginas de nuestro Servicio que visita, la hora y la fecha de su visita, el tiempo dedicado a esas p\u00e1ginas, identificadores \u00fanicos del dispositivo y otros datos de diagn\u00f3stico.<\/p>\n\n\n\n<p>Cuando accede al Servicio mediante o a trav\u00e9s de un dispositivo m\u00f3vil, podemos recopilar cierta informaci\u00f3n autom\u00e1ticamente, incluyendo, entre otros, el tipo de dispositivo m\u00f3vil que utiliza, la identificaci\u00f3n \u00fanica de su dispositivo m\u00f3vil, la direcci\u00f3n IP de su dispositivo m\u00f3vil, su sistema operativo m\u00f3vil, el tipo de navegador de Internet m\u00f3vil que utiliza, identificadores \u00fanicos de dispositivo y otros datos de diagn\u00f3stico.<\/p>\n\n\n\n<p>Tambi\u00e9n podemos recopilar informaci\u00f3n que su navegador env\u00eda cada vez que visita nuestro Servicio o cuando accede al Servicio mediante un dispositivo m\u00f3vil.<\/p>\n\n\n\n<h4 class=\"wp-block-heading\">Tecnolog\u00edas de seguimiento y cookies<\/h4>\n\n\n\n<p>Utilizamos cookies y tecnolog\u00edas de seguimiento similares para rastrear la actividad en nuestro Servicio y almacenar cierta informaci\u00f3n. Las tecnolog\u00edas de seguimiento utilizadas son balizas, etiquetas y scripts para recopilar y rastrear informaci\u00f3n y para mejorar y analizar nuestro Servicio. Las tecnolog\u00edas que utilizamos pueden incluir:<\/p>\n\n\n\n<ul class=\"wp-block-list\">\n<li><strong>Cookies o Cookies del Navegador.<\/strong>&nbsp;&nbsp;Una cookie es un peque\u00f1o archivo que se coloca en Su Dispositivo. Usted puede indicarle a Su navegador que rechace todas las Cookies o que le indique cu\u00e1ndo se env\u00eda una Cookie. Sin embargo, si no acepta las Cookies, es posible que no pueda utilizar algunas partes de nuestro Servicio. A menos que haya ajustado la configuraci\u00f3n de Su navegador para que rechace las Cookies, nuestro Servicio puede utilizar Cookies.<\/li>\n\n\n\n<li><strong>Balizas web.<\/strong>&nbsp;&nbsp;Algunas secciones de nuestro Servicio y nuestros correos electr\u00f3nicos pueden contener peque\u00f1os archivos electr\u00f3nicos conocidos como balizas web (tambi\u00e9n conocidos como gifs transparentes, etiquetas de p\u00edxeles y gifs de un solo p\u00edxel) que permiten a la Compa\u00f1\u00eda, por ejemplo, contar los usuarios que han visitado esas p\u00e1ginas o han abierto un correo electr\u00f3nico y para otras estad\u00edsticas relacionadas con el sitio web (por ejemplo, registrar la popularidad de una determinada secci\u00f3n y verificar la integridad del sistema y del servidor).<\/li>\n<\/ul>\n\n\n\n<p>Las cookies pueden ser \u201cpersistentes\u201d o \u201cde sesi\u00f3n\u201d. Las cookies persistentes permanecen en su computadora personal o dispositivo m\u00f3vil cuando se desconecta, mientras que las cookies de sesi\u00f3n se eliminan tan pronto como cierra su navegador web. Puede obtener m\u00e1s informaci\u00f3n sobre las cookies en&nbsp; el art\u00edculo&nbsp;<a href=\"https:\/\/translate.google.com\/website?sl=en&amp;tl=es&amp;hl=en&amp;client=webapp&amp;u=https:\/\/www.termsfeed.com\/blog\/cookies\/%23What_Are_Cookies\" target=\"_blank\" rel=\"noreferrer noopener\">del sitio web TermsFeed<\/a>&nbsp;&nbsp;.<\/p>\n\n\n\n<p>Utilizamos cookies de sesi\u00f3n y persistentes para los fines que se detallan a continuaci\u00f3n:<\/p>\n\n\n\n<ul class=\"wp-block-list\">\n<li><strong>Cookies necesarias\/esenciales<\/strong>&nbsp;Tipo: Cookies de sesi\u00f3n Administradas por: Nosotros Finalidad: Estas cookies son esenciales para proporcionarle los servicios disponibles a trav\u00e9s del sitio web y permitirle utilizar algunas de sus funciones. Ayudan a autenticar a los usuarios y a evitar el uso fraudulento de las cuentas de usuario. Sin estas cookies, no se pueden proporcionar los servicios que ha solicitado, y solo utilizamos estas cookies para proporcionarle dichos servicios.<\/li>\n\n\n\n<li><strong>Pol\u00edtica de Cookies \/ Aviso de Aceptaci\u00f3n de Cookies<\/strong>&nbsp;Tipo: Cookies PersistentesAdministradas por: NosotrosProp\u00f3sito: Estas Cookies identifican si los usuarios han aceptado el uso de cookies en el Sitio Web.<\/li>\n\n\n\n<li><strong>Cookies de funcionalidad<\/strong>&nbsp;Tipo: Cookies persistentesAdministradas por: NosotrosProp\u00f3sito: Estas cookies nos permiten recordar las opciones que usted elige cuando utiliza el sitio web, como recordar sus datos de inicio de sesi\u00f3n o preferencia de idioma. El prop\u00f3sito de estas cookies es brindarle una experiencia m\u00e1s personal y evitar que tenga que volver a ingresar sus preferencias cada vez que utiliza el sitio web.<\/li>\n<\/ul>\n\n\n\n<p>Para obtener m\u00e1s informaci\u00f3n sobre las cookies que utilizamos y sus opciones con respecto a las cookies, visite nuestra Pol\u00edtica de cookies o la secci\u00f3n de Cookies de nuestra Pol\u00edtica de privacidad.<\/p>\n\n\n\n<h3 class=\"wp-block-heading\">Uso de sus datos personales<\/h3>\n\n\n\n<p>La Compa\u00f1\u00eda podr\u00e1 utilizar los Datos Personales para los siguientes fines:<\/p>\n\n\n\n<ul class=\"wp-block-list\">\n<li><strong>Para proporcionar y mantener nuestro Servicio<\/strong>&nbsp;, incluido el seguimiento del uso del mismo.<\/li>\n\n\n\n<li><strong>Para gestionar su cuenta:<\/strong>&nbsp;&nbsp;para gestionar su registro como usuario del Servicio. Los Datos Personales que proporcione pueden darle acceso a diferentes funcionalidades del Servicio que est\u00e1n disponibles para usted como usuario registrado.<\/li>\n\n\n\n<li><strong>Para la ejecuci\u00f3n de un contrato:<\/strong>&nbsp;&nbsp;el desarrollo, cumplimiento y ejecuci\u00f3n del contrato de compra de los productos, art\u00edculos o servicios que Usted ha adquirido o de cualquier otro contrato con Nosotros a trav\u00e9s del Servicio.<\/li>\n\n\n\n<li><strong>Para comunicarnos con Usted:<\/strong>&nbsp;&nbsp;Para comunicarnos con Usted por correo electr\u00f3nico, llamadas telef\u00f3nicas, SMS u otras formas equivalentes de comunicaci\u00f3n electr\u00f3nica, como las notificaciones push de una aplicaci\u00f3n m\u00f3vil sobre actualizaciones o comunicaciones informativas relacionadas con las funcionalidades, productos o servicios contratados, incluidas las actualizaciones de seguridad, cuando sea necesario o razonable para su implementaci\u00f3n.<\/li>\n\n\n\n<li><strong>Para brindarle<\/strong>&nbsp;&nbsp;noticias, ofertas especiales e informaci\u00f3n general sobre otros bienes, servicios y eventos que ofrecemos y que sean similares a los que ya ha comprado o consultado, a menos que haya optado por no recibir dicha informaci\u00f3n.<\/li>\n\n\n\n<li><strong>Para gestionar sus solicitudes:<\/strong>&nbsp;&nbsp;Para atender y gestionar las solicitudes que nos env\u00ede.<\/li>\n\n\n\n<li><strong>Para transferencias comerciales:<\/strong>&nbsp;&nbsp;Podemos utilizar su informaci\u00f3n para evaluar o llevar a cabo una fusi\u00f3n, desinversi\u00f3n, reestructuraci\u00f3n, reorganizaci\u00f3n, disoluci\u00f3n u otra venta o transferencia de algunos o todos nuestros activos, ya sea como un negocio en marcha o como parte de una quiebra, liquidaci\u00f3n o procedimiento similar, en el que los datos personales que tenemos sobre los usuarios de nuestro Servicio se encuentran entre los activos transferidos.<\/li>\n\n\n\n<li><strong>Para otros fines<\/strong>&nbsp;: Podemos utilizar su informaci\u00f3n para otros fines, como an\u00e1lisis de datos, identificaci\u00f3n de tendencias de uso, determinaci\u00f3n de la efectividad de nuestras campa\u00f1as promocionales y para evaluar y mejorar nuestro Servicio, productos, servicios, marketing y su experiencia.<\/li>\n<\/ul>\n\n\n\n<p>Podemos compartir su informaci\u00f3n personal en las siguientes situaciones:<\/p>\n\n\n\n<ul class=\"wp-block-list\">\n<li><strong>Con proveedores de servicios:<\/strong>&nbsp;&nbsp;Podemos compartir su informaci\u00f3n personal con proveedores de servicios para monitorear y analizar el uso de nuestro Servicio y para comunicarnos con usted.<\/li>\n\n\n\n<li><strong>Para transferencias comerciales:<\/strong>&nbsp;&nbsp;Podemos compartir o transferir su informaci\u00f3n personal en relaci\u00f3n con, o durante las negociaciones de, cualquier fusi\u00f3n, venta de activos de la empresa, financiamiento o adquisici\u00f3n de la totalidad o parte de nuestro negocio a otra empresa.<\/li>\n\n\n\n<li><strong>Con afiliados:<\/strong>&nbsp;&nbsp;podemos compartir su informaci\u00f3n con nuestros afiliados, en cuyo caso les exigiremos que respeten esta Pol\u00edtica de privacidad. Los afiliados incluyen nuestra empresa matriz y cualquier otra subsidiaria, socios de empresas conjuntas u otras empresas que controlamos o que est\u00e1n bajo control com\u00fan con nosotros.<\/li>\n\n\n\n<li><strong>Con socios comerciales:<\/strong>&nbsp;&nbsp;Podemos compartir su informaci\u00f3n con nuestros socios comerciales para ofrecerle ciertos productos, servicios o promociones.<\/li>\n\n\n\n<li><strong>Con otros usuarios:<\/strong>&nbsp;&nbsp;cuando Usted comparte informaci\u00f3n personal o interact\u00faa de otra manera en \u00e1reas p\u00fablicas con otros usuarios, dicha informaci\u00f3n puede ser vista por todos los usuarios y puede distribuirse p\u00fablicamente en el exterior.<\/li>\n\n\n\n<li><strong>Con su consentimiento<\/strong>&nbsp;: Podemos divulgar su informaci\u00f3n personal para cualquier otro prop\u00f3sito con su consentimiento.<\/li>\n<\/ul>\n\n\n\n<h3 class=\"wp-block-heading\">Conservaci\u00f3n de sus datos personales<\/h3>\n\n\n\n<p>La Compa\u00f1\u00eda conservar\u00e1 sus Datos Personales \u00fanicamente durante el tiempo que sea necesario para los fines establecidos en esta Pol\u00edtica de Privacidad. Conservaremos y utilizaremos sus Datos Personales en la medida necesaria para cumplir con nuestras obligaciones legales (por ejemplo, si estamos obligados a conservar sus datos para cumplir con las leyes aplicables), resolver disputas y hacer cumplir nuestros acuerdos y pol\u00edticas legales.<\/p>\n\n\n\n<p>La Compa\u00f1\u00eda tambi\u00e9n conservar\u00e1 los Datos de uso para fines de an\u00e1lisis interno. Los Datos de uso generalmente se conservan durante un per\u00edodo de tiempo m\u00e1s corto, excepto cuando estos datos se utilizan para fortalecer la seguridad o mejorar la funcionalidad de Nuestro Servicio, o estamos obligados legalmente a conservar estos datos durante per\u00edodos de tiempo m\u00e1s largos.<\/p>\n\n\n\n<h3 class=\"wp-block-heading\">Transferencia de sus datos personales<\/h3>\n\n\n\n<p>Su informaci\u00f3n, incluidos los Datos Personales, se procesa en las oficinas operativas de la Compa\u00f1\u00eda y en cualquier otro lugar donde se encuentren las partes involucradas en el procesamiento. Esto significa que esta informaci\u00f3n puede transferirse a computadoras ubicadas fuera de su estado, provincia, pa\u00eds u otra jurisdicci\u00f3n gubernamental donde las leyes de protecci\u00f3n de datos pueden diferir de las de su jurisdicci\u00f3n y mantenerse en ellas.<\/p>\n\n\n\n<p>Su consentimiento a esta Pol\u00edtica de privacidad seguido de su env\u00edo de dicha informaci\u00f3n representa su aceptaci\u00f3n de dicha transferencia.<\/p>\n\n\n\n<p>La Compa\u00f1\u00eda tomar\u00e1 todas las medidas razonablemente necesarias para garantizar que sus datos sean tratados de forma segura y de acuerdo con esta Pol\u00edtica de privacidad y no se realizar\u00e1 ninguna transferencia de sus datos personales a una organizaci\u00f3n o un pa\u00eds a menos que existan controles adecuados, incluida la seguridad de sus datos y otra informaci\u00f3n personal.<\/p>\n\n\n\n<h3 class=\"wp-block-heading\">Eliminar sus datos personales<\/h3>\n\n\n\n<p>Tiene derecho a eliminar o solicitar que le ayudemos a eliminar los Datos Personales que hemos recopilado sobre usted.<\/p>\n\n\n\n<p>Nuestro Servicio puede brindarle la posibilidad de eliminar cierta informaci\u00f3n sobre usted desde el Servicio.<\/p>\n\n\n\n<p>Puede actualizar, modificar o eliminar su informaci\u00f3n en cualquier momento iniciando sesi\u00f3n en su cuenta, si tiene una, y visitando la secci\u00f3n de configuraci\u00f3n de la cuenta que le permite administrar su informaci\u00f3n personal. Tambi\u00e9n puede comunicarse con nosotros para solicitar acceso, corregir o eliminar cualquier informaci\u00f3n personal que nos haya proporcionado.<\/p>\n\n\n\n<p>Sin embargo, tenga en cuenta que es posible que necesitemos conservar cierta informaci\u00f3n cuando tengamos una obligaci\u00f3n legal o una base legal para hacerlo.<\/p>\n\n\n\n<h3 class=\"wp-block-heading\">Divulgaci\u00f3n de sus datos personales<\/h3>\n\n\n\n<h4 class=\"wp-block-heading\">Transacciones comerciales<\/h4>\n\n\n\n<p>Si la Compa\u00f1\u00eda participa en una fusi\u00f3n, adquisici\u00f3n o venta de activos, sus Datos Personales pueden ser transferidos. Le notificaremos antes de que sus Datos Personales sean transferidos y queden sujetos a una Pol\u00edtica de Privacidad diferente.<\/p>\n\n\n\n<h4 class=\"wp-block-heading\">Aplicaci\u00f3n de la ley<\/h4>\n\n\n\n<p>En determinadas circunstancias, la Compa\u00f1\u00eda puede estar obligada a divulgar sus Datos Personales si as\u00ed lo exige la ley o en respuesta a solicitudes v\u00e1lidas de autoridades p\u00fablicas (por ejemplo, un tribunal o una agencia gubernamental).<\/p>\n\n\n\n<h4 class=\"wp-block-heading\">Otros requisitos legales<\/h4>\n\n\n\n<p>La Compa\u00f1\u00eda podr\u00e1 divulgar sus Datos Personales creyendo de buena fe que dicha acci\u00f3n es necesaria para:<\/p>\n\n\n\n<ul class=\"wp-block-list\">\n<li>Cumplir con una obligaci\u00f3n legal<\/li>\n\n\n\n<li>Proteger y defender los derechos o propiedad de la Compa\u00f1\u00eda<\/li>\n\n\n\n<li>Prevenir o investigar posibles irregularidades en relaci\u00f3n con el Servicio<\/li>\n\n\n\n<li>Proteger la seguridad personal de los Usuarios del Servicio o del p\u00fablico<\/li>\n\n\n\n<li>Protegerse contra la responsabilidad legal<\/li>\n<\/ul>\n\n\n\n<h3 class=\"wp-block-heading\">Seguridad de sus datos personales<\/h3>\n\n\n\n<p>La seguridad de sus datos personales es importante para nosotros, pero recuerde que ning\u00fan m\u00e9todo de transmisi\u00f3n por Internet o m\u00e9todo de almacenamiento electr\u00f3nico es 100 % seguro. Si bien nos esforzamos por utilizar medios comercialmente aceptables para proteger sus datos personales, no podemos garantizar su seguridad absoluta.<\/p>\n\n\n\n<h2 class=\"wp-block-heading\">Privacidad de los ni\u00f1os<\/h2>\n\n\n\n<p>Nuestro Servicio no est\u00e1 dirigido a ninguna persona menor de 13 a\u00f1os. No recopilamos deliberadamente informaci\u00f3n de identificaci\u00f3n personal de ninguna persona menor de 13 a\u00f1os. Si usted es padre o tutor y sabe que su hijo nos ha proporcionado datos personales, comun\u00edquese con nosotros. Si nos damos cuenta de que hemos recopilado datos personales de cualquier persona menor de 13 a\u00f1os sin verificar el consentimiento de los padres, tomamos medidas para eliminar esa informaci\u00f3n de nuestros servidores.<\/p>\n\n\n\n<p>Si necesitamos confiar en el consentimiento como base legal para procesar su informaci\u00f3n y su pa\u00eds requiere el consentimiento de uno de sus padres, es posible que solicitemos el consentimiento de sus padres antes de recopilar y utilizar esa informaci\u00f3n.<\/p>\n\n\n\n<h2 class=\"wp-block-heading\">Enlaces a otros sitios web<\/h2>\n\n\n\n<p>Nuestro Servicio puede contener enlaces a otros sitios web que no son operados por Nosotros. Si hace clic en un enlace de un tercero, ser\u00e1 dirigido al sitio de ese tercero. Le recomendamos encarecidamente que revise la Pol\u00edtica de privacidad de cada sitio que visite.<\/p>\n\n\n\n<p>No tenemos control ni asumimos ninguna responsabilidad por el contenido, las pol\u00edticas de privacidad o las pr\u00e1cticas de sitios o servicios de terceros.<\/p>\n\n\n\n<h2 class=\"wp-block-heading\">Cambios a esta Pol\u00edtica de Privacidad<\/h2>\n\n\n\n<p>Es posible que actualicemos nuestra Pol\u00edtica de privacidad de vez en cuando. Le notificaremos cualquier cambio publicando la nueva Pol\u00edtica de privacidad en esta p\u00e1gina.<\/p>\n\n\n\n<p>Le informaremos por correo electr\u00f3nico y\/o mediante un aviso destacado en nuestro Servicio, antes de que el cambio entre en vigencia y actualizaremos la fecha de \u201c\u00daltima actualizaci\u00f3n\u201d en la parte superior de esta Pol\u00edtica de privacidad.<\/p>\n\n\n\n<p>Se recomienda revisar peri\u00f3dicamente esta Pol\u00edtica de privacidad para comprobar si se han producido cambios. Los cambios a esta Pol\u00edtica de privacidad entran en vigor cuando se publican en esta p\u00e1gina.<\/p>\n\n\n\n<h2 class=\"wp-block-heading\">Cont\u00e1ctenos<\/h2>\n\n\n\n<p>Si tiene alguna pregunta sobre esta Pol\u00edtica de Privacidad, puede contactarnos:<\/p>\n\n\n\n<ul class=\"wp-block-list\">\n<li>Visitando esta p\u00e1gina en nuestro sitio web:&nbsp;&nbsp;<a href=\"https:\/\/cpstesters-com.translate.goog\/contact-us\/?_x_tr_sl=en&amp;_x_tr_tl=es&amp;_x_tr_hl=en&amp;_x_tr_pto=wapp\" target=\"_blank\" rel=\"noreferrer noopener\">https:\/\/cpstesters.com\/contact-us\/<\/a><\/li>\n<\/ul>\n","protected":false},"excerpt":{"rendered":"<p>Esta Pol\u00edtica de Privacidad describe Nuestras pol\u00edticas y procedimientos sobre la recopilaci\u00f3n, uso y divulgaci\u00f3n de Su informaci\u00f3n cuando utiliza el Servicio y le informa &#8230; <\/p>\n<p class=\"read-more-container\"><a title=\"pol\u00edtica de privacidad\" class=\"read-more button\" href=\"https:\/\/cpstesters.com\/es\/politica-de-privacidad\/#more-2309\" aria-label=\"Leer m\u00e1s sobre pol\u00edtica de privacidad\">Read More<\/a><\/p>\n","protected":false},"author":4,"featured_media":0,"parent":0,"menu_order":0,"comment_status":"closed","ping_status":"closed","template":"","meta":{"footnotes":""},"class_list":["post-2309","page","type-page","status-publish"],"_links":{"self":[{"href":"https:\/\/cpstesters.com\/es\/wp-json\/wp\/v2\/pages\/2309","targetHints":{"allow":["GET"]}}],"collection":[{"href":"https:\/\/cpstesters.com\/es\/wp-json\/wp\/v2\/pages"}],"about":[{"href":"https:\/\/cpstesters.com\/es\/wp-json\/wp\/v2\/types\/page"}],"author":[{"embeddable":true,"href":"https:\/\/cpstesters.com\/es\/wp-json\/wp\/v2\/users\/4"}],"replies":[{"embeddable":true,"href":"https:\/\/cpstesters.com\/es\/wp-json\/wp\/v2\/comments?post=2309"}],"version-history":[{"count":5,"href":"https:\/\/cpstesters.com\/es\/wp-json\/wp\/v2\/pages\/2309\/revisions"}],"predecessor-version":[{"id":6072,"href":"https:\/\/cpstesters.com\/es\/wp-json\/wp\/v2\/pages\/2309\/revisions\/6072"}],"wp:attachment":[{"href":"https:\/\/cpstesters.com\/es\/wp-json\/wp\/v2\/media?parent=2309"}],"curies":[{"name":"wp","href":"https:\/\/api.w.org\/{rel}","templated":true}]}}