{"id":2303,"date":"2024-07-16T14:21:27","date_gmt":"2024-07-16T14:21:27","guid":{"rendered":"https:\/\/cpstesters.com\/contacto\/"},"modified":"2024-09-17T14:22:12","modified_gmt":"2024-09-17T14:22:12","slug":"contacto","status":"publish","type":"page","link":"https:\/\/cpstesters.com\/es\/contacto\/","title":{"rendered":"Contacto"},"content":{"rendered":"\n<p>Si tiene alguna duda, no dude en ponerse en contacto con nosotros en cpstestersofficial@gmail.com o rellene el siguiente formulario. Para m\u00e1s informaci\u00f3n, visite nuestra p\u00e1gina <a href=\"https:\/\/cpstesters.com\/es\/?page_id=2155\" target=\"_blank\" rel=\"noreferrer noopener\">Qui\u00e9nes somos<\/a>.<\/p>\n\n\n\n<div class=\"wp-block-contact-form-7-contact-form-selector\">\n<div class=\"wpcf7 no-js\" id=\"wpcf7-f5802-o1\" lang=\"es-ES\" dir=\"ltr\" data-wpcf7-id=\"5802\">\n<div class=\"screen-reader-response\"><p role=\"status\" aria-live=\"polite\" aria-atomic=\"true\"><\/p> <ul><\/ul><\/div>\n<form action=\"\/es\/wp-json\/wp\/v2\/pages\/2303#wpcf7-f5802-o1\" method=\"post\" class=\"wpcf7-form init\" aria-label=\"Formulario de contacto\" novalidate=\"novalidate\" data-status=\"init\">\n<fieldset class=\"hidden-fields-container\"><input type=\"hidden\" name=\"_wpcf7\" value=\"5802\" \/><input type=\"hidden\" name=\"_wpcf7_version\" value=\"6.1.5\" \/><input type=\"hidden\" name=\"_wpcf7_locale\" value=\"es_ES\" \/><input type=\"hidden\" name=\"_wpcf7_unit_tag\" value=\"wpcf7-f5802-o1\" \/><input type=\"hidden\" name=\"_wpcf7_container_post\" value=\"0\" \/><input type=\"hidden\" name=\"_wpcf7_posted_data_hash\" value=\"\" \/>\n<\/fieldset>\n<p><label> Su nombre<br \/>\n<span class=\"wpcf7-form-control-wrap\" data-name=\"your-name\"><input size=\"40\" maxlength=\"400\" class=\"wpcf7-form-control wpcf7-text wpcf7-validates-as-required\" autocomplete=\"name\" aria-required=\"true\" aria-invalid=\"false\" value=\"\" type=\"text\" name=\"your-name\" \/><\/span> <\/label>\n<\/p>\n<p><label> Tu correo electr\u00f3nico<br \/>\n<span class=\"wpcf7-form-control-wrap\" data-name=\"your-email\"><input size=\"40\" maxlength=\"400\" class=\"wpcf7-form-control wpcf7-email wpcf7-validates-as-required wpcf7-text wpcf7-validates-as-email\" autocomplete=\"email\" aria-required=\"true\" aria-invalid=\"false\" value=\"\" type=\"email\" name=\"your-email\" \/><\/span> <\/label>\n<\/p>\n<p><label> Sujeta<br \/>\n<span class=\"wpcf7-form-control-wrap\" data-name=\"your-subject\"><input size=\"40\" maxlength=\"400\" class=\"wpcf7-form-control wpcf7-text wpcf7-validates-as-required\" aria-required=\"true\" aria-invalid=\"false\" value=\"\" type=\"text\" name=\"your-subject\" \/><\/span> <\/label>\n<\/p>\n<p><label> Tu mensaje (opcional)<br \/>\n<span class=\"wpcf7-form-control-wrap\" data-name=\"your-message\"><textarea cols=\"40\" rows=\"10\" maxlength=\"2000\" class=\"wpcf7-form-control wpcf7-textarea\" aria-invalid=\"false\" name=\"your-message\"><\/textarea><\/span> <\/label>\n<\/p>\n<p><input class=\"wpcf7-form-control wpcf7-submit has-spinner\" type=\"submit\" value=\"Entregar\" \/>\n<\/p>\n<p>This form uses Akismet to reduce spam. <a target=\"_blank\" rel=\"nofollow noopener\" href=\"https:\/\/akismet.com\/privacy\/\">Learn how your data is processed.<\/a>\n<\/p><div class=\"wpcf7-response-output\" aria-hidden=\"true\"><\/div>\n<\/form>\n<\/div>\n<\/div>\n","protected":false},"excerpt":{"rendered":"<p>Si tiene alguna duda, no dude en ponerse en contacto con nosotros en cpstestersofficial@gmail.com o rellene el siguiente formulario. Para m\u00e1s informaci\u00f3n, visite nuestra p\u00e1gina &#8230; <\/p>\n<p class=\"read-more-container\"><a title=\"Contacto\" class=\"read-more button\" href=\"https:\/\/cpstesters.com\/es\/contacto\/#more-2303\" aria-label=\"Leer m\u00e1s sobre Contacto\">Read More<\/a><\/p>\n","protected":false},"author":4,"featured_media":0,"parent":0,"menu_order":0,"comment_status":"closed","ping_status":"closed","template":"","meta":{"footnotes":""},"class_list":["post-2303","page","type-page","status-publish"],"_links":{"self":[{"href":"https:\/\/cpstesters.com\/es\/wp-json\/wp\/v2\/pages\/2303","targetHints":{"allow":["GET"]}}],"collection":[{"href":"https:\/\/cpstesters.com\/es\/wp-json\/wp\/v2\/pages"}],"about":[{"href":"https:\/\/cpstesters.com\/es\/wp-json\/wp\/v2\/types\/page"}],"author":[{"embeddable":true,"href":"https:\/\/cpstesters.com\/es\/wp-json\/wp\/v2\/users\/4"}],"replies":[{"embeddable":true,"href":"https:\/\/cpstesters.com\/es\/wp-json\/wp\/v2\/comments?post=2303"}],"version-history":[{"count":3,"href":"https:\/\/cpstesters.com\/es\/wp-json\/wp\/v2\/pages\/2303\/revisions"}],"predecessor-version":[{"id":5811,"href":"https:\/\/cpstesters.com\/es\/wp-json\/wp\/v2\/pages\/2303\/revisions\/5811"}],"wp:attachment":[{"href":"https:\/\/cpstesters.com\/es\/wp-json\/wp\/v2\/media?parent=2303"}],"curies":[{"name":"wp","href":"https:\/\/api.w.org\/{rel}","templated":true}]}}