{"id":2157,"date":"2024-07-16T14:14:50","date_gmt":"2024-07-16T14:14:50","guid":{"rendered":"https:\/\/cpstesters.com\/prueba-cps-de-60-segundos-comprueba-tu-velocidad-de-clic\/"},"modified":"2024-09-17T09:32:12","modified_gmt":"2024-09-17T09:32:12","slug":"60-second-cps-test","status":"publish","type":"page","link":"https:\/\/cpstesters.com\/es\/60-second-cps-test\/","title":{"rendered":"Prueba CPS de 60 segundos | Comprueba tu velocidad de clic"},"content":{"rendered":"\n<p>60 Second CPS Test es uno de los mejores test de clicks por el aumento de tiempo, \u00a1juega y mejora tu juego de clicks en poco tiempo!<\/p>\n\n\n <div class=\"row\">\r\n\t<div class=\"col-md-4\">\r\n\r\n\t\t\r\n\t\t\r\n\t\t<div class=\"side_nav\">\r\n            \r\n            \r\n            <ul class=\"time\">\r\n            <li>\r\n             <a href=\"https:\/\/cpstesters.com\/1-second-cps-test\/\"> <span data-time=\"1\">1 Second Test<\/span><\/a>\r\n            <\/li><li>\r\n             <a href=\"https:\/\/cpstesters.com\/2-second-cps-test\/\"><span data-time=\"2\">2 Second Test<\/span><\/a>\r\n            <\/li><li>\r\n           <a href=\"https:\/\/cpstesters.com\/5-second-cps-test\/\"><span data-time=\"5\">5 Second Test<\/span><\/a>\r\n            <\/li><li>\r\n\t\t\t\t <a href=\"https:\/\/cpstesters.com\/10-second-cps-test\/\"><span data-time=\"10\">10 Second Test<\/span><\/a>\r\n            <\/li><li>\r\n             <a href=\"https:\/\/cpstesters.com\/15-second-click-test\/\"><span data-time=\"15\">15 Second Test<\/span><\/a>\r\n            <\/li><li>\r\n\t\t\t\t<li>\r\n             <a href=\"https:\/\/cpstesters.com\/30-second-cps-test\/\"><span data-time=\"30\">30 Second Test<\/span><\/a>\r\n            <\/li><li>\r\n\t\t\t\t<li>\r\n             <a href=\"https:\/\/cpstesters.com\/60-second-cps-test\/\"><span data-time=\"60\" class=\"active\">60 Second Test<\/span><\/a>\r\n            <\/li><li>\r\n\t\t\t\t<li>\r\n             <a href=\"https:\/\/cpstesters.com\/100-second-cps-test\/\"><span data-time=\"100\">100 Second Test<\/span><\/a>\r\n            <\/li><li>\r\n\t\t\t\t\r\n             <a href=\"https:\/\/cpstesters.com\/manual-click-test\/\"><span data-time=\"20\">Manual Click Test<\/span><\/a>\r\n            <\/li><\/ul>\r\n            <\/div>\r\n\t\t\r\n\t\t\r\n\t<\/div>\r\n\t<div class=\"col-md-8\">\r\n\t\t<section class=\"section section--full js-section-full section--click\">\r\n               <div class=\"container\">\r\n\t\t\t\t   \r\n\t\t\t\t         <div class=\"setting\">\r\n    <div class=\"theme-mode\"><a class=\"theme-mode__switch js-switch\" href=\"javascript:void(0);\"><\/a>\r\n        <div class=\"theme-mode__text\">Light \/ Dark mode<\/div>\r\n    <\/div>\r\n<\/div>\r\n\t\t\t\t   \r\n\t\t\t\t   \r\n                  <div class=\"statistics\">\r\n                     <div class=\"statistics__item statistics__item--timer\">\r\n                        <div class=\"statistics__number\">\r\n                           <span class=\"js-time number_timer\">60.00<\/span>\r\n                           <a class=\"statistics__arrow statistics__arrow--up js-time-up\" href=\"javascript:void(0);\">\r\n                              <svg class=\"icon icon-arrow-up \">\r\n                                 <use xlink:href=\"\/wp-content\/themes\/generatepress\/tools\/assets\/img\/spritesvg.svg#arrow-up\"><\/use>\r\n                              <\/svg>\r\n                           <\/a>\r\n                           <a class=\"statistics__arrow statistics__arrow--down js-time-down\" href=\"javascript:void(0);\">\r\n                              <svg class=\"icon icon-arrow-up \">\r\n                                 <use xlink:href=\"\/wp-content\/themes\/generatepress\/tools\/assets\/img\/spritesvg.svg#arrow-up\"><\/use>\r\n                              <\/svg>\r\n                           <\/a>\r\n                        <\/div>\r\n                        <div class=\"statistics__title\">Timer<\/div>\r\n                     <\/div>\r\n                     <div class=\"statistics__item statistics__item--clicks\">\r\n                        <div class=\"statistics__number number_clicks js-speed\">0.00<\/div>\r\n                        <div class=\"statistics__title\">Clicks \/ s<\/div>\r\n                     <\/div>\r\n                     <div class=\"statistics__item statistics__item--score\">\r\n                        <div class=\"statistics__number number_score js-score\">0<\/div>\r\n                        <div class=\"statistics__title\">Score<\/div>\r\n                     <\/div>\r\n                  <\/div>\r\n                  <div class=\"clicks-zone\">\r\n                     <div class=\"clicks-zone__start js-clicks-start\">\r\n                        <svg class=\"icon icon-click \">\r\n                           <use xlink:href=\"\/wp-content\/themes\/generatepress\/tools\/assets\/img\/spritesvg.svg#click\"><\/use>\r\n                        <\/svg>\r\n                        <div class=\"clicks-zone__start-title\">\u0421lick here to start cps test<\/div>\r\n                     <\/div>\r\n                     <div class=\"clicks-zone__clicks js-clicks\"><\/div>\r\n                     <div class=\"clicks-zone__result result-clicks js-clicks-result\">\r\n                        <div class=\"result-clicks__title rank-wrapper\"><\/div>\r\n                        <div class=\"result-clicks__text\">Your CPS result is <span class=\"speed js-stat-speed\"><\/span> (<span class=\"clicks js-stat-clicks\"><\/span> Clicks in <span class=\"time js-stat-time\"><\/span> Seconds)<\/div>\r\n                        <div class=\"result-clicks__img\"><img><\/div>\r\n                        <a class=\"result-clicks__btn js-try-again\" href=\"javascript:void(0);\">\r\n                           <svg class=\"icon icon-again \">\r\n                              <use xlink:href=\"\/wp-content\/themes\/generatepress\/tools\/assets\/img\/spritesvg.svg#again\"><\/use>\r\n                           <\/svg>\r\n                           Restart\r\n                        <\/a>\r\n                        <div class=\"result-clicks__share\">\r\n                           <div class=\"result-clicks__share-title\">Share your result with friends!<\/div>\r\n                           <div class=\"share-buttons\">\r\n                              <a class=\"share-button facebook\" data-href=\"https:\/\/www.facebook.com\/sharer\/sharer.php?u=https:\/\/cpstesters.com\/\" target=\"_blank\" onclick=\"goclicky(this); return false;\" rel=\"noopener\">Facebook<\/a>\r\n                              <a class=\"share-button twitter\" data-href=\"http:\/\/www.twitter.com\/share?url=https:\/\/cpstesters.com\/&text=[text]\" target=\"_blank\" onclick=\"goclicky(this); return false;\" rel=\"noopener\">Twitter<\/a>\r\n                              <a class=\"share-button whatsapp\" data-href=\"https:\/\/api.whatsapp.com\/send?text=[text]\" target=\"_blank\" onclick=\"goclicky(this); return false;\" rel=\"noopener\">WhatsApp<\/a>\r\n                              <a class=\"share-button reddit\" data-href=\"http:\/\/www.reddit.com\/submit?url=https:\/\/cpstesters.com\/&title=[text]\" target=\"_blank\" onclick=\"goclicky(this); return false;\" rel=\"noopener\">Reddit<\/a>\r\n                           <\/div>\r\n                        <\/div>\r\n                     <\/div>\r\n                  <\/div>\r\n                  <img decoding=\"async\" src=\"\/wp-content\/themes\/generatepress\/tools\/assets\/img\/test_result\/3\/1.png\" style=\"display: none\" alt=\"\" title=\"\">\r\n                  <img decoding=\"async\" src=\"\/wp-content\/themes\/generatepress\/tools\/assets\/img\/test_result\/5\/1.png\" style=\"display: none\" alt=\"\" title=\"\">\r\n                  <img decoding=\"async\" src=\"\/wp-content\/themes\/generatepress\/tools\/assets\/img\/test_result\/1\/1.png\" style=\"display: none\" alt=\"\" title=\"\">\r\n                  <img decoding=\"async\" src=\"\/wp-content\/themes\/generatepress\/tools\/assets\/img\/test_result\/2\/1.png\" style=\"display: none\" alt=\"\" title=\"\">\r\n                  <img decoding=\"async\" src=\"\/wp-content\/themes\/generatepress\/tools\/assets\/img\/test_result\/0\/1.png\" style=\"display: none\" alt=\"\" title=\"\">\r\n                  <img decoding=\"async\" src=\"\/wp-content\/themes\/generatepress\/tools\/assets\/img\/test_result\/6\/1.png\" style=\"display: none\" alt=\"\" title=\"\">\r\n                  <img decoding=\"async\" src=\"\/wp-content\/themes\/generatepress\/tools\/assets\/img\/test_result\/7\/1.png\" style=\"display: none\" alt=\"\" title=\"\">\r\n                  <img decoding=\"async\" src=\"\/wp-content\/themes\/generatepress\/tools\/assets\/img\/test_result\/4\/1.png\" style=\"display: none\" alt=\"\" title=\"\">\r\n                  <script>\r\n                     var test_result = {\"ratings\":{\"min\":0,\"max\":5},\"rating_ranks\":[\"Your Rank is Snail!\",\"Your Rank is Koala!\",\"Your Rank is Turtle!\",\"Your Rank is Panda!\",\"Your Rank is Hare!\",\"Your Rank is Kangaroo!\",\"Your Rank is Panther!\",\"Your Rank is Cheetah!\"],\"cps_scale\":[[0,1],[1,3],[3,5],[5,7],[7,9],[9,10],[10,12],[12,999]],\"files\":{\"3\":[\"\\\/wp-content\\\/themes\\\/generatepress\\\/tools\\\\assets\\\/img\\\/test_result\\\/3\\\/1.png\"],\"5\":[\"\\\/wp-content\\\/themes\\\/generatepress\\\/tools\\\\assets\\\/img\\\/test_result\\\/5\\\/1.png\"],\"1\":[\"\\\/wp-content\\\/themes\\\/generatepress\\\/tools\\\\assets\\\/img\\\/test_result\\\/1\\\/1.png\"],\"2\":[\"\\\/wp-content\\\/themes\\\/generatepress\\\/tools\\\\assets\\\/img\\\/test_result\\\/2\\\/1.png\"],\"0\":[\"\\\/wp-content\\\/themes\\\/generatepress\\\/tools\\\\assets\\\/img\\\/test_result\\\/0\\\/1.png\"],\"6\":[\"\\\/wp-content\\\/themes\\\/generatepress\\\/tools\\\\assets\\\/img\\\/test_result\\\/6\\\/1.png\"],\"7\":[\"\\\/wp-content\\\/themes\\\/generatepress\\\/tools\\\\assets\\\/img\\\/test_result\\\/7\\\/1.png\"],\"4\":[\"\\\/wp-content\\\/themes\\\/generatepress\\\/tools\\\\assets\\\/img\\\/test_result\\\/4\\\/1.png\"]}};\r\n                     var language = {\"code\":\"en\",\"name\":\"English\",\"prefix\":\"\"};\r\n                     var monitoringClickEvent = 'left';\r\n                     var shareTextDefault = 'My CPS result is {speed} ({clicks} Clicks in {time} Seconds)';\r\n                  <\/script>        \r\n               <\/div>\r\n            <\/section>\r\n\t\t\r\n\t<\/div>\r\n<\/div>\r\n\r\n    <script src=\"\/wp-content\/themes\/generatepress\/tools\/assets\/js\/libs.min.js\"><\/script>\r\n      <script src=\"\/wp-content\/themes\/generatepress\/tools\/assets\/js\/main.min.js?v64\"><\/script>\r\n\n\n\n\n<div style=\"height:5px\" aria-hidden=\"true\" class=\"wp-block-spacer\"><\/div>\n\n\n\n<p>La capacidad de hacer clic con rapidez y precisi\u00f3n se ha vuelto cada vez m\u00e1s importante. La prueba CPS de 60 segundos es una herramienta en l\u00ednea sencilla pero eficaz dise\u00f1ada para medir la velocidad y la precisi\u00f3n de los clics de una persona en un lapso de 60 segundos. En este art\u00edculo, analizaremos en profundidad la importancia de esta prueba, su metodolog\u00eda y c\u00f3mo puede ser una herramienta valiosa para evaluar y mejorar las habilidades de clic de una persona.<\/p>\n\n\n\n<p>La&nbsp;<a href=\"https:\/\/cpstesters-com.translate.goog\/?_x_tr_sl=en&amp;_x_tr_tl=nl&amp;_x_tr_hl=en&amp;_x_tr_pto=wapp\" rel=\"noopener\">prueba de CPS<\/a>&nbsp;de 60 segundos est\u00e1 dise\u00f1ada espec\u00edficamente para evaluar la tasa&nbsp;<a href=\"https:\/\/cpstesters-com.translate.goog\/tap-speed-test\/?_x_tr_sl=en&amp;_x_tr_tl=nl&amp;_x_tr_hl=en&amp;_x_tr_pto=wapp\" rel=\"noopener\">de clics por segundo<\/a>&nbsp;(CPS) de una persona. CPS se refiere a la cantidad de clics que una persona puede hacer en un solo segundo. Esta prueba ofrece una plataforma donde los usuarios pueden mostrar su destreza con los clics y comparar sus resultados con los de otros.<\/p>\n\n\n<div class=\"wp-block-image\">\n<figure class=\"aligncenter\"><img loading=\"lazy\" decoding=\"async\" width=\"1000\" height=\"500\" src=\"https:\/\/i0.wp.com\/cpstesters.com\/wp-content\/uploads\/2022\/08\/60-sec-CPs-TESt.jpg?resize=1000%2C500&amp;ssl=1\" alt=\"Prueba CPS de 60 segundos\" class=\"wp-image-287\" title=\"\" srcset=\"https:\/\/cpstesters.com\/wp-content\/uploads\/2022\/08\/60-sec-CPs-TESt.jpg 1000w, https:\/\/cpstesters.com\/wp-content\/uploads\/2022\/08\/60-sec-CPs-TESt-300x150.jpg 300w, https:\/\/cpstesters.com\/wp-content\/uploads\/2022\/08\/60-sec-CPs-TESt-768x384.jpg 768w\" sizes=\"auto, (max-width: 1000px) 100vw, 1000px\" \/><figcaption class=\"wp-element-caption\">Prueba CPS de 60 segundos<\/figcaption><\/figure>\n<\/div>\n\n\n<p><\/p>\n\n\n\n<p>Para realizar la prueba de CPS de 60 segundos, los usuarios pueden acceder al sitio web o la plataforma designados que albergan la prueba. Al comenzar la prueba, se les presenta a los usuarios un cron\u00f3metro que cuenta regresivamente desde 60 segundos. Durante este tiempo, los participantes deben hacer clic r\u00e1pidamente en un \u00e1rea objetivo designada tantas veces como sea posible. Una vez que finaliza el cron\u00f3metro, la prueba calcula autom\u00e1ticamente el \u00edndice de CPS y proporciona una puntuaci\u00f3n final.<\/p>\n\n\n\n<h2 class=\"wp-block-heading\">Beneficios y significado:<\/h2>\n\n\n\n<ol class=\"wp-block-list\">\n<li>Velocidad y precisi\u00f3n de clic: la prueba de CPS de 60 segundos permite a las personas evaluar y mejorar su velocidad y precisi\u00f3n de clic. Al practicar y apuntar a \u00edndices de CPS m\u00e1s altos, los usuarios pueden mejorar su capacidad para procesar r\u00e1pidamente los est\u00edmulos visuales y responder con clics r\u00e1pidos y precisos.<\/li>\n\n\n\n<li>Rendimiento en juegos: la velocidad y la precisi\u00f3n de los clics desempe\u00f1an un papel crucial en diversas situaciones de juego. La prueba de CPS de 60 segundos puede servir como una excelente herramienta de entrenamiento para los jugadores, ayud\u00e1ndolos a mejorar su tiempo de reacci\u00f3n y su rendimiento general, en particular en juegos de ritmo r\u00e1pido que requieren clics r\u00e1pidos.<\/li>\n\n\n\n<li>Mejora de la productividad: en profesiones que implican un uso intensivo de la computadora, como la entrada de datos o el trabajo de dise\u00f1o, la prueba CPS de 60 segundos puede mejorar significativamente la productividad. Al monitorear y mejorar la velocidad de clic, los usuarios pueden optimizar su flujo de trabajo y reducir el tiempo dedicado a tareas repetitivas.<\/li>\n\n\n\n<li>Coordinaci\u00f3n mano-ojo: la prueba CPS de 60 segundos contribuye al desarrollo de la coordinaci\u00f3n mano-ojo. Al desafiar y mejorar la velocidad de clic, los usuarios pueden mejorar su capacidad para sincronizar los movimientos de la mano con las se\u00f1ales visuales, lo que puede resultar beneficioso en diversas actividades y tareas que requieren un control preciso.<\/li>\n<\/ol>\n\n\n\n<h2 class=\"wp-block-heading\">Consejos para mejorar la tasa de CPS:<\/h2>\n\n\n\n<ol class=\"wp-block-list\">\n<li>Pr\u00e1ctica regular: como cualquier habilidad, la velocidad y la precisi\u00f3n de los clics se pueden mejorar con la pr\u00e1ctica constante. Realizar la prueba de CPS de 60 segundos con regularidad puede ayudar a los usuarios a mejorar sus habilidades de clic y aumentar su \u00edndice de CPS con el tiempo.<\/li>\n\n\n\n<li>Concentraci\u00f3n y atenci\u00f3n: mantener la concentraci\u00f3n y la atenci\u00f3n durante la prueba es fundamental. Minimizar las distracciones y esforzarse por hacer clic en el \u00e1rea objetivo con precisi\u00f3n puede ayudar a evitar errores innecesarios que pueden afectar la tasa de CPS.<\/li>\n\n\n\n<li>Ergonom\u00eda: Preste atenci\u00f3n a factores ergon\u00f3micos como un asiento c\u00f3modo, una posici\u00f3n adecuada de las manos y un mouse o trackpad que funcione bien. Una configuraci\u00f3n ergon\u00f3mica puede mejorar la comodidad y promover un rendimiento \u00f3ptimo al hacer clic.<\/li>\n<\/ol>\n\n\n\n<p>La prueba de CPS de 60 segundos proporciona un valioso medio para evaluar la velocidad y la precisi\u00f3n de los clics. Ya sea para el desarrollo personal, la mejora de los juegos o la mejora de la productividad en entornos profesionales, esta prueba ofrece una plataforma atractiva para desafiarse a uno mismo y mejorar las habilidades de clic. Al practicar con regularidad y centrarse en mejorar la tasa de CPS, los usuarios pueden mejorar su velocidad, precisi\u00f3n y rendimiento general. Entonces, \u00bfpor qu\u00e9 no tomarse un minuto para poner a prueba sus habilidades de clic y embarcarse en un viaje de mejora?<\/p>\n\n\n\n<h3 class=\"wp-block-heading\">Otras pruebas de clic<\/h3>\n\n\n\n<ul class=\"wp-block-list\">\n<li><a href=\"https:\/\/cpstesters-com.translate.goog\/?_x_tr_sl=en&amp;_x_tr_tl=nl&amp;_x_tr_hl=en&amp;_x_tr_pto=wapp\" target=\"_blank\" rel=\"noreferrer noopener\">Prueba CPS<\/a>\u00a0(prueba b\u00e1sica)<\/li>\n\n\n\n<li><a href=\"https:\/\/cpstesters-com.translate.goog\/right-click-cps-test\/?_x_tr_sl=en&amp;_x_tr_tl=nl&amp;_x_tr_hl=en&amp;_x_tr_pto=wapp\" target=\"_blank\" rel=\"noreferrer noopener\">Prueba CPS con clic derecho<\/a><\/li>\n\n\n\n<li><a href=\"https:\/\/cpstesters-com.translate.goog\/jitter-click-test\/?_x_tr_sl=en&amp;_x_tr_tl=nl&amp;_x_tr_hl=en&amp;_x_tr_pto=wapp\" target=\"_blank\" rel=\"noreferrer noopener\">Prueba de clic de fluctuaci\u00f3n<\/a><\/li>\n\n\n\n<li><a href=\"https:\/\/cpstesters-com.translate.goog\/kohi-click-test\/?_x_tr_sl=en&amp;_x_tr_tl=nl&amp;_x_tr_hl=en&amp;_x_tr_pto=wapp\" target=\"_blank\" rel=\"noreferrer noopener\">Prueba de clic de Kohi<\/a><\/li>\n\n\n\n<li><a href=\"https:\/\/cpstesters-com.translate.goog\/manual-click-test\/?_x_tr_sl=en&amp;_x_tr_tl=nl&amp;_x_tr_hl=en&amp;_x_tr_pto=wapp\" target=\"_blank\" rel=\"noreferrer noopener\">Prueba de clic manual<\/a><\/li>\n<\/ul>\n","protected":false},"excerpt":{"rendered":"<p>60 Second CPS Test es uno de los mejores test de clicks por el aumento de tiempo, \u00a1juega y mejora tu juego de clicks en &#8230; <\/p>\n<p class=\"read-more-container\"><a title=\"Prueba CPS de 60 segundos | Comprueba tu velocidad de clic\" class=\"read-more button\" href=\"https:\/\/cpstesters.com\/es\/60-second-cps-test\/#more-2157\" aria-label=\"Leer m\u00e1s sobre Prueba CPS de 60 segundos | Comprueba tu velocidad de clic\">Read More<\/a><\/p>\n","protected":false},"author":4,"featured_media":0,"parent":0,"menu_order":0,"comment_status":"closed","ping_status":"closed","template":"","meta":{"footnotes":""},"class_list":["post-2157","page","type-page","status-publish"],"_links":{"self":[{"href":"https:\/\/cpstesters.com\/es\/wp-json\/wp\/v2\/pages\/2157","targetHints":{"allow":["GET"]}}],"collection":[{"href":"https:\/\/cpstesters.com\/es\/wp-json\/wp\/v2\/pages"}],"about":[{"href":"https:\/\/cpstesters.com\/es\/wp-json\/wp\/v2\/types\/page"}],"author":[{"embeddable":true,"href":"https:\/\/cpstesters.com\/es\/wp-json\/wp\/v2\/users\/4"}],"replies":[{"embeddable":true,"href":"https:\/\/cpstesters.com\/es\/wp-json\/wp\/v2\/comments?post=2157"}],"version-history":[{"count":5,"href":"https:\/\/cpstesters.com\/es\/wp-json\/wp\/v2\/pages\/2157\/revisions"}],"predecessor-version":[{"id":5994,"href":"https:\/\/cpstesters.com\/es\/wp-json\/wp\/v2\/pages\/2157\/revisions\/5994"}],"wp:attachment":[{"href":"https:\/\/cpstesters.com\/es\/wp-json\/wp\/v2\/media?parent=2157"}],"curies":[{"name":"wp","href":"https:\/\/api.w.org\/{rel}","templated":true}]}}