{"id":2156,"date":"2024-07-16T13:59:13","date_gmt":"2024-07-16T13:59:13","guid":{"rendered":"https:\/\/cpstesters.com\/prueba-cps-de-100-segundos-comprobar-la-velocidad-de-los-clics\/"},"modified":"2024-09-17T06:52:41","modified_gmt":"2024-09-17T06:52:41","slug":"100-second-cps-test","status":"publish","type":"page","link":"https:\/\/cpstesters.com\/es\/100-second-cps-test\/","title":{"rendered":"Prueba CPS de 100 segundos | Comprobar la velocidad de los clics"},"content":{"rendered":"\n<p>\u00a1100 Segundos CPS Test es el m\u00e1s fino, comprobar lo r\u00e1pido que puede hacer clic con su resistencia y paciencia en 100 segundos de tiempo!<\/p>\n\n\n <div class=\"row\">\r\n\t<div class=\"col-md-4\">\r\n\r\n\t\t\r\n\t\t\r\n\t\t<div class=\"side_nav\">\r\n            \r\n            \r\n            <ul class=\"time\">\r\n            <li>\r\n             <a href=\"https:\/\/cpstesters.com\/1-second-cps-test\/\"> <span data-time=\"1\">1 Second Test<\/span><\/a>\r\n            <\/li><li>\r\n             <a href=\"https:\/\/cpstesters.com\/2-second-cps-test\/\"><span data-time=\"2\">2 Second Test<\/span><\/a>\r\n            <\/li><li>\r\n           <a href=\"https:\/\/cpstesters.com\/5-second-cps-test\/\"><span data-time=\"5\">5 Second Test<\/span><\/a>\r\n            <\/li><li>\r\n\t\t\t\t <a href=\"https:\/\/cpstesters.com\/10-second-cps-test\/\"><span data-time=\"10\">10 Second Test<\/span><\/a>\r\n            <\/li><li>\r\n             <a href=\"https:\/\/cpstesters.com\/15-second-click-test\/\"><span data-time=\"15\">15 Second Test<\/span><\/a>\r\n            <\/li><li>\r\n\t\t\t\t<li>\r\n             <a href=\"https:\/\/cpstesters.com\/30-second-cps-test\/\"><span data-time=\"30\">30 Second Test<\/span><\/a>\r\n            <\/li><li>\r\n\t\t\t\t<li>\r\n             <a href=\"https:\/\/cpstesters.com\/60-second-cps-test\/\"><span data-time=\"60\">60 Second Test<\/span><\/a>\r\n            <\/li><li>\r\n\t\t\t\t<li>\r\n             <a href=\"https:\/\/cpstesters.com\/100-second-cps-test\/\"><span data-time=\"100\" class=\"active\">100 Second Test<\/span><\/a>\r\n            <\/li><li>\r\n\t\t\t\t\r\n             <a href=\"https:\/\/cpstesters.com\/manual-click-test\/\"><span data-time=\"20\">Manual Click Test<\/span><\/a>\r\n            <\/li><\/ul>\r\n            <\/div>\r\n\t\t\r\n\t\t\r\n\t<\/div>\r\n\t<div class=\"col-md-8\">\r\n\t\t<section class=\"section section--full js-section-full section--click\">\r\n               <div class=\"container\">\r\n\t\t\t\t   \r\n\t\t\t\t         <div class=\"setting\">\r\n    <div class=\"theme-mode\"><a class=\"theme-mode__switch js-switch\" href=\"javascript:void(0);\"><\/a>\r\n        <div class=\"theme-mode__text\">Light \/ Dark mode<\/div>\r\n    <\/div>\r\n<\/div>\r\n\t\t\t\t   \r\n\t\t\t\t   \r\n                  <div class=\"statistics\">\r\n                     <div class=\"statistics__item statistics__item--timer\">\r\n                        <div class=\"statistics__number\">\r\n                           <span class=\"js-time number_timer\">100.00<\/span>\r\n                           <a class=\"statistics__arrow statistics__arrow--up js-time-up\" href=\"javascript:void(0);\">\r\n                              <svg class=\"icon icon-arrow-up \">\r\n                                 <use xlink:href=\"\/wp-content\/themes\/generatepress\/tools\/assets\/img\/spritesvg.svg#arrow-up\"><\/use>\r\n                              <\/svg>\r\n                           <\/a>\r\n                           <a class=\"statistics__arrow statistics__arrow--down js-time-down\" href=\"javascript:void(0);\">\r\n                              <svg class=\"icon icon-arrow-up \">\r\n                                 <use xlink:href=\"\/wp-content\/themes\/generatepress\/tools\/assets\/img\/spritesvg.svg#arrow-up\"><\/use>\r\n                              <\/svg>\r\n                           <\/a>\r\n                        <\/div>\r\n                        <div class=\"statistics__title\">Timer<\/div>\r\n                     <\/div>\r\n                     <div class=\"statistics__item statistics__item--clicks\">\r\n                        <div class=\"statistics__number number_clicks js-speed\">0.00<\/div>\r\n                        <div class=\"statistics__title\">Clicks \/ s<\/div>\r\n                     <\/div>\r\n                     <div class=\"statistics__item statistics__item--score\">\r\n                        <div class=\"statistics__number number_score js-score\">0<\/div>\r\n                        <div class=\"statistics__title\">Score<\/div>\r\n                     <\/div>\r\n                  <\/div>\r\n                  <div class=\"clicks-zone\">\r\n                     <div class=\"clicks-zone__start js-clicks-start\">\r\n                        <svg class=\"icon icon-click \">\r\n                           <use xlink:href=\"\/wp-content\/themes\/generatepress\/tools\/assets\/img\/spritesvg.svg#click\"><\/use>\r\n                        <\/svg>\r\n                        <div class=\"clicks-zone__start-title\">\u0421lick here to start cps test<\/div>\r\n                     <\/div>\r\n                     <div class=\"clicks-zone__clicks js-clicks\"><\/div>\r\n                     <div class=\"clicks-zone__result result-clicks js-clicks-result\">\r\n                        <div class=\"result-clicks__title rank-wrapper\"><\/div>\r\n                        <div class=\"result-clicks__text\">Your CPS result is <span class=\"speed js-stat-speed\"><\/span> (<span class=\"clicks js-stat-clicks\"><\/span> Clicks in <span class=\"time js-stat-time\"><\/span> Seconds)<\/div>\r\n                        <div class=\"result-clicks__img\"><img><\/div>\r\n                        <a class=\"result-clicks__btn js-try-again\" href=\"javascript:void(0);\">\r\n                           <svg class=\"icon icon-again \">\r\n                              <use xlink:href=\"\/wp-content\/themes\/generatepress\/tools\/assets\/img\/spritesvg.svg#again\"><\/use>\r\n                           <\/svg>\r\n                           Restart\r\n                        <\/a>\r\n                        <div class=\"result-clicks__share\">\r\n                           <div class=\"result-clicks__share-title\">Share your result with friends!<\/div>\r\n                           <div class=\"share-buttons\">\r\n                              <a class=\"share-button facebook\" data-href=\"https:\/\/www.facebook.com\/sharer\/sharer.php?u=https:\/\/cpstesters.com\/\" target=\"_blank\" onclick=\"goclicky(this); return false;\" rel=\"noopener\">Facebook<\/a>\r\n                              <a class=\"share-button twitter\" data-href=\"http:\/\/www.twitter.com\/share?url=https:\/\/cpstesters.com\/&text=[text]\" target=\"_blank\" onclick=\"goclicky(this); return false;\" rel=\"noopener\">Twitter<\/a>\r\n                              <a class=\"share-button whatsapp\" data-href=\"https:\/\/api.whatsapp.com\/send?text=[text]\" target=\"_blank\" onclick=\"goclicky(this); return false;\" rel=\"noopener\">WhatsApp<\/a>\r\n                              <a class=\"share-button reddit\" data-href=\"http:\/\/www.reddit.com\/submit?url=https:\/\/cpstesters.com\/&title=[text]\" target=\"_blank\" onclick=\"goclicky(this); return false;\" rel=\"noopener\">Reddit<\/a>\r\n                           <\/div>\r\n                        <\/div>\r\n                     <\/div>\r\n                  <\/div>\r\n                  <img decoding=\"async\" src=\"\/wp-content\/themes\/generatepress\/tools\/assets\/img\/test_result\/3\/1.png\" style=\"display: none\" alt=\"\" title=\"\">\r\n                  <img decoding=\"async\" src=\"\/wp-content\/themes\/generatepress\/tools\/assets\/img\/test_result\/5\/1.png\" style=\"display: none\" alt=\"\" title=\"\">\r\n                  <img decoding=\"async\" src=\"\/wp-content\/themes\/generatepress\/tools\/assets\/img\/test_result\/1\/1.png\" style=\"display: none\" alt=\"\" title=\"\">\r\n                  <img decoding=\"async\" src=\"\/wp-content\/themes\/generatepress\/tools\/assets\/img\/test_result\/2\/1.png\" style=\"display: none\" alt=\"\" title=\"\">\r\n                  <img decoding=\"async\" src=\"\/wp-content\/themes\/generatepress\/tools\/assets\/img\/test_result\/0\/1.png\" style=\"display: none\" alt=\"\" title=\"\">\r\n                  <img decoding=\"async\" src=\"\/wp-content\/themes\/generatepress\/tools\/assets\/img\/test_result\/6\/1.png\" style=\"display: none\" alt=\"\" title=\"\">\r\n                  <img decoding=\"async\" src=\"\/wp-content\/themes\/generatepress\/tools\/assets\/img\/test_result\/7\/1.png\" style=\"display: none\" alt=\"\" title=\"\">\r\n                  <img decoding=\"async\" src=\"\/wp-content\/themes\/generatepress\/tools\/assets\/img\/test_result\/4\/1.png\" style=\"display: none\" alt=\"\" title=\"\">\r\n                  <script>\r\n                     var test_result = {\"ratings\":{\"min\":0,\"max\":5},\"rating_ranks\":[\"Your Rank is Snail!\",\"Your Rank is Koala!\",\"Your Rank is Turtle!\",\"Your Rank is Panda!\",\"Your Rank is Hare!\",\"Your Rank is Kangaroo!\",\"Your Rank is Panther!\",\"Your Rank is Cheetah!\"],\"cps_scale\":[[0,1],[1,3],[3,5],[5,7],[7,9],[9,10],[10,12],[12,999]],\"files\":{\"3\":[\"\\\/wp-content\\\/themes\\\/generatepress\\\/tools\\\\assets\\\/img\\\/test_result\\\/3\\\/1.png\"],\"5\":[\"\\\/wp-content\\\/themes\\\/generatepress\\\/tools\\\\assets\\\/img\\\/test_result\\\/5\\\/1.png\"],\"1\":[\"\\\/wp-content\\\/themes\\\/generatepress\\\/tools\\\\assets\\\/img\\\/test_result\\\/1\\\/1.png\"],\"2\":[\"\\\/wp-content\\\/themes\\\/generatepress\\\/tools\\\\assets\\\/img\\\/test_result\\\/2\\\/1.png\"],\"0\":[\"\\\/wp-content\\\/themes\\\/generatepress\\\/tools\\\\assets\\\/img\\\/test_result\\\/0\\\/1.png\"],\"6\":[\"\\\/wp-content\\\/themes\\\/generatepress\\\/tools\\\\assets\\\/img\\\/test_result\\\/6\\\/1.png\"],\"7\":[\"\\\/wp-content\\\/themes\\\/generatepress\\\/tools\\\\assets\\\/img\\\/test_result\\\/7\\\/1.png\"],\"4\":[\"\\\/wp-content\\\/themes\\\/generatepress\\\/tools\\\\assets\\\/img\\\/test_result\\\/4\\\/1.png\"]}};\r\n                     var language = {\"code\":\"en\",\"name\":\"English\",\"prefix\":\"\"};\r\n                     var monitoringClickEvent = 'left';\r\n                     var shareTextDefault = 'My CPS result is {speed} ({clicks} Clicks in {time} Seconds)';\r\n                  <\/script>        \r\n               <\/div>\r\n            <\/section>\r\n\t\t\r\n\t<\/div>\r\n<\/div>\r\n\r\n    <script src=\"\/wp-content\/themes\/generatepress\/tools\/assets\/js\/libs.min.js\"><\/script>\r\n      <script src=\"\/wp-content\/themes\/generatepress\/tools\/assets\/js\/main.min.js?v64\"><\/script>\r\n\n\n\n\n<div style=\"height:5px\" aria-hidden=\"true\" class=\"wp-block-spacer\"><\/div>\n\n\n\n<p>En la era digital, donde la eficiencia y la velocidad son primordiales, la capacidad de hacer clic con rapidez y precisi\u00f3n se ha vuelto cada vez m\u00e1s importante. La prueba de 100 segundos de CPS es una herramienta en l\u00ednea simple pero efectiva que mide la velocidad y precisi\u00f3n de los clics en un lapso de 100 segundos. En este art\u00edculo, exploraremos la importancia de esta prueba, su metodolog\u00eda y c\u00f3mo puede ser una forma divertida de desafiar y mejorar las habilidades de clic.<\/p>\n\n\n\n<p><\/p>\n\n\n<div class=\"wp-block-image\">\n<figure class=\"aligncenter size-full\"><img loading=\"lazy\" decoding=\"async\" width=\"1000\" height=\"500\" src=\"https:\/\/cpstesters.com\/wp-content\/uploads\/2022\/08\/100-sec-CPs-TESt.jpg\" alt=\"Prueba CPS de 100 segundos\" class=\"wp-image-290\" title=\"\" srcset=\"https:\/\/cpstesters.com\/wp-content\/uploads\/2022\/08\/100-sec-CPs-TESt.jpg 1000w, https:\/\/cpstesters.com\/wp-content\/uploads\/2022\/08\/100-sec-CPs-TESt-300x150.jpg 300w, https:\/\/cpstesters.com\/wp-content\/uploads\/2022\/08\/100-sec-CPs-TESt-768x384.jpg 768w\" sizes=\"auto, (max-width: 1000px) 100vw, 1000px\" \/><\/figure>\n<\/div>\n\n\n<p><\/p>\n\n\n\n<h3 class=\"wp-block-heading\">Entendiendo la prueba CPS de 100 segundos:<\/h3>\n\n\n\n<p>La&nbsp;<a href=\"https:\/\/cpstesters-com.translate.goog\/?_x_tr_sl=en&amp;_x_tr_tl=nl&amp;_x_tr_hl=en&amp;_x_tr_pto=wapp\" rel=\"noopener\">prueba de CPS<\/a>&nbsp;de 100 segundos est\u00e1 dise\u00f1ada para evaluar la tasa&nbsp;<a href=\"https:\/\/cpstesters-com.translate.goog\/tap-speed-test\/?_x_tr_sl=en&amp;_x_tr_tl=nl&amp;_x_tr_hl=en&amp;_x_tr_pto=wapp\" rel=\"noopener\">de clics por segundo<\/a>&nbsp;(CPS) de una persona. CPS se refiere a la cantidad de clics que una persona puede hacer en un segundo. La prueba ofrece una plataforma atractiva donde los usuarios pueden mostrar su destreza con los clics y comparar sus resultados con los de otros.<\/p>\n\n\n\n<h3 class=\"wp-block-heading\">Metodolog\u00eda:<\/h3>\n\n\n\n<p>Para realizar la prueba de CPS de 100 segundos, solo es necesario visitar el sitio web o la plataforma designados para la prueba. Se le presenta al usuario un cron\u00f3metro que comienza a contar desde 100 segundos. Durante este tiempo, el usuario debe hacer clic r\u00e1pidamente en el \u00e1rea objetivo indicada tantas veces como sea posible. Una vez que el cron\u00f3metro termina, la prueba calcula autom\u00e1ticamente el \u00edndice de CPS y presenta la puntuaci\u00f3n final.<\/p>\n\n\n\n<h3 class=\"wp-block-heading\">Beneficios y significado:<\/h3>\n\n\n\n<ol class=\"wp-block-list\">\n<li>Reflejos y coordinaci\u00f3n mano-ojo: la prueba CPS de 100 segundos ayuda a mejorar los reflejos y la coordinaci\u00f3n mano-ojo. Al practicar e intentar lograr \u00edndices de CPS m\u00e1s altos, las personas pueden mejorar su capacidad para procesar est\u00edmulos visuales y responder r\u00e1pidamente.<\/li>\n\n\n\n<li>Juegos y deportes electr\u00f3nicos: la velocidad y la precisi\u00f3n al hacer clic son cruciales en varios escenarios de juego, especialmente en los deportes electr\u00f3nicos competitivos. La prueba de CPS de 100 segundos puede servir como herramienta de entrenamiento para que los jugadores mejoren su tiempo de reacci\u00f3n y obtengan una ventaja competitiva.<\/li>\n\n\n\n<li>Productividad profesional: en profesiones que implican un uso intensivo de la computadora, como la introducci\u00f3n de datos o el dise\u00f1o gr\u00e1fico, una tasa de CPS m\u00e1s alta puede mejorar significativamente la productividad. La prueba se puede utilizar como una herramienta de autoevaluaci\u00f3n para controlar y mejorar la velocidad de clic, lo que conduce a una mayor eficiencia en el trabajo.<\/li>\n\n\n\n<li>Competencia amistosa: la prueba de CPS de 100 segundos ofrece una oportunidad para una competencia amistosa entre amigos, colegas o comunidades en l\u00ednea. Los usuarios pueden comparar sus puntajes, desafiarse entre s\u00ed y esforzarse por lograr \u00edndices de CPS m\u00e1s altos, lo que agrega un elemento divertido y competitivo a la experiencia.<\/li>\n<\/ol>\n\n\n\n<h3 class=\"wp-block-heading\">Consejos para mejorar la tasa de CPS:<\/h3>\n\n\n\n<ol class=\"wp-block-list\">\n<li>Practica con regularidad: como cualquier habilidad, la velocidad y la precisi\u00f3n de los clics se pueden mejorar con la pr\u00e1ctica constante. Cuanto m\u00e1s practiques la prueba de 100 segundos de CPS, mejor ser\u00e1s en hacer clic con rapidez y precisi\u00f3n.<\/li>\n\n\n\n<li>Concentraci\u00f3n y atenci\u00f3n: mant\u00e9n la concentraci\u00f3n y la atenci\u00f3n durante la prueba. Minimiza las distracciones y esfu\u00e9rzate por hacer clic en el \u00e1rea objetivo con precisi\u00f3n, evitando errores innecesarios.<\/li>\n\n\n\n<li>T\u00e9cnicas de relajaci\u00f3n: utilice t\u00e9cnicas de relajaci\u00f3n como respirar profundamente y mantener el mouse o el panel t\u00e1ctil en un agarre relajado. La tensi\u00f3n y el estr\u00e9s pueden afectar el rendimiento, por lo que es fundamental mantener la calma y la compostura.<\/li>\n<\/ol>\n\n\n\n<p>La prueba CPS de 100 segundos ofrece una forma sencilla pero eficaz de medir la velocidad y la precisi\u00f3n de los clics. Sirve como una herramienta valiosa para las personas que buscan mejorar sus reflejos, la coordinaci\u00f3n mano-ojo y la productividad. Ya sea para juegos, fines profesionales o competencias amistosas, esta prueba proporciona una plataforma atractiva para desafiarse a uno mismo y mejorar las habilidades de clic. Entonces, \u00bfpor qu\u00e9 no probarla y ver qu\u00e9 tan r\u00e1pido y preciso puede ser su clic?<\/p>\n\n\n\n<h3 class=\"wp-block-heading\">Nuestras pruebas m\u00e1s populares<\/h3>\n\n\n\n<ul class=\"wp-block-list\">\n<li><a href=\"https:\/\/cpstesters-com.translate.goog\/?_x_tr_sl=en&amp;_x_tr_tl=nl&amp;_x_tr_hl=en&amp;_x_tr_pto=wapp\" rel=\"noopener\">Prueba de CPS<\/a><\/li>\n\n\n\n<li><a href=\"https:\/\/cpstesters-com.translate.goog\/jitter-click-test\/?_x_tr_sl=en&amp;_x_tr_tl=nl&amp;_x_tr_hl=en&amp;_x_tr_pto=wapp\" rel=\"noopener\">Prueba de clic de fluctuaci\u00f3n<\/a><\/li>\n\n\n\n<li><a href=\"https:\/\/cpstesters-com.translate.goog\/kohi-click-test\/?_x_tr_sl=en&amp;_x_tr_tl=nl&amp;_x_tr_hl=en&amp;_x_tr_pto=wapp\" rel=\"noopener\">Prueba de clic de Kohi<\/a><\/li>\n\n\n\n<li><a href=\"https:\/\/cpstesters-com.translate.goog\/butterfly-click-test\/?_x_tr_sl=en&amp;_x_tr_tl=nl&amp;_x_tr_hl=en&amp;_x_tr_pto=wapp\" target=\"_blank\" rel=\"noreferrer noopener\">Prueba de clic de mariposa<\/a><\/li>\n<\/ul>\n","protected":false},"excerpt":{"rendered":"<p>\u00a1100 Segundos CPS Test es el m\u00e1s fino, comprobar lo r\u00e1pido que puede hacer clic con su resistencia y paciencia en 100 segundos de tiempo! &#8230; <\/p>\n<p class=\"read-more-container\"><a title=\"Prueba CPS de 100 segundos | Comprobar la velocidad de los clics\" class=\"read-more button\" href=\"https:\/\/cpstesters.com\/es\/100-second-cps-test\/#more-2156\" aria-label=\"Leer m\u00e1s sobre Prueba CPS de 100 segundos | Comprobar la velocidad de los clics\">Read More<\/a><\/p>\n","protected":false},"author":4,"featured_media":0,"parent":0,"menu_order":0,"comment_status":"closed","ping_status":"closed","template":"","meta":{"footnotes":""},"class_list":["post-2156","page","type-page","status-publish"],"_links":{"self":[{"href":"https:\/\/cpstesters.com\/es\/wp-json\/wp\/v2\/pages\/2156","targetHints":{"allow":["GET"]}}],"collection":[{"href":"https:\/\/cpstesters.com\/es\/wp-json\/wp\/v2\/pages"}],"about":[{"href":"https:\/\/cpstesters.com\/es\/wp-json\/wp\/v2\/types\/page"}],"author":[{"embeddable":true,"href":"https:\/\/cpstesters.com\/es\/wp-json\/wp\/v2\/users\/4"}],"replies":[{"embeddable":true,"href":"https:\/\/cpstesters.com\/es\/wp-json\/wp\/v2\/comments?post=2156"}],"version-history":[{"count":5,"href":"https:\/\/cpstesters.com\/es\/wp-json\/wp\/v2\/pages\/2156\/revisions"}],"predecessor-version":[{"id":5984,"href":"https:\/\/cpstesters.com\/es\/wp-json\/wp\/v2\/pages\/2156\/revisions\/5984"}],"wp:attachment":[{"href":"https:\/\/cpstesters.com\/es\/wp-json\/wp\/v2\/media?parent=2156"}],"curies":[{"name":"wp","href":"https:\/\/api.w.org\/{rel}","templated":true}]}}