{"id":2155,"date":"2024-07-16T14:45:41","date_gmt":"2024-07-16T14:45:41","guid":{"rendered":"https:\/\/cpstesters.com\/sobre-nosotros\/"},"modified":"2024-09-17T09:38:42","modified_gmt":"2024-09-17T09:38:42","slug":"sobre-nosotros","status":"publish","type":"page","link":"https:\/\/cpstesters.com\/es\/sobre-nosotros\/","title":{"rendered":"Sobre nosotros"},"content":{"rendered":"\n<p>El sitio web CPStesters.com se dedica a ayudarle a aumentar la velocidad general de sus clics. Diversas pruebas de clics han permitido medir su velocidad de clics. Disponemos de varias herramientas que le permitir\u00e1n controlar su rendimiento. Ayudamos a los usuarios con su velocidad de clic y ofrecemos orientaciones \u00fatiles para mejorar la funcionalidad al utilizar un rat\u00f3n u otros dispositivos.<\/p>\n\n<p>Ponemos m\u00e1s \u00e9nfasis en los jugadores que en los juegos, lo que nos permite ofrecer informaci\u00f3n clave independientemente del juego que elija. Queremos darte las herramientas que necesitas para seguir tu progreso en varios juegos a lo largo del tiempo y llegar a mejores conclusiones sobre c\u00f3mo aumentar tu porcentaje de clics.<\/p>\n\n<p>Ofrecemos una interfaz de usuario divertida y f\u00e1cil de usar. Adem\u00e1s, nuestro sitio web ofrece una prueba de clic mejorada que incluye una interfaz de usuario y una experiencia de usuario (UI\/UX) contempor\u00e1neas y la opci\u00f3n de ver los resultados en un cr\u00e9dito de juego de velocidad de clic m\u00e1s informativo, creamos una est\u00e9tica totalmente nueva que es a la vez contempor\u00e1nea y atractiva para los usuarios.<\/p>\n\n<p>Pensamos constantemente en nuevos conceptos que ayuden a nuestros jugadores. Si busca una soluci\u00f3n creativa, \u00a1h\u00e1ganoslo saber! No tengas miedo de expresar tus ideas. Le ofreceremos el respeto y el aprecio que merece.<\/p>\n\n<p>Esperamos sinceramente que nuestro Comprobador CPS tambi\u00e9n le beneficie a usted. Vuelve a visitarnos porque tenemos la intenci\u00f3n de a\u00f1adir m\u00e1s iteraciones y configuraciones a esta fant\u00e1stica herramienta de juego.<\/p>\n\n<p>Esperamos verle por aqu\u00ed con frecuencia para que pueda utilizar CPSTesters.com. Completa el cuestionario, divi\u00e9rtete y acelera tu clic.<\/p>\n\n<p>Tambi\u00e9n puede visitar las p\u00e1ginas <a href=\"https:\/\/cpstesters.com\/es\/politica-de-privacidad\/\" target=\"_blank\" rel=\"noreferrer noopener\">Pol\u00edtica de privacidad<\/a> y <a href=\"https:\/\/cpstesters.com\/es\/terminos-y-condiciones\/\" target=\"_blank\" rel=\"noreferrer noopener\">T\u00e9rminos y condiciones<\/a> para obtener m\u00e1s informaci\u00f3n sobre nuestras pol\u00edticas. Adem\u00e1s, si tiene alguna consulta, no dude en <a href=\"https:\/\/cpstesters.com\/es\/contacto\/\" target=\"_blank\" rel=\"noreferrer noopener\">ponerse en contacto con nosotros<\/a>.<\/p>\n","protected":false},"excerpt":{"rendered":"<p>El sitio web CPStesters.com se dedica a ayudarle a aumentar la velocidad general de sus clics. Diversas pruebas de clics han permitido medir su velocidad &#8230; <\/p>\n<p class=\"read-more-container\"><a title=\"Sobre nosotros\" class=\"read-more button\" href=\"https:\/\/cpstesters.com\/es\/sobre-nosotros\/#more-2155\" aria-label=\"Leer m\u00e1s sobre Sobre nosotros\">Read More<\/a><\/p>\n","protected":false},"author":4,"featured_media":0,"parent":0,"menu_order":0,"comment_status":"closed","ping_status":"closed","template":"","meta":{"footnotes":""},"class_list":["post-2155","page","type-page","status-publish"],"_links":{"self":[{"href":"https:\/\/cpstesters.com\/es\/wp-json\/wp\/v2\/pages\/2155","targetHints":{"allow":["GET"]}}],"collection":[{"href":"https:\/\/cpstesters.com\/es\/wp-json\/wp\/v2\/pages"}],"about":[{"href":"https:\/\/cpstesters.com\/es\/wp-json\/wp\/v2\/types\/page"}],"author":[{"embeddable":true,"href":"https:\/\/cpstesters.com\/es\/wp-json\/wp\/v2\/users\/4"}],"replies":[{"embeddable":true,"href":"https:\/\/cpstesters.com\/es\/wp-json\/wp\/v2\/comments?post=2155"}],"version-history":[{"count":3,"href":"https:\/\/cpstesters.com\/es\/wp-json\/wp\/v2\/pages\/2155\/revisions"}],"predecessor-version":[{"id":3946,"href":"https:\/\/cpstesters.com\/es\/wp-json\/wp\/v2\/pages\/2155\/revisions\/3946"}],"wp:attachment":[{"href":"https:\/\/cpstesters.com\/es\/wp-json\/wp\/v2\/media?parent=2155"}],"curies":[{"name":"wp","href":"https:\/\/api.w.org\/{rel}","templated":true}]}}