{"id":1928,"date":"2024-07-16T13:59:03","date_gmt":"2024-07-16T13:59:03","guid":{"rendered":"https:\/\/cpstesters.com\/10-second-cps-test-compruebe-sus-clics\/"},"modified":"2024-09-17T06:45:06","modified_gmt":"2024-09-17T06:45:06","slug":"10-second-cps-test","status":"publish","type":"page","link":"https:\/\/cpstesters.com\/es\/10-second-cps-test\/","title":{"rendered":"10 Second CPS Test | Compruebe sus clics"},"content":{"rendered":"\n<p>La prueba CPS de 10 segundos es un juego de clics basado en la velocidad que le permite determinar su velocidad de clics en 10 segundos.<\/p>\n <div class=\"row\">\r\n\t<div class=\"col-md-4\">\r\n\r\n\t\t\r\n\t\t\r\n\t\t<div class=\"side_nav\">\r\n            \r\n            \r\n            <ul class=\"time\">\r\n            <li>\r\n             <a href=\"https:\/\/cpstesters.com\/1-second-cps-test\/\"> <span data-time=\"1\">1 Second Test<\/span><\/a>\r\n            <\/li><li>\r\n             <a href=\"https:\/\/cpstesters.com\/2-second-cps-test\/\"><span data-time=\"2\">2 Second Test<\/span><\/a>\r\n            <\/li><li>\r\n           <a href=\"https:\/\/cpstesters.com\/5-second-cps-test\/\"><span data-time=\"5\">5 Second Test<\/span><\/a>\r\n            <\/li><li>\r\n\t\t\t\t <a href=\"https:\/\/cpstesters.com\/10-second-cps-test\/\"><span data-time=\"10\" class=\"active\">10 Second Test<\/span><\/a>\r\n            <\/li><li>\r\n             <a href=\"https:\/\/cpstesters.com\/15-second-click-test\/\"><span data-time=\"15\">15 Second Test<\/span><\/a>\r\n            <\/li>\r\n\t\t\t\t\t <li>\r\n             <a href=\"https:\/\/cpstesters.com\/30-second-cps-test\/\"><span data-time=\"30\">30 Second Test<\/span><\/a>\r\n            <\/li><li>\r\n\t\t\t\t<li>\r\n             <a href=\"https:\/\/cpstesters.com\/60-second-cps-test\/\"><span data-time=\"60\">60 Second Test<\/span><\/a>\r\n            <\/li><li>\r\n\t\t\t\t<li>\r\n             <a href=\"https:\/\/cpstesters.com\/100-second-cps-test\/\"><span data-time=\"100\">100 Second Test<\/span><\/a>\r\n            <\/li>\r\n\t\t\t\t\r\n\t\t\t\t<li>\r\n             <a href=\"https:\/\/cpstesters.com\/manual-click-test\/\"><span data-time=\"20\">Manual Click Test<\/span><\/a>\r\n            <\/li><\/ul>\r\n            <\/div>\r\n\t\t\r\n\t\t\r\n\t<\/div>\r\n\t<div class=\"col-md-8\">\r\n\t\t<section class=\"section section--full js-section-full section--click\">\r\n               <div class=\"container\">\r\n\t\t\t\t   \r\n\t\t\t\t         <div class=\"setting\">\r\n    <div class=\"theme-mode\"><a class=\"theme-mode__switch js-switch\" href=\"javascript:void(0);\"><\/a>\r\n        <div class=\"theme-mode__text\">Light \/ Dark mode<\/div>\r\n    <\/div>\r\n<\/div>\r\n\t\t\t\t   \r\n\t\t\t\t   \r\n                  <div class=\"statistics\">\r\n                     <div class=\"statistics__item statistics__item--timer\">\r\n                        <div class=\"statistics__number\">\r\n                           <span class=\"js-time number_timer\">10.00<\/span>\r\n                           <a class=\"statistics__arrow statistics__arrow--up js-time-up\" href=\"javascript:void(0);\">\r\n                              <svg class=\"icon icon-arrow-up \">\r\n                                 <use xlink:href=\"\/wp-content\/themes\/generatepress\/tools\/assets\/img\/spritesvg.svg#arrow-up\"><\/use>\r\n                              <\/svg>\r\n                           <\/a>\r\n                           <a class=\"statistics__arrow statistics__arrow--down js-time-down\" href=\"javascript:void(0);\">\r\n                              <svg class=\"icon icon-arrow-up \">\r\n                                 <use xlink:href=\"\/wp-content\/themes\/generatepress\/tools\/assets\/img\/spritesvg.svg#arrow-up\"><\/use>\r\n                              <\/svg>\r\n                           <\/a>\r\n                        <\/div>\r\n                        <div class=\"statistics__title\">Timer<\/div>\r\n                     <\/div>\r\n                     <div class=\"statistics__item statistics__item--clicks\">\r\n                        <div class=\"statistics__number number_clicks js-speed\">0.00<\/div>\r\n                        <div class=\"statistics__title\">Clicks \/ s<\/div>\r\n                     <\/div>\r\n                     <div class=\"statistics__item statistics__item--score\">\r\n                        <div class=\"statistics__number number_score js-score\">0<\/div>\r\n                        <div class=\"statistics__title\">Score<\/div>\r\n                     <\/div>\r\n                  <\/div>\r\n                  <div class=\"clicks-zone\">\r\n                     <div class=\"clicks-zone__start js-clicks-start\">\r\n                        <svg class=\"icon icon-click \">\r\n                           <use xlink:href=\"\/wp-content\/themes\/generatepress\/tools\/assets\/img\/spritesvg.svg#click\"><\/use>\r\n                        <\/svg>\r\n                        <div class=\"clicks-zone__start-title\">\u0421lick here to start cps test<\/div>\r\n                     <\/div>\r\n                     <div class=\"clicks-zone__clicks js-clicks\"><\/div>\r\n                     <div class=\"clicks-zone__result result-clicks js-clicks-result\">\r\n                        <div class=\"result-clicks__title rank-wrapper\"><\/div>\r\n                        <div class=\"result-clicks__text\">Your CPS result is <span class=\"speed js-stat-speed\"><\/span> (<span class=\"clicks js-stat-clicks\"><\/span> Clicks in <span class=\"time js-stat-time\"><\/span> Seconds)<\/div>\r\n                        <div class=\"result-clicks__img\"><img><\/div>\r\n                        <a class=\"result-clicks__btn js-try-again\" href=\"javascript:void(0);\">\r\n                           <svg class=\"icon icon-again \">\r\n                              <use xlink:href=\"\/wp-content\/themes\/generatepress\/tools\/assets\/img\/spritesvg.svg#again\"><\/use>\r\n                           <\/svg>\r\n                           Restart\r\n                        <\/a>\r\n                        <div class=\"result-clicks__share\">\r\n                           <div class=\"result-clicks__share-title\">Share your result with friends!<\/div>\r\n                           <div class=\"share-buttons\">\r\n                              <a class=\"share-button facebook\" data-href=\"https:\/\/www.facebook.com\/sharer\/sharer.php?u=https:\/\/cpstesters.com\/\" target=\"_blank\" onclick=\"goclicky(this); return false;\" rel=\"noopener\">Facebook<\/a>\r\n                              <a class=\"share-button twitter\" data-href=\"http:\/\/www.twitter.com\/share?url=https:\/\/cpstesters.com\/&text=[text]\" target=\"_blank\" onclick=\"goclicky(this); return false;\" rel=\"noopener\">Twitter<\/a>\r\n                              <a class=\"share-button whatsapp\" data-href=\"https:\/\/api.whatsapp.com\/send?text=[text]\" target=\"_blank\" onclick=\"goclicky(this); return false;\" rel=\"noopener\">WhatsApp<\/a>\r\n                              <a class=\"share-button reddit\" data-href=\"http:\/\/www.reddit.com\/submit?url=https:\/\/cpstesters.com\/&title=[text]\" target=\"_blank\" onclick=\"goclicky(this); return false;\" rel=\"noopener\">Reddit<\/a>\r\n                           <\/div>\r\n                        <\/div>\r\n                     <\/div>\r\n                  <\/div>\r\n                  <img decoding=\"async\" src=\"\/wp-content\/themes\/generatepress\/tools\/assets\/img\/test_result\/3\/1.png\" style=\"display: none\" alt=\"\" title=\"\">\r\n                  <img decoding=\"async\" src=\"\/wp-content\/themes\/generatepress\/tools\/assets\/img\/test_result\/5\/1.png\" style=\"display: none\" alt=\"\" title=\"\">\r\n                  <img decoding=\"async\" src=\"\/wp-content\/themes\/generatepress\/tools\/assets\/img\/test_result\/1\/1.png\" style=\"display: none\" alt=\"\" title=\"\">\r\n                  <img decoding=\"async\" src=\"\/wp-content\/themes\/generatepress\/tools\/assets\/img\/test_result\/2\/1.png\" style=\"display: none\" alt=\"\" title=\"\">\r\n                  <img decoding=\"async\" src=\"\/wp-content\/themes\/generatepress\/tools\/assets\/img\/test_result\/0\/1.png\" style=\"display: none\" alt=\"\" title=\"\">\r\n                  <img decoding=\"async\" src=\"\/wp-content\/themes\/generatepress\/tools\/assets\/img\/test_result\/6\/1.png\" style=\"display: none\" alt=\"\" title=\"\">\r\n                  <img decoding=\"async\" src=\"\/wp-content\/themes\/generatepress\/tools\/assets\/img\/test_result\/7\/1.png\" style=\"display: none\" alt=\"\" title=\"\">\r\n                  <img decoding=\"async\" src=\"\/wp-content\/themes\/generatepress\/tools\/assets\/img\/test_result\/4\/1.png\" style=\"display: none\" alt=\"\" title=\"\">\r\n                  <script>\r\n                     var test_result = {\"ratings\":{\"min\":0,\"max\":5},\"rating_ranks\":[\"Your Rank is Snail!\",\"Your Rank is Koala!\",\"Your Rank is Turtle!\",\"Your Rank is Panda!\",\"Your Rank is Hare!\",\"Your Rank is Kangaroo!\",\"Your Rank is Panther!\",\"Your Rank is Cheetah!\"],\"cps_scale\":[[0,1],[1,3],[3,5],[5,7],[7,9],[9,10],[10,12],[12,999]],\"files\":{\"3\":[\"\\\/wp-content\\\/themes\\\/generatepress\\\/tools\\\\assets\\\/img\\\/test_result\\\/3\\\/1.png\"],\"5\":[\"\\\/wp-content\\\/themes\\\/generatepress\\\/tools\\\\assets\\\/img\\\/test_result\\\/5\\\/1.png\"],\"1\":[\"\\\/wp-content\\\/themes\\\/generatepress\\\/tools\\\\assets\\\/img\\\/test_result\\\/1\\\/1.png\"],\"2\":[\"\\\/wp-content\\\/themes\\\/generatepress\\\/tools\\\\assets\\\/img\\\/test_result\\\/2\\\/1.png\"],\"0\":[\"\\\/wp-content\\\/themes\\\/generatepress\\\/tools\\\\assets\\\/img\\\/test_result\\\/0\\\/1.png\"],\"6\":[\"\\\/wp-content\\\/themes\\\/generatepress\\\/tools\\\\assets\\\/img\\\/test_result\\\/6\\\/1.png\"],\"7\":[\"\\\/wp-content\\\/themes\\\/generatepress\\\/tools\\\\assets\\\/img\\\/test_result\\\/7\\\/1.png\"],\"4\":[\"\\\/wp-content\\\/themes\\\/generatepress\\\/tools\\\\assets\\\/img\\\/test_result\\\/4\\\/1.png\"]}};\r\n                     var language = {\"code\":\"en\",\"name\":\"English\",\"prefix\":\"\"};\r\n                     var monitoringClickEvent = 'left';\r\n                     var shareTextDefault = 'My CPS result is {speed} ({clicks} Clicks in {time} Seconds)';\r\n                  <\/script>        \r\n               <\/div>\r\n            <\/section>\r\n\t\t\r\n\t<\/div>\r\n<\/div>\r\n\r\n    <script src=\"\/wp-content\/themes\/generatepress\/tools\/assets\/js\/libs.min.js\"><\/script>\r\n      <script src=\"\/wp-content\/themes\/generatepress\/tools\/assets\/js\/main.min.js?v64\"><\/script>\r\n\n\n<p><\/p>\n\n<h2 class=\"wp-block-heading\">\u00bfQu\u00e9 es la prueba CPS de 10 segundos?<\/h2>\n\n<p>Esta prueba de clic de 10 segundos pretende demostrar su velocidad de clic. El programa es una forma estupenda de matar el tiempo y divertirse cuando no se est\u00e1 trabajando. En incrementos de 10 segundos, el gadget muestra lo r\u00e1pido que se pulsa en 10 segundos.<\/p>\n\n<p>La prueba de clic de 10 segundos tiene un dise\u00f1o sencillo y, para superarla, tienes que hacer clic en el objetivo lo m\u00e1s r\u00e1pido que puedas. La herramienta de prueba de clic de 10 segundos te dar\u00e1 una puntuaci\u00f3n global y algunos comentarios despu\u00e9s de que hayas terminado de hacer clic.<\/p>\n\n<p>Si quieres perfeccionar tus habilidades para arrastrar y hacer clic, la Prueba de clic 10 segundos es un recurso fant\u00e1stico. En s\u00f3lo 10 segundos puedes aprender a hacer clic r\u00e1pidamente. El clicker de 10 segundos no s\u00f3lo es un recurso gratuito \u00fatil, sino tambi\u00e9n una forma divertida de matar el tiempo.<\/p>\n\n<p class=\"has-text-align-center has-base-3-color has-text-color has-background has-medium-font-size\" style=\"background-color:#ffb15e\">La prueba general de clics por segundo puede realizarse en <a href=\"https:\/\/cpstesters.com\/es\/\" target=\"_blank\" rel=\"noreferrer noopener\">CPS Test<\/a><\/p>\n<div class=\"wp-block-image\">\n<figure class=\"aligncenter size-full\"><img loading=\"lazy\" decoding=\"async\" width=\"1000\" height=\"500\" src=\"https:\/\/cpstesters.com\/wp-content\/uploads\/2022\/08\/Untitled-design-2.jpg\" alt=\"Prueba CPS de 10 segundos\" class=\"wp-image-175\" title=\"\" srcset=\"https:\/\/cpstesters.com\/wp-content\/uploads\/2022\/08\/Untitled-design-2.jpg 1000w, https:\/\/cpstesters.com\/wp-content\/uploads\/2022\/08\/Untitled-design-2-300x150.jpg 300w, https:\/\/cpstesters.com\/wp-content\/uploads\/2022\/08\/Untitled-design-2-768x384.jpg 768w\" sizes=\"auto, (max-width: 1000px) 100vw, 1000px\" \/><figcaption class=\"wp-element-caption\">Prueba CPS de 10 segundos<\/figcaption><\/figure>\n<\/div>\n<h2 class=\"wp-block-heading\">\u00bfC\u00f3mo puedo conseguir m\u00e1s clics por segundo?<\/h2>\n\n<p>Los siguientes m\u00e9todos se pueden utilizar para aumentar su cps (clics por segundo):<\/p>\n\n<ul class=\"wp-block-list\">\n<li>El mejor consejo es utilizar un rat\u00f3n para juegos en lugar de un rat\u00f3n est\u00e1ndar y alejarse del trackpad del port\u00e1til.<\/li>\n\n\n\n<li>Los m\u00e9todos de clic como el clic de fluctuaci\u00f3n y el clic de mariposa son excelentes para empezar.<\/li>\n\n\n\n<li>Ajusta la sensibilidad de tu rat\u00f3n y practica juegos de disparos a toda velocidad para mejorar tu punter\u00eda.<\/li>\n<\/ul>\n\n<h2 class=\"wp-block-heading\">CPS Test 10-Second Cheats<\/h2>\n\n<p>Antes de establecer un nuevo r\u00e9cord, hay que conocer al poseedor actual del mismo. Con un nuevo r\u00e9cord de 22 CPS tras s\u00f3lo 10 segundos de clic, ha establecido un nuevo est\u00e1ndar. Crea uno nuevo si quieres; hay atajos a la fama que puedes tomar.<\/p>\n\n<ul class=\"wp-block-list\">\n<li>Los clickers autom\u00e1ticos son el medio m\u00e1s eficaz, pero el segundo enfoque es el que debes adoptar si valoras la honestidad.<\/li>\n\n\n\n<li>Las opciones son los clics de mariposa, los clics de arrastre y los clics de fluctuaci\u00f3n.<\/li>\n\n\n\n<li>Con m\u00e1s pr\u00e1ctica, podr\u00e1s dominar la prueba de velocidad de clic.<\/li>\n\n\n\n<li>Si dedicas el tiempo y el esfuerzo necesarios, t\u00fa tambi\u00e9n puedes alcanzar el rango Chita en el juego de prueba de velocidad de clicks.<\/li>\n<\/ul>\n\n<h2 class=\"wp-block-heading has-text-align-center\">Preguntas frecuentes<\/h2>\n\n<h3 class=\"wp-block-heading\"><strong>\u00bfCu\u00e1ntos clics por segundo hace el jugador medio?<\/strong><\/h3>\n\n<p>Seg\u00fan los jugadores profesionales, la tasa media de im\u00e1genes por segundo es de 6, aunque puede oscilar entre 5 y 7 FPS. Algunos jugadores de alto nivel son capaces de hacer hasta diez clics por segundo. Siempre que tenga un enfoque s\u00f3lido y un plan bien organizado, podr\u00e1 conseguirlo.<\/p>\n\n<h3 class=\"wp-block-heading\"><strong>Cuando pulso mi cps, \u00bfa qu\u00e9 velocidad va?<\/strong><\/h3>\n\n<p>Ver y evaluar su ritmo de clics en cps no requiere m\u00e1s esfuerzo por su parte. Establecer un l\u00edmite de tiempo y hacer clic en cualquier orden har\u00e1 que nuestros comprobadores de velocidad de clic sean muy \u00fatiles. Cuando se acabe el tiempo, se abrir\u00e1 una ventana con la puntuaci\u00f3n final de tu examen.<\/p>\n\n<h3 class=\"wp-block-heading\"><strong>\u00bfD\u00f3nde se encuentra el r\u00e9cord de la prueba CPS m\u00e1s r\u00e1pida en 10 segundos?<\/strong><\/h3>\n\n<p>Durante esa ventana, se alcanza un CPS m\u00e1ximo de 23,9 (239 clics). realizado por Yukang Jiang, un probador de cps estadounidense.<\/p>\n\n<h2 class=\"wp-block-heading\">Palabras finales Prueba de clic de 10 segundos<\/h2>\n\n<p>La prueba del clic 10 por segundo es una aplicaci\u00f3n extraordinaria que se ha desarrollado para poner a prueba la velocidad de clic del usuario. El sitio web cuenta con una interfaz de usuario sencilla de utilizar, y puede aumentar el n\u00famero de veces por segundo que se hace clic. \u00a1No espere m\u00e1s y compruebe la prueba!<\/p>\n","protected":false},"excerpt":{"rendered":"<p>La prueba CPS de 10 segundos es un juego de clics basado en la velocidad que le permite determinar su velocidad de clics en 10 &#8230; <\/p>\n<p class=\"read-more-container\"><a title=\"10 Second CPS Test | Compruebe sus clics\" class=\"read-more button\" href=\"https:\/\/cpstesters.com\/es\/10-second-cps-test\/#more-1928\" aria-label=\"Leer m\u00e1s sobre 10 Second CPS Test | Compruebe sus clics\">Read More<\/a><\/p>\n","protected":false},"author":4,"featured_media":998,"parent":0,"menu_order":0,"comment_status":"closed","ping_status":"closed","template":"","meta":{"footnotes":""},"class_list":["post-1928","page","type-page","status-publish","has-post-thumbnail"],"_links":{"self":[{"href":"https:\/\/cpstesters.com\/es\/wp-json\/wp\/v2\/pages\/1928","targetHints":{"allow":["GET"]}}],"collection":[{"href":"https:\/\/cpstesters.com\/es\/wp-json\/wp\/v2\/pages"}],"about":[{"href":"https:\/\/cpstesters.com\/es\/wp-json\/wp\/v2\/types\/page"}],"author":[{"embeddable":true,"href":"https:\/\/cpstesters.com\/es\/wp-json\/wp\/v2\/users\/4"}],"replies":[{"embeddable":true,"href":"https:\/\/cpstesters.com\/es\/wp-json\/wp\/v2\/comments?post=1928"}],"version-history":[{"count":5,"href":"https:\/\/cpstesters.com\/es\/wp-json\/wp\/v2\/pages\/1928\/revisions"}],"predecessor-version":[{"id":4051,"href":"https:\/\/cpstesters.com\/es\/wp-json\/wp\/v2\/pages\/1928\/revisions\/4051"}],"wp:featuredmedia":[{"embeddable":true,"href":"https:\/\/cpstesters.com\/es\/wp-json\/wp\/v2\/media\/998"}],"wp:attachment":[{"href":"https:\/\/cpstesters.com\/es\/wp-json\/wp\/v2\/media?parent=1928"}],"curies":[{"name":"wp","href":"https:\/\/api.w.org\/{rel}","templated":true}]}}