{"id":1910,"date":"2024-07-16T14:08:15","date_gmt":"2024-07-16T14:08:15","guid":{"rendered":"https:\/\/cpstesters.com\/5-second-cps-test-comprueba-la-velocidad-de-tus-clics\/"},"modified":"2024-09-17T09:29:04","modified_gmt":"2024-09-17T09:29:04","slug":"5-second-cps-test","status":"publish","type":"page","link":"https:\/\/cpstesters.com\/es\/5-second-cps-test\/","title":{"rendered":"5 Second CPS Test | Comprueba la velocidad de tus clics"},"content":{"rendered":"\n<p>El Test CPS de 5 segundos es un juego de test de clicks de velocidad r\u00e1pida. Si eres principiante, te ayudar\u00e1 a comprobar lo r\u00e1pido que puedes hacer clic en 5 segundos.<\/p>\n<div class=\"row\">\r\n\t<div class=\"col-md-4\">\r\n\r\n\t\t\r\n\t\t\r\n\t\t<div class=\"side_nav\">\r\n            \r\n            \r\n             <ul class=\"time\">\r\n            <li>\r\n             <a href=\"https:\/\/cpstesters.com\/1-second-cps-test\/\"> <span data-time=\"1\">1 Second Test<\/span><\/a>\r\n            <\/li><li>\r\n             <a href=\"https:\/\/cpstesters.com\/2-second-cps-test\/\"><span data-time=\"2\">2 Second Test<\/span><\/a>\r\n            <\/li><li>\r\n           <a href=\"https:\/\/cpstesters.com\/5-second-cps-test\/\"><span data-time=\"5\" class=\"active\">5 Second Test<\/span><\/a>\r\n            <\/li><li>\r\n\t\t\t\t <a href=\"https:\/\/cpstesters.com\/10-second-cps-test\/\"><span data-time=\"10\">10 Second Test<\/span><\/a>\r\n            <\/li><li>\r\n             <a href=\"https:\/\/cpstesters.com\/15-second-click-test\/\"><span data-time=\"15\">15 Second Test<\/span><\/a>\r\n            <\/li>\r\n\t\t\t\t \t<li>\r\n             <a href=\"https:\/\/cpstesters.com\/30-second-cps-test\/\"><span data-time=\"30\">30 Second Test<\/span><\/a>\r\n            <\/li><li>\r\n\t\t\t\t<li>\r\n             <a href=\"https:\/\/cpstesters.com\/60-second-cps-test\/\"><span data-time=\"60\">60 Second Test<\/span><\/a>\r\n            <\/li><li>\r\n\t\t\t\t<li>\r\n             <a href=\"https:\/\/cpstesters.com\/100-second-cps-test\/\"><span data-time=\"100\">100 Second Test<\/span><\/a>\r\n            <\/li>\r\n\t\t\t\t <li>\r\n             <a href=\"https:\/\/cpstesters.com\/manual-click-test\/\"><span data-time=\"20\">Manual Click Test<\/span><\/a>\r\n            <\/li><\/ul>\r\n            <\/div>\r\n\t\t\r\n\t\t\r\n\t<\/div>\r\n\t<div class=\"col-md-8\">\r\n\t\t<section class=\"section section--full js-section-full section--click\">\r\n               <div class=\"container\">\r\n\t\t\t\t   \r\n\t\t\t\t         <div class=\"setting\">\r\n    <div class=\"theme-mode\"><a class=\"theme-mode__switch js-switch\" href=\"javascript:void(0);\"><\/a>\r\n        <div class=\"theme-mode__text\">Light \/ Dark mode<\/div>\r\n    <\/div>\r\n<\/div>\r\n\t\t\t\t   \r\n\t\t\t\t   \r\n                  <div class=\"statistics\">\r\n                     <div class=\"statistics__item statistics__item--timer\">\r\n                        <div class=\"statistics__number\">\r\n                           <span class=\"js-time number_timer\">5.00<\/span>\r\n                           <a class=\"statistics__arrow statistics__arrow--up js-time-up\" href=\"javascript:void(0);\">\r\n                              <svg class=\"icon icon-arrow-up \">\r\n                                 <use xlink:href=\"\/wp-content\/themes\/generatepress\/tools\/assets\/img\/spritesvg.svg#arrow-up\"><\/use>\r\n                              <\/svg>\r\n                           <\/a>\r\n                           <a class=\"statistics__arrow statistics__arrow--down js-time-down\" href=\"javascript:void(0);\">\r\n                              <svg class=\"icon icon-arrow-up \">\r\n                                 <use xlink:href=\"\/wp-content\/themes\/generatepress\/tools\/assets\/img\/spritesvg.svg#arrow-up\"><\/use>\r\n                              <\/svg>\r\n                           <\/a>\r\n                        <\/div>\r\n                        <div class=\"statistics__title\">Timer<\/div>\r\n                     <\/div>\r\n                     <div class=\"statistics__item statistics__item--clicks\">\r\n                        <div class=\"statistics__number number_clicks js-speed\">0.00<\/div>\r\n                        <div class=\"statistics__title\">Clicks \/ s<\/div>\r\n                     <\/div>\r\n                     <div class=\"statistics__item statistics__item--score\">\r\n                        <div class=\"statistics__number number_score js-score\">0<\/div>\r\n                        <div class=\"statistics__title\">Score<\/div>\r\n                     <\/div>\r\n                  <\/div>\r\n                  <div class=\"clicks-zone\">\r\n                     <div class=\"clicks-zone__start js-clicks-start\">\r\n                        <svg class=\"icon icon-click \">\r\n                           <use xlink:href=\"\/wp-content\/themes\/generatepress\/tools\/assets\/img\/spritesvg.svg#click\"><\/use>\r\n                        <\/svg>\r\n                        <div class=\"clicks-zone__start-title\">\u0421lick here to start cps test<\/div>\r\n                     <\/div>\r\n                     <div class=\"clicks-zone__clicks js-clicks\"><\/div>\r\n                     <div class=\"clicks-zone__result result-clicks js-clicks-result\">\r\n                        <div class=\"result-clicks__title rank-wrapper\"><\/div>\r\n                        <div class=\"result-clicks__text\">Your CPS result is <span class=\"speed js-stat-speed\"><\/span> (<span class=\"clicks js-stat-clicks\"><\/span> Clicks in <span class=\"time js-stat-time\"><\/span> Seconds)<\/div>\r\n                        <div class=\"result-clicks__img\"><img><\/div>\r\n                        <a class=\"result-clicks__btn js-try-again\" href=\"javascript:void(0);\">\r\n                           <svg class=\"icon icon-again \">\r\n                              <use xlink:href=\"\/wp-content\/themes\/generatepress\/tools\/assets\/img\/spritesvg.svg#again\"><\/use>\r\n                           <\/svg>\r\n                           Restart\r\n                        <\/a>\r\n                        <div class=\"result-clicks__share\">\r\n                           <div class=\"result-clicks__share-title\">Share your result with friends!<\/div>\r\n                           <div class=\"share-buttons\">\r\n                              <a class=\"share-button facebook\" data-href=\"https:\/\/www.facebook.com\/sharer\/sharer.php?u=https:\/\/cpstesters.com\/\" target=\"_blank\" onclick=\"goclicky(this); return false;\" rel=\"noopener\">Facebook<\/a>\r\n                              <a class=\"share-button twitter\" data-href=\"http:\/\/www.twitter.com\/share?url=https:\/\/cpstesters.com\/&text=[text]\" target=\"_blank\" onclick=\"goclicky(this); return false;\" rel=\"noopener\">Twitter<\/a>\r\n                              <a class=\"share-button whatsapp\" data-href=\"https:\/\/api.whatsapp.com\/send?text=[text]\" target=\"_blank\" onclick=\"goclicky(this); return false;\" rel=\"noopener\">WhatsApp<\/a>\r\n                              <a class=\"share-button reddit\" data-href=\"http:\/\/www.reddit.com\/submit?url=https:\/\/cpstesters.com\/&title=[text]\" target=\"_blank\" onclick=\"goclicky(this); return false;\" rel=\"noopener\">Reddit<\/a>\r\n                           <\/div>\r\n                        <\/div>\r\n                     <\/div>\r\n                  <\/div>\r\n                  <img decoding=\"async\" src=\"\/wp-content\/themes\/generatepress\/tools\/assets\/img\/test_result\/3\/1.png\" style=\"display: none\" alt=\"\" title=\"\">\r\n                  <img decoding=\"async\" src=\"\/wp-content\/themes\/generatepress\/tools\/assets\/img\/test_result\/5\/1.png\" style=\"display: none\" alt=\"\" title=\"\">\r\n                  <img decoding=\"async\" src=\"\/wp-content\/themes\/generatepress\/tools\/assets\/img\/test_result\/1\/1.png\" style=\"display: none\" alt=\"\" title=\"\">\r\n                  <img decoding=\"async\" src=\"\/wp-content\/themes\/generatepress\/tools\/assets\/img\/test_result\/2\/1.png\" style=\"display: none\" alt=\"\" title=\"\">\r\n                  <img decoding=\"async\" src=\"\/wp-content\/themes\/generatepress\/tools\/assets\/img\/test_result\/0\/1.png\" style=\"display: none\" alt=\"\" title=\"\">\r\n                  <img decoding=\"async\" src=\"\/wp-content\/themes\/generatepress\/tools\/assets\/img\/test_result\/6\/1.png\" style=\"display: none\" alt=\"\" title=\"\">\r\n                  <img decoding=\"async\" src=\"\/wp-content\/themes\/generatepress\/tools\/assets\/img\/test_result\/7\/1.png\" style=\"display: none\" alt=\"\" title=\"\">\r\n                  <img decoding=\"async\" src=\"\/wp-content\/themes\/generatepress\/tools\/assets\/img\/test_result\/4\/1.png\" style=\"display: none\" alt=\"\" title=\"\">\r\n                  <script>\r\n                     var test_result = {\"ratings\":{\"min\":0,\"max\":5},\"rating_ranks\":[\"Your Rank is Snail!\",\"Your Rank is Koala!\",\"Your Rank is Turtle!\",\"Your Rank is Panda!\",\"Your Rank is Hare!\",\"Your Rank is Kangaroo!\",\"Your Rank is Panther!\",\"Your Rank is Cheetah!\"],\"cps_scale\":[[0,1],[1,3],[3,5],[5,7],[7,9],[9,10],[10,12],[12,999]],\"files\":{\"3\":[\"\\\/wp-content\\\/themes\\\/generatepress\\\/tools\\\\assets\\\/img\\\/test_result\\\/3\\\/1.png\"],\"5\":[\"\\\/wp-content\\\/themes\\\/generatepress\\\/tools\\\\assets\\\/img\\\/test_result\\\/5\\\/1.png\"],\"1\":[\"\\\/wp-content\\\/themes\\\/generatepress\\\/tools\\\\assets\\\/img\\\/test_result\\\/1\\\/1.png\"],\"2\":[\"\\\/wp-content\\\/themes\\\/generatepress\\\/tools\\\\assets\\\/img\\\/test_result\\\/2\\\/1.png\"],\"0\":[\"\\\/wp-content\\\/themes\\\/generatepress\\\/tools\\\\assets\\\/img\\\/test_result\\\/0\\\/1.png\"],\"6\":[\"\\\/wp-content\\\/themes\\\/generatepress\\\/tools\\\\assets\\\/img\\\/test_result\\\/6\\\/1.png\"],\"7\":[\"\\\/wp-content\\\/themes\\\/generatepress\\\/tools\\\\assets\\\/img\\\/test_result\\\/7\\\/1.png\"],\"4\":[\"\\\/wp-content\\\/themes\\\/generatepress\\\/tools\\\\assets\\\/img\\\/test_result\\\/4\\\/1.png\"]}};\r\n                     var language = {\"code\":\"en\",\"name\":\"English\",\"prefix\":\"\"};\r\n                     var monitoringClickEvent = 'left';\r\n                     var shareTextDefault = 'My CPS result is {speed} ({clicks} Clicks in {time} Seconds)';\r\n                  <\/script>        \r\n               <\/div>\r\n            <\/section>\r\n\t\t\r\n\t<\/div>\r\n<\/div>\r\n\r\n    <script src=\"\/wp-content\/themes\/generatepress\/tools\/assets\/js\/libs.min.js\"><\/script>\r\n      <script src=\"\/wp-content\/themes\/generatepress\/tools\/assets\/js\/main.min.js?v64\"><\/script>\r\n\n\n<p><\/p>\n\n<p>La velocidad a la que se hace clic con el rat\u00f3n suele expresarse en CPS, o clics por segundo. Los interesados en probar o mejorar su SPI para el uso diario o para jugar hacen la prueba de velocidad Click. En los videojuegos, hacer clic con el rat\u00f3n equivale a apuntar y disparar.<\/p>\n\n<p>Si quieres superar a tu competencia y subir en la clasificaci\u00f3n del juego, tienes que trabajar en tu velocidad de clic. Los jugadores m\u00e1s valiosos suelen ser los que tienen m\u00e1s velocidad de clic y m\u00e1s punter\u00eda. Por lo tanto, la prueba CPS es crucial.<\/p>\n\n<p>La prueba de clic de 5 segundos se puede completar para mejorar su velocidad de clic en un intervalo de tiempo de 5 segundos. Si quieres demostrar tu dominio de una determinada t\u00e9cnica, como el jitter o la mariposa, puedes hacer una prueba de clic 5 segundos en ese modo. Adem\u00e1s de ayudarle a tener \u00e9xito en el planteamiento, la realizaci\u00f3n de la prueba le har\u00e1 sentirse c\u00f3modo con el m\u00e9todo, lo que le ser\u00e1 \u00fatil en niveles posteriores.<\/p>\n<div class=\"wp-block-image\">\n<figure class=\"aligncenter size-full\"><img loading=\"lazy\" decoding=\"async\" width=\"1000\" height=\"500\" src=\"https:\/\/cpstesters.com\/wp-content\/uploads\/2022\/08\/Untitled-design-1.jpg\" alt=\"Prueba CPS de 5 segundos\" class=\"wp-image-172\" title=\"\" srcset=\"https:\/\/cpstesters.com\/wp-content\/uploads\/2022\/08\/Untitled-design-1.jpg 1000w, https:\/\/cpstesters.com\/wp-content\/uploads\/2022\/08\/Untitled-design-1-300x150.jpg 300w, https:\/\/cpstesters.com\/wp-content\/uploads\/2022\/08\/Untitled-design-1-768x384.jpg 768w\" sizes=\"auto, (max-width: 1000px) 100vw, 1000px\" \/><figcaption class=\"wp-element-caption\">Prueba CPS de 5 segundos<\/figcaption><\/figure>\n<\/div>\n<p class=\"has-text-align-center has-base-background-color has-background has-medium-font-size\">Puede que desee comprobar <a href=\"https:\/\/cpstesters.com\/es\/\" target=\"_blank\" rel=\"noreferrer noopener\">la prueba CPS<\/a><\/p>\n\n<h2 class=\"wp-block-heading has-text-align-left\">La mejor manera de aumentar los resultados de los ex\u00e1menes CPS de 5 segundos<\/h2>\n\n<h3 class=\"wp-block-heading\"><strong>Elegir un enfoque adecuado<\/strong><\/h3>\n\n<p>Elegir un enfoque correcto para hacer clic. Consigue m\u00e1s clics utilizando el m\u00e9todo que te resulte m\u00e1s natural para hacerlo. El dolor de mu\u00f1eca es un posible efecto secundario de la ejecuci\u00f3n incorrecta de t\u00e9cnicas como el chasquido jitter y el m\u00e9todo del chasquido koi. Por ello, es crucial elegir el enfoque adecuado.<\/p>\n\n<h3 class=\"wp-block-heading\"><strong>Seleccione el rat\u00f3n adecuado<\/strong><\/h3>\n\n<p>Si utilizas un rat\u00f3n de mala calidad, es posible que no puedas hacer clic tan a menudo como quisieras. Por lo tanto, se debe utilizar un buen rat\u00f3n en el CPS Tester y en los juegos. Si busca un rendimiento de primer nivel, lo mejor es un rat\u00f3n para juegos.<\/p>\n\n<h3 class=\"wp-block-heading\"><strong>Practicar con regularidad<\/strong><\/h3>\n\n<p>Ning\u00fan objetivo puede alcanzarse instant\u00e1neamente, necesita pr\u00e1ctica y persistencia. La Regla de la prueba del clic de 5 segundos debe utilizarse a diario, junto con la pr\u00e1ctica adecuada y un buen rat\u00f3n. Con un enfoque adecuado y una pr\u00e1ctica uniforme, puedes subir de nivel tu SPI.<\/p>\n\n<h2 class=\"wp-block-heading has-text-align-left\">\u00bfCu\u00e1les son las ventajas de participar en 5 Second CPS Test?<\/h2>\n\n<h3 class=\"wp-block-heading\"><strong>Mejore el rendimiento de sus clics<\/strong><\/h3>\n\n<p>El entrenamiento frecuente con el software clicker de 5 segundos le permitir\u00e1 mejorar su click de forma espectacular.<\/p>\n\n<h3 class=\"wp-block-heading\"><strong>Mejora tu habilidad con los clics<\/strong><\/h3>\n\n<p>Existen varios m\u00e9todos para pulsar el mismo bot\u00f3n del rat\u00f3n. Puedes dominar cualquiera de estas estrategias para hacer clic con el rat\u00f3n de forma eficaz. Estos m\u00e9todos son transferibles a otras \u00e1reas, incluido el juego, una vez que los dominas.<\/p>\n\n<h3 class=\"wp-block-heading\"><strong>Compartir puntuaci\u00f3n<\/strong><\/h3>\n\n<p>Una vez finalizada la prueba de clic, puedes compartir tus resultados en otros sitios. Tambi\u00e9n puedes publicar tu puntuaci\u00f3n en l\u00ednea y retar a tus amigos a superarla realizando ellos mismos la prueba.<\/p>\n\n<h2 class=\"wp-block-heading has-text-align-center\">Preguntas frecuentes<\/h2>\n\n<h3 class=\"wp-block-heading\"><strong>\u00bfC\u00f3mo se calculan los clics por segundo?<\/strong><\/h3>\n\n<p>Un contador de clics por segundo simplemente contabiliza la frecuencia con la que tocas la pantalla. Para obtener su CPS, divida el total de clics por el tiempo total de clic.<\/p>\n\n<h3 class=\"wp-block-heading\"><strong>\u00bfQu\u00e9 es el R\u00e9cord Mundial CPS de 5 segundos?<\/strong><\/h3>\n\n<p>Veinte ciclos por segundo es la velocidad m\u00e1s alta posible (100 clics). Jovelyn, una probadora de cps de Malasia, lo ha terminado.<\/p>\n\n<h3 class=\"wp-block-heading\"><strong>\u00bfDe d\u00f3nde viene la locura del SPI?<\/strong><\/h3>\n\n<p>Elevar tu SPC a niveles absurdos requiere interminables horas de pr\u00e1ctica, perseverancia y concentraci\u00f3n. Contar con una conexi\u00f3n a Internet estable y un rat\u00f3n de juego de alta calidad te ayudar\u00e1 a rendir mejor.<\/p>\n\n<h2 class=\"wp-block-heading\">Palabras finales para Click Test 5 Seconds<\/h2>\n\n<p>El Test CPS es un m\u00e9todo entretenido y desafiante para evaluar tus habilidades con el rat\u00f3n. Esta prueba determinar\u00e1 cu\u00e1ntos CPS pueden generar sus pulgares en un tiempo determinado. Uno puede utilizar la aplicaci\u00f3n clic por segundo para jugar a juegos basados en clics, entrenar o simplemente divertirse. Estas herramientas gratuitas son incre\u00edblemente f\u00e1ciles de usar, por lo que cualquier persona, independientemente de su edad, puede utilizarlas para controlar su tasa de clics por segundo.<\/p>\n\n<p>Otras pruebas de clics<\/p>\n\n<ul class=\"wp-block-list\">\n<li><a href=\"https:\/\/cpstesters.com\/es\/haga-clic-con-el-boton-derecho-en-prueba-cps\/\" target=\"_blank\" rel=\"noreferrer noopener\">Haga clic con el bot\u00f3n derecho en Prueba CPS<\/a><\/li>\n\n\n\n<li><a href=\"https:\/\/cpstesters.com\/es\/jitter-click-test\/\" target=\"_blank\" rel=\"noreferrer noopener\">Prueba de clic de fluctuaci\u00f3n<\/a><\/li>\n\n\n\n<li><a href=\"https:\/\/cpstesters.com\/es\/kohi-click-test\/\" target=\"_blank\" rel=\"noreferrer noopener\">Prueba de clic de Kohi<\/a><\/li>\n\n\n\n<li><a href=\"https:\/\/cpstesters.com\/es\/prueba-de-clic-manual\/\" target=\"_blank\" rel=\"noreferrer noopener\">Prueba de clic manual<\/a><\/li>\n\n\n\n<li><a href=\"https:\/\/cpstesters.com\/es\/butterfly-click-test\/\" target=\"_blank\" rel=\"noreferrer noopener\">Prueba de clic de mariposa<\/a><\/li>\n<\/ul>\n","protected":false},"excerpt":{"rendered":"<p>El Test CPS de 5 segundos es un juego de test de clicks de velocidad r\u00e1pida. Si eres principiante, te ayudar\u00e1 a comprobar lo r\u00e1pido &#8230; <\/p>\n<p class=\"read-more-container\"><a title=\"5 Second CPS Test | Comprueba la velocidad de tus clics\" class=\"read-more button\" href=\"https:\/\/cpstesters.com\/es\/5-second-cps-test\/#more-1910\" aria-label=\"Leer m\u00e1s sobre 5 Second CPS Test | Comprueba la velocidad de tus clics\">Read More<\/a><\/p>\n","protected":false},"author":4,"featured_media":986,"parent":0,"menu_order":0,"comment_status":"closed","ping_status":"closed","template":"","meta":{"footnotes":""},"class_list":["post-1910","page","type-page","status-publish","has-post-thumbnail"],"_links":{"self":[{"href":"https:\/\/cpstesters.com\/es\/wp-json\/wp\/v2\/pages\/1910","targetHints":{"allow":["GET"]}}],"collection":[{"href":"https:\/\/cpstesters.com\/es\/wp-json\/wp\/v2\/pages"}],"about":[{"href":"https:\/\/cpstesters.com\/es\/wp-json\/wp\/v2\/types\/page"}],"author":[{"embeddable":true,"href":"https:\/\/cpstesters.com\/es\/wp-json\/wp\/v2\/users\/4"}],"replies":[{"embeddable":true,"href":"https:\/\/cpstesters.com\/es\/wp-json\/wp\/v2\/comments?post=1910"}],"version-history":[{"count":4,"href":"https:\/\/cpstesters.com\/es\/wp-json\/wp\/v2\/pages\/1910\/revisions"}],"predecessor-version":[{"id":4101,"href":"https:\/\/cpstesters.com\/es\/wp-json\/wp\/v2\/pages\/1910\/revisions\/4101"}],"wp:featuredmedia":[{"embeddable":true,"href":"https:\/\/cpstesters.com\/es\/wp-json\/wp\/v2\/media\/986"}],"wp:attachment":[{"href":"https:\/\/cpstesters.com\/es\/wp-json\/wp\/v2\/media?parent=1910"}],"curies":[{"name":"wp","href":"https:\/\/api.w.org\/{rel}","templated":true}]}}