{"id":1870,"date":"2024-07-16T14:22:52","date_gmt":"2024-07-16T14:22:52","guid":{"rendered":"https:\/\/cpstesters.com\/1-second-cps-test-compruebe-sus-clics\/"},"modified":"2025-08-30T07:18:59","modified_gmt":"2025-08-30T07:18:59","slug":"1-second-cps-test","status":"publish","type":"page","link":"https:\/\/cpstesters.com\/es\/1-second-cps-test\/","title":{"rendered":"Prueba de CPS de 1 segundo | Verifique sus clics"},"content":{"rendered":"\n<p>1 Second CPS Test es un incre\u00edble juego de clics por segundo que comprueba tu velocidad de clics con la ayuda de un contador. \u00a1Comienza a jugar y mejora tu velocidad!<\/p>\n\n\n<div class=\"row\">\r\n\t<div class=\"col-md-4\">\r\n\r\n\t\t\r\n\t\t\r\n\t\t<div class=\"side_nav\">\r\n            \r\n            \r\n             <ul class=\"time\">\r\n            <li>\r\n             <a href=\"https:\/\/cpstesters.com\/1-second-cps-test\/\"> <span data-time=\"1\" class=\"active\">1 Second Test<\/span><\/a>\r\n            <\/li><li>\r\n             <a href=\"https:\/\/cpstesters.com\/2-second-cps-test\/\"><span data-time=\"2\">2 Second Test<\/span><\/a>\r\n            <\/li><li>\r\n           <a href=\"https:\/\/cpstesters.com\/5-second-cps-test\/\"><span data-time=\"5\">5 Second Test<\/span><\/a>\r\n            <\/li><li>\r\n\t\t\t\t <a href=\"https:\/\/cpstesters.com\/10-second-cps-test\/\"><span data-time=\"10\">10 Second Test<\/span><\/a>\r\n            <\/li><li>\r\n             <a href=\"https:\/\/cpstesters.com\/15-second-click-test\/\"><span data-time=\"15\">15 Second Test<\/span><\/a>\r\n            <\/li>\r\n\t\t\t\t \t<li>\r\n             <a href=\"https:\/\/cpstesters.com\/30-second-cps-test\/\"><span data-time=\"30\">30 Second Test<\/span><\/a>\r\n            <\/li><li>\r\n\t\t\t\t<li>\r\n             <a href=\"https:\/\/cpstesters.com\/60-second-cps-test\/\"><span data-time=\"60\">60 Second Test<\/span><\/a>\r\n            <\/li><li>\r\n\t\t\t\t<li>\r\n             <a href=\"https:\/\/cpstesters.com\/100-second-cps-test\/\"><span data-time=\"100\">100 Second Test<\/span><\/a>\r\n            <\/li>\r\n\t\t\t\t <li>\r\n             <a href=\"https:\/\/cpstesters.com\/manual-click-test\/\"><span data-time=\"20\">Manual Click Test<\/span><\/a>\r\n            <\/li><\/ul>\r\n            <\/div>\r\n\t\t\r\n\t\t\r\n\t<\/div>\r\n\t<div class=\"col-md-8\">\r\n\t\t<section class=\"section section--full js-section-full section--click\">\r\n               <div class=\"container\">\r\n\t\t\t\t   \r\n\t\t\t\t         <div class=\"setting\">\r\n    <div class=\"theme-mode\"><a class=\"theme-mode__switch js-switch\" href=\"javascript:void(0);\"><\/a>\r\n        <div class=\"theme-mode__text\">Light \/ Dark mode<\/div>\r\n    <\/div>\r\n<\/div>\r\n\t\t\t\t   \r\n\t\t\t\t   \r\n                  <div class=\"statistics\">\r\n                     <div class=\"statistics__item statistics__item--timer\">\r\n                        <div class=\"statistics__number\">\r\n                           <span class=\"js-time number_timer\">1.00<\/span>\r\n                           <a class=\"statistics__arrow statistics__arrow--up js-time-up\" href=\"javascript:void(0);\">\r\n                              <svg class=\"icon icon-arrow-up \">\r\n                                 <use xlink:href=\"\/wp-content\/themes\/generatepress\/tools\/assets\/img\/spritesvg.svg#arrow-up\"><\/use>\r\n                              <\/svg>\r\n                           <\/a>\r\n                           <a class=\"statistics__arrow statistics__arrow--down js-time-down\" href=\"javascript:void(0);\">\r\n                              <svg class=\"icon icon-arrow-up \">\r\n                                 <use xlink:href=\"\/wp-content\/themes\/generatepress\/tools\/assets\/img\/spritesvg.svg#arrow-up\"><\/use>\r\n                              <\/svg>\r\n                           <\/a>\r\n                        <\/div>\r\n                        <div class=\"statistics__title\">Timer<\/div>\r\n                     <\/div>\r\n                     <div class=\"statistics__item statistics__item--clicks\">\r\n                        <div class=\"statistics__number number_clicks js-speed\">0.00<\/div>\r\n                        <div class=\"statistics__title\">Clicks \/ s<\/div>\r\n                     <\/div>\r\n                     <div class=\"statistics__item statistics__item--score\">\r\n                        <div class=\"statistics__number number_score js-score\">0<\/div>\r\n                        <div class=\"statistics__title\">Score<\/div>\r\n                     <\/div>\r\n                  <\/div>\r\n                  <div class=\"clicks-zone\">\r\n                     <div class=\"clicks-zone__start js-clicks-start\">\r\n                        <svg class=\"icon icon-click \">\r\n                           <use xlink:href=\"\/wp-content\/themes\/generatepress\/tools\/assets\/img\/spritesvg.svg#click\"><\/use>\r\n                        <\/svg>\r\n                        <div class=\"clicks-zone__start-title\">\u0421lick here to start cps test<\/div>\r\n                     <\/div>\r\n                     <div class=\"clicks-zone__clicks js-clicks\"><\/div>\r\n                     <div class=\"clicks-zone__result result-clicks js-clicks-result\">\r\n                        <div class=\"result-clicks__title rank-wrapper\"><\/div>\r\n                        <div class=\"result-clicks__text\">Your CPS result is <span class=\"speed js-stat-speed\"><\/span> (<span class=\"clicks js-stat-clicks\"><\/span> Clicks in <span class=\"time js-stat-time\"><\/span> Seconds)<\/div>\r\n                        <div class=\"result-clicks__img\"><img><\/div>\r\n                        <a class=\"result-clicks__btn js-try-again\" href=\"javascript:void(0);\">\r\n                           <svg class=\"icon icon-again \">\r\n                              <use xlink:href=\"\/wp-content\/themes\/generatepress\/tools\/assets\/img\/spritesvg.svg#again\"><\/use>\r\n                           <\/svg>\r\n                           Restart\r\n                        <\/a>\r\n                        <div class=\"result-clicks__share\">\r\n                           <div class=\"result-clicks__share-title\">Share your result with friends!<\/div>\r\n                           <div class=\"share-buttons\">\r\n                              <a class=\"share-button facebook\" data-href=\"https:\/\/www.facebook.com\/sharer\/sharer.php?u=https:\/\/cpstesters.com\/\" target=\"_blank\" onclick=\"goclicky(this); return false;\" rel=\"noopener\">Facebook<\/a>\r\n                              <a class=\"share-button twitter\" data-href=\"http:\/\/www.twitter.com\/share?url=https:\/\/cpstesters.com\/&text=[text]\" target=\"_blank\" onclick=\"goclicky(this); return false;\" rel=\"noopener\">Twitter<\/a>\r\n                              <a class=\"share-button whatsapp\" data-href=\"https:\/\/api.whatsapp.com\/send?text=[text]\" target=\"_blank\" onclick=\"goclicky(this); return false;\" rel=\"noopener\">WhatsApp<\/a>\r\n                              <a class=\"share-button reddit\" data-href=\"http:\/\/www.reddit.com\/submit?url=https:\/\/cpstesters.com\/&title=[text]\" target=\"_blank\" onclick=\"goclicky(this); return false;\" rel=\"noopener\">Reddit<\/a>\r\n                           <\/div>\r\n                        <\/div>\r\n                     <\/div>\r\n                  <\/div>\r\n                  <img decoding=\"async\" src=\"\/wp-content\/themes\/generatepress\/tools\/assets\/img\/test_result\/3\/1.png\" style=\"display: none\" alt=\"\" title=\"\">\r\n                  <img decoding=\"async\" src=\"\/wp-content\/themes\/generatepress\/tools\/assets\/img\/test_result\/5\/1.png\" style=\"display: none\" alt=\"\" title=\"\">\r\n                  <img decoding=\"async\" src=\"\/wp-content\/themes\/generatepress\/tools\/assets\/img\/test_result\/1\/1.png\" style=\"display: none\" alt=\"\" title=\"\">\r\n                  <img decoding=\"async\" src=\"\/wp-content\/themes\/generatepress\/tools\/assets\/img\/test_result\/2\/1.png\" style=\"display: none\" alt=\"\" title=\"\">\r\n                  <img decoding=\"async\" src=\"\/wp-content\/themes\/generatepress\/tools\/assets\/img\/test_result\/0\/1.png\" style=\"display: none\" alt=\"\" title=\"\">\r\n                  <img decoding=\"async\" src=\"\/wp-content\/themes\/generatepress\/tools\/assets\/img\/test_result\/6\/1.png\" style=\"display: none\" alt=\"\" title=\"\">\r\n                  <img decoding=\"async\" src=\"\/wp-content\/themes\/generatepress\/tools\/assets\/img\/test_result\/7\/1.png\" style=\"display: none\" alt=\"\" title=\"\">\r\n                  <img decoding=\"async\" src=\"\/wp-content\/themes\/generatepress\/tools\/assets\/img\/test_result\/4\/1.png\" style=\"display: none\" alt=\"\" title=\"\">\r\n                  <script>\r\n                     var test_result = {\"ratings\":{\"min\":0,\"max\":5},\"rating_ranks\":[\"Your Rank is Snail!\",\"Your Rank is Koala!\",\"Your Rank is Turtle!\",\"Your Rank is Panda!\",\"Your Rank is Hare!\",\"Your Rank is Kangaroo!\",\"Your Rank is Panther!\",\"Your Rank is Cheetah!\"],\"cps_scale\":[[0,1],[1,3],[3,5],[5,7],[7,9],[9,10],[10,12],[12,999]],\"files\":{\"3\":[\"\\\/wp-content\\\/themes\\\/generatepress\\\/tools\\\\assets\\\/img\\\/test_result\\\/3\\\/1.png\"],\"5\":[\"\\\/wp-content\\\/themes\\\/generatepress\\\/tools\\\\assets\\\/img\\\/test_result\\\/5\\\/1.png\"],\"1\":[\"\\\/wp-content\\\/themes\\\/generatepress\\\/tools\\\\assets\\\/img\\\/test_result\\\/1\\\/1.png\"],\"2\":[\"\\\/wp-content\\\/themes\\\/generatepress\\\/tools\\\\assets\\\/img\\\/test_result\\\/2\\\/1.png\"],\"0\":[\"\\\/wp-content\\\/themes\\\/generatepress\\\/tools\\\\assets\\\/img\\\/test_result\\\/0\\\/1.png\"],\"6\":[\"\\\/wp-content\\\/themes\\\/generatepress\\\/tools\\\\assets\\\/img\\\/test_result\\\/6\\\/1.png\"],\"7\":[\"\\\/wp-content\\\/themes\\\/generatepress\\\/tools\\\\assets\\\/img\\\/test_result\\\/7\\\/1.png\"],\"4\":[\"\\\/wp-content\\\/themes\\\/generatepress\\\/tools\\\\assets\\\/img\\\/test_result\\\/4\\\/1.png\"]}};\r\n                     var language = {\"code\":\"en\",\"name\":\"English\",\"prefix\":\"\"};\r\n                     var monitoringClickEvent = 'left';\r\n                     var shareTextDefault = 'My CPS result is {speed} ({clicks} Clicks in {time} Seconds)';\r\n                  <\/script>        \r\n               <\/div>\r\n            <\/section>\r\n\t\t\r\n\t<\/div>\r\n<\/div>\r\n\r\n    <script src=\"\/wp-content\/themes\/generatepress\/tools\/assets\/js\/libs.min.js\"><\/script>\r\n      <script src=\"\/wp-content\/themes\/generatepress\/tools\/assets\/js\/main.min.js?v64\"><\/script>\r\n\n\n\n\n<p><\/p>\n\n\n\n<p>Esta prueba es intrigante y agradable si puedes apartar el mundo y cualquier otro asunto de tu mente mientras la realizas.<\/p>\n\n\n\n<h2 class=\"wp-block-heading\">\u00bfQu\u00e9 es la prueba CPS de 1 segundo?<\/h2>\n\n\n\n<p>Se trata de una prueba est\u00e1ndar creada principalmente para que los jugadores eval\u00faen su precisi\u00f3n y velocidad al hacer clic con el rat\u00f3n. Y este examen, sin duda, hace que sus clics sean m\u00e1s r\u00e1pidos y mejora los movimientos de sus dedos para que puedan superar a sus competidores. Hace clic en la prueba de un segundo. Cuantos m\u00e1s clics hagas por segundo, m\u00e1s y m\u00e1s puntos ganar\u00e1s cada segundo.<\/p>\n\n\n\n<p>En lugar de decir 1 segundo de prueba CPS, es sencillo decir CPS. Tal y como indica el nombre de la prueba, hacer clic con el rat\u00f3n es una parte necesaria del proceso de evaluaci\u00f3n, y existe un sistema para medir su destreza con el clic.<\/p>\n\n\n\n<p>La <a href=\"https:\/\/cpstesters.com\/ru\/%d1%82%d0%b5%d1%81%d1%82-%d0%bd%d0%b0%d0%b6%d0%b0%d1%82%d0%b8%d1%8f-%d0%bd%d0%b0-%d0%ba%d0%bb%d0%b0%d0%b2%d0%b8%d0%b0%d1%82%d1%83%d1%80%d1%83\/\"  data-wpil-monitor-id=\"592\">prueba del clic de un segundo<\/a> es una aplicaci\u00f3n web sencilla y gratuita que calcula su velocidad de clic empezando por el nivel m\u00e1s bajo posible.<\/p>\n\n\n<div class=\"wp-block-image\">\n<figure class=\"aligncenter size-full\"><img loading=\"lazy\" decoding=\"async\" width=\"1000\" height=\"500\" src=\"https:\/\/cpstesters.com\/wp-content\/uploads\/2022\/08\/Untitled-design-27.jpg\" alt=\"Prueba CPS de 1 segundo\" class=\"wp-image-165\" title=\"\" srcset=\"https:\/\/cpstesters.com\/wp-content\/uploads\/2022\/08\/Untitled-design-27.jpg 1000w, https:\/\/cpstesters.com\/wp-content\/uploads\/2022\/08\/Untitled-design-27-300x150.jpg 300w, https:\/\/cpstesters.com\/wp-content\/uploads\/2022\/08\/Untitled-design-27-768x384.jpg 768w\" sizes=\"auto, (max-width: 1000px) 100vw, 1000px\" \/><figcaption class=\"wp-element-caption\">Prueba CPS de 1 segundo<\/figcaption><\/figure>\n<\/div>\n\n\n<p>Cu\u00e1ntos clics haga durante la segunda prueba determina cu\u00e1ntos har\u00e1 en un segundo. Estas herramientas son accesibles en l\u00ednea, y lo que es a\u00fan m\u00e1s intrigante es que su uso es gratuito para los clics de la segunda prueba. Por lo tanto, todo el mundo puede examinar sus tasas de CPS y las circunstancias de trabajo del rat\u00f3n.<\/p>\n\n\n\n<p>Dividiendo el n\u00famero total de clics por el n\u00famero total de segundos, se puede determinar la Prueba de Velocidad de Clic. En otras palabras, &#8220;es una relaci\u00f3n entre clics y un paso de tiempo, en este ejemplo, segundos&#8221;. Cps Test 1 Second &amp; Cps Tester 1 second es otro nombre para este dispositivo.<\/p>\n\n\n\n<h2 class=\"wp-block-heading\">Uso de la herramienta de prueba CPS de 1 segundo<\/h2>\n\n\n\n<p>A la hora de utilizar estas herramientas, la prueba del clic de 1 segundo resulta bastante sencilla gracias a su dise\u00f1o f\u00e1cil de usar, que las convierte en plug-and-play. Navega hasta estos recursos gratuitos, haz clic en los lugares apropiados y \u00a1BAM! Se le proporcionar\u00e1 su tasa de cps.<\/p>\n\n\n\n<p>Un SPI fuerte es crucial, como acabamos de decir. As\u00ed pues, exploremos m\u00e1s para conocer algunas de las aplicaciones t\u00edpicas de la prueba de clics por segundo.<\/p>\n\n\n\n<p class=\"has-text-align-center has-base-background-color has-background has-medium-font-size\">Puede pasar a la p\u00e1gina principal de la prueba <a href=\"https:\/\/cpstesters.com\/es\/\" target=\"_blank\" rel=\"noreferrer noopener\">CPS<\/a> para realizar la prueba general de clics por segundo.<\/p>\n\n\n\n<p><strong>\u00bfC\u00f3mo funciona el juego de la prueba de velocidad?<\/strong><\/p>\n\n\n\n<hr class=\"wp-block-separator has-alpha-channel-opacity\"\/>\n\n\n\n<p>  Los pasos que se indican a continuaci\u00f3n pueden utilizarse eficazmente para completar esta actividad tan emocionante como un juego. As\u00ed que lea los siguientes consejos para <a href=\"https:\/\/cpstesters.com\/ru\/100-second-cps-test\/\"  data-wpil-monitor-id=\"594\">comprobar r\u00e1pidamente su prueba de cps<\/a> durante 1 segundo.<\/p>\n\n\n\n<ul class=\"wp-block-list\">\n<li>Haz clic en el bot\u00f3n gris que aparece cuando se inicia el juego por primera vez para comenzar la prueba de clic de 1 segundo.<\/li>\n\n\n\n<li>Cuando hagas clic ah\u00ed, comenzar\u00e1 el examen, y deber\u00e1s <a href=\"https:\/\/cpstesters.com\/ru\/%d0%ba%d0%b0%d0%ba-%d0%ba%d0%bb%d0%b8%d0%ba%d0%b0%d1%82%d1%8c-%d0%b1%d1%8b%d1%81%d1%82%d1%80%d0%b5%d0%b5\/\"  data-wpil-monitor-id=\"593\">hacer clic lo m\u00e1s r\u00e1pido que puedas para obtener la<\/a> mejor nota. Tiene que haber un temporizador concreto.<\/li>\n\n\n\n<li>Cuando finalice la <a href=\"https:\/\/cpstesters.com\/ru\/%d1%82%d0%b5%d1%81%d1%82-%d0%bd%d0%b0-%d1%82%d0%be%d1%87%d0%bd%d0%be%d1%81%d1%82%d1%8c-%d0%bc%d1%8b%d1%88%d0%b8\/\"  data-wpil-monitor-id=\"595\">prueba de clic del rat\u00f3n<\/a> durante 1 segundo, aparecer\u00e1 una ventana emergente con los resultados en tu pantalla.<\/li>\n<\/ul>\n\n\n\n<h2 class=\"wp-block-heading\">Razones para utilizar la prueba del clic de 1 segundo<\/h2>\n\n\n\n<p>El software para el Test CPS de 1 segundo puede utilizarse para pasar el tiempo en lugar de poner a prueba \u00fanicamente su destreza al hacer clic.<\/p>\n\n\n\n<p>Entre tus amigos, puedes utilizar el software 1 Second CPS Test para competir haciendo clic en tu tiempo libre. Los criterios son sencillos: gana quien consiga m\u00e1s clics en 1 segundo en comparaci\u00f3n con el otro.<\/p>\n\n\n\n<p>Jugar a la actividad de prueba de clics puede ayudarte a desconectar mentalmente. Muchos usuarios quieren aumentar la velocidad del rat\u00f3n para jugar. Por este motivo emplean la prueba del clic.<\/p>\n\n\n\n<p>De hecho, hay varios sitios en los que se puede jugar a un juego distintivo llamado click testing. A la vez que te diviertes, esta t\u00e1ctica tambi\u00e9n te ayuda a ser m\u00e1s h\u00e1bil haciendo clic.<\/p>\n\n\n\n<h2 class=\"wp-block-heading\">\u00bfC\u00f3mo hacer clic r\u00e1pidamente en la prueba de clic de 1 segundo?<\/h2>\n\n\n\n<p>Para empezar, debes tener un rat\u00f3n de juego excelente para completar esta tarea. Este rat\u00f3n para juegos es capaz y preciso. El cursor debe estar entonces en el lugar de clic. A continuaci\u00f3n, haz clic y pulsa la tecla intro del teclado. Su puntuaci\u00f3n CPS subir\u00e1 como resultado. Ese es el secreto para batir el r\u00e9cord de clics en una prueba posterior.<\/p>\n\n\n\n<p>Aqu\u00ed tienes algunos consejos \u00fatiles para superar el juego de contar clics.<\/p>\n\n\n\n<ul class=\"wp-block-list\">\n<li>El m\u00e9todo del clic de fluctuaci\u00f3n es una opci\u00f3n; es ideal para los principiantes.<\/li>\n\n\n\n<li>Para hacer clic r\u00e1pidamente, utilice la pulsaci\u00f3n de arrastre.<\/li>\n\n\n\n<li>Establece r\u00e9cords de velocidad con clics de mariposa.<\/li>\n\n\n\n<li>Aunque los clickers autom\u00e1ticos tambi\u00e9n son una opci\u00f3n, si alquilas puntuaciones reales, basta con usar los dedos.<\/li>\n<\/ul>\n\n\n\n<p>La gema real conoce estas t\u00e9cnicas y secretos de enga\u00f1o. Si utilizas el Clic Mariposa, el Clic Kohi y el Clic Jitter van de la mano con frecuencia. Si observa una aplicaci\u00f3n con un clic cada segundo, llegar\u00e1 a la conclusi\u00f3n de que equivale a un clic cada cinco, diez, sesenta o cien segundos. La verdad es que es dif\u00edcil hacer clic en un segundo y grabar un disco en cuesti\u00f3n de segundos.<\/p>\n\n\n<div class=\"wp-block-image\">\n<figure class=\"aligncenter size-full\"><img loading=\"lazy\" decoding=\"async\" width=\"1000\" height=\"500\" src=\"https:\/\/cpstesters.com\/wp-content\/uploads\/2022\/08\/1-second-cps-Test-.jpg\" alt=\"1 Second Click Test Guide\" class=\"wp-image-146\" title=\"\" srcset=\"https:\/\/cpstesters.com\/wp-content\/uploads\/2022\/08\/1-second-cps-Test-.jpg 1000w, https:\/\/cpstesters.com\/wp-content\/uploads\/2022\/08\/1-second-cps-Test--300x150.jpg 300w, https:\/\/cpstesters.com\/wp-content\/uploads\/2022\/08\/1-second-cps-Test--768x384.jpg 768w\" sizes=\"auto, (max-width: 1000px) 100vw, 1000px\" \/><figcaption class=\"wp-element-caption\">1 Second Click Test Guide<\/figcaption><\/figure>\n<\/div>\n\n\n<h2 class=\"wp-block-heading\">\u00bfQu\u00e9 es el r\u00e9cord mundial CPS de 1 segundo?<\/h2>\n\n\n\n<p>El r\u00e9cord mundial de clics de rat\u00f3n realizados en un segundo puede parecer extra\u00f1o, pero existe. Hay plusmarquistas mundiales en este campo, y algunos jugadores se esfuerzan por alcanzar los puestos m\u00e1s altos en este entretenido juego. En los datos recogidos se muestran las velocidades CPS m\u00e1s r\u00e1pidas de los distintos sitios web.<\/p>\n\n\n\n<p>Algunos sitios web enumeran logros inimaginables para una persona normal. Los estudios y las estad\u00edsticas indican que existe un r\u00e9cord mundial de prueba de clic de 1 segundo.<\/p>\n\n\n\n<p>Dylan Allred, un residente de Los \u00c1ngeles que hizo 1051 clics en 10 segundos, fue el que hizo clic m\u00e1s r\u00e1pidamente de todos ellos. Supongo que es un gran problema. Muchas personas no lo consideran un juego porque puede ser terap\u00e9utico. Muchos jugadores utilizan esta actividad para relajarse si se sienten desanimados o tristes.<\/p>\n\n\n\n<h2 class=\"wp-block-heading\">\u00bfC\u00f3mo puedo aprobar el examen CPS con una puntuaci\u00f3n alta?<\/h2>\n\n\n\n<p>Conseguir una mejor puntuaci\u00f3n r\u00e1pidamente puede ser dif\u00edcil para todos, pero empleando t\u00e9cnicas de clic como el test CPS de 1 segundo, el clic jitter, el clic kohi y el clic mariposa, puedes obtener la mejor puntuaci\u00f3n posible. Al igual que otros ajustes de prueba de velocidad, la prueba de velocidad de clics por segundo. Los participantes deben estar atentos para pulsar el rat\u00f3n en cuanto empiece el cron\u00f3metro para ganar m\u00e1s puntos cada segundo.<\/p>\n\n\n\n<h2 class=\"wp-block-heading\">\u00bfQu\u00e9 ventajas ofrecen las contrapruebas SPI?<\/h2>\n\n\n\n<p>En otras palabras, el contador de pruebas CPS se denomina a veces contador de clics. En cualquier caso, la calculadora CPS ayudar\u00e1 a que los usuarios puedan contar el n\u00famero de veces que han utilizado el rat\u00f3n en cada periodo. El contador, por ejemplo, mostrar\u00e1 cu\u00e1ntos clics hace un usuario en 10 segundos si quiere medir su velocidad de clic en ese tiempo. La Calculadora CPS tambi\u00e9n se conoce como prueba CPS Click. Con una etiqueta diferente, cuenta lo mismo.<\/p>\n\n\n\n<h2 class=\"wp-block-heading\">\u00bfQu\u00e9 es 1 Second Counter?<\/h2>\n\n\n\n<p>Durante la <a href=\"https:\/\/cpstesters.com\/ru\/\"  data-wpil-monitor-id=\"591\">prueba cps clics por segundo<\/a>, CPS Tracker cuenta todos tus clics y calcula tu velocidad media de clics.<\/p>\n\n\n\n<p>Un ejemplo sencillo ser\u00eda si estuviera ejecutando la prueba CPS 1 segundo para ver el n\u00famero de clics que ha hecho en los cinco segundos anteriores.<\/p>\n\n\n\n<p>Tu n\u00famero de cps clicker habr\u00eda sido de 6 clics en s\u00f3lo un segundo si, a lo largo de la prueba, hubieras pulsado el cursor del rat\u00f3n 30 veces en cinco segundos.<\/p>\n\n\n\n<p>La puntuaci\u00f3n de la prueba cps se determina dividiendo el n\u00famero total de clics por la duraci\u00f3n de la prueba.<\/p>\n\n\n\n<p>Esta herramienta tambi\u00e9n se conoce con el nombre de CPS CHECKER, que utilizan algunas personas.<\/p>\n\n\n\n<h2 class=\"wp-block-heading has-text-align-center\">Preguntas frecuentes<\/h2>\n\n\n\n<h3 class=\"wp-block-heading\"><strong>\u00bfCu\u00e1l es la media del SPC?<\/strong><\/h3>\n\n\n\n<p>Nuestro big data inform\u00f3 de que la media de CPS es de 6,51, y Google dijo que el r\u00e9cord mundial es de 14,1 CPS. En un dispositivo m\u00f3vil o un iPad, el rendimiento puede ser ligeramente mejor que en un ordenador.<\/p>\n\n\n\n<h3 class=\"wp-block-heading\"><strong>\u00bfCu\u00e1ntos clics puedo hacer?<\/strong><\/h3>\n\n\n\n<p>El n\u00famero m\u00e1ximo de clics var\u00eda en funci\u00f3n del tipo de dispositivo que utilice cada jugador. Un smartphone puede realizar hasta 100 clics a la vez, pero un usuario de ordenador de sobremesa o PC tardar\u00e1 m\u00e1s de 10 segundos en realizar 100 clics.<\/p>\n\n\n\n<h3 class=\"wp-block-heading\"><strong>\u00bfCu\u00e1ntas veces puedes hacer clic en diez segundos?<\/strong><\/h3>\n\n\n\n<p>En 10 segundos, los usuarios pueden ganar a menudo entre 12 y 14 CPS. Haz la prueba ahora mismo y, en 10 segundos, comprueba lo r\u00e1pido que pulsas.<\/p>\n\n\n\n<h3 class=\"wp-block-heading\"><strong>\u00bfQu\u00e9 puntuaci\u00f3n CPS es la m\u00e1s alta?<\/strong><\/h3>\n\n\n\n<p>A pesar de la impresi\u00f3n de que no pueden hacer mucho en ese breve espacio de tiempo, muchos jugadores tienen tasas de clic de hasta 15 por segundo. Suena imposible, pero varias personas han afirmado que pueden conseguir de 10 a 15 clics por segundo CPS.<\/p>\n\n\n\n<h3 class=\"wp-block-heading\"><strong>\u00bfC\u00f3mo se puede aumentar la velocidad de clic?<\/strong><\/h3>\n\n\n\n<p>Varios m\u00e9todos en l\u00ednea para jugar a juegos de clic m\u00e1s r\u00e1pido incluyen espasmos musculares de los dedos. Todo el mundo conoce el clic de mariposa y el clic de fluctuaci\u00f3n. El cursor har\u00e1 clic m\u00e1s r\u00e1pidamente durante el clic de fluctuaci\u00f3n que durante el clic est\u00e1ndar.<\/p>\n\n\n\n<h3 class=\"wp-block-heading\"><strong>\u00bfLos juegos ayudan a aumentar la tasa de clics?<\/strong><\/h3>\n\n\n\n<p>Para mejorar tus tiempos de reacci\u00f3n, prueba a jugar al Osu o a juegos de disparos en primera persona. Tambi\u00e9n puedes buscar en Internet juegos para practicar la respuesta y elegir unos cuantos para perfeccionar tu habilidad con los clics.<\/p>\n\n\n\n<h2 class=\"wp-block-heading\">Palabras finales para CPS Test 1 Second<\/h2>\n\n\n\n<p>La sincronizaci\u00f3n ojo-mano y el tiempo de respuesta se pondr\u00e1n a prueba en este juego. Es m\u00e1s una prueba r\u00e1pida de habilidad que algo que requiera una reflexi\u00f3n en profundidad. Todo se reduce a cu\u00e1ntos clics de rat\u00f3n haces cada segundo. Puedes considerarlo un reto para ver lo r\u00e1pido que puedo pulsar el cursor en un solo segundo. Examine tambi\u00e9n los esfuerzos de otros agentes. Ser\u00e1s m\u00e1s capaz y activo gracias a ello. A\u00f1adir\u00e9 que todo requiere tiempo para suceder, as\u00ed que debes esperar ese tiempo mientras concluyo este art\u00edculo. Pr\u00e1ctica, pr\u00e1ctica y m\u00e1s pr\u00e1ctica son las claves del \u00e9xito. La \u00fanica forma de convertirse en un mejor jugador es seguir estos consejos.<\/p>\n","protected":false},"excerpt":{"rendered":"<p>1 Second CPS Test es un incre\u00edble juego de clics por segundo que comprueba tu velocidad de clics con la ayuda de un contador. \u00a1Comienza &#8230; <\/p>\n<p class=\"read-more-container\"><a title=\"Prueba de CPS de 1 segundo | Verifique sus clics\" class=\"read-more button\" href=\"https:\/\/cpstesters.com\/es\/1-second-cps-test\/#more-1870\" aria-label=\"Leer m\u00e1s sobre Prueba de CPS de 1 segundo | Verifique sus clics\">Read More<\/a><\/p>\n","protected":false},"author":4,"featured_media":938,"parent":0,"menu_order":0,"comment_status":"closed","ping_status":"closed","template":"","meta":{"footnotes":""},"class_list":["post-1870","page","type-page","status-publish","has-post-thumbnail"],"_links":{"self":[{"href":"https:\/\/cpstesters.com\/es\/wp-json\/wp\/v2\/pages\/1870","targetHints":{"allow":["GET"]}}],"collection":[{"href":"https:\/\/cpstesters.com\/es\/wp-json\/wp\/v2\/pages"}],"about":[{"href":"https:\/\/cpstesters.com\/es\/wp-json\/wp\/v2\/types\/page"}],"author":[{"embeddable":true,"href":"https:\/\/cpstesters.com\/es\/wp-json\/wp\/v2\/users\/4"}],"replies":[{"embeddable":true,"href":"https:\/\/cpstesters.com\/es\/wp-json\/wp\/v2\/comments?post=1870"}],"version-history":[{"count":8,"href":"https:\/\/cpstesters.com\/es\/wp-json\/wp\/v2\/pages\/1870\/revisions"}],"predecessor-version":[{"id":6656,"href":"https:\/\/cpstesters.com\/es\/wp-json\/wp\/v2\/pages\/1870\/revisions\/6656"}],"wp:featuredmedia":[{"embeddable":true,"href":"https:\/\/cpstesters.com\/es\/wp-json\/wp\/v2\/media\/938"}],"wp:attachment":[{"href":"https:\/\/cpstesters.com\/es\/wp-json\/wp\/v2\/media?parent=1870"}],"curies":[{"name":"wp","href":"https:\/\/api.w.org\/{rel}","templated":true}]}}