{"id":1826,"date":"2024-07-16T14:39:19","date_gmt":"2024-07-16T14:39:19","guid":{"rendered":"https:\/\/cpstesters.com\/2-second-cps-test-comprueba-la-velocidad-de-tus-clics\/"},"modified":"2024-09-17T07:09:23","modified_gmt":"2024-09-17T07:09:23","slug":"2-second-cps-test","status":"publish","type":"page","link":"https:\/\/cpstesters.com\/es\/2-second-cps-test\/","title":{"rendered":"2 Second CPS Test | Comprueba la velocidad de tus clics"},"content":{"rendered":"\n<p>El Test CPS de 2 segundos es un juego incre\u00edble que te ayuda a ver cu\u00e1ntos clics puedes hacer en dos segundos.<\/p>\n<div class=\"row\">\r\n\t<div class=\"col-md-4\">\r\n\r\n\t\t\r\n\t\t\r\n\t\t<div class=\"side_nav\">\r\n            \r\n            \r\n             <ul class=\"time\">\r\n            <li>\r\n             <a href=\"https:\/\/cpstesters.com\/1-second-cps-test\/\"> <span data-time=\"1\">1 Second Test<\/span><\/a>\r\n            <\/li><li>\r\n             <a href=\"https:\/\/cpstesters.com\/2-second-cps-test\/\"><span data-time=\"2\" class=\"active\">2 Second Test<\/span><\/a>\r\n            <\/li><li>\r\n           <a href=\"https:\/\/cpstesters.com\/5-second-cps-test\/\"><span data-time=\"5\">5 Second Test<\/span><\/a>\r\n            <\/li><li>\r\n\t\t\t\t <a href=\"https:\/\/cpstesters.com\/10-second-cps-test\/\"><span data-time=\"10\">10 Second Test<\/span><\/a>\r\n            <\/li><li>\r\n             <a href=\"https:\/\/cpstesters.com\/15-second-click-test\/\"><span data-time=\"15\">15 Second Test<\/span><\/a>\r\n            <\/li>\r\n\t\t\t\t \t<li>\r\n             <a href=\"https:\/\/cpstesters.com\/30-second-cps-test\/\"><span data-time=\"30\">30 Second Test<\/span><\/a>\r\n            <\/li><li>\r\n\t\t\t\t<li>\r\n             <a href=\"https:\/\/cpstesters.com\/60-second-cps-test\/\"><span data-time=\"60\">60 Second Test<\/span><\/a>\r\n            <\/li><li>\r\n\t\t\t\t<li>\r\n             <a href=\"https:\/\/cpstesters.com\/100-second-cps-test\/\"><span data-time=\"100\">100 Second Test<\/span><\/a>\r\n            <\/li>\r\n\t\t\t\t <li>\r\n             <a href=\"https:\/\/cpstesters.com\/manual-click-test\/\"><span data-time=\"20\">Manual Click Test<\/span><\/a>\r\n            <\/li><\/ul>\r\n            <\/div>\r\n\t\t\r\n\t\t\r\n\t<\/div>\r\n\t<div class=\"col-md-8\">\r\n\t\t<section class=\"section section--full js-section-full section--click\">\r\n               <div class=\"container\">\r\n\t\t\t\t   \r\n\t\t\t\t         <div class=\"setting\">\r\n    <div class=\"theme-mode\"><a class=\"theme-mode__switch js-switch\" href=\"javascript:void(0);\"><\/a>\r\n        <div class=\"theme-mode__text\">Light \/ Dark mode<\/div>\r\n    <\/div>\r\n<\/div>\r\n\t\t\t\t   \r\n\t\t\t\t   \r\n                  <div class=\"statistics\">\r\n                     <div class=\"statistics__item statistics__item--timer\">\r\n                        <div class=\"statistics__number\">\r\n                           <span class=\"js-time number_timer\">2.00<\/span>\r\n                           <a class=\"statistics__arrow statistics__arrow--up js-time-up\" href=\"javascript:void(0);\">\r\n                              <svg class=\"icon icon-arrow-up \">\r\n                                 <use xlink:href=\"\/wp-content\/themes\/generatepress\/tools\/assets\/img\/spritesvg.svg#arrow-up\"><\/use>\r\n                              <\/svg>\r\n                           <\/a>\r\n                           <a class=\"statistics__arrow statistics__arrow--down js-time-down\" href=\"javascript:void(0);\">\r\n                              <svg class=\"icon icon-arrow-up \">\r\n                                 <use xlink:href=\"\/wp-content\/themes\/generatepress\/tools\/assets\/img\/spritesvg.svg#arrow-up\"><\/use>\r\n                              <\/svg>\r\n                           <\/a>\r\n                        <\/div>\r\n                        <div class=\"statistics__title\">Timer<\/div>\r\n                     <\/div>\r\n                     <div class=\"statistics__item statistics__item--clicks\">\r\n                        <div class=\"statistics__number number_clicks js-speed\">0.00<\/div>\r\n                        <div class=\"statistics__title\">Clicks \/ s<\/div>\r\n                     <\/div>\r\n                     <div class=\"statistics__item statistics__item--score\">\r\n                        <div class=\"statistics__number number_score js-score\">0<\/div>\r\n                        <div class=\"statistics__title\">Score<\/div>\r\n                     <\/div>\r\n                  <\/div>\r\n                  <div class=\"clicks-zone\">\r\n                     <div class=\"clicks-zone__start js-clicks-start\">\r\n                        <svg class=\"icon icon-click \">\r\n                           <use xlink:href=\"\/wp-content\/themes\/generatepress\/tools\/assets\/img\/spritesvg.svg#click\"><\/use>\r\n                        <\/svg>\r\n                        <div class=\"clicks-zone__start-title\">\u0421lick here to start cps test<\/div>\r\n                     <\/div>\r\n                     <div class=\"clicks-zone__clicks js-clicks\"><\/div>\r\n                     <div class=\"clicks-zone__result result-clicks js-clicks-result\">\r\n                        <div class=\"result-clicks__title rank-wrapper\"><\/div>\r\n                        <div class=\"result-clicks__text\">Your CPS result is <span class=\"speed js-stat-speed\"><\/span> (<span class=\"clicks js-stat-clicks\"><\/span> Clicks in <span class=\"time js-stat-time\"><\/span> Seconds)<\/div>\r\n                        <div class=\"result-clicks__img\"><img><\/div>\r\n                        <a class=\"result-clicks__btn js-try-again\" href=\"javascript:void(0);\">\r\n                           <svg class=\"icon icon-again \">\r\n                              <use xlink:href=\"\/wp-content\/themes\/generatepress\/tools\/assets\/img\/spritesvg.svg#again\"><\/use>\r\n                           <\/svg>\r\n                           Restart\r\n                        <\/a>\r\n                        <div class=\"result-clicks__share\">\r\n                           <div class=\"result-clicks__share-title\">Share your result with friends!<\/div>\r\n                           <div class=\"share-buttons\">\r\n                              <a class=\"share-button facebook\" data-href=\"https:\/\/www.facebook.com\/sharer\/sharer.php?u=https:\/\/cpstesters.com\/\" target=\"_blank\" onclick=\"goclicky(this); return false;\" rel=\"noopener\">Facebook<\/a>\r\n                              <a class=\"share-button twitter\" data-href=\"http:\/\/www.twitter.com\/share?url=https:\/\/cpstesters.com\/&text=[text]\" target=\"_blank\" onclick=\"goclicky(this); return false;\" rel=\"noopener\">Twitter<\/a>\r\n                              <a class=\"share-button whatsapp\" data-href=\"https:\/\/api.whatsapp.com\/send?text=[text]\" target=\"_blank\" onclick=\"goclicky(this); return false;\" rel=\"noopener\">WhatsApp<\/a>\r\n                              <a class=\"share-button reddit\" data-href=\"http:\/\/www.reddit.com\/submit?url=https:\/\/cpstesters.com\/&title=[text]\" target=\"_blank\" onclick=\"goclicky(this); return false;\" rel=\"noopener\">Reddit<\/a>\r\n                           <\/div>\r\n                        <\/div>\r\n                     <\/div>\r\n                  <\/div>\r\n                  <img decoding=\"async\" src=\"\/wp-content\/themes\/generatepress\/tools\/assets\/img\/test_result\/3\/1.png\" style=\"display: none\" alt=\"\" title=\"\">\r\n                  <img decoding=\"async\" src=\"\/wp-content\/themes\/generatepress\/tools\/assets\/img\/test_result\/5\/1.png\" style=\"display: none\" alt=\"\" title=\"\">\r\n                  <img decoding=\"async\" src=\"\/wp-content\/themes\/generatepress\/tools\/assets\/img\/test_result\/1\/1.png\" style=\"display: none\" alt=\"\" title=\"\">\r\n                  <img decoding=\"async\" src=\"\/wp-content\/themes\/generatepress\/tools\/assets\/img\/test_result\/2\/1.png\" style=\"display: none\" alt=\"\" title=\"\">\r\n                  <img decoding=\"async\" src=\"\/wp-content\/themes\/generatepress\/tools\/assets\/img\/test_result\/0\/1.png\" style=\"display: none\" alt=\"\" title=\"\">\r\n                  <img decoding=\"async\" src=\"\/wp-content\/themes\/generatepress\/tools\/assets\/img\/test_result\/6\/1.png\" style=\"display: none\" alt=\"\" title=\"\">\r\n                  <img decoding=\"async\" src=\"\/wp-content\/themes\/generatepress\/tools\/assets\/img\/test_result\/7\/1.png\" style=\"display: none\" alt=\"\" title=\"\">\r\n                  <img decoding=\"async\" src=\"\/wp-content\/themes\/generatepress\/tools\/assets\/img\/test_result\/4\/1.png\" style=\"display: none\" alt=\"\" title=\"\">\r\n                  <script>\r\n                     var test_result = {\"ratings\":{\"min\":0,\"max\":5},\"rating_ranks\":[\"Your Rank is Snail!\",\"Your Rank is Koala!\",\"Your Rank is Turtle!\",\"Your Rank is Panda!\",\"Your Rank is Hare!\",\"Your Rank is Kangaroo!\",\"Your Rank is Panther!\",\"Your Rank is Cheetah!\"],\"cps_scale\":[[0,1],[1,3],[3,5],[5,7],[7,9],[9,10],[10,12],[12,999]],\"files\":{\"3\":[\"\\\/wp-content\\\/themes\\\/generatepress\\\/tools\\\\assets\\\/img\\\/test_result\\\/3\\\/1.png\"],\"5\":[\"\\\/wp-content\\\/themes\\\/generatepress\\\/tools\\\\assets\\\/img\\\/test_result\\\/5\\\/1.png\"],\"1\":[\"\\\/wp-content\\\/themes\\\/generatepress\\\/tools\\\\assets\\\/img\\\/test_result\\\/1\\\/1.png\"],\"2\":[\"\\\/wp-content\\\/themes\\\/generatepress\\\/tools\\\\assets\\\/img\\\/test_result\\\/2\\\/1.png\"],\"0\":[\"\\\/wp-content\\\/themes\\\/generatepress\\\/tools\\\\assets\\\/img\\\/test_result\\\/0\\\/1.png\"],\"6\":[\"\\\/wp-content\\\/themes\\\/generatepress\\\/tools\\\\assets\\\/img\\\/test_result\\\/6\\\/1.png\"],\"7\":[\"\\\/wp-content\\\/themes\\\/generatepress\\\/tools\\\\assets\\\/img\\\/test_result\\\/7\\\/1.png\"],\"4\":[\"\\\/wp-content\\\/themes\\\/generatepress\\\/tools\\\\assets\\\/img\\\/test_result\\\/4\\\/1.png\"]}};\r\n                     var language = {\"code\":\"en\",\"name\":\"English\",\"prefix\":\"\"};\r\n                     var monitoringClickEvent = 'left';\r\n                     var shareTextDefault = 'My CPS result is {speed} ({clicks} Clicks in {time} Seconds)';\r\n                  <\/script>        \r\n               <\/div>\r\n            <\/section>\r\n\t\t\r\n\t<\/div>\r\n<\/div>\r\n\r\n    <script src=\"\/wp-content\/themes\/generatepress\/tools\/assets\/js\/libs.min.js\"><\/script>\r\n      <script src=\"\/wp-content\/themes\/generatepress\/tools\/assets\/js\/main.min.js?v64\"><\/script>\r\n\n\n<p><\/p>\n\n<p>La prueba CPS de 2 segundos, un juego divertido y dif\u00edcil, mide cu\u00e1ntos clics puedes conseguir en dos segundos. Es ideal tanto para principiantes como para profesionales, y te lo pasar\u00e1s en grande cuando le cojas el truco.<\/p>\n\n<p>No te preocupes si eres un jugador principiante; hacer clic a un ritmo tan r\u00e1pido es todo un reto, pero es posible con pr\u00e1ctica. Aumentar\u00e1s tu velocidad y frecuencia de clic a medida que adquieras experiencia y domines el juego.<\/p>\n\n<h2 class=\"wp-block-heading\">\u00bfC\u00f3mo realizar la prueba CPS de 2 segundos?<\/h2>\n\n<p>Utilizando su rat\u00f3n, puede aprender qu\u00e9 es un Ensayo CPS de 2 Segundos y c\u00f3mo administrar uno siguiendo las instrucciones que aparecen a continuaci\u00f3n. Si sigues las instrucciones, tu examen ser\u00e1 lo m\u00e1s f\u00e1cil posible.<\/p>\n\n<p>Para empezar, haga clic en el bot\u00f3n grande INICIAR PRUEBA situado en la parte superior de esta p\u00e1gina.<\/p>\n<div class=\"wp-block-image\">\n<figure class=\"aligncenter size-full\"><img loading=\"lazy\" decoding=\"async\" width=\"1000\" height=\"500\" src=\"https:\/\/cpstesters.com\/wp-content\/uploads\/2022\/08\/Untitled-design.jpg\" alt=\"Prueba CPS de 2 segundos\" class=\"wp-image-169\" title=\"\" srcset=\"https:\/\/cpstesters.com\/wp-content\/uploads\/2022\/08\/Untitled-design.jpg 1000w, https:\/\/cpstesters.com\/wp-content\/uploads\/2022\/08\/Untitled-design-300x150.jpg 300w, https:\/\/cpstesters.com\/wp-content\/uploads\/2022\/08\/Untitled-design-768x384.jpg 768w\" sizes=\"auto, (max-width: 1000px) 100vw, 1000px\" \/><figcaption class=\"wp-element-caption\">Prueba CPS de 2 segundos<\/figcaption><\/figure>\n<\/div>\n<p>Dos, empieza a hacer clic con el rat\u00f3n tan r\u00e1pido y preciso como puedas en cuanto empiece el cron\u00f3metro. A lo largo de los dos segundos, mantenga su ritmo de clic de forma continua. Una vez transcurrido el tiempo, se contabilizar\u00e1 su puntuaci\u00f3n total y se mostrar\u00e1 en una ventana emergente intuitiva.<\/p>\n\n<p class=\"has-text-align-center has-background has-medium-font-size\" style=\"background-color:#ffb15e\">\u00bfNo le preocupan los segundos? Dir\u00edjase a <a href=\"https:\/\/cpstesters.com\/es\/\" target=\"_blank\" rel=\"noreferrer noopener\">CPS Test<\/a><\/p>\n\n<h2 class=\"wp-block-heading\">Resultados<\/h2>\n\n<p>Al final del periodo asignado, se revelar\u00e1n los resultados. Hay un total de cinco niveles de ternura que corresponden a tu velocidad:<\/p>\n\n<p>El cerdo es el m\u00e1s lento, con un CPS inferior a cinco; el canguro es el siguiente m\u00e1s r\u00e1pido, con entre 5 y 8 CPS; el mono, entre 10 y 15; el leopardo, entre 15 y 20; y el drag\u00f3n, entre 20 y 30 CPS.<\/p>\n\n<h2 class=\"wp-block-heading\">\u00bfC\u00f3mo aumentar su velocidad de clic en 2 segundos?<\/h2>\n\n<p>Si es as\u00ed, siga leyendo para obtener algunas sugerencias sobre c\u00f3mo aumentar su tasa de clics. Si sigues estas pautas, podr\u00e1s aumentar la velocidad de clic y el rendimiento general.<\/p>\n\n<p>Utilizar clics alternativos del rat\u00f3n es el m\u00e9todo m\u00e1s com\u00fan para aumentar la puntuaci\u00f3n CPS de sus 2s. Tanto el Jitter como el Butterfly pueden hacerlo, as\u00ed que todo depende de las preferencias personales y del tiempo que tengas para practicar.<\/p>\n\n<p>Aumentar la sensibilidad del rat\u00f3n en el panel de Preferencias de Windows es un buen punto de partida; puede parecer un cambio menor, pero puede tener un gran impacto a la hora de probar distintos enfoques.<\/p>\n\n<p>Adem\u00e1s, los ratones para juegos incluyen m\u00e1s botones que los ratones convencionales, lo que permite tiempos de reacci\u00f3n m\u00e1s r\u00e1pidos. Sin embargo, estos ratones son m\u00e1s caros, por lo que pueden no ser pr\u00e1cticos a menos que el jugador est\u00e9 dispuesto a desembolsar el dinero extra.<\/p>\n\n<h2 class=\"wp-block-heading has-text-align-center\">Preguntas frecuentes<\/h2>\n\n<h3 class=\"wp-block-heading\"><strong>\u00bfCu\u00e1ntas veces se mueve un rat\u00f3n por segundo?<\/strong><\/h3>\n\n<p>La prueba CPS es un sistema de clasificaci\u00f3n de la velocidad de clic basado en el n\u00famero de clics que puede hacer en un tiempo determinado. Golpea al menos 5 veces por segundo para evitar reducir la velocidad a la de una tortuga en el juego.<\/p>\n\n<h3 class=\"wp-block-heading\"><strong>\u00bfPor qu\u00e9 la gente se prepara para 2 ex\u00e1menes CPS?<\/strong><\/h3>\n\n<p>Los usuarios y jugadores pueden superar sus limitaciones y mejorar su velocidad de clic con la prueba de clics en 2 segundos. Sus \u00fatiles funciones cuentan los clics del usuario en dos segundos, lo que le permite repetir la prueba y mejorar su velocidad de clic.<\/p>\n\n<h3 class=\"wp-block-heading\"><strong>\u00bfCu\u00e1l es el r\u00e9cord mundial de la prueba CPS de 2 segundos?<\/strong><\/h3>\n\n<p>El r\u00e9cord mundial de la prueba CPS en 2 segundos es de 27 clics por segundo y la velocidad media es de 18 CPS.<\/p>\n\n<h2 class=\"wp-block-heading\">Concluir la prueba CPS en 2 segundos<\/h2>\n\n<p>En resumen, las herramientas que miden las tasas de clics por segundo son \u00fatiles para calibrar la velocidad de los clics, pero tambi\u00e9n tienen otras aplicaciones. Los juegos basados en clics, la pr\u00e1ctica y el puro entretenimiento pueden beneficiarse de la herramienta de clics por segundo. Cualquier persona, de cualquier edad, puede divertirse con estos artilugios gratuitos y ver cu\u00e1ntas veces en un segundo puede hacer clic.<\/p>\n\n<p>Tambi\u00e9n le puede gustar<\/p>\n\n<ul class=\"wp-block-list\">\n<li><a href=\"https:\/\/cpstesters.com\/es\/jitter-click-test\/\">Prueba de clic de fluctuaci\u00f3n<\/a><\/li>\n\n\n\n<li><a href=\"https:\/\/cpstesters.com\/es\/prueba-de-clic-de-kohi\/\">Prueba de clic de Kohi<\/a><\/li>\n\n\n\n<li><a href=\"https:\/\/cpstesters.com\/es\/haga-clic-con-el-boton-derecho-en-prueba-cps\/\">Haga clic con el bot\u00f3n derecho en Prueba CPS<\/a><\/li>\n\n\n\n<li><a href=\"https:\/\/cpstesters.com\/es\/prueba-de-clic-manual\/\" target=\"_blank\" rel=\"noreferrer noopener\">Prueba de clic manual<\/a><\/li>\n\n\n\n<li><a href=\"https:\/\/cpstesters.com\/es\/butterfly-click-test\/\" target=\"_blank\" rel=\"noreferrer noopener\">Prueba de clic de mariposa<\/a><\/li>\n<\/ul>\n","protected":false},"excerpt":{"rendered":"<p>El Test CPS de 2 segundos es un juego incre\u00edble que te ayuda a ver cu\u00e1ntos clics puedes hacer en dos segundos. La prueba CPS &#8230; <\/p>\n<p class=\"read-more-container\"><a title=\"2 Second CPS Test | Comprueba la velocidad de tus clics\" class=\"read-more button\" href=\"https:\/\/cpstesters.com\/es\/2-second-cps-test\/#more-1826\" aria-label=\"Leer m\u00e1s sobre 2 Second CPS Test | Comprueba la velocidad de tus clics\">Read More<\/a><\/p>\n","protected":false},"author":4,"featured_media":974,"parent":0,"menu_order":0,"comment_status":"closed","ping_status":"closed","template":"","meta":{"footnotes":""},"class_list":["post-1826","page","type-page","status-publish","has-post-thumbnail"],"_links":{"self":[{"href":"https:\/\/cpstesters.com\/es\/wp-json\/wp\/v2\/pages\/1826","targetHints":{"allow":["GET"]}}],"collection":[{"href":"https:\/\/cpstesters.com\/es\/wp-json\/wp\/v2\/pages"}],"about":[{"href":"https:\/\/cpstesters.com\/es\/wp-json\/wp\/v2\/types\/page"}],"author":[{"embeddable":true,"href":"https:\/\/cpstesters.com\/es\/wp-json\/wp\/v2\/users\/4"}],"replies":[{"embeddable":true,"href":"https:\/\/cpstesters.com\/es\/wp-json\/wp\/v2\/comments?post=1826"}],"version-history":[{"count":5,"href":"https:\/\/cpstesters.com\/es\/wp-json\/wp\/v2\/pages\/1826\/revisions"}],"predecessor-version":[{"id":5118,"href":"https:\/\/cpstesters.com\/es\/wp-json\/wp\/v2\/pages\/1826\/revisions\/5118"}],"wp:featuredmedia":[{"embeddable":true,"href":"https:\/\/cpstesters.com\/es\/wp-json\/wp\/v2\/media\/974"}],"wp:attachment":[{"href":"https:\/\/cpstesters.com\/es\/wp-json\/wp\/v2\/media?parent=1826"}],"curies":[{"name":"wp","href":"https:\/\/api.w.org\/{rel}","templated":true}]}}