{"id":3208,"date":"2024-07-16T14:30:37","date_gmt":"2024-07-16T14:30:37","guid":{"rendered":"https:\/\/cpstesters.com\/testo-de-latenteco-de-klavaro-responda-tempo-malfruo-kaj-voca-indice\/"},"modified":"2024-09-17T16:57:41","modified_gmt":"2024-09-17T16:57:41","slug":"testo-de-latenteco-de-klavaro","status":"publish","type":"page","link":"https:\/\/cpstesters.com\/eo\/testo-de-latenteco-de-klavaro\/","title":{"rendered":"Testo de Latenteco de Klavaro | Responda Tempo, Malfruo kaj Vo\u0109a Indice"},"content":{"rendered":"\n<p>Testo de Tempo de Respondo de Klavaro estas interreta por kontroli la Latentecon de via klavaro. \u0108u vi volas vidi la enigmalfruon de via klavaro? Kontrolu!<\/p>\n <table>\r\n      <tr>\r\n        <th>Shortest Key Press<\/th>\r\n        <th>Estimated Scan Rate<\/th>\r\n      <\/tr>\r\n      <tr>\r\n        <td id=\"best-time\">press any key<\/td>\r\n        <td id=\"scan-rate\">press any key<\/td>\r\n      <\/tr>\r\n    <\/table>\r\n<h4>Key press history<\/h4>\r\n\r\n    <ul id=\"event-history\">\r\n    <\/ul>\r\n\r\n<script>\r\n'use strict';\r\n\r\nvar keyCodes = {\r\n  3 : \"break\",\r\n  8 : \"backspace \/ delete\",\r\n  9 : \"tab\",\r\n  12 : 'clear',\r\n  13 : \"enter\",\r\n  16 : \"shift\",\r\n  17 : \"ctrl \",\r\n  18 : \"alt\",\r\n  19 : \"pause\/break\",\r\n  20 : \"caps lock\",\r\n  27 : \"escape\",\r\n  32 : \"spacebar\",\r\n  33 : \"page up\",\r\n  34 : \"page down\",\r\n  35 : \"end\",\r\n  36 : \"home \",\r\n  37 : \"left arrow \",\r\n  38 : \"up arrow \",\r\n  39 : \"right arrow\",\r\n  40 : \"down arrow \",\r\n  41 : \"select\",\r\n  42 : \"print\",\r\n  43 : \"execute\",\r\n  44 : \"Print Screen\",\r\n  45 : \"insert \",\r\n  46 : \"delete\",\r\n  48 : \"0\",\r\n  49 : \"1\",\r\n  50 : \"2\",\r\n  51 : \"3\",\r\n  52 : \"4\",\r\n  53 : \"5\",\r\n  54 : \"6\",\r\n  55 : \"7\",\r\n  56 : \"8\",\r\n  57 : \"9\",\r\n  59 : \"semicolon (firefox), equals\",\r\n  61 : \"equals (firefox)\",\r\n  65 : \"a\",\r\n  66 : \"b\",\r\n  67 : \"c\",\r\n  68 : \"d\",\r\n  69 : \"e\",\r\n  70 : \"f\",\r\n  71 : \"g\",\r\n  72 : \"h\",\r\n  73 : \"i\",\r\n  74 : \"j\",\r\n  75 : \"k\",\r\n  76 : \"l\",\r\n  77 : \"m\",\r\n  78 : \"n\",\r\n  79 : \"o\",\r\n  80 : \"p\",\r\n  81 : \"q\",\r\n  82 : \"r\",\r\n  83 : \"s\",\r\n  84 : \"t\",\r\n  85 : \"u\",\r\n  86 : \"v\",\r\n  87 : \"w\",\r\n  88 : \"x\",\r\n  89 : \"y\",\r\n  90 : \"z\",\r\n  91 : \"Windows Key \/ Left \u2318\",\r\n  92 : \"right window key \",\r\n  93 : \"Windows Menu \/ Right \u2318\",\r\n  96 : \"numpad 0 \",\r\n  97 : \"numpad 1 \",\r\n  98 : \"numpad 2 \",\r\n  99 : \"numpad 3 \",\r\n  100 : \"numpad 4 \",\r\n  101 : \"numpad 5 \",\r\n  102 : \"numpad 6 \",\r\n  103 : \"numpad 7 \",\r\n  104 : \"numpad 8 \",\r\n  105 : \"numpad 9 \",\r\n  106 : \"multiply \",\r\n  107 : \"add\",\r\n  109 : \"subtract \",\r\n  110 : \"decimal point\",\r\n  111 : \"divide \",\r\n  112 : \"f1 \",\r\n  113 : \"f2 \",\r\n  114 : \"f3 \",\r\n  115 : \"f4 \",\r\n  116 : \"f5 \",\r\n  117 : \"f6 \",\r\n  118 : \"f7 \",\r\n  119 : \"f8 \",\r\n  120 : \"f9 \",\r\n  121 : \"f10\",\r\n  122 : \"f11\",\r\n  123 : \"f12\",\r\n  124 : \"f13\",\r\n  125 : \"f14\",\r\n  126 : \"f15\",\r\n  127 : \"f16\",\r\n  128 : \"f17\",\r\n  129 : \"f18\",\r\n  130 : \"f19\",\r\n  144 : \"num lock \",\r\n  145 : \"scroll lock\",\r\n  173 : \"minus (firefox), mute\/unmute\",\r\n  174 : \"decrease volume level\",\r\n  175 : \"increase volume level\",\r\n  176 : \"next\",\r\n  177 : \"previous\",\r\n  178 : \"stop\",\r\n  179 : \"play\/pause\",\r\n  181 : \"mute\/unmute (firefox)\",\r\n  182 : \"decrease volume level (firefox)\",\r\n  183 : \"increase volume level (firefox)\",\r\n  186 : \"semi-colon \",\r\n  187 : \"equal sign \",\r\n  188 : \"comma\",\r\n  189 : \"dash \",\r\n  190 : \"period \",\r\n  191 : \"forward slash\",\r\n  192 : \"grave accent \",\r\n  219 : \"open bracket \",\r\n  220 : \"back slash \",\r\n  221 : \"close bracket \",\r\n  222 : \"single quote \",\r\n  224 : \"left or right \u2318 key (firefox)\",\r\n  225 : \"altgr\",\r\n  226 : \"< \/git >\",\r\n  255 : \"toggle touchpad\"\r\n};\r\n\r\nwindow.performance = window.performance || {};\r\nperformance.now = (function() {\r\n    return performance.now       ||\r\n        performance.mozNow    ||\r\n        performance.msNow     ||\r\n        performance.oNow      ||\r\n        performance.webkitNow ||\r\n        Date.now * 1.0; \/*none found - fallback to browser default *\/\r\n})();\r\n\r\n(function() {\r\n  var body = document.querySelector('body');\r\n\r\n  var bestKeyTime = 10000;\r\n  var keyDownTime = [];\r\n  var isKeyDown = [];\r\n  for (var i = 0, len = 256; i < len; i++) {\r\n    isKeyDown[i] = false;\r\n    keyDownTime[i] = 0;\r\n  }\r\n\r\n\r\n  body.onkeydown = function (e) {\r\n    if ( !e.metaKey ) {\r\n      e.preventDefault();\r\n    }\r\n\r\n    if (!isKeyDown[e.keyCode]) {\r\n      isKeyDown[e.keyCode] = true;\r\n      keyDownTime[e.keyCode] = performance.now();\r\n    }\r\n  };\r\n\r\n  body.onkeyup = function (e) {\r\n    if ( !e.metaKey ) {\r\n      e.preventDefault();\r\n    }\r\n    isKeyDown[e.keyCode] = false;\r\n    var upTime = performance.now();\r\n    var heldTime = Math.ceil(upTime - keyDownTime[e.keyCode]);\r\n    bestKeyTime = Math.min(bestKeyTime, heldTime);\r\n    var scanRate = Math.min(1000 \/ (bestKeyTime), 1000);\r\n\r\n    document.querySelector('#best-time').innerHTML = bestKeyTime + \"ms\";\r\n    document.querySelector('#scan-rate').innerHTML = scanRate + \"Hz\";\r\n    var keyEventElem = document.createElement('li');\r\n    var keyEventContent = document.createTextNode(keyCodes[e.keyCode] + \": \" + heldTime + \"ms\");\r\n    keyEventElem.appendChild(keyEventContent);\r\n    var outputArea = document.querySelector('#event-history');\r\n    outputArea.insertBefore(keyEventElem, outputArea.firstChild)\r\n  };\r\n})(); \r\n<\/script>\r\n\n\n<p><\/p>\n\n<div style=\"height:5px\" aria-hidden=\"true\" class=\"wp-block-spacer\"><\/div>\n\n<h2 class=\"wp-block-heading\">Kio estas Klavaro Latenteco?<\/h2>\n\n<p>La kvanto de tempo necesa por klavaro por agnoski unu baton estas konata kiel klavaro latenteco. La tempointervalo inter movo de \u015dlosilo kaj la koncerna USB-pako alvenanta al la USB-haveno estas mezurita en \u0109i tiu procezo. Tial \u0109i tio estas la prokrasto inter premado de klavo kaj la momento, kiam la ago montri\u011das sur la ekrano.<\/p>\n\n<p>La ciferoj estos rondigitaj al la plej proksimaj 5ms por malhelpi falsan precizecon. Vi povas taksi la latentecon de via klavaro per la <a href=\"https:\/\/keyboardsexpert.com\/what-is-keyboard-latency\/\" target=\"_blank\" rel=\"noreferrer noopener\">klavara latencia<\/a> testo.<\/p>\n\n<h2 class=\"wp-block-heading\">Kial Klavara Latencia Testo Estas Grava?<\/h2>\n\n<p>Kvankam plej multaj klavaroj havas ta\u016dgan latentecon por programistoj a\u016d oficejaj areoj, ludklavaroj kun troa latenco povus signifi la diferencon inter gajno kaj perdo.<\/p>\n\n<p>Vi volas certigi, ke \u0109iu komponanto ne havas multe da latenteco, \u0109ar la klavaro, tekkomputilo kaj monitoro \u0109iuj aldonas al la prokrasto inter via enigo kaj la agado farita. Ludaj klavaroj estas faritaj por havi la plej malgrandan kvanton de latenteco ebla, malgra\u016d la fakto, ke neniu ekipa\u0135o estas vere senmalfrua.<\/p>\n\n<h2 class=\"wp-block-heading\">Kiel Klavara Responda Tempo Kalkulas?<\/h2>\n\n<p>Nombri la kadrojn kiuj pasas inter la tempo enigo estas provizita kaj la tempo kiam la fulmo aperas sur la ekrano, testa latenco por la klavaro estas kalkulita kaj kontrolita. Tiam, \u0109i tiu valoro estas modifita por konsideri ekranon, sistemon kaj anta\u016dvoja\u011dan latentecon. La\u016d la trovoj, \u0109iu tipo de ligo havis mezumon de 12 mezuradoj.<\/p>\n<div class=\"wp-block-image\">\n<figure class=\"aligncenter size-full\"><img loading=\"lazy\" decoding=\"async\" width=\"1000\" height=\"500\" src=\"https:\/\/cpstesters.com\/wp-content\/uploads\/2022\/09\/Keyboard-Latency-Test.jpg\" alt=\"Testo de Latenteco de Klavaro\" class=\"wp-image-608\" title=\"\" srcset=\"https:\/\/cpstesters.com\/wp-content\/uploads\/2022\/09\/Keyboard-Latency-Test.jpg 1000w, https:\/\/cpstesters.com\/wp-content\/uploads\/2022\/09\/Keyboard-Latency-Test-300x150.jpg 300w, https:\/\/cpstesters.com\/wp-content\/uploads\/2022\/09\/Keyboard-Latency-Test-768x384.jpg 768w\" sizes=\"auto, (max-width: 1000px) 100vw, 1000px\" \/><figcaption class=\"wp-element-caption\">Testo de Latenteco de Klavaro<\/figcaption><\/figure>\n<\/div>\n<p class=\"has-text-align-center has-base-background-color has-background has-medium-font-size\"><em>Ne Forgesu Kontroli Nian <a href=\"https:\/\/cpstesters.com\/eo\/testo-de-klavaro\/\" target=\"_blank\" rel=\"noreferrer noopener\">Klavaran Teston<\/a> !<\/em><\/p>\n\n<h2 class=\"wp-block-heading\">Pa\u015doj por Klavara Latencia Testo<\/h2>\n\n<p>\u0108i tiu \u011disfunda Testo pri Skanado de Klavaro estas volonte provizita por ke vi povas rapide determini kiom rapide la sistemo detektas viajn klavojn. Por komenci vidi la realtempajn datumojn sur via ekrano, simple premu ajnan klavon de la klavara aparato.<\/p>\n\n<p>La pa\u015doj por plenumi la provon de la responda indico de klavaro estas jenaj:<\/p>\n\n<ul class=\"wp-block-list\">\n<li>Kontrolu la testilon supre de \u0109i tiu pa\u011do.<\/li>\n\n\n\n<li>Post kiam vi alklakas la teston, la testa ilo malfermos.<\/li>\n\n\n\n<li>La ilo montras la skanan indicon en Hz, kiu diros la rapidecon de via klavaro, necesas por sendi informojn.<\/li>\n\n\n\n<li>Kun tio ekzistas Min interval-opcio, kiu montros intervalajn detalojn<\/li>\n\n\n\n<li>Klavaro estos provita kiam vi premas la klavojn, kaj nia testa areo detektos la respondan indicon kaj montros detalojn.<\/li>\n\n\n\n<li>Vi anka\u016d povas reagordi la datumojn, premante la rekomencigitan opcion.<\/li>\n\n\n\n<li>Plie, la klavara responda indico, kaj skanaj indicoj detaloj povas esti el\u015dutitaj. La opcio estas provizita sur la ilo.<\/li>\n<\/ul>\n\n<p>Tiel vi povas facile testi vian klavaron, \u011di estas la plej efika ilo disponebla tie.<\/p>\n\n<h2 class=\"wp-block-heading\">Karakteriza\u0135oj de \u0109i tiu Vo\u0109a Indice Testo<\/h2>\n\n<p>Komence, vi povas kontroli la klavaran skanadon kontra\u016d \u0109iu klavopremo uzante \u0109i tiun interretan ilon.<\/p>\n\n<p>Due, vi povas observi la respondtempon de komputilo kaj kiom rapide \u011di konvertas la elektronikan signalon de klavopremoj en utilajn informojn.<\/p>\n\n<p>Krome, vi povas kontroli \u0109iun klavon kiu estas frapetita dum uzado de \u0109i tiu interreta aplika\u0135o kaj vidi kiom rapide \u011di respondas.<\/p>\n\n<p>La detala rekordo de la tuta sesio, kiu inkluzivas la respondan tempon de \u0109iu klavo premita, estas anka\u016d el\u015dutebla. Vi povas taksi la efikecon de via aparato per tio.<\/p>\n\n<p>Aldone, vi povas rekomenci novan sesion per nia interreta testa ilo uzante la rekomencigitan butonon por pura komenco.<\/p>\n\n<h2 class=\"wp-block-heading has-text-align-center\">Oftaj Demandoj<\/h2>\n\n<h3 class=\"wp-block-heading\"><strong>Kiel mi kontrolas latencian sur mia klavaro?<\/strong><\/h3>\n\n<p>Estas pluraj metodoj por mezuri klavarmalfruon. Tamen, la testa ilo pri klavaro latenteco CPSTesters.com estas la plej simpla maniero por determini vian latentecon de klavaro. Vi ricevos precizajn rezultojn de \u0109i tiu ilo rapide.<\/p>\n\n<h3 class=\"wp-block-heading\"><strong>Kiel mi povas plibonigi mian latencian klavaron?<\/strong><\/h3>\n\n<p>Por malpliigi latencian de klavaro, vi povas \u011disdatigi \u015doforojn, ruli diagnozajn ilojn a\u016d enigi diversajn instrukciojn en la komandpromeson. Klavara eniga prokrasta respondo anka\u016d povus esti ka\u016dzita de malalta klavarbaterio. Kontrolu la klavarbaterion, anstata\u016digu \u011din se vi povas, kaj certigu, ke \u011di funkcias \u011duste.<\/p>\n\n<h3 class=\"wp-block-heading\"><strong>\u0108u klavara latenco gravas por videoludado?<\/strong><\/h3>\n\n<p>Jes, la latencia klavaro estas tre grava por videoludado \u0109ar \u011di determinas la rendimenton de via ludo. \u0108u vi gajnas la ludon a\u016d perdas \u011din, \u011di bazi\u011das sur la latencia de la klavaro kaj la efikeco de via klavaro.<\/p>\n\n<h3 class=\"wp-block-heading\"><strong>\u0108u 1000Hz-vo\u0109donado estas bona por klavaro?<\/strong><\/h3>\n\n<p>La vo\u0109dona indico de klavaro, kiu estas esprimita en Hertz, estas la ofteco kun kiu \u011di komunikas datumojn al via labortablo (Hz). \u0108iu klavopremo respondas pli rapide ju pli rapida estas la balota indico. Por ludoj, vo\u0109dona indico de 500 \u011dis 1000 Hz estas rekomendita minimume. Vi povas kontroli vian klavaran balotprocenton uzante nian klavaran balotprocentteston<\/p>\n\n<h3 class=\"wp-block-heading\"><strong>Kiel mi kontrolas la latentecon sur mia klavaro?<\/strong><\/h3>\n\n<p>Programo kreita specife por Bluetooth-klavaroj permesas vin rapide kontroli la latentecon de via klavaro. Ekzistas anka\u016d interreta klavara latenta testo alirebla. Simple vizitu nian retejon interrete por taksi la enigmalfruan teston tie.<\/p>\n\n<p>Iuj Aliaj Klavaraj Iloj:<\/p>\n\n<ul class=\"wp-block-list\">\n<li><a href=\"https:\/\/cpstesters.com\/eo\/spacbreto-nombrilo\/\" target=\"_blank\" rel=\"noreferrer noopener\">Spacbreto Nombrilo<\/a><\/li>\n\n\n\n<li><a href=\"https:\/\/cpstesters.com\/eo\/klavaro-klaku-testo\/\" target=\"_blank\" rel=\"noreferrer noopener\">Klavaro Klaku Testo<\/a><\/li>\n\n\n\n<li><a href=\"https:\/\/cpstesters.com\/eo\/klavaro-ghosting-testo\/\" target=\"_blank\" rel=\"noreferrer noopener\">Klavaro Ghosting Testo<\/a><\/li>\n\n\n\n<li><a href=\"https:\/\/cpstesters.com\/eo\/mekanika-klavaro-testo\/\" target=\"_blank\" rel=\"noreferrer noopener\">Mekanika Klavaro Testo<\/a><\/li>\n\n\n\n<li><a href=\"https:\/\/cpstesters.com\/eo\/testo-wpm\/\" target=\"_blank\" rel=\"noreferrer noopener\">WPM Testo<\/a><\/li>\n<\/ul>\n","protected":false},"excerpt":{"rendered":"<p>Testo de Tempo de Respondo de Klavaro estas interreta por kontroli la Latentecon de via klavaro. \u0108u vi volas vidi la enigmalfruon de via klavaro? &#8230; <\/p>\n<p class=\"read-more-container\"><a title=\"Testo de Latenteco de Klavaro | Responda Tempo, Malfruo kaj Vo\u0109a Indice\" class=\"read-more button\" href=\"https:\/\/cpstesters.com\/eo\/testo-de-latenteco-de-klavaro\/#more-3208\" aria-label=\"Read more about Testo de Latenteco de Klavaro | Responda Tempo, Malfruo kaj Vo\u0109a Indice\">Read More<\/a><\/p>\n","protected":false},"author":4,"featured_media":1638,"parent":0,"menu_order":0,"comment_status":"closed","ping_status":"closed","template":"","meta":{"footnotes":""},"class_list":["post-3208","page","type-page","status-publish","has-post-thumbnail"],"_links":{"self":[{"href":"https:\/\/cpstesters.com\/eo\/wp-json\/wp\/v2\/pages\/3208","targetHints":{"allow":["GET"]}}],"collection":[{"href":"https:\/\/cpstesters.com\/eo\/wp-json\/wp\/v2\/pages"}],"about":[{"href":"https:\/\/cpstesters.com\/eo\/wp-json\/wp\/v2\/types\/page"}],"author":[{"embeddable":true,"href":"https:\/\/cpstesters.com\/eo\/wp-json\/wp\/v2\/users\/4"}],"replies":[{"embeddable":true,"href":"https:\/\/cpstesters.com\/eo\/wp-json\/wp\/v2\/comments?post=3208"}],"version-history":[{"count":4,"href":"https:\/\/cpstesters.com\/eo\/wp-json\/wp\/v2\/pages\/3208\/revisions"}],"predecessor-version":[{"id":4238,"href":"https:\/\/cpstesters.com\/eo\/wp-json\/wp\/v2\/pages\/3208\/revisions\/4238"}],"wp:featuredmedia":[{"embeddable":true,"href":"https:\/\/cpstesters.com\/eo\/wp-json\/wp\/v2\/media\/1638"}],"wp:attachment":[{"href":"https:\/\/cpstesters.com\/eo\/wp-json\/wp\/v2\/media?parent=3208"}],"curies":[{"name":"wp","href":"https:\/\/api.w.org\/{rel}","templated":true}]}}