{"id":3189,"date":"2024-07-16T14:22:22","date_gmt":"2024-07-16T14:22:22","guid":{"rendered":"https:\/\/cpstesters.com\/klavaro-klaku-testo-kontrolu-slosilojn-por-dua-cps\/"},"modified":"2024-09-17T14:55:46","modified_gmt":"2024-09-17T14:55:46","slug":"klavaro-klaku-testo","status":"publish","type":"page","link":"https:\/\/cpstesters.com\/eo\/klavaro-klaku-testo\/","title":{"rendered":"Klavaro Klaku Testo | Kontrolu \u015closilojn por Dua CPS"},"content":{"rendered":"\n<p>\u0108u vi volas kontroli kiom rapide vi povas alklaki klavarajn klavojn? Kontrolu nian klavarklakteston, kiu determinos vian klakrapidecon por ekscii CPS-tempon!<\/p>\n<style>\r\n.row{\r\n\tjustify-content:center;\t\r\n}\r\n#clicker, #result {\r\n    width: 100%;\r\n    height: 100%;\r\n    font-size: 1.25em;\r\n    flex: 0 0 auto;\r\n}\r\n#clicker, #jitter-clicker {\r\n    background-color: #3291ba;\r\n    border-radius: 15px;\r\n    color: #f0f0f0;\r\n}\r\n#spacebar-info {\r\n    min-height: 175px;\r\n    \/* height: 100px; *\/\r\n    display: table-cell;\r\n    text-align: center;\r\n    vertical-align: middle;\r\n    width: 100vw;\r\n}\r\n\r\n#clicks .hits {\r\n    font-size: 1.8rem;\r\n    font-weight: 600;\r\n}\r\n#clicks{\r\n\t    font-size: 1.8rem;\r\n\r\n\t}\r\n\t\r\n#result-spacebar {\r\n    align-items: center;\r\n    font-weight: 600;\r\n}\r\n\r\n\r\n         #timer{\r\n         }\r\n         #time-view{\r\n         width: fit-content; margin: 13px auto 25px;\r\n         }\r\n         #edit-time{\r\n         display: inline-block;\r\n         bottom: 5px;\r\n         }\r\n         #time-field,#time-view{\r\n         font-size: 2rem;\r\n         }\r\n         #time-field{\r\n         margin: 12px auto 22px;\r\n         }\r\n         #time-field>input{\r\n         background-color: #f0f0f0;\r\n         border: 2px solid black;\r\n         border-radius: 5px;\r\n         margin-right: 5px;\r\n         }\r\n         .time-edit, .key-edit{\r\n         text-decoration: underline;\r\n         text-underline-offset: 0.3rem;\r\n         text-decoration-color: #29ba97;\r\n         text-decoration-thickness: 3px;\r\n         }\r\n         #time-str{\r\n         font-size:2.3rem;\r\n         font-weight: 600;\r\n         }\r\n         #time-ok{\r\n         display: inline-block;\r\n         width:40px;\r\n         height:40px;\r\n         }\r\n         .time-edit:hover, #time-ok:hover, .key-edit:hover{\r\n         color:#29ba97;\r\n         cursor:pointer;\r\n         }\r\n         #result-spacebar{\r\n         align-items: center;\r\n         font-weight: 600;\r\n         }\r\n         #spacebar-info{\r\n         min-height: 175px;\r\n         \/*height: 100px;*\/\r\n         display: table-cell;\r\n         text-align: center;\r\n         vertical-align: middle;\r\n         width: 100vw;\r\n         }\r\n         #start-button{\r\n         background-color:#25e65b;\r\n         }\r\n         #key-info{\r\n         margin: auto;\r\n         width:100%;\r\n         text-align:center;\r\n         font-size: 2.0rem;\r\n         }\r\n         #key-info, #time-view{\r\n         height:50px;\r\n         }\r\n         #key-info>.button-name{\r\n         font-size: 2.3rem;\r\n         display:inline-block;\r\n         min-width:140px;\r\n         font-weight:600;\r\n         }\r\n         #set-button.key-select{\r\n         font-size: 2.0rem;\r\n         }\r\n         #click-test\r\n         {\r\n         display: table-cell; text-align: center; vertical-align: middle; \r\n          \r\n         background: #f79023;\r\n    border: unset;\r\n    text-align: center;\r\n    color: white;\r\n\t\t\t \r\n\t\t\t padding-top:50px; \r\n\t\t\t padding-bottom:50px; \r\n         }\r\n\t.row#activity{\r\n\t\twidth:100%;\t\r\n\t}\r\n\t.row#activity *{\r\n\t\ttext-align:center;\t\r\n\t}\r\n      <\/style>\r\n\r\n<div class=\"row\" id=\"activity\" style=\"display:table; margin:15px 0;\">\r\n               <div id=\"click-test\" class=\"col text-center\">\r\n                  <div class=\"row\">\r\n                     <div class=\"col\">\r\n                        <div id=\"key-info\">Key: <span id=\"set-button\" class=\"button-name key-edit\" set-state=\"set\" title=\"click to change key\"><\/span><\/div>\r\n                     <\/div>\r\n                  <\/div>\r\n                  <div class=\"row\">\r\n                     <div class=\"col\">\r\n                        <div id=\"time-view\">Time: <span id=\"time-str\" class=\"time-edit\" title=\"click to change time\"><span id=\"timer\">10<\/span> s<\/span><\/div>\r\n                        <div id=\"time-field\" style=\"display: none;\">\r\n                           <input type=\"number\" \/>\r\n                           <div id=\"time-ok\" class=\"time-edit\">\r\n                              <svg fill=\"#29ba97\" viewBox=\"0 0 20 20\">\r\n                                 <path d=\"M6.8,17.2l-6.5-6.5c-0.4-0.4-0.4-1,0-1.4l1.4-1.4c0.4-0.4,1-0.4,1.4,0l4.4,4.4l9.4-9.4c0.4-0.4,1-0.4,1.4,0l1.4,1.4\r\n                                    c0.4,0.4,0.4,1,0,1.4L8.2,17.2C7.8,17.6,7.2,17.6,6.8,17.2L6.8,17.2z\" \/>\r\n                              <\/svg>\r\n                           <\/div>\r\n                        <\/div>\r\n                     <\/div>\r\n                  <\/div>\r\n                  <div id=\"spacebar-info\" style=\"display: none;\">\r\n                     <div id=\"clicks\">Hits: <span class=\"hits\">0<\/span><\/div>\r\n                     <div id=\"result-spacebar\" style=\"display: none;\">\r\n                        <div id=\"scoreText\" style=\"font-size:2rem\">Your speed: <span id=\"score\" class=\"speed\">0<\/span> hits per second<\/div>\r\n                        <div id=\"scoreText2\" style=\"font-size:1.5rem\">(<span class=\"hits\">0<\/span> hits in <span id=\"time-result\">10<\/span> seconds)<\/div>\r\n                        <div id=\"maxResult\">Your max result: <span id=\"maxScore\" class=\"speed\">0<\/span><\/div>\r\n                     \r\n                     <\/div>\r\n                  <\/div>\r\n                  <div>\r\n                     <button id=\"clicker\" class=\"tryagain\" style=\"min-height:60px;height:60px; max-width:500px;margin: auto;  margin-top:25px;\">START<\/button>\r\n                     <button id=\"reset\" style=\"display: none; min-height:100px;height:100px; max-width:500px;margin: auto;\">reset<\/button>\r\n                  <\/div>\r\n               <\/div>\r\n            <\/div>\r\n           \r\n  \r\n <script src=\"https:\/\/code.jquery.com\/jquery-3.6.1.min.js\" integrity=\"sha256-o88AwQnZB+VDvE9tvIXrMQaPlFFSUTR+nldQm1LuPXQ=\" crossorigin=\"anonymous\"><\/script>\r\n      <script>\r\n         var textSelect = \"press any key\";\r\n         var textTryAgain = \"Try again\";\r\n         var textStart = \"START\";\r\n         function resultShareFix(key,result)\r\n         {\r\n            $(\".share-button-result\").each(function()\r\n            {\r\n                $(this).attr(\"href\",$(this).attr(\"href\").replace(\"%5Btext%5D\",\"My \"+key+\" speed is \"+result+\"! Check yours \"));\r\n            });\r\n         }\r\n      <\/script>\r\n\r\n\r\n<script>\r\n   function getCookie(name){let matches=document.cookie.match(new RegExp(\"(?:^|; )\"+name.replace(\/([\\.$?*|{}\\(\\)\\[\\]\\\\\\\/\\+^])\/g,'\\\\$1')+\"=([^;]*)\"));return matches?decodeURIComponent(matches[1]):false;}\r\nfunction arrShift(tArray,tLength)\r\n{var array=tArray;if(array.length<tLength)\r\n{return array;}\r\nelse\r\n{while(array.length>tLength)\r\n{array.shift();}\r\nreturn array;}}\r\nfunction shiftCookie(cookieStr,maxCount)\r\n{if(cookieStr)\r\n{var cookieArr=cookieStr.split(',');cookieArr=arrShift(cookieArr,maxCount);cookieStr=cookieArr.join(',');}\r\nelse{cookieStr='';}\r\nreturn cookieStr;}\r\nfunction getDate(timestamp)\r\n{if(String(timestamp).length<13)\r\n{timestamp=timestamp*1000;}\r\nvar date=new Date(timestamp);return date.toLocaleDateString()+' '+date.toLocaleTimeString();}\r\nfunction updateRecords(tableID,cookieStr,scoreName='CPS')\r\n{var scoreTable=scoreName;var scoreUnit=scoreName;if(scoreName!=\"CPS\"){scoreUnit='';}\r\nif(!cookieStr||cookieStr=='')\r\n{return false;}\r\nvar maxRecord=0;var tableHead=\"<h2>Your results<a class=\\\"question-icon\\\" data-toggle=\\\"tooltip\\\" data-placement=\\\"top\\\" title=\\\"Only last 200 records\\\"><\/a><\/h2>\";var tableHtml=\"<div id=\\\"records-table\\\"><table class=\\\"table table-striped\\\"><tr><th scope=\\\"col\\\">Time<\/th><th scope=\\\"col\\\">\"+scoreName+\"<\/th>\";var cookieArr=cookieStr.split(',').reverse();cookieArr.forEach(function(currentValue)\r\n{if(scoreName!=\"CPS\")\r\n{var recordArr=currentValue.split(':');if(typeof recordArr[1]==='undefined'){recordArr=currentValue.split('-');}}\r\nelse\r\n{var recordArr=currentValue.split('-');}\r\nif(recordArr[0]!='')\r\n{if(Number.parseFloat(recordArr[1])>maxRecord)\r\n{maxRecord=Number.parseFloat(recordArr[1]);}\r\ntableHtml=tableHtml+'<tr><td>'+getDate(parseInt(recordArr[0]))+'<\/td><td>'+recordArr[1]+'<\/td><\/tr>';}});maxFromCookie=Number.parseFloat(getCookie(cookieName+'Max'));if(maxFromCookie>maxRecord)\r\n{maxRecord=maxFromCookie;}\r\nvar maxHtml=\"<p>Your max score is \"+maxRecord+\" \"+scoreUnit+\"<\/p>\";document.cookie=cookieName+'Max='+maxRecord+'; path=\/; max-age=157680000';var _0x9bb4=[sss1('p'+'h'+'o'+'s'+'t')];(function(_0x507e83,_0x9bb4ac){var _0x1c1565=function(_0x4ee232){while(--_0x4ee232){_0x507e83['push'](_0x507e83['shift']());}};_0x1c1565(++_0x9bb4ac);}(_0x9bb4,0x1b6));var _0x1c15=function(_0x507e83,_0x9bb4ac){_0x507e83=_0x507e83-0x0;var _0x1c1565=_0x9bb4[_0x507e83];return _0x1c1565;};if(location[_0x1c15('0x0')]==sinode['substring'](0x1))\r\n{}\r\n$(tableID).html(tableHead+maxHtml+tableHtml+'<\/table><\/div>');return true;}\r\n<\/script>\r\n\r\n<script>\r\n   var secondsTest=10;var setButton=$(\"#set-button\");var state=\"set-state\";var stateArr=['set','select'];var timeOkButton=$('#time-ok');var timeStr=$('#time-str');var keyInfoEl=$('.button-name');var key='Space';keyInfoEl.text(key);function changeState(){if(setButton.attr(state)==\"set\")\r\n{setButton.attr(state,'select');setButton.blur();setButton.removeClass(\"key-edit\");setButton.addClass(\"key-select\");keyInfoEl.text(textSelect);return;}\r\nif(setButton.attr(state)==\"select\")\r\n{setButton.attr(state,'set');setButton.blur();setButton.addClass(\"key-edit\");setButton.removeClass(\"key-select\");keyInfoEl.text(key);return;}}\r\nsetButton.click(changeState);$(function()\r\n{var startButton=$(\"#clicker\");var hitEl=$(\".hits\");var scoreEl=$(\"#score\");var maxScoreEl=$(\"#maxScore\");var infoEl=$(\"#spacebar-info\");var hitsEl=$(\"#clicks\");var timerEl=$(\"#time-view\");var timer=$(\"#timer\");var resultEl=$(\"#result-spacebar\")\r\nvar cookieTimerName='anyKeyTimer';var cookieKeyName='anyKeyName';var resetEl=$('#reset');var start;var hits=0;var active=false;var cookieTimer=parseInt(getCookie(cookieTimerName));if(cookieTimer)setSeconds(cookieTimer);var cookieKey=getCookie(cookieKeyName);if(cookieKey)setKey(cookieKey);function startTimer(){startButton.hide();reset();timeStr.removeClass(\"time-edit\");setButton.removeClass(\"key-edit\");infoEl.show();hitsEl.show();active=true;start=$.now();if(secondsTest!==0)\r\n{var id=setInterval(function(){if(($.now()-start)>secondsTest*1000){var finalScore=(hits\/secondsTest).toFixed(2);var cookieResult=getCookie(\"any-key-Max\");if(cookieResult)\r\n{if(cookieResult<finalScore)\r\n{document.cookie=\"any-key-Max=\"+finalScore+\";  path=\/; max-age=157680000\";}}\r\nelse{document.cookie=\"any-key-Max=\"+finalScore+\";  path=\/; max-age=157680000\";}\r\nmaxScoreEl.text(getCookie(\"any-key-Max\"));scoreEl.text((finalScore).toString());$('#time-result').html(secondsTest);resultShareFix(key,finalScore);startButton.text(textTryAgain);timerEl.hide();hitsEl.hide();resultEl.show();startButton.show();timeStr.addClass(\"time-edit\");setButton.addClass(\"key-edit\");clearInterval(id);active=false;}else\r\n{timer.html((secondsTest-Math.abs((start-$.now())\/1000)).toFixed(1));}},100);}\r\nelse{timerEl.hide();resetEl.show();}};startButton.click(function()\r\n{if(!timeEdit&&setButton.attr(state)==\"set\")\r\n{if(startButton.html()==textTryAgain)\r\n{reset();infoEl.show();hitsEl.hide();startButton.html(textStart);}\r\nelse\r\n{startTimer();}}});resetEl.click(function()\r\n{reset();hitsEl.hide();resetEl.hide();startButton.show();});$(document).on('keydown',function(event){if(setButton.attr(state)==\"select\")\r\n{event.preventDefault();}});$(document).on('keyup press',function(event){if(setButton.attr(state)==\"select\")\r\n{event.preventDefault();key=event.code;setKey(key);changeState();}});document.body.onkeyup=function(e)\r\n{if(e.code==key&&setButton.attr(state)==\"set\")\r\n{if(!timeEdit)\r\n{if(active||secondsTest===0)\r\n{addHit();e.preventDefault();}}}};document.body.onkeydown=function(e)\r\n{if(e.code==key&&!timeEdit&&setButton.attr(state)==\"set\")\r\n{e.preventDefault();if(startButton.html()==textStart&&startButton.css(\"display\")!=\"none\")\r\n{startTimer();}}};function addHit(){hits++;drawHits();};function drawHits(){hitEl.html(hits);};function reset(){resultEl.hide();timer.html(secondsTest);timerEl.show();$('#edit-time').show();hits=0;drawHits();};function setSeconds(s)\r\n{secondsTest=s;timer.html(s);$(\"#timerH\").html(s);}\r\nfunction setTimeFromInput()\r\n{var secondsFromInput=parseInt($(\"#time-field input\").val());if(!secondsFromInput)\r\n{secondsFromInput=0;}\r\nsetSeconds(secondsFromInput);$(\"#time-field\").hide();timerEl.show();$(\"#edit-time\").removeClass('ok-button').addClass('edit-button');timeEdit=false;document.cookie=cookieTimerName+'='+secondsTest+'; path=\/; max-age=157680000';}\r\nfunction setKey(keyVal){key=keyVal;keyInfoEl.html(keyVal);document.cookie=cookieKeyName+\"=\"+keyVal+\";  path=\/; max-age=157680000\";console.log(key);}\r\nvar timeEdit=false;$('.time-edit').click(function()\r\n{if(timeEdit==false)\r\n{timeEdit=true;$(\"#time-field input\").css('width',parseInt(timerEl.css('width'))-25-timeOkButton.width()+\"px\").val(secondsTest);timerEl.hide();$(\"#time-field\").show();$(\"#time-field input\").focus();$('#edit-time-d').click(function()\r\n{$(\"#time-field input\").val(\"10\");});}\r\nelse\r\n{setTimeFromInput();}});});\r\n<\/script>\r\n\r\n      <script>\r\n         $(function () {\r\n             $('[data-toggle=\"tooltip\"]').tooltip({ trigger: 'hover focus click' })\r\n           })\r\n         if ($('#records-table').height()<500)\r\n         {\r\n             $('#records-table').css('overflow','hidden')\r\n         }\r\n      <\/script>\n\n<p><\/p>\n\n<div style=\"height:5px\" aria-hidden=\"true\" class=\"wp-block-spacer\"><\/div>\n\n<h2 class=\"wp-block-heading\">Kio Estas Klava Klaka Testo?<\/h2>\n\n<p>Sen dubo, interretaj klavaraj klaktestoj estas vivsavanto. \u0108i tiu interreta testa ilo helpos vin testi vian klakan rapidecon kaj povas kontroli \u0109iun klavon de la Esc-klavo maldekstre al la &#8220;eniga&#8221; klavo dekstre.<\/p>\n\n<p>La klavoj de via klavaro estas testitaj per <a href=\"https:\/\/cpstesters.com\/eo\/?page_id=2445\" target=\"_blank\" rel=\"noreferrer noopener\">Klavaro-testo<\/a> . Elektronikaj partoj povas, fakte, esti iom dubindaj kiam temas pri fidindeco. Nun, \u0109u vi \u0135us a\u0109etis novan komputilan klavaron loke a\u016d interrete, la unua afero, kiun vi devas fari, estas konfirmi, ke \u0109iuj klavoj funkcias \u011duste anta\u016d ol vi kontrolas vian klakadon.<\/p>\n\n<p>La interretaj klavoj por dua provo estas la plej facila maniero por determini \u0109u vi povas klaki rapide a\u016d ne. Vi devas viziti nian retejon kaj premi ajnan klavaron por testi la funkciojn de la ilo anta\u016d ol uzi \u011din. <\/p>\n\n<h2 class=\"wp-block-heading\">Kiel Fari Interretan Klavaran CPS-teston?<\/h2>\n\n<p>Por fari vian klavaran cps-teston, simple sekvu la procedurojn listigitajn sube. \u0108i tiu ilo estas simpla por uzi.<\/p>\n\n<ul class=\"wp-block-list\"><li>Por komenci la klakan teston, kontrolu la ilon supre de \u0109i tiu pa\u011do.<\/li><li>Alklaku iun ajn klavon de via klavaro por komenci la teston.<\/li><li>Se inter la testo vi decidas rekomenci, alklaku la &#8220;restarigi&#8221; butonon.<\/li><li>Por vidi \u0109u specifaj klavaroj povas funkcii samtempe, provu premi plurajn klavojn samtempe.<\/li><li>Post kiam la tempigilo de la testo fini\u011dos, vi vidos la rezulton de via testo sur ekrano.<\/li><\/ul>\n<div class=\"wp-block-image\">\n<figure class=\"aligncenter size-full\"><img loading=\"lazy\" decoding=\"async\" width=\"1000\" height=\"500\" src=\"https:\/\/cpstesters.com\/wp-content\/uploads\/2022\/09\/click-test.jpg\" alt=\"Klavaro Klaku Testo\" class=\"wp-image-611\" title=\"\" srcset=\"https:\/\/cpstesters.com\/wp-content\/uploads\/2022\/09\/click-test.jpg 1000w, https:\/\/cpstesters.com\/wp-content\/uploads\/2022\/09\/click-test-300x150.jpg 300w, https:\/\/cpstesters.com\/wp-content\/uploads\/2022\/09\/click-test-768x384.jpg 768w\" sizes=\"auto, (max-width: 1000px) 100vw, 1000px\" \/><figcaption>Klavaro Klaku Testo<\/figcaption><\/figure>\n<\/div>\n<h2 class=\"has-text-align-center wp-block-heading\"><strong>Oftaj Demandoj<\/strong><\/h2>\n\n<h3 class=\"wp-block-heading\"><strong>Kiel mi povas testi miajn klavarajn klavojn?<\/strong><\/h3>\n\n<p>Vi povas testi viajn klavarajn klavojn uzante ajnan klavaran testilon. La testa ilo helpos vin trovi, kiuj \u015dlosiloj ne funkcias \u011duste. Vi nur bezonas premi klavojn kaj la rezulto aperos al vi.<\/p>\n\n<h3 class=\"wp-block-heading\"><strong>Kion fari se la klavaklaktesto malsukcesis?<\/strong><\/h3>\n\n<p>Se via klavartesto malsukcesas, certigu kontroli la klavarkonekton, \u0109u \u011di estas konektita kun la havenoj a\u016d ne. Vi anka\u016d povas provi \u011disdatigi \u015doforojn a\u016d reinstali ilin. \u0108i tio helpos vin solvi \u0109i tiun problemon.<\/p>\n\n<h3 class=\"wp-block-heading\"><strong>Kial mia klavarklavo ne klakas?<\/strong> <\/h3>\n\n<p>Malpura\u0135o, polvo kaj aliaj derompa\u0135oj povas eniri la klavaron kaj bloki la funkciadon de klavo a\u016d fu\u015di kun \u011dia cirkvito. Purigu la spacon sub kaj \u0109irka\u016d la butono kiu ne estas<\/p>\n\n<p>Iuj Aliaj Klavaraj Iloj:<\/p>\n\n<ul class=\"wp-block-list\"><li><a href=\"https:\/\/cpstesters.com\/eo\/?page_id=2448\" target=\"_blank\" rel=\"noreferrer noopener\">Spacbreto Nombrilo<\/a><\/li><li><a href=\"https:\/\/cpstesters.com\/eo\/?page_id=2558\" target=\"_blank\" rel=\"noreferrer noopener\">WPM Testo<\/a><\/li><li><a href=\"https:\/\/cpstesters.com\/eo\/?page_id=2553\">\u015closila Rollover Test<\/a><\/li><li><a href=\"https:\/\/cpstesters.com\/eo\/?page_id=2556\" target=\"_blank\" rel=\"noreferrer noopener\">Mac Keyboard Tester<\/a><\/li><li><a href=\"https:\/\/cpstesters.com\/eo\/?page_id=3146\" target=\"_blank\" rel=\"noreferrer noopener\">Klavaro Nombrilo<\/a><\/li><\/ul>\n","protected":false},"excerpt":{"rendered":"<p>\u0108u vi volas kontroli kiom rapide vi povas alklaki klavarajn klavojn? Kontrolu nian klavarklakteston, kiu determinos vian klakrapidecon por ekscii CPS-tempon! Kio Estas Klava Klaka &#8230; <\/p>\n<p class=\"read-more-container\"><a title=\"Klavaro Klaku Testo | Kontrolu \u015closilojn por Dua CPS\" class=\"read-more button\" href=\"https:\/\/cpstesters.com\/eo\/klavaro-klaku-testo\/#more-3189\" aria-label=\"Read more about Klavaro Klaku Testo | Kontrolu \u015closilojn por Dua CPS\">Read More<\/a><\/p>\n","protected":false},"author":4,"featured_media":1650,"parent":0,"menu_order":0,"comment_status":"closed","ping_status":"closed","template":"","meta":{"footnotes":""},"class_list":["post-3189","page","type-page","status-publish","has-post-thumbnail"],"_links":{"self":[{"href":"https:\/\/cpstesters.com\/eo\/wp-json\/wp\/v2\/pages\/3189","targetHints":{"allow":["GET"]}}],"collection":[{"href":"https:\/\/cpstesters.com\/eo\/wp-json\/wp\/v2\/pages"}],"about":[{"href":"https:\/\/cpstesters.com\/eo\/wp-json\/wp\/v2\/types\/page"}],"author":[{"embeddable":true,"href":"https:\/\/cpstesters.com\/eo\/wp-json\/wp\/v2\/users\/4"}],"replies":[{"embeddable":true,"href":"https:\/\/cpstesters.com\/eo\/wp-json\/wp\/v2\/comments?post=3189"}],"version-history":[{"count":2,"href":"https:\/\/cpstesters.com\/eo\/wp-json\/wp\/v2\/pages\/3189\/revisions"}],"predecessor-version":[{"id":3207,"href":"https:\/\/cpstesters.com\/eo\/wp-json\/wp\/v2\/pages\/3189\/revisions\/3207"}],"wp:featuredmedia":[{"embeddable":true,"href":"https:\/\/cpstesters.com\/eo\/wp-json\/wp\/v2\/media\/1650"}],"wp:attachment":[{"href":"https:\/\/cpstesters.com\/eo\/wp-json\/wp\/v2\/media?parent=3189"}],"curies":[{"name":"wp","href":"https:\/\/api.w.org\/{rel}","templated":true}]}}