{"id":3146,"date":"2024-07-16T14:35:14","date_gmt":"2024-07-16T14:35:14","guid":{"rendered":"https:\/\/cpstesters.com\/klavaro-nombrilo-klavoj-hit-counter-game\/"},"modified":"2024-09-17T14:59:44","modified_gmt":"2024-09-17T14:59:44","slug":"klavaro-nombrilo","status":"publish","type":"page","link":"https:\/\/cpstesters.com\/eo\/klavaro-nombrilo\/","title":{"rendered":"Klavaro Nombrilo | Klavoj Hit Counter Game"},"content":{"rendered":"\n<p>keyboard Counter estas interreta ludo Keys Hit Counter por helpi vin kontroli kaj kalkuli viajn klavojn, kontrolu \u0109i tiun mirindan ilon!<\/p>\n<style>\r\n\t#activity {\r\n\r\n\t\t    background: #FFB15E;\r\n    color: white;\r\n    width: 100%;\r\n    padding: 100px;\r\n\t\t\r\n text-align: center;\r\n vertical-align: middle;\r\n}\r\n\r\n\r\n#result {\r\n text-transform: uppercase;\r\n}\r\na:link,\r\na:hover,\r\na:visited,\r\na:active {\r\n text-decoration: bold;\r\n}\r\n.hits {\r\n font-size: 6rem;\r\n font-weight: bolder;\r\n\tcolor:white;\r\n}\r\n\t#activity p{\r\n\t\tfont-size:30px;\t\r\n\t\tcolor:white;\r\n\t\tmargin-bottom:0px;\r\n\t}\r\n\r\n<\/style>\r\n<div id=\"activity\">\r\n\t<p id=\"counter\"><span class=\"hits\">0<\/span><\/hp1>\r\n  <p>Keys Hit<\/p>\r\n<\/div>\r\n\t\r\n\t<script> \r\n\t\t\tvar hits = 0;\r\nvar hitElement = document.querySelector(\".hits\");\r\ndocument.body.onkeyup = function (e) {\r\n if ((e.keyCode == 1, 2, 3, 4, 5, 6, 7, 8, 9, 10)) {\r\n  addHit();\r\n }\r\n};\r\n\r\nvar addHit = function () {\r\n hits++;\r\n renderHits();\r\n};\r\n\r\nvar renderHits = function () {\r\n hitElement.innerHTML = hits;\r\n};\r\n\r\n\t<\/script>\n\n<p><\/p>\n\n<div style=\"height:5px\" aria-hidden=\"true\" class=\"wp-block-spacer\"><\/div>\n\n<h2 class=\"wp-block-heading\">Klavaro Nombrilo<\/h2>\n\n<p>Interreta ilo nomata klavara nombrilo permesas vin kontroli \u0109u iu klavo de via klavaro funkcias \u011duste a\u016d ne. Por via komforto, \u011di anka\u016d kontrolas la totalan nombron da klavopremoj. Forigante la bezonon plurfoje viziti lokan komputilan riparejon por testi certan klavaron, \u0109i tiu aplika\u0135o \u015dparos al vi tempon kaj monon. Ne nur kontroli \u015dlosilojn, sed \u011di helpas vin kalkuli viajn \u015dlosilojn en specifa tempo.<\/p>\n\n<h2 class=\"wp-block-heading\">Kial Uzi la \u015closilan Nombrilon?<\/h2>\n\n<p>En la nuna moderna epoko, preska\u016d \u0109iuj uzas klavaron \u0109iutage. Klavaroj havas diversajn celojn, inkluzive de tajpado, kion faras tajpistoj. Iuj homoj, kiel ludantoj, povas uzi \u011din por videoludado. A\u016d iuj homoj povus uzi \u011din por kodi iujn taskojn en siaj komputiloj. Klavaroj estas esencaj komponantoj de la komputilo. Konsiderante ke la klavaro estas eniga aparato, ajna dama\u011do al \u011diaj klavoj a\u016d funkcioj povus esti multekosta por la eniga sistemo.<\/p>\n\n<p>Por certigi, ke la klavaro funkcias efike en \u0109i tiuj cirkonstancoj, la klavara nombrilo estas uzata.<\/p>\n<div class=\"wp-block-image\">\n<figure class=\"aligncenter size-full\"><img loading=\"lazy\" decoding=\"async\" width=\"1000\" height=\"500\" src=\"https:\/\/cpstesters.com\/wp-content\/uploads\/2022\/09\/keyboard-counter-1.jpg\" alt=\"Klavaro Nombrilo\" class=\"wp-image-632\" title=\"\" srcset=\"https:\/\/cpstesters.com\/wp-content\/uploads\/2022\/09\/keyboard-counter-1.jpg 1000w, https:\/\/cpstesters.com\/wp-content\/uploads\/2022\/09\/keyboard-counter-1-300x150.jpg 300w, https:\/\/cpstesters.com\/wp-content\/uploads\/2022\/09\/keyboard-counter-1-768x384.jpg 768w\" sizes=\"auto, (max-width: 1000px) 100vw, 1000px\" \/><figcaption class=\"wp-element-caption\">Klavaro Nombrilo<\/figcaption><\/figure>\n<\/div>\n<p class=\"has-text-align-center has-base-background-color has-background has-medium-font-size\"><em>Nia <a href=\"https:\/\/cpstesters.com\/eo\/?page_id=2558\" target=\"_blank\" rel=\"noreferrer noopener\">Interreta Testo de WPM<\/a> povas helpi vin plibonigi tajpadon kaj klakadon, kontrolu!<\/em><\/p>\n\n<h2 class=\"wp-block-heading\">Klavaro Klaku Nombrilo<\/h2>\n\n<p>La klavaro povas esti uzata de uzantoj por nombri iliajn klakojn. La \u015dlosila nombriludo estas ankora\u016d alia metodo de klakkalkulado en \u0109i tiu kazo. La \u015dan\u011do en la klaknombrilo \u0109iun sekundon estas nur unu sekundo, kaj \u011di nur kalkulas la klakojn, kiujn vi faras en tiu tempokadro.<\/p>\n\n<p>Viaj klakoj en la da\u016dro de unu minuto estos kalkulitaj de la klakkalkulilo 1 minuto (60 Sekundoj). La klakkalkulilo por 10 sekundoj anka\u016d haveblas al vi, kaj \u011di kalkulos la totalan nombron da klakoj, kiujn vi faras dum la asignitaj 10 sekundoj.<\/p>\n\n<p>La klavarklakkalkulilo estas mirinda aldono. Plej multaj klakkalkuliloj funkcias nur per la muso, tamen \u0109i tiu funkcias anka\u016d per la spacbreto, do vi povas ekzerci uzi \u0109i tiun duelopcion sur la klavaro.<\/p>\n\n<h2 class=\"wp-block-heading\">Pa\u015doj por Ludi \u015closilan Kontra\u016dludon<\/h2>\n\n<p>En nia retejo, novuloj povas facile komenci ludi. La ilo funkcias jene:<\/p>\n\n<ul class=\"wp-block-list\">\n<li>Vizitu nian retejon.<\/li>\n\n\n\n<li>El la menuo sur la pa\u011do, elektu la tempintervalon.<\/li>\n\n\n\n<li>La nombrilo nombras viajn frapetojn \u0109iufoje kiam vi kontaktas la trinkejon.<\/li>\n\n\n\n<li>Simple alklaku la butonon Rekomenci por rekomenci la ekzamenon. Analizante vian rapidecon per nia testa ilo, vi povas fiksi ludcelon en difinita tempo kaj tuj vidi la rezulton.<\/li>\n\n\n\n<li>Tial elektu la sekundojn kiel la intervalon kaj komencu frapeti rapide ene de la asignita periodo. Via tipa frapado dependas de kiom ofte vi ludas videoludojn kaj kiom vi volas plirapidi\u011di.<\/li>\n\n\n\n<li>Ludantoj ofte klakas inter 5 kaj 7 fojojn sekundo. Tamen, ofta praktiko ebligos vin rapide altigi vian preman ritmon.<\/li>\n<\/ul>\n\n<h2 class=\"has-text-align-center wp-block-heading\">Oftaj Demandoj<\/h2>\n\n<h3 class=\"wp-block-heading\"><strong>Kian rolon ludas klavaklakkalkulilo?<\/strong><\/h3>\n\n<p>\u011ci povus esti uzata por pli ol simpla matematiko; \u011di anka\u016d povas esti uzata por kalkuli la nombron da konstrua\u0135oj, eroj, trejnadoj kiel push-ups kaj tir-ups, a\u016d ajna aliaj cikloj de laboro.<\/p>\n\n<h3 class=\"wp-block-heading\"><strong>Kiom da fojoj mi povas premi klavon?<\/strong><\/h3>\n\n<p>Plej multe de la klavaro povas nur al\u011dustigi ses samtempajn enigojn. Aldone, iuj \u015dlosilsekvencoj simple ne funkcias kelkfoje. La esprimo &#8220;ruli\u011do&#8221; simple rilatas al kiom bone via klavaro povas rekoni kiam pluraj klavoj estas premitaj samtempe.<\/p>\n\n<p>Rigardu Niajn Aliaj Ilojn:<\/p>\n\n<ul class=\"wp-block-list\">\n<li><a href=\"https:\/\/cpstesters.com\/eo\/?page_id=2448\" target=\"_blank\" rel=\"noreferrer noopener\">Spacbreto Nombrilo<\/a><\/li>\n\n\n\n<li><a href=\"https:\/\/cpstesters.com\/eo\/klavaro-klaku-testo-kontrolu-slosilojn-por-dua-cps\/\" target=\"_blank\" rel=\"noreferrer noopener\">Klavaro Klaku Testo<\/a><\/li>\n\n\n\n<li><a href=\"https:\/\/cpstesters.com\/eo\/?page_id=3055\" target=\"_blank\" rel=\"noreferrer noopener\">APM Testo<\/a><\/li>\n\n\n\n<li><a href=\"https:\/\/cpstesters.com\/eo\/?page_id=2556\" target=\"_blank\" rel=\"noreferrer noopener\">Mac Keyboard Tester<\/a><\/li>\n\n\n\n<li><a href=\"https:\/\/cpstesters.com\/eo\/testo-de-latenteco-de-klavaro-responda-tempo-malfruo-kaj-voca-indice\/\" target=\"_blank\" rel=\"noreferrer noopener\">Testo de Latenteco de Klavaro<\/a><\/li>\n<\/ul>\n","protected":false},"excerpt":{"rendered":"<p>keyboard Counter estas interreta ludo Keys Hit Counter por helpi vin kontroli kaj kalkuli viajn klavojn, kontrolu \u0109i tiun mirindan ilon! Klavaro Nombrilo Interreta ilo &#8230; <\/p>\n<p class=\"read-more-container\"><a title=\"Klavaro Nombrilo | Klavoj Hit Counter Game\" class=\"read-more button\" href=\"https:\/\/cpstesters.com\/eo\/klavaro-nombrilo\/#more-3146\" aria-label=\"Read more about Klavaro Nombrilo | Klavoj Hit Counter Game\">Read More<\/a><\/p>\n","protected":false},"author":4,"featured_media":1734,"parent":0,"menu_order":0,"comment_status":"closed","ping_status":"closed","template":"","meta":{"footnotes":""},"class_list":["post-3146","page","type-page","status-publish","has-post-thumbnail"],"_links":{"self":[{"href":"https:\/\/cpstesters.com\/eo\/wp-json\/wp\/v2\/pages\/3146","targetHints":{"allow":["GET"]}}],"collection":[{"href":"https:\/\/cpstesters.com\/eo\/wp-json\/wp\/v2\/pages"}],"about":[{"href":"https:\/\/cpstesters.com\/eo\/wp-json\/wp\/v2\/types\/page"}],"author":[{"embeddable":true,"href":"https:\/\/cpstesters.com\/eo\/wp-json\/wp\/v2\/users\/4"}],"replies":[{"embeddable":true,"href":"https:\/\/cpstesters.com\/eo\/wp-json\/wp\/v2\/comments?post=3146"}],"version-history":[{"count":3,"href":"https:\/\/cpstesters.com\/eo\/wp-json\/wp\/v2\/pages\/3146\/revisions"}],"predecessor-version":[{"id":3653,"href":"https:\/\/cpstesters.com\/eo\/wp-json\/wp\/v2\/pages\/3146\/revisions\/3653"}],"wp:featuredmedia":[{"embeddable":true,"href":"https:\/\/cpstesters.com\/eo\/wp-json\/wp\/v2\/media\/1734"}],"wp:attachment":[{"href":"https:\/\/cpstesters.com\/eo\/wp-json\/wp\/v2\/media?parent=3146"}],"curies":[{"name":"wp","href":"https:\/\/api.w.org\/{rel}","templated":true}]}}