{"id":3050,"date":"2024-07-16T14:00:59","date_gmt":"2024-07-16T14:00:59","guid":{"rendered":"https:\/\/cpstesters.com\/minecraft-tiparo-generatoro-la-plej-bona-tipa-generatoro\/"},"modified":"2024-09-17T15:33:22","modified_gmt":"2024-09-17T15:33:22","slug":"minecraft-tiparo-generatoro","status":"publish","type":"page","link":"https:\/\/cpstesters.com\/eo\/minecraft-tiparo-generatoro\/","title":{"rendered":"Minecraft Tiparo Generatoro | La Plej Bona Tipa Generatoro"},"content":{"rendered":"\n<p>\u0108u vi ser\u0109as tipargeneratoron, kiu plej ta\u016dgas por Minecraft? Provu nian ilon Minecraft Font Generator sube kaj kopiu nun!<\/p>\n<style>        \r\n   .content-box {\r\n   box-shadow: 0 1px 1px rgba(0, 0, 0, 0.3);\r\n   border-radius: 2px;\r\n   background: white;\r\n   margin: 0 auto;\r\n   margin-top: 1em;\r\n   max-width: 800px;\r\n   width: 100%;\r\n   box-sizing: border-box;\r\n   }\r\n\t #rect{\r\n\t\tmargin-bottom:0px;\t\r\n\t}\r\n   #input {\r\n   resize: none;\r\n   border: none;\r\n   outline: none;\r\n   width: 100%;\r\n   height: 100%;\r\n   padding: 1em;\r\n   font-size: 1.25em;\r\n   }\r\n   #input-wrapper {\r\n   height: 9em;\r\n   overflow: hidden;\r\n   margin-top: 0;\r\n   }\r\n   #output-wrapper {\r\n   height: fit-content;\r\n   padding: 1em;\r\n   background-color: #343a40;\r\n   color: #ffffff;\r\n   }\r\n   #output {\r\n   font-size: 1.4em;\r\n   word-break: break-word;\r\n   }\r\n<\/style>\r\n<style type=\"text\/css\">\r\n   @font-face {\r\n   font-family: Myfont0;\r\n   src: url('https:\/\/cpstesters.com\/wp-content\/themes\/generatepress\/tools\/minecraft\/fonts\/file-158784415523.ttf');\r\n   }\r\n   #rect {\r\n   font-family: Myfont0;\r\n   }\r\n   @font-face {\r\n   font-family: Myfont1;\r\n   src: url('https:\/\/cpstesters.com\/wp-content\/themes\/generatepress\/tools\/minecraft\/fonts\/file-1587844178267.ttf');\r\n   }\r\n   @font-face {\r\n   font-family: Myfont2;\r\n   src: url('https:\/\/cpstesters.com\/wp-content\/themes\/generatepress\/tools\/minecraft\/fonts\/file-1587844199300.ttf');\r\n   }\r\n   @font-face {\r\n   font-family: Myfont3;\r\n   src: url('https:\/\/cpstesters.com\/wp-content\/themes\/generatepress\/tools\/minecraft\/fonts\/file-1587844237359.ttf');\r\n   }\r\n   ::placeholder {\r\n   color: #ffffff !important;\r\n   }\r\n<\/style>\r\n<style>\r\n   #disqus_thread {\r\n   width: 100%;\r\n   padding: 10px;\r\n   }\r\n<\/style>\r\n<div class=\"container-fluid bg-body border-bottom\">\r\n   <div class=\"row\">\r\n      <div class=\"col-md-12 col-12 text-left text-justify mb-5\">\r\n         <div class=\"col-md-12 col-12 \" style='display:none;'>\r\n            <div class=\"row\">\r\n               <div class=\"col-md-6 col-6 text-center mb-3\" style='display:none;'>\r\n                  <div class=\"bg-dark border p-2\">\r\n                     <a onclick=\"showdiv(1);\" class=\"text-white\" id=\"image \" title=\"Image Type\">\r\n                        <p class=\"pt-2 h6 font-weight-bold text-center\">Image Type<\/p>\r\n                     <\/a>\r\n                  <\/div>\r\n               <\/div>\r\n               <div class=\"col-md-6 col-6 text-center mb-3\" style='display:none;'>\r\n                  <div class=\"bg-dark border p-2\">\r\n                     <a onclick=\"showdiv(2);\" class=\"text-white\" id=\"text\" title=\"Text Type\">\r\n                        <p class=\"pt-2 h6 font-weight-bold text-center\">Text Type<\/p>\r\n                     <\/a>\r\n                  <\/div>\r\n               <\/div>\r\n            <\/div>\r\n         <\/div>\r\n         <div class=\"row bg-white  border\" id=\"image_view\" style='display:block;'>\r\n            <div class=\"bg-white border-bottom mb-3 col-md-12 \">\r\n               <div class=\"form-group\">\r\n                  <label for=\"name\" class=\"font-weight-bold label control-label text-dark mt-3\">Write Your Text<\/label>\r\n                  <textarea id=\"writetext\" maxlength='100' class=\"form-control bg-dark border-dark text-white rounded-0\" onkeyup=\"updateText(this.value)\" name=\"text\" placeholder=\"write your text\">Minecraft Text<\/textarea>\r\n               <\/div>\r\n            <\/div>\r\n            <input type=\"hidden\" name=\"fontsize\" value=\"72\" id=\"fontsizeinput\">\r\n            <div class=\"col-md-12 rounded-0\">\r\n               <div id=\"html-content-holder\">\r\n                  <p id=\"rect\" class=\"p-5\"><\/p>\r\n               <\/div>\r\n            <!--   <button class=\"btn btn-primary\" id=\"btn-Convert-Html2Image\" href=\"#\">Download<\/button>\r\n               <br \/> --> <br \/>\r\n            <\/div>\r\n         <\/div>\r\n         <div class=\"row bg-white  border\" id=\"text_view\" style='display:none;'>\r\n            <div class=\"bg-white  mb-3 col-md-12 \">\r\n               <div class=\"form-group content-box\" id=\"input-wrapper\">\r\n                  <label for=\"name\" class=\"font-weight-bold label control-label text-dark mt-3\">Write Your Text<\/label>\r\n                  <textarea id=\"input\" maxlength='100' class=\"form-control bg-dark border-dark text-white rounded-0\" placeholder=\"Type or paste your text here :)\" value=\"\"><\/textarea>\r\n               <\/div>\r\n               <div class=\" form-group content-box\" id=\"output-wrapper\" style=\"display:none;\">\r\n                  <div id=\"output\">\r\n                     <p style=\"margin: 0;opacity: 0.7;\"><span style=\"display:inline-block; width:max-content;\">\u1555( \u141b )\u1557<\/span><\/p>\r\n                  <\/div>\r\n               <\/div>\r\n            <\/div>\r\n         <\/div>\r\n      <\/div>\r\n   <\/div>\r\n<\/div>\r\n<script type=\"text\/javascript\" src=\"https:\/\/cpstesters.com\/wp-content\/themes\/generatepress\/tools\/js\/image-text.js\"><\/script>\r\n<script>\r\n   window.onload = updateText(document.getElementById('writetext').value);\r\n   \r\n   function updateText(updateTex) {\r\n       \/\/ 'jscolor' instance can be used as a string\r\n       var max = 100;\r\n       var len = updateTex.length;\r\n       if (len <= max) {\r\n           document.getElementById(\"rect\").innerHTML = updateTex;\r\n           \/\/document.getElementById(\"rect\").style.fontFamily  = \"myFirstFont\";\r\n           \/\/document.getElementById(\"rect\").style.fontStyle = \"Aldrich\";\r\n           \/\/document.getElementById(\"rect\").style.fontWeight  = \"bolder\";\r\n       } else {\r\n           var char = max - len;\r\n           \/\/jQuery('#charNum').text(char + ' characters left');\r\n       }\r\n   }\r\n   \r\n   function update(jscolor) {\r\n       \/\/ 'jscolor' instance can be used as a string\r\n       document.getElementById('rect').style.color = '#' + jscolor;\r\n   }\r\n   \r\n   function updateFontSize(a) {\r\n       \/\/ var listValue = document.getElementById(\"sizelabel\").value;\r\n       if (a > 100) {\r\n           \/\/ listValue = document.getElementById(\"sizelabel\").value = 200;\r\n           \/\/document.getElementById(\"sliderAmount\").innerHTML = listValue;\r\n           document.getElementById(\"sizelabel\").value = 100;\r\n           document.getElementById(\"fontsizeinput\").value = 100;\r\n           document.getElementById(\"fontsizeinput\").value = 100;\r\n           document.getElementById(\"rect\").style.fontSize = 100 + 'px';\r\n       } else {\r\n           \/\/document.getElementById(\"sliderAmount\").innerHTML = listValue;\r\n           document.getElementById(\"fontsizeinput\").value = a;\r\n           document.getElementById(\"rect\").style.fontSize = a + 'px';\r\n           document.getElementById(\"sizelabel\").value = a;\r\n   \r\n       }\r\n   \r\n   }\r\n   \r\n   function updateSlider(slideAmount) {\r\n       var sliderDiv = document.getElementById(\"sliderAmount\");\r\n       sliderDiv.innerHTML = slideAmount;\r\n       document.getElementById(\"rect\").style.fontSize = slideAmount + 'px';;\r\n       var listValue = document.getElementById(\"sizelabel\").value = slideAmount;\r\n       var listValue = document.getElementById(\"fontsizeinput\").value = slideAmount;\r\n   \r\n   }\r\n<\/script>\r\n<script type=\"text\/javascript\" src=\"https:\/\/code.jquery.com\/jquery-3.2.1.slim.min.js\"><\/script>\r\n<script src=\"https:\/\/cdnjs.cloudflare.com\/ajax\/libs\/spectrum\/1.8.1\/spectrum.min.js\"><\/script>\r\n<script type=\"text\/javascript\" src=\"https:\/\/cdnjs.cloudflare.com\/ajax\/libs\/popper.js\/1.12.9\/umd\/popper.min.js\"><\/script>\r\n<script type=\"text\/javascript\" src=\"https:\/\/maxcdn.bootstrapcdn.com\/bootstrap\/4.0.0\/js\/bootstrap.min.js\"><\/script>\r\n<script type=\"text\/javascript\" src=\"https:\/\/cdnjs.cloudflare.com\/ajax\/libs\/font-awesome\/5.15.3\/js\/all.min.js\"><\/script>\r\n<script type=\"text\/javascript\" src=\"https:\/\/cpstesters.com\/wp-content\/themes\/generatepress\/tools\/minecraft\/js\/custom.js\"><\/script>\r\n<script type=\"text\/javascript\" src=\"https:\/\/cdnjs.cloudflare.com\/ajax\/libs\/bootstrap-select\/1.13.18\/js\/bootstrap-select.min.js\"><\/script>\r\n<script src=\"https:\/\/cdnjs.cloudflare.com\/ajax\/libs\/html2canvas\/0.4.1\/html2canvas.js\"><\/script>\r\n<script>\r\n   jQuery(document).ready(function() {\r\n       var element = jQuery(\"#html-content-holder\"); \/\/ global variable\r\n       var getCanvas; \/\/ global variable\r\n   \r\n       jQuery(\"#btn-Preview-Image\").on('click', function() {\r\n           html2canvas(element, {\r\n               onrendered: function(canvas) {\r\n                   jQuery(\"#previewImage\").html(canvas);\r\n                   getCanvas = canvas;\r\n               }\r\n           });\r\n       });\r\n   \r\n       jQuery(\"#btn-Convert-Html2Image\").on('click', function() {\r\n           html2canvas(element, {\r\n               onrendered: function(canvas) {\r\n                   jQuery(\"#previewImage\").html(canvas);\r\n                   getCanvas = canvas;\r\n               }\r\n           });\r\n           var imgageData = getCanvas.toDataURL(\"image\/png\");\r\n           \/\/ Now browser starts downloading it instead of just showing it\r\n           var newData = imgageData.replace(\/^data:image\\\/png\/, \"data:application\/octet-stream\");\r\n           jQuery(\"#btn-Convert-Html2Image\").attr(\"download\", \"mfg-clickspeeder.png\").attr(\"href\", newData);\r\n       });\r\n   \r\n   });\r\n<\/script>\r\n<script>\r\n   jQuery(window).scroll(function() {\r\n       jQuery.each(jQuery('img'), function() {\r\n           if (jQuery(this).attr('data-src') && jQuery(this).offset().top < (jQuery(window).scrollTop() + jQuery(window).height() + 100)) {\r\n               var source = jQuery(this).data('src');\r\n               jQuery(this).attr('src', source);\r\n               jQuery(this).removeAttr('data-src');\r\n           }\r\n       })\r\n   })\r\n   \r\n   jQuery('.on-active').on('click', function() {\r\n       jQuery('.on-active').removeClass('bg-danger');\r\n       jQuery(this).addClass('bg-danger');\r\n   });\r\n   \r\n   function showdiv(ele) {\r\n   \r\n       if (ele == 1) {\r\n           document.getElementById(\"image_view\").style.display = \"block\";\r\n           document.getElementById(\"text_view\").style.display = \"none\";\r\n       }\r\n       if (ele == 2) {\r\n           document.getElementById(\"image_view\").style.display = \"none\";\r\n           document.getElementById(\"text_view\").style.display = \"block\";\r\n       }\r\n   }\r\n   jQuery('.change-font-family').on('change', function() {\r\n       jQuery('#rect').removeAttr('style'); \/\/ That removes all inline\r\n       jQuery('#rect').css('font-family', jQuery(this).find(':selected').data('id'));\r\n   \r\n   });\r\n   jQuery('#text-color').spectrum({\r\n       color: \"#00000\",\r\n       flat: true,\r\n       allowEmpty: false,\r\n       showInitial: false,\r\n       showPalette: true,\r\n       togglePaletteOnly: true,\r\n       showPaletteOnly: true,\r\n       preferredFormat: \"hex\",\r\n       palette: [\r\n           [\"rgb(255, 255, 255)\", \"rgb(0, 0, 0)\", \"rgb(67, 67, 67)\", \"rgb(102, 102, 102)\",\r\n               \"rgb(204, 204, 204)\", \"rgb(217, 217, 217)\", \"rgb(102, 102, 102)\", \"rgb(163, 50, 50)\"\r\n           ],\r\n           [\"rgb(152, 0, 0)\", \"rgb(255, 0, 0)\", \"rgb(255, 153, 0)\", \"rgb(255, 255, 0)\", \"rgb(0, 255, 0)\",\r\n               \"rgb(0, 255, 255)\", \"rgb(74, 134, 232)\", \"rgb(0, 0, 255)\"\r\n           ],\r\n           [\"rgb(230, 184, 175)\", \"rgb(244, 204, 204)\", \"rgb(252, 229, 205)\", \"rgb(255, 242, 204)\", \"rgb(217, 234, 211)\",\r\n               \"rgb(208, 224, 227)\", \"rgb(201, 218, 248)\", \"rgb(207, 226, 243)\"\r\n           ]\r\n       ],\r\n       change: function(color) {\r\n           document.getElementById('rect').style.color = color.toHexString();\r\n       },\r\n       move: function(color) {\r\n           document.getElementById('rect').style.color = color.toHexString();\r\n       }\r\n   });\r\n   jQuery('#back-color').spectrum({\r\n       color: \"#ffffff\",\r\n       flat: true,\r\n       allowEmpty: false,\r\n       showInitial: false,\r\n       showPalette: true,\r\n       togglePaletteOnly: true,\r\n       showPaletteOnly: true,\r\n       preferredFormat: \"hex\",\r\n       showSelectionPalette: true,\r\n       change: function(color) {\r\n           if (color.toName() == 'transparent') {\r\n               \/\/ console.log(color.toName());\r\n   \r\n               jQuery('#back-color').val(color.toName());\r\n               document.getElementById('rect').style.backgroundColor = '#ffffff';\r\n   \r\n           } else {\r\n               \/\/ console.log(color.toHexString());\r\n               document.getElementById('rect').style.backgroundColor = color.toHexString();\r\n               document.getElementById('rect').style.backgroundImage = \" url('')\";\r\n           }\r\n       },\r\n       move: function(color) {\r\n           if (color.toName() == 'transparent') {\r\n   \r\n               jQuery('#back-color').val(color.toName());\r\n   \r\n           } else {\r\n               document.getElementById('rect').style.backgroundColor = color.toHexString();\r\n           }\r\n       },\r\n       palette: [\r\n           [\"rgba(255, 255, 255, 0)\", \"rgb(255, 255, 255)\", \"rgb(0, 0, 0)\", \"rgb(67, 67, 67)\", \"rgb(102, 102, 102)\", \"rgb(163, 50, 50)\",\r\n               \"rgb(204, 204, 204)\", \"rgb(217, 217, 217)\"\r\n           ],\r\n           [\"rgb(152, 0, 0)\", \"rgb(255, 0, 0)\", \"rgb(255, 153, 0)\", \"rgb(255, 255, 0)\", \"rgb(0, 255, 0)\",\r\n               \"rgb(0, 255, 255)\", \"rgb(74, 134, 232)\", \"rgb(0, 0, 255)\"\r\n           ],\r\n           [\"rgb(230, 184, 175)\", \"rgb(244, 204, 204)\", \"rgb(252, 229, 205)\", \"rgb(255, 242, 204)\", \"rgb(217, 234, 211)\",\r\n               \"rgb(208, 224, 227)\", \"rgb(201, 218, 248)\", \"rgb(207, 226, 243)\"\r\n           ]\r\n       ]\r\n   });\r\n   jQuery(document).ready(function() {\r\n       jQuery(\"#rect\").css('font-size', 72)\r\n   });\r\n<\/script>\n\n<div style=\"height:5px\" aria-hidden=\"true\" class=\"wp-block-spacer\"><\/div>\n\n<h2 class=\"wp-block-heading\">Minecraft Tiparo Generatoro<\/h2>\n\n<p>Minecraft Font Generator ebligas vin krei tekstajn stilojn uzante la tiparojn viditajn en la ludo. \u011ci ebligas al vi krei tekstajn grafikojn, kiuj rememorigas la Minecraft-emblemon kaj aliajn ludajn grafikojn. Post kiam la tiparo de via elekto estas kreita, vi povas konservi \u011din en bildoformo kaj uzi \u011din kie ajn vi volas.<\/p>\n\n<p>Per nur unu klako, vi povas kopii kaj alglui lar\u011dan gamon de la\u016dmodaj kaj nuntempaj tekstoj en ajnan komputilon a\u016d moveblan aparaton. Multaj homoj tra la mondo uzas la Minecraft tekstiparan generator ilon por \u015dan\u011di regulan tekston en elegantajn, ornamitajn kaj kursivajn tiparojn sen devi instali kromajn tiparojn a\u016d apojn.<\/p>\n\n<h2 class=\"wp-block-heading\">Kiel funkcias la Minecraft Font Generator Tool?<\/h2>\n\n<p>Vi devas unue enigi iun hazardan tekston por produkti la tiparon de via elekto. La tiparo generatoro de Minecrafter tiam transformas \u011din en specialan tiparo, kiun vi povas uzi. La pa\u015doj por fini \u0109i tiun procezon estas listigitaj sube:<\/p>\n\n<ul class=\"wp-block-list\"><li>Enigu vian tekston en la tiparo generatoro en la unua etapo<\/li><li>Tiam atendu, ke \u011di generos diversajn tiparojn por ke vi elektu<\/li><li>Simple kopiu kaj algluu Minecraft-tiparon al Instagram, Facebook a\u016d iu ajn alia socia amaskomunikila retejo la\u016d via prefero.<\/li><\/ul>\n\n<p>La generatoro povas produkti tekston en kaligrafio, nekutima kursivo, manskribo, kaj cifereca manuskripto tiparoj, inter aliaj tekstostiloj. Aldone, vi povas inkluzivi pli da emojis kaj simboloj.<\/p>\n\n<p>\u0108i tiu speco de tiparogeneratoro konvertas la donitan tekston al ekvivalentaj sed &#8220;pli \u015datataj&#8221; Unikodaj simboloj a\u016d literoj.<\/p>\n<div class=\"wp-block-image\">\n<figure class=\"aligncenter size-full\"><img loading=\"lazy\" decoding=\"async\" width=\"1000\" height=\"500\" src=\"https:\/\/cpstesters.com\/wp-content\/uploads\/2022\/09\/Minecraft-Font-Generator-1.jpg\" alt=\"Minecraft Tiparo Generatoro\" class=\"wp-image-568\" title=\"\" srcset=\"https:\/\/cpstesters.com\/wp-content\/uploads\/2022\/09\/Minecraft-Font-Generator-1.jpg 1000w, https:\/\/cpstesters.com\/wp-content\/uploads\/2022\/09\/Minecraft-Font-Generator-1-300x150.jpg 300w, https:\/\/cpstesters.com\/wp-content\/uploads\/2022\/09\/Minecraft-Font-Generator-1-768x384.jpg 768w\" sizes=\"auto, (max-width: 1000px) 100vw, 1000px\" \/><figcaption>Minecraft Tiparo Generatoro<\/figcaption><\/figure>\n<\/div>\n<h2 class=\"wp-block-heading\">Karakteriza\u0135oj de Font Generator Tool<\/h2>\n\n<p>La jenaj trajtoj de la tiparo-generatoro estas vere mirindaj:<\/p>\n\n<ul class=\"wp-block-list\"><li>\u0108i tiu tipargeneratoro konvertas la tekston en reala tempo.<\/li><li>\u011ci montros unikan kaj bonegan tiparstilon por vi.<\/li><li>Tiparo grandeco povas esti pliigita kaj malpliigita facile.<\/li><li>Vi povas dividi \u0109i tiun ilon kun viaj amikoj per Sociaj Amaskomunikilaj platformoj<\/li><li>Generitaj tiparoj donas al vi pli da fleksebleco \u0109ar ili povas kombini elementojn kun iu ajn tiparostilo.<\/li><\/ul>\n\n<h2 class=\"has-text-align-center wp-block-heading\">Oftaj Demandoj<\/h2>\n\n<h3 class=\"wp-block-heading\"><strong>Kia tiparo estas Minecraft-tiparo?<\/strong><\/h3>\n\n<p>La &#8220;Minecrafter Tiparo&#8221; prezentita en la Minecraft-emblemo estas formo de teknotiparo, kiu povas esti uzata \u0109e Macs, Komputiloj, iOS kaj Android-aparatoj en iu ajn komputilo. Senpaga tiparo kreita por persona uzado nomi\u011das Minecrafter.<\/p>\n\n<h3 class=\"wp-block-heading\"><strong>\u0108u mi povas uzi la ilon Minecraft Font Generator sur Po\u015dtelefono?<\/strong><\/h3>\n\n<p>Jes, la interreta ilo Minecraft Font Generator respondas al porteblaj aparatoj. Vi nun povas komenci simple malfermante la retejon cpstesters.com en la retumilo de via aparato. \u011ci funkcias same en komputilo kaj po\u015dtelefono.<\/p>\n\n<p>Vi anka\u016d povas kontroli:<\/p>\n\n<ul class=\"wp-block-list\"><li><a href=\"https:\/\/cpstesters.com\/eo\/?page_id=2900\" target=\"_blank\" rel=\"noreferrer noopener\">Minecraft Cirkla Generatoro<\/a><\/li><li><a href=\"https:\/\/cpstesters.com\/eo\/?page_id=3042\" target=\"_blank\" rel=\"noreferrer noopener\">Minecraft Sfera Generatoro<\/a><\/li><li><a href=\"https:\/\/cpstesters.com\/eo\/minecraft-titolo-generatoro-faru-la-plej-bona-titolo\/\" target=\"_blank\" rel=\"noreferrer noopener\">Minecraft Titolo Generatoro<\/a><\/li><li><a href=\"https:\/\/cpstesters.com\/eo\/minecraft-command-generator-enreta-donu-komandon\/\" target=\"_blank\" rel=\"noreferrer noopener\">Minecraft Komando Generatoro<\/a><\/li><li><a href=\"https:\/\/cpstesters.com\/eo\/?page_id=2561\" target=\"_blank\" rel=\"noreferrer noopener\">Celo-Trejnisto<\/a><\/li><li><a href=\"https:\/\/cpstesters.com\/eo\/\" target=\"_blank\" rel=\"noreferrer noopener\">CPS-Testo <\/a><\/li><\/ul>\n","protected":false},"excerpt":{"rendered":"<p>\u0108u vi ser\u0109as tipargeneratoron, kiu plej ta\u016dgas por Minecraft? Provu nian ilon Minecraft Font Generator sube kaj kopiu nun! Minecraft Tiparo Generatoro Minecraft Font Generator &#8230; <\/p>\n<p class=\"read-more-container\"><a title=\"Minecraft Tiparo Generatoro | La Plej Bona Tipa Generatoro\" class=\"read-more button\" href=\"https:\/\/cpstesters.com\/eo\/minecraft-tiparo-generatoro\/#more-3050\" aria-label=\"Read more about Minecraft Tiparo Generatoro | La Plej Bona Tipa Generatoro\">Read More<\/a><\/p>\n","protected":false},"author":4,"featured_media":1518,"parent":0,"menu_order":0,"comment_status":"closed","ping_status":"closed","template":"","meta":{"footnotes":""},"class_list":["post-3050","page","type-page","status-publish","has-post-thumbnail"],"_links":{"self":[{"href":"https:\/\/cpstesters.com\/eo\/wp-json\/wp\/v2\/pages\/3050","targetHints":{"allow":["GET"]}}],"collection":[{"href":"https:\/\/cpstesters.com\/eo\/wp-json\/wp\/v2\/pages"}],"about":[{"href":"https:\/\/cpstesters.com\/eo\/wp-json\/wp\/v2\/types\/page"}],"author":[{"embeddable":true,"href":"https:\/\/cpstesters.com\/eo\/wp-json\/wp\/v2\/users\/4"}],"replies":[{"embeddable":true,"href":"https:\/\/cpstesters.com\/eo\/wp-json\/wp\/v2\/comments?post=3050"}],"version-history":[{"count":3,"href":"https:\/\/cpstesters.com\/eo\/wp-json\/wp\/v2\/pages\/3050\/revisions"}],"predecessor-version":[{"id":3629,"href":"https:\/\/cpstesters.com\/eo\/wp-json\/wp\/v2\/pages\/3050\/revisions\/3629"}],"wp:featuredmedia":[{"embeddable":true,"href":"https:\/\/cpstesters.com\/eo\/wp-json\/wp\/v2\/media\/1518"}],"wp:attachment":[{"href":"https:\/\/cpstesters.com\/eo\/wp-json\/wp\/v2\/media?parent=3050"}],"curies":[{"name":"wp","href":"https:\/\/api.w.org\/{rel}","templated":true}]}}