{"id":3042,"date":"2024-07-16T14:20:18","date_gmt":"2024-07-16T14:20:18","guid":{"rendered":"https:\/\/cpstesters.com\/minecraft-sfera-generatoro-minecraft-dome-generatoro\/"},"modified":"2024-09-17T15:37:32","modified_gmt":"2024-09-17T15:37:32","slug":"minecraft-sfera-generatoro","status":"publish","type":"page","link":"https:\/\/cpstesters.com\/eo\/minecraft-sfera-generatoro\/","title":{"rendered":"Minecraft Sfera Generatoro | Minecraft Dome Generatoro"},"content":{"rendered":"\n<p>Minecraft Sphere Generator estas ilo uzata por fari kupolojn kaj pikselojn por vastigi Minecraft-pejza\u011dojn, kontrolu \u011din nun!<\/p>\n\n\n<style>\r\n        label {\r\n            display: inline-block;\r\n            width: 7em;\r\n            font-size: 20px;\r\n            font-weight: bold;\r\n        }\r\n        \r\n        #txtRadius {\r\n            font-size: 20px;\r\n        }\r\n        \r\n        #output {\r\n\t\t\toverflow: scroll;\r\n\t\t\tdisplay: flex;\r\n\t\t\theight: fit-content;\r\n        }\r\n    \r\n        #output table {\r\n            border-collapse: collapse;\r\n            border: 2px solid;\r\n            float: left;\r\n            margin: 5px;\r\n        }\r\n    \r\n        #output td {\r\n            \/*display: block;*\/\r\n            background-color: #FFFFFF;\r\n        }\r\n    \r\n        #output div {\r\n            width: 8px;\r\n            height: 8px;\r\n            overflow: hidden;\r\n        }\r\n    \r\n        #output td.prev_empty {\r\n            background-color: #AAAAAA;\r\n        }\r\n    \r\n        #output td.empty {\r\n            background-color: #FFFFFF;\r\n        }\r\n    \r\n        #output td.prev_full {\r\n            background-color: #660000;\r\n        }\r\n    \r\n        #output td.full {\r\n            background-color: #EE0000;\r\n        }\r\n    \r\n        #output td.prev_open {\r\n            background-color: #006600;\r\n        }\r\n    \r\n        #output td.open {\r\n            background-color: #00EE00;\r\n        }\r\n        \r\n        #generate_btn {\r\n            padding: 10px 20px;\r\n            border-radius: 5px;\r\n            border: 1px solid black;\r\n        }\r\n    <\/style>\r\n<div>\r\n<div class=\"form_item\">\r\n<label>Radius:<\/label>\r\n<input type=\"text\" id=\"txtRadius\" value=\"6\" \/>\r\n<\/div>\r\n<div class=\"form_item\">\r\n<label>Fill:<\/label>\r\n<input type=\"checkbox\" id=\"chkFill\" value=\"true\" checked=\"\" \/> Either fill the sphere, or calculate which position may be left empty.\r\n<\/div>\r\n<div class=\"form_item\">\r\n<label>Hints:<\/label>\r\n<input type=\"checkbox\" id=\"chkHints\" value=\"true\" checked=\"\" \/> On each layer darken the previous layer to ease building.\r\n<\/div>\r\n<div class=\"form_item\">\r\n<label>Block-align:<\/label>\r\n<input type=\"checkbox\" id=\"chkMiddle\" value=\"true\" \/>\r\n<\/div>\r\n<br>\r\n<input id=\"generate_btn\" type=\"button\" value=\"Generate\" \/>\r\n<\/div>\r\n<br>\r\n<div id=\"blocks-out\"><\/div>\r\n<br>\r\n<div id=\"output\"><\/div>\r\n<script>\r\n        jQuery(document).ready(function () {\r\n           jQuery('#generate_btn').click(function () {\r\n                generate();\r\n            });\r\n        });\r\n        \r\n        generate();\r\n\r\n        function generate() {\r\n            var radius = parseFloat(jQuery('#txtRadius').val());\r\n            var fill = isChecked('chkFill');\r\n            var hints = isChecked('chkHints');\r\n            var middle = isChecked('chkMiddle');\r\n            var blocks = generateBlocks(radius, middle);\r\n\r\n            if (!fill) {\r\n                blocks = purgeBlocks(blocks);\r\n            }\r\n\r\n            printBlocks(blocks, hints);\r\n        }\r\n\r\n        function isChecked(id) {\r\n            return jQuery('#' + id).is(\":checked\");\r\n        }\r\n\r\n        function generateBlocks(radius, middle) {\r\n            var radiusSq = radius * radius;\r\n            var halfSize, size, offset;\r\n\r\n            if (middle) {\r\n                size = (2 * Math.ceil(radius)) + 1;\r\n                offset = Math.floor(size \/ 2);\r\n            } else {\r\n                halfSize = Math.ceil(radius) + 1;\r\n                size = halfSize * 2;\r\n                offset = halfSize - 0.5;\r\n            }\r\n\r\n            function isFull(x, y, z) {\r\n                x -= offset;\r\n                y -= offset;\r\n                z -= offset;\r\n                x *= x;\r\n                y *= y;\r\n                z *= z;\r\n\r\n                return x + y + z < radiusSq;\r\n            }\r\n\r\n            var blocks = [];\r\n\r\n            for (var z = 0; z < size; z++) {\r\n                var slice = blocks[z] = [];\r\n\r\n                for (var x = 0; x < size; x++) {\r\n                    var row = slice[x] = [];\r\n\r\n                    for (var y = 0; y < size; y++) {\r\n                        row[y] = isFull(x, y, z);\r\n                    }\r\n                }\r\n            }\r\n\r\n            return blocks;\r\n        }\r\n\r\n        function purgeBlocks(blocks) {\r\n            var newblocks = [];\r\n\r\n            for (var z = 0; z < blocks.length; z++) {\r\n                var slice = blocks[z];\r\n                var newslice = newblocks[z] = [];\r\n\r\n                for (var x = 0; x < slice.length; x++) {\r\n                    var row = slice[x];\r\n                    var newrow = newslice[x] = [];\r\n\r\n                    for (var y = 0; y < row.length; y++) {\r\n                        newrow[y] = row[y] && (!row[y - 1] || !row[y + 1] || !slice[x - 1][y] || !slice[x + 1][y] || !blocks[z - 1][x][y] || !blocks[z + 1][x][y]);\r\n                    }\r\n                }\r\n            }\r\n\r\n            return newblocks;\r\n        }\r\n\r\n        function printBlocks(blocks, hints) {\r\n            var x, y, z;\r\n            var table, tbody, tr, td, prev, divNeeded, needed = 0;\r\n            var output = jQuery('#output');\r\n\r\n            output.empty();\r\n\r\n            output.append(divNeeded = jQuery('<p>'));\r\n            \/\/output.append($('<div>'));\r\n            var prevslice = blocks[0];\r\n            for (z = 1; z < blocks.length - 1; z++) {\r\n                var slice = blocks[z];\r\n                output.append(table = jQuery('<table>'));\r\n                \/\/output.append($('<div>'));\r\n                table.append(tbody = jQuery('<tbody>'));\r\n\r\n                table.attr('border', 1);\r\n                table.attr('cellpadding', 0);\r\n                table.attr('cellspacing', 0);\r\n\r\n                for (x = 0; x < slice.length; x++) {\r\n                    var row = slice[x];\r\n                    tbody.append(tr = jQuery('<tr>'));\r\n\r\n                    for (y = 0; y < row.length; y++) {\r\n                        tr.append(td = jQuery('<td>'));\r\n                        prev = hints && prevslice[x][y];\r\n\r\n                        if (row[y]) {\r\n                            td.attr('class', prev ? 'prev_full' : 'full');\r\n                            needed++;\r\n                        } else {\r\n                            td.attr('class', prev ? 'prev_empty' : 'empty');\r\n                        }\r\n\r\n                        td.append(jQuery('<div>'));\r\n                    }\r\n                }\r\n\r\n                prevslice = slice;\r\n            }\r\n\r\n            jQuery(\"#blocks-out\").append(\"Blocks needed: \" + needed);\r\n        }\r\n    <\/script>\n\n\n\n<div style=\"height:10px\" aria-hidden=\"true\" class=\"wp-block-spacer\"><\/div>\n\n\n\n<h2 class=\"wp-block-heading\">Minecraft-Sfero<\/h2>\n\n\n\n<p>En ludoj kiuj havas Minecraft, sferoj estas utiligitaj por konstruo. Konstruante ion en la virtuala mondo de Minecraft, vi povas pruvi vian kompetentecon kaj \u015dpari multan tempon uzante la Minecraft-sfergeneratoron.<\/p>\n\n\n\n<p>Se vi volas ludi Minecraft kun kurboj, vi devos multe ekzerci por akiri la venontnivelajn avanta\u011dojn.<\/p>\n\n\n\n<h2 class=\"wp-block-heading\">Minecraft Sphere Maker<\/h2>\n\n\n\n<p>Minecraft-sfera generatoro estas uzata por krei sferstrukturojn. \u0108i tiu inventema ilo povas esti uzata de tiuj, kiuj havas pasion por konstrui kaj establi aferojn. \u0108i tiu programo, kiu estas blok-bazita, ebligas al vi krei ajnan sferdezajnon de via elekto<\/p>\n\n\n\n<p>La uzantoj de \u0109i tiu ilo kontrolas la blokojn kaj donas al siaj dezajnoj kreeman aspekton. Donante al vi la nocion pri kie meti la blokojn, la sferofaristo Minecraft simpligas vian taskon kaj \u015dparas al vi tempon. Uzante la pikselojn, vi povas metode pruvi vian eltrovemon.<\/p>\n\n\n\n<p>Ni permesas al vi uzi la tutan ekranon por ke vi povu vidi \u011din pli klare. Kun la helpo de nia ilo, vi nun povas brile konstrui sferojn kaj uzi ilin kie ajn vi volas.<\/p>\n\n\n<div class=\"wp-block-image\">\n<figure class=\"aligncenter size-full\"><img loading=\"lazy\" decoding=\"async\" width=\"1000\" height=\"500\" src=\"https:\/\/cpstesters.com\/wp-content\/uploads\/2022\/09\/Minecraft-Sphere-Generator.jpg\" alt=\"Minecraft Sfera Generatoro\" class=\"wp-image-558\" title=\"\" srcset=\"https:\/\/cpstesters.com\/wp-content\/uploads\/2022\/09\/Minecraft-Sphere-Generator.jpg 1000w, https:\/\/cpstesters.com\/wp-content\/uploads\/2022\/09\/Minecraft-Sphere-Generator-300x150.jpg 300w, https:\/\/cpstesters.com\/wp-content\/uploads\/2022\/09\/Minecraft-Sphere-Generator-768x384.jpg 768w\" sizes=\"auto, (max-width: 1000px) 100vw, 1000px\" \/><figcaption class=\"wp-element-caption\">Minecraft Sfera Generatoro<\/figcaption><\/figure>\n<\/div>\n\n\n<h2 class=\"wp-block-heading\">Kiel Uzi Minecraft Sphere Generator<\/h2>\n\n\n\n<p>Se vi uzas \u0109i tiun ilon por la unua fojo, la proceduro estos simpla por vi. Por via komforto, ni aperigis skriba\u0135on kun informoj, kiujn vi povas uzi se vi volas fari kavan sferon. Vi devas ali\u011di al \u0109i tiuj instrukcioj.<\/p>\n\n\n\n<p>La Minecraft-sfera generatoro estas videbla en la menubreto. Simple frapetu \u011din, kaj la sekva pa\u011do aperos sur la ekrano.<\/p>\n\n\n\n<ul class=\"wp-block-list\">\n<li>Provizu la radiuson de via bezono krei la sferon, kiun vi bezonas. \u0108i tiu programo kreas modelon defa\u016dlte, kiu havas radiuson de ses kun la rekomenditaj opcioj \u015daltitaj.<\/li>\n\n\n\n<li>Uzu la Konsilbutonon por aldoni ru\u011dajn punktojn al la randoj por via komforto se vi volas plenigitan sferon en Minecraft.<\/li>\n\n\n\n<li>Blokelektoj ebligas al vi vicigi la nombron da blokoj.<\/li>\n\n\n\n<li>Premu la generi butonon denove por krei la sferformon uzante la agordojn, kiujn vi \u0135us elektis.<\/li>\n\n\n\n<li>Vi anka\u016d povas vidi la nombron sub la genera opcio. \u011ci estas la nombro da blokoj necesaj por krei la sferan en Minecraft.<\/li>\n\n\n\n<li>Depende de via prefero, vi povas decidi iam ajn, \u0109u vi volas reveni al la modelmenuo. Vi povas uzi vian retumilon por reiri.<\/li>\n\n\n\n<li>Krome, dekstra glitilo estas inkluzivita, kiel vi povas vidi. Vi povas uzi \u011din por montri certan horizontalan tavolon de via modelo. Kaj 2D kaj 3D perspektivoj povas esti traktitaj per la dekstra glitilo. Nur por la 3D-modelo, \u0109i tiu tavolo estos reliefigita en hele flava koloro.<\/li>\n<\/ul>\n\n\n\n<p>Vi nun povas facile krei vian dezajnon kaj korpigi \u011din al la sfera ludo Minecraft . Uzante la pikselan sfergeneratorilon, vi povas malkovri pli unikajn ideojn por konstruado.<\/p>\n\n\n\n<p class=\"has-text-align-center has-base-background-color has-background has-medium-font-size\"><em>Vi anka\u016d povas provi <a href=\"https:\/\/cpstesters.com\/eo\/?page_id=2900\" target=\"_blank\" rel=\"noreferrer noopener\">Minecraft Circle Generator<\/a> !<\/em><\/p>\n\n\n\n<h2 class=\"wp-block-heading\">Karakteriza\u0135oj de la Minecraft Dome Generator<\/h2>\n\n\n\n<p>La Minecraft-sfera generatoro estas potenca ilo kreita por helpi ludantojn krei mirindajn sferojn kaj aliajn sfer-inspirajn objektojn kiel kupoloj uzante la Minecraft-kupolgeneratoron kaj konstruante suprojn, vastigante la potencialon de Minecraft-sferoj.<\/p>\n\n\n\n<p>Kvankam \u0109i tiu programo havas multajn interesajn kapablojn, ni inkludos \u0109iujn funkciojn, kiuj estas necesaj por konstrui Minecraft-sferojn \u0109i tie:<\/p>\n\n\n\n<ul class=\"wp-block-list\">\n<li>Kun la helpo de \u0109i tiu sferfaristo, eblas produkti sferajn formojn kun al\u011dustigeblaj radiusgrandoj.<\/li>\n\n\n\n<li>La ilo markas kiom da blokoj necesas por konstrui vian idealan sferon en la ludo Minecraft.<\/li>\n\n\n\n<li>Vi havas la eblon krei du malsamajn sferdezajnojn, unu kun vicigitaj blokoj kaj la alia sen.<\/li>\n\n\n\n<li>Vi povas elekti skizi la sferon a\u016d lasi malplenan spacon, la\u016d via deziro.<\/li>\n<\/ul>\n\n\n\n<h2 class=\"wp-block-heading has-text-align-center\">Oftaj Demandoj<\/h2>\n\n\n\n<h3 class=\"wp-block-heading\"><strong>Kio estas la komando en Minecraft, kiu kreas plenan sferon?<\/strong><\/h3>\n\n\n\n<p>Por senpene fari kompletan plenan cirklon en Minecraft, uzu la jenan komandon: <strong>Por krei plenan sferon, tajpu \/sphere<\/strong> .<\/p>\n\n\n\n<h3 class=\"wp-block-heading\"><strong>Kiu povas uzi la sfergeneratoron de Minecraft?<\/strong><\/h3>\n\n\n\n<p>\u0108i tiu ilo povas esti uzata de tiuj kun konstrukapabloj. \u0108i tiu tekniko anka\u016d estas uzata de tiuj al kiuj mankas ajna konstru-rilata sperto por pliigi sian nivelon de kreivo. \u0108i tiu ilo permesas al infanoj eksperimenti kun diversaj blok-bazitaj aran\u011doj. Ludantoj de la videoludo Minecraft uzas \u0109i tiun ilon por desegni konstrua\u0135ojn.<\/p>\n\n\n\n<p>Aliaj Minecraft Iloj:<\/p>\n\n\n\n<ul class=\"wp-block-list\">\n<li><a href=\"https:\/\/cpstesters.com\/eo\/minecraft-tiparo-generatoro-la-plej-bona-tipa-generatoro\/\" target=\"_blank\" rel=\"noreferrer noopener\">Minecraft Tiparo Generatoro<\/a><\/li>\n\n\n\n<li><a href=\"https:\/\/cpstesters.com\/eo\/minecraft-titolo-generatoro-faru-la-plej-bona-titolo\/\" target=\"_blank\" rel=\"noreferrer noopener\">Minecraft Titolo Generatoro<\/a><\/li>\n\n\n\n<li><a href=\"https:\/\/cpstesters.com\/eo\/minecraft-command-generator-enreta-donu-komandon\/\" target=\"_blank\" rel=\"noreferrer noopener\">Minecraft Komando Generatoro<\/a><\/li>\n\n\n\n<li><a href=\"https:\/\/cpstesters.com\/eo\/?page_id=2561\" target=\"_blank\" rel=\"noreferrer noopener\">Celo-Trejnisto<\/a><\/li>\n\n\n\n<li><a href=\"https:\/\/cpstesters.com\/eo\/apm-testo-agoj-por-minuta-spurilo-por-ludado\/\" target=\"_blank\" rel=\"noreferrer noopener\">APM Testo<\/a><\/li>\n<\/ul>\n","protected":false},"excerpt":{"rendered":"<p>Minecraft Sphere Generator estas ilo uzata por fari kupolojn kaj pikselojn por vastigi Minecraft-pejza\u011dojn, kontrolu \u011din nun! Minecraft-Sfero En ludoj kiuj havas Minecraft, sferoj estas &#8230; <\/p>\n<p class=\"read-more-container\"><a title=\"Minecraft Sfera Generatoro | Minecraft Dome Generatoro\" class=\"read-more button\" href=\"https:\/\/cpstesters.com\/eo\/minecraft-sfera-generatoro\/#more-3042\" aria-label=\"Read more about Minecraft Sfera Generatoro | Minecraft Dome Generatoro\">Read More<\/a><\/p>\n","protected":false},"author":4,"featured_media":1506,"parent":0,"menu_order":0,"comment_status":"closed","ping_status":"closed","template":"","meta":{"footnotes":""},"class_list":["post-3042","page","type-page","status-publish","has-post-thumbnail"],"_links":{"self":[{"href":"https:\/\/cpstesters.com\/eo\/wp-json\/wp\/v2\/pages\/3042","targetHints":{"allow":["GET"]}}],"collection":[{"href":"https:\/\/cpstesters.com\/eo\/wp-json\/wp\/v2\/pages"}],"about":[{"href":"https:\/\/cpstesters.com\/eo\/wp-json\/wp\/v2\/types\/page"}],"author":[{"embeddable":true,"href":"https:\/\/cpstesters.com\/eo\/wp-json\/wp\/v2\/users\/4"}],"replies":[{"embeddable":true,"href":"https:\/\/cpstesters.com\/eo\/wp-json\/wp\/v2\/comments?post=3042"}],"version-history":[{"count":4,"href":"https:\/\/cpstesters.com\/eo\/wp-json\/wp\/v2\/pages\/3042\/revisions"}],"predecessor-version":[{"id":4659,"href":"https:\/\/cpstesters.com\/eo\/wp-json\/wp\/v2\/pages\/3042\/revisions\/4659"}],"wp:featuredmedia":[{"embeddable":true,"href":"https:\/\/cpstesters.com\/eo\/wp-json\/wp\/v2\/media\/1506"}],"wp:attachment":[{"href":"https:\/\/cpstesters.com\/eo\/wp-json\/wp\/v2\/media?parent=3042"}],"curies":[{"name":"wp","href":"https:\/\/api.w.org\/{rel}","templated":true}]}}