{"id":2907,"date":"2024-07-16T14:18:01","date_gmt":"2024-07-16T14:18:01","guid":{"rendered":"https:\/\/cpstesters.com\/musa-indice-kontrolilo-polling-rate-hz-test-online\/"},"modified":"2024-09-17T15:51:57","modified_gmt":"2024-09-17T15:51:57","slug":"musa-indice-kontrolilo","status":"publish","type":"page","link":"https:\/\/cpstesters.com\/eo\/musa-indice-kontrolilo\/","title":{"rendered":"Musa Indice Kontrolilo | Polling Rate Hz Test Online"},"content":{"rendered":"\n<p>Mouse Rate Checker estas interreta ilo por uzantoj por kontroli sian balotan indicon en herco kaj testi la muson, provu \u011din nun!<\/p>\n\n\n<style type=\"text\/css\">\r\n    #rate-container{\r\n        padding: 15px;\r\n        background: #fff;\r\n        position: relative;\r\n        \r\n        user-select: none;\r\n    }\r\n    #rate-checker{\r\n        width:100%;\r\n        padding:10px;\r\n\r\n\t\t\r\n    }\r\n    \r\n    #rate-numbers{\r\n\t\tfont-size:2em;\r\n        text-align:center;\r\n        font-weight:bold;\r\n        padding:auto;\r\n        margin:auto;\r\n        width:100%;\r\n        height:50px;\r\n        margin-top: 20px;\r\n        font-size:  1.8em;\r\n\t\tcolor: black;\r\n    }\r\n\r\n    #rate-console{\r\n        width: 80%;\r\n        text-align: center;\r\n        height:250px;\r\n\t\tpadding: 10px;\r\n\t\tmargin: 0 auto;\r\n        resize: none;\r\n\t\tcolor: #03fc07;\r\n        border:3px solid #03fc07;\r\n        border-top: none; \r\n        font-size: 1.2em;\r\n        overflow-y: scroll;\r\n        overflow-x: hidden;\r\n        outline: none;\r\n        cursor: default;\r\n\t\tbackground: #111;\r\n    }\r\n\t\r\n#start-stop, #reset {\r\n\t position: relative;\r\ncursor:pointer;\r\n  display: block;\r\n  margin: 10px auto;\r\n\r\n  overflow: hidden;\r\n\r\n  border-width: 0;\r\n  outline: none;\r\n  border-radius: 5px;\r\n  max-width: 480px;\r\n  min-width: 240px;\r\n  background-color: #F2601D;\r\n  color: #fff !important;\r\n  text-align: center;\r\n\r\n  transition: background-color .3s;\r\n}\r\n\r\n#start-stop:hover, #start-stop:focus, #reset:hover, #reset:focus {\r\n  background-color: #F2601D;\r\n}\r\n\r\n#start-stop, #reset > * {\r\n  position: relative;\r\n}\r\n\r\n#start-stop span, #reset span {\r\n  display: block;\r\n  padding: 12px 24px;\r\n}\r\n\r\n#start-stop:before, #reset:before {\r\n  \r\n  content:'';\r\n  position: absolute;\r\n  top: 50%;\r\n  left: 50%;\r\n  \r\n  display: block;\r\n  width: 0;\r\n  padding-top: 0;\r\n    \r\n  border-radius: 100%;\r\n  \r\n  background-color: rgba(236, 240, 241, .3);\r\n  \r\n  -webkit-transform: translate(-50%, -50%);\r\n  -moz-transform: translate(-50%, -50%);\r\n  -ms-transform: translate(-50%, -50%);\r\n  -o-transform: translate(-50%, -50%);\r\n  transform: translate(-50%, -50%);\r\n}\r\n\r\n#start-stop:active:before, #reset:active:before {\r\n  width: 120%;\r\n  padding-top: 120%;\r\n  \r\n  transition: width .2s ease-out, padding-top .2s ease-out;\r\n}\r\n\r\ntextarea {\r\ndisplay: block;\r\nmargin-left:auto;\r\nmargin-right:auto;\r\n\r\n}\r\n   \r\n    <\/style> \r\n\r\n<div id=\"rate-container\">\r\n   <div id=\"rate-checker\">\r\n      <div id=\"rate-numbers\">\r\n         <p>Average: <span id=\"rate-avg\">0<\/span> Hz, maximum: <span id=\"rate-max\">0<\/span> Hz<\/p>\r\n      <\/div>\r\n   <\/div>\r\n   <div id=\"start-stop\"><span>Click to Start<\/span><\/div>\r\n   <div class=\"rows\">\r\n      <div class=\"col\"><textarea id=\"rate-console\" readonly=\"\"><\/textarea><\/div>\r\n      <button id=\"reset\"><span>Reset<\/span><\/button>\r\n   <\/div>\r\n<\/div>\r\n\r\n\r\n\r\n\r\n<script>\r\n  var fps = 5;\r\nvar count = 0;\r\nvar tick = 0;\r\nvar totalMoves = 0;\r\nvar maxValue = 0;\r\nvar timer = null;\r\n\r\nfunction updateCount() {\r\n    tick++;\r\n    totalMoves += count;\r\n    var value = (count * fps);\r\n    jQuery('#rate-console').append(value + 'HZ\\n');\r\n    var psconsole = jQuery('#rate-console');\r\n    if (psconsole.length)\r\n        psconsole.scrollTop(psconsole[0].scrollHeight - psconsole.height());\r\n    var avgValue = Math.ceil((fps * totalMoves) \/ tick);\r\n    if (value > maxValue)\r\n        maxValue = value;\r\n    jQuery('#rate-avg').html(avgValue);\r\n    jQuery('#rate-max').html(maxValue);\r\n    count = 0;\r\n    if (tick > 3 * fps) {\r\n        tick = 0;\r\n        totalMoves = 0;\r\n    }\r\n}\r\n\r\nfunction valloop(bas) {\r\n    var event = 'getCoalescedEvents' in bas ? bas.getCoalescedEvents() : [bas];\r\n    for (e in event) {\r\n        count++;\r\n    }\r\n}\r\n\r\nfunction checkRate() {\r\n    count = 0;\r\n    tick = 0;\r\n    totalMoves = 0;\r\n    if (timer) {\r\n        clearInterval(timer);\r\n        document.removeEventListener('pointermove', valloop);\r\n        timer = null;\r\n        jQuery('#start-stop').html('<span>Click to Start<\/span>');\r\n    } else {\r\n        document.addEventListener('pointermove', valloop);\r\n        if (timer) {\r\n            clearInterval(timer);\r\n        }\r\n        timer = setInterval(updateCount, 1000 \/ fps);\r\n        jQuery('#start-stop').html('<span>Click to Stop<\/span>');\r\n    }\r\n}\r\njQuery(function() {\r\n    jQuery(\"#start-stop\").click(checkRate);\r\n    jQuery(\"#reset\").click(function() {\r\n        location.reload();\r\n    });\r\n});\r\n<\/script>\r\n\n\n\n\n<div style=\"height:5px\" aria-hidden=\"true\" class=\"wp-block-spacer\"><\/div>\n\n\n\n<h2 class=\"wp-block-heading\">Musa Indice Kontrolilo<\/h2>\n\n\n\n<p>\u0108ar \u011di taksas la balotan indicon en Hz, Rate Checker-ilo foje estas konata kiel Mouse Hz Checker. \u011ci kalkulas la nombron da fojoj kiam via muso sendas informojn al la komputilo kaj taksas \u011din en Hz. <\/p>\n\n\n\n<h2 class=\"wp-block-heading\">Testo pri Vo\u0109ado de Muso<\/h2>\n\n\n\n<p>Kiom ofte la Muso sciigas la ligitan komputilon a\u016d komputilon pri \u011dia pozicio estas konata kiel la balota indico. La balotofteco povas esti esprimita en Hz a\u016d TPS.<\/p>\n\n\n\n<p>Vi devas konscii kiom grava estas la musa balotado se vi \u015datas ludi videoludojn. Ni supozu la scenaron kie vi havas nur unu sekundon por pafi a\u016d bati vian rivalon, sed via musa balotado estas malalta.<\/p>\n\n\n\n<p>Tiam estas tute eble, ke vi perdos la ludon, kaj via rivalo pafos pli rapide ol vi. Vi devas konscii, ke ju pli granda estas la balota indico, des pli ofte via muso komunikados al sia loko en via komputilo.<\/p>\n\n\n\n<p>Kvankam pli grandaj balotaj indicoj estas avanta\u011do por videoludado kaj estas tipe preferitaj de ludantoj. Sur malsuperaj ma\u015dinoj, tio povas foje rezultigi problemojn \u0109ar vi raportas pli ofte kaj okupas vian sistemon.<\/p>\n\n\n\n<h2 class=\"wp-block-heading\">Kio estas Bona Vo\u0109a Procento?<\/h2>\n\n\n\n<p>En ludoj, kie vi movas la muson rapide, la numero de balotado estas tre grava. Por plej multaj homoj, 500 Hz ta\u016dgas kaj sufi\u0109as por tiu funkcio. Profesiuloj kaj pli spertaj ludantoj, tamen, povas favori musojn kun balotaj indicoj de 1000 a\u016d pli.<\/p>\n\n\n<div class=\"wp-block-image\">\n<figure class=\"aligncenter size-full\"><img loading=\"lazy\" decoding=\"async\" width=\"1000\" height=\"500\" src=\"https:\/\/cpstesters.com\/wp-content\/uploads\/2022\/09\/Mouse-checker.jpg\" alt=\"Musa Indice Kontrolilo\" class=\"wp-image-548\" title=\"\" srcset=\"https:\/\/cpstesters.com\/wp-content\/uploads\/2022\/09\/Mouse-checker.jpg 1000w, https:\/\/cpstesters.com\/wp-content\/uploads\/2022\/09\/Mouse-checker-300x150.jpg 300w, https:\/\/cpstesters.com\/wp-content\/uploads\/2022\/09\/Mouse-checker-768x384.jpg 768w\" sizes=\"auto, (max-width: 1000px) 100vw, 1000px\" \/><figcaption class=\"wp-element-caption\">Musa Indice Kontrolilo<\/figcaption><\/figure>\n<\/div>\n\n\n<p>Ne estas multe da distingo inter tiuj du: La raporta tempo de 1000 Hz muso estas 1 milisekundo, dum tiu de 500 Hz muso estas 2 milisekundoj. Pensu pri 1 ms da latenteco kiel havi 1 ms pli grandan ping, kiu ne signife influos vian ludsperton. La 500Hz-muso anka\u016d sentos pli glata al la tu\u015do. Elektu la\u016de.<\/p>\n\n\n\n<p class=\"has-text-align-center has-base-background-color has-background has-medium-font-size\"><em>Vi anka\u016d povas kontroli nian <a href=\"https:\/\/cpstesters.com\/eo\/testo-de-rulumo-de-muso\/\" target=\"_blank\" rel=\"noreferrer noopener\">Teston pri Musa Volvo<\/a><\/em><\/p>\n\n\n\n<h2 class=\"wp-block-heading\">Pa\u015doj por Uzi Musan Instancan Kontrolilon<\/h2>\n\n\n\n<p>Kvankam fari la musan balotenketteston estas simpla, \u0109iam estas bona ideo legi la instrukciojn anta\u016d ol komenci ajnan teston.<\/p>\n\n\n\n<ul class=\"wp-block-list\">\n<li>La ilo havas startbutonon kiu, kiam premata, igas la ilon montri la balotan indicon de via muso en Hertz (HZ).<\/li>\n\n\n\n<li>Vi povas vidi la maksimumajn kaj mezajn balotajn indicojn super la startbutono. Realtempaj tarifoj estos uzataj.<\/li>\n\n\n\n<li>Post kiam la haltbutono estas premita, la procezo tuj fini\u011dos.<\/li>\n\n\n\n<li>Vi nun povas rapide kontroli viajn registritajn HZ-tarifojn.<\/li>\n\n\n\n<li>Vi povas rapide rekomenci \u011din se la registrita indico ne kontentigas vin.<\/li>\n<\/ul>\n\n\n\n<h2 class=\"wp-block-heading\">Trajtoj de Polling Rate Test<\/h2>\n\n\n\n<p>Nia testo estas sufi\u0109e baza kaj simpla uzebla, same kiel aliaj testoj en nia retejo.<\/p>\n\n\n\n<p>\u0108i tiu testo havas simplajn sed fascinajn funkciojn, kiuj helpos vin plenumi la laboron sen malfacileco. La jenaj estas kelkaj el la \u0109efaj karakteriza\u0135oj de \u0109i tiu testo:<\/p>\n\n\n\n<ul class=\"wp-block-list\">\n<li>Sen el\u015duti ajnan komplikan programaron, vi povas tuj testi la balotan indicon de via muso kaj tu\u015dplato interrete.<\/li>\n\n\n\n<li>La rezultoj de la testo estas koncizaj kaj al la punkto, permesante al vi uzi la informojn por modifi la balotan indicon de via aparato por plenumi viajn bezonojn.<\/li>\n\n\n\n<li>En \u0109i tiu testo, la balota indico estas kvantigita kaj raportita en Hertz (Hz). La testo anka\u016d estas konata kiel la musa herco-testo<\/li>\n<\/ul>\n\n\n\n<h2 class=\"wp-block-heading has-text-align-center\">Oftaj Demandoj<\/h2>\n\n\n\n<h3 class=\"wp-block-heading\"><strong>Kiel mi kontrolas mian muson Hz?<\/strong><\/h3>\n\n\n\n<p>\u0108io, kion vi devas fari post vizito de la retejo, estas klaki vian muson kaj movi la montrilon sur la malplenan spacon sur la pa\u011do. Sur la dekstra flanko de la ekrano, vi povas vidi la lastatempan balotan indicon de via muso krom la meza indico de la musa Hz-testo.<\/p>\n\n\n\n<h3 class=\"wp-block-heading\"><strong>Kio estas bona balota indico?<\/strong><\/h3>\n\n\n\n<p>Plej multaj homoj trovos 500Hz pli ol ta\u016dga. Tamen, estas forte konsilite por spertaj kaj profesiaj ludantoj uzi balotan indicon de 1000 Hz.<\/p>\n\n\n\n<h3 class=\"wp-block-heading\"><strong>\u0108u 1000Hz-vo\u0109donado estas bona?<\/strong><\/h3>\n\n\n\n<p>La muspozicio estos \u011disdatigita \u0109iun milisekundon je 1000Hz, kiel vi unue devas kompreni. Kun la 1000Hz Muso, via celo estas pli rapida. Por ludoj, kiuj postulas rapidajn reagojn, precizecon kaj delikatecon, alta balota indico de 1000Hz estas decida.<\/p>\n\n\n\n<h3 class=\"wp-block-heading\"><strong>\u0108u 500 Hz-vo\u0109donado estas bona?<\/strong><\/h3>\n\n\n\n<p>\u0108iuj du tiktakoj, vo\u0109dona indico de 500Hz \u011disdatigos la pozicion de via muso. Via celo fari\u011das pli glata \u0109e 500Hz.<\/p>\n\n\n\n<h3 class=\"wp-block-heading\"><strong>\u0108u videoluda muso povas atingi 1000 Hz?<\/strong><\/h3>\n\n\n\n<p>Kvankam via videoluda muso havas maksimuman frekvencon de 1000Hz, la defa\u016dlta agordo eble estas pli malalta. Estas pluraj metodoj, kiujn vi povas uzi por kontroli la balotan indicon de via muso. Por ekzameni la vo\u0109donadan indicon de via muso, uzu nian interretan ilon nomatan Mouse Rate Checker.<\/p>\n\n\n\n<h2 class=\"wp-block-heading\">Finaj Vortoj Sur Muso Hertz Testo<\/h2>\n\n\n\n<p>\u0108i tiu muskontrolilo estas tre mirinda. Via musa responda indico estos kalkulita per \u0109i tiu unika ilo. \u0108i tie vi povas lerni pri fundamentaj musaj \u011dustigoj. Post iom da tempo, ni lernu pli pri via musa balota indico. Vi estos \u015dirmita de komplikaj agordoj kaj proceduroj per \u0109i tiu ilo. Ni esperas, ke vi estos impresita pri niaj malsamaj iloj.<\/p>\n\n\n\n<p>Aliaj Testoj Vi Povas \u015cati:<\/p>\n\n\n\n<ul class=\"wp-block-list\">\n<li><a href=\"https:\/\/cpstesters.com\/eo\/double-click-test\/\" target=\"_blank\" rel=\"noreferrer noopener\">Duobla Alklaku Testo<\/a><\/li>\n\n\n\n<li><a href=\"https:\/\/cpstesters.com\/eo\/click-counter\/\" target=\"_blank\" rel=\"noreferrer noopener\">Klaku Nombrilo<\/a><\/li>\n\n\n\n<li><a href=\"https:\/\/cpstesters.com\/eo\/testo-de-muso\/\" target=\"_blank\" rel=\"noreferrer noopener\">Musa Testo<\/a><\/li>\n\n\n\n<li><a href=\"https:\/\/cpstesters.com\/eo\/apm-test\/\" target=\"_blank\" rel=\"noreferrer noopener\">APM Testo<\/a><\/li>\n\n\n\n<li><a href=\"https:\/\/cpstesters.com\/eo\/aim-trainer\/\" target=\"_blank\" rel=\"noreferrer noopener\">Celo-Trejnisto<\/a><\/li>\n<\/ul>\n","protected":false},"excerpt":{"rendered":"<p>Mouse Rate Checker estas interreta ilo por uzantoj por kontroli sian balotan indicon en herco kaj testi la muson, provu \u011din nun! Musa Indice Kontrolilo &#8230; <\/p>\n<p class=\"read-more-container\"><a title=\"Musa Indice Kontrolilo | Polling Rate Hz Test Online\" class=\"read-more button\" href=\"https:\/\/cpstesters.com\/eo\/musa-indice-kontrolilo\/#more-2907\" aria-label=\"Read more about Musa Indice Kontrolilo | Polling Rate Hz Test Online\">Read More<\/a><\/p>\n","protected":false},"author":4,"featured_media":1458,"parent":0,"menu_order":0,"comment_status":"closed","ping_status":"closed","template":"","meta":{"footnotes":""},"class_list":["post-2907","page","type-page","status-publish","has-post-thumbnail"],"_links":{"self":[{"href":"https:\/\/cpstesters.com\/eo\/wp-json\/wp\/v2\/pages\/2907","targetHints":{"allow":["GET"]}}],"collection":[{"href":"https:\/\/cpstesters.com\/eo\/wp-json\/wp\/v2\/pages"}],"about":[{"href":"https:\/\/cpstesters.com\/eo\/wp-json\/wp\/v2\/types\/page"}],"author":[{"embeddable":true,"href":"https:\/\/cpstesters.com\/eo\/wp-json\/wp\/v2\/users\/4"}],"replies":[{"embeddable":true,"href":"https:\/\/cpstesters.com\/eo\/wp-json\/wp\/v2\/comments?post=2907"}],"version-history":[{"count":5,"href":"https:\/\/cpstesters.com\/eo\/wp-json\/wp\/v2\/pages\/2907\/revisions"}],"predecessor-version":[{"id":4669,"href":"https:\/\/cpstesters.com\/eo\/wp-json\/wp\/v2\/pages\/2907\/revisions\/4669"}],"wp:featuredmedia":[{"embeddable":true,"href":"https:\/\/cpstesters.com\/eo\/wp-json\/wp\/v2\/media\/1458"}],"wp:attachment":[{"href":"https:\/\/cpstesters.com\/eo\/wp-json\/wp\/v2\/media?parent=2907"}],"curies":[{"name":"wp","href":"https:\/\/api.w.org\/{rel}","templated":true}]}}