{"id":2904,"date":"2024-07-16T14:38:12","date_gmt":"2024-07-16T14:38:12","guid":{"rendered":"https:\/\/cpstesters.com\/testo-de-precizeco-de-muso-muso-klaku-precizeco-precizeco\/"},"modified":"2024-09-17T15:45:08","modified_gmt":"2024-09-17T15:45:08","slug":"testo-de-precizeco-de-muso","status":"publish","type":"page","link":"https:\/\/cpstesters.com\/eo\/testo-de-precizeco-de-muso\/","title":{"rendered":"Testo de Precizeco de Muso | Muso Klaku Precizeco Precizeco"},"content":{"rendered":"\n<p>La musa precizectesto estas interreta ludilo, kiu estas uzata por determini la klakan precizecon kaj precizecon de via montrilo, kontrolu la ilon nun!<\/p>\n<link href=\"\/wp-content\/themes\/generatepress\/tools\/assets\/css\/aim.css?v=15\" rel=\"stylesheet\">\r\n\r\n<div class=\"aim-container\">\r\n      <div>\r\n        <div class=\"highscore-info\">Highscore: <span class=\"current-highscore\"><\/span><\/div>\r\n        <div class=\"info\">\r\n            <div class=\"score-bar\"><i class=\"im im-target\"><\/i> <span style=\"color:white\" class=\"score\">0<\/span><\/div>\r\n            <div class=\"health-bar\"><i class=\"im im-heart small\"><\/i> <span class=\"health\">0<\/span><\/div>\r\n            <div class=\"time-bar\"><\/i><i class=\"im im-timer small\"><\/i> <span class=\"time\">0<\/span><\/div>\r\n        <\/div>\r\n      <\/div>\r\n      <div class=\"board\"><\/div>\r\n      <div class=\"gameover modal\">\r\n        <div class=\"gameover-content\">\r\n          <p class=\"aim-header\">GAMEOVER<\/p>\r\n          <p class=\"highscore\"><\/p>\r\n          <p><i class=\"im im-target small\"><\/i>Score :&nbsp;<span class=\"score\">0<\/span><\/p>\r\n          <p><i class=\"im im-timer small\"><\/i>Time :&nbsp;<span class=\"time\">0<\/span><\/p>\r\n          <button class=\"restart-btn\">Restart<\/button>\r\n        <\/div>\r\n      <\/div>\r\n      <button style=\"color:white\" class=\"start-btn\">Start<\/button>\r\n  \r\n    <\/div>\r\n\r\n\r\n\r\n   \r\n<script type=\"text\/javascript\">\r\n    var keyboard_code = 'english';\r\n    var keyboard_settings = {\"layout\":{\"default\":[\"` 1 2 3 4 5 6 7 8 9 0 - = {backspace}\",\"{tab} q w e r t y u i o p [ ] \\\\\",\"{capslock} a s d f g h j k l ; ' {enter}\",\"{shiftleft} z x c v b n m , . \\\/ {shiftright}\",\".com @ {space}\"],\"shift\":[\"` 1 2 3 4 5 6 7 8 9 0 - = {backspace}\",\"{tab} q w e r t y u i o p [ ] \\\\\",\"{capslock} a s d f g h j k l ; ' {enter}\",\"{shiftleft} z x c v b n m , . \\\/ {shiftright}\",\".com @ {space}\"]},\"display\":{\"{escape}\":\"esc\",\"{tab}\":\"tab\",\"{backspace}\":\"backspace\",\"{enter}\":\"< enter\",\"{capslock}\":\"caps\",\"{shiftleft}\":\"shift\",\"{shiftright}\":\"shift\",\"{controlleft}\":\"ctrl\",\"{controlright}\":\"ctrl\",\"{altleft}\":\"alt\",\"{altright}\":\"alt\",\"{metaleft}\":\"cmd\",\"{metaright}\":\"cmd\",\"{space}\":\" \"}};\r\n    var keyboard_is_tester = true;\r\n\t                     var monitoringClickEvent = 'left';\r\n\r\n<\/script>\r\n\r\n<script src=\"\/wp-content\/themes\/generatepress\/tools\/assets\/js\/aim.js?v=9\"><\/script>\r\n\n\n<p><\/p>\n\n<div style=\"height:5px\" aria-hidden=\"true\" class=\"wp-block-spacer\"><\/div>\n\n<h2 class=\"wp-block-heading\">Testo de Precizeco de Muso<\/h2>\n\n<p>Interreta ludo nomita Mouse Accuracy Test ebligas uzantojn taksi kaj plibonigi sian musan precizecon. Oni povas pliigi la rapidecon de siaj musklakoj konservante precizecon. La ludo estas alirebla por ludantoj de \u0109iuj lertaj niveloj, e\u0109 spertuloj.<\/p>\n\n<p>La simpla celo de la testo estas helpi vin ekzerci kaj pliigi vian musan precizecon kaj rapidecon por mortigi kaj pafi en videoludoj. Neformalaj komputiluzantoj povus \u011dui ludi la ludon, dum \u011dia \u0109efa celo estas helpi ludantojn pliigi sian musklakan rapidecon, flekseblecon kaj precizecon.<\/p>\n\n<p>Testo kiu mezuras musan precizecon mezuras kiom precize vi klakas sur celoj en \u0109iu tempoda\u016dro. \u0108i tio faras \u011din foje la plej malfacila mustesto, kiu anka\u016d povas esti nomita klak-precizeca testo. Tamen, por ludludantoj, praktikaj ekzamenoj estas plej bonaj. Post fari \u0109i tiun teston, via agado multe pliboni\u011dos.<\/p>\n\n<p>Aliflanke, klakado havas kelkajn avanta\u011dojn super <a href=\"https:\/\/computer.howstuffworks.com\/mouse5.htm\" target=\"_blank\" rel=\"noreferrer noopener\">musa precizeco<\/a> en certaj specoj de ludoj. \u0108i tio implicas klaki rapide ene de difinita tempo kun alta CPS-poentaro kiel la fina celo. Elektu el agordoj intervalantaj de 5 sekundoj \u011dis 100 sekundoj en la klaka precizeca testo. <\/p>\n<div class=\"wp-block-image\">\n<figure class=\"aligncenter size-full\"><img loading=\"lazy\" decoding=\"async\" width=\"1000\" height=\"500\" src=\"https:\/\/cpstesters.com\/wp-content\/uploads\/2022\/09\/accuracy.jpg\" alt=\"Testo de Precizeco de Muso\" class=\"wp-image-575\" title=\"\" srcset=\"https:\/\/cpstesters.com\/wp-content\/uploads\/2022\/09\/accuracy.jpg 1000w, https:\/\/cpstesters.com\/wp-content\/uploads\/2022\/09\/accuracy-300x150.jpg 300w, https:\/\/cpstesters.com\/wp-content\/uploads\/2022\/09\/accuracy-768x384.jpg 768w\" sizes=\"auto, (max-width: 1000px) 100vw, 1000px\" \/><figcaption class=\"wp-element-caption\">Testo de Precizeco de Muso<\/figcaption><\/figure>\n<\/div>\n<h2 class=\"wp-block-heading\">Pa\u015doj por Ludi Klaku Precizecan Teston<\/h2>\n\n<p>Uzu \u0109i tiun teston kaj sekvu la instrukciojn por pliigi vian musan precizecon.<\/p>\n\n<ul class=\"wp-block-list\">\n<li>Alklaku la butonon &#8220;Komenco&#8221;, kiu trovi\u011das sub la agordaj opcioj, kiam vi pretas komenci la ludon.<\/li>\n\n\n\n<li>Retronombrado komenci\u011dos tuj kiam vi tu\u015dos la butonon Komencu. Vi devus uzi \u0109i tiun tempon por prepari por la testo.<\/li>\n\n\n\n<li>Pluraj celcirkloj aperos hazarde tra la ekrano post kiam la retronombrado fini\u011dos.<\/li>\n\n\n\n<li>Via celo estas klaki sur la celcirkloj per via kursoro dum ili ankora\u016d estas videblaj.<\/li>\n\n\n\n<li>Dum la tempoda\u016dro, \u0109i tiuj celoj da\u016dre aperos sur la ekrano, kiun vi elektis en la agordaj elektoj.<\/li>\n\n\n\n<li>\u011custe kiam la tempigilo estas eksvalidi\u011dos, vi vidas alian 5-sekundan retronombradon.<\/li>\n\n\n\n<li>Viaj rezultoj, kiel la totalaj klakoj, totalaj celoj, klakprecizeco, efikeco, ktp., estos montrataj post la fini\u011do de \u0109i tiu tempigilo.<\/li>\n\n\n\n<li>Sur la rezulto ekrano, vi povas alklaki la &#8220;Rekomenci&#8221; butonon por refari la teston.<\/li>\n<\/ul>\n\n<p class=\"has-text-align-center has-base-background-color has-background has-medium-font-size\"><em>Anka\u016d Kontrolu Nian <a href=\"https:\/\/cpstesters.com\/eo\/testo-de-muso\/\" target=\"_blank\" rel=\"noreferrer noopener\">Musan<\/a> Testilon Por Tute Kontroli Vian Muson!<\/em><\/p>\n\n<h2 class=\"wp-block-heading has-text-align-center\">Oftaj Demandoj<\/h2>\n\n<h3 class=\"wp-block-heading\"><strong>Kiel mi scias \u0109u mia muso estas preciza?<\/strong><\/h3>\n\n<p>La Testo pri Muso Precizeco taksas la rapidecon kaj precizecon per kiuj vi movas la muson. Simple gliti la pilkon la\u016d la kurbo al la dua fino kiu estas alfiksita al \u011di estas la nura bezono de la regulo. Provu esti tiel rapida kiel vi povas, zorgante ne foriri de la kurbo.<\/p>\n\n<h3 class=\"wp-block-heading\"><strong>Kiel mi povas testi mian musmontrilon?<\/strong><\/h3>\n\n<p>Vi povas provi la musbutonteston disponeblan en nia retejo. \u0108i tiu provo donos al vi precizajn rezultojn anka\u016d pri la musmontrilo kaj aliaj butonoj.<\/p>\n\n<h3 class=\"wp-block-heading\"><strong>Kiel mi povas pliigi mian musan FPS-precizecon?<\/strong><\/h3>\n\n<p>Certigu, ke la musa akcelado estas mal\u015daltita, \u0109ar fari tion multe pli malfacilas precizecajn movojn. Dum malalta sentiveca nivelo donas al vi pli grandan potencon fari bonajn movojn, \u011di anka\u016d devigas vin movi vian kubuton anstata\u016d vian pojnon al la fleksebleco de la muso.<\/p>\n\n<p>Iloj Vi Povas \u015cati:<\/p>\n\n<ul class=\"wp-block-list\">\n<li><a href=\"https:\/\/cpstesters.com\/eo\/apm-test\/\" target=\"_blank\" rel=\"noreferrer noopener\">APM Testo <\/a><\/li>\n\n\n\n<li><a href=\"https:\/\/cpstesters.com\/eo\/musa-indice-kontrolilo\/\" target=\"_blank\" rel=\"noreferrer noopener\">Musa Indice Kontrolilo<\/a><\/li>\n\n\n\n<li><a href=\"https:\/\/cpstesters.com\/eo\/double-click-test\/\" target=\"_blank\" rel=\"noreferrer noopener\">Duobla Alklaku Testo<\/a><\/li>\n\n\n\n<li><a href=\"https:\/\/cpstesters.com\/eo\/testo-de-rulumo-de-muso\/\" target=\"_blank\" rel=\"noreferrer noopener\">Testo de Rulumo de Muso<\/a><\/li>\n\n\n\n<li><a href=\"https:\/\/cpstesters.com\/eo\/aim-trainer\/\" target=\"_blank\" rel=\"noreferrer noopener\">Celo-Trejnisto<\/a><\/li>\n<\/ul>\n","protected":false},"excerpt":{"rendered":"<p>La musa precizectesto estas interreta ludilo, kiu estas uzata por determini la klakan precizecon kaj precizecon de via montrilo, kontrolu la ilon nun! Testo de &#8230; <\/p>\n<p class=\"read-more-container\"><a title=\"Testo de Precizeco de Muso | Muso Klaku Precizeco Precizeco\" class=\"read-more button\" href=\"https:\/\/cpstesters.com\/eo\/testo-de-precizeco-de-muso\/#more-2904\" aria-label=\"Read more about Testo de Precizeco de Muso | Muso Klaku Precizeco Precizeco\">Read More<\/a><\/p>\n","protected":false},"author":4,"featured_media":1554,"parent":0,"menu_order":0,"comment_status":"closed","ping_status":"closed","template":"","meta":{"footnotes":""},"class_list":["post-2904","page","type-page","status-publish","has-post-thumbnail"],"_links":{"self":[{"href":"https:\/\/cpstesters.com\/eo\/wp-json\/wp\/v2\/pages\/2904","targetHints":{"allow":["GET"]}}],"collection":[{"href":"https:\/\/cpstesters.com\/eo\/wp-json\/wp\/v2\/pages"}],"about":[{"href":"https:\/\/cpstesters.com\/eo\/wp-json\/wp\/v2\/types\/page"}],"author":[{"embeddable":true,"href":"https:\/\/cpstesters.com\/eo\/wp-json\/wp\/v2\/users\/4"}],"replies":[{"embeddable":true,"href":"https:\/\/cpstesters.com\/eo\/wp-json\/wp\/v2\/comments?post=2904"}],"version-history":[{"count":4,"href":"https:\/\/cpstesters.com\/eo\/wp-json\/wp\/v2\/pages\/2904\/revisions"}],"predecessor-version":[{"id":4311,"href":"https:\/\/cpstesters.com\/eo\/wp-json\/wp\/v2\/pages\/2904\/revisions\/4311"}],"wp:featuredmedia":[{"embeddable":true,"href":"https:\/\/cpstesters.com\/eo\/wp-json\/wp\/v2\/media\/1554"}],"wp:attachment":[{"href":"https:\/\/cpstesters.com\/eo\/wp-json\/wp\/v2\/media?parent=2904"}],"curies":[{"name":"wp","href":"https:\/\/api.w.org\/{rel}","templated":true}]}}