{"id":2901,"date":"2024-07-16T14:26:24","date_gmt":"2024-07-16T14:26:24","guid":{"rendered":"https:\/\/cpstesters.com\/tusekrana-testo-interreta-plurtusa-testilo\/"},"modified":"2024-09-17T16:28:09","modified_gmt":"2024-09-17T16:28:09","slug":"touch-screen-test","status":"publish","type":"page","link":"https:\/\/cpstesters.com\/eo\/touch-screen-test\/","title":{"rendered":"Tu\u015dekrana Testo Interreta | Plurtu\u015da Testilo"},"content":{"rendered":"\n<p>Testo pri po\u015dtelefono kaj tekkomputilo estas ilo por kontroli \u0109u via aparato-tu\u015do funkcias \u011duste a\u016d ne, kontrolu \u011din nun!<\/p>\n<style>\r\n        #box {\r\n            position:relative;\r\n            width:100%; \r\n            background-color:#FFB15E;\r\n            font-size: 2rem; \r\n            margin-bottom:20px;\r\n\t\t\tcolor:white;\r\n\t\t\tpadding-top:50px;\r\n\t\t\tpadding-bottom:50px;\r\n\t\t\ttext-align:center;\r\n        }\r\n        #box.fullscreen{\r\n            background-color: #2d2d2d;\r\n            position:fixed;\r\n            top: 0px;\r\n            left: 0px;\r\n            height: 100%!important;;\r\n        }\r\n        .point{\r\n            border-radius:50%;\r\n            width:30px;\r\n            height:30px;\r\n            background-color:red;\r\n            position:fixed;\r\n        }\r\n        #fs-button{\r\n            width:30px;\r\n            height:30px;\r\n            position:absolute;\r\n            bottom:5px;\r\n            right:5px;\r\n            background-image: url(\"data:image\/svg+xml,%3Csvg xmlns='http:\/\/www.w3.org\/2000\/svg' width='30' height='30' viewBox='0 0 14 14' fill='%23dddddd'%3E%3Cpath d='M2,9H0v5h5v-2H2V9z M0,5h2V2h3V0H0V5z M12,12H9v2h5V9h-2V12z M9,0v2h3v3h2V0H9z'\/%3E%3C\/svg%3E\");\r\n        }\r\n        .fullscreen #fs-button\r\n        {\r\n            background-image: url(\"data:image\/svg+xml,%3Csvg xmlns='http:\/\/www.w3.org\/2000\/svg' width='30' height='30' viewBox='0 0 14 14' fill='%23dddddd'%3E%3Cpath d='M0,11h3v3h2V9H0V11z M3,3H0v2h5V0H3V3z M9,14h2v-3h3V9H9V14z M11,3V0H9v5h5V3H11z'\/%3E%3C\/svg%3E\");\r\n        }\r\n        .current-touch, .max-touch, #box{\r\n            text-align: center;\r\n        }\r\n        .current-touch, .max-touch{\r\n            font-size: 5rem; \r\n        }\r\n    <\/style>\r\n\r\n<div id=\"box\">\r\n        <div id=\"info\">\r\n            <div class=\"row\"><div class=\"col d-flex align-items-center justify-content-end p-0\" style=\"font-size:1rem\">current<\/div><div class=\"current-touch col p-0\">0<\/div><div class=\"col p-0\"><\/div><\/div>\r\n            <div class=\"row\"><div class=\"col d-flex align-items-center justify-content-end p-0\" style=\"font-size:1rem\">max<\/div><div class=\"max-touch col p-0\">0<\/div><div class=\"col p-0\"><\/div><\/div>\r\n        <\/div>\r\n        \r\n    <\/div>   \r\n\r\n\r\n<script>\r\n    \r\nvar box = document.getElementById(\"box\");\r\nvar currnetTouchE = document.getElementsByClassName('current-touch')[0];\r\nvar maxTouchE = document.getElementsByClassName('max-touch')[0];\r\nvar maxTouch = 0;\r\n\r\nvar pointSize = 30;\r\n\r\nfunction updateTouch(number)\r\n{\r\n    currnetTouchE.innerHTML = number;\r\n    if (number>maxTouch) maxTouch = number;\r\n    maxTouchE.innerHTML = maxTouch;\r\n    \r\n}\r\n\r\n\r\nbox.addEventListener(\"touchstart\", handleStart, false);\r\nbox.addEventListener(\"touchend\", handleEnd, false);\r\nbox.addEventListener(\"touchcancel\", handleCancel, false);\r\nbox.addEventListener(\"touchmove\", handleMove, false);\r\n\/\/var ongoingTouches = [];\r\n\r\nfunction copyTouch({ identifier, pageX, pageY }) {\r\n  return { identifier, pageX, pageY };\r\n}\r\n\r\nfunction handleStart (e)\r\n{\r\n    var touches = e.changedTouches;\r\n    for (var i = 0; i < touches.length; i++)\r\n    {\r\n        var point = document.createElement('div');\r\n        \/\/ongoingTouches.push(copyTouch(touches[i]));\r\n        point.className = 'point';\r\n        point.id = 'touch-'+touches[i].identifier;\r\n        point.style.left = touches[i].clientX-pointSize\/2+'px';\r\n        point.style.top = touches[i].clientY-pointSize\/2+'px';\r\n        point.style.backgroundColor = colorForTouch(touches[i]);\r\n        document.body.appendChild(point);\r\n    }\r\n    updateTouch(e.touches.length);\r\n    e.preventDefault();\r\n}\r\n\r\nfunction handleMove(e)\r\n{\r\n    var touches = e.changedTouches;\r\n    for (var i = 0; i < touches.length; i++)\r\n    {\r\n        var point = document.getElementById('touch-'+touches[i].identifier);\r\n        point.style.left = touches[i].clientX-pointSize\/2+'px';\r\n        point.style.top = touches[i].clientY-pointSize\/2+'px';\r\n    }\r\n    updateTouch(e.touches.length);\r\n    e.preventDefault();\r\n}\r\n\r\nfunction handleEnd (e)\r\n{\r\n     var touches = e.changedTouches;\r\n     for (var i = 0; i < touches.length; i++) \r\n     {\r\n        setTimeout(function(){\r\n           \r\n        },200);\r\n       document.getElementById('touch-'+touches[i].identifier).remove();\r\n     }\r\n     updateTouch(e.touches.length);\r\n}\r\n\r\nfunction handleCancel (e)\r\n{\r\n    handleEnd(e);\r\n}\r\n\r\n\r\nfunction colorForTouch(touch) {\r\n    var color = \"#000000\";\r\n    switch(touch.identifier)\r\n    {\r\n        case 0: color = \"#ff0000\";break;\r\n        case 1: color = \"#ff00ff\";break;\r\n        case 2: color = \"#0000ff\";break;\r\n        case 3: color = \"#00ffff\";break;\r\n        case 4: color = \"#00ff00\";break;\r\n        case 5: color = \"#ffff00\";break;\r\n        case 6: color = \"#ffa800\";break;\r\n        default: color = \"#000000\";\r\n    }\r\n    return color;\r\n}\r\n\r\nif (!(typeof box.ontouchstart != \"undefined\")) { \r\n    box.innerHTML = '<p>This test cannot be used on device without touch screen.<\/p>\\n\\\r\n                     <p style=\"font-size:1rem;\">If you see this message, the test will not work.<\/p>   ';\r\n    box.style.backgroundColor = \"#FFB15E\";\r\n} \r\n<\/script>\n\n<div style=\"height:5px\" aria-hidden=\"true\" class=\"wp-block-spacer\"><\/div>\n\n<h2 class=\"wp-block-heading\">Tu\u015dekrana Testilo<\/h2>\n\n<p>La tu\u015dekrano-testo estas la tekniko, kiun vi uzas por taksi vian ekranon. Estas pluraj manieroj uzi \u0109i tiun teston por identigi la mortajn punktojn. \u0108i tiu Testilo havas specialan teknikon, kiu montras al vi \u011duste kie estas la problemaj areoj. \u0108i tio kontrolas la senvivajn punktojn de la tu\u015dekrano kaj kvin-punktan mult-tu\u015dan funkcion.<\/p>\n\n<p>Tu\u015dekrano de inteligenta telefono devas esti provita por kontroli la kvaliton kaj utilecon de la aparato. La efikeco de tu\u015dekrano povas esti taksita per simpla ekrana tu\u015dtesto. La tu\u015daj testoj, \u0109iu el kiuj uzas malsaman strategion, helpas vin trovi kaj analizi iujn ajn <a href=\"https:\/\/www.lifewire.com\/fixes-for-broken-touch-screen-4149514\" target=\"_blank\" rel=\"noreferrer noopener\">problemojn de via tu\u015dekrano, kiujn<\/a> eble travivas.<\/p>\n\n<h2 class=\"wp-block-heading\">Kiel Testi Ekran Tu\u015don?<\/h2>\n\n<p>Por komenci la teston, tu\u015du la ekranon \u0109e la interno de la supra skatolo. Por facile konveni pliajn fingrojn, uzu la Plenekranan opcion en la malsupra dekstra angulo de la testa kampo. Se via aparato a\u016d retumilo ne kongruas, speciala avizo en la skatolo aperos.<\/p>\n\n<p>Provu Multi Touch Test se vi ne ser\u0109as mortajn punktojn sur via ekrano sed scivolas pri kiom da fingroj \u011di povas rekoni. Unu el la plej bazaj testoj pri plurtu\u015da po\u015dtelefona ekrano disponeblaj, \u011di mankas iujn ajn desegnajn ilojn a\u016d kromajn funkciojn.<\/p>\n<div class=\"wp-block-image\">\n<figure class=\"aligncenter size-full\"><img loading=\"lazy\" decoding=\"async\" width=\"1000\" height=\"500\" src=\"https:\/\/cpstesters.com\/wp-content\/uploads\/2022\/09\/touch-test.jpg\" alt=\"Tu&#x15D;ekrana Testo\" class=\"wp-image-551\" title=\"\" srcset=\"https:\/\/cpstesters.com\/wp-content\/uploads\/2022\/09\/touch-test.jpg 1000w, https:\/\/cpstesters.com\/wp-content\/uploads\/2022\/09\/touch-test-300x150.jpg 300w, https:\/\/cpstesters.com\/wp-content\/uploads\/2022\/09\/touch-test-768x384.jpg 768w\" sizes=\"auto, (max-width: 1000px) 100vw, 1000px\" \/><figcaption class=\"wp-element-caption\">Tu\u015dekrana Testo<\/figcaption><\/figure>\n<\/div>\n<p>\u011ci informas vin pri la maksimuma nombro da aktivaj fingroj, kiujn via aparato povas subteni. <\/p>\n\n<h2 class=\"wp-block-heading\">Plurtu\u015da Testo<\/h2>\n\n<p>La Plurtu\u015da testilo rekonas multajn tu\u015dojn kaj donas al \u0109iu klaran koloran kulmina\u0135on. Ne gravas se viaj fingroj kovras la frapetojn kaj ciferojn sur la ekrano. E\u0109 kiam vi forprenas viajn fingrojn de la ekrano, la maksimuma nombro da tu\u015doj estos montrata. Vi povas uzi \u0109i tiun teston por vidi kiom da tu\u015doj registras la ekrano de via aparato.<\/p>\n\n<p>\u0108i tiu testilo markos \u0109iun fingron kiam vi metos ilin sur la ekranon multfoje samtempe. Aldone, \u011di registros la totalan nombron da fingroj, kiuj estas registritaj sur la ekrano. La programo da\u016dre memoros la plej grandan nombron, kiun \u011di identigis, e\u0109 post kiam vi liberigos viajn fingrojn.<\/p>\n\n<p>Estas preferinde fari la teston plenan ekranon por ke \u0109iuj tu\u015doj povu konveni ene de la testa kampo. Alklaku la butonon en la malsupra maldekstra angulo por fari tion.<\/p>\n\n<p>Ne necesas instali ajnajn programojn por \u0109i tiu testo \u0109ar vi \u0109iam povas fari nian tu\u015dkontrolilon en via aparato interrete de nia retejo.<\/p>\n\n<p class=\"has-text-align-center has-base-background-color has-background has-medium-font-size\"><em>Ni Anka\u016d Havas <a href=\"https:\/\/cpstesters.com\/eo\/dead-pixel-test\/\" target=\"_blank\" rel=\"noreferrer noopener\">Mortan Pikselan Teston<\/a> Por Via Ekrano, Kontrolu!<\/em><\/p>\n\n<h2 class=\"wp-block-heading has-text-align-center\">Oftaj Demandoj<\/h2>\n\n<h3 class=\"wp-block-heading\"><strong>Kiel mi povas testi mian tu\u015dekranon?<\/strong><\/h3>\n\n<p>Vi povas uzi la tu\u015dteston en nia retejo por kontroli la tu\u015dekranon de via aparato se vi kredas, ke \u011di ne funkcias \u011duste. \u0108i tiu testo ebligas al vi rekoni kaj trakti eventualajn problemojn kun via tu\u015dekrano, \u0109iu el kiuj estas alimaniere.<\/p>\n\n<h3 class=\"wp-block-heading\"><strong>Kiel mi scias \u0109u mia tu\u015dekrano estas sentema?<\/strong><\/h3>\n\n<p>La sentemo de la tu\u015dekrano povas esti provita per diversaj fingropremoj. Kelkaj ekranoj postulas pli grandan ekrankontakton \u0109ar ili havas problemojn legi malpezajn tu\u015dojn.<\/p>\n\n<h3 class=\"wp-block-heading\"><strong>Kiel vi provas pri fantomtu\u015do?<\/strong><\/h3>\n\n<p>Komencu eksperimentante kun vi mem por vidi \u0109u vi povas identigi la problemon. Faru do tri fingrojn. Post tio, vi detektos unu a\u016d du fantomajn tu\u015dojn se vi hazarde tu\u015dos vian ekranon per unu a\u016d amba\u016d fingroj.<\/p>\n\n<p>Aliaj Testoj, kiujn Vi Eble Deziras Kontroli:<\/p>\n\n<ul class=\"wp-block-list\">\n<li><a href=\"https:\/\/cpstesters.com\/eo\/frapeto-nombrilo\/\" target=\"_blank\" rel=\"noreferrer noopener\">Frapu Nombrilon<\/a><\/li>\n\n\n\n<li><a href=\"https:\/\/cpstesters.com\/eo\/frapu-rapidan-teston\/\" target=\"_blank\" rel=\"noreferrer noopener\">Frapu Rapidan Teston<\/a><\/li>\n\n\n\n<li><a href=\"https:\/\/cpstesters.com\/eo\/\" target=\"_blank\" rel=\"noreferrer noopener\">Klaku por Dua Testilo<\/a><\/li>\n\n\n\n<li><a href=\"https:\/\/cpstesters.com\/eo\/klavaro-testo\/\" target=\"_blank\" rel=\"noreferrer noopener\">Klavaro Testilo<\/a><\/li>\n\n\n\n<li><a href=\"https:\/\/cpstesters.com\/eo\/testo-de-latenteco-de-klavaro\/\" target=\"_blank\" rel=\"noreferrer noopener\">Testo de Latenteco de Klavaro<\/a><\/li>\n<\/ul>\n","protected":false},"excerpt":{"rendered":"<p>Testo pri po\u015dtelefono kaj tekkomputilo estas ilo por kontroli \u0109u via aparato-tu\u015do funkcias \u011duste a\u016d ne, kontrolu \u011din nun! Tu\u015dekrana Testilo La tu\u015dekrano-testo estas la &#8230; <\/p>\n<p class=\"read-more-container\"><a title=\"Tu\u015dekrana Testo Interreta | Plurtu\u015da Testilo\" class=\"read-more button\" href=\"https:\/\/cpstesters.com\/eo\/touch-screen-test\/#more-2901\" aria-label=\"Read more about Tu\u015dekrana Testo Interreta | Plurtu\u015da Testilo\">Read More<\/a><\/p>\n","protected":false},"author":4,"featured_media":1470,"parent":0,"menu_order":0,"comment_status":"closed","ping_status":"closed","template":"","meta":{"footnotes":""},"class_list":["post-2901","page","type-page","status-publish","has-post-thumbnail"],"_links":{"self":[{"href":"https:\/\/cpstesters.com\/eo\/wp-json\/wp\/v2\/pages\/2901","targetHints":{"allow":["GET"]}}],"collection":[{"href":"https:\/\/cpstesters.com\/eo\/wp-json\/wp\/v2\/pages"}],"about":[{"href":"https:\/\/cpstesters.com\/eo\/wp-json\/wp\/v2\/types\/page"}],"author":[{"embeddable":true,"href":"https:\/\/cpstesters.com\/eo\/wp-json\/wp\/v2\/users\/4"}],"replies":[{"embeddable":true,"href":"https:\/\/cpstesters.com\/eo\/wp-json\/wp\/v2\/comments?post=2901"}],"version-history":[{"count":4,"href":"https:\/\/cpstesters.com\/eo\/wp-json\/wp\/v2\/pages\/2901\/revisions"}],"predecessor-version":[{"id":4378,"href":"https:\/\/cpstesters.com\/eo\/wp-json\/wp\/v2\/pages\/2901\/revisions\/4378"}],"wp:featuredmedia":[{"embeddable":true,"href":"https:\/\/cpstesters.com\/eo\/wp-json\/wp\/v2\/media\/1470"}],"wp:attachment":[{"href":"https:\/\/cpstesters.com\/eo\/wp-json\/wp\/v2\/media?parent=2901"}],"curies":[{"name":"wp","href":"https:\/\/api.w.org\/{rel}","templated":true}]}}