{"id":2900,"date":"2024-07-16T14:30:16","date_gmt":"2024-07-16T14:30:16","guid":{"rendered":"https:\/\/cpstesters.com\/minecraft-cirkla-generatoro-faru-cirklon-ovalan-diagramon-interrete\/"},"modified":"2024-09-17T15:26:55","modified_gmt":"2024-09-17T15:26:55","slug":"minecraft-cirkla-generatoro","status":"publish","type":"page","link":"https:\/\/cpstesters.com\/eo\/minecraft-cirkla-generatoro\/","title":{"rendered":"Minecraft Cirkla Generatoro | Faru Cirklon\/Ovalan Diagramon Interrete"},"content":{"rendered":"\n<p>Circle Generator estas interreta ilo, kiu kreas pikselan cirklon a\u016d ovalon por Minecraft por faciligi la procezon por vi. Rigardu!<\/p>\n\n\n      <style type=\"text\/css\">\r\n         table.circle_output td {\r\n         border-collapse: collapse;\r\n         }\r\n         table.circle_output td {\r\n         border: 1px solid white;\r\n         width: 15px;\r\n         height: 15px;\r\n         }\r\n         .filled {\r\n         background: red;\r\n         }\r\n         .cgy0,\r\n         .cgx0 {\r\n         background: #eee;\r\n         }\r\n         .filled.cgy0,\r\n         .filled.cgx0 {\r\n         background: #808080;\r\n         }\r\n         #height,\r\n         #diameter,\r\n         #scaler {\r\n         width: 150px;\r\n         }\r\n      <\/style>\r\n<div class=\"row\">\r\n\t<div class=\"col-md-4\">\r\n\t<label>Width:<\/label><br>\r\n\t<input tabindex=\"1\" type=\"number\" size=\"5\" id=\"diameter\" value=\"9\" autocomplete=\"off\" autofocus=\"autofocus\">\r\n\t<\/div>\r\n\t<div class=\"col-md-4\">\r\n\t\t<label>Height:<\/label><br>\r\n\t\t<input tabindex=\"2\" type=\"number\" size=\"5\" id=\"height\" value=\"9\" autocomplete=\"off\" autofocus=\"autofocus\"> \r\n\t<\/div>\r\n\t\r\n<\/div>\r\n<br>\r\n<div class=\"row\">\r\n\t<div class=\"col-md-6\">\r\n\t<label>Scale:<\/label><br>\r\n      <input type=\"range\" min=\"50\" max=\"3000\" value=\"720\" id=\"scaler\" data-poly-scale=\".1\" \/>\t\r\n<br>\r\n\t<label><input id=\"linked\" type=\"checkbox\" checked=\"checked\" value=\"1\" \/> Force Circle<\/label> &mdash; Block Count: <span id=\"blockcount\"><\/span><br \/> <br>\r\n      <select id=\"thickness\">\r\n         <option selected=\"selected\">thick<\/option>\r\n         <option>thin<\/option>\r\n         <option>filled<\/option>\r\n      <\/select>\r\n\t<\/div>\r\n<div style=\"margin-left:50px;\" class=\"col-md-6\">\r\n\t<label>Download:<\/label><br>\r\n      <button type=\"button\" id=\"downloadSVG\">SVG<\/button>\r\n      <button type=\"button\" id=\"downloadPNG\">PNG<\/button>\r\n\t<\/div>\r\n<\/div>\r\n   \r\n      <div id=\"result\"><\/div>\r\n\r\n\r\n\r\n\r\n      <script src=\"https:\/\/ajax.googleapis.com\/ajax\/libs\/mootools\/1.3.2\/mootools.js\"><\/script>\r\n      <script src=\"https:\/\/cpstesters.com\/wp-content\/themes\/generatepress\/tools\/assets\/js\/Base64.js\"><\/script>\r\n\r\n      <script src=\"https:\/\/cpstesters.com\/wp-content\/themes\/generatepress\/tools\/assets\/js\/svg.js\"><\/script>\r\n      <script src=\"https:\/\/cpstesters.com\/wp-content\/themes\/generatepress\/tools\/assets\/js\/table.js\"><\/script>\r\n\r\n      <script src=\"https:\/\/cpstesters.com\/wp-content\/themes\/generatepress\/tools\/assets\/js\/FileSaver.js\"><\/script>\r\n      <script src=\"https:\/\/cpstesters.com\/wp-content\/themes\/generatepress\/tools\/assets\/js\/generator.js\"><\/script>\n\n\n\n<div style=\"height:5px\" aria-hidden=\"true\" class=\"wp-block-spacer\"><\/div>\n\n\n\n<h2 class=\"wp-block-heading\">Minecraft Cirkla Generatoro <\/h2>\n\n\n\n<p>Vi povas uzi la Minecraft-rondon kiel profilon por krei diversajn objektojn, kiel domojn, turojn, strukturojn kaj pli. Rondo en Minecraft estas formo kiu povas esti uzata por krei turojn, strukturojn kaj aliajn objektojn en la ludo.<\/p>\n\n\n\n<p>Vi povas krei rondojn por via Minecraft-luda voja\u011do uzante nian ovalan generatorilon. Vi povas konservi bildon de via rondo (SVG &amp; PNG). Nia pikselgeneratoro povas helpi vin krei cirklojn, ovalojn kaj sferojn, kiuj ta\u016dgas por via grandeco.<\/p>\n\n\n\n<p>En Minecraft, ekzistas pluraj manieroj fari pikselan cirklon-diagramon. Helpe de unu pikselo, vi povas krei simplan piksel-arton uzante la Minecraft-piksel-artan generatoron World of Minecraft.<\/p>\n\n\n\n<p>Retrostila, piksel-arta tekniko estas kreita per cirkla generatoro. Aldone, uzante la pikselan cirklo-generatoron a\u016d cirklan kreilon, vi povas krei ion ajn en cirkla formo.<\/p>\n\n\n<div class=\"wp-block-image\">\n<figure class=\"aligncenter size-full\"><img loading=\"lazy\" decoding=\"async\" width=\"1000\" height=\"500\" src=\"https:\/\/cpstesters.com\/wp-content\/uploads\/2022\/09\/Minecraft-Circle-Generator.jpg\" alt=\"Minecraft Cirkla Generatoro\" class=\"wp-image-554\" title=\"\" srcset=\"https:\/\/cpstesters.com\/wp-content\/uploads\/2022\/09\/Minecraft-Circle-Generator.jpg 1000w, https:\/\/cpstesters.com\/wp-content\/uploads\/2022\/09\/Minecraft-Circle-Generator-300x150.jpg 300w, https:\/\/cpstesters.com\/wp-content\/uploads\/2022\/09\/Minecraft-Circle-Generator-768x384.jpg 768w\" sizes=\"auto, (max-width: 1000px) 100vw, 1000px\" \/><figcaption class=\"wp-element-caption\">Minecraft Cirkla Generatoro<\/figcaption><\/figure>\n<\/div>\n\n\n<h2 class=\"wp-block-heading\">Kiel uzi Circle Chart Minecraft?<\/h2>\n\n\n\n<p>Anstata\u016d komenci per interna &#8220;skafaldaro&#8221;, cirklaj diagramoj estas gvidbildoj, kiujn vi povas uzi por rapide kompreni \u011duste kie vi devas meti viajn blokojn. Simple uzu la referencan foton kiel gvidilon kaj ser\u0109u la lar\u011don, kiun vi postulas.<\/p>\n\n\n\n<p>La malavanta\u011do de cirkla diagramo estas, ke \u0109ar ili estas fiksaj grafika\u0135oj, estas pli defie \u015dan\u011di unu la\u016d viaj postuloj se vi volas ion unikan por via konstruo.<\/p>\n\n\n\n<p>La dimensioj povas esti kalkulitaj konsiderinde pli rapide se vi povas vidi precize kiom longa \u0109iu rando devas esti.<\/p>\n\n\n\n<p class=\"has-text-align-center has-base-background-color has-background has-medium-font-size\"><em>Vi Anka\u016d Povas Provi Nian <a href=\"https:\/\/cpstesters.com\/eo\/minecraft-sfera-generatoro-minecraft-dome-generatoro\/\" target=\"_blank\" rel=\"noreferrer noopener\">Minecraft Sphere Generator<\/a> Tool!<\/em><\/p>\n\n\n\n<h2 class=\"wp-block-heading\">Kiel Konstrui Pikselan Rondon de Nulo<\/h2>\n\n\n\n<p>La diametro, kiun vi volas por cirklo, devas esti la unua afero, kiun vi bezonas scii. Estas grave memori, ke ju malpli cirkla bildo vi povas krei, des pli malgranda devas esti la formo.<\/p>\n\n\n\n<p>Pli lar\u011da cirklo permesas al vi \u011dustigi la limojn pli iom post iom, produktante multe pli allogan aspekton. Ni rigardos ekzemplon por \u0109iu, por ke vi povu vidi kiel la proceduro diferencas la\u016d \u0109u vi deziras neparan a\u016d paran lar\u011don.<\/p>\n\n\n\n<h2 class=\"wp-block-heading\">Pa\u015doj por Krei Perfektan Minecraft-Rondon<\/h2>\n\n\n\n<p>Vi povas krei perfektajn rondojn en Minecraft per la senpaga cirklofaristo de la retejo. Tio helpos vin krei diversajn objektojn en Minecraft.<\/p>\n\n\n\n<p>En \u0109i tiu situacio, vi volas fari la plej bonan kaj plej idealan rondon. Observu la rekomendojn, kiujn ni donis sube:<\/p>\n\n\n\n<ul class=\"wp-block-list\">\n<li>Unue, elektu la nombron da blokoj en la lar\u011ddirekto, tiam elektu la nombron da blokoj en la alta direkto.<\/li>\n\n\n\n<li>Se vi nur volas konstrui cirklon, vi devas tiam elekti la opcion &#8220;Forto Rondo&#8221;. Elektante \u0109i tiun opcion, \u011di a\u016dtomate ebligos la agordon de la \u011dusta nombro da kolumnoj a\u016d blokoj por amba\u016d la horizontalaj kaj vertikalaj dimensioj, kiujn vi bezonas por perfekta cirklo.<\/li>\n\n\n\n<li>La elekto &#8220;Blokkalkulo&#8221; rivelos kiom da blokoj estis utiligitaj por fari tiun cirklon.<\/li>\n\n\n\n<li>Vi povas grimpi la grandecon de via rondo la\u016d viaj bezonoj uzante la opcion &#8220;Skali&#8221;. Krome, \u011di estas sufi\u0109e simple uzi por zomi en kaj el via rondo.<\/li>\n\n\n\n<li>Kiam \u0109io estas agordita kaj via rondo estas preta, vi povas el\u015duti \u011din kiel foton (SVG &amp; PNG).<\/li>\n<\/ul>\n\n\n<div class=\"wp-block-image\">\n<figure class=\"aligncenter size-full\"><img loading=\"lazy\" decoding=\"async\" width=\"1000\" height=\"500\" src=\"https:\/\/cpstesters.com\/wp-content\/uploads\/2022\/09\/Features-of-Minecraft-Circle-Generator-Tool.jpg\" alt=\"Karakteriza\u0135oj de Pixel Circle Generator\" class=\"wp-image-555\" title=\"\" srcset=\"https:\/\/cpstesters.com\/wp-content\/uploads\/2022\/09\/Features-of-Minecraft-Circle-Generator-Tool.jpg 1000w, https:\/\/cpstesters.com\/wp-content\/uploads\/2022\/09\/Features-of-Minecraft-Circle-Generator-Tool-300x150.jpg 300w, https:\/\/cpstesters.com\/wp-content\/uploads\/2022\/09\/Features-of-Minecraft-Circle-Generator-Tool-768x384.jpg 768w\" sizes=\"auto, (max-width: 1000px) 100vw, 1000px\" \/><figcaption class=\"wp-element-caption\">Karakteriza\u0135oj de Pixel Circle Generator<\/figcaption><\/figure>\n<\/div>\n\n\n<h2 class=\"wp-block-heading\">Karakteriza\u0135oj de Pixel Circle Generator<\/h2>\n\n\n\n<p>Vi povas krei perfektajn rondojn en Minecraft per la senpaga cirklofaristo de la retejo. Tio helpos vin krei diversajn objektojn en Minecraft.<\/p>\n\n\n\n<p>La trajtoj kaj kvalitoj, kiujn vi ricevos de \u0109i tiu piksela cirkla generatoro, estas listigitaj sube.<\/p>\n\n\n\n<ul class=\"wp-block-list\">\n<li>Vi povas uzi la ilon sur inteligentaj aparatoj sen bezono de komputilo, tekkomputilo a\u016d po\u015dtelefono, redakti la rondon la\u016d viaj bezonoj, kaj poste el\u015duti \u011din senpage.<\/li>\n\n\n\n<li>Vi povas krei cirklon en Minecraft, kiu havas mallar\u011dan perimetron kaj neniun tekston ene de \u011di.<\/li>\n\n\n\n<li>Nia cirkla generatoro anka\u016d permesas vin krei viajn cirklojn \u011dustigante la altecon kaj lar\u011don la\u016d viaj bezonoj.<\/li>\n\n\n\n<li>Vi povas rapide skali bildon por esti 3x, 10x, a\u016d 50x \u011dia originala grandeco. Tie, vi ricevos elekton.<\/li>\n\n\n\n<li>Uzu la opcion de forto cirklo por konverti \u011din en cirklon, se vi bezonas perfektan cirklon sed ne kontentas pri tiu, kiu estas generita pro kia ajn kialo. Estas facile fari \u0109i tion. Simple alklaku la ikonon de la fortocirklo. Kaj jen \u0109io.<\/li>\n<\/ul>\n\n\n\n<h2 class=\"wp-block-heading\">Kiel fari Perfektan Rondon en Minecraft?<\/h2>\n\n\n\n<p>En vanilo Minecraft, estas neeble krei konstruon kun perfekta cirklo kaj ajna grandeco. Estas ludmodoj, kiuj lasas ludantojn krei perfektajn rondojn, sed vi devas zorgi pri tio, kion vi el\u015dutas, por eviti infekti vian ma\u015dinon per virusoj.<\/p>\n\n\n\n<p>Aran\u011dante la blokojn de la ludo la\u016d proksimume cirklaj \u015dablonoj, vi ankora\u016d povas fari proksimumajn cirklojn facile. Estas diversaj manieroj plenumi \u0109i tion, sed la plej simpla estas akiri \u015dablonon por via Minecraft-rondo uzante ajnan pikselan generatoron.<\/p>\n\n\n\n<h2 class=\"wp-block-heading has-text-align-center\">Oftaj Demandoj<\/h2>\n\n\n\n<h3 class=\"wp-block-heading\"><strong>Kio estas Minecraft-cirkla generatoro?<\/strong><\/h3>\n\n\n\n<p>Vi povas krei cirklojn kaj elipsojn en Minecraft per la cirkla generatoro. Permesita por \u015dan\u011di\u011danta dikeco, lar\u011do kaj alteco.<\/p>\n\n\n\n<h3 class=\"wp-block-heading\"><strong>Kiel vi trovas la cirklon en Minecraft?<\/strong><\/h3>\n\n\n\n<p>Vi nun povas krei cirklojn kaj arkojn en Minecraft, nur memoru, ke pli granda kupolo aspektos pli bela. Vi devas enigi la formulon x2+y2=r2, kie r estas la dezirata radiuso por via cirklo a\u016d kupolo.<\/p>\n\n\n\n<h3 class=\"wp-block-heading\"><strong>Kiel Mi Povas Fari Bonan Pikselan Rondon?<\/strong><\/h3>\n\n\n\n<p>Estas multaj manieroj fari pikselan cirklan diagramon en Minecraft. Kunfandante individuajn pikselojn, vi povas fari simplan pikselan arton per la Minecraft-piksela arto-generatoro. Por krei pikselan arton en la retroa stilo, uzu pikselan cirklon-generatoron.<\/p>\n\n\n\n<h3 class=\"wp-block-heading\"><strong>Kio estas piksela arto en Minecraft?<\/strong><\/h3>\n\n\n\n<p>\u011ci estas arta\u0135o kreita en Minecraft uzante pikselojn. La sama piksela arto estas uzata en iuj aliaj ludoj anka\u016d. Simple, piksel-arto estas uzata por doni al ludoj retroan estetikon (aspekto kiu inkluzivas modon, ideojn, vivstilon kaj aliajn elementojn).<\/p>\n\n\n\n<p>Iuj Iloj de Minecraft, kiujn Vi Povas \u015cati:<\/p>\n\n\n\n<ul class=\"wp-block-list\">\n<li><a href=\"https:\/\/cpstesters.com\/eo\/minecraft-tiparo-generatoro-la-plej-bona-tipa-generatoro\/\" target=\"_blank\" rel=\"noreferrer noopener\">Minecraft Tiparo Generatoro<\/a><\/li>\n\n\n\n<li><a href=\"https:\/\/cpstesters.com\/eo\/minecraft-titolo-generatoro-faru-la-plej-bona-titolo\/\" target=\"_blank\" rel=\"noreferrer noopener\">Minecraft Titolo Generatoro<\/a><\/li>\n\n\n\n<li><a href=\"https:\/\/cpstesters.com\/eo\/minecraft-command-generator-enreta-donu-komandon\/\" target=\"_blank\" rel=\"noreferrer noopener\">Minecraft Komando Generatoro<\/a><\/li>\n\n\n\n<li><a href=\"https:\/\/cpstesters.com\/eo\/minecraft-sfera-generatoro-minecraft-dome-generatoro\/\" target=\"_blank\" rel=\"noreferrer noopener\">Minecraft Sfera Generatoro<\/a><\/li>\n\n\n\n<li><a href=\"https:\/\/cpstesters.com\/eo\/\" target=\"_blank\" rel=\"noreferrer noopener\">CPS-testilo<\/a><\/li>\n\n\n\n<li><a href=\"https:\/\/cpstesters.com\/eo\/apm-testo-agoj-por-minuta-spurilo-por-ludado\/\" target=\"_blank\" rel=\"noreferrer noopener\">Agoj Por Minuta Testo<\/a><\/li>\n<\/ul>\n","protected":false},"excerpt":{"rendered":"<p>Circle Generator estas interreta ilo, kiu kreas pikselan cirklon a\u016d ovalon por Minecraft por faciligi la procezon por vi. Rigardu! Minecraft Cirkla Generatoro Vi povas &#8230; <\/p>\n<p class=\"read-more-container\"><a title=\"Minecraft Cirkla Generatoro | Faru Cirklon\/Ovalan Diagramon Interrete\" class=\"read-more button\" href=\"https:\/\/cpstesters.com\/eo\/minecraft-cirkla-generatoro\/#more-2900\" aria-label=\"Read more about Minecraft Cirkla Generatoro | Faru Cirklon\/Ovalan Diagramon Interrete\">Read More<\/a><\/p>\n","protected":false},"author":4,"featured_media":1482,"parent":0,"menu_order":0,"comment_status":"closed","ping_status":"closed","template":"","meta":{"footnotes":""},"class_list":["post-2900","page","type-page","status-publish","has-post-thumbnail"],"_links":{"self":[{"href":"https:\/\/cpstesters.com\/eo\/wp-json\/wp\/v2\/pages\/2900","targetHints":{"allow":["GET"]}}],"collection":[{"href":"https:\/\/cpstesters.com\/eo\/wp-json\/wp\/v2\/pages"}],"about":[{"href":"https:\/\/cpstesters.com\/eo\/wp-json\/wp\/v2\/types\/page"}],"author":[{"embeddable":true,"href":"https:\/\/cpstesters.com\/eo\/wp-json\/wp\/v2\/users\/4"}],"replies":[{"embeddable":true,"href":"https:\/\/cpstesters.com\/eo\/wp-json\/wp\/v2\/comments?post=2900"}],"version-history":[{"count":4,"href":"https:\/\/cpstesters.com\/eo\/wp-json\/wp\/v2\/pages\/2900\/revisions"}],"predecessor-version":[{"id":4652,"href":"https:\/\/cpstesters.com\/eo\/wp-json\/wp\/v2\/pages\/2900\/revisions\/4652"}],"wp:featuredmedia":[{"embeddable":true,"href":"https:\/\/cpstesters.com\/eo\/wp-json\/wp\/v2\/media\/1482"}],"wp:attachment":[{"href":"https:\/\/cpstesters.com\/eo\/wp-json\/wp\/v2\/media?parent=2900"}],"curies":[{"name":"wp","href":"https:\/\/api.w.org\/{rel}","templated":true}]}}