{"id":2756,"date":"2024-07-16T14:00:28","date_gmt":"2024-07-16T14:00:28","guid":{"rendered":"https:\/\/cpstesters.com\/duobla-alklaku-testo-muso-klaka-kontrolilo\/"},"modified":"2024-09-17T14:29:50","modified_gmt":"2024-09-17T14:29:50","slug":"double-click-test","status":"publish","type":"page","link":"https:\/\/cpstesters.com\/eo\/double-click-test\/","title":{"rendered":"Duobla Alklaku Testo | Muso Klaka Kontrolilo"},"content":{"rendered":"\n<p>Kun \u0109i tiu duobla klaka testo, kontrolu vian muson se \u011di donas du enigojn samtempe kaj plibonigu vian klakan rapidecon!<\/p>\n     \r\n<div class=\"row\">\r\n\t<div class=\"col-md-4\">\r\n\r\n\t\t\r\n\t\t\r\n\t\t<div class=\"side_nav\">\r\n            \r\n            \r\n            <ul class=\"time\">\r\n              <li>\r\n            <span data-time=\"1.00\">1 Second Test<\/span>\r\n            <\/li><li>\r\n           <span data-time=\"2.00\">2 Second Test<\/span>\r\n            <\/li><li>\r\n         <span data-time=\"5.00\">5 Second Test<\/span>\r\n            <\/li><li>\r\n\t\t\t<span data-time=\"10.00\">10 Second Test<\/span>\r\n            <\/li><li>\r\n            <span data-time=\"15.00\">15 Second Test<\/span>\r\n            <\/li>\r\n\t\t\t<li>\r\n            <span data-time=\"30.00\">30 Second Test<\/span>\r\n            <\/li>\r\n\t\t\t\t<li>\r\n            <span data-time=\"60.00\">60 Second Test<\/span>\r\n            <\/li>\r\n\t\t\t\t<li>\r\n            <span data-time=\"100.00\">100 Second Test<\/span>\r\n            <\/li>\r\n\t\t\t\r\n\t\t\t<\/ul>\r\n            <\/div>\r\n\t\t\r\n\t\t\r\n\t<\/div>\r\n\t<div class=\"col-md-8\">\r\n\t\t<section class=\"section section--full js-section-full section--click\">\r\n               <div class=\"container\">\r\n\t\t\t\t   \r\n\t\t\t\t         <div class=\"setting\">\r\n    <div class=\"theme-mode\"><a class=\"theme-mode__switch js-switch\" href=\"javascript:void(0);\"><\/a>\r\n        <div class=\"theme-mode__text\">Light \/ Dark mode<\/div>\r\n    <\/div>\r\n<\/div>\r\n\t\t\t\t   \r\n\t\t\t\t   \r\n                  <div class=\"statistics\">\r\n                     <div class=\"statistics__item statistics__item--timer\">\r\n                        <div class=\"statistics__number\">\r\n                           <span class=\"js-time number_timer\">5.00<\/span>\r\n                           <a class=\"statistics__arrow statistics__arrow--up js-time-up\" href=\"javascript:void(0);\">\r\n                              <svg class=\"icon icon-arrow-up \">\r\n                                 <use xlink:href=\"\/wp-content\/themes\/generatepress\/tools\/assets\/img\/spritesvg.svg#arrow-up\"><\/use>\r\n                              <\/svg>\r\n                           <\/a>\r\n                           <a class=\"statistics__arrow statistics__arrow--down js-time-down\" href=\"javascript:void(0);\">\r\n                              <svg class=\"icon icon-arrow-up \">\r\n                                 <use xlink:href=\"\/wp-content\/themes\/generatepress\/tools\/assets\/img\/spritesvg.svg#arrow-up\"><\/use>\r\n                              <\/svg>\r\n                           <\/a>\r\n                        <\/div>\r\n                        <div class=\"statistics__title\">Timer<\/div>\r\n                     <\/div>\r\n                     <div class=\"statistics__item statistics__item--clicks\">\r\n\t\t\t\t\t\t<div class=\"statistics__number number_clicks js-double-click\">0<\/div>\r\n\t\t\t\t\t\t<div class=\"statistics__title\">Double clicks<\/div>\r\n\t\t\t\t\t<\/div>\r\n                     <div class=\"statistics__item statistics__item--score\">\r\n\t\t\t\t\t\t<div class=\"statistics__number number_score js-total-click\">0<\/div>\r\n\t\t\t\t\t\t<div class=\"statistics__title\">Total clicks<\/div>\r\n\t\t\t\t\t<\/div>\r\n                  <\/div>\r\n                  <div class=\"clicks-zone\">\r\n                     <div class=\"clicks-zone__start js-clicks-start\">\r\n                        <svg class=\"icon icon-click \">\r\n                           <use xlink:href=\"\/wp-content\/themes\/generatepress\/tools\/assets\/img\/spritesvg.svg#click\"><\/use>\r\n                        <\/svg>\r\n                        <div class=\"clicks-zone__start-title\">\u0421lick here to start Doube Click test<\/div>\r\n                     <\/div>\r\n                     <div class=\"clicks-zone__clicks js-clicks\"><\/div>\r\n                     <div class=\"clicks-zone__result result-clicks js-clicks-result\">\r\n                         <div class=\"result-clicks__text double__clicks\" data-text=\"Your Result is {clicks} Double clicks in {time} seconds\"><\/div>\r\n\t\t\t\t\t\t\t<a class=\"result-clicks__btn js-try-again\" href=\"javascript:void(0);\">\r\n\t\t\t\t\t\t\t\t<svg class=\"icon icon-again \">\r\n\t\t\t\t\t\t\t\t\t<use xlink:href=\"\/wp-content\/themes\/generatepress\/tools\/assets\/img\/spritesvg.svg#again\"><\/use>\r\n\t\t\t\t\t\t\t\t<\/svg>Restart\r\n\t\t\t\t\t\t\t<\/a>\r\n\r\n                        <div class=\"result-clicks__share\">\r\n                           <div class=\"result-clicks__share-title\">Share your result with friends!<\/div>\r\n                           <div class=\"share-buttons\">\r\n                              <a class=\"share-button facebook\" data-href=\"https:\/\/www.facebook.com\/sharer\/sharer.php?u=https:\/\/cpstesters.com\/\" target=\"_blank\" onclick=\"goclicky(this); return false;\" rel=\"noopener\">Facebook<\/a>\r\n                              <a class=\"share-button twitter\" data-href=\"http:\/\/www.twitter.com\/share?url=https:\/\/cpstesters.com\/&text=[text]\" target=\"_blank\" onclick=\"goclicky(this); return false;\" rel=\"noopener\">Twitter<\/a>\r\n                              <a class=\"share-button whatsapp\" data-href=\"https:\/\/api.whatsapp.com\/send?text=[text]\" target=\"_blank\" onclick=\"goclicky(this); return false;\" rel=\"noopener\">WhatsApp<\/a>\r\n                              <a class=\"share-button reddit\" data-href=\"http:\/\/www.reddit.com\/submit?url=https:\/\/cpstesters.com\/&title=[text]\" target=\"_blank\" onclick=\"goclicky(this); return false;\" rel=\"noopener\">Reddit<\/a>\r\n                           <\/div>\r\n                        <\/div>\r\n                     <\/div>\r\n                  <\/div>\r\n                  <img decoding=\"async\" src=\"\/wp-content\/themes\/generatepress\/tools\/assets\/img\/test_result\/3\/1.png\" style=\"display: none\" alt=\"\" title=\"\">\r\n                  <img decoding=\"async\" src=\"\/wp-content\/themes\/generatepress\/tools\/assets\/img\/test_result\/5\/1.png\" style=\"display: none\" alt=\"\" title=\"\">\r\n                  <img decoding=\"async\" src=\"\/wp-content\/themes\/generatepress\/tools\/assets\/img\/test_result\/1\/1.png\" style=\"display: none\" alt=\"\" title=\"\">\r\n                  <img decoding=\"async\" src=\"\/wp-content\/themes\/generatepress\/tools\/assets\/img\/test_result\/2\/1.png\" style=\"display: none\" alt=\"\" title=\"\">\r\n                  <img decoding=\"async\" src=\"\/wp-content\/themes\/generatepress\/tools\/assets\/img\/test_result\/0\/1.png\" style=\"display: none\" alt=\"\" title=\"\">\r\n                  <img decoding=\"async\" src=\"\/wp-content\/themes\/generatepress\/tools\/assets\/img\/test_result\/6\/1.png\" style=\"display: none\" alt=\"\" title=\"\">\r\n                  <img decoding=\"async\" src=\"\/wp-content\/themes\/generatepress\/tools\/assets\/img\/test_result\/7\/1.png\" style=\"display: none\" alt=\"\" title=\"\">\r\n                  <img decoding=\"async\" src=\"\/wp-content\/themes\/generatepress\/tools\/assets\/img\/test_result\/4\/1.png\" style=\"display: none\" alt=\"\" title=\"\">\r\n                  <script>\r\n                     var test_result = {\"ratings\":{\"min\":0,\"max\":5},\"rating_ranks\":[\"Your Rank is Snail!\",\"Your Rank is Koala!\",\"Your Rank is Turtle!\",\"Your Rank is Panda!\",\"Your Rank is Hare!\",\"Your Rank is Kangaroo!\",\"Your Rank is Panther!\",\"Your Rank is Cheetah!\"],\"cps_scale\":[[0,1],[1,3],[3,5],[5,7],[7,9],[9,10],[10,12],[12,999]],\"files\":{\"3\":[\"\\\/wp-content\\\/themes\\\/generatepress\\\/tools\\\\assets\\\/img\\\/test_result\\\/3\\\/1.png\"],\"5\":[\"\\\/wp-content\\\/themes\\\/generatepress\\\/tools\\\\assets\\\/img\\\/test_result\\\/5\\\/1.png\"],\"1\":[\"\\\/wp-content\\\/themes\\\/generatepress\\\/tools\\\\assets\\\/img\\\/test_result\\\/1\\\/1.png\"],\"2\":[\"\\\/wp-content\\\/themes\\\/generatepress\\\/tools\\\\assets\\\/img\\\/test_result\\\/2\\\/1.png\"],\"0\":[\"\\\/wp-content\\\/themes\\\/generatepress\\\/tools\\\\assets\\\/img\\\/test_result\\\/0\\\/1.png\"],\"6\":[\"\\\/wp-content\\\/themes\\\/generatepress\\\/tools\\\\assets\\\/img\\\/test_result\\\/6\\\/1.png\"],\"7\":[\"\\\/wp-content\\\/themes\\\/generatepress\\\/tools\\\\assets\\\/img\\\/test_result\\\/7\\\/1.png\"],\"4\":[\"\\\/wp-content\\\/themes\\\/generatepress\\\/tools\\\\assets\\\/img\\\/test_result\\\/4\\\/1.png\"]}};\r\n                     var language = {\"code\":\"en\",\"name\":\"English\",\"prefix\":\"\"};\r\n                     var monitoringClickEvent = 'double';\r\n                     var shareTextDefault = 'My Result is {clicks} Double clicks in {time} seconds';\r\n                  <\/script>        \r\n               <\/div>\r\n            <\/section>\r\n\t\t\r\n\t<\/div>\r\n<\/div>\r\n\r\n    <script src=\"\/wp-content\/themes\/generatepress\/tools\/assets\/js\/libs.min.js\"><\/script>\r\n      <script src=\"\/wp-content\/themes\/generatepress\/tools\/assets\/js\/main.min.js?v64\"><\/script>\r\n\n\n<div style=\"height:5px\" aria-hidden=\"true\" class=\"wp-block-spacer\"><\/div>\n\n<h2 class=\"wp-block-heading\">Kio Estas Duobla Klaka Testo<\/h2>\n\n<p>Duobla klakado estas la procezo de malpeze tu\u015di la \u0109efan musbutonon por registri plurajn klakojn samtempe. La CPS, a\u016d klakoj je sekundo, povas esti altigitaj uzante \u0109i tiun teknikon. En iuj ludoj, rapidaj klakoj donas al la ludanto avanta\u011don.<\/p>\n\n<p>Kvankam vi nur alklakas la muson unufoje, vi povus foje rimarki, ke \u011di duoble klakas. Tute ne maltrankvili\u011du se \u011di okazas. Estas maniero kompreni la musan duoblan klakan problemon.<\/p>\n\n<h2 class=\"wp-block-heading\">Muso Duobla Alklaku Testo<\/h2>\n\n<p>Unu el la plej \u011deneralaj kutimoj inter komputilaj uzantoj estas musa duobla klakado. \u011ci povas esti uzata por pluraj taskoj, inkluzive malfermi dosierujojn, elekti dosierojn kaj elekti vortojn en la teksto.<\/p>\n\n<p>Kiam ajn vi <a href=\"https:\/\/www.computerhope.com\/jargon\/d\/doublecl.htm\" target=\"_blank\" rel=\"noreferrer noopener\">duoble alklakas<\/a> , se la muso ne funkcias \u011duste, \u011di povus esti \u011dena kaj malpliigi vian produktivecon. Certi\u011du, ke la problemo, kiun vi havas, ne estas rezulto de duobla klako.<\/p>\n\n<p>Vi povas uzi klakan testilon, kiu kontrolas kiom da fojoj vi klakas, kiu estas disponebla \u0109e CPSTesters.com. Ni evoluigis simplan duoblan alklakan teston, kiun vi povas uzi por vidi \u0109u via muso estas rompita a\u016d ne. Por vidi \u011duste kion \u011di savas, provu klaki unufoje kaj dufoje.<\/p>\n\n<p class=\"has-text-align-center has-base-background-color has-background has-medium-font-size\"><em>Vi eble ser\u0109as kompletan provon pri klakado por plibonigi viajn klakojn, por tio vi povas direkti sin al la pa\u011do de <a href=\"https:\/\/cpstesters.com\/eo\/\" target=\"_blank\" rel=\"noreferrer noopener\">CPS Tester<\/a> !<\/em><\/p>\n\n<h2 class=\"wp-block-heading\">Celo de Musa Duobla Klaka Testo?<\/h2>\n\n<p>La \u0109efa celo de la duobla klaka testilo estas trovi okazojn de duobla klakado. Ili havas kvadratforman areon kie uzantoj povas ekzerci duoble alklaki sian muson.<\/p>\n\n<p>Speciala testado a\u016d metodo por determini \u0109u via muso funkcias estas duklakaj mustestoj. La testoj de duoblaj klakoj de muso permesas al vi akiri takson de la operaciaj parametroj de via muso.<\/p>\n<div class=\"wp-block-image\">\n<figure class=\"aligncenter size-full\"><img loading=\"lazy\" decoding=\"async\" width=\"1000\" height=\"500\" src=\"https:\/\/cpstesters.com\/wp-content\/uploads\/2022\/09\/double-click-test.jpg\" alt=\"Duobla Alklaku Testo\" class=\"wp-image-517\" title=\"\" srcset=\"https:\/\/cpstesters.com\/wp-content\/uploads\/2022\/09\/double-click-test.jpg 1000w, https:\/\/cpstesters.com\/wp-content\/uploads\/2022\/09\/double-click-test-300x150.jpg 300w, https:\/\/cpstesters.com\/wp-content\/uploads\/2022\/09\/double-click-test-768x384.jpg 768w\" sizes=\"auto, (max-width: 1000px) 100vw, 1000px\" \/><figcaption class=\"wp-element-caption\">Duobla Alklaku Testo<\/figcaption><\/figure>\n<\/div>\n<p>Ekzemple, se vi rulas programon, kiu postulas multajn klakojn kaj via muso subite \u0109esis respondi al \u0109i tiuj komandoj, \u011di povus doni al vi multajn problemojn. Vi povas fari \u0109i tiun provon por ekscii \u0109u via musa duobla klako funkcias a\u016d ne.<\/p>\n\n<p>Se la testilo de duobla klako iam ajn rekonas duoblan klakon, \u011di tuj modifos la staton de tiu skatolo kaj konservos la nombron da duoblaj klakoj.<\/p>\n\n<h2 class=\"wp-block-heading\">Kiel Uzi Musan Duoblan Klakan Teston?<\/h2>\n\n<p>Uzi \u0109i tiun musan duoblan klakan kontrolilon estas sufi\u0109e simpla. \u0108io, kion vi devas fari, estas sekvi la subajn instrukciojn:<\/p>\n\n<ul class=\"wp-block-list\">\n<li>Sur la supro de \u0109i tiu pa\u011do, estas testo, vi simple devas movi vian muson meze unue por komenci klaki.<\/li>\n\n\n\n<li>La klakkuseneto lumi\u011das ru\u011de kiam vi duoble alklakas vian muson, signifante ke la klako sukcesis.<\/li>\n\n\n\n<li>Temporizilo, kiu montras al vi kiom longe \u011di estos inter klakoj, anka\u016d estas montrita malsupre.<\/li>\n\n\n\n<li>Aldone, vi havas la eblon elekti el anta\u016ddestinitaj klakrapidecaj testtaskoj por da\u016droj de 1 sekundoj, 2 sekundoj, 5 sekundoj, kaj tiel pli.<\/li>\n<\/ul>\n\n<h2 class=\"wp-block-heading\">Kiel funkcias \u0109i tiu Testo?<\/h2>\n\n<p>\u0108i tiu testo celas helpi vin determini \u0109u via komputilo reagas al duoblaj klakoj normale. La taksado estas facila: Unu a\u016d amba\u016d musklavoj eble ne reagas \u011duste se la klavo ru\u011di\u011das post proksimume 80 milisekundoj.<\/p>\n\n<p>Elektu la butonon Restarigi por rekomenci la teston en ajna momento de la komenco. \u0108i tio permesos al vi rekomenci fiksante la da\u016dron kaj nombron da frapetoj al nulo.<\/p>\n\n<p>\u011ci estas simpla uzebla kaj ne postulas specialan scion a\u016d kompetentecon. E\u0109 se \u0109i tio estas via unua fojo uzanta la sistemon, vi rapide ekkomprenos kiel plenumi la teston.<\/p>\n\n<p>\u011ci nur postulas kelkajn klakojn por iel komenci kaj povas esti agordita en demando de sekundoj. \u011ci estas la ideala solvo por \u0109iuj, kiuj volas testi sian musan agadon en fidinda maniero. Krome, la interfaca dezajno estas klara kaj simpla.<\/p>\n\n<h2 class=\"wp-block-heading has-text-align-center\">Oftaj Demandoj<\/h2>\n\n<h3 class=\"wp-block-heading\"><strong>Kiel la Duobla Klaka Testo Vere Funkcias?<\/strong><\/h3>\n\n<p>Pluraj skatoloj etikeditaj Dekstre, Maldekstre kaj Meze povas aperi en kelkaj el la duklakaj testoj. \u0108i tiuj skatoloj \u0109iu observas plurajn musklakojn aparte. Kiam ajn la 2x-klaktesta programo identigas duoblan klakon, \u011di tuj \u015dan\u011dos la staton de la flanka skatolo kaj konservos vian totalan nombron da duoblaj klakoj.<\/p>\n\n<h3 class=\"wp-block-heading\"><strong>Kiel Mi Al\u011dustigi la Rapidon de Musaj Duoblaj Klakoj?<\/strong><\/h3>\n\n<p>Elektante Muson el la kontrolpanelo, vi povas modifi la oftecon de via muso. La butono Rapido troveblas elektante la langeton Butonoj. Fenestro kun kursora rapideca indikilo estos videbla. Por akceli a\u016d malrapidigi vian muson, movu \u0109i tion dekstren a\u016d maldekstren.<\/p>\n\n<h2 class=\"wp-block-heading\">Finaj Vortoj Sur Duobla Klaka Testilo<\/h2>\n\n<p>Niaj musaj duklakaj testaj iloj donas al vi situacian komprenon pri kiel via muso funkcios. Certi\u011du periode kontroli la muson por iuj duoblaj klakoj, krom se vi volas atendi, ke \u011di forlasis vin dum decida laborsesio a\u016d ludo.<\/p>\n\n<p>Iuj Aliaj Iloj:<\/p>\n\n<ul class=\"wp-block-list\">\n<li><a href=\"https:\/\/cpstesters.com\/eo\/frapeto-nombrilo\/\" target=\"_blank\" rel=\"noreferrer noopener\">Frapu Nombrilon<\/a><\/li>\n\n\n\n<li><a href=\"https:\/\/cpstesters.com\/eo\/testo-de-muso\/\" target=\"_blank\" rel=\"noreferrer noopener\">Musa Testo<\/a><\/li>\n\n\n\n<li><a href=\"https:\/\/cpstesters.com\/eo\/testo-de-rulumo-de-muso\/\" target=\"_blank\" rel=\"noreferrer noopener\">Testo de Rulumo de Muso<\/a><\/li>\n\n\n\n<li><a href=\"https:\/\/cpstesters.com\/eo\/musa-indice-kontrolilo\/\" target=\"_blank\" rel=\"noreferrer noopener\">Musa Indice Kontrolilo<\/a><\/li>\n\n\n\n<li><a href=\"https:\/\/cpstesters.com\/eo\/apm-test\/\" target=\"_blank\" rel=\"noreferrer noopener\">APM Testo<\/a><\/li>\n\n\n\n<li><a href=\"https:\/\/cpstesters.com\/eo\/aim-trainer\/\" target=\"_blank\" rel=\"noreferrer noopener\">Celo-Trejnisto<\/a><\/li>\n<\/ul>\n","protected":false},"excerpt":{"rendered":"<p>Kun \u0109i tiu duobla klaka testo, kontrolu vian muson se \u011di donas du enigojn samtempe kaj plibonigu vian klakan rapidecon! Kio Estas Duobla Klaka Testo &#8230; <\/p>\n<p class=\"read-more-container\"><a title=\"Duobla Alklaku Testo | Muso Klaka Kontrolilo\" class=\"read-more button\" href=\"https:\/\/cpstesters.com\/eo\/double-click-test\/#more-2756\" aria-label=\"Read more about Duobla Alklaku Testo | Muso Klaka Kontrolilo\">Read More<\/a><\/p>\n","protected":false},"author":4,"featured_media":1386,"parent":0,"menu_order":0,"comment_status":"closed","ping_status":"closed","template":"","meta":{"footnotes":""},"class_list":["post-2756","page","type-page","status-publish","has-post-thumbnail"],"_links":{"self":[{"href":"https:\/\/cpstesters.com\/eo\/wp-json\/wp\/v2\/pages\/2756","targetHints":{"allow":["GET"]}}],"collection":[{"href":"https:\/\/cpstesters.com\/eo\/wp-json\/wp\/v2\/pages"}],"about":[{"href":"https:\/\/cpstesters.com\/eo\/wp-json\/wp\/v2\/types\/page"}],"author":[{"embeddable":true,"href":"https:\/\/cpstesters.com\/eo\/wp-json\/wp\/v2\/users\/4"}],"replies":[{"embeddable":true,"href":"https:\/\/cpstesters.com\/eo\/wp-json\/wp\/v2\/comments?post=2756"}],"version-history":[{"count":4,"href":"https:\/\/cpstesters.com\/eo\/wp-json\/wp\/v2\/pages\/2756\/revisions"}],"predecessor-version":[{"id":4191,"href":"https:\/\/cpstesters.com\/eo\/wp-json\/wp\/v2\/pages\/2756\/revisions\/4191"}],"wp:featuredmedia":[{"embeddable":true,"href":"https:\/\/cpstesters.com\/eo\/wp-json\/wp\/v2\/media\/1386"}],"wp:attachment":[{"href":"https:\/\/cpstesters.com\/eo\/wp-json\/wp\/v2\/media?parent=2756"}],"curies":[{"name":"wp","href":"https:\/\/api.w.org\/{rel}","templated":true}]}}