{"id":2753,"date":"2024-07-16T14:26:10","date_gmt":"2024-07-16T14:26:10","guid":{"rendered":"https:\/\/cpstesters.com\/testo-de-dead-pixel-lcd-monitor-ekran-kontrolilo\/"},"modified":"2024-09-17T14:24:55","modified_gmt":"2024-09-17T14:24:55","slug":"dead-pixel-test","status":"publish","type":"page","link":"https:\/\/cpstesters.com\/eo\/dead-pixel-test\/","title":{"rendered":"Testo de Dead Pixel | LCD Monitor Ekran Kontrolilo"},"content":{"rendered":"\n<p>Dead Pixel-testilo estas interreta testo por trovi \u0109u via ekrano havas mortajn pikselojn a\u016d ne, uzu la ilon sube por kontroli nun!<\/p>\n<button class=\"computer-screen-button-cta\" id=\"whitescreentestcta\">Click To Start the Dead Pixel Test<\/button>\r\n<div id=\"whitescreenparent\" style=\"background-color:white;\"> <\/div>\r\n\r\n<script> \r\n\t  var elem = document.getElementById(\"whitescreenparent\");\r\n\r\n  function openFullscreen() {\r\n    if (elem.requestFullscreen) {\r\n      elem.requestFullscreen();\r\n    } else if (elem.webkitRequestFullscreen) {\r\n      elem.webkitRequestFullscreen();\r\n    } else if (elem.msRequestFullscreen) {\r\n      elem.msRequestFullscreen();\r\n    }\r\n  }\r\n  document.getElementById(\"whitescreentestcta\").onclick = openFullscreen;\r\n\r\n  function handleFullscreenChange(event) {\r\n    if (!document.fullscreenElement) {}\r\n  }\r\n  elem.onfullscreenchange = handleFullscreenChange;\r\n  var colors = [\"white\", \"black\", \"#FF0000\", \"#00FF00\", \"#0000FF\"],\r\n    index = 0;\r\n  document.getElementById(\"whitescreenparent\").onclick = function() {\r\n    document.getElementById(\"whitescreenparent\").style.backgroundColor = colors[index];\r\n    index = (index + 1) % colors.length;\r\n  }\r\n\r\n<\/script>\n\n<div style=\"height:5px\" aria-hidden=\"true\" class=\"wp-block-spacer\"><\/div>\n\n<h2 class=\"wp-block-heading\">Kio estas Dead Pixels?<\/h2>\n\n<p>Mortaj pikseloj ne fakte indikas, ke la pikselo estas kaptita kun koloro, anstata\u016de, ili fari\u011das nigraj kaj rifuzas montri ajnan koloron, kio ka\u016dzas difektojn en la bildo a\u016d grafiko. Mortaj pikseloj estas nur &#8220;punktoj&#8221; a\u016d grupoj de punktoj kaj ili ne kongruas kun la fonokoloro, ekzemple, nigraj punktoj \u0109eestantaj sur verda fono. Dekstre, vi povas vidi pliajn ilustra\u0135ojn.<\/p>\n\n<p>Plejofte, ni ne vere rimarkas, \u0109u unu pikselo estas morta, sed se estas pluraj mortaj pikseloj kaj ili malhelpas la ekranon nur esti klara kaj montri agrablajn bildojn, ni rimarkas.<\/p>\n\n<p>Vi devas certigi, ke viaj ekranoj funkcias perfekte se vi estas enhavverkisto, kiel artisto, retprojektisto, grafikisto, videoludkreinto ktp. Vi devas do inspekti vian ekranon a\u016d ekranon por mortaj pikseloj. Mortinta pikselo povas esti frustra, \u0109u \u011di aperas sur via labortabla ekrano, tekkomputilo a\u016d inteligenta telefono.<\/p>\n\n<p>Mortaj pikseloj estas vere sufi\u0109e oftaj, kaj foje fabrikistoj celkonscie liveras misajn ekranojn al la komercisto kaj \u015dan\u011das ilin post kiam la kliento plendas. Akvodama\u011do kaj monitora maljuni\u011do estas du pliaj oftaj ka\u016dzoj de mortaj pikseloj.<\/p>\n\n<h2 class=\"wp-block-heading\">Dead Pixel Tester<\/h2>\n\n<p>La ilo por kontroli mortintajn pikselojn, kiun vi povas vidi supre, helpos vin taksi kaj lokalizi la <a href=\"https:\/\/www.makeuseof.com\/dead-pixel-on-monitor\/\" target=\"_blank\" rel=\"noreferrer noopener\">mortpikselojn<\/a> sur via aparato.<\/p>\n\n<p>Uzu nian ilon por testado de mortintaj pikseloj, kiu estas kaj senpaga kaj simpla. \u0108iu, kiu volas ser\u0109i mortajn pikselojn sur la ekranoj, sendepende de teknika kapablo a\u016d sperto, povas fari la provon de Dead Pixel uzante nian retejan ilon. La ilo l estas rapida, simpla kaj facile uzebla.<\/p>\n<div class=\"wp-block-image\">\n<figure class=\"aligncenter size-full\"><img loading=\"lazy\" decoding=\"async\" width=\"1000\" height=\"500\" src=\"https:\/\/cpstesters.com\/wp-content\/uploads\/2022\/09\/dead-pixel.jpg\" alt=\"Testo de Dead Pixel\" class=\"wp-image-530\" title=\"\" srcset=\"https:\/\/cpstesters.com\/wp-content\/uploads\/2022\/09\/dead-pixel.jpg 1000w, https:\/\/cpstesters.com\/wp-content\/uploads\/2022\/09\/dead-pixel-300x150.jpg 300w, https:\/\/cpstesters.com\/wp-content\/uploads\/2022\/09\/dead-pixel-768x384.jpg 768w\" sizes=\"auto, (max-width: 1000px) 100vw, 1000px\" \/><figcaption class=\"wp-element-caption\">Testo de Dead Pixel<\/figcaption><\/figure>\n<\/div>\n<p>\u0108iuj aparatoj estas subtenataj de nia testa ilo. Uzante iun ajn el niaj platformoj, vi povas testi vian inteligentan telefonon, monitoron a\u016d iPad, kaj ni certigos, ke vi ricevos la plej fidindajn datumojn.<\/p>\n\n<h2 class=\"wp-block-heading\">Kiel Uzi Dead Pixel Checker?<\/h2>\n\n<p>Vi povus uzi nian kontrolilon de mortaj pikseloj por vidi \u0109u estas mortaj pikseloj sur la ekrano de la aparato. Simple sekvu la instrukciojn priskribitajn sube por inspekti vian ekranon pri mortintaj pikseloj.<\/p>\n\n<ul class=\"wp-block-list\">\n<li>Unue, purigu ajnajn makulojn de la ekrano de la monitoro.<\/li>\n\n\n\n<li>Elektu la provizitan ligilon.<\/li>\n\n\n\n<li>Elektu iun el la skatoloj por komenci la teston. Donu al viaj okuloj momenton por alkutimi\u011di al la brilo.<\/li>\n\n\n\n<li>Kontrolu la ekranon de via monitoro por iuj malgrandaj &#8220;punktoj&#8221; kiuj \u015dajnas esti metitaj por determini \u0109u ekzistas mortaj pikseloj.<\/li>\n\n\n\n<li>Por movi al la sekva koloro, premu la sagoklavojn sur la klavaro a\u016d la respondajn butonojn sur la ekrano.<\/li>\n\n\n\n<li>Post kiam vi ekzamenis \u0109iujn kolorojn kaj trovis neniujn mortajn pikselojn, vi povas eliri la ludon uzante la ESC-klavon sur via klavaro.<\/li>\n<\/ul>\n\n<p>Milde tu\u015dante la kaptitan pikselon per malseka tuko a\u016d pinta sed mola instrumento, kiel la skrapgumo sur la pinto de krajono, vi povas provi ripari la mortintan ekranon.<\/p>\n\n<p>Por ke vi determini \u0109u estas mortaj pikseloj, nia interreta mortpikselo-trovilo montras plenan ekranon de \u0109iuj \u0109efaj koloroj.<\/p>\n\n<h2 class=\"wp-block-heading has-text-align-center\">Oftaj Demandoj<\/h2>\n\n<h3 class=\"wp-block-heading\"><strong>Kiom da Dead-pikseloj estas akcepteblaj?<\/strong><\/h3>\n\n<p>Se vi a\u0109etas tute novan aparaton, iuj mortaj pikseloj estas neakcepteblaj. Tamen, estas akcepteble, ke iuj aparatoj de certa marko havu tri \u011dis kvar mortajn pikselojn, sed tio estas tute indigniga.<\/p>\n\n<h3 class=\"wp-block-heading\"><strong>Kiel Vi Testas pri Mortaj Pikseloj?<\/strong><\/h3>\n\n<p>Uzu nian interretan ilon por kontroli la mortajn pikselojn sur via ekrano. Vi povas uzi \u011din por ekzameni vian ekranon por mortaj pikseloj sen devi el\u015duti ion ajn. Por fari la teston, simple aliru la interreton kaj iru al nia retejo.<\/p>\n\n<h3 class=\"wp-block-heading\"><strong>\u0108u vi povas efektive ripari mortintajn pikselojn?<\/strong><\/h3>\n\n<p>Plejofte, mortaj pikseloj konsistigas hardvarproblemon kiu ne povas esti solvigita. Milde premante la areon \u0109irka\u016d mortinta pikselo, tamen, povus revivigi \u011din.<\/p>\n\n<h2 class=\"wp-block-heading\">Finaj Vortoj En Dead Pixel Finder<\/h2>\n\n<p>Uzante nian ilon kaj sekvante la suprajn instrukciojn, vi povas rapide kontroli vian ekranon pri mortaj pikseloj. Kontrolu la aparaton por mortaj pikseloj unue, sed se vi trovas iujn, vi povas rapide konfirmi ilin uzante nian interretan ilon. Ni anka\u016d havas kelkajn aliajn ilojn sube, kiujn vi eble \u015datos:<\/p>\n\n<ul class=\"wp-block-list\">\n<li><a href=\"https:\/\/cpstesters.com\/eo\/tusekrana-testo-interreta\/\" target=\"_blank\" rel=\"noreferrer noopener\">Tu\u015dekrana Testo<\/a><\/li>\n\n\n\n<li><a href=\"https:\/\/cpstesters.com\/eo\/apm-test\/\" target=\"_blank\" rel=\"noreferrer noopener\">APM Testo<\/a><\/li>\n\n\n\n<li><a href=\"https:\/\/cpstesters.com\/eo\/frapeto-nombrilo\/\" target=\"_blank\" rel=\"noreferrer noopener\">Frapu Nombrilon<\/a><\/li>\n\n\n\n<li><a href=\"https:\/\/cpstesters.com\/eo\/frapu-rapidan-teston\/\" target=\"_blank\" rel=\"noreferrer noopener\">Frapu Rapidan Teston<\/a><\/li>\n\n\n\n<li><a href=\"https:\/\/cpstesters.com\/eo\/apm-test\/\" target=\"_blank\" rel=\"noreferrer noopener\">APM Testo<\/a><\/li>\n\n\n\n<li><a href=\"https:\/\/cpstesters.com\/eo\/aim-trainer\/\" target=\"_blank\" rel=\"noreferrer noopener\">Celo-Trejnisto<\/a><\/li>\n<\/ul>\n","protected":false},"excerpt":{"rendered":"<p>Dead Pixel-testilo estas interreta testo por trovi \u0109u via ekrano havas mortajn pikselojn a\u016d ne, uzu la ilon sube por kontroli nun! Kio estas Dead &#8230; <\/p>\n<p class=\"read-more-container\"><a title=\"Testo de Dead Pixel | LCD Monitor Ekran Kontrolilo\" class=\"read-more button\" href=\"https:\/\/cpstesters.com\/eo\/dead-pixel-test\/#more-2753\" aria-label=\"Read more about Testo de Dead Pixel | LCD Monitor Ekran Kontrolilo\">Read More<\/a><\/p>\n","protected":false},"author":4,"featured_media":1434,"parent":0,"menu_order":0,"comment_status":"closed","ping_status":"closed","template":"","meta":{"footnotes":""},"class_list":["post-2753","page","type-page","status-publish","has-post-thumbnail"],"_links":{"self":[{"href":"https:\/\/cpstesters.com\/eo\/wp-json\/wp\/v2\/pages\/2753","targetHints":{"allow":["GET"]}}],"collection":[{"href":"https:\/\/cpstesters.com\/eo\/wp-json\/wp\/v2\/pages"}],"about":[{"href":"https:\/\/cpstesters.com\/eo\/wp-json\/wp\/v2\/types\/page"}],"author":[{"embeddable":true,"href":"https:\/\/cpstesters.com\/eo\/wp-json\/wp\/v2\/users\/4"}],"replies":[{"embeddable":true,"href":"https:\/\/cpstesters.com\/eo\/wp-json\/wp\/v2\/comments?post=2753"}],"version-history":[{"count":4,"href":"https:\/\/cpstesters.com\/eo\/wp-json\/wp\/v2\/pages\/2753\/revisions"}],"predecessor-version":[{"id":4176,"href":"https:\/\/cpstesters.com\/eo\/wp-json\/wp\/v2\/pages\/2753\/revisions\/4176"}],"wp:featuredmedia":[{"embeddable":true,"href":"https:\/\/cpstesters.com\/eo\/wp-json\/wp\/v2\/media\/1434"}],"wp:attachment":[{"href":"https:\/\/cpstesters.com\/eo\/wp-json\/wp\/v2\/media?parent=2753"}],"curies":[{"name":"wp","href":"https:\/\/api.w.org\/{rel}","templated":true}]}}