{"id":2561,"date":"2024-07-16T14:43:41","date_gmt":"2024-07-16T14:43:41","guid":{"rendered":"https:\/\/cpstesters.com\/celo-booster-plej-bona-testilo-por-plibonigi-celon-interrete\/"},"modified":"2024-09-17T09:48:57","modified_gmt":"2024-09-17T09:48:57","slug":"aim-trainer","status":"publish","type":"page","link":"https:\/\/cpstesters.com\/eo\/aim-trainer\/","title":{"rendered":"Celo Booster | Plej bona Testilo Por Plibonigi Celon Interrete"},"content":{"rendered":"\n<p>Aim Trainer estas interreta testilo por helpi vin plibonigi viajn celkapablojn en profesia videoludado, kontrolu \u011din kaj provu gajni kiel eble plej altan!<\/p>\n<div class=\"aim-container\">\r\n      <div>\r\n        <div class=\"highscore-info\">Highscore: <span class=\"current-highscore\"><\/span><\/div>\r\n        <div class=\"info\">\r\n            <div class=\"score-bar\"><i class=\"im im-target\"><\/i> <span style=\"color:white\" class=\"score\">0<\/span><\/div>\r\n            <div class=\"health-bar\"><i class=\"im im-heart small\"><\/i> <span class=\"health\">0<\/span><\/div>\r\n            <div class=\"time-bar\"><\/i><i class=\"im im-timer small\"><\/i> <span class=\"time\">0<\/span><\/div>\r\n        <\/div>\r\n      <\/div>\r\n      <div class=\"board\"><\/div>\r\n      <div class=\"gameover modal\">\r\n        <div class=\"gameover-content\">\r\n          <p class=\"aim-header\">GAMEOVER<\/p>\r\n          <p class=\"highscore\"><\/p>\r\n          <p><i class=\"im im-target small\"><\/i>Score :&nbsp;<span class=\"score\">0<\/span><\/p>\r\n          <p><i class=\"im im-timer small\"><\/i>Time :&nbsp;<span class=\"time\">0<\/span><\/p>\r\n          <button class=\"restart-btn\">Restart<\/button>\r\n        <\/div>\r\n      <\/div>\r\n      <button style=\"color:white\" class=\"start-btn\">Start<\/button>\r\n<\/div>\r\n\r\n\r\n\r\n   \r\n<script type=\"text\/javascript\">\r\n    var keyboard_code = 'english';\r\n    var keyboard_settings = {\"layout\":{\"default\":[\"` 1 2 3 4 5 6 7 8 9 0 - = {backspace}\",\"{tab} q w e r t y u i o p [ ] \\\\\",\"{capslock} a s d f g h j k l ; ' {enter}\",\"{shiftleft} z x c v b n m , . \\\/ {shiftright}\",\".com @ {space}\"],\"shift\":[\"` 1 2 3 4 5 6 7 8 9 0 - = {backspace}\",\"{tab} q w e r t y u i o p [ ] \\\\\",\"{capslock} a s d f g h j k l ; ' {enter}\",\"{shiftleft} z x c v b n m , . \\\/ {shiftright}\",\".com @ {space}\"]},\"display\":{\"{escape}\":\"esc\",\"{tab}\":\"tab\",\"{backspace}\":\"backspace\",\"{enter}\":\"< enter\",\"{capslock}\":\"caps\",\"{shiftleft}\":\"shift\",\"{shiftright}\":\"shift\",\"{controlleft}\":\"ctrl\",\"{controlright}\":\"ctrl\",\"{altleft}\":\"alt\",\"{altright}\":\"alt\",\"{metaleft}\":\"cmd\",\"{metaright}\":\"cmd\",\"{space}\":\" \"}};\r\n    var keyboard_is_tester = true;\r\n\t                     var monitoringClickEvent = 'left';\r\n\r\n<\/script>\r\n\r\n<script src=\"\/wp-content\/themes\/generatepress\/tools\/assets\/js\/aim.js?v=9\"><\/script>\r\n\n\n<p><\/p>\n\n<p>Plifortigi vian celon estas simpla metodo por diferencigi vin de la konkurado. \u0108i tiu gvidilo igos vin komenci sur la vojo al majstrado de celado, klarigante kial vi devus akiri cel-akcelilon kaj donante al vi aliron al iuj rimedoj, kiujn vi anka\u016d bezonas dum la procezo.<\/p>\n\n<p>La cel-akcelilo estos helpema al vi, e\u0109 se vi estas pli proksima al komenca nivelo, \u0109i tiu instrukcio estas ideala por vi. Mi diskutos pri la avanta\u011doj de celtrejnistoj kaj pri iuj disvastigitaj miskomprenoj en la loka komunumo.<\/p>\n\n<p>Estas malfacile celi kiel pafisto. Vi devas rapide tiri la ellasilon responde al kontra\u016da movado. Anta\u016d ol uzi viajn kapablojn sur la batalkampo, vi devas praktiki \u0109i tiun kapablon.<\/p>\n<div class=\"wp-block-image\">\n<figure class=\"aligncenter size-full\"><img loading=\"lazy\" decoding=\"async\" width=\"1000\" height=\"500\" src=\"https:\/\/cpstesters.com\/wp-content\/uploads\/2022\/08\/Aim_Trainer.jpg\" alt=\"Celo-Trejnisto\" class=\"wp-image-429\" title=\"\" srcset=\"https:\/\/cpstesters.com\/wp-content\/uploads\/2022\/08\/Aim_Trainer.jpg 1000w, https:\/\/cpstesters.com\/wp-content\/uploads\/2022\/08\/Aim_Trainer-300x150.jpg 300w, https:\/\/cpstesters.com\/wp-content\/uploads\/2022\/08\/Aim_Trainer-768x384.jpg 768w\" sizes=\"auto, (max-width: 1000px) 100vw, 1000px\" \/><figcaption class=\"wp-element-caption\">Celo-Trejnisto<\/figcaption><\/figure>\n<\/div>\n<h2 class=\"wp-block-heading\">Kio estas Gaming Aim?<\/h2>\n\n<p>Por esti pli precizaj, ni provas difini la esprimon &#8220;virtuala celo&#8221;. Ni povas manipuli rimedon por direkti musan retiklon (a\u016d montrilon) al celo uzante virtualan celon. Por diri \u011din alimaniere, \u011di rilatas al nia kapablo kontroli nian ekstercentran, la muson.<\/p>\n\n<p>Subkomponentoj de la virtuala celo devas esti deklaritaj anka\u016d. La fokuso de \u0109i tiu artikolo estos sur celo, videoluda motoro, precipe por komputilaj ludantoj. Jen nia plej lastatempa (V1) difino de la subkomponentoj de virtuala celo.<\/p>\n\n<h2 class=\"wp-block-heading\">Kio estas Aim Training?<\/h2>\n\n<p>Testante onies reagtempon, rapidecon, kaj movi\u011deblon, celtrejnado plibonigas refleksan agon kaj instruas pli kompleksajn ruzpafojn kiel ekzemple pafoj kaj kontra\u016dspurado.<\/p>\n\n<p>Retaj Aim-trejnistoj povas helpi vin komenci vian trejnadon por celi. Aplikoj konataj kiel &#8220;celitaj trejnistoj&#8221; estas faritaj specife por helpi mi-perspektivajn pafludantojn pri majstrado de bazaj pafado, spurado kaj celteknikoj.<\/p>\n\n<h2 class=\"wp-block-heading\">Kio estas Aim Trainers?<\/h2>\n\n<p>Ludantoj povas praktiki sian celon \u011dustatempe kun realismaj agoj kaj bruoj uzante la celtrejniston. Informoj povas esti prilaboritaj pli rapide en la kortekso ol la menso povas konscie registri. La plej grava aspekto de videoludo estas celi \u0109ar \u011di determinas kiom bone vi povas rezulti. Vi anka\u016d povas kontroli la <a href=\"https:\/\/www.youtube.com\/watch?v=ZKdrh7qZ4wg\" target=\"_blank\" rel=\"noreferrer noopener\">efikecon de celtrejnistoj<\/a> en \u0109i tiu video.<\/p>\n\n<p>\u011ci donas al ludantoj komandon pri la korpaj kaj kapaj movoj de ilia avataro, kaj \u011di plibonigos vian celon. Vi povas trejni vian menson por esti pli lerta pri rapide frapi celojn uzante celtestiloj. Ili helpas vin alkutimi\u011di al la tempo kaj \u015dablono de pafado same kiel la rapideco kaj movebleco de celo.<\/p>\n\n<h2 class=\"wp-block-heading\">\u0108u Aim Trainers vere helpas?<\/h2>\n\n<p>Uzado de celtrejnisto dum trejnado helpas vin plibonigi viajn movojn, celadon, monitoradon, pafadon (klaktempo) kaj precizecon.<\/p>\n\n<p>Celaj trejnistoj anka\u016d povas helpi vin determini la idealan mussensivecon a\u016d dpi. Celado kaj musomovo estas amba\u016d tre influitaj per \u015dan\u011dado de la agordoj de la muso.<\/p>\n\n<p>Viaj muskoloj komencas reagi al la movoj se vi praktikas celtrejnan ludon dum \u0109irka\u016d unu horo; \u0109i tio estas nomata muskola memoro! Vi lernas kaj disvolvas pli efike kun la helpo de muskola memoro. Via percepto de precizeco kaj movada anta\u016dvido estas plibonigita, kio plibonigas vian ludsperton.<\/p>\n\n<p>Vi povas ludi kun viaj amikoj kiam vi uzas cel-trejniston. Kiam vi sentas rivalecon, vi estas pli motivita plibonigi viajn kapablojn. \u011ci estas unu el la aferoj, kiuj inspiras vin praktiki mem-plibonigon.<\/p>\n\n<p class=\"has-text-align-center has-background has-medium-font-size\" style=\"background-color:#ffb15e\">Anta\u016d ol vi plibonigas vian celon, provu anka\u016d <a href=\"https:\/\/cpstesters.com\/eo\/\" target=\"_blank\" rel=\"noreferrer noopener\">CPS-teston<\/a><\/p>\n\n<h2 class=\"wp-block-heading\">Trejnisto de 3D Celo<\/h2>\n\n<p>\u0108i tiu programo estas alirebla rekte de via labortablo kaj estas sen reklamoj. \u011ci anka\u016d estas alirebla en Android, beta kaj iOS. \u0108iu partoprenanto povas prepari\u011di por konkurencivaj ludoj kun la 3D-cel-trejnisto.<\/p>\n\n<p>Por iuj el la plej popularaj unuapersonaj pafludoj, kiel Call of Duty, Counterstrike GO kaj aliaj, \u0109i tiu programo ofertas plurajn ekzercojn kaj instrukciojn.<\/p>\n\n<p>Aldone, \u011di havas grandan elekton de ludlistoj, kiuj ebligas al \u0109iu ludanto malstre\u0109i\u011di anta\u016d ol okupi\u011di pri konkurenciva situacio. En la plurludanta versio de la 3D celtrejnisto, vi povas konkuri kun aliaj por vidi kiom preciza estas via celpraktikado.<\/p>\n\n<p>Vi povas uzi \u0109i tiun aplika\u0135on por prepari vin por pli bonaj rezultoj \u0109u vi ludas videoludojn en komputilo a\u016d po\u015dtelefono.<\/p>\n\n<h2 class=\"wp-block-heading\">Kial iu rekomendus Aim Training?<\/h2>\n\n<p>FPS-ludanto povas uzi cel-akcelilon por plibonigi sian celmekanikon, same kiel profesia atleto povus koncentri\u011di pri specifaj muskolgrupoj kaj simpligi sian sporton. Trejni vian celon \u0109iam estas bona ideo. \u0108i tio estos simpla strategio por komenci kaj disvolvi vian celon.<\/p>\n\n<p>Celaj trejnistoj estas konsilitaj en la sekvaj du cirkonstancoj:<\/p>\n\n<ol class=\"wp-block-list\" type=\"1\">\n<li>Vi estas nova al komputilaj unuapersonaj pafistoj.<\/li>\n<\/ol>\n\n<p>Vi devus pasigi signifan tempon ludante vian interesan ludon e\u0109 dum perfektigi viajn celrilatajn kapablojn estas \u015dlosilo \u0109ar vi eble ne havas la aliajn necesajn kapablojn.<\/p>\n\n<p>  2. Kun soleca praktiko, vi volas fari plibonigojn al viaj celoj kun respekto al la ludo, kiun vi ludas.<\/p>\n<div class=\"wp-block-image\">\n<figure class=\"aligncenter size-full\"><img loading=\"lazy\" decoding=\"async\" width=\"1000\" height=\"500\" src=\"https:\/\/cpstesters.com\/wp-content\/uploads\/2022\/08\/aim_mid.jpg\" alt=\"Celo Trejnada Gvidilo\" class=\"wp-image-428\" title=\"\" srcset=\"https:\/\/cpstesters.com\/wp-content\/uploads\/2022\/08\/aim_mid.jpg 1000w, https:\/\/cpstesters.com\/wp-content\/uploads\/2022\/08\/aim_mid-300x150.jpg 300w, https:\/\/cpstesters.com\/wp-content\/uploads\/2022\/08\/aim_mid-768x384.jpg 768w\" sizes=\"auto, (max-width: 1000px) 100vw, 1000px\" \/><figcaption class=\"wp-element-caption\">Celo Trejnada Gvidilo<\/figcaption><\/figure>\n<\/div>\n<h2 class=\"wp-block-heading\">Kio faras la programaron Aim Training &#8220;Bona&#8221;?<\/h2>\n\n<p>Vi ricevos diversajn malfacila\u0135ojn per bona celo-trejnada programaro. Simulado, kiu konstante superpafas vin a\u016d \u0135etas aferojn al vi je superhomaj rapidecoj, povas esti uzata por via avanta\u011do. Vi komencas fidi pli al instinkto kaj malpli al rememoro kiel rezulto. Via cerbo kaj muskoloj estas trejnitaj por reagi sen pensi uzante perfektan FPS-trejniston.<\/p>\n\n<p>Estas avanta\u011de praktiki uzadon de simula\u0135oj, kiuj ver\u015dajne ne \u0109eestas en ludoj kiel Call of Duty (COD) se vi prepari\u011das por ili. Kompare kun aliaj ludoj inkluzive de Destiny a\u016d Overwatch, COD tendencas koncentri\u011di pri &#8220;realismo&#8221;.<\/p>\n\n<h2 class=\"wp-block-heading\">Kiel funkcias Aim Trainer?<\/h2>\n\n<p>Horoj pasigitaj ludantaj unuapersonajn pafludojn ne helpos vin pliboni\u011di \u0109e celado.<\/p>\n\n<ul class=\"wp-block-list\">\n<li>Vi preska\u016d neniam ricevas sufi\u0109e da ekzercado de pafado anta\u016d batalo.<\/li>\n\n\n\n<li>Ne estas \u015danco por vi establi bazon por kapablo-disvolvi\u011do.<\/li>\n<\/ul>\n\n<p>Celo Via pensado, movaj kapabloj kaj celo \u0109iuj pliboni\u011dos en celita atmosfero, kie vi povas izoli \u0109iun celmekanismon por pli efika trejnado.<\/p>\n\n<p>Kion vi povas plenumi en la ludo muelante senlace, vi povas plenumi \u0109i tie en kelkaj horoj.<\/p>\n\n<p>Vi akiras simplan, cel-orientitan trejnan aliron dum disvolvas muskolmemoron, kiu nature kunfandi\u011das al via videoludado, kie solidaj cel-plibonigoj rezultigas ludgajnajn rezultojn.<\/p>\n\n<h2 class=\"wp-block-heading\">Kial vi bezonus Aim Trainer?<\/h2>\n\n<p>Celtrejnado estas kiel la gimnastiksperto. En KovaaK kaj Aim Lab, uzantoj povas izoli specifajn celtipojn same kiel vi povus izoli specifajn muskolojn dum trejna re\u011dimo. Vi ricevas tion, kion vi metas en la plej multajn aferojn en la vivo, kaj kiam vi komence komencas vian voja\u011don, multaj aferoj fari\u011dos ekstreme klaraj al vi.<\/p>\n\n<p>\u0108ar celtrejnisto montros viajn mankojn sendepende de via kapablonivelo, \u011di e\u0109 povus esti terura por iuj homoj.<\/p>\n\n<p>Konforme al la gimnastikana analogio, estas esenca pripensi aferojn kiel trolabori a\u016d ludi \u011dis la profitoj komencas malplii\u011di. Subtrejnado estus analoga al neglektado de malforto, pri kiu vi konscias.<\/p>\n\n<p>Scii, ke \u011di estas en ordo, estas esenca \u0109ar celtrejnisto montros viajn malfortojn. Vi ne povas iri en gimnazion kaj benka gazetaro 450 funtojn unuafoje; vi devas komenci ie. Estas bone se vi devas komenci per 10 funtoj kaj labori kun tiu kvanto dum semajno anta\u016d pliigi la pezon.<\/p>\n\n<h2 class=\"wp-block-heading\">Kiel plibonigi vian FPS-Celon?<\/h2>\n\n<p>En unuapersonaj pafludoj, povas esti alloga nur da\u016dre ludi kaj atendi pliboni\u011di, sed estas tempoj, kiam reiri al la baza\u0135oj estas la plej bona agmaniero.<\/p>\n\n<p>E\u0109 dum vi ne bezonas praktiki \u0109iutage a\u016d preni viajn kapablojn tiel detale kiel la profesiuloj, vi ankora\u016d povas lerni multon de ili. Jen kelkaj konsiletoj por \u011dustigi niajn ludajn agordojn, kelkaj utilaj ekzercoj por fari kaj la ideala ekipa\u0135o por plibonigi nian celtrejnadon.<\/p>\n\n<h3 class=\"wp-block-heading\"><strong>Prenu vian ilaron \u011duste<\/strong><\/h3>\n\n<p>Via muskuseneto kaj muso estas la du plej decidaj ilaroj por preciza celo. Feli\u0109e, la musa sensilsistemo progresis, ebligante a\u0109eti fidindan ron\u011dulon sen elspezi ri\u0109a\u0135on. DPI-kapabloj, grandeco kaj butonaran\u011do estas kelkaj aferoj por ser\u0109i dum a\u0109etado por la plej bona videoludada muso.<\/p>\n\n<p>Akiru la plej grandan muskuselon, kiu ta\u016dgas sur via skribotablo, \u0109ar vi ne volos preni la muson dum interpafado. Komforta mato devus veni poste en la listo. Por movi la muson, ludantoj kiuj uzas tre pli malaltajn DPI-agordojn devas fari multe pli grandajn manajn movojn.<\/p>\n\n<h3 class=\"wp-block-heading\"><strong>Strategioj kaj kompreno de la ludo<\/strong><\/h3>\n\n<p>La du plej popularaj teknikoj por celi estas spurado kaj fulmaj pafoj. Spurado estas kritika trajto por DPS-karakteroj uzantaj a\u016dtomatajn armilojn \u0109ar \u011di inkluzivas teni vian krucilon sur la kontra\u016dulo kaj movi\u011di kun ili.<\/p>\n\n<p>Por unu-pafitaj armiloj inkluzive de ka\u015dpafistoj kaj la McCree de Overwatch, estas uzataj pafoj, kiuj implikas svingi viajn krucojn \u0109e la celo anta\u016d ol reveni al stabila pozicio.<\/p>\n\n<p>Ne gravas kian rolulon vi ludas, celu viajn vidojn tien, kien vi anta\u016dvidas renkonti kontra\u016dulon. Gravas anta\u016dvidi kontra\u016dajn movojn, kaj vi pliboni\u011dos pri tio, kiam vi ludas pli ofte. Vi pli emas maltrafi vian celon se vi devas respondi komence de la batalo.<\/p>\n\n<p>Labori pri via celo en via preferata ludo estas pli bona taktiko. Por monitorado, metu vian krucilon en certa loko anta\u016d ol ekmovi\u011di. Konservu vian krucilon sur certa loko dum movi\u011dado kaj imitante batalstilaj movoj.<\/p>\n\n<h2 class=\"wp-block-heading\">\u0108efaj Avanta\u011doj de Aim Training Software<\/h2>\n\n<p>La avanta\u011doj de dungado de celtrejnistoj estas kiel sekvas:<\/p>\n\n<h3 class=\"wp-block-heading\"><strong>Rapida kaj Efika Analizo<\/strong><\/h3>\n\n<p>Ludantoj povas plibonigi siajn celkapablojn en realtempaj ludoj kun a\u016dtentaj movoj kaj bruoj uzante celtrejniston. La prilaborado de informoj, kiujn nia menso povas aktive percepti, estas regata de kortikala efikeco.<\/p>\n\n<p>Ajna alia unuapersona pafadludo postulas precizan celon, \u0109ar \u0109i tiu estas la \u0109efa kapablo kiu determinas kiom bona ludanto estas. Akiru celtrejniston tuj se vi havas problemojn por celi! La plej efika tekniko por trejni vian cerbon por i\u011di pli lerta pri trafado de celoj estas uzi celajn trejnistojn.<\/p>\n\n<p>Ludanto povas evoluigi muskolmemorrespondon al la komenca pozicio de celo, rapideco, pafadsekvenco (klaktempigo), kaj ritmo kun la uzo de tiuj teknikoj.<\/p>\n\n<h3 class=\"wp-block-heading\"><strong>Iru por En-luda Trejnado<\/strong><\/h3>\n\n<p>En la lastaj jaroj, la uzo de simuladtrejnado plii\u011dis eksponente. Vi devus iri al la trejnaj areoj por intensaj trejnaj sesioj se vi ser\u0109is praktiki viajn celajn teknikojn por ludi konkurencive.<\/p>\n\n<p>Post \u0109io, la eminenteco de via celo tute determinas kiom efika estas via celtrejnado. La principoj de ludo foje povas esti pli bone komprenitaj per enluda trejnado, kaj konsekvenca celtrejnado plibonigas vian fps-celon.<\/p>\n\n<p>Krome, estas konate, ke nia cerbo povas distingi inter falsa pafo kaj reala.<\/p>\n\n<p>Trejnisto de 3D celado plibonigos \u0109iutagajn trejnajn kursojn permesante al vi praktiki viajn pafajn kaj celajn teknikojn en sekura kaj reguligita medio.<\/p>\n\n<h2 class=\"wp-block-heading has-text-align-center\">Oftaj Demandoj<\/h2>\n\n<h3 class=\"wp-block-heading\"><strong>Kio estas Celanta Testo?<\/strong><\/h3>\n\n<p>\u011ci estas interreta lernilo kreita por ludantoj kiuj ludas ludojn kiel Fortnite a\u016d Counterstrike, ekzemple. La ideo malanta\u016d la celtestoj estas simpla: vi povas trejni kun ili por pliigi kaj vian pafadprocenton kaj pafrapidecon.<\/p>\n\n<h3 class=\"wp-block-heading\"><strong>Kiel funkcias Aim Trainers?<\/strong><\/h3>\n\n<p>Uzado de celtrejnisto dum trejnado helpas vin plibonigi viajn movojn, celadon, monitoradon, pafadon (klaktempo) kaj precizecon. Viaj muskoloj komencas reagi al la movadoj post ludado de celtrejna ludo, \u0109i tio estas nomata muskola memoro.<\/p>\n\n<h3 class=\"wp-block-heading\"><strong>Kio okazas kiam ni konstante plenumas virtualan Aim Training?<\/strong><\/h3>\n\n<p>La nerva sistemo estas unu el la \u015dlosilaj sistemoj de niaj korpoj, kiu respondas al virtuala trejnado. La plej utilaj modifoj kaj progresoj, kiujn ni observas en nia celo, inkluzivas cerbajn adaptojn.<\/p>\n\n<h3 class=\"wp-block-heading\"><strong>Kiel mi povas plibonigi mian Celon?<\/strong><\/h3>\n\n<p>\u0108iu kapablo povas esti lernita kaj plibonigita kun konsekvenca ripeto. \u0108i tio anka\u016d estas preciza dum vi provas akrigi vian celon. La nombro da ne\u016dronoj aktivaj en tiuj ligoj, prefere ol la nombro da novaj ne\u016drologiaj ligoj formitaj de \u0109iu nova kapablo, kiun vi lernas, difinos vian gradon de kapablo.<\/p>\n\n<h2 class=\"wp-block-heading\">Konkluda Aim Tester<\/h2>\n\n<p>Dum vi legas \u0109i tiun eseon, vi nun devas havi bazan komprenon pri kiel celtrejnisto helpas vin plibonigi viajn unuapersonajn pafadkapablojn. Kaj \u0109i tio estas perfekta elekto se vi ser\u0109is strategiojn por akrigi vian celon, kiuj estis kaj malfacilaj kaj agrablaj.<\/p>\n\n<p>La tekniko de perfektigi vian fusilon a\u016d pafilon celi plibonigi vian precizecon, stabilecon kaj rapidecon estas konata kiel celtrejnado. Uzado de celtrejnisto faciligas plibonigi vian ludsentecon \u0109ar \u011di plifortigas muskolmemoron kaj instruas vian cerbon. Novulo ofte havos problemojn anta\u016d ol, mendu vian celtrejniston tuj se vi estas preta por iom da kvalita praktiko.<\/p>\n\n<p>Ni Anka\u016d Havas Iuj Aliaj Iloj:<\/p>\n\n<ul class=\"wp-block-list\">\n<li><a href=\"https:\/\/cpstesters.com\/eo\/trenu-klaku-teston\/\" target=\"_blank\" rel=\"noreferrer noopener\">Trenu Klaku Teston<\/a><\/li>\n\n\n\n<li><a href=\"https:\/\/cpstesters.com\/eo\/testo-de-muso\/\" target=\"_blank\" rel=\"noreferrer noopener\">Musa Testo<\/a><\/li>\n\n\n\n<li><a href=\"https:\/\/cpstesters.com\/eo\/testo-de-rulumo-de-muso\/\" target=\"_blank\" rel=\"noreferrer noopener\">Testo de Rulumo de Muso<\/a><\/li>\n\n\n\n<li><a href=\"https:\/\/cpstesters.com\/eo\/musa-indice-kontrolilo\/\" target=\"_blank\" rel=\"noreferrer noopener\">Musa Indice Kontrolilo<\/a><\/li>\n\n\n\n<li><a href=\"https:\/\/cpstesters.com\/eo\/testo-de-latenteco-de-muso\/\" target=\"_blank\" rel=\"noreferrer noopener\">Testo de Latenteco de Muso<\/a><\/li>\n\n\n\n<li><a href=\"https:\/\/cpstesters.com\/eo\/apm-testo\/\" target=\"_blank\" rel=\"noreferrer noopener\">APM Testo<\/a><\/li>\n<\/ul>\n","protected":false},"excerpt":{"rendered":"<p>Aim Trainer estas interreta testilo por helpi vin plibonigi viajn celkapablojn en profesia videoludado, kontrolu \u011din kaj provu gajni kiel eble plej altan! Plifortigi vian &#8230; <\/p>\n<p class=\"read-more-container\"><a title=\"Celo Booster | Plej bona Testilo Por Plibonigi Celon Interrete\" class=\"read-more button\" href=\"https:\/\/cpstesters.com\/eo\/aim-trainer\/#more-2561\" aria-label=\"Read more about Celo Booster | Plej bona Testilo Por Plibonigi Celon Interrete\">Read More<\/a><\/p>\n","protected":false},"author":4,"featured_media":1374,"parent":0,"menu_order":0,"comment_status":"closed","ping_status":"closed","template":"","meta":{"footnotes":""},"class_list":["post-2561","page","type-page","status-publish","has-post-thumbnail"],"_links":{"self":[{"href":"https:\/\/cpstesters.com\/eo\/wp-json\/wp\/v2\/pages\/2561","targetHints":{"allow":["GET"]}}],"collection":[{"href":"https:\/\/cpstesters.com\/eo\/wp-json\/wp\/v2\/pages"}],"about":[{"href":"https:\/\/cpstesters.com\/eo\/wp-json\/wp\/v2\/types\/page"}],"author":[{"embeddable":true,"href":"https:\/\/cpstesters.com\/eo\/wp-json\/wp\/v2\/users\/4"}],"replies":[{"embeddable":true,"href":"https:\/\/cpstesters.com\/eo\/wp-json\/wp\/v2\/comments?post=2561"}],"version-history":[{"count":4,"href":"https:\/\/cpstesters.com\/eo\/wp-json\/wp\/v2\/pages\/2561\/revisions"}],"predecessor-version":[{"id":4117,"href":"https:\/\/cpstesters.com\/eo\/wp-json\/wp\/v2\/pages\/2561\/revisions\/4117"}],"wp:featuredmedia":[{"embeddable":true,"href":"https:\/\/cpstesters.com\/eo\/wp-json\/wp\/v2\/media\/1374"}],"wp:attachment":[{"href":"https:\/\/cpstesters.com\/eo\/wp-json\/wp\/v2\/media?parent=2561"}],"curies":[{"name":"wp","href":"https:\/\/api.w.org\/{rel}","templated":true}]}}