{"id":2558,"date":"2024-07-16T14:47:56","date_gmt":"2024-07-16T14:47:56","guid":{"rendered":"https:\/\/cpstesters.com\/testo-wpm-vortoj-por-minute-tajpaj-tester-enreta\/"},"modified":"2024-09-17T16:33:16","modified_gmt":"2024-09-17T16:33:16","slug":"wpm-test","status":"publish","type":"page","link":"https:\/\/cpstesters.com\/eo\/wpm-test\/","title":{"rendered":"Testo WPM | Vortoj Por Minute Tajpaj Tester Enreta"},"content":{"rendered":"\n<p>La WPM-testo estas evoluigita por taksi viajn vortojn pominute lerton kaj rapidecon. Vi povas praktiki tu\u015dan tajpadon krom tajpaj testoj por plibonigi vian kapablon!<\/p>\n\n\n<style>\r\n\t.word {\r\n  background-color: lightblue;\r\n  color: #212529;\r\n  padding: 0 0.2em;\r\n  border-radius: 0.15em;\r\n}\r\n\r\n.word-active {\r\n  background-color: lightseagreen;\r\n}\r\n\r\n.word-error {\r\n  background-color: lightcoral;\r\n}\r\n\r\n.word-correct {\r\n  background-color: transparent;\r\n  color: #198754;\r\n}\r\n\r\n.word-incorrect {\r\n  background-color: transparent;\r\n  color: #dc3545;\r\n}\r\n\r\n.accordion-button:not(.collapsed) {\r\n  color: #212529;\r\n  background-color: #fff;\r\n  box-shadow: inset 0 -1px 0 rgba(0, 0, 0, 0.125);\r\n}\r\n\t\r\n\t.card-body {\r\n    flex: 1 1 auto;\r\n    padding: 1rem 1rem;\r\n}\r\n\t.card{\r\n\t\tposition: relative;\r\n    display: flex;\r\n    flex-direction: column;\r\n    min-width: 0;\r\n    word-wrap: break-word;\r\n    background-color: #fff;\r\n    background-clip: border-box;\r\n    border: 1px solid rgba(0,0,0,.125);\r\n    border-radius: 0.25rem;\r\n\t}\t\r\n\t\r\n\t.visually-hidden, .visually-hidden-focusable:not(:focus):not(:focus-within) {\r\n    position: absolute!important;\r\n    width: 1px!important;\r\n    height: 1px!important;\r\n    padding: 0!important;\r\n    margin: -1px!important;\r\n    overflow: hidden!important;\r\n    clip: rect(0,0,0,0)!important;\r\n    white-space: nowrap!important;\r\n    border: 0!important;\r\n}\r\n\t\r\n\t.input-group>.form-control, .input-group>.form-select {\r\n    position: relative;\r\n    flex: 1 1 auto;\r\n    width: 1%;\r\n    min-width: 0;\r\n}\r\n\t\r\n\t.input-group {\r\n    position: relative;\r\n    display: flex;\r\n    flex-wrap: wrap;\r\n    align-items: stretch;\r\n    width: 100%;\r\n}\r\n\t.input-group-text {\r\n    display: flex;\r\n    align-items: center;\r\n    padding: 0.375rem 0.75rem;\r\n    font-size: 1rem;\r\n    font-weight: 400;\r\n    line-height: 1.5;\r\n    color: #212529;\r\n    text-align: center;\r\n    white-space: nowrap;\r\n    background-color: #e9ecef;\r\n    border: 1px solid #ced4da;\r\n}\r\n\t\r\n\r\n.btn {\r\n    display: inline-block;\r\n    font-weight: 400;\r\n    line-height: 1.5;\r\n    color: #212529;\r\n    text-align: center;\r\n    text-decoration: none;\r\n    vertical-align: middle;\r\n    cursor: pointer;\r\n    -webkit-user-select: none;\r\n    -moz-user-select: none;\r\n    user-select: none;\r\n    background-color: transparent;\r\n    border: 1px solid transparent;\r\n    padding: 0.375rem 0.75rem;\r\n    font-size: 1rem;\r\n    transition: color .15s ease-in-out,background-color .15s ease-in-out,border-color .15s ease-in-out,box-shadow .15s ease-in-out;\r\n}\r\n\t.btn-success {\r\n    color: #fff !important;\r\n    background-color: #FFB15E !important;\r\n    border-color: #FFB15E !important;\r\n\t\tborder-radius:0px !important;\r\n}\r\n\r\n<\/style>\r\n\r\n      <div class=\"row\">\r\n        <div class=\"offset-md-2 col-md-8\">\r\n          <div class=\"card my-2\">\r\n            <div class=\"card-body\">\r\n              <div id=\"feed-container\" class=\"fs-4\"><\/div>\r\n              <div id=\"feed-spinner\" class=\"text-center\">\r\n                <div class=\"spinner-border\" role=\"status\"><\/div>\r\n              <\/div>\r\n              <div id=\"result-container\" class=\"visually-hidden\">\r\n                <table class=\"table table-borderless m-0\">\r\n                  <tr>\r\n                    <td\r\n                      id=\"result-wpm\"\r\n                      class=\"text-success fs-1 align-middle\"\r\n                      rowspan=\"3\"\r\n                    ><\/td>\r\n                    <th>Accuracy<\/th>\r\n                    <td id=\"result-accuracy\"><\/td>\r\n                    <th>Percentile<\/th>\r\n                    <td id=\"result-percentile\"><\/td>\r\n                  <\/tr>\r\n                  <tr>\r\n                    <th>Correct Keystrokes<\/th>\r\n                    <td id=\"result-correct-keystrokes\"><\/td>\r\n                    <th>Correct words<\/th>\r\n                    <td id=\"result-correct-words\"><\/td>\r\n                  <\/tr>\r\n                  <tr>\r\n                    <th>Wrong Keystrokes<\/th>\r\n                    <td id=\"result-wrong-keystrokes\"><\/td>\r\n                    <th>Wrong words<\/th>\r\n                    <td id=\"result-wrong-words\"><\/td>\r\n                  <\/tr>\r\n                <\/table>\r\n              <\/div>\r\n            <\/div>\r\n          <\/div>\r\n\r\n          <div class=\"input-group mb-5\">\r\n            <input\r\n              id=\"input-typed\"\r\n              type=\"text\"\r\n              class=\"form-control form-control-lg\"\r\n              autofocus\r\n            \/>\r\n            <span id=\"span-timer\" class=\"input-group-text px-4\">01:00<\/span>\r\n            <button\r\n              id=\"button-restart\"\r\n              class=\"btn btn-success px-4\"\r\n              type=\"button\"\r\n            >\r\n              <i class=\"fa fa-repeat\"><\/i>\r\n            <\/button>\r\n          <\/div>\r\n        <\/div>\r\n      <\/div>\r\n      <div class=\"row\">\r\n        <div class=\"offset-md-2 col-md-8\">\r\n\t\t\t<br>\r\n\t\t\t<h4>History<\/h4>\r\n\t\t\t<br>\r\n         \r\n                  <table id=\"table-history\" class=\"table\">\r\n                    <thead>\r\n                      <tr>\r\n                        <th scope=\"col\">WPM<\/th>\r\n                        <th scope=\"col\">Accuracy<\/th>\r\n                        <th scope=\"col\">Percentile<\/th>\r\n                        <th scope=\"col\">Keys<\/th>\r\n                        <th scope=\"col\">Words<\/th>\r\n                        <th scope=\"col\">Time<\/th>\r\n                      <\/tr>\r\n                    <\/thead>\r\n                    <tbody><\/tbody>\r\n                  <\/table>\r\n                \r\n            <\/div>\r\n          <\/div>\r\n  \r\n   \r\n\r\n    <script src=\"https:\/\/ajax.googleapis.com\/ajax\/libs\/jquery\/3.6.0\/jquery.min.js\"><\/script>\r\n    <script src=\"https:\/\/cdnjs.cloudflare.com\/ajax\/libs\/moment.js\/2.29.1\/moment.min.js\"><\/script>\r\n    <script src=\"https:\/\/cpstesters.com\/wp-content\/themes\/generatepress\/tools\/assets\/presentation\/index.js\" type=\"module\"><\/script>\r\n    <script\r\n      src=\"https:\/\/cdn.jsdelivr.net\/npm\/bootstrap@5.0.1\/dist\/js\/bootstrap.bundle.min.js\"\r\n      integrity=\"sha384-gtEjrD\/SeCtmISkJkNUaaKMoLD0\/\/ElJ19smozuHV6z3Iehds+3Ulb9Bn9Plx0x4\"\r\n      crossorigin=\"anonymous\"\r\n    ><\/script>\r\n    <script async defer src=\"https:\/\/buttons.github.io\/buttons.js\"><\/script>\n\n\n\n<p><\/p>\n\n\n\n<h2 class=\"wp-block-heading\">Vortoj por Minuta Testo<\/h2>\n\n\n\n<p>\u011ci eble ne estas tiel facila kiel \u011di \u015dajnas tajpi. Vi ja postulas certajn tajpkapablojn por la rapidtesto. La persono devos kontinue ekzerci. Vi povas plenumi \u0109iutagan WPM-teston por atingi vian tajpan rapidecan celon. \u0108i tiu ekzerco mezuras vian vort-po-minutan eliron.<\/p>\n\n\n\n<p>Vi povas taksi vian nivelon de tajpa lerteco uzante \u0109i tiun interretan testilon de tajpado de WPM. La testo por minuto de Vorto ne nur determinas viajn tajpkapablojn je minuto sed anka\u016d koncentri\u011das pri helpi vin pliboni\u011di pri precizeco. Utiligante la precizecan procenton, vi povas determini kiom da vortoj vi skribis en minuto. La rezulto de la testo estas determinita de du variabloj. la precizeco kaj rapideco de tajpado. Vi devus konscii, ke dividado de longa vorto anka\u016d valoras.<\/p>\n\n\n\n<p>Vi povas elekti el ses malsamaj metodoj de tajpa rapida testado la\u016d viaj bezonoj. Uzu la 1-minutan a\u016d 2-minutan testan motoron por taksi vian tajpan rapidon. Uzu la 10- a\u016d 5-minutan ekzamenon se vi volas praktiki tajpadon.<\/p>\n\n\n\n<h2 class=\"wp-block-heading\">Kial Mi Bezonas Tajpan Rapidan Teston?<\/h2>\n\n\n\n<p>Simple dirite, nia tajpa testo wpm permesas al vi taksi vian tajpa rapidecon kun tempo kaj helpas vin pli bone taksi viajn nunajn kapablojn. \u0108i tio estas necesa pa\u015do por disvolvi vian plenan potencialon kaj determini kiom da tempo dedi\u0109i al \u0109iutagaj tajpaj ekzercoj.<\/p>\n\n\n\n<p>Ekzemple, oni konsilas taksi viajn tajpkapablojn anta\u016d ol \u015dan\u011di al la 10-fingra tajpa metodo kaj komenci vian praktikon. \u0108i tio ebligas al vi poste kompari vian progreson kun la 10-fingro aliro al via anta\u016da tajpa metodo kaj fari pliajn tajptestojn uzante \u0109iujn dek fingrojn.<\/p>\n\n\n<div class=\"wp-block-image\">\n<figure class=\"aligncenter size-full\"><img loading=\"lazy\" decoding=\"async\" width=\"1000\" height=\"500\" src=\"https:\/\/cpstesters.com\/wp-content\/uploads\/2022\/09\/wpm-test_.jpg\" alt=\"WPM Testo\" class=\"wp-image-621\" title=\"\" srcset=\"https:\/\/cpstesters.com\/wp-content\/uploads\/2022\/09\/wpm-test_.jpg 1000w, https:\/\/cpstesters.com\/wp-content\/uploads\/2022\/09\/wpm-test_-300x150.jpg 300w, https:\/\/cpstesters.com\/wp-content\/uploads\/2022\/09\/wpm-test_-768x384.jpg 768w\" sizes=\"auto, (max-width: 1000px) 100vw, 1000px\" \/><figcaption class=\"wp-element-caption\">WPM Testo<\/figcaption><\/figure>\n<\/div>\n\n\n<p>Vi povas uzi la provon de tajpado por minuto por rutine kontroli vian tajpa rapidecon kaj observi kiel vi pliboni\u011dis per \u0109iutaga uzo, se vi jam komfortas kun viaj tajpaj kapabloj kaj ne trejnis dum longa tempo.<\/p>\n\n\n\n<h2 class=\"wp-block-heading\">WPM-Testo Interreta<\/h2>\n\n\n\n<p>Por taksi vian tajpan rapidecon, uzu nian interretan tajpan teston. Por doni al vi rapidan kaj simplan manieron taksi vian tajpan rapidecon, ni kreis \u0109i tiun senpagan tajpan teston. \u011ci povas helpi vin taksi vian evoluon dum vi praktikas tajpadon, donante al vi senton pri kiom bone vi fartas.<\/p>\n\n\n\n<ul class=\"wp-block-list\">\n<li>Uzante \u0109i tiun ilon, vi povas ekscii precize kiom da vortoj vi tajpis en minuto.<\/li>\n\n\n\n<li>Estas bazaj, tradiciaj kaj altnivelaj testoj haveblaj.<\/li>\n\n\n\n<li>La ilo inkluzivas kronometron kun diversaj sekundoj, same kiel vortprecizecon, la nombron da vortoj, kiujn vi tajpis en minuto, kaj la totalan nombron da tajperaroj.<\/li>\n\n\n\n<li>Vi povas elekti malsaman duan da\u016dron, kiel 1,3,5 sekundoj.<\/li>\n\n\n\n<li>Vi devas enigi komencan poentaron en la provizita tekstujo por komenci la teston.<\/li>\n\n\n\n<li>Via tajpa rapideco estos taksita dum vi tajpas.<\/li>\n\n\n\n<li>Kiam la tempigilo eksvalidi\u011das, vi povas vidi la rezultojn. Vi anka\u016d povas dividi \u0109i tiujn rezultojn reklamtestojn kun viaj geamikoj.<\/li>\n<\/ul>\n\n\n\n<p class=\"has-text-align-center has-base-background-color has-background has-medium-font-size\"><em>Vi Povas Kontroli La Klavaron Per <a href=\"https:\/\/cpstesters.com\/eo\/klavaro-testo\/\" target=\"_blank\" rel=\"noreferrer noopener\">Klavara Testo<\/a> Interrete Anta\u016d tajpi Teston!<\/em><\/p>\n\n\n\n<h2 class=\"wp-block-heading\">La Tajpa Komplekseco<\/h2>\n\n\n\n<p>Individua uzanto povas elekti ajnan nivelon de tajpa komplekseco. La uzanto havas senliman aliron kaj estas libera uzebla.<\/p>\n\n\n\n<h3 class=\"wp-block-heading\"><strong>Facila<\/strong><\/h3>\n\n\n\n<p>Elektante \u0109i tiun re\u011dimon helpos komencantojn en ekzercado de vortoj por minuto. \u011ci estas simpla kaj simpla tajpa metodo por novaj uzantoj.<\/p>\n\n\n\n<h3 class=\"wp-block-heading\"><strong>Meza<\/strong><\/h3>\n\n\n\n<p>\u0108i tiu tajpa re\u011dimo estas unu nivelo pli kompleksa ol Facila. \u0108i tiu re\u011dimo estas alirebla por uzantoj, kiuj trapasis la lernadon.<\/p>\n\n\n\n<h3 class=\"wp-block-heading\"><strong>Malfacile<\/strong><\/h3>\n\n\n\n<p>La plej malfacila nivelo por altigi vian tajpan poentaron estas Malmola. Nur por oficiale dungitaj profesiuloj.<\/p>\n\n\n\n<h2 class=\"wp-block-heading\">Kial Gravas Tajpa Rapido?<\/h2>\n\n\n\n<p>Vi povas koncentri\u011di pri via \u0109efa tasko uzante tu\u015dan tajpadon. Vi spertas signifajn gajnojn de produktiveco kiam vi malpli zorgas pri via tajpa rapideco. \u011ci certigas doni rezulton pli bonan kaj de plej alta normo. Via laboro estos multe pli aprezata, kaj vi faros multe malpli da tajpaj eraroj. Vi povus paroli pli klare kaj rapide.<\/p>\n\n\n\n<h2 class=\"wp-block-heading\">Kiel vi povas altgradigi vian Tajpan Rapidon?<\/h2>\n\n\n\n<p>Vi devas pensi pri maniero pliigi vian tajpa rapidecon se vi volas plibonigi vian laborkapablon. Sed kiel vi faras \u011din?<\/p>\n\n\n\n<p>Jen kelkaj efikaj sugestoj por plibonigi vian tajpadon:<\/p>\n\n\n\n<h3 class=\"wp-block-heading\"><strong>\u011custa Tajpaj Metodoj<\/strong><\/h3>\n\n\n\n<p>Vi povas plibonigi vian tajprapidecon uzante ta\u016dgajn tajppraktikojn. La tu\u015d-tajpa metodo, kiu devigas uzantojn enmemorigi la klavojn kaj konservi bonan manpozicion sur sia klavaro, estas rekomendita de pluraj specialistoj.<\/p>\n\n\n\n<h3 class=\"wp-block-heading\"><strong>Elektante la Plej Bonan Klavaron<\/strong><\/h3>\n\n\n\n<p>Por tajpaj taskoj, spertuloj konsilas uzi la plej bonan klavaron. La \u0109efa areo, kie vi devus senti vin komforta, estas \u0109e la klavaro.<\/p>\n\n\n\n<h2 class=\"wp-block-heading\">\u0108u interretaj tajpaj testoj helpas pliigi tajpadon?<\/h2>\n\n\n\n<p>En resumo, ne. Tia programo nur povas mezuri vian tajpan rapidecon. Vi devas ekzerci, se vi volas akceli vian tajpadon. Kompreneble, vi povas praktiki tajpadon per \u0109i tiuj interretaj tajpadaj testoj.<\/p>\n\n\n\n<p>Multaj el vi eble demandas, kial mi bezonus tajpan programon kiam mi jam havas Microsoft Word kaj povas ekzerci. Jes, vi povas ekzerci tajpi per iu ajn tekstprilabora programo. Tamen, mi konsilas uzi nian interretan tajpan testmotoron por ekzerci, \u0109ar \u011di provizas al vi detalan WPM kaj precizecan raporton por helpi vin korekti viajn erarojn.<\/p>\n\n\n<div class=\"wp-block-image\">\n<figure class=\"aligncenter size-full\"><img loading=\"lazy\" decoding=\"async\" width=\"1000\" height=\"500\" src=\"https:\/\/cpstesters.com\/wp-content\/uploads\/2022\/09\/wpm-test_mid-.jpg\" alt=\"Tajpa Testa Gvidilo\" class=\"wp-image-622\" title=\"\" srcset=\"https:\/\/cpstesters.com\/wp-content\/uploads\/2022\/09\/wpm-test_mid-.jpg 1000w, https:\/\/cpstesters.com\/wp-content\/uploads\/2022\/09\/wpm-test_mid--300x150.jpg 300w, https:\/\/cpstesters.com\/wp-content\/uploads\/2022\/09\/wpm-test_mid--768x384.jpg 768w\" sizes=\"auto, (max-width: 1000px) 100vw, 1000px\" \/><figcaption class=\"wp-element-caption\">Tajpa Testa Gvidilo<\/figcaption><\/figure>\n<\/div>\n\n\n<p>E\u0109 dum MS Word anka\u016d ofertas erarraporton, vi devas permane kalkuli \u011din \u0109iufoje kiam vi ekzercas. Kaj \u0109i tio povas igi vin perdi vian tutan intereson en ekzercado.<\/p>\n\n\n\n<p>Metante sian tutan atenton sur rapidecon, preska\u016d \u0109iu studento faras \u0109i tiun kritikan eraron. Estus bonege, se vi nur koncentri\u011du pri tajpado sen eraroj.<\/p>\n\n\n\n<p>Memoru, ke precizeco gravas pli ol rapideco dum tajpado. Ekzemple, se via precizeco estas nur 85% sed via rapideco estas 100 WPM, vi bezonos tre longan tempon por korekti la erarojn. Vi rimarkos, ke via tipa tajpa rapideco signife malplii\u011dos finfine.<\/p>\n\n\n\n<h2 class=\"wp-block-heading\">\u0108u mi regule praktiku Tajpon?<\/h2>\n\n\n\n<p>Ne ekzistas io pli bona ol \u0109iutagaj klasoj pri tajpado, tio estas certe. La \u015dlosilo por disvolvi viajn tajpkapablojn estas praktiko. Vi tajpos pli rapide ju pli ofte vi uzos \u0109i tiun tajpan teston.<\/p>\n\n\n\n<p>Viaj skribkapabloj signife pliboni\u011dos se vi plurfoje praktikas tajpi dum dek minutoj. La WPM-testo estas dizajnita por subteni da\u016drantan edukadon de tajpisto. Ni kontrolas vian evoluon por ke vi povu vidi kiel via tajpa lerteco kaj rapideco pliboni\u011das la\u016dlonge de la tempo. Havi konsekvencan agadon estas esenca por disvolvi lertajn tajpkapablojn.<\/p>\n\n\n\n<h2 class=\"wp-block-heading\">WPM-Provaj Profitoj<\/h2>\n\n\n\n<p>\u0108iu, kiu uzas komputilon, devas scii kiel tajpi. Vi povas facile koncentri\u011di pri via laboro dum vi pli facile tajpas. Via fokuso estas deturnita de via celo kiam vi tajpas malrapide kaj korektas tajperarojn. Eksciu kiom bone vi tajpas helpe de nia altnivela tajpa testo.<\/p>\n\n\n\n<p>Ni provizas al vi \u011disfundajn komentojn post \u0109iu ekzameno. \u011ci havas datumojn pri via rapideco, kie vi malrapidi\u011das kaj la specoj de eraroj, kiujn vi faras. \u0108iuj tiuj specifa\u0135oj estas esencaj por pliigi vian rapidecon.<\/p>\n\n\n\n<p>Vi povas registri\u011di por kontroli vian progreson. Vi povas kontroli progresajn diagramojn kaj konservi viajn tajptestrezultojn. La kapablo afi\u015di mesa\u011dojn kaj respondi ajnajn tajp-rilatajn demandojn en nia forumo estas disponebla por registritaj uzantoj, kiuj trapasis tri a\u016d pli da tajpataj taksoj.<\/p>\n\n\n\n<h2 class=\"wp-block-heading has-text-align-center\">Oftaj Demandoj<\/h2>\n\n\n\n<h3 class=\"wp-block-heading\"><strong>Kiel mi pliigas mian tajpan rapidon?<\/strong><\/h3>\n\n\n\n<p>\u015cajnas, ke ekzistas du manieroj tajpi pli rapide: la plej rapida metodo estas lerni kiel tajpi \u011duste. Ludi la tajpludojn estas dua aliro por pliigi vian tajpadon. Ludi klavarajn agadojn kiel Nitro Type povas plibonigi vian tajpan rapidecon kaj altigi vian takson en vortoj je minuto.<\/p>\n\n\n\n<h3 class=\"wp-block-heading\"><strong>Kio estas la avera\u011da tajpa rapido?<\/strong><\/h3>\n\n\n\n<p>La meza tajpa indico estas 40 vortoj je minuto (wpm). Iru por tajpa rapideco de 65 \u011dis 70 vortoj minuto se vi deziras esti ekstreme produktiva.<\/p>\n\n\n\n<h3 class=\"wp-block-heading\"><strong>Kiel vi praktikas la tajpan teston?<\/strong><\/h3>\n\n\n\n<p>Por pliigi vian tajpan rapidecon, vi eble ali\u011das al la specifitaj teknikoj. Regula klavarpraktiko dum sekvado de apartaj tajpaj reguloj estas sa\u011da elekto.<\/p>\n\n\n\n<h3 class=\"wp-block-heading\"><strong>Kiom bonas 32 WPM?<\/strong><\/h3>\n\n\n\n<p>\u011ci superas 7.13 procentojn de \u0109iuj niaj uzantoj. Kerna forto estas la \u015dlosilo por tu\u015di tajpadon, do ju pli vi tajpas, des pli rapide vi fari\u011das.<\/p>\n\n\n\n<h3 class=\"wp-block-heading\"><strong>\u0108u tajpi je 100 wpm estas bona?<\/strong><\/h3>\n\n\n\n<p>Vi ver\u015dajne estas ludanto, retpirato a\u016d geniulo se vi povas tajpi je 90 vortoj por minuto. \u0108iukaze, vi faras mirindan! 100 wpm a\u016d pli: Vi apartenas al la plej bonaj 1% de tajpistoj!<\/p>\n\n\n\n<h3 class=\"wp-block-heading\"><strong>Kio estas la plej rapida tajpa rapideco kiun iu ajn atingis?<\/strong><\/h3>\n\n\n\n<p>La plej rapida skribma\u015dino en la mondo, la\u016d la Guinness World Records, estas Barbara Blackburn, kiu povas tajpi je alta rapideco de 212 WPM. La plej rapida tajpisto, la\u016d IBM Corp., estas Stella Pajunas Garnand, kiu povas tajpi 216 vortojn en minuto. \u015ci surbendigis tiun kanton en 1946.<\/p>\n\n\n\n<h3 class=\"wp-block-heading\"><strong>Kiel vi tajpas pli rapide?<\/strong><\/h3>\n\n\n\n<p>Vi devas lerni kiel korekte starigi vin, uzi \u0109iujn viajn fingrojn, premi la \u011dustajn klavojn sen rigardi kaj malhelpi erarojn se vi volas skribi pli rapide. Vi gajnos el tajpa trejnado se vi ne lernis iun el \u0109i tiuj kapabloj.<\/p>\n\n\n\n<h3 class=\"wp-block-heading\"><strong>Kiel mi trovas mian wpm?<\/strong><\/h3>\n\n\n\n<p>La testo por minuto de vortoj, a\u016d WPM-testo, estas la plej simpla maniero por taksi rapidecon de tajpado. La &#8220;vorto&#8221; konsistas el 5 signoj avera\u011de. Simple dividu la nombron da vortoj entajpitaj en minuto sen tajperaroj per kvin por determini WPM. Via tajpa rapideco estus 20 WPM, ekzemple, se vi tajpus 100 vortojn je minuto, inkluzive de spacoj.<\/p>\n\n\n\n<p>Iuj Aliaj Klavaraj Iloj:<\/p>\n\n\n\n<ul class=\"wp-block-list\">\n<li><a href=\"https:\/\/cpstesters.com\/eo\/spacebar-counter\/\" target=\"_blank\" rel=\"noreferrer noopener\">Spacbreto Nombrilo<\/a><\/li>\n\n\n\n<li><a href=\"https:\/\/cpstesters.com\/eo\/klavaro-nombrilo\/\" target=\"_blank\" rel=\"noreferrer noopener\">Klavaro Nombrilo<\/a><\/li>\n\n\n\n<li><a href=\"https:\/\/cpstesters.com\/eo\/mac-keyboard-tester\/\" target=\"_blank\" rel=\"noreferrer noopener\">Mac Keyboard Tester<\/a><\/li>\n\n\n\n<li><a href=\"https:\/\/cpstesters.com\/eo\/key-rollover-test\/\">\u015closila Rollover Test<\/a><\/li>\n\n\n\n<li><a href=\"https:\/\/cpstesters.com\/eo\/testo-de-latenteco-de-klavaro\/\" target=\"_blank\" rel=\"noreferrer noopener\">Testo de Latenteco de Klavaro<\/a><\/li>\n\n\n\n<li><a href=\"https:\/\/cpstesters.com\/eo\/mekanika-klavaro-testo\/\" target=\"_blank\" rel=\"noreferrer noopener\">Mekanika Klavaro Testo<\/a><\/li>\n<\/ul>\n","protected":false},"excerpt":{"rendered":"<p>La WPM-testo estas evoluigita por taksi viajn vortojn pominute lerton kaj rapidecon. Vi povas praktiki tu\u015dan tajpadon krom tajpaj testoj por plibonigi vian kapablon! Vortoj &#8230; <\/p>\n<p class=\"read-more-container\"><a title=\"Testo WPM | Vortoj Por Minute Tajpaj Tester Enreta\" class=\"read-more button\" href=\"https:\/\/cpstesters.com\/eo\/wpm-test\/#more-2558\" aria-label=\"Read more about Testo WPM | Vortoj Por Minute Tajpaj Tester Enreta\">Read More<\/a><\/p>\n","protected":false},"author":4,"featured_media":1686,"parent":0,"menu_order":0,"comment_status":"closed","ping_status":"closed","template":"","meta":{"footnotes":""},"class_list":["post-2558","page","type-page","status-publish","has-post-thumbnail"],"_links":{"self":[{"href":"https:\/\/cpstesters.com\/eo\/wp-json\/wp\/v2\/pages\/2558","targetHints":{"allow":["GET"]}}],"collection":[{"href":"https:\/\/cpstesters.com\/eo\/wp-json\/wp\/v2\/pages"}],"about":[{"href":"https:\/\/cpstesters.com\/eo\/wp-json\/wp\/v2\/types\/page"}],"author":[{"embeddable":true,"href":"https:\/\/cpstesters.com\/eo\/wp-json\/wp\/v2\/users\/4"}],"replies":[{"embeddable":true,"href":"https:\/\/cpstesters.com\/eo\/wp-json\/wp\/v2\/comments?post=2558"}],"version-history":[{"count":7,"href":"https:\/\/cpstesters.com\/eo\/wp-json\/wp\/v2\/pages\/2558\/revisions"}],"predecessor-version":[{"id":6293,"href":"https:\/\/cpstesters.com\/eo\/wp-json\/wp\/v2\/pages\/2558\/revisions\/6293"}],"wp:featuredmedia":[{"embeddable":true,"href":"https:\/\/cpstesters.com\/eo\/wp-json\/wp\/v2\/media\/1686"}],"wp:attachment":[{"href":"https:\/\/cpstesters.com\/eo\/wp-json\/wp\/v2\/media?parent=2558"}],"curies":[{"name":"wp","href":"https:\/\/api.w.org\/{rel}","templated":true}]}}