{"id":2553,"date":"2024-07-16T14:19:36","date_gmt":"2024-07-16T14:19:36","guid":{"rendered":"https:\/\/cpstesters.com\/slosila-rollover-testo-n-key-rollover-nkro-tester\/"},"modified":"2024-09-17T14:50:09","modified_gmt":"2024-09-17T14:50:09","slug":"key-rollover-test","status":"publish","type":"page","link":"https:\/\/cpstesters.com\/eo\/key-rollover-test\/","title":{"rendered":"\u015closila Rollover Testo | N-Key Rollover NKRO Tester"},"content":{"rendered":"\n<p>Nia \u015closila Testo helpos vin kontroli kiom da klavoj vi povas registri sur via mekanika klavaro!<\/p>\n<style>\r\n\ttable{\r\n\t\tbackground: #FFB15E;\r\n    color: white;\r\n    text-align: center;\t\r\n\t}\r\n\ttable td{\r\n\t\tfont-size:25px;\t\r\n\t}\r\n<\/style>\r\n\r\n<script type=\"text\/javascript\">\r\nvar keys = [];\r\nvar order = [];\r\n\r\nfunction getkeyname(keycode) {\r\n\tif(keycode >= 65 && keycode <= 90) {\r\n\t\treturn String.fromCharCode(keycode);\r\n\t}\r\n\tif(keycode >= 48 && keycode <= 57) return keycode - 48;\r\n\tif(keycode == 8) return \"&lt;BACKSPACE&gt;\";\r\n\tif(keycode == 9) return \"&lt;TAB&gt;\";\r\n\tif(keycode == 12) return \"&lt;NUM5&gt;\";\r\n\tif(keycode == 13) return \"&lt;ENTER&gt;\";\r\n\tif(keycode == 16) return \"&lt;SHIFT&gt;\";\r\n\tif(keycode == 17) return \"&lt;CTRL&gt;\";\r\n\tif(keycode == 18) return \"&lt;ALT&gt;\";\r\n\tif(keycode == 19) return \"&lt;PAUSE&gt;\";\r\n\tif(keycode == 20) return \"&lt;CAPSLOCK&gt;\";\r\n\tif(keycode == 27) return \"&lt;ESC&gt;\";\r\n\tif(keycode == 32) return \"&lt;SPACE&gt;\";\r\n\tif(keycode == 33) return \"&lt;PAGEUP&gt;\";\r\n\tif(keycode == 34) return \"&lt;PAGEDOWN&gt;\";\r\n\tif(keycode == 35) return \"&lt;END&gt;\";\r\n\tif(keycode == 36) return \"&lt;HOME&gt;\";\r\n\tif(keycode == 37) return \"&lt;LEFTARROW&gt;\";\r\n\tif(keycode == 38) return \"&lt;UPARROW&gt;\";\r\n\tif(keycode == 39) return \"&lt;RIGHTARROW&gt;\";\r\n\tif(keycode == 40) return \"&lt;DOWNARROW&gt;\";\r\n\tif(keycode == 45) return \"&lt;INSERT&gt;\";\r\n\tif(keycode == 46) return \"&lt;DELETE&gt;\";\r\n\tif(keycode == 59) return \";\";\r\n\tif(keycode == 91) return \"&lt;LEFTWINDOWS&gt;\";\r\n\tif(keycode == 92) return \"&lt;RIGHTWINDOWS&gt;\";\r\n\tif(keycode == 93) return \"&lt;MENU&gt;\";\r\n\tif(keycode >= 96 && keycode <= 105) return \"&lt;NUM\" + (keycode - 96) + \"&gt;\";\r\n\tif(keycode == 106) return \"&lt;MULTIPLY&gt;\";\r\n\tif(keycode == 107) return \"&lt;ADD&gt;\";\r\n\tif(keycode == 109) return \"&lt;SUBTRACT&gt;\";\r\n\tif(keycode == 110) return \"&lt;DECIMAL&gt;\";\r\n\tif(keycode == 111) return \"&lt;DIVIDE&gt;\";\r\n\tif(keycode >= 112 && keycode <= 123) return \"&lt;F\" + (keycode - 111) + \"&gt;\";\r\n\tif(keycode == 144) return \"&lt;NUMLOCK&gt;\";\r\n\tif(keycode == 145) return \"&lt;SCROLLLOCK&gt;\";\r\n\tif(keycode == 186) return \"&lt;SEMICOLON&gt;\";\r\n\tif(keycode == 187) return \"&lt;EQUALS&gt;\";\r\n\tif(keycode == 188) return \",\";\r\n\tif(keycode == 189) return \"&lt;DASH&gt;\";\r\n\tif(keycode == 190) return \".\";\r\n\tif(keycode == 191) return \"\/\";\r\n\tif(keycode == 192) return \"&lt;BACKTICK&gt;\";\r\n\tif(keycode == 219) return \"[\";\r\n\tif(keycode == 220) return \"\\\\\";\r\n\tif(keycode == 221) return \"]\";\r\n\tif(keycode == 222) return \"'\";\r\n\treturn \"&lt;\" + keycode + \"&gt;\";\r\n}\r\n\r\n\/\/This prototype is provided by the Mozilla foundation and\r\n\/\/is distributed under the MIT license.\r\n\/\/http:\/\/www.ibiblio.org\/pub\/Linux\/LICENSES\/mit.license\r\nif (!Array.prototype.map)\r\n{\r\n  Array.prototype.map = function(fun \/*, thisp*\/)\r\n  {\r\n    var len = this.length;\r\n    if (typeof fun != \"function\")\r\n      throw new TypeError();\r\n\r\n    var res = new Array(len);\r\n    var thisp = arguments[1];\r\n    for (var i = 0; i < len; i++)\r\n    {\r\n      if (i in this)\r\n        res[i] = fun.call(thisp, this[i], i, this);\r\n    }\r\n\r\n    return res;\r\n  };\r\n}\r\n\r\nfunction update() {\r\n\tdocument.getElementById('disp').innerHTML = order.map(getkeyname).join(\"\");\r\n\tdocument.getElementById('count').innerHTML = order.length;\r\n}\r\n\r\nfunction remove(which) {\r\n\tfor(var i = 0; i < order.length; i++) {\r\n\t\tif(order[i] == which) {\r\n\t\t\torder.splice(i, 1);\r\n\t\t\treturn;\r\n\t\t}\r\n\t}\r\n}\r\n\r\nfunction getkeycode(e) {\r\n\tvar keycode;\r\n\tif (window.event) keycode = window.event.keyCode;\r\n\telse if (e) keycode = e.which;\r\n\treturn keycode;\r\n}\r\n\r\njQuery(\"body\").keyup(function(){\r\n\tc=getkeycode(event); keys[c] = ''; remove(c); update();\r\n});\r\njQuery(\"body\").keydown(function(){\r\n\tc=getkeycode(event); if(keys[c] == c) return \r\nfalse; keys[c] = c; order[order.length] = c; update(); return false;\r\n});\r\n\t\r\n<\/script>\r\n\r\n<p>Directions: Type some keys.<p>\r\n\r\n<table border = 1 width=500>\r\n<tr><td>\r\n<p><br><\/p>\r\n Keys accepted: <span id=\"disp\"><\/span><br>\r\n Count: <span id=\"count\"><\/span><br>\r\n<p><br><\/p>\r\n\r\n<\/td><\/tr><\/table>\n\n<p><\/p>\n\n<div style=\"height:5px\" aria-hidden=\"true\" class=\"wp-block-spacer\"><\/div>\n\n<h2 class=\"wp-block-heading\">Kio Estas \u015closila Roli\u011do?<\/h2>\n\n<p>La nombro da klavoj kiujn klavaro povas registri samtempe estas referita kiel klavotransigo. Kiam la x-\u015dlosila ruli\u011do estas skribita (kie x estas nombro), la x signifas la maksimuman nombron da \u015dlosiloj kiuj povus esti uzataj. Tiel, \u011di estas garantio, ke \u0109iu kombina\u0135o de iu ajn hazarda x-klavoj funkcios kiel celite.<\/p>\n\n<p>Klavaro tute sen limigo estas nomata &#8220;N-klava transdono&#8221;, kio signifas, ke vi eble povas premi \u0109iun klavon samtempe.<\/p>\n\n<h2 class=\"wp-block-heading\">\u015closila Rollover Test<\/h2>\n\n<p>Testo de klavaro estas uzata por kontroli kiom da klavoj klavaro povas registri samtempe. Ekzemple, 6-klava ruli\u011do permesas vin samtempe premi iujn ajn ses klavojn kaj igi ilin \u0109iujn \u011duste registri. Oni devas rimarki, ke ne estas certigo, ke anka\u016d funkcios kombina\u0135oj kun pli ol ses klavoj, tial ne ekzistas supera limo.<\/p>\n\n<p>Kvankam la plimulto de fabrikistoj sekvas la difinitan resumon de \u015dlosila transdono, iuj uzis sufi\u0109e nekutimajn kalkulojn por alveni al pli granda \u015dlosila transdono. Komuna <a href=\"https:\/\/www.tomshardware.com\/reviews\/-n-key-rollover-nkro-definition,5751.html\" target=\"_blank\" rel=\"noreferrer noopener\">klava<\/a> kalkulo estas unu tia alterna kalkula aliro, kiu inkluzivas, ekzemple, la eblajn klavkombinojn por la modifbutonoj (Ctrl, Alt, Shift, ktp.). \u0108i tio evidente ne konvenas al la priskribo.<\/p>\n<div class=\"wp-block-image\">\n<figure class=\"aligncenter size-full\"><img loading=\"lazy\" decoding=\"async\" width=\"1000\" height=\"500\" src=\"https:\/\/cpstesters.com\/wp-content\/uploads\/2022\/09\/Keyboard-Rollover-Test-1.jpg\" alt=\"&#x15C;losila Rollover Test\" class=\"wp-image-626\" title=\"\" srcset=\"https:\/\/cpstesters.com\/wp-content\/uploads\/2022\/09\/Keyboard-Rollover-Test-1.jpg 1000w, https:\/\/cpstesters.com\/wp-content\/uploads\/2022\/09\/Keyboard-Rollover-Test-1-300x150.jpg 300w, https:\/\/cpstesters.com\/wp-content\/uploads\/2022\/09\/Keyboard-Rollover-Test-1-768x384.jpg 768w\" sizes=\"auto, (max-width: 1000px) 100vw, 1000px\" \/><figcaption class=\"wp-element-caption\">\u015closila Rollover Test<\/figcaption><\/figure>\n<\/div>\n<p class=\"has-text-align-center has-base-background-color has-background has-medium-font-size\"><em>Anta\u016d ol Vi Kontrolas \u0108i tion, Vi anka\u016d povas kontroli vian tajpadon per <a href=\"https:\/\/cpstesters.com\/eo\/testo-wpm\/\" target=\"_blank\" rel=\"noreferrer noopener\">Testo de Vortoj Por Minuta<\/a> !<\/em><\/p>\n\n<h2 class=\"wp-block-heading\">Kiel Testi NKRO sur via Klavaro?<\/h2>\n\n<p>Vi povas simple ekzekuti la provon de n-klava transdono a\u016d NKRO-testo uzante tekstprogramon kiel Microsoft Word krom ser\u0109i la postulojn de la fabrikanto por vidi kion n-klava transdono ofertas via klavaro.<\/p>\n\n<p>Komencu samtempe premante du klavojn, notante la klavojn, kiujn vi premas. Poste, iru supren unu klavon kaj kongruu viajn rezultojn al la klavopremoj viditaj sur via ekrano.<\/p>\n\n<p>Certi\u011du, ke NKRO estas \u015daltita se vi anta\u016dvidas NKRO de via klavaro sed ne vidas la \u011dustan nombron da klavopremoj. Sur iuj klavaroj, vi devas premi certan klavkombinon a\u016d aktivigi la programaron de la klavaro por aktivigi la funkcion NKRO.<\/p>\n\n<h2 class=\"wp-block-heading has-text-align-center\">Oftaj Demandoj<\/h2>\n\n<h3 class=\"wp-block-heading\"><strong>Kio estas la ruli\u011do de mia klavaro?<\/strong><\/h3>\n\n<p>Premu la tri, kvar kaj kvin klavojn samtempe por testi la \u015dan\u011dan nombron. La klavaro havas ruli\u011don se tiom da klavoj estas montritaj sur la ekrano samtempe.<\/p>\n\n<h3 class=\"wp-block-heading\"><strong>Kiel mi provas mian ruli\u011dan klavaron?<\/strong><\/h3>\n\n<p>Por kontroli vian \u015dan\u011dan klavaron, provu nian interretan klav-teston. \u011ci estas la plej rapida kaj plej simpla aliro por montri precizajn rezultojn.<\/p>\n\n<h3 class=\"wp-block-heading\"><strong>Kio estas bona klavtransigo?<\/strong><\/h3>\n\n<p>Por tajpado estas 2-klava ruli\u011do konsilita. Ses klavotransigo estas konsilita por videoludado. En ludoj, vi plej ver\u015dajne rapide renkontos \u015dlosilajn kombina\u0135ojn kiuj ne funkcios kaj havos mizeran ludsperton kiel rezulto.<\/p>\n\n<h3 class=\"wp-block-heading\"><strong>\u0108u 6 klava ruli\u011do sufi\u0109as por videoludado?<\/strong><\/h3>\n\n<p>Grandaj videoludaj klavaroj inkluzivas almena\u016d 6-Key Rollover por eviti fantomadon. Multaj ludantoj kaj aliaj, kiuj tajpas rapide, povas uzi la ampleksan samtempan klavpremkapaciton de 6KRO.<\/p>\n\n<h3 class=\"wp-block-heading\"><strong>\u0108u \u0109iuj mekanikaj klavaroj N-klavo \u015dan\u011das?<\/strong><\/h3>\n\n<p>Membranaj klavaroj ne estas bone rekonitaj pro havado de n-klava ruli\u011do pro limigoj en kiel ili estas konstruitaj, dum mekanikaj klavaroj estas.<\/p>\n\n<p>Kontrolu \u0108i tiujn Ilojn Anka\u016d:<\/p>\n\n<ul class=\"wp-block-list\">\n<li><a href=\"https:\/\/cpstesters.com\/eo\/\" target=\"_blank\" rel=\"noreferrer noopener\">Klaku Por Dua Testo<\/a><\/li>\n\n\n\n<li><a href=\"https:\/\/cpstesters.com\/eo\/testo-de-latenteco-de-klavaro\/\" target=\"_blank\" rel=\"noreferrer noopener\">Testo de Latenteco de Klavaro<\/a><\/li>\n\n\n\n<li><a href=\"https:\/\/cpstesters.com\/eo\/spacbreto-nombrilo\/\" target=\"_blank\" rel=\"noreferrer noopener\">Spacbreto Nombrilo<\/a><\/li>\n\n\n\n<li><a href=\"https:\/\/cpstesters.com\/eo\/testo-de-klavaro\/\" target=\"_blank\" rel=\"noreferrer noopener\">Klavaro Testo Interreta<\/a><\/li>\n\n\n\n<li><a href=\"https:\/\/cpstesters.com\/eo\/mac-keyboard-tester\/\" target=\"_blank\" rel=\"noreferrer noopener\">Mac Keyboard Tester<\/a><\/li>\n<\/ul>\n","protected":false},"excerpt":{"rendered":"<p>Nia \u015closila Testo helpos vin kontroli kiom da klavoj vi povas registri sur via mekanika klavaro! Kio Estas \u015closila Roli\u011do? La nombro da klavoj kiujn &#8230; <\/p>\n<p class=\"read-more-container\"><a title=\"\u015closila Rollover Testo | N-Key Rollover NKRO Tester\" class=\"read-more button\" href=\"https:\/\/cpstesters.com\/eo\/key-rollover-test\/#more-2553\" aria-label=\"Read more about \u015closila Rollover Testo | N-Key Rollover NKRO Tester\">Read More<\/a><\/p>\n","protected":false},"author":4,"featured_media":1710,"parent":0,"menu_order":0,"comment_status":"closed","ping_status":"closed","template":"","meta":{"footnotes":""},"class_list":["post-2553","page","type-page","status-publish","has-post-thumbnail"],"_links":{"self":[{"href":"https:\/\/cpstesters.com\/eo\/wp-json\/wp\/v2\/pages\/2553","targetHints":{"allow":["GET"]}}],"collection":[{"href":"https:\/\/cpstesters.com\/eo\/wp-json\/wp\/v2\/pages"}],"about":[{"href":"https:\/\/cpstesters.com\/eo\/wp-json\/wp\/v2\/types\/page"}],"author":[{"embeddable":true,"href":"https:\/\/cpstesters.com\/eo\/wp-json\/wp\/v2\/users\/4"}],"replies":[{"embeddable":true,"href":"https:\/\/cpstesters.com\/eo\/wp-json\/wp\/v2\/comments?post=2553"}],"version-history":[{"count":6,"href":"https:\/\/cpstesters.com\/eo\/wp-json\/wp\/v2\/pages\/2553\/revisions"}],"predecessor-version":[{"id":4229,"href":"https:\/\/cpstesters.com\/eo\/wp-json\/wp\/v2\/pages\/2553\/revisions\/4229"}],"wp:featuredmedia":[{"embeddable":true,"href":"https:\/\/cpstesters.com\/eo\/wp-json\/wp\/v2\/media\/1710"}],"wp:attachment":[{"href":"https:\/\/cpstesters.com\/eo\/wp-json\/wp\/v2\/media?parent=2553"}],"curies":[{"name":"wp","href":"https:\/\/api.w.org\/{rel}","templated":true}]}}