{"id":2435,"date":"2024-07-16T14:22:16","date_gmt":"2024-07-16T14:22:16","guid":{"rendered":"https:\/\/cpstesters.com\/manlibro-klaku-testo-kontrolu-vian-cps-rapidecon\/"},"modified":"2024-09-17T15:17:23","modified_gmt":"2024-09-17T15:17:23","slug":"manlibro-klaku-testo","status":"publish","type":"page","link":"https:\/\/cpstesters.com\/eo\/manlibro-klaku-testo\/","title":{"rendered":"Manlibro Klaku Testo | Kontrolu Vian CPS-Rapidecon"},"content":{"rendered":"\n<p>La Mana Klako-Testo estas klakludo uzata por kalkuli viajn klakojn en la mana tempokadro difinita de vi, Komencu \u011din nun kaj \u011duu!<\/p>\n     \r\n<div class=\"row\">\r\n\t<div class=\"col-md-4\">\r\n\r\n\t\t\r\n\t\t\r\n\t\t<div class=\"side_nav\">\r\n            \r\n            \r\n            <ul class=\"time\">\r\n            <li>\r\n            <span data-time=\"1.00\">1 Second Test<\/span>\r\n            <\/li><li>\r\n           <span data-time=\"2.00\">2 Second Test<\/span>\r\n            <\/li><li>\r\n         <span data-time=\"5.00\">5 Second Test<\/span>\r\n            <\/li><li>\r\n\t\t\t<span data-time=\"10.00\">10 Second Test<\/span>\r\n            <\/li><li>\r\n            <span data-time=\"15.00\">15 Second Test<\/span>\r\n            <\/li>\r\n\t\t\t<li>\r\n            <span data-time=\"30.00\">30 Second Test<\/span>\r\n            <\/li>\r\n\t\t\t\t<li>\r\n            <span data-time=\"60.00\">60 Second Test<\/span>\r\n            <\/li>\r\n\t\t\t\t<li>\r\n            <span data-time=\"100.00\">100 Second Test<\/span>\r\n            <\/li>\r\n\t\t\t\r\n\t\t\t\r\n\t\t\t<\/ul>\r\n            <\/div>\r\n\t\t\r\n\t\t\r\n\t<\/div>\r\n\t<div class=\"col-md-8\">\r\n\t\t<section class=\"section section--full js-section-full section--click\">\r\n               <div class=\"container\">\r\n\t\t\t\t   \r\n\t\t\t\t         <div class=\"setting\">\r\n    <div class=\"theme-mode\"><a class=\"theme-mode__switch js-switch\" href=\"javascript:void(0);\"><\/a>\r\n        <div class=\"theme-mode__text\">Light \/ Dark mode<\/div>\r\n    <\/div>\r\n\t\t\t\t\t\t\t \r\n\t\t<div class=\"manual-form\">\r\n\t\t\t<input id=\"manual_seconds\" type=\"number\" placeholder=\"Seconds\">\r\n\t\t\t<button id=\"start_manual\">Start<\/button>\r\n\t\t\t\t\t\t\t <\/div>\r\n\t\t\t\t\t\t\t \r\n<\/div>\r\n\t\t\t\t   \r\n\t\t\t\t   \r\n                  <div class=\"statistics\">\r\n                     <div class=\"statistics__item statistics__item--timer\">\r\n                        <div class=\"statistics__number\">\r\n                           <span class=\"js-time number_timer\">5.00<\/span>\r\n                           <a class=\"statistics__arrow statistics__arrow--up js-time-up\" href=\"javascript:void(0);\">\r\n                              <svg class=\"icon icon-arrow-up \">\r\n                                 <use xlink:href=\"\/wp-content\/themes\/generatepress\/tools\/assets\/img\/spritesvg.svg#arrow-up\"><\/use>\r\n                              <\/svg>\r\n                           <\/a>\r\n                           <a class=\"statistics__arrow statistics__arrow--down js-time-down\" href=\"javascript:void(0);\">\r\n                              <svg class=\"icon icon-arrow-up \">\r\n                                 <use xlink:href=\"\/wp-content\/themes\/generatepress\/tools\/assets\/img\/spritesvg.svg#arrow-up\"><\/use>\r\n                              <\/svg>\r\n                           <\/a>\r\n                        <\/div>\r\n                        <div class=\"statistics__title\">Timer<\/div>\r\n                     <\/div>\r\n                     <div class=\"statistics__item statistics__item--clicks\">\r\n                        <div class=\"statistics__number number_clicks js-speed\">0.00<\/div>\r\n                        <div class=\"statistics__title\">Clicks \/ s<\/div>\r\n                     <\/div>\r\n                     <div class=\"statistics__item statistics__item--score\">\r\n                        <div class=\"statistics__number number_score js-score\">0<\/div>\r\n                        <div class=\"statistics__title\">Score<\/div>\r\n                     <\/div>\r\n                  <\/div>\r\n                  <div class=\"clicks-zone\">\r\n                     <div class=\"clicks-zone__start js-clicks-start\">\r\n                        <svg class=\"icon icon-click \">\r\n                           <use xlink:href=\"\/wp-content\/themes\/generatepress\/tools\/assets\/img\/spritesvg.svg#click\"><\/use>\r\n                        <\/svg>\r\n                        <div class=\"clicks-zone__start-title\">\u0421lick here to start cps test<\/div>\r\n                     <\/div>\r\n                     <div class=\"clicks-zone__clicks js-clicks\"><\/div>\r\n                     <div class=\"clicks-zone__result result-clicks js-clicks-result\">\r\n                        <div class=\"result-clicks__title rank-wrapper\"><\/div>\r\n                        <div class=\"result-clicks__text\">Your CPS result is <span class=\"speed js-stat-speed\"><\/span> (<span class=\"clicks js-stat-clicks\"><\/span> Clicks in <span class=\"time js-stat-time\"><\/span> Seconds)<\/div>\r\n                        <div class=\"result-clicks__img\"><img><\/div>\r\n                        <a class=\"result-clicks__btn js-try-again\" href=\"javascript:void(0);\">\r\n                           <svg class=\"icon icon-again \">\r\n                              <use xlink:href=\"\/wp-content\/themes\/generatepress\/tools\/assets\/img\/spritesvg.svg#again\"><\/use>\r\n                           <\/svg>\r\n                           Restart\r\n                        <\/a>\r\n                        <div class=\"result-clicks__share\">\r\n                           <div class=\"result-clicks__share-title\">Share your result with friends!<\/div>\r\n                           <div class=\"share-buttons\">\r\n                              <a class=\"share-button facebook\" data-href=\"https:\/\/www.facebook.com\/sharer\/sharer.php?u=https:\/\/cpstesters.com\/\" target=\"_blank\" onclick=\"goclicky(this); return false;\" rel=\"noopener\">Facebook<\/a>\r\n                              <a class=\"share-button twitter\" data-href=\"http:\/\/www.twitter.com\/share?url=https:\/\/cpstesters.com\/&text=[text]\" target=\"_blank\" onclick=\"goclicky(this); return false;\" rel=\"noopener\">Twitter<\/a>\r\n                              <a class=\"share-button whatsapp\" data-href=\"https:\/\/api.whatsapp.com\/send?text=[text]\" target=\"_blank\" onclick=\"goclicky(this); return false;\" rel=\"noopener\">WhatsApp<\/a>\r\n                              <a class=\"share-button reddit\" data-href=\"http:\/\/www.reddit.com\/submit?url=https:\/\/cpstesters.com\/&title=[text]\" target=\"_blank\" onclick=\"goclicky(this); return false;\" rel=\"noopener\">Reddit<\/a>\r\n                           <\/div>\r\n                        <\/div>\r\n                     <\/div>\r\n                  <\/div>\r\n                  <img decoding=\"async\" src=\"\/wp-content\/themes\/generatepress\/tools\/assets\/img\/test_result\/3\/1.png\" style=\"display: none\" alt=\"\" title=\"\">\r\n                  <img decoding=\"async\" src=\"\/wp-content\/themes\/generatepress\/tools\/assets\/img\/test_result\/5\/1.png\" style=\"display: none\" alt=\"\" title=\"\">\r\n                  <img decoding=\"async\" src=\"\/wp-content\/themes\/generatepress\/tools\/assets\/img\/test_result\/1\/1.png\" style=\"display: none\" alt=\"\" title=\"\">\r\n                  <img decoding=\"async\" src=\"\/wp-content\/themes\/generatepress\/tools\/assets\/img\/test_result\/2\/1.png\" style=\"display: none\" alt=\"\" title=\"\">\r\n                  <img decoding=\"async\" src=\"\/wp-content\/themes\/generatepress\/tools\/assets\/img\/test_result\/0\/1.png\" style=\"display: none\" alt=\"\" title=\"\">\r\n                  <img decoding=\"async\" src=\"\/wp-content\/themes\/generatepress\/tools\/assets\/img\/test_result\/6\/1.png\" style=\"display: none\" alt=\"\" title=\"\">\r\n                  <img decoding=\"async\" src=\"\/wp-content\/themes\/generatepress\/tools\/assets\/img\/test_result\/7\/1.png\" style=\"display: none\" alt=\"\" title=\"\">\r\n                  <img decoding=\"async\" src=\"\/wp-content\/themes\/generatepress\/tools\/assets\/img\/test_result\/4\/1.png\" style=\"display: none\" alt=\"\" title=\"\">\r\n                  <script>\r\n                     var test_result = {\"ratings\":{\"min\":0,\"max\":5},\"rating_ranks\":[\"Your Rank is Snail!\",\"Your Rank is Koala!\",\"Your Rank is Turtle!\",\"Your Rank is Panda!\",\"Your Rank is Hare!\",\"Your Rank is Kangaroo!\",\"Your Rank is Panther!\",\"Your Rank is Cheetah!\"],\"cps_scale\":[[0,1],[1,3],[3,5],[5,7],[7,9],[9,10],[10,12],[12,999]],\"files\":{\"3\":[\"\\\/wp-content\\\/themes\\\/generatepress\\\/tools\\\\assets\\\/img\\\/test_result\\\/3\\\/1.png\"],\"5\":[\"\\\/wp-content\\\/themes\\\/generatepress\\\/tools\\\\assets\\\/img\\\/test_result\\\/5\\\/1.png\"],\"1\":[\"\\\/wp-content\\\/themes\\\/generatepress\\\/tools\\\\assets\\\/img\\\/test_result\\\/1\\\/1.png\"],\"2\":[\"\\\/wp-content\\\/themes\\\/generatepress\\\/tools\\\\assets\\\/img\\\/test_result\\\/2\\\/1.png\"],\"0\":[\"\\\/wp-content\\\/themes\\\/generatepress\\\/tools\\\\assets\\\/img\\\/test_result\\\/0\\\/1.png\"],\"6\":[\"\\\/wp-content\\\/themes\\\/generatepress\\\/tools\\\\assets\\\/img\\\/test_result\\\/6\\\/1.png\"],\"7\":[\"\\\/wp-content\\\/themes\\\/generatepress\\\/tools\\\\assets\\\/img\\\/test_result\\\/7\\\/1.png\"],\"4\":[\"\\\/wp-content\\\/themes\\\/generatepress\\\/tools\\\\assets\\\/img\\\/test_result\\\/4\\\/1.png\"]}};\r\n                     var language = {\"code\":\"en\",\"name\":\"English\",\"prefix\":\"\"};\r\n                     var monitoringClickEvent = 'left';\r\n                     var shareTextDefault = 'My Manual Click Test result is {speed} ({clicks} Clicks in {time} Seconds)';\r\n                  <\/script>        \r\n               <\/div>\r\n            <\/section>\r\n\t\t\r\n\t<\/div>\r\n<\/div>\r\n\r\n    <script src=\"\/wp-content\/themes\/generatepress\/tools\/assets\/js\/libs.min.js\"><\/script>\r\n      <script src=\"\/wp-content\/themes\/generatepress\/tools\/assets\/js\/main.min.js?v64\"><\/script>\r\n\n\n<p><\/p>\n\n<p>Uzantoj de la Mana Klaka Testo povas testi sian klakrapidecon sen tempolimigoj. Vi nur bezonas klaki kun la sama rapideco kiel eble plej longe \u0109ar, male al la kutima CPS-testo, \u0109i tiu ne a\u016dtomate fini\u011das post certa tempo. Post kiam la testo estas finita, vi povas permane fini \u011din.<\/p>\n\n<h2 class=\"wp-block-heading\">Manlibro CPS-Testo<\/h2>\n\n<p>Kiam vi volas taksi vian klakan kapablon, \u0109iuj scenaroj kiel establi tempigilon por klakrapida testo estas forigitaj. Estas neeble taksi vian klakan rapidon ene de difinita tempogamo. Tial ni evoluigis sistemon, kiu ebligas al vi testi vian nunan klakan rapidon dum senfina tempo kaj determinas kiom longe vi povas plu klaki kun certa rapideco por sekundo.<\/p>\n\n<p>La Manlibro CPS-testo kalkulas kiom da musklakoj individuo povas plenumi en anta\u016dfiksita nombro da sekundoj. Vi povas kontroli vian klakrapidecon interrete senkoste uzante unu el la multnombraj klakrapidecaj testejoj.<\/p>\n<div class=\"wp-block-image\">\n<figure class=\"aligncenter size-full\"><img loading=\"lazy\" decoding=\"async\" width=\"1000\" height=\"500\" src=\"https:\/\/cpstesters.com\/wp-content\/uploads\/2022\/08\/Manual_Click-Test.jpg\" alt=\"Manlibro Klaku Testo\" class=\"wp-image-315\" title=\"\" srcset=\"https:\/\/cpstesters.com\/wp-content\/uploads\/2022\/08\/Manual_Click-Test.jpg 1000w, https:\/\/cpstesters.com\/wp-content\/uploads\/2022\/08\/Manual_Click-Test-300x150.jpg 300w, https:\/\/cpstesters.com\/wp-content\/uploads\/2022\/08\/Manual_Click-Test-768x384.jpg 768w\" sizes=\"auto, (max-width: 1000px) 100vw, 1000px\" \/><figcaption class=\"wp-element-caption\">Manlibro Klaku Testo<\/figcaption><\/figure>\n<\/div>\n<h2 class=\"wp-block-heading\">Kiel funkcias Mana Klaka Testo?<\/h2>\n\n<p>La enkonstruita klakkalkulilo aldonas klakojn tuj kiam la uzanto komencas ludi. Aldone, tuj kiam la uzanto klakas la markobutonon &#8220;Komenci Ludado&#8221; por la unua sesio, la retronombrado komenci\u011das.<\/p>\n\n<p>La klako-nombrilo kreskas dum pli da klakoj estas faritaj sinsekve. Kiam la asignita tempo pasis, la valoroj por CPM (Klakoj por minuto) kaj CPS (Klakoj por sekundo) estas finfine montritaj. La monitoro, tamen, funkcios nur en la difinita areo. Por akiri la deziratan rezulton, vi simple alklaku la idealan ludejon.<\/p>\n\n<p class=\"has-text-align-center has-base-background-color has-background has-medium-font-size\">Anka\u016d Prenu Kompletan <a href=\"https:\/\/cpstesters.com\/eo\/\" target=\"_blank\" rel=\"noreferrer noopener\">CPS-Teston<\/a> Anta\u016d ol Vi Iri Por Manlibro <\/p>\n\n<h2 class=\"wp-block-heading\">Malsamaj tempoda\u016droj de CPS-Testo<\/h2>\n\n<ul class=\"wp-block-list\">\n<li>3-sekunda testo<\/li>\n\n\n\n<li>4-sekunda testo<\/li>\n\n\n\n<li>5-sekunda testo<\/li>\n\n\n\n<li>10-sekunda testo<\/li>\n\n\n\n<li>15-sekunda testo<\/li>\n\n\n\n<li>30-sekunda testo<\/li>\n\n\n\n<li>60-sekunda testo<\/li>\n\n\n\n<li>100-sekunda testo<\/li>\n<\/ul>\n\n<p>Vi povas elekti ajnan da\u016dron por la klaka testo; se vi estas komencanto, komencu per 3 sekundoj kaj spuru vian evoluon. Skribu vian rekordon por la postaj 10 sekundoj. Tre praktiku por pliboni\u011di pri klakado de ludoj se vi volas klaki pli rapide.<\/p>\n\n<h2 class=\"wp-block-heading\">Karakteriza\u0135oj de Manlibro Klaka Testo<\/h2>\n\n<h3 class=\"wp-block-heading\"><strong>1.<\/strong> <strong>Neniu tempokadro<\/strong><\/h3>\n\n<p>La \u0109efa avanta\u011do de \u0109i tiu strategio estas, ke ne ekzistas tempolimigo. La testo povas esti \u0109esigita iam ajn. Via klakado-rendimento pliboni\u011das pro tio.<\/p>\n\n<h3 class=\"wp-block-heading\"><strong>2.<\/strong> <strong>Defiu vin mem<\/strong><\/h3>\n\n<p>Uzante la manlibroklakan testre\u011dimon de cps, vi eble vidos kiom rapide vi povas klaki. \u011ci testas vian kapablon konservi la rapidecon de klakoj je sekundo dum plilongigita periodo.<\/p>\n\n<h2 class=\"wp-block-heading has-text-align-center\">Oftaj Demandoj<\/h2>\n\n<h3 class=\"wp-block-heading\"><strong>Kiel mi determinas mian klak-po-sekundo (cps) indico?<\/strong><\/h3>\n\n<p>Totalaj klakoj \/ Totala tempo en sekundoj egalas klakojn je sekundo (CPS). Nur sekvu la facilajn instrukciojn por kontroli viajn Klakojn sekundan poentaron. <\/p>\n\n<h3 class=\"wp-block-heading\"><strong>Kio estas la CPS-kurzo de la klako?<\/strong><\/h3>\n\n<p>La CPS signifas klakojn je sekundo avera\u011de. \u011ci servas kiel mezurilo pri kiom rapide vi povas premi muson. La CPS-indico estas la rezulto de la Click-rapideca testo.<\/p>\n\n<h3 class=\"wp-block-heading\"><strong>Kiel mi povas fari manan klakteston?<\/strong><\/h3>\n\n<p>Sub la primara testo, elektu la butonon &#8216;Manlibro-Alklaku Testo&#8217;. Vi nun estas sur la pa\u011do por la Manlibro-Alklako-Testo. Alklaku la verdan butonon por komenci la teston. Kiel vi povas, da\u016dre klaku.<\/p>\n\n<h2 class=\"wp-block-heading\">Finanta Manlibro CPS-Testo<\/h2>\n\n<p>\u011ci estas tute senpaga uzebla kaj unuhalta solvo por mezuri vian musklakan rapidon. Ajna aparato, inkluzive de po\u015dtelefono, komputilo, labortablo, iPad, ktp., povas uzi la platformon. \u011ci anka\u016d estas tre malpeza kaj rapida. La rezultoj anka\u016d estas 100 procentoj precizaj. Tiel, ne ekzistas ebleco de falsa eligo.<\/p>\n\n<p>Ni havas kelkajn aliajn provojn, kiujn vi eble volas kontroli:<\/p>\n\n<ul class=\"wp-block-list\">\n<li><a href=\"https:\/\/cpstesters.com\/eo\/drag-click-test\/\" target=\"_blank\" rel=\"noreferrer noopener\">Trenu Klaku Teston<\/a><\/li>\n\n\n\n<li><a href=\"https:\/\/cpstesters.com\/eo\/double-click-test\/\" target=\"_blank\" rel=\"noreferrer noopener\">Duobla Alklaku Testo<\/a><\/li>\n\n\n\n<li><a href=\"https:\/\/cpstesters.com\/eo\/testo-de-rulumo-de-muso\/\" target=\"_blank\" rel=\"noreferrer noopener\">Testo de Rulumo de Muso<\/a><\/li>\n\n\n\n<li><a href=\"https:\/\/cpstesters.com\/eo\/spacbreto-nombrilo\/\" target=\"_blank\" rel=\"noreferrer noopener\">Spacbreto Nombrilo<\/a><\/li>\n\n\n\n<li><a href=\"https:\/\/cpstesters.com\/eo\/klavaro-testo\/\" target=\"_blank\" rel=\"noreferrer noopener\">Klavaro Testo<\/a><\/li>\n<\/ul>\n","protected":false},"excerpt":{"rendered":"<p>La Mana Klako-Testo estas klakludo uzata por kalkuli viajn klakojn en la mana tempokadro difinita de vi, Komencu \u011din nun kaj \u011duu! Uzantoj de la &#8230; <\/p>\n<p class=\"read-more-container\"><a title=\"Manlibro Klaku Testo | Kontrolu Vian CPS-Rapidecon\" class=\"read-more button\" href=\"https:\/\/cpstesters.com\/eo\/manlibro-klaku-testo\/#more-2435\" aria-label=\"Read more about Manlibro Klaku Testo | Kontrolu Vian CPS-Rapidecon\">Read More<\/a><\/p>\n","protected":false},"author":4,"featured_media":1146,"parent":0,"menu_order":0,"comment_status":"closed","ping_status":"closed","template":"","meta":{"footnotes":""},"class_list":["post-2435","page","type-page","status-publish","has-post-thumbnail"],"_links":{"self":[{"href":"https:\/\/cpstesters.com\/eo\/wp-json\/wp\/v2\/pages\/2435","targetHints":{"allow":["GET"]}}],"collection":[{"href":"https:\/\/cpstesters.com\/eo\/wp-json\/wp\/v2\/pages"}],"about":[{"href":"https:\/\/cpstesters.com\/eo\/wp-json\/wp\/v2\/types\/page"}],"author":[{"embeddable":true,"href":"https:\/\/cpstesters.com\/eo\/wp-json\/wp\/v2\/users\/4"}],"replies":[{"embeddable":true,"href":"https:\/\/cpstesters.com\/eo\/wp-json\/wp\/v2\/comments?post=2435"}],"version-history":[{"count":4,"href":"https:\/\/cpstesters.com\/eo\/wp-json\/wp\/v2\/pages\/2435\/revisions"}],"predecessor-version":[{"id":4286,"href":"https:\/\/cpstesters.com\/eo\/wp-json\/wp\/v2\/pages\/2435\/revisions\/4286"}],"wp:featuredmedia":[{"embeddable":true,"href":"https:\/\/cpstesters.com\/eo\/wp-json\/wp\/v2\/media\/1146"}],"wp:attachment":[{"href":"https:\/\/cpstesters.com\/eo\/wp-json\/wp\/v2\/media?parent=2435"}],"curies":[{"name":"wp","href":"https:\/\/api.w.org\/{rel}","templated":true}]}}