{"id":2302,"date":"2024-07-16T14:30:06","date_gmt":"2024-07-16T14:30:06","guid":{"rendered":"https:\/\/cpstesters.com\/testo-de-rulumo-de-muso-horizontala-flanka-rado-rapideco\/"},"modified":"2024-09-17T15:54:55","modified_gmt":"2024-09-17T15:54:55","slug":"testo-de-rulumo-de-muso","status":"publish","type":"page","link":"https:\/\/cpstesters.com\/eo\/testo-de-rulumo-de-muso\/","title":{"rendered":"Testo de Rulumo de Muso | Horizontala &amp; Flanka Rado-Rapideco"},"content":{"rendered":"\n<p>Mouse Scroll Test estas pa\u011drula testo, kiu helpas la ludantojn kaj uzantojn plibonigi sian rulrapidecon per profesia muso.<\/p>\n<div class=\"click_box\">\r\n\t<div class=\"clk_box\">\r\n\t\t<div class=\"clk_area\" id=\"scrollarea\">\r\n\t\t\t<span id=\"score\"><\/span>\r\n\t\t\t<div id=\"start\">\r\n\t\t\t \t<i class=\"fa\"><\/i><span id=\"start_text\">Scroll here as fast as you can<\/span>\r\n\t\t\t<\/div>\r\n\t\t<\/div>\r\n\t<\/div>\r\n<\/div>\r\n\r\n\r\n<script>\r\n\tconst ready = () => {\r\n    \/****************\r\n     * Configurable *\r\n     ****************\/\r\n\r\n    \/**\r\n     * Constants\r\n     *\/\r\n    const textGrowingMultiplier = 1; \/\/ The higher the value, the larger the text size\r\n    const precision = 1; \/\/ time precision for loop in ms\r\n    const hideMaxValue = false;\r\n\t\tlet test = 0;\r\n\r\n    \/**\r\n     * texts\r\n     *\/\r\n    const textTemplates = {\r\n        getValues: (speed) => {\r\n            const formatedSpeed = Math.round(speed);\r\n            const textSpeed = new Intl.NumberFormat().format(formatedSpeed);\r\n            const plural = speed > 1 ? 's' : '';\r\n            return { textSpeed, plural };\r\n        },\r\n        currentSpeed: (speed) => {\r\n\t\t\t\r\n\t\t\r\n\t\t\t\r\n            const { textSpeed, plural } = textTemplates.getValues(speed);\r\n            return `${textSpeed} pixel${plural} per second`;\r\n        },\r\n        maxSpeed: (speed) => {\r\n\t\t\t\r\n\t\t\r\n\t\t\r\n\t\t\t\r\n            const { textSpeed, plural } = textTemplates.getValues(speed);\r\n            return  `Your best is ${textSpeed} pixel${plural} per second`;\r\n        },\r\n    };\r\n\r\n    \/********************\r\n     * End Configurable *\r\n     ********************\/\r\n\r\n    \/**\r\n     * NodeElements\r\n     *\/\r\n    const $scrollContainer = document.querySelector('#scrollarea');\r\n    const $scrollText = document.querySelector('#score');\r\n    const $scrollTitle = document.querySelector('#start_text');\r\n\r\n    \/**\r\n     * @type {{\r\n     *      maxScrollSpeed: number,\r\n     *      scrollSpeeds: {},\r\n     *      clean: Function\r\n     * }}\r\n     *\/\r\n    const values = {\r\n        scrollSpeeds: {},\r\n        maxScrollSpeed: 0,\r\n        clean: () => {\r\n            const now = Date.now();\r\n            const keys = Object.keys(values.scrollSpeeds);\r\n            for (let i = 0; i < keys.length; i++) {\r\n                const key = keys[i];\r\n                if (parseInt(key) >= (now - 1000)) {\r\n                    return;\r\n                }\r\n                delete values.scrollSpeeds[key];\r\n            }\r\n        },\r\n    };\r\n\r\n    \/**\r\n     * Update the scroll speed values\r\n     * Update texts\r\n     * Save the best score\r\n     * @param {number} scrollSpeed\r\n     *\/\r\n    const updateScrollSpeed = (scrollSpeed) => {\r\n        const now = Date.now();\r\n\r\n        if (scrollSpeed > 0 || !values.scrollSpeeds[now]) {\r\n            values.scrollSpeeds[now] = scrollSpeed;\r\n        }\r\n\t\r\n        let speed = 0;\r\n        for (let i = (now - 1000); i < now; i++) {\r\n            speed += values.scrollSpeeds[i] ?? 0;\r\n\t\t\t\r\n\t\t\t\r\n        }\r\n\t\t\r\n\t\r\n\t\t\r\n\t\t\r\n        if (hideMaxValue && speed === 0) {\r\n\t\t\t\r\n\t\t\t\t\r\n\t\t\t\r\n            $scrollTitle.style.display = 'block';\r\n\t\t\t\r\n\t\t\t\r\n        }\t\r\n\t\t\r\n\t\t\r\n        $scrollText.style.fontSize = `${30 + ((speed \/ 1000) * textGrowingMultiplier)}px`;\r\n        $scrollText.textContent = textTemplates.currentSpeed(speed);\r\n        if (speed > values.maxScrollSpeed) {\r\n            values.maxScrollSpeed = speed;\r\n            $scrollTitle.textContent = textTemplates.maxSpeed(values.maxScrollSpeed);\r\n\t\t\r\n        }else{\r\n\t\t\t\t\r\n\t\t\t\r\n\t\r\n\t\t}\r\n    };\r\n\r\n    \/**\r\n     * Create the interval to update continuously the values when do not scroll\r\n     * @return {number}\r\n     *\/\r\n    const getInterval = () => {\r\n        return setInterval(() => {\r\n            values.clean();\r\n            updateScrollSpeed(0);\r\n        }, precision);\r\n    };\r\n\r\n    let interval = getInterval();\r\n    let timer;\r\n\r\n    const eventListeners = () => {\r\n        const onMouseWheel = (e) => {\r\n            e.preventDefault();\r\n\t\t\t$(\".fa\").addClass(\"fa-check\");\r\n            updateScrollSpeed(e.deltaY);\r\n            if (interval !== null) {\r\n                clearInterval(interval);\r\n            }\r\n            if (timer !== null) {\r\n                clearTimeout(timer);\r\n            }\r\n            if (hideMaxValue) {\r\n                $scrollTitle.style.display = 'none';\r\n            }\r\n            timer = setTimeout(() => {\r\n                interval = getInterval();\r\n            }, precision);\r\n        };\r\n        $scrollContainer.addEventListener('mousewheel', onMouseWheel);\r\n    };\r\n    eventListeners();\r\n\r\n    \/**\r\n     * Set an unlimited interval to always update the scroll value\r\n     *\/\r\n    setInterval(() => {\r\n        updateScrollSpeed(0);\t\t\r\n    }, precision)\r\n};\r\n    document.addEventListener('DOMContentLoaded', ready);\r\n\r\n<\/script>\r\n\n\n<p><\/p>\n\n<p>La Ruluma Testo permesas al uzantoj rapide kaj facile taksi la rulrapidecon kaj funkciecon de sia muso. Do, ni eksciu, kio estas la movada rapidtesto, kial \u011di utilas kaj kiel apliki \u011din.<\/p>\n\n<p>La \u0109efa fokuso de la musrula testo estas taksi la pa\u011drulrapidecon de la uzanto. Testado pri vertikala movo estas rapida kaj facila interrete. La celo de la produkto estas pliigi la rulrapidecon de konsumantoj. Por konkurenciva ludado, neniu alia aparato estas pli grava ol la muso. \u0108i tio povas esti determinita prenante nian rulrapidan teston, kiu mezuras kiom bone via musrado funkcias por movo. Uzantoj devas nur rulumi la muson kiel eble plej rapide. La 100-metra rultesto estas nur unu ekzemplo de rulludo, kiu estas facile havebla.<\/p>\n\n<h2 class=\"wp-block-heading\">Karakteriza\u0135oj de la Musa Volvo-Testo<\/h2>\n\n<p>La tropezo de la Volvlibro-Testo povas esti atribuita al diversaj kialoj kiuj, se prenitaj kune, igas \u011din la pli avanta\u011da elekto:<\/p>\n\n<p>Kompare kun la uzantinterfacoj de aliaj retejoj, \u0109i tiu havas simplan dezajnon, kaj uzantoj povas libere uzi \u011din en ajna momento de la tago a\u016d nokto.<\/p>\n<div class=\"wp-block-image\">\n<figure class=\"aligncenter size-full\"><img loading=\"lazy\" decoding=\"async\" width=\"1000\" height=\"500\" src=\"https:\/\/cpstesters.com\/wp-content\/uploads\/2022\/08\/Mouse_Scroll-Test.jpg\" alt=\"Testo de Rulumo de Muso\" class=\"wp-image-336\" title=\"\" srcset=\"https:\/\/cpstesters.com\/wp-content\/uploads\/2022\/08\/Mouse_Scroll-Test.jpg 1000w, https:\/\/cpstesters.com\/wp-content\/uploads\/2022\/08\/Mouse_Scroll-Test-300x150.jpg 300w, https:\/\/cpstesters.com\/wp-content\/uploads\/2022\/08\/Mouse_Scroll-Test-768x384.jpg 768w\" sizes=\"auto, (max-width: 1000px) 100vw, 1000px\" \/><figcaption class=\"wp-element-caption\">Testo de Rulumo de Muso<\/figcaption><\/figure>\n<\/div>\n<p>Vi povas meti vian rulrapidecon al la testa <a href=\"https:\/\/www.pcmag.com\/encyclopedia\/term\/scroll-mouse\" target=\"_blank\" rel=\"noreferrer noopener\">musrulrulo<\/a> kaj akiri tujajn rezultojn, kiuj estas precizaj kaj prezentitaj en la unuo de pikseloj sekundo. La retejo estas sekura uzebla kaj ne inkluzivas ajnan malware por siaj vizitantoj. Provizas subtenon por diversa elekto de retprovizado.<\/p>\n\n<h2 class=\"wp-block-heading\">Horizontala vs Vertikala Scrolling<\/h2>\n\n<p>Estas du specoj de rulstrategioj kiujn homoj ofte uzas:<\/p>\n\n<ul class=\"wp-block-list\">\n<li>Vertikala Volvo<\/li>\n\n\n\n<li>Horizontala Volvo<\/li>\n<\/ul>\n\n<h3 class=\"wp-block-heading\"><strong>Vertikala Volvo<\/strong><\/h3>\n\n<p>Kun la helpo de rulumbreto, la enhavo de la vido povas ruli\u011di en \u0109iuj direktoj, inkluzive de maldekstre, dekstre, supren kaj malsupren. Uzantoj de retejo povas fari teston de la vertikala movo movante la kursoron supren kaj malsupren la pa\u011don. Uzantoj de retejo, kiu uzas horizontalan rulteston, aliflanke, povas movi sian kursoron maldekstren kaj dekstren tra la pa\u011do.<\/p>\n\n<h3 class=\"wp-block-heading\"><strong>Horizontala Volvo<\/strong><\/h3>\n\n<p>Preska\u016d \u0109iu muso havas rul-radon, kiu povas esti uzata por movi la pa\u011don supren kaj malsupren. Iu altkvalita muso havas horizontalan rulradon krom la norma vertikala, kiu utilas kiam la bezono aperas.<\/p>\n\n<p class=\"has-text-align-center has-base-background-color has-background has-medium-font-size\">Vi Eble Anka\u016d Volas Havi <a href=\"https:\/\/cpstesters.com\/eo\/\" target=\"_blank\" rel=\"noreferrer noopener\">CPS Klaku Teston<\/a><\/p>\n\n<h2 class=\"wp-block-heading\">Kial Ruluma Testo?<\/h2>\n\n<p>\u0108u vi iam serioze pripensis la signifon malanta\u016d la rultesto? Ni rigardu la signifon de la rultesto por momento:<\/p>\n\n<ul class=\"wp-block-list\">\n<li>Uzi la rul-radon sur muso por testi \u011dian funkciecon estas grava \u0109ar la funkcieco de la muso estas decida. Kontrolu \u0109u la muso funkcias normale kaj \u0109u \u011di permesas vin plenumi vian tagon senprobleme. Uzante la rulan teston, uzantoj povas determini \u0109u a\u016d ne la rulrado sur sia muso funkcias \u011duste. Klientoj povas uzi la rulteston por kontroli la funkciojn de la rulrado sur lastatempe a\u0109etita muso sekvante la instrukciojn provizitajn.<\/li>\n<\/ul>\n\n<ul class=\"wp-block-list\">\n<li>Por plibonigi vian celon en rula ludo, rapidigu la movadadon. Junaj ludantoj devas zorgi pri trapaso de la rultesto. \u0108i tiuj ludantoj dedi\u0109as sian tempon, energion kaj fokuson tute al eltrovi manierojn venki kontra\u016d siaj rivaloj. Ludoj kiuj implikas la uzon de ka\u015dpafistoj postulas ludantojn rulumi rapide por celi precize. Sekve, prenante nian teston, ludantoj povos pliigi la rapidecon per kiu ili rulumas.<\/li>\n<\/ul>\n\n<ul class=\"wp-block-list\">\n<li>La rultesto estas bonega metodo por kompari la agadon de malsamaj musoj flanko \u0109e flanko. Eblas trovi similecojn kaj diferencojn inter la diversaj musoj. Pro la multaj malsamaj faktoroj, \u0109iu muso posedas sian propran aron de specialaj kapabloj. Pa\u011drula testo estas io uzebla por kompari plurajn musojn pri <strong>punktoj je colo<\/strong> , piksela rulkapablo kaj aliaj tiaj faktoroj.<\/li>\n<\/ul>\n\n<h2 class=\"wp-block-heading\">Aplikoj de Scroll Test<\/h2>\n\n<p>La rultesto povas esti helpema en diversaj malsamaj kuntekstoj. La sekvanta estas listo de kelkaj el la manieroj kiel tiuj, kiuj laboras en teknologio, povas kaj devas utiligi \u011din:<\/p>\n\n<ul class=\"wp-block-list\">\n<li>Se vi havas multajn langetojn malfermitaj en via retumilo kaj vi volas forigi ilin, vi ne povos fermi \u0109iun klakante la butonon &#8220;x&#8221; apud \u011di individue. Uzantoj anka\u016d havas la eblon uzi la rul-radon situantan sur siaj musoj. Trovu la langeton, kiun vi volas fermi, kaj poste premu la mezan butonon de via muso.<\/li>\n<\/ul>\n\n<ul class=\"wp-block-list\">\n<li>Anstata\u016d dekstre alklaki por malfermi ligilojn en novaj langetoj, vi povas \u015dpari tempon per movo per la muso anstata\u016de. \u0108i tio malfermos ligilojn en novaj langetoj. Simple premante la musan rulbutonon dum la ligo estas elektita, uzantoj povas rapide malfermi la ligon en nova langeto.<\/li>\n<\/ul>\n\n<ul class=\"wp-block-list\">\n<li>La plej fundamenta uzo de muso estas rulumi supren kaj malsupren la pa\u011don, kiun vi vidas. \u011ci estas oportuna ilo, kiu permesas movi la fenestron supren, malsupren, maldekstren a\u016d dekstren.<\/li>\n<\/ul>\n\n<ul class=\"wp-block-list\">\n<li>Por vidi pli da pa\u011do, uzu la rulradon sur via muso kiam vi bezonas vidi pli da \u011di. Vi povas pliigi la pligrandigon de la teksto sur la ekrano ruligante la musradon. Se la skribo estas tro malgranda por komforte legi, \u0109i tiu opcio disponeblas.<\/li>\n<\/ul>\n\n<ul class=\"wp-block-list\">\n<li>Dum ludado, niaj pli junaj ludantoj povas uzi la musan rulbutonon por zomi pli proksime al la ago kaj plibonigi sian celon. \u011ci signife plibonigas la probablecon de ili sukcesi.<\/li>\n<\/ul>\n\n<h2 class=\"wp-block-heading\">Hiper Scrolling<\/h2>\n\n<p>La kapablo rapide movi la montrilon supren kaj malsupren la\u016d la pa\u011do estas nomata &#8220;hiper movo&#8221;, kaj \u011di estas valora kapablo, kiu trovi\u011das \u0109e iuj musoj, precipe ludaj musoj faritaj de Logitech. \u0108i tiu funkcio estas referita per la nomo &#8220;hiper scrolling.&#8221; Kiam la tempo estas de la esenco, havi muson kiu subtenas hiperpa\u011druladon estas nepra postulo.<\/p>\n\n<h2 class=\"wp-block-heading\">Kiel uzi Scroll Tester?<\/h2>\n\n<p>Ne necesas multe da penado uzi la rultestilon. Sekvu \u0109i tiujn instrukciojn por vidi kiom rapide vi povas rulumi:<\/p>\n\n<ul class=\"wp-block-list\">\n<li>Bonvolu da\u016drigi kaj komenci la rulteston \u0109e cpstesters.com<\/li>\n\n\n\n<li>Tuj kiam la retejo \u015dargas, rigardu la rulteston.<\/li>\n\n\n\n<li>Areo por komenci vian rulan ekzamenon estas provizita \u0109i tie. Por da\u016drigi la kvizon, uzu la enigan klavon.<\/li>\n\n\n\n<li>Klaku kaj tenu la diversajn butonojn de via muso unuope malrapide kaj metode. En \u0109i tiu kazo, la maldekstra musbutono estas kie vi volas komenci.<\/li>\n\n\n\n<li>Certi\u011du, ke kiam vi premas butonon, la \u011dusta areo de la muso estas lumigita (a\u016d rulu la radon).<\/li>\n\n\n\n<li>Se la butonoj de la bildo estas \u0109iuj lumigitaj kaj neniuj duplikataj klakoj estas registritaj, via muso funkcias normale. Iuj musoj povas havi pli a\u016d malpli da butonoj ol montrite, kaj ili povas havi malsaman \u011deneralan aspekton.<\/li>\n\n\n\n<li>E\u0109 se la bildo ne aperas \u011duste kiel la muso per kiu vi testas, la testo ankora\u016d funkcios. <\/li>\n\n\n\n<li>Por fari la rulteston, vi bezonas nur aliron al fidinda interreta konekto. Kiam la tempigilo komenci\u011das, rulumu kiel eble plej rapide, por ke vi povu akiri la plej altan poentaron.<\/li>\n\n\n\n<li>Kiam la taksado fini\u011dos, la rezulto estos determinita la\u016d kiom bone vi faris.<\/li>\n<\/ul>\n\n<h2 class=\"wp-block-heading\">Kio estas la ka\u016dzoj, ke la musrado ne ruli\u011das?<\/h2>\n\n<p>Kiam la \u0109efa eniga aparato de la komputilo, la musrado, \u0109esas funkcii, \u011di estas tre frustra. Jen kelkaj eblaj ka\u016dzoj por ke via musrado \u0109esos funkcii:<\/p>\n\n<h3 class=\"wp-block-heading\"><strong>Polvo kaj Derompa\u0135oj<\/strong><\/h3>\n\n<p>Se manko de regula purigado, la rulrado de la muso fine fari\u011dos kovrita de polvo kaj malpura\u0135o pro ripeta uzo. \u0108i tio rezultigas mekanikajn problemojn kun la musrado, kio finfine rezultigas, ke la rado ne funkcias \u011duste.<\/p>\n\n<h3 class=\"wp-block-heading\"><strong>Koncernoj pri Baterio<\/strong><\/h3>\n\n<p>Malalta bateria vivo estas ofta problemo kun sendrataj musoj, kio estas unu el la \u0109efaj kialoj, kial la rula rado sur la muso ne funkcias \u011duste. E\u0109 kiam re\u015dargebla kuirilaro a\u016d USB-kablo estas inkluzivita kun sendrata muso, la aparato \u0109esos funkcii se \u011di ne estas \u015dargita regule.<\/p>\n<div class=\"wp-block-image\">\n<figure class=\"aligncenter size-full\"><img loading=\"lazy\" decoding=\"async\" width=\"1000\" height=\"500\" src=\"https:\/\/cpstesters.com\/wp-content\/uploads\/2022\/08\/Mouse_scroll_mid.jpg\" alt=\"Ruluma Rapida Testa Gvidilo \" class=\"wp-image-337\" title=\"\" srcset=\"https:\/\/cpstesters.com\/wp-content\/uploads\/2022\/08\/Mouse_scroll_mid.jpg 1000w, https:\/\/cpstesters.com\/wp-content\/uploads\/2022\/08\/Mouse_scroll_mid-300x150.jpg 300w, https:\/\/cpstesters.com\/wp-content\/uploads\/2022\/08\/Mouse_scroll_mid-768x384.jpg 768w\" sizes=\"auto, (max-width: 1000px) 100vw, 1000px\" \/><figcaption class=\"wp-element-caption\">Ruluma Rapida Testa Gvidilo <\/figcaption><\/figure>\n<\/div>\n<p>Krom la fundamentaj problemoj menciitaj supre, estas pliaj faktoroj, kiuj eble kulpas pri la neta\u016dga funkciado de la rulrulo de la musrado, kiel koruptaj sistemaj dosieroj, la uzado de la muso kun operaciumo ne kongrua kun \u011di, a\u016d mal\u011dustaj musaj agordoj ene de la agordoj de la operaciumo.<\/p>\n\n<h2 class=\"wp-block-heading\">Kiel ripari \u011din kiam la musrulrulo \u0109esas funkcii?<\/h2>\n\n<p>Imagu, ke vi estas en la dika de via laboro a\u016d via ludo, kiam subite via musrulo \u0109esas respondi. \u0108u \u0109i tio tute ne \u0109agrenas viajn nervojn?<\/p>\n\n<p>La jenaj estas kelkaj eblaj rimedoj, kiujn homoj raportis, ke ili trovas utilajn por solvi la problemon kun musa movo:<\/p>\n\n<h3 class=\"wp-block-heading\"><strong>En\u015daltu la muson reen<\/strong><\/h3>\n\n<p>Simple malkonekti kaj poste rekomenci la muson povas esti \u0109io, kio necesas por reveni al la normala, glata stato. Se la muso da\u016dre estas nefunkciebla, vi eble provu rekonekti \u011din al malsama USB-haveno en la komputilo. Se vi decidas provi \u011din, rekomenci la musajn \u015doforojn povus tre bone solvi la problemon pri ruli\u011danta, kiun vi havas.<\/p>\n\n<h3 class=\"wp-block-heading\"><strong>\u015can\u011du la bateriojn<\/strong><\/h3>\n\n<p>Plia ka\u016dzo de maltrankvilo estas la utiligo de malaltaj baterioj, kiu povas esti solvita per simple \u015dan\u011dado de la koncernaj baterioj. La problemoj ka\u016dzitaj de la malalta baterio de la sendrata muso povas esti spuritaj al la nekutima konduto de la rula rado. Rapida rimedo al \u0109i tiu afero estas anstata\u016digi la bateriojn per fre\u015daj a\u016d konverti ilin al re\u015dargeblaj versioj de la sama tipo.<\/p>\n\n<h3 class=\"wp-block-heading\"><strong>Purigu la muson<\/strong><\/h3>\n\n<p>Purigi la muson povas helpi malhelpi misfunkciojn de muso, \u0109ar ili povas esti ka\u016dzitaj de polvo kaj derompa\u0135oj, kiuj akumuli\u011dis sur la muso kiel rezulto de \u011dia konstanta uzo. Necesas regule purigi la rulradon de muso por certigi, ke \u011di funkcias \u011duste.<\/p>\n\n<h3 class=\"wp-block-heading\"><strong>Ekzamenu la tu\u015dplaton<\/strong><\/h3>\n\n<p>Uzantoj de tekkomputiloj, kiuj havas problemojn kun la musrulrulo, eble volas rigardi la tu\u015dpadron de sia aparato. Eblas difekti la tu\u015dplaton hazarde faligante ion sur \u011di, kiel paneroj a\u016d likva\u0135o. Sekve, se vi malkovras, ke vi estas en \u0109i tiu malfacila situacio, kontrolu vian tu\u015dplaton kaj, se necese, mal\u015daltu \u011din.<\/p>\n\n<h3 class=\"wp-block-heading\"><strong>Kontrolu kiel la musrado estas agordita<\/strong><\/h3>\n\n<p>Kontrolu la agordojn por la musrado se la rulrulrado sur via muso subite \u0109esas respondi, la unua afero, kiun vi devas fari, estas iri al la menuo de sistemaj preferoj kaj kontroli, ke la rulrulrado estas ebligita kaj ke la agordoj por \u011di estas ta\u016dgaj. .<\/p>\n\n<h3 class=\"wp-block-heading\"><strong>\u011cisdatigu mus\u015doforojn<\/strong><\/h3>\n\n<p>\u011cisdatigi la musajn \u015doforojn estas la plej efika maniero solvi la problemon pri la movo de la musrado, do certigu, ke vi faru tion. Simple navigu al la agorda menuo en via komputilo kaj ser\u0109u ke la aparata pelilo instalu a\u016d \u011disdatigu al la plej lasta versio de la muso\u015doforo. Farante tion garantios, ke la rulrulo de la musrado funkcios sen ia singulto.<\/p>\n\n<h2 class=\"wp-block-heading\">Duobla klakado<\/h2>\n\n<p>La amasi\u011do de polvo ene de la muso estas ofte kulpa kiam \u011di komencas duoble klaki. La butonoj de via muso povas esti purigitaj de polvo uzante premitan gason por blovi sub kaj \u0109irka\u016d ili.<\/p>\n\n<p>Misa muso estas alia tipa kialo por duobla klakado. Eblas, ke la logika tabulo de via muso estas rompita, igante \u011din erari unu klakon kun du. Se tio estas la kazo, vi devos a\u016d ripari vian muson a\u016d anstata\u016digi \u011din.<\/p>\n\n<h2 class=\"wp-block-heading\">Kial Muso sin movas?<\/h2>\n\n<p>La bona nova\u0135o estas, ke vizitantoj kiel vi ofte raportas problemojn kun sia muso movi\u011danta memstare. Ebla riparo por muso, kiu movi\u011das memstare, estas detala sube.<\/p>\n\n<ul class=\"wp-block-list\">\n<li>Programaro de mus\u015doforo estas malnovi\u011dinta. \u0108u via muso agas, kontrolu \u0109u \u011di havas malmodernajn \u015doforojn. \u011cisdataj mus\u015doforoj povas esti lokalizitaj vizitante la retejon de la musproduktanto a\u016d uzante a\u016dtomatigitan \u015doforan lokalizan ilon.<\/li>\n<\/ul>\n\n<ul class=\"wp-block-list\">\n<li>La optika sensilo de la muso estas malpura. Malpura mussensilo estas alia ofta kialo de neintencita movo de muso. Eblas, ke polvo ku\u015di\u011dis sur la sensilo kun la tempo, a\u016d ke devaga hararo parte a\u016d plene kovras \u011din, ka\u016dzante \u011din malfunkcii. Vi povas kontroli la internan funkciadon de via muso renversante \u011din. Se la sensilo de via muso estas malpura, provu blovi sur \u011din a\u016d purigi \u011din per kunpremita aero.<\/li>\n<\/ul>\n\n<h2 class=\"wp-block-heading has-text-align-center\">Oftaj Demandoj<\/h2>\n\n<h3 class=\"wp-block-heading\"><strong>Kiel mi povas testi mian musrulrulon?<\/strong><\/h3>\n\n<p>Provu \u0109iun musbutonon por vidi \u0109u la responda unu sur la musdiagramo lumas. Metu la montrilon super la musikono, kaj uzu la rulradon de la muso por movi supren kaj malsupren la pa\u011don. Vidu \u0109u anka\u016d la direktaj sagoj en la diagramo estas lumigitaj.<\/p>\n\n<h3 class=\"wp-block-heading\"><strong>Kiel rulumi klakon?<\/strong><\/h3>\n\n<p>La meza butono estas norma \u0109e multaj musoj kaj tu\u015dpadoj. Se via muso havas rulan radon, vi kutime povas uzi centran klakon alklakante rekte sur la rado. Premado de la maldekstra kaj dekstra musbutonoj samtempe simulas mezan klakon se via muso ne havas dedi\u0109itan mezan butonon.<\/p>\n\n<h3 class=\"wp-block-heading\"><strong>Kiel mi riparas mian fu\u015dan musrulvolva\u0135on?<\/strong><\/h3>\n\n<p>Rekomenci la sistemon, vi\u015di la partojn de la muso, \u011disdatigi a\u016d \u015dar\u011di la bateriojn de la muso kaj kontroli la lar\u011dbendan komunikadon a\u016d USB-havenon estas \u0109iuj bonaj unuaj pa\u015doj por fari kiam oni solvas problemojn pri saltanta musa rulrado. Anka\u016d, se viaj \u015doforoj estas malnovaj a\u016d rompitaj, \u011disdatigi ilin devus ripari la problemon.<\/p>\n\n<h3 class=\"wp-block-heading\"><strong>Kiel mi provas mian musan horizontalan rullibron?<\/strong><\/h3>\n\n<p>Movu la musradon maldekstren kaj dekstren. La muso funkcias \u011duste se la pa\u011do ruli\u011das maldekstren kaj dekstren kiam la rado turni\u011das maldekstren kaj dekstren. En programoj kiuj ne permesas horizontalan movadon, svingi la pa\u011don maldekstren kaj dekstren per la klini\u011da rado nenion faros.<\/p>\n\n<h2 class=\"wp-block-heading\">Konkludo pri Scroll Wheel Test<\/h2>\n\n<p>Vi povas provi viajn rulkapablojn kaj akiri iom da praktiko uzante retejon desegnitan specife por tiu celo. Se la enhavo de pa\u011do etendi\u011das preter la videbla areo de via komputila ekrano, vi povas vidi \u011din &#8220;molante&#8221; la pa\u011don malsupren. \u011ci anka\u016d havas plurajn avanta\u011dojn. Vi povos gajni pli da poentoj kiel rezulto, kio finfine kondukos al vi gajni la ludon. Vi devas fari plian laboron \u0109iutage se vi volas plibonigi vian klakrapidecon.<\/p>\n\n<p>Kelkaj Testoj, kiujn vi povus \u015dati:<\/p>\n\n<ul class=\"wp-block-list\">\n<li><a href=\"https:\/\/cpstesters.com\/eo\/manlibro-klaku-testo\/\" target=\"_blank\" rel=\"noreferrer noopener\">Manlibro Klaku Testo<\/a><\/li>\n\n\n\n<li><a href=\"https:\/\/cpstesters.com\/eo\/drag-click-test\/\" target=\"_blank\" rel=\"noreferrer noopener\">Trenu Klaku Teston<\/a><\/li>\n\n\n\n<li><a href=\"https:\/\/cpstesters.com\/eo\/testo-de-muso\/\" target=\"_blank\" rel=\"noreferrer noopener\">Musa Testo<\/a><\/li>\n\n\n\n<li><a href=\"https:\/\/cpstesters.com\/eo\/testo-de-latenteco-de-muso\/\" target=\"_blank\" rel=\"noreferrer noopener\">Testo de Latenteco de Muso<\/a><\/li>\n\n\n\n<li><a href=\"https:\/\/cpstesters.com\/eo\/aim-trainer\/\" target=\"_blank\" rel=\"noreferrer noopener\">Celo-Trejnisto<\/a><\/li>\n<\/ul>\n","protected":false},"excerpt":{"rendered":"<p>Mouse Scroll Test estas pa\u011drula testo, kiu helpas la ludantojn kaj uzantojn plibonigi sian rulrapidecon per profesia muso. La Ruluma Testo permesas al uzantoj rapide &#8230; <\/p>\n<p class=\"read-more-container\"><a title=\"Testo de Rulumo de Muso | Horizontala &amp; Flanka Rado-Rapideco\" class=\"read-more button\" href=\"https:\/\/cpstesters.com\/eo\/testo-de-rulumo-de-muso\/#more-2302\" aria-label=\"Read more about Testo de Rulumo de Muso | Horizontala &amp; Flanka Rado-Rapideco\">Read More<\/a><\/p>\n","protected":false},"author":4,"featured_media":1194,"parent":0,"menu_order":0,"comment_status":"closed","ping_status":"closed","template":"","meta":{"footnotes":""},"class_list":["post-2302","page","type-page","status-publish","has-post-thumbnail"],"_links":{"self":[{"href":"https:\/\/cpstesters.com\/eo\/wp-json\/wp\/v2\/pages\/2302","targetHints":{"allow":["GET"]}}],"collection":[{"href":"https:\/\/cpstesters.com\/eo\/wp-json\/wp\/v2\/pages"}],"about":[{"href":"https:\/\/cpstesters.com\/eo\/wp-json\/wp\/v2\/types\/page"}],"author":[{"embeddable":true,"href":"https:\/\/cpstesters.com\/eo\/wp-json\/wp\/v2\/users\/4"}],"replies":[{"embeddable":true,"href":"https:\/\/cpstesters.com\/eo\/wp-json\/wp\/v2\/comments?post=2302"}],"version-history":[{"count":4,"href":"https:\/\/cpstesters.com\/eo\/wp-json\/wp\/v2\/pages\/2302\/revisions"}],"predecessor-version":[{"id":4339,"href":"https:\/\/cpstesters.com\/eo\/wp-json\/wp\/v2\/pages\/2302\/revisions\/4339"}],"wp:featuredmedia":[{"embeddable":true,"href":"https:\/\/cpstesters.com\/eo\/wp-json\/wp\/v2\/media\/1194"}],"wp:attachment":[{"href":"https:\/\/cpstesters.com\/eo\/wp-json\/wp\/v2\/media?parent=2302"}],"curies":[{"name":"wp","href":"https:\/\/api.w.org\/{rel}","templated":true}]}}