{"id":2280,"date":"2024-07-16T14:04:01","date_gmt":"2024-07-16T14:04:01","guid":{"rendered":"https:\/\/cpstesters.com\/privateca-politiko\/"},"modified":"2024-09-17T16:02:29","modified_gmt":"2024-09-17T16:02:29","slug":"privateca-politiko","status":"publish","type":"page","link":"https:\/\/cpstesters.com\/eo\/privateca-politiko\/","title":{"rendered":"Privateca Politiko"},"content":{"rendered":"\n<p><\/p>\n\n\n\n<p>\u0108i tiu Privateca Politiko priskribas Niajn politikojn kaj procedurojn pri la kolekto, uzo kaj malka\u015do de Viaj informoj kiam Vi uzas la Servon kaj rakontas al Vi pri Viaj privatecaj rajtoj kaj kiel la le\u011do protektas Vin.<\/p>\n\n\n\n<p>Ni uzas Viajn Personajn datumojn por provizi kaj plibonigi la Servon. Uzante la Servon, Vi konsentas pri la kolekto kaj uzo de informoj konforme al \u0109i tiu Privateca Politiko. \u0108i tiu Privateca Politiko estis kreita kun la helpo de la&nbsp;&nbsp;<a href=\"https:\/\/translate.google.com\/website?sl=en&amp;tl=eo&amp;hl=en&amp;client=webapp&amp;u=https:\/\/www.termsfeed.com\/privacy-policy-generator\/\" target=\"_blank\" rel=\"noreferrer noopener\">Privateca Politiko Generatoro<\/a>&nbsp;.<\/p>\n\n\n\n<h2 class=\"wp-block-heading\">Interpreto kaj Difinoj<\/h2>\n\n\n\n<h3 class=\"wp-block-heading\">Interpreto<\/h3>\n\n\n\n<p>La vortoj, kies komenca litero estas majuskla, havas signifojn difinitajn sub la sekvaj kondi\u0109oj. La sekvaj difinoj havu la saman signifon sendepende de \u0109u ili aperas singulare a\u016d plurale.<\/p>\n\n\n\n<h3 class=\"wp-block-heading\">Difinoj<\/h3>\n\n\n\n<p>Por la celoj de \u0109i tiu Privateca Politiko:<\/p>\n\n\n\n<ul class=\"wp-block-list\">\n<li><strong>Konto<\/strong>&nbsp;&nbsp;signifas unikan konton kreitan por ke Vi aliru nian Servon a\u016d partojn de nia Servo.<\/li>\n\n\n\n<li><strong>Filio<\/strong>&nbsp;&nbsp;signifas unuon kiu kontrolas, estas kontrolita de a\u016d estas sub ofta kontrolo kun partio, kie &#8220;kontrolo&#8221; signifas proprieton de 50% a\u016d pli de la akcioj, akciintereso a\u016d aliaj valorpaperoj rajtigitaj vo\u0109doni por elekto de direktoroj a\u016d alia administra a\u016dtoritato. .<\/li>\n\n\n\n<li><strong>Firmao<\/strong>&nbsp;&nbsp;(referita kiel a\u016d &#8220;la Kompanio&#8221;, &#8220;Ni&#8221;, &#8220;Ni&#8221; a\u016d &#8220;Nia&#8221; en \u0109i tiu Interkonsento) rilatas al cps-testiloj.<\/li>\n\n\n\n<li><strong>Kuketoj<\/strong>&nbsp;&nbsp;estas malgrandaj dosieroj, kiuj estas metitaj sur Via komputilo, po\u015dtelefono a\u016d ajna alia aparato de retejo, enhavantaj la detalojn de Via foliumhistorio en tiu retejo inter \u011diaj multaj uzoj.<\/li>\n\n\n\n<li><strong>Lando<\/strong>&nbsp;&nbsp;rilatas al: Karnatako, Hindio<\/li>\n\n\n\n<li><strong>Aparato<\/strong>&nbsp;&nbsp;signifas ajnan aparaton kiu povas aliri la Servon kiel komputilo, po\u015dtelefono a\u016d cifereca tablojdo.<\/li>\n\n\n\n<li><strong>Personaj Datumoj<\/strong>&nbsp;&nbsp;estas ajnaj informoj, kiuj rilatas al identigita a\u016d identigebla individuo.<\/li>\n\n\n\n<li><strong>Servo<\/strong>&nbsp;&nbsp;rilatas al la Retejo.<\/li>\n\n\n\n<li><strong>Servoprovizanto<\/strong>&nbsp;&nbsp;signifas ajnan naturan a\u016d juran personon, kiu prilaboras la datumojn nome de la Kompanio. \u011ci rilatas al triaj kompanioj a\u016d individuoj dungitaj de la Kompanio por faciligi la Servon, por provizi la Servon nome de la Kompanio, por plenumi servojn rilatajn al la Servo a\u016d por helpi la Kompanion analizi kiel la Servo estas uzata.<\/li>\n\n\n\n<li><strong>Uzado-Datumoj<\/strong>&nbsp;&nbsp;rilatas al datumoj kolektitaj a\u016dtomate, a\u016d generitaj per la uzo de la Servo a\u016d de la Serva infrastrukturo mem (ekzemple, la da\u016dro de pa\u011da vizito).<\/li>\n\n\n\n<li><strong>Retejo<\/strong>&nbsp;&nbsp;rilatas al cps-testiloj, alireblaj de&nbsp;&nbsp;<a href=\"https:\/\/cpstesters-com.translate.goog\/?_x_tr_sl=en&amp;_x_tr_tl=eo&amp;_x_tr_hl=en&amp;_x_tr_pto=wapp\" target=\"_blank\" rel=\"noreferrer noopener\">https:\/\/cpstesters.com\/<\/a><\/li>\n\n\n\n<li><strong>Vi<\/strong>&nbsp;&nbsp;signifas la individuon alirantan a\u016d uzas la Servon, a\u016d la firmaon, a\u016d alian juran enton nome de kiu tia individuo aliras a\u016d uzas la Servon, la\u016deble.<\/li>\n<\/ul>\n\n\n\n<h2 class=\"wp-block-heading\">Kolektado kaj Uzado de Viaj Personaj Datumoj<\/h2>\n\n\n\n<h3 class=\"wp-block-heading\">Tipoj de Datumoj Kolektitaj<\/h3>\n\n\n\n<h4 class=\"wp-block-heading\">Personaj Datumoj<\/h4>\n\n\n\n<p>Dum uzado de Nia Servo, Ni povas peti Vin provizi al Ni certajn persone identigeblajn informojn, kiuj povas esti uzataj por kontakti a\u016d identigi Vin. Persone identigeblaj informoj povas inkluzivi, sed ne estas limigitaj al:<\/p>\n\n\n\n<ul class=\"wp-block-list\">\n<li>Uzado-Datumoj<\/li>\n<\/ul>\n\n\n\n<h4 class=\"wp-block-heading\">Uzado-Datumoj<\/h4>\n\n\n\n<p>Uzado-Datumoj estas kolektitaj a\u016dtomate kiam vi uzas la Servon.<\/p>\n\n\n\n<p>Uzado-Datumoj povas inkluzivi informojn kiel la adreso de Interreta Protokolo de Via Aparato (ekz. IP-adreso), retumila tipo, retumila versio, la pa\u011doj de nia Servo kiun Vi vizitas, la tempo kaj dato de Via vizito, la tempo pasigita sur tiuj pa\u011doj, unika aparato. identigiloj kaj aliaj diagnozaj datumoj.<\/p>\n\n\n\n<p>Kiam Vi aliras la Servon per a\u016d per po\u015dtelefono, Ni povas kolekti certajn informojn a\u016dtomate, inkluzive, sed ne limigitaj al, la tipo de po\u015dtelefono kiun Vi uzas, Via po\u015dtelefona unika ID, la IP-adreso de Via po\u015dtelefono, Via po\u015dtelefono. operaciumo, la tipo de movebla Interreta retumilo kiun Vi uzas, unikaj aparato-identigiloj kaj aliaj diagnozaj datumoj.<\/p>\n\n\n\n<p>Ni anka\u016d povas kolekti informojn, kiujn Via retumilo sendas kiam ajn Vi vizitas nian Servon a\u016d kiam Vi aliras la Servon per a\u016d per movebla aparato.<\/p>\n\n\n\n<h4 class=\"wp-block-heading\">Spurado de Teknologioj kaj Kuketoj<\/h4>\n\n\n\n<p>Ni uzas Kuketojn kaj similajn spurajn teknologiojn por spuri la agadon en Nia Servo kaj konservi certajn informojn. Spuraj teknologioj uzataj estas signoj, etikedoj kaj skriptoj por kolekti kaj spuri informojn kaj plibonigi kaj analizi Nian Servon. La teknologioj kiujn ni uzas povas inkluzivi:<\/p>\n\n\n\n<ul class=\"wp-block-list\">\n<li><strong>Kuketoj a\u016d Retumilo Kuketoj.<\/strong>&nbsp;&nbsp;Kuketo estas malgranda dosiero metita sur Via Aparato. Vi povas ordoni al Via retumilo rifuzi \u0109iujn Kuketojn a\u016d indiki kiam Kuketo estas sendita. Tamen, se Vi ne akceptas Kuketojn, Vi eble ne povos uzi iujn partojn de nia Servo. Krom se vi al\u011dustigis Vian retumilon por ke \u011di rifuzos Kuketojn, nia Servo povas uzi Kuketojn.<\/li>\n\n\n\n<li><strong>Retaj Signoj.<\/strong>&nbsp;&nbsp;Iuj sekcioj de nia Servo kaj niaj retpo\u015dtoj povas enhavi malgrandajn elektronikajn dosierojn konatajn kiel retaj signoj (anka\u016d nomataj klaraj gifoj, pikselaj etikedoj kaj unupikselaj gifoj) kiuj permesas al la Kompanio, ekzemple, nombri uzantojn kiuj vizitis tiujn pa\u011dojn. a\u016d malfermis retpo\u015dton kaj por aliaj rilataj retejo-statistikoj (ekzemple, registri la popularecon de certa sekcio kaj kontroli sistemon kaj servilon integrecon).<\/li>\n<\/ul>\n\n\n\n<p>Kuketoj povas esti &#8220;Konstantaj&#8221; a\u016d &#8220;Sesio-&#8221; Kuketoj. Konstantaj Kuketoj restas en Via persona komputilo a\u016d po\u015dtelefono kiam Vi malkonektas, dum Sesaj Kuketoj estas forigitaj tuj kiam Vi fermas Vian retumilon. Vi povas lerni pli pri kuketoj en&nbsp; la artikolo&nbsp;<a href=\"https:\/\/translate.google.com\/website?sl=en&amp;tl=eo&amp;hl=en&amp;client=webapp&amp;u=https:\/\/www.termsfeed.com\/blog\/cookies\/%23What_Are_Cookies\" target=\"_blank\" rel=\"noreferrer noopener\">de la retejo de TermsFeed<\/a>&nbsp;&nbsp;.<\/p>\n\n\n\n<p>Ni uzas kaj Sesiajn kaj Konstantajn Kuketojn por la celoj prezentitaj sube:<\/p>\n\n\n\n<ul class=\"wp-block-list\">\n<li><strong>Necesaj \/ Esencaj Kuketoj<\/strong>&nbsp;Tipo: Sesiaj Kuketoj Administrita de: NiCelo: \u0108i tiuj Kuketoj estas esencaj por provizi al Vi servojn disponeblajn per la Retejo kaj por ebligi al Vi uzi kelkajn el \u011diaj funkcioj. Ili helpas a\u016dtentikigi uzantojn kaj malhelpi fra\u016ddan uzon de uzantkontoj. Sen \u0109i tiuj Kuketoj, la servoj, kiujn Vi petis, ne povas esti provizitaj, kaj Ni nur uzas \u0109i tiujn Kuketojn por provizi al Vi tiujn servojn.<\/li>\n\n\n\n<li><strong>Kuketoj Politiko \/ Avizo Akcepto Kuketoj<\/strong>&nbsp;Tipo: Konstantaj Kuketoj Administrita de: NiCelo: \u0108i tiuj Kuketoj identigas \u0109u uzantoj akceptis la uzon de kuketoj en la Retejo.<\/li>\n\n\n\n<li><strong>Funkciaj Kuketoj<\/strong>&nbsp;Tipo: Konstantaj Kuketoj Administrita de: Ni Celo: \u0108i tiuj Kuketoj permesas al ni memori elektojn, kiujn Vi faras kiam Vi uzas la Retejon, kiel memori viajn ensalutajn detalojn a\u016d lingvan preferon. La celo de \u0109i tiuj Kuketoj estas provizi al Vi pli personan sperton kaj eviti ke Vi devas reenigi viajn preferojn \u0109iufoje kiam Vi uzas la Retejon.<\/li>\n<\/ul>\n\n\n\n<p>Por pliaj informoj pri la kuketoj, kiujn ni uzas kaj viaj elektoj pri kuketoj, bonvolu viziti nian Kukestan Politikon a\u016d la sekcion pri Kuketoj de nia Privateca Politiko.<\/p>\n\n\n\n<h3 class=\"wp-block-heading\">Uzo de Viaj Personaj Datumoj<\/h3>\n\n\n\n<p>La Kompanio povas uzi Personajn Datumojn por la sekvaj celoj:<\/p>\n\n\n\n<ul class=\"wp-block-list\">\n<li><strong>Provizi kaj konservi nian Servon<\/strong>&nbsp;, inkluzive por kontroli la uzadon de nia Servo.<\/li>\n\n\n\n<li><strong>Por administri Vian Konton:<\/strong>&nbsp;&nbsp;por administri Vian registri\u011don kiel uzanto de la Servo. La Personaj Datumoj, kiujn Vi provizas, povas doni al Vi aliron al malsamaj funkcioj de la Servo, kiuj estas disponeblaj por Vi kiel registrita uzanto.<\/li>\n\n\n\n<li><strong>Por la plenumo de kontrakto:<\/strong>&nbsp;&nbsp;la evoluo, plenumo kaj entrepreno de la a\u0109etkontrakto por la produktoj, a\u0135oj a\u016d servoj kiujn Vi a\u0109etis a\u016d de iu ajn alia kontrakto kun Ni per la Servo.<\/li>\n\n\n\n<li><strong>Kontakti Vin:<\/strong>&nbsp;&nbsp;Kontakti Vin per retpo\u015dto, telefonvokoj, SMS a\u016d aliaj ekvivalentaj formoj de elektronika komunikado, kiel ekzemple pu\u015daj sciigoj de po\u015dtelefona aplika\u0135o pri \u011disdatigoj a\u016d informaj komunikadoj rilataj al la funkcioj, produktoj a\u016d kontraktitaj servoj, inkluzive de sekurecaj \u011disdatigoj, kiam necese a\u016d racie por ilia efektivigo.<\/li>\n\n\n\n<li><strong>Provizi al Vi<\/strong>&nbsp;&nbsp;nova\u0135ojn, specialajn ofertojn kaj \u011deneralajn informojn pri aliaj varoj, servoj kaj eventoj, kiujn ni proponas, kiuj estas similaj al tiuj, pri kiuj vi jam a\u0109etis a\u016d demandis, krom se Vi elektis ne ricevi tiajn informojn.<\/li>\n\n\n\n<li><strong>Por administri Viajn petojn:<\/strong>&nbsp;&nbsp;Por \u0109eesti kaj administri Viajn petojn al Ni.<\/li>\n\n\n\n<li><strong>Por komercaj translokigoj:<\/strong>&nbsp;&nbsp;Ni povas uzi Viajn informojn por taksi a\u016d fari fuzion, senvestadon, restrukturadon, reorganizadon, dissolvon a\u016d alian vendon a\u016d translokigon de iuj a\u016d \u0109iuj Niaj aktivoj, \u0109u kiel funkcianta entrepreno a\u016d kiel parto de bankroto, likvidado, a\u016d simila procedo, en kiu Personaj Datumoj tenitaj de Ni pri niaj Servaj uzantoj estas inter la aktivoj transdonitaj.<\/li>\n\n\n\n<li><strong>Por aliaj celoj<\/strong>&nbsp;: Ni povas uzi Viajn informojn por aliaj celoj, kiel datuma analizo, identigado de uzadotendencoj, determini la efikecon de niaj reklamaj kampanjoj kaj por taksi kaj plibonigi nian Servon, produktojn, servojn, merkatadon kaj vian sperton.<\/li>\n<\/ul>\n\n\n\n<p>Ni povas dividi Viajn personajn informojn en la sekvaj situacioj:<\/p>\n\n\n\n<ul class=\"wp-block-list\">\n<li><strong>Kun Servaj Provizantoj:<\/strong>&nbsp;&nbsp;Ni povas dividi Viajn personajn informojn kun Servaj Provizantoj por kontroli kaj analizi la uzon de nia Servo, por kontakti Vin.<\/li>\n\n\n\n<li><strong>Por komercaj translokigoj:<\/strong>&nbsp;&nbsp;Ni povas kunhavigi a\u016d transdoni Viajn personajn informojn lige kun, a\u016d dum intertraktadoj de, iu ajn fuzio, vendo de Firmaaj aktivoj, financado a\u016d akiro de \u0109io a\u016d parto de Nia komerco al alia kompanio.<\/li>\n\n\n\n<li><strong>Kun Filioj:<\/strong>&nbsp;&nbsp;Ni povas dividi Viajn informojn kun Niaj filioj, en kiu kazo ni postulos tiujn filiojn honori \u0109i tiun Privatecan Politikon. Filioj inkluzivas Nian gepatran kompanion kaj iujn aliajn filiojn, kompaniajn partnerojn a\u016d aliajn kompaniojn, kiujn Ni kontrolas a\u016d kiuj estas sub komuna kontrolo kun Ni.<\/li>\n\n\n\n<li><strong>Kun komercaj partneroj:<\/strong>&nbsp;&nbsp;Ni povas dividi Viajn informojn kun Niaj komercaj partneroj por proponi al Vi iujn produktojn, servojn a\u016d reklamojn.<\/li>\n\n\n\n<li><strong>Kun aliaj uzantoj:<\/strong>&nbsp;&nbsp;kiam Vi dividas personajn informojn a\u016d alie interagas en la publikaj areoj kun aliaj uzantoj, tiaj informoj povas esti viditaj de \u0109iuj uzantoj kaj povas esti publike distribuitaj ekstere.<\/li>\n\n\n\n<li><strong>Kun Via konsento<\/strong>&nbsp;: Ni povas malka\u015di Viajn personajn informojn por iu ajn alia celo kun Via konsento.<\/li>\n<\/ul>\n\n\n\n<h3 class=\"wp-block-heading\">Reteno de Viaj Personaj Datumoj<\/h3>\n\n\n\n<p>La Kompanio konservos Viajn Personajn Datumojn nur tiom longe kiom necesas por la celoj fiksitaj en \u0109i tiu Privateca Politiko. Ni retenos kaj uzos Viajn Personajn Datumojn la\u016d la mezuro necesa por plenumi niajn la\u016dle\u011dajn devontigojn (ekzemple, se ni estas postulataj konservi viajn datumojn por plenumi aplikeblajn le\u011dojn), solvi disputojn kaj plenumi niajn la\u016dle\u011dajn interkonsentojn kaj politikojn.<\/p>\n\n\n\n<p>La Kompanio anka\u016d konservos Uzajn Datumojn por internaj analizaj celoj. Uzado-Datumoj \u011denerale estas konservitaj por pli mallonga tempo, krom kiam \u0109i tiuj datumoj estas uzataj por plifortigi la sekurecon a\u016d plibonigi la funkciecon de Nia Servo, a\u016d Ni estas la\u016dle\u011de devigataj konservi \u0109i tiujn datumojn por pli longaj periodoj.<\/p>\n\n\n\n<h3 class=\"wp-block-heading\">Transdono de Viaj Personaj Datumoj<\/h3>\n\n\n\n<p>Viaj informoj, inkluzive de Personaj Datumoj, estas traktataj \u0109e la operaciaj oficejoj de la Kompanio kaj en iuj aliaj lokoj, kie trovi\u011das la partioj implikitaj en la prilaborado. \u011ci signifas, ke \u0109i tiuj informoj povas esti transdonitaj al \u2014 kaj konservitaj sur \u2014 komputiloj situantaj ekster Via \u015dtato, provinco, lando a\u016d alia registara jurisdikcio, kie la le\u011doj pri datuma protekto povas diferenci ol tiuj de Via jurisdikcio.<\/p>\n\n\n\n<p>Via konsento al \u0109i tiu Privateca Politiko sekvita de Via transdono de tiaj informoj reprezentas Vian konsenton al tiu translokigo.<\/p>\n\n\n\n<p>La Kompanio faros \u0109iujn pa\u015dojn prudente necesajn por certigi, ke Viaj datumoj estas sekure traktataj kaj konforme al \u0109i tiu Privateca Politiko kaj neniu translokigo de Viaj Personaj Datumoj okazos al organizo a\u016d lando krom se ekzistas ta\u016dgaj kontroloj inkluzive de la sekureco de Viaj datumoj kaj aliaj personaj informoj.<\/p>\n\n\n\n<h3 class=\"wp-block-heading\">Forigu Viajn Personajn Datumojn<\/h3>\n\n\n\n<p>Vi havas la rajton forigi a\u016d peti, ke Ni helpu forigi la Personajn Datumojn, kiujn Ni kolektis pri Vi.<\/p>\n\n\n\n<p>Nia Servo povas doni al Vi la kapablon forigi certajn informojn pri Vi de ene de la Servo.<\/p>\n\n\n\n<p>Vi povas \u011disdatigi, \u015dan\u011di a\u016d forigi Viajn informojn iam ajn ensaltante al Via Konto, se vi havas tian, kaj vizitante la sekcion pri agordoj de konto, kiu ebligas al vi administri Viajn personajn informojn. Vi anka\u016d povas kontakti Nin por peti aliron al, korekti a\u016d forigi ajnajn personajn informojn, kiujn Vi havigis al Ni.<\/p>\n\n\n\n<p>Bonvolu noti, tamen, ke Ni eble bezonos konservi certajn informojn kiam ni havas la\u016dle\u011dan devon a\u016d la\u016dle\u011dan bazon por fari tion.<\/p>\n\n\n\n<h3 class=\"wp-block-heading\">Diskonigo de Viaj Personaj Datumoj<\/h3>\n\n\n\n<h4 class=\"wp-block-heading\">Komercaj Transakcioj<\/h4>\n\n\n\n<p>Se la Kompanio estas implikita en fuzio, akiro a\u016d aktivo-vendo, Viaj Personaj Datumoj povas esti transdonitaj. Ni donos avizon anta\u016d ol Viaj Personaj Datumoj estos transdonitaj kaj submeti\u011dos al malsama Privateca Politiko.<\/p>\n\n\n\n<h4 class=\"wp-block-heading\">Le\u011ddevigo<\/h4>\n\n\n\n<p>Sub certaj cirkonstancoj, la Kompanio povas esti postulata malka\u015di Viajn Personajn Datumojn se necese fari tion la\u016dle\u011de a\u016d responde al validaj petoj de publikaj a\u016dtoritatoj (ekz. tribunalo a\u016d registara agentejo).<\/p>\n\n\n\n<h4 class=\"wp-block-heading\">Aliaj le\u011daj postuloj<\/h4>\n\n\n\n<p>La Kompanio povas malka\u015di Viajn Personajn Datumojn la\u016d la bona kredo, ke tia ago estas necesa por:<\/p>\n\n\n\n<ul class=\"wp-block-list\">\n<li>Observu le\u011dan devon<\/li>\n\n\n\n<li>Protektu kaj defendu la rajtojn a\u016d poseda\u0135on de la Kompanio<\/li>\n\n\n\n<li>Malhelpi a\u016d esplori eblajn misfarojn lige kun la Servo<\/li>\n\n\n\n<li>Protektu la personan sekurecon de Uzantoj de la Servo a\u016d publiko<\/li>\n\n\n\n<li>Protektu kontra\u016d jura respondeco<\/li>\n<\/ul>\n\n\n\n<h3 class=\"wp-block-heading\">Sekureco de Viaj Personaj Datumoj<\/h3>\n\n\n\n<p>La sekureco de Viaj Personaj Datumoj estas grava por Ni, sed memoru, ke neniu metodo de transdono per Interreto a\u016d metodo de elektronika konservado estas 100% sekura. Dum Ni strebas uzi komerce akcepteblajn rimedojn por protekti Viajn Personajn Datumojn, Ni ne povas garantii \u011dian absolutan sekurecon.<\/p>\n\n\n\n<h2 class=\"wp-block-heading\">Privateco de Infanoj<\/h2>\n\n\n\n<p>Nia Servo ne alparolas iun ajn sub la a\u011do de 13. Ni ne konscie kolektas persone identigeblajn informojn de iu ajn sub la a\u011do de 13. Se Vi estas gepatro a\u016d kuratoro kaj Vi konscias, ke Via infano provizis Nin per Personaj Datumoj, bonvolu kontaktu Nin. Se Ni konscias, ke Ni kolektis Personajn Datumojn de iu ajn malpli ol 13-jara\u011da sen kontrolo de gepatra konsento, Ni prenas pa\u015dojn por forigi tiujn informojn de Niaj serviloj.<\/p>\n\n\n\n<p>Se Ni bezonas fidi je konsento kiel jura bazo por prilaborado de Viaj informoj kaj Via lando postulas konsenton de gepatro, Ni povas postuli la konsenton de Via gepatro anta\u016d ol Ni kolektas kaj uzas tiujn informojn.<\/p>\n\n\n\n<h2 class=\"wp-block-heading\">Ligiloj al Aliaj Retejoj<\/h2>\n\n\n\n<p>Nia Servo povas enhavi ligilojn al aliaj retejoj, kiuj ne estas operaciitaj de Ni. Se Vi alklakas trian ligilon, Vi estos direktita al la retejo de tiu tria. Ni forte konsilas al Vi revizii la Privatecan Politikon de \u0109iu retejo, kiun Vi vizitas.<\/p>\n\n\n\n<p>Ni havas neniun kontrolon kaj prenas neniun respondecon pri la enhavo, privatecaj politikoj a\u016d praktikoj de iuj triaj retejoj a\u016d servoj.<\/p>\n\n\n\n<h2 class=\"wp-block-heading\">\u015can\u011doj al \u0109i tiu Privateca Politiko<\/h2>\n\n\n\n<p>Ni povas \u011disdatigi Nian Privatecan Politikon de tempo al tempo. Ni sciigos Vin pri ajnaj \u015dan\u011doj afi\u015dante la novan Privatecan Politikon sur \u0109i tiu pa\u011do.<\/p>\n\n\n\n<p>Ni sciigos Vin per retpo\u015dto kaj\/a\u016d elstara avizo pri Nia Servo, anta\u016d ol la \u015dan\u011do efektivi\u011dos kaj \u011disdatigos la &#8220;Laste \u011disdatigitan&#8221; daton \u0109e la supro de \u0109i tiu Privateca Politiko.<\/p>\n\n\n\n<p>Vi konsilas revizii \u0109i tiun Privatecan Politikon periode por ajnaj \u015dan\u011doj. \u015can\u011doj al \u0109i tiu Privateca Politiko estas efikaj kiam ili estas afi\u015ditaj sur \u0109i tiu pa\u011do.<\/p>\n\n\n\n<h2 class=\"wp-block-heading\">Kontaktu Nin<\/h2>\n\n\n\n<p>Se vi havas demandojn pri \u0109i tiu Privateca Politiko, Vi povas kontakti nin:<\/p>\n\n\n\n<ul class=\"wp-block-list\">\n<li>Vizitante \u0109i tiun pa\u011don en nia retejo:&nbsp;&nbsp;<a href=\"https:\/\/cpstesters-com.translate.goog\/contact-us\/?_x_tr_sl=en&amp;_x_tr_tl=eo&amp;_x_tr_hl=en&amp;_x_tr_pto=wapp\" target=\"_blank\" rel=\"noreferrer noopener\">https:\/\/cpstesters.com\/contact-us\/<\/a><\/li>\n<\/ul>\n","protected":false},"excerpt":{"rendered":"<p>\u0108i tiu Privateca Politiko priskribas Niajn politikojn kaj procedurojn pri la kolekto, uzo kaj malka\u015do de Viaj informoj kiam Vi uzas la Servon kaj rakontas &#8230; <\/p>\n<p class=\"read-more-container\"><a title=\"Privateca Politiko\" class=\"read-more button\" href=\"https:\/\/cpstesters.com\/eo\/privateca-politiko\/#more-2280\" aria-label=\"Read more about Privateca Politiko\">Read More<\/a><\/p>\n","protected":false},"author":4,"featured_media":0,"parent":0,"menu_order":0,"comment_status":"closed","ping_status":"closed","template":"","meta":{"footnotes":""},"class_list":["post-2280","page","type-page","status-publish"],"_links":{"self":[{"href":"https:\/\/cpstesters.com\/eo\/wp-json\/wp\/v2\/pages\/2280","targetHints":{"allow":["GET"]}}],"collection":[{"href":"https:\/\/cpstesters.com\/eo\/wp-json\/wp\/v2\/pages"}],"about":[{"href":"https:\/\/cpstesters.com\/eo\/wp-json\/wp\/v2\/types\/page"}],"author":[{"embeddable":true,"href":"https:\/\/cpstesters.com\/eo\/wp-json\/wp\/v2\/users\/4"}],"replies":[{"embeddable":true,"href":"https:\/\/cpstesters.com\/eo\/wp-json\/wp\/v2\/comments?post=2280"}],"version-history":[{"count":6,"href":"https:\/\/cpstesters.com\/eo\/wp-json\/wp\/v2\/pages\/2280\/revisions"}],"predecessor-version":[{"id":6064,"href":"https:\/\/cpstesters.com\/eo\/wp-json\/wp\/v2\/pages\/2280\/revisions\/6064"}],"wp:attachment":[{"href":"https:\/\/cpstesters.com\/eo\/wp-json\/wp\/v2\/media?parent=2280"}],"curies":[{"name":"wp","href":"https:\/\/api.w.org\/{rel}","templated":true}]}}