{"id":2128,"date":"2024-07-16T14:14:50","date_gmt":"2024-07-16T14:14:50","guid":{"rendered":"https:\/\/cpstesters.com\/60-dua-cps-testo-kontrolu-vian-klak-rapidecon\/"},"modified":"2024-09-17T09:31:28","modified_gmt":"2024-09-17T09:31:28","slug":"60-second-cps-test","status":"publish","type":"page","link":"https:\/\/cpstesters.com\/eo\/60-second-cps-test\/","title":{"rendered":"60 Dua CPS-Testo | Kontrolu Vian Klak-Rapidecon"},"content":{"rendered":"\n<p>60 Dua CPS-Testo estas unu el la plej bonaj klaktestoj pro la pliigita tempo, ludu kaj plibonigu vian klakan ludon en neniu tempo!<\/p>\n\n\n <div class=\"row\">\r\n\t<div class=\"col-md-4\">\r\n\r\n\t\t\r\n\t\t\r\n\t\t<div class=\"side_nav\">\r\n            \r\n            \r\n            <ul class=\"time\">\r\n            <li>\r\n             <a href=\"https:\/\/cpstesters.com\/1-second-cps-test\/\"> <span data-time=\"1\">1 Second Test<\/span><\/a>\r\n            <\/li><li>\r\n             <a href=\"https:\/\/cpstesters.com\/2-second-cps-test\/\"><span data-time=\"2\">2 Second Test<\/span><\/a>\r\n            <\/li><li>\r\n           <a href=\"https:\/\/cpstesters.com\/5-second-cps-test\/\"><span data-time=\"5\">5 Second Test<\/span><\/a>\r\n            <\/li><li>\r\n\t\t\t\t <a href=\"https:\/\/cpstesters.com\/10-second-cps-test\/\"><span data-time=\"10\">10 Second Test<\/span><\/a>\r\n            <\/li><li>\r\n             <a href=\"https:\/\/cpstesters.com\/15-second-click-test\/\"><span data-time=\"15\">15 Second Test<\/span><\/a>\r\n            <\/li><li>\r\n\t\t\t\t<li>\r\n             <a href=\"https:\/\/cpstesters.com\/30-second-cps-test\/\"><span data-time=\"30\">30 Second Test<\/span><\/a>\r\n            <\/li><li>\r\n\t\t\t\t<li>\r\n             <a href=\"https:\/\/cpstesters.com\/60-second-cps-test\/\"><span data-time=\"60\" class=\"active\">60 Second Test<\/span><\/a>\r\n            <\/li><li>\r\n\t\t\t\t<li>\r\n             <a href=\"https:\/\/cpstesters.com\/100-second-cps-test\/\"><span data-time=\"100\">100 Second Test<\/span><\/a>\r\n            <\/li><li>\r\n\t\t\t\t\r\n             <a href=\"https:\/\/cpstesters.com\/manual-click-test\/\"><span data-time=\"20\">Manual Click Test<\/span><\/a>\r\n            <\/li><\/ul>\r\n            <\/div>\r\n\t\t\r\n\t\t\r\n\t<\/div>\r\n\t<div class=\"col-md-8\">\r\n\t\t<section class=\"section section--full js-section-full section--click\">\r\n               <div class=\"container\">\r\n\t\t\t\t   \r\n\t\t\t\t         <div class=\"setting\">\r\n    <div class=\"theme-mode\"><a class=\"theme-mode__switch js-switch\" href=\"javascript:void(0);\"><\/a>\r\n        <div class=\"theme-mode__text\">Light \/ Dark mode<\/div>\r\n    <\/div>\r\n<\/div>\r\n\t\t\t\t   \r\n\t\t\t\t   \r\n                  <div class=\"statistics\">\r\n                     <div class=\"statistics__item statistics__item--timer\">\r\n                        <div class=\"statistics__number\">\r\n                           <span class=\"js-time number_timer\">60.00<\/span>\r\n                           <a class=\"statistics__arrow statistics__arrow--up js-time-up\" href=\"javascript:void(0);\">\r\n                              <svg class=\"icon icon-arrow-up \">\r\n                                 <use xlink:href=\"\/wp-content\/themes\/generatepress\/tools\/assets\/img\/spritesvg.svg#arrow-up\"><\/use>\r\n                              <\/svg>\r\n                           <\/a>\r\n                           <a class=\"statistics__arrow statistics__arrow--down js-time-down\" href=\"javascript:void(0);\">\r\n                              <svg class=\"icon icon-arrow-up \">\r\n                                 <use xlink:href=\"\/wp-content\/themes\/generatepress\/tools\/assets\/img\/spritesvg.svg#arrow-up\"><\/use>\r\n                              <\/svg>\r\n                           <\/a>\r\n                        <\/div>\r\n                        <div class=\"statistics__title\">Timer<\/div>\r\n                     <\/div>\r\n                     <div class=\"statistics__item statistics__item--clicks\">\r\n                        <div class=\"statistics__number number_clicks js-speed\">0.00<\/div>\r\n                        <div class=\"statistics__title\">Clicks \/ s<\/div>\r\n                     <\/div>\r\n                     <div class=\"statistics__item statistics__item--score\">\r\n                        <div class=\"statistics__number number_score js-score\">0<\/div>\r\n                        <div class=\"statistics__title\">Score<\/div>\r\n                     <\/div>\r\n                  <\/div>\r\n                  <div class=\"clicks-zone\">\r\n                     <div class=\"clicks-zone__start js-clicks-start\">\r\n                        <svg class=\"icon icon-click \">\r\n                           <use xlink:href=\"\/wp-content\/themes\/generatepress\/tools\/assets\/img\/spritesvg.svg#click\"><\/use>\r\n                        <\/svg>\r\n                        <div class=\"clicks-zone__start-title\">\u0421lick here to start cps test<\/div>\r\n                     <\/div>\r\n                     <div class=\"clicks-zone__clicks js-clicks\"><\/div>\r\n                     <div class=\"clicks-zone__result result-clicks js-clicks-result\">\r\n                        <div class=\"result-clicks__title rank-wrapper\"><\/div>\r\n                        <div class=\"result-clicks__text\">Your CPS result is <span class=\"speed js-stat-speed\"><\/span> (<span class=\"clicks js-stat-clicks\"><\/span> Clicks in <span class=\"time js-stat-time\"><\/span> Seconds)<\/div>\r\n                        <div class=\"result-clicks__img\"><img><\/div>\r\n                        <a class=\"result-clicks__btn js-try-again\" href=\"javascript:void(0);\">\r\n                           <svg class=\"icon icon-again \">\r\n                              <use xlink:href=\"\/wp-content\/themes\/generatepress\/tools\/assets\/img\/spritesvg.svg#again\"><\/use>\r\n                           <\/svg>\r\n                           Restart\r\n                        <\/a>\r\n                        <div class=\"result-clicks__share\">\r\n                           <div class=\"result-clicks__share-title\">Share your result with friends!<\/div>\r\n                           <div class=\"share-buttons\">\r\n                              <a class=\"share-button facebook\" data-href=\"https:\/\/www.facebook.com\/sharer\/sharer.php?u=https:\/\/cpstesters.com\/\" target=\"_blank\" onclick=\"goclicky(this); return false;\" rel=\"noopener\">Facebook<\/a>\r\n                              <a class=\"share-button twitter\" data-href=\"http:\/\/www.twitter.com\/share?url=https:\/\/cpstesters.com\/&text=[text]\" target=\"_blank\" onclick=\"goclicky(this); return false;\" rel=\"noopener\">Twitter<\/a>\r\n                              <a class=\"share-button whatsapp\" data-href=\"https:\/\/api.whatsapp.com\/send?text=[text]\" target=\"_blank\" onclick=\"goclicky(this); return false;\" rel=\"noopener\">WhatsApp<\/a>\r\n                              <a class=\"share-button reddit\" data-href=\"http:\/\/www.reddit.com\/submit?url=https:\/\/cpstesters.com\/&title=[text]\" target=\"_blank\" onclick=\"goclicky(this); return false;\" rel=\"noopener\">Reddit<\/a>\r\n                           <\/div>\r\n                        <\/div>\r\n                     <\/div>\r\n                  <\/div>\r\n                  <img decoding=\"async\" src=\"\/wp-content\/themes\/generatepress\/tools\/assets\/img\/test_result\/3\/1.png\" style=\"display: none\" alt=\"\" title=\"\">\r\n                  <img decoding=\"async\" src=\"\/wp-content\/themes\/generatepress\/tools\/assets\/img\/test_result\/5\/1.png\" style=\"display: none\" alt=\"\" title=\"\">\r\n                  <img decoding=\"async\" src=\"\/wp-content\/themes\/generatepress\/tools\/assets\/img\/test_result\/1\/1.png\" style=\"display: none\" alt=\"\" title=\"\">\r\n                  <img decoding=\"async\" src=\"\/wp-content\/themes\/generatepress\/tools\/assets\/img\/test_result\/2\/1.png\" style=\"display: none\" alt=\"\" title=\"\">\r\n                  <img decoding=\"async\" src=\"\/wp-content\/themes\/generatepress\/tools\/assets\/img\/test_result\/0\/1.png\" style=\"display: none\" alt=\"\" title=\"\">\r\n                  <img decoding=\"async\" src=\"\/wp-content\/themes\/generatepress\/tools\/assets\/img\/test_result\/6\/1.png\" style=\"display: none\" alt=\"\" title=\"\">\r\n                  <img decoding=\"async\" src=\"\/wp-content\/themes\/generatepress\/tools\/assets\/img\/test_result\/7\/1.png\" style=\"display: none\" alt=\"\" title=\"\">\r\n                  <img decoding=\"async\" src=\"\/wp-content\/themes\/generatepress\/tools\/assets\/img\/test_result\/4\/1.png\" style=\"display: none\" alt=\"\" title=\"\">\r\n                  <script>\r\n                     var test_result = {\"ratings\":{\"min\":0,\"max\":5},\"rating_ranks\":[\"Your Rank is Snail!\",\"Your Rank is Koala!\",\"Your Rank is Turtle!\",\"Your Rank is Panda!\",\"Your Rank is Hare!\",\"Your Rank is Kangaroo!\",\"Your Rank is Panther!\",\"Your Rank is Cheetah!\"],\"cps_scale\":[[0,1],[1,3],[3,5],[5,7],[7,9],[9,10],[10,12],[12,999]],\"files\":{\"3\":[\"\\\/wp-content\\\/themes\\\/generatepress\\\/tools\\\\assets\\\/img\\\/test_result\\\/3\\\/1.png\"],\"5\":[\"\\\/wp-content\\\/themes\\\/generatepress\\\/tools\\\\assets\\\/img\\\/test_result\\\/5\\\/1.png\"],\"1\":[\"\\\/wp-content\\\/themes\\\/generatepress\\\/tools\\\\assets\\\/img\\\/test_result\\\/1\\\/1.png\"],\"2\":[\"\\\/wp-content\\\/themes\\\/generatepress\\\/tools\\\\assets\\\/img\\\/test_result\\\/2\\\/1.png\"],\"0\":[\"\\\/wp-content\\\/themes\\\/generatepress\\\/tools\\\\assets\\\/img\\\/test_result\\\/0\\\/1.png\"],\"6\":[\"\\\/wp-content\\\/themes\\\/generatepress\\\/tools\\\\assets\\\/img\\\/test_result\\\/6\\\/1.png\"],\"7\":[\"\\\/wp-content\\\/themes\\\/generatepress\\\/tools\\\\assets\\\/img\\\/test_result\\\/7\\\/1.png\"],\"4\":[\"\\\/wp-content\\\/themes\\\/generatepress\\\/tools\\\\assets\\\/img\\\/test_result\\\/4\\\/1.png\"]}};\r\n                     var language = {\"code\":\"en\",\"name\":\"English\",\"prefix\":\"\"};\r\n                     var monitoringClickEvent = 'left';\r\n                     var shareTextDefault = 'My CPS result is {speed} ({clicks} Clicks in {time} Seconds)';\r\n                  <\/script>        \r\n               <\/div>\r\n            <\/section>\r\n\t\t\r\n\t<\/div>\r\n<\/div>\r\n\r\n    <script src=\"\/wp-content\/themes\/generatepress\/tools\/assets\/js\/libs.min.js\"><\/script>\r\n      <script src=\"\/wp-content\/themes\/generatepress\/tools\/assets\/js\/main.min.js?v64\"><\/script>\r\n\n\n\n\n<div style=\"height:5px\" aria-hidden=\"true\" class=\"wp-block-spacer\"><\/div>\n\n\n\n<p>La kapablo klaki rapide kaj precize fari\u011dis \u0109iam pli grava. La 60 Dua CPS-Testo estas simpla sed efika interreta ilo dizajnita por mezuri la klakan rapidecon kaj precizecon de individuo en da\u016dro de 60 sekundoj. En \u0109i tiu artikolo, ni enprofundi\u011dos en la signifon de \u0109i tiu testo, \u011dia metodaro, kaj kiel \u011di povas esti valora ilo por taksi kaj plibonigi siajn klakkapablojn.<\/p>\n\n\n\n<p>La 60 Dua&nbsp;<a href=\"https:\/\/cpstesters-com.translate.goog\/?_x_tr_sl=en&amp;_x_tr_tl=nl&amp;_x_tr_hl=en&amp;_x_tr_pto=wapp\" rel=\"noopener\">CPS-Testo estas specife desegnita por taksi la indicon&nbsp;<\/a><a href=\"https:\/\/cpstesters-com.translate.goog\/tap-speed-test\/?_x_tr_sl=en&amp;_x_tr_tl=nl&amp;_x_tr_hl=en&amp;_x_tr_pto=wapp\" rel=\"noopener\">de Klako per Sekundo<\/a>&nbsp;(CPS)&nbsp;de individuo .&nbsp;CPS rilatas al la nombro da klakoj kiujn persono povas fari ene de unu sekundo. \u0108i tiu testo provizas platformon kie uzantoj povas montri sian klakan lertecon kaj kompari siajn rezultojn kun aliaj.<\/p>\n\n\n<div class=\"wp-block-image\">\n<figure class=\"aligncenter\"><img loading=\"lazy\" decoding=\"async\" width=\"1000\" height=\"500\" src=\"https:\/\/i0.wp.com\/cpstesters.com\/wp-content\/uploads\/2022\/08\/60-sec-CPs-TESt.jpg?resize=1000%2C500&amp;ssl=1\" alt=\"60 Dua CPS-Testo\" class=\"wp-image-287\" title=\"\" srcset=\"https:\/\/cpstesters.com\/wp-content\/uploads\/2022\/08\/60-sec-CPs-TESt.jpg 1000w, https:\/\/cpstesters.com\/wp-content\/uploads\/2022\/08\/60-sec-CPs-TESt-300x150.jpg 300w, https:\/\/cpstesters.com\/wp-content\/uploads\/2022\/08\/60-sec-CPs-TESt-768x384.jpg 768w\" sizes=\"auto, (max-width: 1000px) 100vw, 1000px\" \/><figcaption class=\"wp-element-caption\">60 Dua CPS-Testo<\/figcaption><\/figure>\n<\/div>\n\n\n<p><\/p>\n\n\n\n<p>Por fari la 60 Duan CPS-Teston, uzantoj povas aliri la elektitan retejon a\u016d platformon gastigantan la teston. Komencante la teston, uzantoj estas prezentitaj kun tempigilo kiu kalkulas malsupren de 60 sekundoj. Dum \u0109i tiu tempo, partoprenantoj devas rapide klaki sur elektita celregiono kiel eble plej multajn fojojn. Post kiam la tempigilo fini\u011das, la testo a\u016dtomate kalkulas la CPS-indico kaj provizas finan poentaron.<\/p>\n\n\n\n<h2 class=\"wp-block-heading\">Avanta\u011doj kaj Signifo:<\/h2>\n\n\n\n<ol class=\"wp-block-list\">\n<li>Klakrapideco kaj Precizeco: La 60 Dua CPS-Testo permesas al individuoj taksi kaj plibonigi sian klakan rapidecon kaj precizecon. Trejnante kaj celante al pli altaj CPS-tarifoj, uzantoj povas plibonigi sian kapablon rapide prilabori vidajn stimulojn kaj respondi per rapidaj kaj precizaj klakoj.<\/li>\n\n\n\n<li>Videoludado: Klakrapideco kaj precizeco ludas decidan rolon en diversaj ludscenaroj. La 60 Dua CPS-Testo povas funkcii kiel bonega trejna ilo por ludantoj, helpante ilin plibonigi sian reagotempon kaj \u011deneralan rendimenton, precipe en rapidaj ludoj, kiuj postulas rapidan klakadon.<\/li>\n\n\n\n<li>Plibonigo de Produktiveco: En profesioj kiuj implikas ampleksan komputilan uzadon, kiel ekzemple dateneniro a\u016d dezajnlaboro, la 60 Dua CPS-Testo povas signife plibonigi produktivecon. Monitorante kaj plibonigante klakrapidecon, uzantoj povas simpligi sian laborfluon kaj redukti la tempon pasigitan por ripetemaj taskoj.<\/li>\n\n\n\n<li>Man-Okula Kunordigo: La 60 Dua CPS-Testo kontribuas al la evoluo de man-okula kunordigo. Defiante kaj plibonigante klakrapidecon, uzantoj povas plibonigi sian kapablon sinkronigi manmovojn kun vidaj signaloj, kiuj povas esti utilaj en diversaj agadoj kaj taskoj, kiuj postulas precizan kontrolon.<\/li>\n<\/ol>\n\n\n\n<h2 class=\"wp-block-heading\">Konsiletoj por Plibonigi CPS-Inporton:<\/h2>\n\n\n\n<ol class=\"wp-block-list\">\n<li>Regula Praktiko: Kiel ajna kapablo, klakrapideco kaj precizeco povas esti plibonigitaj per konsekvenca praktiko. Enga\u011di\u011di en la 60 Dua CPS-Testo regule povas helpi uzantojn plibonigi siajn klakkapablojn kaj pliigi sian CPS-procenton la\u016dlonge de la tempo.<\/li>\n\n\n\n<li>Fokuso kaj Koncentri\u011do: Konservi fokuson kaj koncentri\u011don dum la testo estas decida. Minimumigi distra\u0135ojn kaj klopodi klaki sur la cela areo kun precizeco povas helpi eviti nenecesajn erarojn, kiuj povas malhelpi la CPS-kurzon.<\/li>\n\n\n\n<li>Ergonomio: Atentu ergonomiajn faktorojn kiel komfortan sidadon, ta\u016dgan manon kaj bone funkciantan muson a\u016d trackpad. Ergonomia aran\u011do povas plibonigi komforton kaj anta\u016denigi optimuman klakan agadon.<\/li>\n<\/ol>\n\n\n\n<p>La 60 Dua CPS-Testo disponigas valoran rimedon por taksi klakan rapidecon kaj precizecon. \u0108u por persona disvolvi\u011do, ludado plibonigo a\u016d plifortigo de produktiveco en profesiaj agordoj, \u0109i tiu testo ofertas allogan platformon por defii sin kaj plibonigi klakkapablojn. Praktikante regule kaj koncentri\u011dante pri plibonigo de CPS-indico, uzantoj povas plibonigi sian rapidecon, precizecon kaj \u011deneralan rendimenton. Do, kial ne preni minuton por testi viajn klakkapablojn kaj komenci voja\u011don de plibonigo?<\/p>\n\n\n\n<h3 class=\"wp-block-heading\">Aliaj Klakaj Testoj<\/h3>\n\n\n\n<ul class=\"wp-block-list\">\n<li><a href=\"https:\/\/cpstesters-com.translate.goog\/?_x_tr_sl=en&amp;_x_tr_tl=nl&amp;_x_tr_hl=en&amp;_x_tr_pto=wapp\" target=\"_blank\" rel=\"noreferrer noopener\">CPS-Testo<\/a>\u00a0(Kerna Testo)<\/li>\n\n\n\n<li><a href=\"https:\/\/cpstesters-com.translate.goog\/right-click-cps-test\/?_x_tr_sl=en&amp;_x_tr_tl=nl&amp;_x_tr_hl=en&amp;_x_tr_pto=wapp\" target=\"_blank\" rel=\"noreferrer noopener\">Dekstre Klaku CPS-Testo<\/a><\/li>\n\n\n\n<li><a href=\"https:\/\/cpstesters-com.translate.goog\/jitter-click-test\/?_x_tr_sl=en&amp;_x_tr_tl=nl&amp;_x_tr_hl=en&amp;_x_tr_pto=wapp\" target=\"_blank\" rel=\"noreferrer noopener\">Jitter Klaku Testo<\/a><\/li>\n\n\n\n<li><a href=\"https:\/\/cpstesters-com.translate.goog\/kohi-click-test\/?_x_tr_sl=en&amp;_x_tr_tl=nl&amp;_x_tr_hl=en&amp;_x_tr_pto=wapp\" target=\"_blank\" rel=\"noreferrer noopener\">Kohi Klaku Testo<\/a><\/li>\n\n\n\n<li><a href=\"https:\/\/cpstesters-com.translate.goog\/manual-click-test\/?_x_tr_sl=en&amp;_x_tr_tl=nl&amp;_x_tr_hl=en&amp;_x_tr_pto=wapp\" target=\"_blank\" rel=\"noreferrer noopener\">Manlibro Klaku Testo<\/a><\/li>\n<\/ul>\n","protected":false},"excerpt":{"rendered":"<p>60 Dua CPS-Testo estas unu el la plej bonaj klaktestoj pro la pliigita tempo, ludu kaj plibonigu vian klakan ludon en neniu tempo! La kapablo &#8230; <\/p>\n<p class=\"read-more-container\"><a title=\"60 Dua CPS-Testo | Kontrolu Vian Klak-Rapidecon\" class=\"read-more button\" href=\"https:\/\/cpstesters.com\/eo\/60-second-cps-test\/#more-2128\" aria-label=\"Read more about 60 Dua CPS-Testo | Kontrolu Vian Klak-Rapidecon\">Read More<\/a><\/p>\n","protected":false},"author":4,"featured_media":0,"parent":0,"menu_order":0,"comment_status":"closed","ping_status":"closed","template":"","meta":{"footnotes":""},"class_list":["post-2128","page","type-page","status-publish"],"_links":{"self":[{"href":"https:\/\/cpstesters.com\/eo\/wp-json\/wp\/v2\/pages\/2128","targetHints":{"allow":["GET"]}}],"collection":[{"href":"https:\/\/cpstesters.com\/eo\/wp-json\/wp\/v2\/pages"}],"about":[{"href":"https:\/\/cpstesters.com\/eo\/wp-json\/wp\/v2\/types\/page"}],"author":[{"embeddable":true,"href":"https:\/\/cpstesters.com\/eo\/wp-json\/wp\/v2\/users\/4"}],"replies":[{"embeddable":true,"href":"https:\/\/cpstesters.com\/eo\/wp-json\/wp\/v2\/comments?post=2128"}],"version-history":[{"count":8,"href":"https:\/\/cpstesters.com\/eo\/wp-json\/wp\/v2\/pages\/2128\/revisions"}],"predecessor-version":[{"id":5986,"href":"https:\/\/cpstesters.com\/eo\/wp-json\/wp\/v2\/pages\/2128\/revisions\/5986"}],"wp:attachment":[{"href":"https:\/\/cpstesters.com\/eo\/wp-json\/wp\/v2\/media?parent=2128"}],"curies":[{"name":"wp","href":"https:\/\/api.w.org\/{rel}","templated":true}]}}