{"id":2126,"date":"2024-07-16T14:45:41","date_gmt":"2024-07-16T14:45:41","guid":{"rendered":"https:\/\/cpstesters.com\/pri-ni\/"},"modified":"2024-09-17T09:37:18","modified_gmt":"2024-09-17T09:37:18","slug":"pri-ni","status":"publish","type":"page","link":"https:\/\/cpstesters.com\/eo\/pri-ni\/","title":{"rendered":"Pri ni"},"content":{"rendered":"\n<p>La retejo CPStesters.com estas dedi\u0109ita al helpi vin pliigi vian \u011deneralan klakan rapidecon. Diversaj Klakaj Testoj ebligis mezuri vian klakrapidecon. Ni havas plurajn ilojn disponeblajn al vi, kiuj permesos vin kontroli vian agadon. Ni helpas uzantojn kun ilia klakrapideco kaj proponas utilan gvidon pri plifortigo de funkcieco dum uzado de muso a\u016d aliaj aparatoj.<\/p>\n\n<p>Ni pli emfazas la ludantojn ol la ludojn, ebligante al ni oferti \u015dlosilajn informojn sendepende de la ludo, kiun vi elektas. Ni volas doni al vi la ilojn, kiujn vi bezonas por spuri vian progreson en diversaj ludoj la\u016dlonge de la tempo kaj veni al pli bonaj ju\u011doj pri kiel altigi vian klakan indicon.<\/p>\n\n<p>Ni provizas amuzan kaj facile uzeblan uzantinterfacon. Aldone, nia retejo ofertas plibonigitan klakan teston, kiu inkluzivas nuntempan uzantinterfacon kaj uzant-sperton (UI\/UX) kaj la eblon vidi la trovojn en pli informe klakanta rapidluda kredito, ni kreis tute novan estetikon, kiu estas amba\u016d nuntempa. kaj alloga al uzantoj.<\/p>\n\n<p>Ni konstante pensas pri novaj konceptoj, kiuj helpos niajn ludantojn. Se vi ser\u0109as krean solvon, informu nin! Ne timu esprimi viajn ideojn. Ni ofertos al \u011di la respekton kaj aprezon, kiujn \u011di meritas.<\/p>\n\n<p>Ni elkore esperas, ke nia CPS Tester anka\u016d profitos al vi. Da\u016dre revenu \u0109ar ni intencas aldoni pli da ripetoj kaj agordoj al \u0109i tiu mirinda videoludada ilo.<\/p>\n\n<p>Ni esperas vidi vin \u0109i tie ofte por ke vi povu uzi CPSTesters.com. Plenumu la kvizon, \u011duu vin kaj plirapidigu vian klakadon.<\/p>\n\n<p>Vi anka\u016d povas viziti <a href=\"https:\/\/cpstesters.com\/eo\/privateca-politiko\/\" target=\"_blank\" rel=\"noreferrer noopener\">Privatecan Politikon<\/a> kaj <a href=\"https:\/\/cpstesters.com\/eo\/terminoj-kaj-kondicoj\/\" target=\"_blank\" rel=\"noreferrer noopener\">Kondi\u0109ojn kaj Kondi\u0109ojn<\/a> por scii pli pri niaj politikoj. Krome, se vi havas ajnan demandon, ne hezitu <a href=\"https:\/\/cpstesters.com\/eo\/kontaktu-nin\/\" target=\"_blank\" rel=\"noreferrer noopener\">Kontakti Nin<\/a> .<\/p>\n","protected":false},"excerpt":{"rendered":"<p>La retejo CPStesters.com estas dedi\u0109ita al helpi vin pliigi vian \u011deneralan klakan rapidecon. Diversaj Klakaj Testoj ebligis mezuri vian klakrapidecon. Ni havas plurajn ilojn disponeblajn &#8230; <\/p>\n<p class=\"read-more-container\"><a title=\"Pri ni\" class=\"read-more button\" href=\"https:\/\/cpstesters.com\/eo\/pri-ni\/#more-2126\" aria-label=\"Read more about Pri ni\">Read More<\/a><\/p>\n","protected":false},"author":4,"featured_media":0,"parent":0,"menu_order":0,"comment_status":"closed","ping_status":"closed","template":"","meta":{"footnotes":""},"class_list":["post-2126","page","type-page","status-publish"],"_links":{"self":[{"href":"https:\/\/cpstesters.com\/eo\/wp-json\/wp\/v2\/pages\/2126","targetHints":{"allow":["GET"]}}],"collection":[{"href":"https:\/\/cpstesters.com\/eo\/wp-json\/wp\/v2\/pages"}],"about":[{"href":"https:\/\/cpstesters.com\/eo\/wp-json\/wp\/v2\/types\/page"}],"author":[{"embeddable":true,"href":"https:\/\/cpstesters.com\/eo\/wp-json\/wp\/v2\/users\/4"}],"replies":[{"embeddable":true,"href":"https:\/\/cpstesters.com\/eo\/wp-json\/wp\/v2\/comments?post=2126"}],"version-history":[{"count":3,"href":"https:\/\/cpstesters.com\/eo\/wp-json\/wp\/v2\/pages\/2126\/revisions"}],"predecessor-version":[{"id":3633,"href":"https:\/\/cpstesters.com\/eo\/wp-json\/wp\/v2\/pages\/2126\/revisions\/3633"}],"wp:attachment":[{"href":"https:\/\/cpstesters.com\/eo\/wp-json\/wp\/v2\/media?parent=2126"}],"curies":[{"name":"wp","href":"https:\/\/api.w.org\/{rel}","templated":true}]}}