{"id":2124,"date":"2024-07-16T13:59:13","date_gmt":"2024-07-16T13:59:13","guid":{"rendered":"https:\/\/cpstesters.com\/100-dua-cps-testo-kontrolu-klakrapidecon\/"},"modified":"2024-09-17T06:50:20","modified_gmt":"2024-09-17T06:50:20","slug":"100-second-cps-test","status":"publish","type":"page","link":"https:\/\/cpstesters.com\/eo\/100-second-cps-test\/","title":{"rendered":"100 Dua CPS-Testo | Kontrolu Klakrapidecon"},"content":{"rendered":"\n<p>100 Dua CPS-Testo estas la plej bona, kontrolu kiom rapide vi povas klaki kun via eltenemo kaj pacienco en 100 sekundoj da tempo!<\/p>\n\n\n <div class=\"row\">\r\n\t<div class=\"col-md-4\">\r\n\r\n\t\t\r\n\t\t\r\n\t\t<div class=\"side_nav\">\r\n            \r\n            \r\n            <ul class=\"time\">\r\n            <li>\r\n             <a href=\"https:\/\/cpstesters.com\/1-second-cps-test\/\"> <span data-time=\"1\">1 Second Test<\/span><\/a>\r\n            <\/li><li>\r\n             <a href=\"https:\/\/cpstesters.com\/2-second-cps-test\/\"><span data-time=\"2\">2 Second Test<\/span><\/a>\r\n            <\/li><li>\r\n           <a href=\"https:\/\/cpstesters.com\/5-second-cps-test\/\"><span data-time=\"5\">5 Second Test<\/span><\/a>\r\n            <\/li><li>\r\n\t\t\t\t <a href=\"https:\/\/cpstesters.com\/10-second-cps-test\/\"><span data-time=\"10\">10 Second Test<\/span><\/a>\r\n            <\/li><li>\r\n             <a href=\"https:\/\/cpstesters.com\/15-second-click-test\/\"><span data-time=\"15\">15 Second Test<\/span><\/a>\r\n            <\/li><li>\r\n\t\t\t\t<li>\r\n             <a href=\"https:\/\/cpstesters.com\/30-second-cps-test\/\"><span data-time=\"30\">30 Second Test<\/span><\/a>\r\n            <\/li><li>\r\n\t\t\t\t<li>\r\n             <a href=\"https:\/\/cpstesters.com\/60-second-cps-test\/\"><span data-time=\"60\">60 Second Test<\/span><\/a>\r\n            <\/li><li>\r\n\t\t\t\t<li>\r\n             <a href=\"https:\/\/cpstesters.com\/100-second-cps-test\/\"><span data-time=\"100\" class=\"active\">100 Second Test<\/span><\/a>\r\n            <\/li><li>\r\n\t\t\t\t\r\n             <a href=\"https:\/\/cpstesters.com\/manual-click-test\/\"><span data-time=\"20\">Manual Click Test<\/span><\/a>\r\n            <\/li><\/ul>\r\n            <\/div>\r\n\t\t\r\n\t\t\r\n\t<\/div>\r\n\t<div class=\"col-md-8\">\r\n\t\t<section class=\"section section--full js-section-full section--click\">\r\n               <div class=\"container\">\r\n\t\t\t\t   \r\n\t\t\t\t         <div class=\"setting\">\r\n    <div class=\"theme-mode\"><a class=\"theme-mode__switch js-switch\" href=\"javascript:void(0);\"><\/a>\r\n        <div class=\"theme-mode__text\">Light \/ Dark mode<\/div>\r\n    <\/div>\r\n<\/div>\r\n\t\t\t\t   \r\n\t\t\t\t   \r\n                  <div class=\"statistics\">\r\n                     <div class=\"statistics__item statistics__item--timer\">\r\n                        <div class=\"statistics__number\">\r\n                           <span class=\"js-time number_timer\">100.00<\/span>\r\n                           <a class=\"statistics__arrow statistics__arrow--up js-time-up\" href=\"javascript:void(0);\">\r\n                              <svg class=\"icon icon-arrow-up \">\r\n                                 <use xlink:href=\"\/wp-content\/themes\/generatepress\/tools\/assets\/img\/spritesvg.svg#arrow-up\"><\/use>\r\n                              <\/svg>\r\n                           <\/a>\r\n                           <a class=\"statistics__arrow statistics__arrow--down js-time-down\" href=\"javascript:void(0);\">\r\n                              <svg class=\"icon icon-arrow-up \">\r\n                                 <use xlink:href=\"\/wp-content\/themes\/generatepress\/tools\/assets\/img\/spritesvg.svg#arrow-up\"><\/use>\r\n                              <\/svg>\r\n                           <\/a>\r\n                        <\/div>\r\n                        <div class=\"statistics__title\">Timer<\/div>\r\n                     <\/div>\r\n                     <div class=\"statistics__item statistics__item--clicks\">\r\n                        <div class=\"statistics__number number_clicks js-speed\">0.00<\/div>\r\n                        <div class=\"statistics__title\">Clicks \/ s<\/div>\r\n                     <\/div>\r\n                     <div class=\"statistics__item statistics__item--score\">\r\n                        <div class=\"statistics__number number_score js-score\">0<\/div>\r\n                        <div class=\"statistics__title\">Score<\/div>\r\n                     <\/div>\r\n                  <\/div>\r\n                  <div class=\"clicks-zone\">\r\n                     <div class=\"clicks-zone__start js-clicks-start\">\r\n                        <svg class=\"icon icon-click \">\r\n                           <use xlink:href=\"\/wp-content\/themes\/generatepress\/tools\/assets\/img\/spritesvg.svg#click\"><\/use>\r\n                        <\/svg>\r\n                        <div class=\"clicks-zone__start-title\">\u0421lick here to start cps test<\/div>\r\n                     <\/div>\r\n                     <div class=\"clicks-zone__clicks js-clicks\"><\/div>\r\n                     <div class=\"clicks-zone__result result-clicks js-clicks-result\">\r\n                        <div class=\"result-clicks__title rank-wrapper\"><\/div>\r\n                        <div class=\"result-clicks__text\">Your CPS result is <span class=\"speed js-stat-speed\"><\/span> (<span class=\"clicks js-stat-clicks\"><\/span> Clicks in <span class=\"time js-stat-time\"><\/span> Seconds)<\/div>\r\n                        <div class=\"result-clicks__img\"><img><\/div>\r\n                        <a class=\"result-clicks__btn js-try-again\" href=\"javascript:void(0);\">\r\n                           <svg class=\"icon icon-again \">\r\n                              <use xlink:href=\"\/wp-content\/themes\/generatepress\/tools\/assets\/img\/spritesvg.svg#again\"><\/use>\r\n                           <\/svg>\r\n                           Restart\r\n                        <\/a>\r\n                        <div class=\"result-clicks__share\">\r\n                           <div class=\"result-clicks__share-title\">Share your result with friends!<\/div>\r\n                           <div class=\"share-buttons\">\r\n                              <a class=\"share-button facebook\" data-href=\"https:\/\/www.facebook.com\/sharer\/sharer.php?u=https:\/\/cpstesters.com\/\" target=\"_blank\" onclick=\"goclicky(this); return false;\" rel=\"noopener\">Facebook<\/a>\r\n                              <a class=\"share-button twitter\" data-href=\"http:\/\/www.twitter.com\/share?url=https:\/\/cpstesters.com\/&text=[text]\" target=\"_blank\" onclick=\"goclicky(this); return false;\" rel=\"noopener\">Twitter<\/a>\r\n                              <a class=\"share-button whatsapp\" data-href=\"https:\/\/api.whatsapp.com\/send?text=[text]\" target=\"_blank\" onclick=\"goclicky(this); return false;\" rel=\"noopener\">WhatsApp<\/a>\r\n                              <a class=\"share-button reddit\" data-href=\"http:\/\/www.reddit.com\/submit?url=https:\/\/cpstesters.com\/&title=[text]\" target=\"_blank\" onclick=\"goclicky(this); return false;\" rel=\"noopener\">Reddit<\/a>\r\n                           <\/div>\r\n                        <\/div>\r\n                     <\/div>\r\n                  <\/div>\r\n                  <img decoding=\"async\" src=\"\/wp-content\/themes\/generatepress\/tools\/assets\/img\/test_result\/3\/1.png\" style=\"display: none\" alt=\"\" title=\"\">\r\n                  <img decoding=\"async\" src=\"\/wp-content\/themes\/generatepress\/tools\/assets\/img\/test_result\/5\/1.png\" style=\"display: none\" alt=\"\" title=\"\">\r\n                  <img decoding=\"async\" src=\"\/wp-content\/themes\/generatepress\/tools\/assets\/img\/test_result\/1\/1.png\" style=\"display: none\" alt=\"\" title=\"\">\r\n                  <img decoding=\"async\" src=\"\/wp-content\/themes\/generatepress\/tools\/assets\/img\/test_result\/2\/1.png\" style=\"display: none\" alt=\"\" title=\"\">\r\n                  <img decoding=\"async\" src=\"\/wp-content\/themes\/generatepress\/tools\/assets\/img\/test_result\/0\/1.png\" style=\"display: none\" alt=\"\" title=\"\">\r\n                  <img decoding=\"async\" src=\"\/wp-content\/themes\/generatepress\/tools\/assets\/img\/test_result\/6\/1.png\" style=\"display: none\" alt=\"\" title=\"\">\r\n                  <img decoding=\"async\" src=\"\/wp-content\/themes\/generatepress\/tools\/assets\/img\/test_result\/7\/1.png\" style=\"display: none\" alt=\"\" title=\"\">\r\n                  <img decoding=\"async\" src=\"\/wp-content\/themes\/generatepress\/tools\/assets\/img\/test_result\/4\/1.png\" style=\"display: none\" alt=\"\" title=\"\">\r\n                  <script>\r\n                     var test_result = {\"ratings\":{\"min\":0,\"max\":5},\"rating_ranks\":[\"Your Rank is Snail!\",\"Your Rank is Koala!\",\"Your Rank is Turtle!\",\"Your Rank is Panda!\",\"Your Rank is Hare!\",\"Your Rank is Kangaroo!\",\"Your Rank is Panther!\",\"Your Rank is Cheetah!\"],\"cps_scale\":[[0,1],[1,3],[3,5],[5,7],[7,9],[9,10],[10,12],[12,999]],\"files\":{\"3\":[\"\\\/wp-content\\\/themes\\\/generatepress\\\/tools\\\\assets\\\/img\\\/test_result\\\/3\\\/1.png\"],\"5\":[\"\\\/wp-content\\\/themes\\\/generatepress\\\/tools\\\\assets\\\/img\\\/test_result\\\/5\\\/1.png\"],\"1\":[\"\\\/wp-content\\\/themes\\\/generatepress\\\/tools\\\\assets\\\/img\\\/test_result\\\/1\\\/1.png\"],\"2\":[\"\\\/wp-content\\\/themes\\\/generatepress\\\/tools\\\\assets\\\/img\\\/test_result\\\/2\\\/1.png\"],\"0\":[\"\\\/wp-content\\\/themes\\\/generatepress\\\/tools\\\\assets\\\/img\\\/test_result\\\/0\\\/1.png\"],\"6\":[\"\\\/wp-content\\\/themes\\\/generatepress\\\/tools\\\\assets\\\/img\\\/test_result\\\/6\\\/1.png\"],\"7\":[\"\\\/wp-content\\\/themes\\\/generatepress\\\/tools\\\\assets\\\/img\\\/test_result\\\/7\\\/1.png\"],\"4\":[\"\\\/wp-content\\\/themes\\\/generatepress\\\/tools\\\\assets\\\/img\\\/test_result\\\/4\\\/1.png\"]}};\r\n                     var language = {\"code\":\"en\",\"name\":\"English\",\"prefix\":\"\"};\r\n                     var monitoringClickEvent = 'left';\r\n                     var shareTextDefault = 'My CPS result is {speed} ({clicks} Clicks in {time} Seconds)';\r\n                  <\/script>        \r\n               <\/div>\r\n            <\/section>\r\n\t\t\r\n\t<\/div>\r\n<\/div>\r\n\r\n    <script src=\"\/wp-content\/themes\/generatepress\/tools\/assets\/js\/libs.min.js\"><\/script>\r\n      <script src=\"\/wp-content\/themes\/generatepress\/tools\/assets\/js\/main.min.js?v64\"><\/script>\r\n\n\n\n\n<div style=\"height:5px\" aria-hidden=\"true\" class=\"wp-block-spacer\"><\/div>\n\n\n\n<p>En la cifereca epoko, kie efikeco kaj rapideco estas plej gravaj, la kapablo klaki rapide kaj precize fari\u011dis \u0109iam pli grava. La 100 Dua CPS-Testo estas simpla sed efika interreta ilo, kiu mezuras la klakan rapidon kaj precizecon ene de 100 sekundoj. En \u0109i tiu artikolo, ni esploros la signifon de \u0109i tiu testo, \u011dian metodaron, kaj kiel \u011di povas esti amuza maniero defii kaj plibonigi siajn klakkapablojn.<\/p>\n\n\n\n<p><\/p>\n\n\n<div class=\"wp-block-image\">\n<figure class=\"aligncenter size-full\"><img loading=\"lazy\" decoding=\"async\" width=\"1000\" height=\"500\" src=\"https:\/\/cpstesters.com\/wp-content\/uploads\/2022\/08\/100-sec-CPs-TESt.jpg\" alt=\"100 Dua CPS-Testo\" class=\"wp-image-290\" title=\"\" srcset=\"https:\/\/cpstesters.com\/wp-content\/uploads\/2022\/08\/100-sec-CPs-TESt.jpg 1000w, https:\/\/cpstesters.com\/wp-content\/uploads\/2022\/08\/100-sec-CPs-TESt-300x150.jpg 300w, https:\/\/cpstesters.com\/wp-content\/uploads\/2022\/08\/100-sec-CPs-TESt-768x384.jpg 768w\" sizes=\"auto, (max-width: 1000px) 100vw, 1000px\" \/><\/figure>\n<\/div>\n\n\n<p><\/p>\n\n\n\n<h3 class=\"wp-block-heading\">Kompreni la 100 Duan CPS-Teston:<\/h3>\n\n\n\n<p>La 100 Dua&nbsp;<a href=\"https:\/\/cpstesters-com.translate.goog\/?_x_tr_sl=en&amp;_x_tr_tl=nl&amp;_x_tr_hl=en&amp;_x_tr_pto=wapp\" rel=\"noopener\">CPS-Testo estas desegnita por taksi la indicon&nbsp;<\/a><a href=\"https:\/\/cpstesters-com.translate.goog\/tap-speed-test\/?_x_tr_sl=en&amp;_x_tr_tl=nl&amp;_x_tr_hl=en&amp;_x_tr_pto=wapp\" rel=\"noopener\">de Klako per Sekundo<\/a>&nbsp;(CPS)&nbsp;de individuo .&nbsp;CPS rilatas al la nombro da klakoj kiujn persono povas fari ene de sekundo. La testo disponigas allogan platformon kie uzantoj povas montri sian klakan lertecon kaj kompari siajn rezultojn kun aliaj.<\/p>\n\n\n\n<h3 class=\"wp-block-heading\">Metodologio:<\/h3>\n\n\n\n<p>Por fari la 100 Duan CPS-Teston, oni simple bezonas viziti la elektitan retejon a\u016d platformon gastigantan la teston. La uzanto estas prezentita kun tempigilo kiu komencas kalkuli malsupren de 100 sekundoj. Dum \u0109i tiu tempo, la uzanto devas rapide klaki sur la donita cela areo kiel eble plej multajn fojojn. Post kiam la tempigilo fini\u011das, la testo a\u016dtomate kalkulas la CPS-indico kaj prezentas la finan poentaron.<\/p>\n\n\n\n<h3 class=\"wp-block-heading\">Avanta\u011doj kaj Signifo:<\/h3>\n\n\n\n<ol class=\"wp-block-list\">\n<li>Reflekso kaj Man-Okula Kunordigo: La 100 Dua CPS-Testo helpas plibonigi refleksojn kaj man-okulan kunordigon. Trejnante kaj provante atingi pli altajn CPS-tarifojn, individuoj povas plibonigi sian kapablon prilabori vidajn stimulojn kaj respondi rapide.<\/li>\n\n\n\n<li>Videoludado kaj E-Sportoj: Klakrapideco kaj precizeco estas decidaj en diversaj ludscenaroj, precipe en konkurencivaj e-sportoj. La 100 Dua CPS-Testo povas funkcii kiel trejna ilo por ludantoj por plifortigi sian reagtempon kaj akiri konkurencivan avanta\u011don.<\/li>\n\n\n\n<li>Profesia Produktiveco: En profesioj kiuj implikas ampleksan komputilan uzadon, kiel ekzemple eniro de datumoj a\u016d grafika dezajno, pli alta CPS-indico povas signife plibonigi produktivecon. La testo povas esti uzata kiel memtaksa ilo por monitori kaj plibonigi klakrapidecon, kondukante al pliigita efikeco en la laboro.<\/li>\n\n\n\n<li>Amika Konkurso: La 100 Dua CPS-Testo donas \u015dancon por amika konkurado inter amikoj, kolegoj a\u016d interretaj komunumoj. Uzantoj povas kompari siajn poentarojn, defii unu la alian kaj klopodi por atingi pli altajn CPS-tarifojn, aldonante amuzan kaj konkurencivan elementon al la sperto.<\/li>\n<\/ol>\n\n\n\n<h3 class=\"wp-block-heading\">Konsiletoj por Plibonigi CPS-Inporton:<\/h3>\n\n\n\n<ol class=\"wp-block-list\">\n<li>Praktiku Regule: Kiel ajna kapablo, klakrapideco kaj precizeco povas esti plibonigitaj per konsekvenca praktiko. Ju pli vi okupi\u011das pri la 100 Dua CPS-Testo, des pli bone vi fari\u011das klakante rapide kaj precize.<\/li>\n\n\n\n<li>Fokuso kaj Koncentri\u011do: Konservu fokuson kaj koncentri\u011don dum la testo. Minimumu distra\u0135ojn kaj strebu klaki sur la cela areo precize, evitante nenecesajn erarojn.<\/li>\n\n\n\n<li>Malstre\u0109aj Teknikoj: Uzu malstre\u0109ajn teknikojn kiel profundan spiradon kaj konservi malstre\u0109itan tenon sur la muso a\u016d trackpad. Stre\u0109iteco kaj streso povas malhelpi agadon, do resti trankvila kaj trankvila estas esenca.<\/li>\n<\/ol>\n\n\n\n<p>La 100 Dua CPS-Testo ofertas simplan sed efikan manieron mezuri klakan rapidecon kaj precizecon. \u011ci funkcias kiel valora ilo por individuoj ser\u0109antaj plibonigi siajn refleksojn, man-okulan kunordigon kaj produktivecon. \u0108u por videoludado, profesiaj celoj a\u016d amika konkurado, \u0109i tiu testo provizas allogan platformon por defii sin kaj plibonigi klakkapablojn. Do, kial ne provi \u011din kaj vidi kiom rapida kaj preciza povas esti via klakado?<\/p>\n\n\n\n<h3 class=\"wp-block-heading\">Niaj Plej Popularaj Testoj<\/h3>\n\n\n\n<ul class=\"wp-block-list\">\n<li><a href=\"https:\/\/cpstesters-com.translate.goog\/?_x_tr_sl=en&amp;_x_tr_tl=nl&amp;_x_tr_hl=en&amp;_x_tr_pto=wapp\" rel=\"noopener\">CPS-Testo<\/a><\/li>\n\n\n\n<li><a href=\"https:\/\/cpstesters-com.translate.goog\/jitter-click-test\/?_x_tr_sl=en&amp;_x_tr_tl=nl&amp;_x_tr_hl=en&amp;_x_tr_pto=wapp\" rel=\"noopener\">Jitter Klaku Testo<\/a><\/li>\n\n\n\n<li><a href=\"https:\/\/cpstesters-com.translate.goog\/kohi-click-test\/?_x_tr_sl=en&amp;_x_tr_tl=nl&amp;_x_tr_hl=en&amp;_x_tr_pto=wapp\" rel=\"noopener\">Kohi Klaku Testo<\/a><\/li>\n\n\n\n<li><a href=\"https:\/\/cpstesters-com.translate.goog\/butterfly-click-test\/?_x_tr_sl=en&amp;_x_tr_tl=nl&amp;_x_tr_hl=en&amp;_x_tr_pto=wapp\" target=\"_blank\" rel=\"noreferrer noopener\">Papilio Klaku Testo<\/a><\/li>\n<\/ul>\n","protected":false},"excerpt":{"rendered":"<p>100 Dua CPS-Testo estas la plej bona, kontrolu kiom rapide vi povas klaki kun via eltenemo kaj pacienco en 100 sekundoj da tempo! En la &#8230; <\/p>\n<p class=\"read-more-container\"><a title=\"100 Dua CPS-Testo | Kontrolu Klakrapidecon\" class=\"read-more button\" href=\"https:\/\/cpstesters.com\/eo\/100-second-cps-test\/#more-2124\" aria-label=\"Read more about 100 Dua CPS-Testo | Kontrolu Klakrapidecon\">Read More<\/a><\/p>\n","protected":false},"author":4,"featured_media":0,"parent":0,"menu_order":0,"comment_status":"closed","ping_status":"closed","template":"","meta":{"footnotes":""},"class_list":["post-2124","page","type-page","status-publish"],"_links":{"self":[{"href":"https:\/\/cpstesters.com\/eo\/wp-json\/wp\/v2\/pages\/2124","targetHints":{"allow":["GET"]}}],"collection":[{"href":"https:\/\/cpstesters.com\/eo\/wp-json\/wp\/v2\/pages"}],"about":[{"href":"https:\/\/cpstesters.com\/eo\/wp-json\/wp\/v2\/types\/page"}],"author":[{"embeddable":true,"href":"https:\/\/cpstesters.com\/eo\/wp-json\/wp\/v2\/users\/4"}],"replies":[{"embeddable":true,"href":"https:\/\/cpstesters.com\/eo\/wp-json\/wp\/v2\/comments?post=2124"}],"version-history":[{"count":7,"href":"https:\/\/cpstesters.com\/eo\/wp-json\/wp\/v2\/pages\/2124\/revisions"}],"predecessor-version":[{"id":5976,"href":"https:\/\/cpstesters.com\/eo\/wp-json\/wp\/v2\/pages\/2124\/revisions\/5976"}],"wp:attachment":[{"href":"https:\/\/cpstesters.com\/eo\/wp-json\/wp\/v2\/media?parent=2124"}],"curies":[{"name":"wp","href":"https:\/\/api.w.org\/{rel}","templated":true}]}}