{"id":1924,"date":"2024-07-16T13:59:03","date_gmt":"2024-07-16T13:59:03","guid":{"rendered":"https:\/\/cpstesters.com\/10-dua-cps-testo-kontrolu-viajn-klakojn\/"},"modified":"2024-09-17T06:40:29","modified_gmt":"2024-09-17T06:40:29","slug":"10-second-cps-test","status":"publish","type":"page","link":"https:\/\/cpstesters.com\/eo\/10-second-cps-test\/","title":{"rendered":"10 Dua CPS-Testo | Kontrolu Viajn Klakojn"},"content":{"rendered":"\n<p>La 10 Dua CPS-Testo estas rapid-bazita klakludo, kiu permesas vin determini vian klakrapidecon en 10 sekundoj.<\/p>\n <div class=\"row\">\r\n\t<div class=\"col-md-4\">\r\n\r\n\t\t\r\n\t\t\r\n\t\t<div class=\"side_nav\">\r\n            \r\n            \r\n            <ul class=\"time\">\r\n            <li>\r\n             <a href=\"https:\/\/cpstesters.com\/1-second-cps-test\/\"> <span data-time=\"1\">1 Second Test<\/span><\/a>\r\n            <\/li><li>\r\n             <a href=\"https:\/\/cpstesters.com\/2-second-cps-test\/\"><span data-time=\"2\">2 Second Test<\/span><\/a>\r\n            <\/li><li>\r\n           <a href=\"https:\/\/cpstesters.com\/5-second-cps-test\/\"><span data-time=\"5\">5 Second Test<\/span><\/a>\r\n            <\/li><li>\r\n\t\t\t\t <a href=\"https:\/\/cpstesters.com\/10-second-cps-test\/\"><span data-time=\"10\" class=\"active\">10 Second Test<\/span><\/a>\r\n            <\/li><li>\r\n             <a href=\"https:\/\/cpstesters.com\/15-second-click-test\/\"><span data-time=\"15\">15 Second Test<\/span><\/a>\r\n            <\/li>\r\n\t\t\t\t\t <li>\r\n             <a href=\"https:\/\/cpstesters.com\/30-second-cps-test\/\"><span data-time=\"30\">30 Second Test<\/span><\/a>\r\n            <\/li><li>\r\n\t\t\t\t<li>\r\n             <a href=\"https:\/\/cpstesters.com\/60-second-cps-test\/\"><span data-time=\"60\">60 Second Test<\/span><\/a>\r\n            <\/li><li>\r\n\t\t\t\t<li>\r\n             <a href=\"https:\/\/cpstesters.com\/100-second-cps-test\/\"><span data-time=\"100\">100 Second Test<\/span><\/a>\r\n            <\/li>\r\n\t\t\t\t\r\n\t\t\t\t<li>\r\n             <a href=\"https:\/\/cpstesters.com\/manual-click-test\/\"><span data-time=\"20\">Manual Click Test<\/span><\/a>\r\n            <\/li><\/ul>\r\n            <\/div>\r\n\t\t\r\n\t\t\r\n\t<\/div>\r\n\t<div class=\"col-md-8\">\r\n\t\t<section class=\"section section--full js-section-full section--click\">\r\n               <div class=\"container\">\r\n\t\t\t\t   \r\n\t\t\t\t         <div class=\"setting\">\r\n    <div class=\"theme-mode\"><a class=\"theme-mode__switch js-switch\" href=\"javascript:void(0);\"><\/a>\r\n        <div class=\"theme-mode__text\">Light \/ Dark mode<\/div>\r\n    <\/div>\r\n<\/div>\r\n\t\t\t\t   \r\n\t\t\t\t   \r\n                  <div class=\"statistics\">\r\n                     <div class=\"statistics__item statistics__item--timer\">\r\n                        <div class=\"statistics__number\">\r\n                           <span class=\"js-time number_timer\">10.00<\/span>\r\n                           <a class=\"statistics__arrow statistics__arrow--up js-time-up\" href=\"javascript:void(0);\">\r\n                              <svg class=\"icon icon-arrow-up \">\r\n                                 <use xlink:href=\"\/wp-content\/themes\/generatepress\/tools\/assets\/img\/spritesvg.svg#arrow-up\"><\/use>\r\n                              <\/svg>\r\n                           <\/a>\r\n                           <a class=\"statistics__arrow statistics__arrow--down js-time-down\" href=\"javascript:void(0);\">\r\n                              <svg class=\"icon icon-arrow-up \">\r\n                                 <use xlink:href=\"\/wp-content\/themes\/generatepress\/tools\/assets\/img\/spritesvg.svg#arrow-up\"><\/use>\r\n                              <\/svg>\r\n                           <\/a>\r\n                        <\/div>\r\n                        <div class=\"statistics__title\">Timer<\/div>\r\n                     <\/div>\r\n                     <div class=\"statistics__item statistics__item--clicks\">\r\n                        <div class=\"statistics__number number_clicks js-speed\">0.00<\/div>\r\n                        <div class=\"statistics__title\">Clicks \/ s<\/div>\r\n                     <\/div>\r\n                     <div class=\"statistics__item statistics__item--score\">\r\n                        <div class=\"statistics__number number_score js-score\">0<\/div>\r\n                        <div class=\"statistics__title\">Score<\/div>\r\n                     <\/div>\r\n                  <\/div>\r\n                  <div class=\"clicks-zone\">\r\n                     <div class=\"clicks-zone__start js-clicks-start\">\r\n                        <svg class=\"icon icon-click \">\r\n                           <use xlink:href=\"\/wp-content\/themes\/generatepress\/tools\/assets\/img\/spritesvg.svg#click\"><\/use>\r\n                        <\/svg>\r\n                        <div class=\"clicks-zone__start-title\">\u0421lick here to start cps test<\/div>\r\n                     <\/div>\r\n                     <div class=\"clicks-zone__clicks js-clicks\"><\/div>\r\n                     <div class=\"clicks-zone__result result-clicks js-clicks-result\">\r\n                        <div class=\"result-clicks__title rank-wrapper\"><\/div>\r\n                        <div class=\"result-clicks__text\">Your CPS result is <span class=\"speed js-stat-speed\"><\/span> (<span class=\"clicks js-stat-clicks\"><\/span> Clicks in <span class=\"time js-stat-time\"><\/span> Seconds)<\/div>\r\n                        <div class=\"result-clicks__img\"><img><\/div>\r\n                        <a class=\"result-clicks__btn js-try-again\" href=\"javascript:void(0);\">\r\n                           <svg class=\"icon icon-again \">\r\n                              <use xlink:href=\"\/wp-content\/themes\/generatepress\/tools\/assets\/img\/spritesvg.svg#again\"><\/use>\r\n                           <\/svg>\r\n                           Restart\r\n                        <\/a>\r\n                        <div class=\"result-clicks__share\">\r\n                           <div class=\"result-clicks__share-title\">Share your result with friends!<\/div>\r\n                           <div class=\"share-buttons\">\r\n                              <a class=\"share-button facebook\" data-href=\"https:\/\/www.facebook.com\/sharer\/sharer.php?u=https:\/\/cpstesters.com\/\" target=\"_blank\" onclick=\"goclicky(this); return false;\" rel=\"noopener\">Facebook<\/a>\r\n                              <a class=\"share-button twitter\" data-href=\"http:\/\/www.twitter.com\/share?url=https:\/\/cpstesters.com\/&text=[text]\" target=\"_blank\" onclick=\"goclicky(this); return false;\" rel=\"noopener\">Twitter<\/a>\r\n                              <a class=\"share-button whatsapp\" data-href=\"https:\/\/api.whatsapp.com\/send?text=[text]\" target=\"_blank\" onclick=\"goclicky(this); return false;\" rel=\"noopener\">WhatsApp<\/a>\r\n                              <a class=\"share-button reddit\" data-href=\"http:\/\/www.reddit.com\/submit?url=https:\/\/cpstesters.com\/&title=[text]\" target=\"_blank\" onclick=\"goclicky(this); return false;\" rel=\"noopener\">Reddit<\/a>\r\n                           <\/div>\r\n                        <\/div>\r\n                     <\/div>\r\n                  <\/div>\r\n                  <img decoding=\"async\" src=\"\/wp-content\/themes\/generatepress\/tools\/assets\/img\/test_result\/3\/1.png\" style=\"display: none\" alt=\"\" title=\"\">\r\n                  <img decoding=\"async\" src=\"\/wp-content\/themes\/generatepress\/tools\/assets\/img\/test_result\/5\/1.png\" style=\"display: none\" alt=\"\" title=\"\">\r\n                  <img decoding=\"async\" src=\"\/wp-content\/themes\/generatepress\/tools\/assets\/img\/test_result\/1\/1.png\" style=\"display: none\" alt=\"\" title=\"\">\r\n                  <img decoding=\"async\" src=\"\/wp-content\/themes\/generatepress\/tools\/assets\/img\/test_result\/2\/1.png\" style=\"display: none\" alt=\"\" title=\"\">\r\n                  <img decoding=\"async\" src=\"\/wp-content\/themes\/generatepress\/tools\/assets\/img\/test_result\/0\/1.png\" style=\"display: none\" alt=\"\" title=\"\">\r\n                  <img decoding=\"async\" src=\"\/wp-content\/themes\/generatepress\/tools\/assets\/img\/test_result\/6\/1.png\" style=\"display: none\" alt=\"\" title=\"\">\r\n                  <img decoding=\"async\" src=\"\/wp-content\/themes\/generatepress\/tools\/assets\/img\/test_result\/7\/1.png\" style=\"display: none\" alt=\"\" title=\"\">\r\n                  <img decoding=\"async\" src=\"\/wp-content\/themes\/generatepress\/tools\/assets\/img\/test_result\/4\/1.png\" style=\"display: none\" alt=\"\" title=\"\">\r\n                  <script>\r\n                     var test_result = {\"ratings\":{\"min\":0,\"max\":5},\"rating_ranks\":[\"Your Rank is Snail!\",\"Your Rank is Koala!\",\"Your Rank is Turtle!\",\"Your Rank is Panda!\",\"Your Rank is Hare!\",\"Your Rank is Kangaroo!\",\"Your Rank is Panther!\",\"Your Rank is Cheetah!\"],\"cps_scale\":[[0,1],[1,3],[3,5],[5,7],[7,9],[9,10],[10,12],[12,999]],\"files\":{\"3\":[\"\\\/wp-content\\\/themes\\\/generatepress\\\/tools\\\\assets\\\/img\\\/test_result\\\/3\\\/1.png\"],\"5\":[\"\\\/wp-content\\\/themes\\\/generatepress\\\/tools\\\\assets\\\/img\\\/test_result\\\/5\\\/1.png\"],\"1\":[\"\\\/wp-content\\\/themes\\\/generatepress\\\/tools\\\\assets\\\/img\\\/test_result\\\/1\\\/1.png\"],\"2\":[\"\\\/wp-content\\\/themes\\\/generatepress\\\/tools\\\\assets\\\/img\\\/test_result\\\/2\\\/1.png\"],\"0\":[\"\\\/wp-content\\\/themes\\\/generatepress\\\/tools\\\\assets\\\/img\\\/test_result\\\/0\\\/1.png\"],\"6\":[\"\\\/wp-content\\\/themes\\\/generatepress\\\/tools\\\\assets\\\/img\\\/test_result\\\/6\\\/1.png\"],\"7\":[\"\\\/wp-content\\\/themes\\\/generatepress\\\/tools\\\\assets\\\/img\\\/test_result\\\/7\\\/1.png\"],\"4\":[\"\\\/wp-content\\\/themes\\\/generatepress\\\/tools\\\\assets\\\/img\\\/test_result\\\/4\\\/1.png\"]}};\r\n                     var language = {\"code\":\"en\",\"name\":\"English\",\"prefix\":\"\"};\r\n                     var monitoringClickEvent = 'left';\r\n                     var shareTextDefault = 'My CPS result is {speed} ({clicks} Clicks in {time} Seconds)';\r\n                  <\/script>        \r\n               <\/div>\r\n            <\/section>\r\n\t\t\r\n\t<\/div>\r\n<\/div>\r\n\r\n    <script src=\"\/wp-content\/themes\/generatepress\/tools\/assets\/js\/libs.min.js\"><\/script>\r\n      <script src=\"\/wp-content\/themes\/generatepress\/tools\/assets\/js\/main.min.js?v64\"><\/script>\r\n\n\n<p><\/p>\n\n<h2 class=\"wp-block-heading\">Kio Estas 10 Dua CPS-Testo<\/h2>\n\n<p>\u0108i tiu 10 sekunda klakotesto celas pruvi vian klakan rapidecon. La programaro estas bonega maniero por homoj mortigi tempon kaj amuzi\u011di kiam ili ne funkcias. En pliigoj de 10 sekundoj, la aparato montras kiom rapide vi klakas en 10 sekundoj.<\/p>\n\n<p>La 10-sekunda klaktesto havas simplan dezajnon, kaj por trapasi \u011din, vi devas klaki la celon kiel eble plej rapide. La klaktesta 10-sekunda ilo donos al vi \u011deneralan poentaron kaj kelkajn komentojn post kiam vi finos klakadon.<\/p>\n\n<p>Se vi volas perfektigi viajn tren-klakkapablojn, la Klaku-Provo 10 Sekundoj estas mirinda rimedo. En nur 10 sekundoj klaku, vi povas lerni rapide klaki. La 10 sekunda klakilo estas ne nur utila senpaga rimedo sed anka\u016d amuza maniero mortigi tempon.<\/p>\n\n<p class=\"has-text-align-center has-base-3-color has-text-color has-background has-medium-font-size\" style=\"background-color:#ffb15e\">La \u011deneralaj klakoj je dua provo povas esti prenita \u0109e <a href=\"https:\/\/cpstesters.com\/eo\/\" target=\"_blank\" rel=\"noreferrer noopener\">CPS-Testo<\/a><\/p>\n<div class=\"wp-block-image\">\n<figure class=\"aligncenter size-full\"><img loading=\"lazy\" decoding=\"async\" width=\"1000\" height=\"500\" src=\"https:\/\/cpstesters.com\/wp-content\/uploads\/2022\/08\/Untitled-design-2.jpg\" alt=\"10 Dua CPS-Testo\" class=\"wp-image-175\" title=\"\" srcset=\"https:\/\/cpstesters.com\/wp-content\/uploads\/2022\/08\/Untitled-design-2.jpg 1000w, https:\/\/cpstesters.com\/wp-content\/uploads\/2022\/08\/Untitled-design-2-300x150.jpg 300w, https:\/\/cpstesters.com\/wp-content\/uploads\/2022\/08\/Untitled-design-2-768x384.jpg 768w\" sizes=\"auto, (max-width: 1000px) 100vw, 1000px\" \/><figcaption class=\"wp-element-caption\">10 Dua CPS-Testo<\/figcaption><\/figure>\n<\/div>\n<h2 class=\"wp-block-heading\">Kiel mi povas akiri Pli Rapidajn Klakojn je Sekundo?<\/h2>\n\n<p>La sekvaj metodoj povas esti uzataj por altigi viajn cps (Klakoj sekundo):<\/p>\n\n<ul class=\"wp-block-list\">\n<li>La plej bona konsilo estas uzi videoludan muson anstata\u016d norman muson kaj resti for de la trackpad sur via tekkomputilo.<\/li>\n\n\n\n<li>Klakaj metodoj kiel tremoklakado kaj papilia klakado estas bonegaj por komenci.<\/li>\n\n\n\n<li>Al\u011dustigu la sentivecon de via muso kaj praktiku pafadojn plej rapide por plibonigi vian celon.<\/li>\n<\/ul>\n\n<h2 class=\"wp-block-heading\">CPS-Testo 10-Duaj Trompoj<\/h2>\n\n<p>Oni devas esti konscia pri la nuna rekordulo en klaktestludo anta\u016d ol fiksi novan. Kun nova rekordo de 22 CPS post nur 10 sekundoj da klakado, vi starigis novan normon. Kreu novan se vi \u015datas; estas \u015dparvojoj al famo, kiujn vi povas preni.<\/p>\n\n<ul class=\"wp-block-list\">\n<li>La a\u016dtomataj klakiloj estas la plej efikaj rimedoj, sed la dua aliro estas tiu, kiun vi devas preni se vi taksas honestecon.<\/li>\n\n\n\n<li>Papilioklakoj, Tren-klakoj kaj Jitter-klakoj estas \u0109iuj opcioj.<\/li>\n\n\n\n<li>La Klaka Rapida Testo estas via por regi kun pli da praktiko.<\/li>\n\n\n\n<li>Se vi metas la tempon kaj penon postulatajn, anka\u016d vi povas atingi la rangon de Cheetah en la klaka rapidtestludo.<\/li>\n<\/ul>\n\n<h2 class=\"wp-block-heading has-text-align-center\">Oftaj Demandoj<\/h2>\n\n<h3 class=\"wp-block-heading\"><strong>Kiom da klakoj sekundo faras la avera\u011da ludanto?<\/strong><\/h3>\n\n<p>La\u016d profesiaj ludantoj, la avera\u011da framfrekvenco estas 6, kvankam \u011di povus esti io ajn de 5 \u011dis 7 FPS. Iuj altnivelaj ludantoj kapablas \u011dis dek klakoj je sekundo. Dum vi havas solidan aliron kaj bone organizitan planon, vi povas plenumi \u0109i tion.<\/p>\n\n<h3 class=\"wp-block-heading\"><strong>Kiam mi klakas mian cps, kiom rapide \u011di iras?<\/strong><\/h3>\n\n<p>Vidi kaj taksi vian cps-klakritmon postulas ne pli da penado de via flanko. Agordo de tempolimo kaj klakado en ajna ordo bone uzos niajn Klakrapidecajn Testilojn. Kiam la tempo fini\u011das, fenestro malfermi\u011dos kun la fina poentaro de via testo.<\/p>\n\n<h3 class=\"wp-block-heading\"><strong>Kie oni trovas la rekordon por la plej rapida CPS-testo en 10 sekundoj?<\/strong><\/h3>\n\n<p>Dum tiu fenestro, maksimuma CPS de 23.9 estas atingebla (239 klakoj). farita de Yukang Jiang, usona cps-testilo.<\/p>\n\n<h2 class=\"wp-block-heading\">Finaj Vortoj 10 Sekundoj Klaku Testo<\/h2>\n\n<p>La klaktesto 10 sekundo estas rimarkinda aplika\u0135o, kiu estis evoluigita por provi la klakrapidecon de la uzanto. La retejo havas uzantinterfacon, kiu estas simpla uzebla, kaj \u011di povas pliigi la nombron da fojoj por sekundo, kiun vi klakas. Ne atendu kaj kontrolu la teston!<\/p>\n","protected":false},"excerpt":{"rendered":"<p>La 10 Dua CPS-Testo estas rapid-bazita klakludo, kiu permesas vin determini vian klakrapidecon en 10 sekundoj. Kio Estas 10 Dua CPS-Testo \u0108i tiu 10 sekunda &#8230; <\/p>\n<p class=\"read-more-container\"><a title=\"10 Dua CPS-Testo | Kontrolu Viajn Klakojn\" class=\"read-more button\" href=\"https:\/\/cpstesters.com\/eo\/10-second-cps-test\/#more-1924\" aria-label=\"Read more about 10 Dua CPS-Testo | Kontrolu Viajn Klakojn\">Read More<\/a><\/p>\n","protected":false},"author":4,"featured_media":990,"parent":0,"menu_order":0,"comment_status":"closed","ping_status":"closed","template":"","meta":{"footnotes":""},"class_list":["post-1924","page","type-page","status-publish","has-post-thumbnail"],"_links":{"self":[{"href":"https:\/\/cpstesters.com\/eo\/wp-json\/wp\/v2\/pages\/1924","targetHints":{"allow":["GET"]}}],"collection":[{"href":"https:\/\/cpstesters.com\/eo\/wp-json\/wp\/v2\/pages"}],"about":[{"href":"https:\/\/cpstesters.com\/eo\/wp-json\/wp\/v2\/types\/page"}],"author":[{"embeddable":true,"href":"https:\/\/cpstesters.com\/eo\/wp-json\/wp\/v2\/users\/4"}],"replies":[{"embeddable":true,"href":"https:\/\/cpstesters.com\/eo\/wp-json\/wp\/v2\/comments?post=1924"}],"version-history":[{"count":5,"href":"https:\/\/cpstesters.com\/eo\/wp-json\/wp\/v2\/pages\/1924\/revisions"}],"predecessor-version":[{"id":4044,"href":"https:\/\/cpstesters.com\/eo\/wp-json\/wp\/v2\/pages\/1924\/revisions\/4044"}],"wp:featuredmedia":[{"embeddable":true,"href":"https:\/\/cpstesters.com\/eo\/wp-json\/wp\/v2\/media\/990"}],"wp:attachment":[{"href":"https:\/\/cpstesters.com\/eo\/wp-json\/wp\/v2\/media?parent=1924"}],"curies":[{"name":"wp","href":"https:\/\/api.w.org\/{rel}","templated":true}]}}