{"id":1885,"date":"2024-07-16T14:08:15","date_gmt":"2024-07-16T14:08:15","guid":{"rendered":"https:\/\/cpstesters.com\/5-dua-cps-testo-kontrolu-viajn-klakojn-rapidecon\/"},"modified":"2024-09-17T09:28:02","modified_gmt":"2024-09-17T09:28:02","slug":"5-second-cps-test","status":"publish","type":"page","link":"https:\/\/cpstesters.com\/eo\/5-second-cps-test\/","title":{"rendered":"5 Dua CPS-Testo | Kontrolu Viajn Klakojn-Rapidecon"},"content":{"rendered":"\n<p>La 5 Dua CPS-Testo estas rapida rapida klaktestludo. Se vi estas komencanto, \u011di helpos vin kontroli kiom rapide vi povas klaki en 5 sekundoj.<\/p>\n<div class=\"row\">\r\n\t<div class=\"col-md-4\">\r\n\r\n\t\t\r\n\t\t\r\n\t\t<div class=\"side_nav\">\r\n            \r\n            \r\n             <ul class=\"time\">\r\n            <li>\r\n             <a href=\"https:\/\/cpstesters.com\/1-second-cps-test\/\"> <span data-time=\"1\">1 Second Test<\/span><\/a>\r\n            <\/li><li>\r\n             <a href=\"https:\/\/cpstesters.com\/2-second-cps-test\/\"><span data-time=\"2\">2 Second Test<\/span><\/a>\r\n            <\/li><li>\r\n           <a href=\"https:\/\/cpstesters.com\/5-second-cps-test\/\"><span data-time=\"5\" class=\"active\">5 Second Test<\/span><\/a>\r\n            <\/li><li>\r\n\t\t\t\t <a href=\"https:\/\/cpstesters.com\/10-second-cps-test\/\"><span data-time=\"10\">10 Second Test<\/span><\/a>\r\n            <\/li><li>\r\n             <a href=\"https:\/\/cpstesters.com\/15-second-click-test\/\"><span data-time=\"15\">15 Second Test<\/span><\/a>\r\n            <\/li>\r\n\t\t\t\t \t<li>\r\n             <a href=\"https:\/\/cpstesters.com\/30-second-cps-test\/\"><span data-time=\"30\">30 Second Test<\/span><\/a>\r\n            <\/li><li>\r\n\t\t\t\t<li>\r\n             <a href=\"https:\/\/cpstesters.com\/60-second-cps-test\/\"><span data-time=\"60\">60 Second Test<\/span><\/a>\r\n            <\/li><li>\r\n\t\t\t\t<li>\r\n             <a href=\"https:\/\/cpstesters.com\/100-second-cps-test\/\"><span data-time=\"100\">100 Second Test<\/span><\/a>\r\n            <\/li>\r\n\t\t\t\t <li>\r\n             <a href=\"https:\/\/cpstesters.com\/manual-click-test\/\"><span data-time=\"20\">Manual Click Test<\/span><\/a>\r\n            <\/li><\/ul>\r\n            <\/div>\r\n\t\t\r\n\t\t\r\n\t<\/div>\r\n\t<div class=\"col-md-8\">\r\n\t\t<section class=\"section section--full js-section-full section--click\">\r\n               <div class=\"container\">\r\n\t\t\t\t   \r\n\t\t\t\t         <div class=\"setting\">\r\n    <div class=\"theme-mode\"><a class=\"theme-mode__switch js-switch\" href=\"javascript:void(0);\"><\/a>\r\n        <div class=\"theme-mode__text\">Light \/ Dark mode<\/div>\r\n    <\/div>\r\n<\/div>\r\n\t\t\t\t   \r\n\t\t\t\t   \r\n                  <div class=\"statistics\">\r\n                     <div class=\"statistics__item statistics__item--timer\">\r\n                        <div class=\"statistics__number\">\r\n                           <span class=\"js-time number_timer\">5.00<\/span>\r\n                           <a class=\"statistics__arrow statistics__arrow--up js-time-up\" href=\"javascript:void(0);\">\r\n                              <svg class=\"icon icon-arrow-up \">\r\n                                 <use xlink:href=\"\/wp-content\/themes\/generatepress\/tools\/assets\/img\/spritesvg.svg#arrow-up\"><\/use>\r\n                              <\/svg>\r\n                           <\/a>\r\n                           <a class=\"statistics__arrow statistics__arrow--down js-time-down\" href=\"javascript:void(0);\">\r\n                              <svg class=\"icon icon-arrow-up \">\r\n                                 <use xlink:href=\"\/wp-content\/themes\/generatepress\/tools\/assets\/img\/spritesvg.svg#arrow-up\"><\/use>\r\n                              <\/svg>\r\n                           <\/a>\r\n                        <\/div>\r\n                        <div class=\"statistics__title\">Timer<\/div>\r\n                     <\/div>\r\n                     <div class=\"statistics__item statistics__item--clicks\">\r\n                        <div class=\"statistics__number number_clicks js-speed\">0.00<\/div>\r\n                        <div class=\"statistics__title\">Clicks \/ s<\/div>\r\n                     <\/div>\r\n                     <div class=\"statistics__item statistics__item--score\">\r\n                        <div class=\"statistics__number number_score js-score\">0<\/div>\r\n                        <div class=\"statistics__title\">Score<\/div>\r\n                     <\/div>\r\n                  <\/div>\r\n                  <div class=\"clicks-zone\">\r\n                     <div class=\"clicks-zone__start js-clicks-start\">\r\n                        <svg class=\"icon icon-click \">\r\n                           <use xlink:href=\"\/wp-content\/themes\/generatepress\/tools\/assets\/img\/spritesvg.svg#click\"><\/use>\r\n                        <\/svg>\r\n                        <div class=\"clicks-zone__start-title\">\u0421lick here to start cps test<\/div>\r\n                     <\/div>\r\n                     <div class=\"clicks-zone__clicks js-clicks\"><\/div>\r\n                     <div class=\"clicks-zone__result result-clicks js-clicks-result\">\r\n                        <div class=\"result-clicks__title rank-wrapper\"><\/div>\r\n                        <div class=\"result-clicks__text\">Your CPS result is <span class=\"speed js-stat-speed\"><\/span> (<span class=\"clicks js-stat-clicks\"><\/span> Clicks in <span class=\"time js-stat-time\"><\/span> Seconds)<\/div>\r\n                        <div class=\"result-clicks__img\"><img><\/div>\r\n                        <a class=\"result-clicks__btn js-try-again\" href=\"javascript:void(0);\">\r\n                           <svg class=\"icon icon-again \">\r\n                              <use xlink:href=\"\/wp-content\/themes\/generatepress\/tools\/assets\/img\/spritesvg.svg#again\"><\/use>\r\n                           <\/svg>\r\n                           Restart\r\n                        <\/a>\r\n                        <div class=\"result-clicks__share\">\r\n                           <div class=\"result-clicks__share-title\">Share your result with friends!<\/div>\r\n                           <div class=\"share-buttons\">\r\n                              <a class=\"share-button facebook\" data-href=\"https:\/\/www.facebook.com\/sharer\/sharer.php?u=https:\/\/cpstesters.com\/\" target=\"_blank\" onclick=\"goclicky(this); return false;\" rel=\"noopener\">Facebook<\/a>\r\n                              <a class=\"share-button twitter\" data-href=\"http:\/\/www.twitter.com\/share?url=https:\/\/cpstesters.com\/&text=[text]\" target=\"_blank\" onclick=\"goclicky(this); return false;\" rel=\"noopener\">Twitter<\/a>\r\n                              <a class=\"share-button whatsapp\" data-href=\"https:\/\/api.whatsapp.com\/send?text=[text]\" target=\"_blank\" onclick=\"goclicky(this); return false;\" rel=\"noopener\">WhatsApp<\/a>\r\n                              <a class=\"share-button reddit\" data-href=\"http:\/\/www.reddit.com\/submit?url=https:\/\/cpstesters.com\/&title=[text]\" target=\"_blank\" onclick=\"goclicky(this); return false;\" rel=\"noopener\">Reddit<\/a>\r\n                           <\/div>\r\n                        <\/div>\r\n                     <\/div>\r\n                  <\/div>\r\n                  <img decoding=\"async\" src=\"\/wp-content\/themes\/generatepress\/tools\/assets\/img\/test_result\/3\/1.png\" style=\"display: none\" alt=\"\" title=\"\">\r\n                  <img decoding=\"async\" src=\"\/wp-content\/themes\/generatepress\/tools\/assets\/img\/test_result\/5\/1.png\" style=\"display: none\" alt=\"\" title=\"\">\r\n                  <img decoding=\"async\" src=\"\/wp-content\/themes\/generatepress\/tools\/assets\/img\/test_result\/1\/1.png\" style=\"display: none\" alt=\"\" title=\"\">\r\n                  <img decoding=\"async\" src=\"\/wp-content\/themes\/generatepress\/tools\/assets\/img\/test_result\/2\/1.png\" style=\"display: none\" alt=\"\" title=\"\">\r\n                  <img decoding=\"async\" src=\"\/wp-content\/themes\/generatepress\/tools\/assets\/img\/test_result\/0\/1.png\" style=\"display: none\" alt=\"\" title=\"\">\r\n                  <img decoding=\"async\" src=\"\/wp-content\/themes\/generatepress\/tools\/assets\/img\/test_result\/6\/1.png\" style=\"display: none\" alt=\"\" title=\"\">\r\n                  <img decoding=\"async\" src=\"\/wp-content\/themes\/generatepress\/tools\/assets\/img\/test_result\/7\/1.png\" style=\"display: none\" alt=\"\" title=\"\">\r\n                  <img decoding=\"async\" src=\"\/wp-content\/themes\/generatepress\/tools\/assets\/img\/test_result\/4\/1.png\" style=\"display: none\" alt=\"\" title=\"\">\r\n                  <script>\r\n                     var test_result = {\"ratings\":{\"min\":0,\"max\":5},\"rating_ranks\":[\"Your Rank is Snail!\",\"Your Rank is Koala!\",\"Your Rank is Turtle!\",\"Your Rank is Panda!\",\"Your Rank is Hare!\",\"Your Rank is Kangaroo!\",\"Your Rank is Panther!\",\"Your Rank is Cheetah!\"],\"cps_scale\":[[0,1],[1,3],[3,5],[5,7],[7,9],[9,10],[10,12],[12,999]],\"files\":{\"3\":[\"\\\/wp-content\\\/themes\\\/generatepress\\\/tools\\\\assets\\\/img\\\/test_result\\\/3\\\/1.png\"],\"5\":[\"\\\/wp-content\\\/themes\\\/generatepress\\\/tools\\\\assets\\\/img\\\/test_result\\\/5\\\/1.png\"],\"1\":[\"\\\/wp-content\\\/themes\\\/generatepress\\\/tools\\\\assets\\\/img\\\/test_result\\\/1\\\/1.png\"],\"2\":[\"\\\/wp-content\\\/themes\\\/generatepress\\\/tools\\\\assets\\\/img\\\/test_result\\\/2\\\/1.png\"],\"0\":[\"\\\/wp-content\\\/themes\\\/generatepress\\\/tools\\\\assets\\\/img\\\/test_result\\\/0\\\/1.png\"],\"6\":[\"\\\/wp-content\\\/themes\\\/generatepress\\\/tools\\\\assets\\\/img\\\/test_result\\\/6\\\/1.png\"],\"7\":[\"\\\/wp-content\\\/themes\\\/generatepress\\\/tools\\\\assets\\\/img\\\/test_result\\\/7\\\/1.png\"],\"4\":[\"\\\/wp-content\\\/themes\\\/generatepress\\\/tools\\\\assets\\\/img\\\/test_result\\\/4\\\/1.png\"]}};\r\n                     var language = {\"code\":\"en\",\"name\":\"English\",\"prefix\":\"\"};\r\n                     var monitoringClickEvent = 'left';\r\n                     var shareTextDefault = 'My CPS result is {speed} ({clicks} Clicks in {time} Seconds)';\r\n                  <\/script>        \r\n               <\/div>\r\n            <\/section>\r\n\t\t\r\n\t<\/div>\r\n<\/div>\r\n\r\n    <script src=\"\/wp-content\/themes\/generatepress\/tools\/assets\/js\/libs.min.js\"><\/script>\r\n      <script src=\"\/wp-content\/themes\/generatepress\/tools\/assets\/js\/main.min.js?v64\"><\/script>\r\n\n\n<p><\/p>\n\n<p>La rapideco je kiu vi klakas vian muson estas kutime esprimita en CPS, a\u016d klakoj je sekundo. Tiuj interesitaj pri testi a\u016d plibonigi sian CPS por \u0109iutaga uzo a\u016d ludado faras la Klaku-rapidecteston. En videoludoj, klaki la muson egalas al celi kaj pafi.<\/p>\n\n<p>Se vi volas superi vian konkuradon kaj alti\u011di en la rangotabeloj de la ludo, vi devas labori pri via klakrapideco. La plej valoraj ludantoj estas ofte tiuj kun la plej rapida klakrapideco kaj la plej rapida celo. Tial, la CPS-testo estas decida.<\/p>\n\n<p>La klaktesto de 5 sekundoj povas esti kompletigita por plibonigi vian klakan rapidecon je tempointervalo de 5 sekundoj. Se vi volas pruvi vian scipovon en certa tekniko, kiel la tremo a\u016d papilio, vi povas fari klakteston 5 sekundojn en tiu re\u011dimo. Krom helpi vin sukcesi en la aliro, fari la teston komfortigos vin kun la metodo, kiu estos utila en postaj niveloj.<\/p>\n<div class=\"wp-block-image\">\n<figure class=\"aligncenter size-full\"><img loading=\"lazy\" decoding=\"async\" width=\"1000\" height=\"500\" src=\"https:\/\/cpstesters.com\/wp-content\/uploads\/2022\/08\/Untitled-design-1.jpg\" alt=\"5 Dua CPS-Testo\" class=\"wp-image-172\" title=\"\" srcset=\"https:\/\/cpstesters.com\/wp-content\/uploads\/2022\/08\/Untitled-design-1.jpg 1000w, https:\/\/cpstesters.com\/wp-content\/uploads\/2022\/08\/Untitled-design-1-300x150.jpg 300w, https:\/\/cpstesters.com\/wp-content\/uploads\/2022\/08\/Untitled-design-1-768x384.jpg 768w\" sizes=\"auto, (max-width: 1000px) 100vw, 1000px\" \/><figcaption class=\"wp-element-caption\">5 Dua CPS-Testo<\/figcaption><\/figure>\n<\/div>\n<p class=\"has-text-align-center has-base-background-color has-background has-medium-font-size\">Vi Eble Volas Kontroli <a href=\"https:\/\/cpstesters.com\/eo\/\" target=\"_blank\" rel=\"noreferrer noopener\">CPS-Teston<\/a><\/p>\n\n<h2 class=\"wp-block-heading has-text-align-left\">Plej bona Maniero por Altigi 5 Duajn CPS-Test Poentojn<\/h2>\n\n<h3 class=\"wp-block-heading\"><strong>Elektu \u011custan Aliron<\/strong><\/h3>\n\n<p>Elektante \u011dustan aliron por klakado. Akiru pliajn klakojn per iu ajn metodo, kiun vi trovas plej natura por vi fari tion. Pojna doloro estas ebla kromefiko de nedeca ekzekuto de teknikoj kiel tremoklakado kaj la koi-klakmetodo. Kiel rezulto, elekti la \u011dustan aliron estas decida.<\/p>\n\n<h3 class=\"wp-block-heading\"><strong>Elektu la Ta\u016dgan Muson<\/strong><\/h3>\n\n<p>Se vi uzas malbonan muson, vi eble ne povos klaki tiom ofte kiel vi dezirus. Tial bona muso devus esti uzata sur la CPS-Tester kaj en videoludado. Se vi ser\u0109as altnivelan agadon, ludmuso estas via plej bona veto.<\/p>\n\n<h3 class=\"wp-block-heading\"><strong>Praktiku Regule<\/strong><\/h3>\n\n<p>Neniu celo povas esti atingita tuj, \u011di bezonas praktikon kaj persiston. La 5 Sec-klaktesta Regulo devas esti uzata \u0109iutage, kune kun ta\u016dga praktiko kaj bona muso. Kun ta\u016dga aliro kaj unuforma praktiko, vi povas altniveligi vian CPS.<\/p>\n\n<h2 class=\"wp-block-heading has-text-align-left\">Kio estas la Avanta\u011doj de Partopreno en 5 Dua CPS-Testo?<\/h2>\n\n<h3 class=\"wp-block-heading\"><strong>Plibonigu vian Klakan Agadon<\/strong><\/h3>\n\n<p>Trejnado ofte kun la 5-sekunda klakprogramaro ebligos vin plibonigi vian klakadon draste.<\/p>\n\n<h3 class=\"wp-block-heading\"><strong>Plibonigu viajn Klakkapablojn<\/strong><\/h3>\n\n<p>Estas pluraj metodoj por premi la saman musbutonon. Vi povas regi iun el \u0109i tiuj strategioj por klaki la muson efike. \u0108i tiuj metodoj estas transdoneblaj al aliaj areoj, inkluzive de videoludado, post kiam vi regas ilin.<\/p>\n\n<h3 class=\"wp-block-heading\"><strong>Kunhavigi Poentaron<\/strong><\/h3>\n\n<p>Fininte la klakan teston, vi povas dividi viajn rezultojn en aliaj retejoj. Vi anka\u016d povas afi\u015di vian poentaron interrete kaj kura\u011di viajn amikojn venki \u011din farante la teston mem.<\/p>\n\n<h2 class=\"wp-block-heading has-text-align-center\">Oftaj Demandoj<\/h2>\n\n<h3 class=\"wp-block-heading\"><strong>Kiel vi kalkulas Klakojn por Sekundo?<\/strong><\/h3>\n\n<p>Klako por sekundo nombrilo simple kalkulas kiom ofte vi frapetas la ekranon. Por akiri vian CPS, dividu viajn totalajn klakojn per la tuta tempo, kiun vi pasigis klakante.<\/p>\n\n<h3 class=\"wp-block-heading\"><strong>Kio estas 5 dua CPS Monda Rekordo?<\/strong><\/h3>\n\n<p>Dudek cikloj por sekundo estas la plej alta ebla indico (100 klakoj). Jovelyn, cps-testisto el Malajzio, finis \u011din.<\/p>\n\n<h3 class=\"wp-block-heading\"><strong>De kie venas freneza CPS?<\/strong><\/h3>\n\n<p>Altigi vian CPS al absurdaj niveloj postulas senfinajn horojn da praktiko, persistemo kaj fokuso. Havi stabilan interretan konekton kaj altkvalitan videoludan muson helpos vin pli bone plenumi.<\/p>\n\n<h2 class=\"wp-block-heading\">Finaj Vortoj Por Klaka Testo 5 Sekundoj<\/h2>\n\n<p>La CPS-Testo estas amuza kaj malfacila metodo por taksi viajn musklakajn kapablojn. \u0108i tiu testo determinos kiom da CPS viaj dikfingroj povas generi en difinita tempo. Oni povas uzi la klakon per la dua aplika\u0135o por ludi klak-bazitajn ludojn, trejni a\u016d simple amuzi\u011di. \u0108i tiuj senpagaj iloj estas nekredeble uzeblaj, do iu ajn, sendepende de a\u011do, povas uzi ilin por kontroli sian klak-po-sekundan indicon.<\/p>\n\n<p>Iuj Aliaj Klakaj Testoj<\/p>\n\n<ul class=\"wp-block-list\">\n<li><a href=\"https:\/\/cpstesters.com\/eo\/dekstre-klaku-cps-testo\/\" target=\"_blank\" rel=\"noreferrer noopener\">Dekstre Klaku CPS-Testo<\/a><\/li>\n\n\n\n<li><a href=\"https:\/\/cpstesters.com\/eo\/jitter-klaku-testo\/\" target=\"_blank\" rel=\"noreferrer noopener\">Jitter Klaku Testo<\/a><\/li>\n\n\n\n<li><a href=\"https:\/\/cpstesters.com\/eo\/kohi-klaku-testo\/\" target=\"_blank\" rel=\"noreferrer noopener\">Kohi Klaku Testo<\/a><\/li>\n\n\n\n<li><a href=\"https:\/\/cpstesters.com\/eo\/manlibro-klaku-testo\/\" target=\"_blank\" rel=\"noreferrer noopener\">Manlibro Klaku Testo<\/a><\/li>\n\n\n\n<li><a href=\"https:\/\/cpstesters.com\/eo\/papilio-klaku-testo\/\" target=\"_blank\" rel=\"noreferrer noopener\">Papilio Klaku Testo<\/a><\/li>\n<\/ul>\n","protected":false},"excerpt":{"rendered":"<p>La 5 Dua CPS-Testo estas rapida rapida klaktestludo. Se vi estas komencanto, \u011di helpos vin kontroli kiom rapide vi povas klaki en 5 sekundoj. La &#8230; <\/p>\n<p class=\"read-more-container\"><a title=\"5 Dua CPS-Testo | Kontrolu Viajn Klakojn-Rapidecon\" class=\"read-more button\" href=\"https:\/\/cpstesters.com\/eo\/5-second-cps-test\/#more-1885\" aria-label=\"Read more about 5 Dua CPS-Testo | Kontrolu Viajn Klakojn-Rapidecon\">Read More<\/a><\/p>\n","protected":false},"author":4,"featured_media":978,"parent":0,"menu_order":0,"comment_status":"closed","ping_status":"closed","template":"","meta":{"footnotes":""},"class_list":["post-1885","page","type-page","status-publish","has-post-thumbnail"],"_links":{"self":[{"href":"https:\/\/cpstesters.com\/eo\/wp-json\/wp\/v2\/pages\/1885","targetHints":{"allow":["GET"]}}],"collection":[{"href":"https:\/\/cpstesters.com\/eo\/wp-json\/wp\/v2\/pages"}],"about":[{"href":"https:\/\/cpstesters.com\/eo\/wp-json\/wp\/v2\/types\/page"}],"author":[{"embeddable":true,"href":"https:\/\/cpstesters.com\/eo\/wp-json\/wp\/v2\/users\/4"}],"replies":[{"embeddable":true,"href":"https:\/\/cpstesters.com\/eo\/wp-json\/wp\/v2\/comments?post=1885"}],"version-history":[{"count":4,"href":"https:\/\/cpstesters.com\/eo\/wp-json\/wp\/v2\/pages\/1885\/revisions"}],"predecessor-version":[{"id":4089,"href":"https:\/\/cpstesters.com\/eo\/wp-json\/wp\/v2\/pages\/1885\/revisions\/4089"}],"wp:featuredmedia":[{"embeddable":true,"href":"https:\/\/cpstesters.com\/eo\/wp-json\/wp\/v2\/media\/978"}],"wp:attachment":[{"href":"https:\/\/cpstesters.com\/eo\/wp-json\/wp\/v2\/media?parent=1885"}],"curies":[{"name":"wp","href":"https:\/\/api.w.org\/{rel}","templated":true}]}}