{"id":1860,"date":"2024-07-16T14:39:19","date_gmt":"2024-07-16T14:39:19","guid":{"rendered":"https:\/\/cpstesters.com\/2-dua-cps-testo-kontrolu-viajn-klakojn-rapidecon\/"},"modified":"2024-09-17T07:08:08","modified_gmt":"2024-09-17T07:08:08","slug":"2-second-cps-test","status":"publish","type":"page","link":"https:\/\/cpstesters.com\/eo\/2-second-cps-test\/","title":{"rendered":"2 Dua CPS-Testo | Kontrolu Viajn Klakojn-Rapidecon"},"content":{"rendered":"\n<p>La 2 Dua CPS-Testo estas mirinda ludo, kiu helpas vin vidi kiom da klakoj vi povas fari en du sekundoj.<\/p>\n<div class=\"row\">\r\n\t<div class=\"col-md-4\">\r\n\r\n\t\t\r\n\t\t\r\n\t\t<div class=\"side_nav\">\r\n            \r\n            \r\n             <ul class=\"time\">\r\n            <li>\r\n             <a href=\"https:\/\/cpstesters.com\/1-second-cps-test\/\"> <span data-time=\"1\">1 Second Test<\/span><\/a>\r\n            <\/li><li>\r\n             <a href=\"https:\/\/cpstesters.com\/2-second-cps-test\/\"><span data-time=\"2\" class=\"active\">2 Second Test<\/span><\/a>\r\n            <\/li><li>\r\n           <a href=\"https:\/\/cpstesters.com\/5-second-cps-test\/\"><span data-time=\"5\">5 Second Test<\/span><\/a>\r\n            <\/li><li>\r\n\t\t\t\t <a href=\"https:\/\/cpstesters.com\/10-second-cps-test\/\"><span data-time=\"10\">10 Second Test<\/span><\/a>\r\n            <\/li><li>\r\n             <a href=\"https:\/\/cpstesters.com\/15-second-click-test\/\"><span data-time=\"15\">15 Second Test<\/span><\/a>\r\n            <\/li>\r\n\t\t\t\t \t<li>\r\n             <a href=\"https:\/\/cpstesters.com\/30-second-cps-test\/\"><span data-time=\"30\">30 Second Test<\/span><\/a>\r\n            <\/li><li>\r\n\t\t\t\t<li>\r\n             <a href=\"https:\/\/cpstesters.com\/60-second-cps-test\/\"><span data-time=\"60\">60 Second Test<\/span><\/a>\r\n            <\/li><li>\r\n\t\t\t\t<li>\r\n             <a href=\"https:\/\/cpstesters.com\/100-second-cps-test\/\"><span data-time=\"100\">100 Second Test<\/span><\/a>\r\n            <\/li>\r\n\t\t\t\t <li>\r\n             <a href=\"https:\/\/cpstesters.com\/manual-click-test\/\"><span data-time=\"20\">Manual Click Test<\/span><\/a>\r\n            <\/li><\/ul>\r\n            <\/div>\r\n\t\t\r\n\t\t\r\n\t<\/div>\r\n\t<div class=\"col-md-8\">\r\n\t\t<section class=\"section section--full js-section-full section--click\">\r\n               <div class=\"container\">\r\n\t\t\t\t   \r\n\t\t\t\t         <div class=\"setting\">\r\n    <div class=\"theme-mode\"><a class=\"theme-mode__switch js-switch\" href=\"javascript:void(0);\"><\/a>\r\n        <div class=\"theme-mode__text\">Light \/ Dark mode<\/div>\r\n    <\/div>\r\n<\/div>\r\n\t\t\t\t   \r\n\t\t\t\t   \r\n                  <div class=\"statistics\">\r\n                     <div class=\"statistics__item statistics__item--timer\">\r\n                        <div class=\"statistics__number\">\r\n                           <span class=\"js-time number_timer\">2.00<\/span>\r\n                           <a class=\"statistics__arrow statistics__arrow--up js-time-up\" href=\"javascript:void(0);\">\r\n                              <svg class=\"icon icon-arrow-up \">\r\n                                 <use xlink:href=\"\/wp-content\/themes\/generatepress\/tools\/assets\/img\/spritesvg.svg#arrow-up\"><\/use>\r\n                              <\/svg>\r\n                           <\/a>\r\n                           <a class=\"statistics__arrow statistics__arrow--down js-time-down\" href=\"javascript:void(0);\">\r\n                              <svg class=\"icon icon-arrow-up \">\r\n                                 <use xlink:href=\"\/wp-content\/themes\/generatepress\/tools\/assets\/img\/spritesvg.svg#arrow-up\"><\/use>\r\n                              <\/svg>\r\n                           <\/a>\r\n                        <\/div>\r\n                        <div class=\"statistics__title\">Timer<\/div>\r\n                     <\/div>\r\n                     <div class=\"statistics__item statistics__item--clicks\">\r\n                        <div class=\"statistics__number number_clicks js-speed\">0.00<\/div>\r\n                        <div class=\"statistics__title\">Clicks \/ s<\/div>\r\n                     <\/div>\r\n                     <div class=\"statistics__item statistics__item--score\">\r\n                        <div class=\"statistics__number number_score js-score\">0<\/div>\r\n                        <div class=\"statistics__title\">Score<\/div>\r\n                     <\/div>\r\n                  <\/div>\r\n                  <div class=\"clicks-zone\">\r\n                     <div class=\"clicks-zone__start js-clicks-start\">\r\n                        <svg class=\"icon icon-click \">\r\n                           <use xlink:href=\"\/wp-content\/themes\/generatepress\/tools\/assets\/img\/spritesvg.svg#click\"><\/use>\r\n                        <\/svg>\r\n                        <div class=\"clicks-zone__start-title\">\u0421lick here to start cps test<\/div>\r\n                     <\/div>\r\n                     <div class=\"clicks-zone__clicks js-clicks\"><\/div>\r\n                     <div class=\"clicks-zone__result result-clicks js-clicks-result\">\r\n                        <div class=\"result-clicks__title rank-wrapper\"><\/div>\r\n                        <div class=\"result-clicks__text\">Your CPS result is <span class=\"speed js-stat-speed\"><\/span> (<span class=\"clicks js-stat-clicks\"><\/span> Clicks in <span class=\"time js-stat-time\"><\/span> Seconds)<\/div>\r\n                        <div class=\"result-clicks__img\"><img><\/div>\r\n                        <a class=\"result-clicks__btn js-try-again\" href=\"javascript:void(0);\">\r\n                           <svg class=\"icon icon-again \">\r\n                              <use xlink:href=\"\/wp-content\/themes\/generatepress\/tools\/assets\/img\/spritesvg.svg#again\"><\/use>\r\n                           <\/svg>\r\n                           Restart\r\n                        <\/a>\r\n                        <div class=\"result-clicks__share\">\r\n                           <div class=\"result-clicks__share-title\">Share your result with friends!<\/div>\r\n                           <div class=\"share-buttons\">\r\n                              <a class=\"share-button facebook\" data-href=\"https:\/\/www.facebook.com\/sharer\/sharer.php?u=https:\/\/cpstesters.com\/\" target=\"_blank\" onclick=\"goclicky(this); return false;\" rel=\"noopener\">Facebook<\/a>\r\n                              <a class=\"share-button twitter\" data-href=\"http:\/\/www.twitter.com\/share?url=https:\/\/cpstesters.com\/&text=[text]\" target=\"_blank\" onclick=\"goclicky(this); return false;\" rel=\"noopener\">Twitter<\/a>\r\n                              <a class=\"share-button whatsapp\" data-href=\"https:\/\/api.whatsapp.com\/send?text=[text]\" target=\"_blank\" onclick=\"goclicky(this); return false;\" rel=\"noopener\">WhatsApp<\/a>\r\n                              <a class=\"share-button reddit\" data-href=\"http:\/\/www.reddit.com\/submit?url=https:\/\/cpstesters.com\/&title=[text]\" target=\"_blank\" onclick=\"goclicky(this); return false;\" rel=\"noopener\">Reddit<\/a>\r\n                           <\/div>\r\n                        <\/div>\r\n                     <\/div>\r\n                  <\/div>\r\n                  <img decoding=\"async\" src=\"\/wp-content\/themes\/generatepress\/tools\/assets\/img\/test_result\/3\/1.png\" style=\"display: none\" alt=\"\" title=\"\">\r\n                  <img decoding=\"async\" src=\"\/wp-content\/themes\/generatepress\/tools\/assets\/img\/test_result\/5\/1.png\" style=\"display: none\" alt=\"\" title=\"\">\r\n                  <img decoding=\"async\" src=\"\/wp-content\/themes\/generatepress\/tools\/assets\/img\/test_result\/1\/1.png\" style=\"display: none\" alt=\"\" title=\"\">\r\n                  <img decoding=\"async\" src=\"\/wp-content\/themes\/generatepress\/tools\/assets\/img\/test_result\/2\/1.png\" style=\"display: none\" alt=\"\" title=\"\">\r\n                  <img decoding=\"async\" src=\"\/wp-content\/themes\/generatepress\/tools\/assets\/img\/test_result\/0\/1.png\" style=\"display: none\" alt=\"\" title=\"\">\r\n                  <img decoding=\"async\" src=\"\/wp-content\/themes\/generatepress\/tools\/assets\/img\/test_result\/6\/1.png\" style=\"display: none\" alt=\"\" title=\"\">\r\n                  <img decoding=\"async\" src=\"\/wp-content\/themes\/generatepress\/tools\/assets\/img\/test_result\/7\/1.png\" style=\"display: none\" alt=\"\" title=\"\">\r\n                  <img decoding=\"async\" src=\"\/wp-content\/themes\/generatepress\/tools\/assets\/img\/test_result\/4\/1.png\" style=\"display: none\" alt=\"\" title=\"\">\r\n                  <script>\r\n                     var test_result = {\"ratings\":{\"min\":0,\"max\":5},\"rating_ranks\":[\"Your Rank is Snail!\",\"Your Rank is Koala!\",\"Your Rank is Turtle!\",\"Your Rank is Panda!\",\"Your Rank is Hare!\",\"Your Rank is Kangaroo!\",\"Your Rank is Panther!\",\"Your Rank is Cheetah!\"],\"cps_scale\":[[0,1],[1,3],[3,5],[5,7],[7,9],[9,10],[10,12],[12,999]],\"files\":{\"3\":[\"\\\/wp-content\\\/themes\\\/generatepress\\\/tools\\\\assets\\\/img\\\/test_result\\\/3\\\/1.png\"],\"5\":[\"\\\/wp-content\\\/themes\\\/generatepress\\\/tools\\\\assets\\\/img\\\/test_result\\\/5\\\/1.png\"],\"1\":[\"\\\/wp-content\\\/themes\\\/generatepress\\\/tools\\\\assets\\\/img\\\/test_result\\\/1\\\/1.png\"],\"2\":[\"\\\/wp-content\\\/themes\\\/generatepress\\\/tools\\\\assets\\\/img\\\/test_result\\\/2\\\/1.png\"],\"0\":[\"\\\/wp-content\\\/themes\\\/generatepress\\\/tools\\\\assets\\\/img\\\/test_result\\\/0\\\/1.png\"],\"6\":[\"\\\/wp-content\\\/themes\\\/generatepress\\\/tools\\\\assets\\\/img\\\/test_result\\\/6\\\/1.png\"],\"7\":[\"\\\/wp-content\\\/themes\\\/generatepress\\\/tools\\\\assets\\\/img\\\/test_result\\\/7\\\/1.png\"],\"4\":[\"\\\/wp-content\\\/themes\\\/generatepress\\\/tools\\\\assets\\\/img\\\/test_result\\\/4\\\/1.png\"]}};\r\n                     var language = {\"code\":\"en\",\"name\":\"English\",\"prefix\":\"\"};\r\n                     var monitoringClickEvent = 'left';\r\n                     var shareTextDefault = 'My CPS result is {speed} ({clicks} Clicks in {time} Seconds)';\r\n                  <\/script>        \r\n               <\/div>\r\n            <\/section>\r\n\t\t\r\n\t<\/div>\r\n<\/div>\r\n\r\n    <script src=\"\/wp-content\/themes\/generatepress\/tools\/assets\/js\/libs.min.js\"><\/script>\r\n      <script src=\"\/wp-content\/themes\/generatepress\/tools\/assets\/js\/main.min.js?v64\"><\/script>\r\n\n\n<p><\/p>\n\n<p>Amuza kaj malfacila ludo, la 2 Dua CPS-Testo mezuras kiom da klakoj vi povas atingi en du sekundoj. \u011ci estas bonega por komencantoj a\u016d spertaj profesiuloj, kaj vi \u011dojos post kiam vi ekkomprenos \u011din.<\/p>\n\n<p>Ne zorgu, se vi estas komencanto; klaki je tia rapida ritmo estas defia, sed \u011di eblas kun praktiko. Vi pliigos vian klakan rapidecon kaj oftecon dum vi akiras sperton kaj regas la ludon.<\/p>\n\n<h2 class=\"wp-block-heading\">Kiel Fari 2 Duan CPS-Teston?<\/h2>\n\n<p>Uzante vian muson, vi povas lerni kia 2 Dua CPS-Provo estas kaj kiel administri unu sekvante la subajn instrukciojn. Se vi sekvas la instrukciojn, via testo iros kiel eble plej facile.<\/p>\n\n<p>Por komenci, bonvolu klaki la grandan butonon KOMENCI TESTO \u0109e la supro de \u0109i tiu pa\u011do.<\/p>\n<div class=\"wp-block-image\">\n<figure class=\"aligncenter size-full\"><img loading=\"lazy\" decoding=\"async\" width=\"1000\" height=\"500\" src=\"https:\/\/cpstesters.com\/wp-content\/uploads\/2022\/08\/Untitled-design.jpg\" alt=\"2 Dua CPS-Testo\" class=\"wp-image-169\" title=\"\" srcset=\"https:\/\/cpstesters.com\/wp-content\/uploads\/2022\/08\/Untitled-design.jpg 1000w, https:\/\/cpstesters.com\/wp-content\/uploads\/2022\/08\/Untitled-design-300x150.jpg 300w, https:\/\/cpstesters.com\/wp-content\/uploads\/2022\/08\/Untitled-design-768x384.jpg 768w\" sizes=\"auto, (max-width: 1000px) 100vw, 1000px\" \/><figcaption class=\"wp-element-caption\">2 Dua CPS-Testo<\/figcaption><\/figure>\n<\/div>\n<p>Du, komencu klaki la muson kiel eble plej rapide kaj precize tuj kiam la tempigilo komenci\u011das. Dum la tutaj du sekundoj, konservu vian klakan indicon sen\u0109ese. Post kiam la tempo pasis, via tuta poentaro estos kalkulita kaj montrata en intuicia \u015dprucfenestro.<\/p>\n\n<p class=\"has-text-align-center has-background has-medium-font-size\" style=\"background-color:#ffb15e\">\u0108u vi ne maltrankvili\u011das pri sekundoj? Iru al <a href=\"https:\/\/cpstesters.com\/eo\/\" target=\"_blank\" rel=\"noreferrer noopener\">CPS-Testo<\/a><\/p>\n\n<h2 class=\"wp-block-heading\">Rezulto<\/h2>\n\n<p>\u0108e la fino de la asignita periodo, la rezultoj estos malka\u015ditaj. Estas entute kvin niveloj de beleco, kiuj respondas al via rapideco:<\/p>\n\n<p>La porko estas la plej malrapida, kun CPS de malpli ol kvin, la kanguruo estas la sekva plej rapida, kun 5 \u011dis 8 CPS, la simio estas 10 \u011dis 15, la leopardo estas 15 \u011dis 20, kaj la drako estas 20 \u011dis 30 CPS.<\/p>\n\n<h2 class=\"wp-block-heading\">Kiel pliigi vian Klakan Rapidon En 2 Sekundoj?<\/h2>\n\n<p>Se tio estas la kazo, da\u016dre legu por iuj sugestoj pri kiel pliigi vian indicon de musklakoj. Se vi sekvas \u0109i tiujn gvidliniojn, vi povas pliigi vian klakan rapidecon kaj \u011deneralan rendimenton.<\/p>\n\n<p>Uzi alternativajn musklakojn estas la plej ofta metodo por akceli vian 2s CPS-poentaron. Kaj la klakoj de Jitter kaj Butterfly povas fari tion, do \u0109io dependas de persona prefero kaj kiom da tempo vi devas ekzerci.<\/p>\n\n<p>Pliigi la sentivecon de la muso en la panelo Preferoj de Vindozo estas bona loko por komenci; \u011di povas \u015dajni negrava \u015dan\u011do, sed \u011di povas havi grandan efikon dum testado de malsamaj aliroj.<\/p>\n\n<p>Krome, videoludaj musoj inkluzivas pli da butonoj ol konvenciaj musoj, ebligante pli rapidajn reagtempojn. Tamen, tiuj musoj estas pli multekostaj, tiel ili eble ne estas praktikaj se la ludanto ne volas el\u015deligi la ekstran kontantmonon.<\/p>\n\n<h2 class=\"wp-block-heading has-text-align-center\">Oftaj Demandoj<\/h2>\n\n<h3 class=\"wp-block-heading\"><strong>Kiom da fojoj movas muso \u0109iun sekundon?<\/strong><\/h3>\n\n<p>La CPS-Testo estas rangosistemo por klakado-rapido bazita sur kiom da klakoj vi povas fari en difinita tempo. Batu almena\u016d 5 fojojn sekundo por malhelpi malrapidi\u011don al la rapideco de testudo en la ludo.<\/p>\n\n<h3 class=\"wp-block-heading\"><strong>Kial homoj prepari\u011das por 2 CPS-testoj?<\/strong><\/h3>\n\n<p>Uzantoj kaj ludantoj povas pu\u015di siajn limigojn kaj plibonigi sian klakrapidecon per la klakoj po 2 sekunda klakotesto. \u011ciaj utilaj funkcioj kalkulas la klakojn de la uzanto en du sekundoj, permesante al ili refari la teston kaj plibonigi sian klakrapidecon.<\/p>\n\n<h3 class=\"wp-block-heading\"><strong>Kio estas la monda rekordo por 2 sekunda CPS-testo?<\/strong><\/h3>\n\n<p>La monda rekordo por 2 sekunda CPS-testo estas 27 Klakoj je sekundo kaj la avera\u011da rapideco estas 18 CPS.<\/p>\n\n<h2 class=\"wp-block-heading\">Finante CPS-Testo En 2 Sekundoj<\/h2>\n\n<p>En resumo, iloj kiuj mezuras klak-po-sekundajn indicojn estas utilaj por mezuri klakrapidecojn, sed ili anka\u016d havas aliajn aplikojn. Klak-bazitaj ludoj, praktiko kaj pura distro \u0109iuj povas profiti de la klako-po-sekunda ilo. Iu ajn, de ajna a\u011do, povas amuzi\u011di kun \u0109i tiuj senpagaj aparatoj kaj vidi kiom da fojoj en sekundo ili povas klaki.<\/p>\n\n<p>Vi Anka\u016d Povas \u015cati<\/p>\n\n<ul class=\"wp-block-list\">\n<li><a href=\"https:\/\/cpstesters.com\/eo\/jitter-klaku-testo\/\">Jitter Klaku Testo<\/a><\/li>\n\n\n\n<li><a href=\"https:\/\/cpstesters.com\/eo\/kohi-klaku-testo\/\">Kohi Klaku Testo<\/a><\/li>\n\n\n\n<li><a href=\"https:\/\/cpstesters.com\/eo\/dekstre-klaku-cps-testo\/\">Dekstre Klaku CPS-Testo<\/a><\/li>\n\n\n\n<li><a href=\"https:\/\/cpstesters.com\/eo\/manlibro-klaku-testo\/\" target=\"_blank\" rel=\"noreferrer noopener\">Manlibro Klaku Testo<\/a><\/li>\n\n\n\n<li><a href=\"https:\/\/cpstesters.com\/eo\/papilio-klaku-testo\/\" target=\"_blank\" rel=\"noreferrer noopener\">Papilio Klaku Testo<\/a><\/li>\n<\/ul>\n","protected":false},"excerpt":{"rendered":"<p>La 2 Dua CPS-Testo estas mirinda ludo, kiu helpas vin vidi kiom da klakoj vi povas fari en du sekundoj. Amuza kaj malfacila ludo, la &#8230; <\/p>\n<p class=\"read-more-container\"><a title=\"2 Dua CPS-Testo | Kontrolu Viajn Klakojn-Rapidecon\" class=\"read-more button\" href=\"https:\/\/cpstesters.com\/eo\/2-second-cps-test\/#more-1860\" aria-label=\"Read more about 2 Dua CPS-Testo | Kontrolu Viajn Klakojn-Rapidecon\">Read More<\/a><\/p>\n","protected":false},"author":4,"featured_media":966,"parent":0,"menu_order":0,"comment_status":"closed","ping_status":"closed","template":"","meta":{"footnotes":""},"class_list":["post-1860","page","type-page","status-publish","has-post-thumbnail"],"_links":{"self":[{"href":"https:\/\/cpstesters.com\/eo\/wp-json\/wp\/v2\/pages\/1860","targetHints":{"allow":["GET"]}}],"collection":[{"href":"https:\/\/cpstesters.com\/eo\/wp-json\/wp\/v2\/pages"}],"about":[{"href":"https:\/\/cpstesters.com\/eo\/wp-json\/wp\/v2\/types\/page"}],"author":[{"embeddable":true,"href":"https:\/\/cpstesters.com\/eo\/wp-json\/wp\/v2\/users\/4"}],"replies":[{"embeddable":true,"href":"https:\/\/cpstesters.com\/eo\/wp-json\/wp\/v2\/comments?post=1860"}],"version-history":[{"count":4,"href":"https:\/\/cpstesters.com\/eo\/wp-json\/wp\/v2\/pages\/1860\/revisions"}],"predecessor-version":[{"id":4067,"href":"https:\/\/cpstesters.com\/eo\/wp-json\/wp\/v2\/pages\/1860\/revisions\/4067"}],"wp:featuredmedia":[{"embeddable":true,"href":"https:\/\/cpstesters.com\/eo\/wp-json\/wp\/v2\/media\/966"}],"wp:attachment":[{"href":"https:\/\/cpstesters.com\/eo\/wp-json\/wp\/v2\/media?parent=1860"}],"curies":[{"name":"wp","href":"https:\/\/api.w.org\/{rel}","templated":true}]}}