{"id":1858,"date":"2024-07-16T14:22:52","date_gmt":"2024-07-16T14:22:52","guid":{"rendered":"https:\/\/cpstesters.com\/1-dua-cps-testo-kontrolu-viajn-klakojn\/"},"modified":"2025-08-30T07:08:22","modified_gmt":"2025-08-30T07:08:22","slug":"1-second-cps-test","status":"publish","type":"page","link":"https:\/\/cpstesters.com\/eo\/1-second-cps-test\/","title":{"rendered":"1 Dua CPS-Testo | Kontrolu Viajn Klakojn"},"content":{"rendered":"\n<p>1 Dua CPS-Testo estas mirinda klako por dua ludo, kiu kontrolas vian klakan rapidecon helpe de nombrilo, komencu ludi por plibonigi vian rapidecon!<\/p>\n\n\n<div class=\"row\">\r\n\t<div class=\"col-md-4\">\r\n\r\n\t\t\r\n\t\t\r\n\t\t<div class=\"side_nav\">\r\n            \r\n            \r\n             <ul class=\"time\">\r\n            <li>\r\n             <a href=\"https:\/\/cpstesters.com\/1-second-cps-test\/\"> <span data-time=\"1\" class=\"active\">1 Second Test<\/span><\/a>\r\n            <\/li><li>\r\n             <a href=\"https:\/\/cpstesters.com\/2-second-cps-test\/\"><span data-time=\"2\">2 Second Test<\/span><\/a>\r\n            <\/li><li>\r\n           <a href=\"https:\/\/cpstesters.com\/5-second-cps-test\/\"><span data-time=\"5\">5 Second Test<\/span><\/a>\r\n            <\/li><li>\r\n\t\t\t\t <a href=\"https:\/\/cpstesters.com\/10-second-cps-test\/\"><span data-time=\"10\">10 Second Test<\/span><\/a>\r\n            <\/li><li>\r\n             <a href=\"https:\/\/cpstesters.com\/15-second-click-test\/\"><span data-time=\"15\">15 Second Test<\/span><\/a>\r\n            <\/li>\r\n\t\t\t\t \t<li>\r\n             <a href=\"https:\/\/cpstesters.com\/30-second-cps-test\/\"><span data-time=\"30\">30 Second Test<\/span><\/a>\r\n            <\/li><li>\r\n\t\t\t\t<li>\r\n             <a href=\"https:\/\/cpstesters.com\/60-second-cps-test\/\"><span data-time=\"60\">60 Second Test<\/span><\/a>\r\n            <\/li><li>\r\n\t\t\t\t<li>\r\n             <a href=\"https:\/\/cpstesters.com\/100-second-cps-test\/\"><span data-time=\"100\">100 Second Test<\/span><\/a>\r\n            <\/li>\r\n\t\t\t\t <li>\r\n             <a href=\"https:\/\/cpstesters.com\/manual-click-test\/\"><span data-time=\"20\">Manual Click Test<\/span><\/a>\r\n            <\/li><\/ul>\r\n            <\/div>\r\n\t\t\r\n\t\t\r\n\t<\/div>\r\n\t<div class=\"col-md-8\">\r\n\t\t<section class=\"section section--full js-section-full section--click\">\r\n               <div class=\"container\">\r\n\t\t\t\t   \r\n\t\t\t\t         <div class=\"setting\">\r\n    <div class=\"theme-mode\"><a class=\"theme-mode__switch js-switch\" href=\"javascript:void(0);\"><\/a>\r\n        <div class=\"theme-mode__text\">Light \/ Dark mode<\/div>\r\n    <\/div>\r\n<\/div>\r\n\t\t\t\t   \r\n\t\t\t\t   \r\n                  <div class=\"statistics\">\r\n                     <div class=\"statistics__item statistics__item--timer\">\r\n                        <div class=\"statistics__number\">\r\n                           <span class=\"js-time number_timer\">1.00<\/span>\r\n                           <a class=\"statistics__arrow statistics__arrow--up js-time-up\" href=\"javascript:void(0);\">\r\n                              <svg class=\"icon icon-arrow-up \">\r\n                                 <use xlink:href=\"\/wp-content\/themes\/generatepress\/tools\/assets\/img\/spritesvg.svg#arrow-up\"><\/use>\r\n                              <\/svg>\r\n                           <\/a>\r\n                           <a class=\"statistics__arrow statistics__arrow--down js-time-down\" href=\"javascript:void(0);\">\r\n                              <svg class=\"icon icon-arrow-up \">\r\n                                 <use xlink:href=\"\/wp-content\/themes\/generatepress\/tools\/assets\/img\/spritesvg.svg#arrow-up\"><\/use>\r\n                              <\/svg>\r\n                           <\/a>\r\n                        <\/div>\r\n                        <div class=\"statistics__title\">Timer<\/div>\r\n                     <\/div>\r\n                     <div class=\"statistics__item statistics__item--clicks\">\r\n                        <div class=\"statistics__number number_clicks js-speed\">0.00<\/div>\r\n                        <div class=\"statistics__title\">Clicks \/ s<\/div>\r\n                     <\/div>\r\n                     <div class=\"statistics__item statistics__item--score\">\r\n                        <div class=\"statistics__number number_score js-score\">0<\/div>\r\n                        <div class=\"statistics__title\">Score<\/div>\r\n                     <\/div>\r\n                  <\/div>\r\n                  <div class=\"clicks-zone\">\r\n                     <div class=\"clicks-zone__start js-clicks-start\">\r\n                        <svg class=\"icon icon-click \">\r\n                           <use xlink:href=\"\/wp-content\/themes\/generatepress\/tools\/assets\/img\/spritesvg.svg#click\"><\/use>\r\n                        <\/svg>\r\n                        <div class=\"clicks-zone__start-title\">\u0421lick here to start cps test<\/div>\r\n                     <\/div>\r\n                     <div class=\"clicks-zone__clicks js-clicks\"><\/div>\r\n                     <div class=\"clicks-zone__result result-clicks js-clicks-result\">\r\n                        <div class=\"result-clicks__title rank-wrapper\"><\/div>\r\n                        <div class=\"result-clicks__text\">Your CPS result is <span class=\"speed js-stat-speed\"><\/span> (<span class=\"clicks js-stat-clicks\"><\/span> Clicks in <span class=\"time js-stat-time\"><\/span> Seconds)<\/div>\r\n                        <div class=\"result-clicks__img\"><img><\/div>\r\n                        <a class=\"result-clicks__btn js-try-again\" href=\"javascript:void(0);\">\r\n                           <svg class=\"icon icon-again \">\r\n                              <use xlink:href=\"\/wp-content\/themes\/generatepress\/tools\/assets\/img\/spritesvg.svg#again\"><\/use>\r\n                           <\/svg>\r\n                           Restart\r\n                        <\/a>\r\n                        <div class=\"result-clicks__share\">\r\n                           <div class=\"result-clicks__share-title\">Share your result with friends!<\/div>\r\n                           <div class=\"share-buttons\">\r\n                              <a class=\"share-button facebook\" data-href=\"https:\/\/www.facebook.com\/sharer\/sharer.php?u=https:\/\/cpstesters.com\/\" target=\"_blank\" onclick=\"goclicky(this); return false;\" rel=\"noopener\">Facebook<\/a>\r\n                              <a class=\"share-button twitter\" data-href=\"http:\/\/www.twitter.com\/share?url=https:\/\/cpstesters.com\/&text=[text]\" target=\"_blank\" onclick=\"goclicky(this); return false;\" rel=\"noopener\">Twitter<\/a>\r\n                              <a class=\"share-button whatsapp\" data-href=\"https:\/\/api.whatsapp.com\/send?text=[text]\" target=\"_blank\" onclick=\"goclicky(this); return false;\" rel=\"noopener\">WhatsApp<\/a>\r\n                              <a class=\"share-button reddit\" data-href=\"http:\/\/www.reddit.com\/submit?url=https:\/\/cpstesters.com\/&title=[text]\" target=\"_blank\" onclick=\"goclicky(this); return false;\" rel=\"noopener\">Reddit<\/a>\r\n                           <\/div>\r\n                        <\/div>\r\n                     <\/div>\r\n                  <\/div>\r\n                  <img decoding=\"async\" src=\"\/wp-content\/themes\/generatepress\/tools\/assets\/img\/test_result\/3\/1.png\" style=\"display: none\" alt=\"\" title=\"\">\r\n                  <img decoding=\"async\" src=\"\/wp-content\/themes\/generatepress\/tools\/assets\/img\/test_result\/5\/1.png\" style=\"display: none\" alt=\"\" title=\"\">\r\n                  <img decoding=\"async\" src=\"\/wp-content\/themes\/generatepress\/tools\/assets\/img\/test_result\/1\/1.png\" style=\"display: none\" alt=\"\" title=\"\">\r\n                  <img decoding=\"async\" src=\"\/wp-content\/themes\/generatepress\/tools\/assets\/img\/test_result\/2\/1.png\" style=\"display: none\" alt=\"\" title=\"\">\r\n                  <img decoding=\"async\" src=\"\/wp-content\/themes\/generatepress\/tools\/assets\/img\/test_result\/0\/1.png\" style=\"display: none\" alt=\"\" title=\"\">\r\n                  <img decoding=\"async\" src=\"\/wp-content\/themes\/generatepress\/tools\/assets\/img\/test_result\/6\/1.png\" style=\"display: none\" alt=\"\" title=\"\">\r\n                  <img decoding=\"async\" src=\"\/wp-content\/themes\/generatepress\/tools\/assets\/img\/test_result\/7\/1.png\" style=\"display: none\" alt=\"\" title=\"\">\r\n                  <img decoding=\"async\" src=\"\/wp-content\/themes\/generatepress\/tools\/assets\/img\/test_result\/4\/1.png\" style=\"display: none\" alt=\"\" title=\"\">\r\n                  <script>\r\n                     var test_result = {\"ratings\":{\"min\":0,\"max\":5},\"rating_ranks\":[\"Your Rank is Snail!\",\"Your Rank is Koala!\",\"Your Rank is Turtle!\",\"Your Rank is Panda!\",\"Your Rank is Hare!\",\"Your Rank is Kangaroo!\",\"Your Rank is Panther!\",\"Your Rank is Cheetah!\"],\"cps_scale\":[[0,1],[1,3],[3,5],[5,7],[7,9],[9,10],[10,12],[12,999]],\"files\":{\"3\":[\"\\\/wp-content\\\/themes\\\/generatepress\\\/tools\\\\assets\\\/img\\\/test_result\\\/3\\\/1.png\"],\"5\":[\"\\\/wp-content\\\/themes\\\/generatepress\\\/tools\\\\assets\\\/img\\\/test_result\\\/5\\\/1.png\"],\"1\":[\"\\\/wp-content\\\/themes\\\/generatepress\\\/tools\\\\assets\\\/img\\\/test_result\\\/1\\\/1.png\"],\"2\":[\"\\\/wp-content\\\/themes\\\/generatepress\\\/tools\\\\assets\\\/img\\\/test_result\\\/2\\\/1.png\"],\"0\":[\"\\\/wp-content\\\/themes\\\/generatepress\\\/tools\\\\assets\\\/img\\\/test_result\\\/0\\\/1.png\"],\"6\":[\"\\\/wp-content\\\/themes\\\/generatepress\\\/tools\\\\assets\\\/img\\\/test_result\\\/6\\\/1.png\"],\"7\":[\"\\\/wp-content\\\/themes\\\/generatepress\\\/tools\\\\assets\\\/img\\\/test_result\\\/7\\\/1.png\"],\"4\":[\"\\\/wp-content\\\/themes\\\/generatepress\\\/tools\\\\assets\\\/img\\\/test_result\\\/4\\\/1.png\"]}};\r\n                     var language = {\"code\":\"en\",\"name\":\"English\",\"prefix\":\"\"};\r\n                     var monitoringClickEvent = 'left';\r\n                     var shareTextDefault = 'My CPS result is {speed} ({clicks} Clicks in {time} Seconds)';\r\n                  <\/script>        \r\n               <\/div>\r\n            <\/section>\r\n\t\t\r\n\t<\/div>\r\n<\/div>\r\n\r\n    <script src=\"\/wp-content\/themes\/generatepress\/tools\/assets\/js\/libs.min.js\"><\/script>\r\n      <script src=\"\/wp-content\/themes\/generatepress\/tools\/assets\/js\/main.min.js?v64\"><\/script>\r\n\n\n\n\n<p><\/p>\n\n\n\n<p>\u0108i tiu testo estas interesa kaj agrabla se vi povas forigi la mondon kaj ajnajn aliajn aferojn dum vi prenas \u011din.<\/p>\n\n\n\n<h2 class=\"wp-block-heading\">Kio Estas La 1 Dua CPS-Testo?<\/h2>\n\n\n\n<p>\u0108i tio estas norma testo, kiu estis \u0109efe kreita por ludantoj por taksi ilian precizecon kaj rapidecon de musklakoj. Kaj \u0109i tiu ekzameno sendube faras iliajn klakojn pli rapidaj kaj plibonigas iliajn fingromovojn por ke ili povu venki siajn konkurantojn. \u011ci klakas en la unu-sekunda testo. Ju pli da klakoj vi faras je sekundo, des pli kaj pli da poentoj vi gajnas \u0109iun sekundon.<\/p>\n\n\n\n<p>Anstata\u016d diri 1 duan&nbsp;<a href=\"https:\/\/cpstesters-com.translate.goog\/?_x_tr_sl=en&amp;_x_tr_tl=nl&amp;_x_tr_hl=en&amp;_x_tr_pto=wapp\" rel=\"noopener\">CPS-teston<\/a>&nbsp;, CPS estas simple diri. Kiel implice la nomo de la testo, klaki la muson estas necesa parto de la testa procezo, kaj ekzistas sistemo por taksi kiom vi kapablas klaki.<\/p>\n\n\n\n<p>La unu-dua klaktesto estas simpla, senkosta TTT-aplika\u0135o, kiu taksas <a href=\"https:\/\/cpstesters.com\/nl\/jitter-click-test\/\" data-wpil-monitor-id=\"560\">vian klakan<\/a> rapidecon komencante \u0109e la plej malalta ebla nivelo.<\/p>\n\n\n<div class=\"wp-block-image\">\n<figure class=\"aligncenter\"><img loading=\"lazy\" decoding=\"async\" width=\"1000\" height=\"500\" src=\"https:\/\/i0.wp.com\/cpstesters.com\/wp-content\/uploads\/2022\/08\/Untitled-design-27.jpg?resize=1000%2C500&amp;ssl=1\" alt=\"1 Dua CPS-Testo\" class=\"wp-image-165\" title=\"1 Dua CPS-Testo | Kontrolu Viajn Klakojn 9\" srcset=\"https:\/\/cpstesters.com\/wp-content\/uploads\/2022\/08\/Untitled-design-27.jpg 1000w, https:\/\/cpstesters.com\/wp-content\/uploads\/2022\/08\/Untitled-design-27-300x150.jpg 300w, https:\/\/cpstesters.com\/wp-content\/uploads\/2022\/08\/Untitled-design-27-768x384.jpg 768w\" sizes=\"auto, (max-width: 1000px) 100vw, 1000px\" \/><figcaption class=\"wp-element-caption\">1 Dua CPS-Testo<\/figcaption><\/figure>\n<\/div>\n\n\n<p>Kiom da klakoj vi faras dum la dua testo determinas kiom vi faras en unu sekundo. \u0108i tiuj iloj estas alireblaj interrete, kaj kio estas e\u0109 pli interesa estas, ke uzi ilin estas senkosta <a href=\"https:\/\/cpstesters.com\/nl\/toetsenbord-klik-test\/\" data-wpil-monitor-id=\"559\">por la klakoj de la dua testo<\/a>. Sekve, \u0109iuj povas ekzameni siajn CPS-tarifojn kaj musajn laborcirkonstancojn.<\/p>\n\n\n\n<p>Dividante la totalan nombron da klakoj per la totala nombro da sekundoj, oni povas determini la Rapidan Klakteston. Alternative deklarite, &#8220;\u011di estas proporcio de klakoj al tempopa\u015do, en \u0109i tiu ekzemplo, sekundoj. Cps Test 1 Second &amp; Cps Tester 1 second estas alia nomo por \u0109i tiu aparato.<\/p>\n\n\n\n<h2 class=\"wp-block-heading\">Uzante la 1 Duan CPS Testilo<\/h2>\n\n\n\n<p>Kiam temas pri uzado de \u0109i tiuj iloj, la 1 sekunda klakotesto estas sufi\u0109e simpla fari tion pro ilia uzant-amika dezajno, kiu faras ilin plug-and-play. Vi navigas al \u0109i tiuj rimedoj, alklaku la ta\u016dgajn lokojn, kaj BAM! Via cps-kurzo estos provizita.<\/p>\n\n\n\n<p>Forta CPS estas kerna, kiel ni \u0135us deklaris. Do, ni esploru pli por lerni pri iuj el la tipaj aplikoj por la klako por dua provo.<\/p>\n\n\n\n<p>Vi povas pluiri al&nbsp;la \u0109efpa\u011do de&nbsp;<a href=\"https:\/\/cpstesters-com.translate.goog\/?_x_tr_sl=en&amp;_x_tr_tl=nl&amp;_x_tr_hl=en&amp;_x_tr_pto=wapp\" target=\"_blank\" rel=\"noreferrer noopener\">CPS Test por havi la \u011deneralajn klakojn je dua provo<\/a><\/p>\n\n\n\n<p><strong>Kiel Funkcias la Rapida Testa Ludo?<\/strong><\/p>\n\n\n\n<hr class=\"wp-block-separator has-alpha-channel-opacity\"\/>\n\n\n\n<p>&nbsp;La subaj pa\u015doj povas esti efike uzataj por plenumi \u0109i tiun ege ekscitan ludsimilan agadon. Do legu la konsilojn sube por rapide kontroli vian cps-teston dum 1 sekundo.<\/p>\n\n\n\n<ul class=\"wp-block-list\">\n<li>Alklaku la grizan butonon, kiu aperas kiam la ludo unue lan\u0109as, por komenci vian 1-duan klakteston.<\/li>\n\n\n\n<li>Kiam vi klakas tie, la ekzameno komenci\u011das, kaj vi devus <a href=\"https:\/\/cpstesters.com\/nl\/hoe-sneller-klikken\/\" data-wpil-monitor-id=\"557\">klaki kiel eble plej rapide por<\/a> akiri la plej bonan noton. Devas esti aparta tempigilo.<\/li>\n\n\n\n<li>Kiam la musa klakotesto de 1 sek fini\u011dos, pop-up kun la rezultoj aperos sur via ekrano.<\/li>\n<\/ul>\n\n\n\n<h2 class=\"wp-block-heading\">Kialo Uzi 1 Duan Klaku Teston<\/h2>\n\n\n\n<p>La programaro por CPS-Testo 1 sekundo povas esti uzata por pasigi la tempon anstata\u016d nur provi vian klakan lertecon.<\/p>\n\n\n\n<p>Inter viaj amikoj, vi povas uzi la programaron 1 Second <a href=\"https:\/\/cpstesters.com\/nl\/\" data-wpil-monitor-id=\"556\">CPS Test por<\/a> konkuri pri klakado en via ripoztempo. La kriterioj estas simplaj: kiu havas pli da klakoj en 1 sekundo kompare kun la alia gajnas.<\/p>\n\n\n\n<p>Ludi la klakan testan agadon povas helpi vin malstre\u0109i\u011di mense. Multaj testantoj ser\u0109as pliigi sian musrapidecon por videoludado. Ili uzas klaktestadon pro tio.<\/p>\n\n\n\n<p>Efektive, ekzistas pluraj retejoj, kie vi povas ludi karakterizan ludon nomatan klaktestado. Dum amuzi\u011do, \u0109i tiu taktiko anka\u016d helpas vin fari\u011di pli lerta pri klakado.<\/p>\n\n\n\n<h2 class=\"wp-block-heading\">Kiel Klaki Rapide En 1 Dua Klaka Testo?<\/h2>\n\n\n\n<p>Komence, vi devas havi bonegan videoludan muson por plenumi \u0109i tiun taskon. Tia videoluda muso estas kapabla kaj preciza. La kursoro tiam devus esti en la alklaka loko. Poste, alklaku kaj poste premu la enigan butonon sur la klavaro. Via CPS-poentaro plii\u011dos kiel rezulto. Tio estas la sekreto por rompi la klakrekordon en posta testo.<\/p>\n\n\n\n<p>Jen kelkaj helpemaj sugestoj por venki la ludon de klakkalkulado!<\/p>\n\n\n\n<ul class=\"wp-block-list\">\n<li>Tremota klakmetodo estas opcio; \u011di estas bonega por novuloj.<\/li>\n\n\n\n<li>Por klaki rapide, uzu trenpremon.<\/li>\n\n\n\n<li>Starigu rapidecrekordojn per papilioklakoj.<\/li>\n\n\n\n<li>Kvankam a\u016dtomataj klakiloj anka\u016d estas eblo, se vi luas verajn partiturojn, simple uzu viajn fingrojn.<\/li>\n<\/ul>\n\n\n\n<p>La fakta gemo konscias pri \u0109i tiuj trompaj teknikoj kaj sekretoj. Se vi uzas&nbsp;<a href=\"https:\/\/cpstesters-com.translate.goog\/butterfly-click-test\/?_x_tr_sl=en&amp;_x_tr_tl=nl&amp;_x_tr_hl=en&amp;_x_tr_pto=wapp\" rel=\"noopener\">Butterfly Clicking<\/a>&nbsp;,&nbsp;&nbsp;<a href=\"https:\/\/cpstesters-com.translate.goog\/kohi-click-test\/?_x_tr_sl=en&amp;_x_tr_tl=nl&amp;_x_tr_hl=en&amp;_x_tr_pto=wapp\" rel=\"noopener\">Kohi Click<\/a>&nbsp;, kaj&nbsp;<a href=\"https:\/\/cpstesters-com.translate.goog\/jitter-click-test\/?_x_tr_sl=en&amp;_x_tr_tl=nl&amp;_x_tr_hl=en&amp;_x_tr_pto=wapp\" rel=\"noopener\">Jitter Clicking<\/a>&nbsp;iras man en mano ofte. Se vi observas klakon \u0109iun duan aplika\u0135on, vi konkludos, ke \u011di estas ekvivalenta al klako \u0109iujn kvin, dek, sesdek a\u016d cent sekundojn. La vero estas, ke estas malfacile klaki en unu sekundo kaj fari rekordon en la spaco de kelkaj sekundoj.<\/p>\n\n\n<div class=\"wp-block-image\">\n<figure class=\"aligncenter\"><img loading=\"lazy\" decoding=\"async\" width=\"1000\" height=\"500\" src=\"https:\/\/i0.wp.com\/cpstesters.com\/wp-content\/uploads\/2022\/08\/1-second-cps-Test-.jpg?resize=1000%2C500&amp;ssl=1\" alt=\"1 Dua Klaku Testa Gvidilo\" class=\"wp-image-146\" title=\"1 Dua CPS-Testo | Kontrolu Viajn Klakojn 10\" srcset=\"https:\/\/cpstesters.com\/wp-content\/uploads\/2022\/08\/1-second-cps-Test-.jpg 1000w, https:\/\/cpstesters.com\/wp-content\/uploads\/2022\/08\/1-second-cps-Test--300x150.jpg 300w, https:\/\/cpstesters.com\/wp-content\/uploads\/2022\/08\/1-second-cps-Test--768x384.jpg 768w\" sizes=\"auto, (max-width: 1000px) 100vw, 1000px\" \/><figcaption class=\"wp-element-caption\">1 Dua Klaku Testa Gvidilo<\/figcaption><\/figure>\n<\/div>\n\n\n<h2 class=\"wp-block-heading\">Kio estas la dua Monda Rekordo de CPS 1?<\/h2>\n\n\n\n<p>La monda rekordo pri musklakoj faritaj en unu sekundo eble \u015dajnas stranga, sed \u011di ekzistas. Estas mondaj rekorduloj en \u0109i tiu kampo, kaj iuj ludantoj strebas atingi la plej altajn rangojn en \u0109i tiu amuza ludo. La plej rapidaj CPS-rapidoj de la diversaj retejoj estas montritaj en la kolektitaj datumoj.<\/p>\n\n\n\n<p>Iuj retejoj listigas atingojn, kiuj estas neimageblaj por la avera\u011da homo. Studoj kaj statistikoj indikas, ke ekzistas monda rekordo por 1 dua klakotesto.<\/p>\n\n\n\n<p>Dylan Allred, lo\u011danto de Los-An\u011deleso, kiu faris 1051 klakojn en 10 sekundoj, estis tiu, kiu klakis la plej rapide el \u0109iuj. Mi supozas, ke \u0109i tio estas granda afero. Multaj individuoj ne konsideras \u0109i tiun ludon kiel ludo \u0109ar \u011di povus esti terapia. Multaj ludantoj uzas \u0109i tiun agadon por malstre\u0109i\u011di se ili sentas sin malkura\u011digitaj a\u016d mal\u011dojaj.<\/p>\n\n\n\n<h2 class=\"wp-block-heading\">Kiel mi povas pasigi la CPS-teston kun Alta Poentaro?<\/h2>\n\n\n\n<p>Akiri pli bonan poentaron rapide povus esti malfacila por \u0109iuj, sed uzante klakteknikojn kiel la CPS-testo 1 sekundo, tremklako, kohi-klako kaj papilia klako, vi povas gajni la plej bonan poentaron ebla. Kiel aliaj rapidtestaj agordoj, la klaka rapidtesto sekundo. Partoprenantoj devas esti atentaj por premi la muson tuj kiam la tempigilo komencas gajni pli da poentoj \u0109iun sekundon.<\/p>\n\n\n\n<h2 class=\"wp-block-heading\">Kiajn avanta\u011dojn proponas CPS-nombrilaj testoj?<\/h2>\n\n\n\n<p>Alivorte,&nbsp;<a href=\"https:\/\/cpstesters-com.translate.goog\/tap-counter\/?_x_tr_sl=en&amp;_x_tr_tl=nl&amp;_x_tr_hl=en&amp;_x_tr_pto=wapp\" rel=\"noopener\">CPS Testo-Nombrilo<\/a>&nbsp;foje estas referita kiel klakilo. \u0108iukaze, la CPS-kalkulilo helpos tion ebligante al uzantoj kalkuli la nombron da fojoj kiam ili uzis la muson en \u0109iu periodo. La nombrilo, ekzemple, montros kiom da klakoj uzanto faras en 10 sekundoj se ili volas mezuri sian klakrapidecon en tiu tempo. La CPS-Kalkulilo anka\u016d estas konata kiel CPS-Klik-testo. Kun malsama etikedo, \u011di kalkulas la samon.<\/p>\n\n\n\n<h2 class=\"wp-block-heading\">Kio estas 1 Dua Nombrilo?<\/h2>\n\n\n\n<p>Dum la cps-klakoj por dua provo,&nbsp;<a href=\"https:\/\/cpstesters-com.translate.goog\/?_x_tr_sl=en&amp;_x_tr_tl=nl&amp;_x_tr_hl=en&amp;_x_tr_pto=wapp\" rel=\"noopener\">CPS-Spurilo<\/a>&nbsp;kalkulas \u0109iujn viajn klakojn kaj kalkulas vian mezan klakrapidecon.<\/p>\n\n\n\n<p>Simpla ekzemplo estus se vi rulus la CPS-Teston 1 Second por vidi la nombron da klakoj, kiujn vi faris en la anta\u016daj kvin sekundoj.<\/p>\n\n\n\n<p>Via cps-klaknumero estus 6 klakoj en nur unu sekundo se, dum la provo, vi klakus la muskursonon 30 fojojn en kvin sekundoj.<\/p>\n\n\n\n<p>La cps-testpoentaro estas determinita dividante la totalan nombron da klakoj per la da\u016dro de la testo.<\/p>\n\n\n\n<p>\u0108i tiu ilo anka\u016d havas la kromnomon CPS CHECKER, kiu estas uzata de iuj homoj.<\/p>\n\n\n\n<h2 class=\"wp-block-heading\">Oftaj Demandoj<\/h2>\n\n\n\n<h3 class=\"wp-block-heading\"><strong>Kio estas la CPS avera\u011de?<\/strong><\/h3>\n\n\n\n<p>Niaj grandaj datumoj raportis, ke la avera\u011da CPS estas 6.51, kaj Google diris, ke la tutmonda rekordo estas 14.1 CPS. En po\u015dtelefono a\u016d iPad, homoj povus rezulti iomete pli bone ol en komputilo.<\/p>\n\n\n\n<h3 class=\"wp-block-heading\"><strong>Kiom da klakoj mi rajtas?<\/strong><\/h3>\n\n\n\n<p>La maksimuma nombro da klakoj varias depende de la speco de aparato kiun \u0109iu ludanto uzas. Sa\u011dtelefono povas plenumi \u011dis 100 klakojn samtempe, sed labortablo a\u016d komputila uzanto da\u016dros pli ol 10 sekundojn por plenumi 100 klakojn.<\/p>\n\n\n\n<h3 class=\"wp-block-heading\"><strong>Kiom da fojoj en dek sekundoj vi povas klaki?<\/strong><\/h3>\n\n\n\n<p>En 10 sekundoj, uzantoj ofte povas gajni 12-14 CPS. Faru la teston tuj, kaj en 10 sekundoj, vidu kiom rapide vi klakas.<\/p>\n\n\n\n<h3 class=\"wp-block-heading\"><strong>Kiu CPS-poentaro estas la plej alta?<\/strong><\/h3>\n\n\n\n<p>Malgra\u016d la impreso, ke ili ne povas fari multon en tiu mallonga tempo, multaj ludantoj havas klakprocentojn de \u011dis 15 por sekundo. Sonas neebla, tamen pluraj homoj asertis, ke ili povas ricevi 10 \u011dis 15 klakojn por dua CPS.<\/p>\n\n\n\n<h3 class=\"wp-block-heading\"><strong>Kiel povas pliigi la klakrapidecon?<\/strong><\/h3>\n\n\n\n<p>Pluraj interretaj metodoj por ludi klakludojn pli rapide inkluzivas fingromuskolojn. \u0108iuj homoj konas papilia klako kaj tremoklako. Via kursoro klakos pli rapide dum tremklakado ol dum norma klakado.<\/p>\n\n\n\n<h3 class=\"wp-block-heading\"><strong>\u0108u Ludado Helpas Pliigi Klak-Indico?<\/strong><\/h3>\n\n\n\n<p>Por plibonigi viajn reagotempojn, provu ludi Osu a\u016d unuapersonajn pafludojn. Vi anka\u016d povas ser\u0109i ekzercajn respondludojn interrete kaj elekti kelkajn por ludi por plibonigi viajn klaktraktadkapablojn.<\/p>\n\n\n\n<h2 class=\"wp-block-heading\">Finaj Vortoj Por CPS-Testo 1 Dua<\/h2>\n\n\n\n<p>Via man-okula sinkronigo <a href=\"https:\/\/cpstesters.com\/nl\/contador-de-teclado\/\" data-wpil-monitor-id=\"558\">kaj responda tempo<\/a> estos provitaj en \u0109i tiu ludo. \u011ci estas pli de rapida kapablo-testo ol \u0109io, kio postulas profundan pripenson. \u0108io dependas de kiom da musklakoj vi faras \u0109iun sekundon. Vi povas konsideri \u011din defio vidi kiom rapide mi povas klaki la kursoron en unu sekundo. Ekzamenu la klopodojn de aliaj ludantoj anka\u016d. Vi estos pli kapabla kaj aktiva pro tio. Mi aldonos, ke \u0109io postulas tempon por okazi, do vi devas atendi tiun tempon dum mi finas \u0109i tiun artikolon. Praktiko, praktiko kaj pli da praktiko estas la \u015dlosiloj al sukceso. La sola maniero fari\u011di pli bona ludanto estas sekvi \u0109i tiun konsilon.<\/p>\n","protected":false},"excerpt":{"rendered":"<p>1 Dua CPS-Testo estas mirinda klako por dua ludo, kiu kontrolas vian klakan rapidecon helpe de nombrilo, komencu ludi por plibonigi vian rapidecon! \u0108i tiu &#8230; <\/p>\n<p class=\"read-more-container\"><a title=\"1 Dua CPS-Testo | Kontrolu Viajn Klakojn\" class=\"read-more button\" href=\"https:\/\/cpstesters.com\/eo\/1-second-cps-test\/#more-1858\" aria-label=\"Read more about 1 Dua CPS-Testo | Kontrolu Viajn Klakojn\">Read More<\/a><\/p>\n","protected":false},"author":4,"featured_media":930,"parent":0,"menu_order":0,"comment_status":"closed","ping_status":"closed","template":"","meta":{"footnotes":""},"class_list":["post-1858","page","type-page","status-publish","has-post-thumbnail"],"_links":{"self":[{"href":"https:\/\/cpstesters.com\/eo\/wp-json\/wp\/v2\/pages\/1858","targetHints":{"allow":["GET"]}}],"collection":[{"href":"https:\/\/cpstesters.com\/eo\/wp-json\/wp\/v2\/pages"}],"about":[{"href":"https:\/\/cpstesters.com\/eo\/wp-json\/wp\/v2\/types\/page"}],"author":[{"embeddable":true,"href":"https:\/\/cpstesters.com\/eo\/wp-json\/wp\/v2\/users\/4"}],"replies":[{"embeddable":true,"href":"https:\/\/cpstesters.com\/eo\/wp-json\/wp\/v2\/comments?post=1858"}],"version-history":[{"count":7,"href":"https:\/\/cpstesters.com\/eo\/wp-json\/wp\/v2\/pages\/1858\/revisions"}],"predecessor-version":[{"id":6649,"href":"https:\/\/cpstesters.com\/eo\/wp-json\/wp\/v2\/pages\/1858\/revisions\/6649"}],"wp:featuredmedia":[{"embeddable":true,"href":"https:\/\/cpstesters.com\/eo\/wp-json\/wp\/v2\/media\/930"}],"wp:attachment":[{"href":"https:\/\/cpstesters.com\/eo\/wp-json\/wp\/v2\/media?parent=1858"}],"curies":[{"name":"wp","href":"https:\/\/api.w.org\/{rel}","templated":true}]}}