{"id":1843,"date":"2024-07-16T14:19:35","date_gmt":"2024-07-16T14:19:35","guid":{"rendered":"https:\/\/cpstesters.com\/30-dua-cps-testo-kontrolu-vian-klak-rapidecon\/"},"modified":"2024-09-17T08:21:46","modified_gmt":"2024-09-17T08:21:46","slug":"30-second-cps-test","status":"publish","type":"page","link":"https:\/\/cpstesters.com\/eo\/30-second-cps-test\/","title":{"rendered":"30 Dua CPS-Testo | Kontrolu Vian Klak-Rapidecon"},"content":{"rendered":"\n<p>30 Dua CPS-Testo povas esti bona \u015danco plibonigi vian klakan ludon pro la pliigita tempo, ludu nun kaj kontrolu!<\/p>\n\n\n <div class=\"row\">\r\n\t<div class=\"col-md-4\">\r\n\r\n\t\t\r\n\t\t\r\n\t\t<div class=\"side_nav\">\r\n            \r\n            \r\n            <ul class=\"time\">\r\n            <li>\r\n             <a href=\"https:\/\/cpstesters.com\/1-second-cps-test\/\"> <span data-time=\"1\">1 Second Test<\/span><\/a>\r\n            <\/li><li>\r\n             <a href=\"https:\/\/cpstesters.com\/2-second-cps-test\/\"><span data-time=\"2\">2 Second Test<\/span><\/a>\r\n            <\/li><li>\r\n           <a href=\"https:\/\/cpstesters.com\/5-second-cps-test\/\"><span data-time=\"5\">5 Second Test<\/span><\/a>\r\n            <\/li><li>\r\n\t\t\t\t <a href=\"https:\/\/cpstesters.com\/10-second-cps-test\/\"><span data-time=\"10\">10 Second Test<\/span><\/a>\r\n            <\/li><li>\r\n             <a href=\"https:\/\/cpstesters.com\/15-second-click-test\/\"><span data-time=\"15\">15 Second Test<\/span><\/a>\r\n            <\/li><li>\r\n\t\t\t\t<li>\r\n             <a href=\"https:\/\/cpstesters.com\/30-second-cps-test\/\"><span data-time=\"30\" class=\"active\">30 Second Test<\/span><\/a>\r\n            <\/li><li>\r\n\t\t\t\t<li>\r\n             <a href=\"https:\/\/cpstesters.com\/60-second-cps-test\/\"><span data-time=\"60\">60 Second Test<\/span><\/a>\r\n            <\/li><li>\r\n\t\t\t\t<li>\r\n             <a href=\"https:\/\/cpstesters.com\/100-second-cps-test\/\"><span data-time=\"100\">100 Second Test<\/span><\/a>\r\n            <\/li><li>\r\n\t\t\t\t\r\n             <a href=\"https:\/\/cpstesters.com\/manual-click-test\/\"><span data-time=\"20\">Manual Click Test<\/span><\/a>\r\n            <\/li><\/ul>\r\n            <\/div>\r\n\t\t\r\n\t\t\r\n\t<\/div>\r\n\t<div class=\"col-md-8\">\r\n\t\t<section class=\"section section--full js-section-full section--click\">\r\n               <div class=\"container\">\r\n\t\t\t\t   \r\n\t\t\t\t         <div class=\"setting\">\r\n    <div class=\"theme-mode\"><a class=\"theme-mode__switch js-switch\" href=\"javascript:void(0);\"><\/a>\r\n        <div class=\"theme-mode__text\">Light \/ Dark mode<\/div>\r\n    <\/div>\r\n<\/div>\r\n\t\t\t\t   \r\n\t\t\t\t   \r\n                  <div class=\"statistics\">\r\n                     <div class=\"statistics__item statistics__item--timer\">\r\n                        <div class=\"statistics__number\">\r\n                           <span class=\"js-time number_timer\">30.00<\/span>\r\n                           <a class=\"statistics__arrow statistics__arrow--up js-time-up\" href=\"javascript:void(0);\">\r\n                              <svg class=\"icon icon-arrow-up \">\r\n                                 <use xlink:href=\"\/wp-content\/themes\/generatepress\/tools\/assets\/img\/spritesvg.svg#arrow-up\"><\/use>\r\n                              <\/svg>\r\n                           <\/a>\r\n                           <a class=\"statistics__arrow statistics__arrow--down js-time-down\" href=\"javascript:void(0);\">\r\n                              <svg class=\"icon icon-arrow-up \">\r\n                                 <use xlink:href=\"\/wp-content\/themes\/generatepress\/tools\/assets\/img\/spritesvg.svg#arrow-up\"><\/use>\r\n                              <\/svg>\r\n                           <\/a>\r\n                        <\/div>\r\n                        <div class=\"statistics__title\">Timer<\/div>\r\n                     <\/div>\r\n                     <div class=\"statistics__item statistics__item--clicks\">\r\n                        <div class=\"statistics__number number_clicks js-speed\">0.00<\/div>\r\n                        <div class=\"statistics__title\">Clicks \/ s<\/div>\r\n                     <\/div>\r\n                     <div class=\"statistics__item statistics__item--score\">\r\n                        <div class=\"statistics__number number_score js-score\">0<\/div>\r\n                        <div class=\"statistics__title\">Score<\/div>\r\n                     <\/div>\r\n                  <\/div>\r\n                  <div class=\"clicks-zone\">\r\n                     <div class=\"clicks-zone__start js-clicks-start\">\r\n                        <svg class=\"icon icon-click \">\r\n                           <use xlink:href=\"\/wp-content\/themes\/generatepress\/tools\/assets\/img\/spritesvg.svg#click\"><\/use>\r\n                        <\/svg>\r\n                        <div class=\"clicks-zone__start-title\">\u0421lick here to start cps test<\/div>\r\n                     <\/div>\r\n                     <div class=\"clicks-zone__clicks js-clicks\"><\/div>\r\n                     <div class=\"clicks-zone__result result-clicks js-clicks-result\">\r\n                        <div class=\"result-clicks__title rank-wrapper\"><\/div>\r\n                        <div class=\"result-clicks__text\">Your CPS result is <span class=\"speed js-stat-speed\"><\/span> (<span class=\"clicks js-stat-clicks\"><\/span> Clicks in <span class=\"time js-stat-time\"><\/span> Seconds)<\/div>\r\n                        <div class=\"result-clicks__img\"><img><\/div>\r\n                        <a class=\"result-clicks__btn js-try-again\" href=\"javascript:void(0);\">\r\n                           <svg class=\"icon icon-again \">\r\n                              <use xlink:href=\"\/wp-content\/themes\/generatepress\/tools\/assets\/img\/spritesvg.svg#again\"><\/use>\r\n                           <\/svg>\r\n                           Restart\r\n                        <\/a>\r\n                        <div class=\"result-clicks__share\">\r\n                           <div class=\"result-clicks__share-title\">Share your result with friends!<\/div>\r\n                           <div class=\"share-buttons\">\r\n                              <a class=\"share-button facebook\" data-href=\"https:\/\/www.facebook.com\/sharer\/sharer.php?u=https:\/\/cpstesters.com\/\" target=\"_blank\" onclick=\"goclicky(this); return false;\" rel=\"noopener\">Facebook<\/a>\r\n                              <a class=\"share-button twitter\" data-href=\"http:\/\/www.twitter.com\/share?url=https:\/\/cpstesters.com\/&text=[text]\" target=\"_blank\" onclick=\"goclicky(this); return false;\" rel=\"noopener\">Twitter<\/a>\r\n                              <a class=\"share-button whatsapp\" data-href=\"https:\/\/api.whatsapp.com\/send?text=[text]\" target=\"_blank\" onclick=\"goclicky(this); return false;\" rel=\"noopener\">WhatsApp<\/a>\r\n                              <a class=\"share-button reddit\" data-href=\"http:\/\/www.reddit.com\/submit?url=https:\/\/cpstesters.com\/&title=[text]\" target=\"_blank\" onclick=\"goclicky(this); return false;\" rel=\"noopener\">Reddit<\/a>\r\n                           <\/div>\r\n                        <\/div>\r\n                     <\/div>\r\n                  <\/div>\r\n                  <img decoding=\"async\" src=\"\/wp-content\/themes\/generatepress\/tools\/assets\/img\/test_result\/3\/1.png\" style=\"display: none\" alt=\"\" title=\"\">\r\n                  <img decoding=\"async\" src=\"\/wp-content\/themes\/generatepress\/tools\/assets\/img\/test_result\/5\/1.png\" style=\"display: none\" alt=\"\" title=\"\">\r\n                  <img decoding=\"async\" src=\"\/wp-content\/themes\/generatepress\/tools\/assets\/img\/test_result\/1\/1.png\" style=\"display: none\" alt=\"\" title=\"\">\r\n                  <img decoding=\"async\" src=\"\/wp-content\/themes\/generatepress\/tools\/assets\/img\/test_result\/2\/1.png\" style=\"display: none\" alt=\"\" title=\"\">\r\n                  <img decoding=\"async\" src=\"\/wp-content\/themes\/generatepress\/tools\/assets\/img\/test_result\/0\/1.png\" style=\"display: none\" alt=\"\" title=\"\">\r\n                  <img decoding=\"async\" src=\"\/wp-content\/themes\/generatepress\/tools\/assets\/img\/test_result\/6\/1.png\" style=\"display: none\" alt=\"\" title=\"\">\r\n                  <img decoding=\"async\" src=\"\/wp-content\/themes\/generatepress\/tools\/assets\/img\/test_result\/7\/1.png\" style=\"display: none\" alt=\"\" title=\"\">\r\n                  <img decoding=\"async\" src=\"\/wp-content\/themes\/generatepress\/tools\/assets\/img\/test_result\/4\/1.png\" style=\"display: none\" alt=\"\" title=\"\">\r\n                  <script>\r\n                     var test_result = {\"ratings\":{\"min\":0,\"max\":5},\"rating_ranks\":[\"Your Rank is Snail!\",\"Your Rank is Koala!\",\"Your Rank is Turtle!\",\"Your Rank is Panda!\",\"Your Rank is Hare!\",\"Your Rank is Kangaroo!\",\"Your Rank is Panther!\",\"Your Rank is Cheetah!\"],\"cps_scale\":[[0,1],[1,3],[3,5],[5,7],[7,9],[9,10],[10,12],[12,999]],\"files\":{\"3\":[\"\\\/wp-content\\\/themes\\\/generatepress\\\/tools\\\\assets\\\/img\\\/test_result\\\/3\\\/1.png\"],\"5\":[\"\\\/wp-content\\\/themes\\\/generatepress\\\/tools\\\\assets\\\/img\\\/test_result\\\/5\\\/1.png\"],\"1\":[\"\\\/wp-content\\\/themes\\\/generatepress\\\/tools\\\\assets\\\/img\\\/test_result\\\/1\\\/1.png\"],\"2\":[\"\\\/wp-content\\\/themes\\\/generatepress\\\/tools\\\\assets\\\/img\\\/test_result\\\/2\\\/1.png\"],\"0\":[\"\\\/wp-content\\\/themes\\\/generatepress\\\/tools\\\\assets\\\/img\\\/test_result\\\/0\\\/1.png\"],\"6\":[\"\\\/wp-content\\\/themes\\\/generatepress\\\/tools\\\\assets\\\/img\\\/test_result\\\/6\\\/1.png\"],\"7\":[\"\\\/wp-content\\\/themes\\\/generatepress\\\/tools\\\\assets\\\/img\\\/test_result\\\/7\\\/1.png\"],\"4\":[\"\\\/wp-content\\\/themes\\\/generatepress\\\/tools\\\\assets\\\/img\\\/test_result\\\/4\\\/1.png\"]}};\r\n                     var language = {\"code\":\"en\",\"name\":\"English\",\"prefix\":\"\"};\r\n                     var monitoringClickEvent = 'left';\r\n                     var shareTextDefault = 'My CPS result is {speed} ({clicks} Clicks in {time} Seconds)';\r\n                  <\/script>        \r\n               <\/div>\r\n            <\/section>\r\n\t\t\r\n\t<\/div>\r\n<\/div>\r\n\r\n    <script src=\"\/wp-content\/themes\/generatepress\/tools\/assets\/js\/libs.min.js\"><\/script>\r\n      <script src=\"\/wp-content\/themes\/generatepress\/tools\/assets\/js\/main.min.js?v64\"><\/script>\r\n\n\n\n\n<div style=\"height:5px\" aria-hidden=\"true\" class=\"wp-block-spacer\"><\/div>\n\n\n\n<p>\u0108u vi iam scivolis kiom rapide vi povas klaki musbutonon a\u016d frapeti ekranon? Vi eble pensas, ke \u011di estas nur simpla ago, sed\u00a0<br><strong>klakrapideco<\/strong>\u00a0fari\u011dis populara provo de refleksoj kaj reagotempo en la videoludada mondo. La\u00a0<br><strong>30-sekunda klako por dua provo<\/strong>\u00a0estas unu el la plej bonaj manieroj por mezuri kiom rapide vi povas klaki en limigita tempokadro, provizante informojn pri via man-okula kunordigo, fokuso kaj eltenemo.<\/p>\n\n\n<div class=\"wp-block-image\">\n<figure class=\"aligncenter size-full\"><img loading=\"lazy\" decoding=\"async\" width=\"1000\" height=\"500\" src=\"https:\/\/cpstesters.com\/wp-content\/uploads\/2022\/08\/30-sec-CPs-TESt.jpg\" alt=\"30 Dua CPS-Testo\" class=\"wp-image-285\" title=\"\" srcset=\"https:\/\/cpstesters.com\/wp-content\/uploads\/2022\/08\/30-sec-CPs-TESt.jpg 1000w, https:\/\/cpstesters.com\/wp-content\/uploads\/2022\/08\/30-sec-CPs-TESt-300x150.jpg 300w, https:\/\/cpstesters.com\/wp-content\/uploads\/2022\/08\/30-sec-CPs-TESt-768x384.jpg 768w\" sizes=\"auto, (max-width: 1000px) 100vw, 1000px\" \/><figcaption class=\"wp-element-caption\">30 Dua CPS-Testo<\/figcaption><\/figure>\n<\/div>\n\n\n<p>En \u0109i tiu artikolo, ni esploros la&nbsp;<strong>provon de 30-sekunda klako por sekundo<\/strong>&nbsp;, komprenos kial \u011di gravas, kaj malkovros kiel vi povas plibonigi vian klakan rapidecon per kelkaj simplaj konsiletoj. \u0108u vi estas hazarda ludanto ser\u0109anta pliigi viajn klakojn je sekundo (CPS) a\u016d simple scivolema pri via reagotempo, \u0109i tiu gvidilo provizos \u0109ion, kion vi bezonas scii.<\/p>\n\n\n\n<h2 class=\"wp-block-heading\">Kio estas la 30-Sekunda Klako por Dua Testo?<\/h2>\n\n\n\n<p>La&nbsp;<strong>30-sekunda klako por dua provo<\/strong>&nbsp;estas simpla interreta defio desegnita por provi kiomfoje vi povas klaki butonon en 30 sekundoj. \u011ci estas kutime uzata de ludantoj, precipe en rapidaj ludoj, kiuj postulas rapidajn reagojn, sed \u0109iu povas fari la teston por mezuri sian CPS.<\/p>\n\n\n\n<p>Dum la testo, uzantoj plurfoje klakas sur elektita areo kiel eble plej rapide, kaj la programaro registras la totalan nombron da klakoj. La fina rezulto estas kalkulita dividante la totalajn klakojn je 30 sekundoj por akiri vian avera\u011dan CPS-poentaron.<\/p>\n\n\n\n<p><strong>Ekzemplo<\/strong>&nbsp;: Se vi klakus 300 fojojn en 30 sekundoj, via CPS-poentaro estus 10 klakoj por sekundo.<\/p>\n\n\n\n<h2 class=\"wp-block-heading\">Kial Klakado-Rapideco estas Grava?<\/h2>\n\n\n\n<p>En certaj lud\u011denroj, kiel unuapersonaj pafiloj, realtempaj strategiludoj kaj konkurencivaj plurludantaj titoloj, la&nbsp;<strong>rapideco kun kiu vi klakas<\/strong>&nbsp;povas signife influi vian en-ludan rendimenton. Ekzemple, pli rapida klakrapideco povas doni al vi avanta\u011don dum konstruado de strukturoj, celado a\u016d farado de rapidaj agoj kiuj postulas rapidan respondon.<\/p>\n\n\n\n<p>Preter videoludado, plibonigi vian klakan rapidecon povas profitigi al \u0109iuj, kiuj pasigas multan tempon en komputilo, kiel grafikistoj, kodistoj kaj redaktistoj, helpante ilin plenumi taskojn pli rapide kaj pli efike.<\/p>\n\n\n\n<h2 class=\"wp-block-heading\">Kompreni Klakojn por Sekundo (CPS)<\/h2>\n\n\n\n<p>La metriko de&nbsp;<strong><a href=\"https:\/\/cpstesters-com.translate.goog\/?_x_tr_sl=en&amp;_x_tr_tl=eo&amp;_x_tr_hl=en&amp;_x_tr_pto=wapp\" rel=\"noopener\">Klakoj por Sekundo<\/a>&nbsp;(CPS)<\/strong>&nbsp;estas la nombro da klakoj, kiujn vi povas fari en unu sekundo. \u0108i tiu estas la \u0109efa unuo uzata en klaktestoj, inkluzive de la 30-sekunda testo. Jen kiel CPS estas kutime mezurita:<\/p>\n\n\n\n<ul class=\"wp-block-list\">\n<li><strong>Malalta CPS<\/strong>\u00a0: 1-3 klakoj sekundo<\/li>\n\n\n\n<li><strong>Meza CPS<\/strong>\u00a0: 4-6 klakoj sekundo<\/li>\n\n\n\n<li><strong>Rapida CPS<\/strong>\u00a0: 7-9 klakoj sekundo<\/li>\n\n\n\n<li><strong>Ekstrema CPS<\/strong>\u00a0: 10 a\u016d pli da klakoj sekundo<\/li>\n<\/ul>\n\n\n\n<p>La avera\u011da CPS-poentaro por plej multaj homoj falas inter 5 kaj 7, kvankam profesiaj ludantoj a\u016d homoj, kiuj trejnas ofte, ofte povas atingi multe pli altajn tarifojn.<\/p>\n\n\n\n<h2 class=\"wp-block-heading\">Kiel Fari la 30-Sekundan Klak-Teston<\/h2>\n\n\n\n<p>La&nbsp;<strong>30-sekunda klaktesto<\/strong>&nbsp;estas simpla por fari, kaj \u011di povas esti farita en la plej multaj retejoj, kiuj ofertas CPS-testadon. Sekvu \u0109i tiujn pa\u015dojn por komenci vian teston:<\/p>\n\n\n\n<ol class=\"wp-block-list\">\n<li><strong>Trovu CPS-Testan Retejon<\/strong>\u00a0: Estas pluraj senpagaj iloj disponeblaj interrete, kie vi povas fari la 30-sekundan klakon por dua provo. Nur ser\u0109u &#8220;30-sekunda CPS-testo&#8221;, kaj vi trovos kelkajn platformojn por elekti.<\/li>\n\n\n\n<li><strong>Preparu Vin<\/strong>\u00a0: Komforti\u011du, metu vian manon sur la muson kaj profunde spiru. Vi devos konservi vian klakan rapidecon dum la plenaj 30 sekundoj, do certigu, ke vi estas en malstre\u0109a pozicio.<\/li>\n\n\n\n<li><strong>Komencu Klaki<\/strong>\u00a0: Post kiam vi komencas la teston, alklaku kiel eble plej rapide en la elektita areo dum 30 sekundoj. Fokusu konservi konsekvencan ritmon kaj evitu halti.<\/li>\n\n\n\n<li><strong>Kontrolu Vian Poentaron<\/strong>\u00a0: Post kiam la tempo fini\u011dos, la ilo montros vian CPS-poentaron. Iuj retejoj anka\u016d povas kompari vian poentaron kun aliaj a\u016d doni al vi rangotabelojn.<\/li>\n<\/ol>\n\n\n\n<h2 class=\"wp-block-heading\">Faktoroj, kiuj influas vian CPS-Poentaron<\/h2>\n\n\n\n<p>Estas diversaj faktoroj, kiuj povas influi vian CPS-poentaron. Jen la plej oftaj:<\/p>\n\n\n\n<h3 class=\"wp-block-heading\">1.&nbsp;<strong>Muso a\u016d Aparato Tipo<\/strong><\/h3>\n\n\n\n<p>La tipo de&nbsp;<strong>muso<\/strong>&nbsp;a\u016d aparato, kiun vi uzas, povas havi gravan efikon sur via klakrapideco. Ludaj musoj kun respondemaj, malpezaj butonoj ofte pli ta\u016dgas por atingi altajn CPS-poentarojn kompare kun normaj oficejaj musoj, kiuj povus havi pli pezajn butonojn.<\/p>\n\n\n\n<h3 class=\"wp-block-heading\">2.&nbsp;<strong>Klakante Tekniko<\/strong><\/h3>\n\n\n\n<p>Via&nbsp;<strong>klaktekniko<\/strong>&nbsp;estas alia kritika faktoro. Iuj homoj klakas uzante nur sian montran fingron, dum aliaj uzas plurajn fingrojn por pliigi sian rapidecon. Teknikoj kiel la&nbsp;<strong><a href=\"https:\/\/cpstesters-com.translate.goog\/butterfly-click-test\/?_x_tr_sl=en&amp;_x_tr_tl=eo&amp;_x_tr_hl=en&amp;_x_tr_pto=wapp\" rel=\"noopener\">papilia klako<\/a><\/strong>&nbsp;a\u016d&nbsp;<a href=\"https:\/\/cpstesters-com.translate.goog\/jitter-click-test\/?_x_tr_sl=en&amp;_x_tr_tl=eo&amp;_x_tr_hl=en&amp;_x_tr_pto=wapp\" rel=\"noopener\"><strong>tremoklako<\/strong><\/a>&nbsp;povas helpi vin atingi pli altan CPS uzante rapidajn fingromovojn.<a href=\"https:\/\/cpstesters-com.translate.goog\/jitter-click-test\/?_x_tr_sl=en&amp;_x_tr_tl=eo&amp;_x_tr_hl=en&amp;_x_tr_pto=wapp\" rel=\"noopener\"><strong><\/strong><\/a><\/p>\n\n\n\n<h3 class=\"wp-block-heading\">3.&nbsp;<strong>Man-Okula Kunordigo<\/strong><\/h3>\n\n\n\n<p>Bona&nbsp;<strong>man-okula kunordigo<\/strong>&nbsp;estas esenca por atingi altan CPS-poenton. Ju pli rapide vi povas kunordigi viajn manomovojn kun la instrukcioj de via cerbo, des pli bonaj estos viaj rezultoj.<\/p>\n\n\n\n<h3 class=\"wp-block-heading\">4.&nbsp;<strong>Fizika kaj Mensa Laceco<\/strong><\/h3>\n\n\n\n<p>Laceco ludas gravan rolon en CPS-poentaro. \u0108ar la testo da\u016dras 30 sekundojn, konservi fokuson kaj klakan rapidecon sen lacigi vian manon povas esti malfacila. Esti en bona fizika kondi\u0109o kaj praktiki regule helpos redukti lacecon kaj plibonigi vian agadon.<\/p>\n\n\n\n<h2 class=\"wp-block-heading\">Konsiletoj por Plibonigi Vian CPS-Poentaron<\/h2>\n\n\n\n<p>Plibonigi vian&nbsp;<strong>klakan rapidecon<\/strong>&nbsp;postulas praktikon kaj teknikon. Jen kelkaj praktikaj konsiloj por helpi pliigi vian poentaron:<\/p>\n\n\n\n<h3 class=\"wp-block-heading\">1.&nbsp;<strong>Praktiku Regule<\/strong><\/h3>\n\n\n\n<p>Ju pli vi ekzercas, des pli rapide vi fari\u011dos. Regule preni la 30-sekundan klakteston helpos vin evoluigi muskolajn memorojn, kaj vi trovos, ke via klakrapideco nature pliboni\u011das la\u016dlonge de la tempo.<\/p>\n\n\n\n<h3 class=\"wp-block-heading\">2.&nbsp;<strong>Provu Malsamajn Klakajn Teknikojn<\/strong><\/h3>\n\n\n\n<p>Se vi serioze pliigas vian CPS, eksperimentu kun malsamaj teknikoj. La&nbsp;<strong>papilia klako<\/strong>&nbsp;implikas uzi du fingrojn alterne, kiuj preska\u016d povas duobligi vian CPS, dum la&nbsp;<strong>tremklako<\/strong>&nbsp;implikas rapidajn, kontrolitajn vibrojn de la mano por atingi tre rapidajn klakojn.<\/p>\n\n\n\n<h3 class=\"wp-block-heading\">3.&nbsp;<strong>Uzu Altkvalitan Muson<\/strong><\/h3>\n\n\n\n<p>Investi en&nbsp;<strong>videoludada muso<\/strong>&nbsp;kun respondemaj butonoj povas fari grandan diferencon en via klakrapideco. \u0108i tiuj musoj estas dezajnitaj por rapidaj klakoj, ofte kun malpezaj, ergonomiaj dezajnoj, kiuj reduktas la manon.<\/p>\n\n\n\n<h3 class=\"wp-block-heading\">4.&nbsp;<strong>Fokuso sur Precizeco<\/strong><\/h3>\n\n\n\n<p>Dum klaki rapide estas grava, ne forgesu celi precizecon. Klaki ekster la elektita areo dum la testo mal\u015dparos valoran tempon kaj klakojn. Fokusu resti ene de la cela zono.<\/p>\n\n\n\n<h3 class=\"wp-block-heading\">5.&nbsp;<strong>Prenu Pa\u016dzojn kaj Restu Malstre\u0109ita<\/strong><\/h3>\n\n\n\n<p>Klaki altaj rapidecoj dum plilongigita periodo povas ka\u016dzi lacecon, kiu malaltigos vian poentaron. Preni mallongajn pa\u016dzojn inter provoj povas helpi teni viajn manmuskolojn malstre\u0109itaj kaj pretaj por la sekva rondo.<\/p>\n\n\n\n<h2 class=\"wp-block-heading\">La Avanta\u011doj de Alta CPS-Poentaro<\/h2>\n\n\n\n<p>Atingi altan CPS-poentaron ne estas nur amuza, sed anka\u016d venas kun kelkaj praktikaj avanta\u011doj, precipe se vi estas konkurenciva ludanto a\u016d iu kiu laboras kun komputiloj. Jen kelkaj avanta\u011doj de plibonigi vian CPS:<\/p>\n\n\n\n<ul class=\"wp-block-list\">\n<li><strong>Plibonigita Ludada Rendimento<\/strong>\u00a0: Se vi estas ludanto, precipe en agoplenaj ludoj, havi altan CPS povas doni al vi avanta\u011don super viaj kontra\u016duloj.<\/li>\n\n\n\n<li><strong>Pliigita Produktiveco<\/strong>\u00a0: Por tiuj, kiuj uzas komputilojn por laboro, pliigi vian klakan rapidecon povas helpi vin navigi pli rapide, plibonigante \u011deneralan produktivecon.<\/li>\n\n\n\n<li><strong>Plifortigitaj Refleksoj<\/strong>\u00a0: Regule ekzercado de klaktestoj povas plibonigi viajn refleksojn kaj reagotempon, kio povas esti utila en diversaj realaj scenaroj.<\/li>\n<\/ul>\n\n\n\n<h2 class=\"wp-block-heading\">Popularaj Klakteknikoj: Papilio kaj Jitter Klakado<\/h2>\n\n\n\n<p>Du altnivelaj teknikoj, kiujn ludantoj ofte uzas por plibonigi sian CPS, estas&nbsp;<strong>papilia klakado<\/strong>&nbsp;kaj&nbsp;<strong>tremoklakado<\/strong>&nbsp;. \u0108i tiuj teknikoj postulas praktikon kaj povas signife plibonigi vian klakprocenton:<\/p>\n\n\n\n<h3 class=\"wp-block-heading\">1.&nbsp;<strong>Papilio Klakado<\/strong><\/h3>\n\n\n\n<p>En&nbsp;<strong>papilia klakado<\/strong>&nbsp;, du fingroj (kutime la montro kaj mezfingroj) estas uzataj alterne por klaki la muson. \u0108i tiu metodo permesas al vi klaki multe pli rapide ol uzi nur unu fingron, \u0109ar \u0109iu fingro ripozas mallonge dum la alia klakas.<\/p>\n\n\n\n<h3 class=\"wp-block-heading\">2.&nbsp;<strong>Jitter Klakado<\/strong><\/h3>\n\n\n\n<p><strong>Jitter klakado<\/strong>&nbsp;implikas rapide vibri viajn manmuskolojn por klaki la musbutonon plurfoje sekundo. \u0108i tiu tekniko postulas praktikon, \u0109ar \u011di povas stre\u0109i la manon se ne \u011duste farita. Tremota klakado povas doni nekredeble altajn CPS-poentarojn, sed \u011di anka\u016d postulas bonegan kontrolon por konservi precizecon.<\/p>\n\n\n\n<h2 class=\"wp-block-heading\">Konkludo: Testu kaj Plibonigu Vian Klakan Rapidon<\/h2>\n\n\n\n<p>La&nbsp;<strong>30-sekunda klako por dua provo<\/strong>&nbsp;estas amuza kaj efika maniero por mezuri kaj plibonigi vian klakan rapidecon. \u0108u vi estas konkurenciva ludanto a\u016d simple volas defii vin, la CPS-testo povas doni valorajn informojn pri via reagotempo kaj man-okula kunordigo.<\/p>\n\n\n\n<p>Praktikante regule, eksperimentante kun malsamaj teknikoj kaj uzante la \u011dustajn ilojn, vi povas plifortigi vian CPS-poentaron kaj plibonigi vian \u011deneralan rendimenton, kaj en kaj ekster la videoludada mondo.<\/p>\n\n\n\n<p>Do, \u0109u vi pretas akcepti la defion? Provu la&nbsp;<strong>30-sekundan klakon por dua provo<\/strong>&nbsp;hodia\u016d, kaj vidu kiom rapide vi povas iri!<\/p>\n\n\n\n<h3 class=\"wp-block-heading\">Aliaj Klakaj Testoj Vi Povas \u015cati<\/h3>\n\n\n\n<ul class=\"wp-block-list\">\n<li><a href=\"https:\/\/cpstesters.com\/eo\/dekstre-klaku-cps-testo\/\" target=\"_blank\" rel=\"noreferrer noopener\">Dekstre Klaku CPS-Testo<\/a><\/li>\n\n\n\n<li><a href=\"https:\/\/cpstesters.com\/eo\/kohi-klaku-testo\/\" target=\"_blank\" rel=\"noreferrer noopener\">Kohi Klaku Testo<\/a><\/li>\n\n\n\n<li><a href=\"https:\/\/cpstesters.com\/eo\/jitter-klaku-testo\/\" target=\"_blank\" rel=\"noreferrer noopener\">Jitter Klaku Testo<\/a><\/li>\n\n\n\n<li><a href=\"https:\/\/cpstesters.com\/eo\/manlibro-klaku-testo\/\" target=\"_blank\" rel=\"noreferrer noopener\">Manlibro Klaku Testo<\/a><\/li>\n<\/ul>\n\n\n\n<p class=\"has-text-align-center has-background has-medium-font-size\" style=\"background-color:#ffb15e\">\u0108u vi ne maltrankvili\u011das pri sekundoj? Prenu Core <a href=\"https:\/\/cpstesters.com\/eo\/\" target=\"_blank\" rel=\"noreferrer noopener\">CPS Teston<\/a><\/p>\n","protected":false},"excerpt":{"rendered":"<p>30 Dua CPS-Testo povas esti bona \u015danco plibonigi vian klakan ludon pro la pliigita tempo, ludu nun kaj kontrolu! \u0108u vi iam scivolis kiom rapide &#8230; <\/p>\n<p class=\"read-more-container\"><a title=\"30 Dua CPS-Testo | Kontrolu Vian Klak-Rapidecon\" class=\"read-more button\" href=\"https:\/\/cpstesters.com\/eo\/30-second-cps-test\/#more-1843\" aria-label=\"Read more about 30 Dua CPS-Testo | Kontrolu Vian Klak-Rapidecon\">Read More<\/a><\/p>\n","protected":false},"author":4,"featured_media":1110,"parent":0,"menu_order":0,"comment_status":"closed","ping_status":"closed","template":"","meta":{"footnotes":""},"class_list":["post-1843","page","type-page","status-publish","has-post-thumbnail"],"_links":{"self":[{"href":"https:\/\/cpstesters.com\/eo\/wp-json\/wp\/v2\/pages\/1843","targetHints":{"allow":["GET"]}}],"collection":[{"href":"https:\/\/cpstesters.com\/eo\/wp-json\/wp\/v2\/pages"}],"about":[{"href":"https:\/\/cpstesters.com\/eo\/wp-json\/wp\/v2\/types\/page"}],"author":[{"embeddable":true,"href":"https:\/\/cpstesters.com\/eo\/wp-json\/wp\/v2\/users\/4"}],"replies":[{"embeddable":true,"href":"https:\/\/cpstesters.com\/eo\/wp-json\/wp\/v2\/comments?post=1843"}],"version-history":[{"count":5,"href":"https:\/\/cpstesters.com\/eo\/wp-json\/wp\/v2\/pages\/1843\/revisions"}],"predecessor-version":[{"id":5751,"href":"https:\/\/cpstesters.com\/eo\/wp-json\/wp\/v2\/pages\/1843\/revisions\/5751"}],"wp:featuredmedia":[{"embeddable":true,"href":"https:\/\/cpstesters.com\/eo\/wp-json\/wp\/v2\/media\/1110"}],"wp:attachment":[{"href":"https:\/\/cpstesters.com\/eo\/wp-json\/wp\/v2\/media?parent=1843"}],"curies":[{"name":"wp","href":"https:\/\/api.w.org\/{rel}","templated":true}]}}