{"id":3265,"date":"2024-07-16T14:35:14","date_gmt":"2024-07-16T14:35:14","guid":{"rendered":"https:\/\/cpstesters.com\/tastatur-zaehler-tasten-hit-counter-spiel\/"},"modified":"2024-09-17T15:00:47","modified_gmt":"2024-09-17T15:00:47","slug":"tastatur-zaehler","status":"publish","type":"page","link":"https:\/\/cpstesters.com\/de\/tastatur-zaehler\/","title":{"rendered":"Tastatur Z\u00e4hler | Tasten Hit Counter Spiel"},"content":{"rendered":"\n<p>keyboard Counter ist ein Online-Tastenz\u00e4hler-Spiel, das Ihnen hilft, Ihre Tastenklicks zu \u00fcberpr\u00fcfen und zu z\u00e4hlen, pr\u00fcfen Sie dieses erstaunliche Tool!<\/p>\n<style>\r\n\t#activity {\r\n\r\n\t\t    background: #FFB15E;\r\n    color: white;\r\n    width: 100%;\r\n    padding: 100px;\r\n\t\t\r\n text-align: center;\r\n vertical-align: middle;\r\n}\r\n\r\n\r\n#result {\r\n text-transform: uppercase;\r\n}\r\na:link,\r\na:hover,\r\na:visited,\r\na:active {\r\n text-decoration: bold;\r\n}\r\n.hits {\r\n font-size: 6rem;\r\n font-weight: bolder;\r\n\tcolor:white;\r\n}\r\n\t#activity p{\r\n\t\tfont-size:30px;\t\r\n\t\tcolor:white;\r\n\t\tmargin-bottom:0px;\r\n\t}\r\n\r\n<\/style>\r\n<div id=\"activity\">\r\n\t<p id=\"counter\"><span class=\"hits\">0<\/span><\/hp1>\r\n  <p>Keys Hit<\/p>\r\n<\/div>\r\n\t\r\n\t<script> \r\n\t\t\tvar hits = 0;\r\nvar hitElement = document.querySelector(\".hits\");\r\ndocument.body.onkeyup = function (e) {\r\n if ((e.keyCode == 1, 2, 3, 4, 5, 6, 7, 8, 9, 10)) {\r\n  addHit();\r\n }\r\n};\r\n\r\nvar addHit = function () {\r\n hits++;\r\n renderHits();\r\n};\r\n\r\nvar renderHits = function () {\r\n hitElement.innerHTML = hits;\r\n};\r\n\r\n\t<\/script>\n\n<p><\/p>\n\n<div style=\"height:5px\" aria-hidden=\"true\" class=\"wp-block-spacer\"><\/div>\n\n<h2 class=\"wp-block-heading\">Tastaturz\u00e4hler<\/h2>\n\n<p>Mit einem Online-Tool namens Tastaturz\u00e4hler k\u00f6nnen Sie \u00fcberpr\u00fcfen, ob eine Taste auf Ihrer Tastatur richtig funktioniert oder nicht. Zu Ihrer Erleichterung wird auch die Gesamtzahl der Tastenbet\u00e4tigungen aufgezeichnet. Diese Anwendung erspart Ihnen den wiederholten Besuch einer PC-Reparaturwerkstatt, um eine bestimmte Tastaturtaste zu testen, und spart Ihnen somit Zeit und Geld. Es hilft Ihnen nicht nur bei der Schl\u00fcsselkontrolle, sondern auch beim Z\u00e4hlen Ihrer Schl\u00fcssel in einer bestimmten Zeit.<\/p>\n\n<h2 class=\"wp-block-heading\">Warum den Schl\u00fcsselz\u00e4hler verwenden?<\/h2>\n\n<p>In der heutigen modernen Zeit benutzt praktisch jeder t\u00e4glich eine Tastatur. Tastaturen dienen einer Vielzahl von Zwecken, unter anderem dem Tippen, was ja die Aufgabe von Schreibkr\u00e4ften ist. Manche Leute, wie z. B. Gamer, k\u00f6nnen es zum Spielen verwenden. Oder manche Leute benutzen es, um bestimmte Aufgaben auf ihren PCs zu programmieren. Tastaturen sind wesentliche Bestandteile des Computers. Da es sich bei der Tastatur um ein Eingabeger\u00e4t handelt, k\u00f6nnte jede Besch\u00e4digung der Tasten oder der Funktionalit\u00e4ten des Eingabesystems teuer werden.<\/p>\n\n<p>Um sicherzustellen, dass die Tastatur unter diesen Umst\u00e4nden effektiv funktioniert, wird der Tastaturz\u00e4hler verwendet.<\/p>\n<div class=\"wp-block-image\">\n<figure class=\"aligncenter size-full\"><img loading=\"lazy\" decoding=\"async\" width=\"1000\" height=\"500\" src=\"https:\/\/cpstesters.com\/wp-content\/uploads\/2022\/09\/keyboard-counter-1.jpg\" alt=\"Tastaturz&#xE4;hler\" class=\"wp-image-632\" title=\"\" srcset=\"https:\/\/cpstesters.com\/wp-content\/uploads\/2022\/09\/keyboard-counter-1.jpg 1000w, https:\/\/cpstesters.com\/wp-content\/uploads\/2022\/09\/keyboard-counter-1-300x150.jpg 300w, https:\/\/cpstesters.com\/wp-content\/uploads\/2022\/09\/keyboard-counter-1-768x384.jpg 768w\" sizes=\"auto, (max-width: 1000px) 100vw, 1000px\" \/><figcaption class=\"wp-element-caption\">Tastaturz\u00e4hler<\/figcaption><\/figure>\n<\/div>\n<p class=\"has-text-align-center has-base-background-color has-background has-medium-font-size\"><em>Unser <a href=\"https:\/\/cpstesters.com\/de\/?page_id=2522\" target=\"_blank\" rel=\"noreferrer noopener\">WPM Online Test<\/a> kann Ihnen helfen, Tippen und Klicken zu verbessern, schauen Sie sich um!<\/em><\/p>\n\n<h2 class=\"wp-block-heading\">Tastatur-Klickz\u00e4hler<\/h2>\n\n<p>Die Tastatur kann von den Benutzern zum Z\u00e4hlen ihrer Klicks verwendet werden. Das Spiel mit dem Schl\u00fcsselz\u00e4hler ist in diesem Fall eine weitere Methode der Klickz\u00e4hlung. Der Klickz\u00e4hler \u00e4ndert sich pro Sekunde nur um eine Sekunde und z\u00e4hlt nur die Klicks, die Sie innerhalb dieses Zeitrahmens t\u00e4tigen.<\/p>\n\n<p>Ihre Klicks innerhalb einer Minute werden durch den Klickz\u00e4hler 1 Minute (60 Sekunden) berechnet. Der 10-Sekunden-Klickz\u00e4hler steht Ihnen ebenfalls zur Verf\u00fcgung und berechnet die Gesamtzahl der Klicks, die Sie w\u00e4hrend der vorgegebenen 10 Sekunden t\u00e4tigen.<\/p>\n\n<p>Der Tastaturklicker-Z\u00e4hler ist eine fantastische Erg\u00e4nzung. Die meisten Klickz\u00e4hler funktionieren nur mit der Maus, aber dieser funktioniert auch mit der Leertaste, so dass Sie die Verwendung dieser doppelten Option auf dem Tastenfeld \u00fcben k\u00f6nnen.<\/p>\n\n<h2 class=\"wp-block-heading\">Schritte zum Spielen von Key Counter Game<\/h2>\n\n<p>Auf unserer Website k\u00f6nnen Neulinge ganz einfach mit dem Spielen beginnen. Das Werkzeug funktioniert wie folgt:<\/p>\n\n<ul class=\"wp-block-list\">\n<li>Besuchen Sie unsere Website.<\/li>\n\n\n\n<li>W\u00e4hlen Sie aus dem Men\u00fc auf der Seite das Zeitintervall aus.<\/li>\n\n\n\n<li>Der Z\u00e4hler z\u00e4hlt bei jedem Kontakt mit der Bar die Zapfungen.<\/li>\n\n\n\n<li>Klicken Sie einfach auf die Schaltfl\u00e4che Neustart, um die Pr\u00fcfung neu zu starten. Wenn Sie Ihre Geschwindigkeit mit unserem Testtool bewerten, k\u00f6nnen Sie sich ein Spielziel innerhalb eines bestimmten Zeitraums setzen und das Ergebnis sofort sehen.<\/li>\n\n\n\n<li>W\u00e4hlen Sie daher die Sekunden als Intervall und beginnen Sie innerhalb der vorgegebenen Zeitspanne mit dem Tippen. Ihre typische Tippgeschwindigkeit h\u00e4ngt davon ab, wie oft Sie Videospiele spielen und wie sehr Sie darauf aus sind, schneller zu werden.<\/li>\n\n\n\n<li>Spieler klicken oft zwischen 5 und 7 Mal pro Sekunde. Durch regelm\u00e4\u00dfiges \u00dcben werden Sie jedoch in der Lage sein, Ihr Tempo beim Pressen schnell zu erh\u00f6hen.<\/li>\n<\/ul>\n\n<h2 class=\"has-text-align-center wp-block-heading\">FAQ&#8217;s<\/h2>\n\n<h3 class=\"wp-block-heading\"><strong>Welche Rolle spielt der Tastaturklickz\u00e4hler?<\/strong><\/h3>\n\n<p>Sie kann nicht nur f\u00fcr einfache Mathematik verwendet werden, sondern auch zum Z\u00e4hlen von Geb\u00e4uden, Gegenst\u00e4nden, \u00dcbungen wie Liegest\u00fctzen und Klimmz\u00fcgen oder anderen Arbeitszyklen.<\/p>\n\n<h3 class=\"wp-block-heading\"><strong>Wie oft kann ich eine Taste dr\u00fccken?<\/strong><\/h3>\n\n<p>Die meisten Tastenfelder k\u00f6nnen nur sechs gleichzeitige Eing\u00e4nge aufnehmen. Au\u00dferdem funktionieren einige Tastenfolgen manchmal einfach nicht. Der Begriff &#8220;Rollover&#8221; bezieht sich einfach darauf, wie gut Ihre Tastatur erkennen kann, wenn mehrere Tasten gleichzeitig gedr\u00fcckt werden.<\/p>\n\n<p>Sehen Sie sich unsere anderen Tools an:<\/p>\n\n<ul class=\"wp-block-list\">\n<li><a href=\"https:\/\/cpstesters.com\/de\/?page_id=2410\" target=\"_blank\" rel=\"noreferrer noopener\">Leertaste Z\u00e4hler<\/a><\/li>\n\n\n\n<li><a href=\"https:\/\/cpstesters.com\/de\/?page_id=3169\" target=\"_blank\" rel=\"noreferrer noopener\">Tastatur-Klick-Test<\/a><\/li>\n\n\n\n<li><a href=\"https:\/\/cpstesters.com\/de\/?page_id=3023\" target=\"_blank\" rel=\"noreferrer noopener\">APM-Test<\/a><\/li>\n\n\n\n<li><a href=\"https:\/\/cpstesters.com\/de\/?page_id=2529\" target=\"_blank\" rel=\"noreferrer noopener\">Mac-Tastaturtester<\/a><\/li>\n\n\n\n<li><a href=\"https:\/\/cpstesters.com\/de\/?page_id=3174\" target=\"_blank\" rel=\"noreferrer noopener\">Tastatur-Latenzzeit-Test<\/a><\/li>\n<\/ul>\n","protected":false},"excerpt":{"rendered":"<p>keyboard Counter ist ein Online-Tastenz\u00e4hler-Spiel, das Ihnen hilft, Ihre Tastenklicks zu \u00fcberpr\u00fcfen und zu z\u00e4hlen, pr\u00fcfen Sie dieses erstaunliche Tool! Tastaturz\u00e4hler Mit einem Online-Tool namens &#8230; <\/p>\n<p class=\"read-more-container\"><a title=\"Tastatur Z\u00e4hler | Tasten Hit Counter Spiel\" class=\"read-more button\" href=\"https:\/\/cpstesters.com\/de\/tastatur-zaehler\/#more-3265\" aria-label=\"Mehr Informationen \u00fcber Tastatur Z\u00e4hler | Tasten Hit Counter Spiel\">Read More<\/a><\/p>\n","protected":false},"author":4,"featured_media":1736,"parent":0,"menu_order":0,"comment_status":"closed","ping_status":"closed","template":"","meta":{"footnotes":""},"class_list":["post-3265","page","type-page","status-publish","has-post-thumbnail"],"_links":{"self":[{"href":"https:\/\/cpstesters.com\/de\/wp-json\/wp\/v2\/pages\/3265","targetHints":{"allow":["GET"]}}],"collection":[{"href":"https:\/\/cpstesters.com\/de\/wp-json\/wp\/v2\/pages"}],"about":[{"href":"https:\/\/cpstesters.com\/de\/wp-json\/wp\/v2\/types\/page"}],"author":[{"embeddable":true,"href":"https:\/\/cpstesters.com\/de\/wp-json\/wp\/v2\/users\/4"}],"replies":[{"embeddable":true,"href":"https:\/\/cpstesters.com\/de\/wp-json\/wp\/v2\/comments?post=3265"}],"version-history":[{"count":2,"href":"https:\/\/cpstesters.com\/de\/wp-json\/wp\/v2\/pages\/3265\/revisions"}],"predecessor-version":[{"id":3280,"href":"https:\/\/cpstesters.com\/de\/wp-json\/wp\/v2\/pages\/3265\/revisions\/3280"}],"wp:featuredmedia":[{"embeddable":true,"href":"https:\/\/cpstesters.com\/de\/wp-json\/wp\/v2\/media\/1736"}],"wp:attachment":[{"href":"https:\/\/cpstesters.com\/de\/wp-json\/wp\/v2\/media?parent=3265"}],"curies":[{"name":"wp","href":"https:\/\/api.w.org\/{rel}","templated":true}]}}