{"id":3255,"date":"2024-07-16T14:17:21","date_gmt":"2024-07-16T14:17:21","guid":{"rendered":"https:\/\/cpstesters.com\/maus-latenztest-klick-reaktionszeit-pruefen\/"},"modified":"2024-09-17T15:48:52","modified_gmt":"2024-09-17T15:48:52","slug":"maus-latenztest","status":"publish","type":"page","link":"https:\/\/cpstesters.com\/de\/maus-latenztest\/","title":{"rendered":"Maus-Latenztest | Klick-Reaktionszeit pr\u00fcfen"},"content":{"rendered":"\n<p>Maus-Latenz-Test kann verwendet werden, um herauszufinden, die Polling-Rate &amp; Reaktionszeit von Ihrem kabelgebundenen oder drahtlosen Mausklick, \u00fcberpr\u00fcfen Sie es jetzt!<\/p>\n<style>\r\n \r\n#instantclick-bar{\r\n    background:#FFB15E;\r\n}\r\n\r\n.container{\r\n    background:white;\r\n    padding:20px 30px;\r\n    margin:.5em auto 1em;\r\n    border-radius:8px;\r\n    width:600px;\r\n    clear:both;\r\n    color:#111;\r\n    border:1px solid rgba(0,0,0,.125)\r\n}\r\n\r\n.gist+hr{\r\n    margin-top:22px\r\n}\r\n.warning{\r\n    background:rgba(255,165,0,.2);\r\n    padding:.25em .5em;\r\n    border-radius:3px;\r\n    border:1px solid rgba(255,165,0,.5);\r\n    font-size:17px\r\n}\r\n#downloads td{\r\n    padding:0 20px 0 0\r\n}\r\n.support{\r\n    font-size:.85em;\r\n    width:100%;\r\n    text-align:center;\r\n    border-spacing:0;\r\n    border:solid #aab;\r\n    border-width:1px 0 0 1px\r\n}\r\n.support td, .support th{\r\n    border:solid #aab;\r\n    border-width:0 1px 1px 0;\r\n    padding:.17em\r\n}\r\n.support th{\r\n    padding:.17em .66em\r\n}\r\n.notice{\r\n    color:#333;\r\n    font-size:16px\r\n}\r\n.btn{\r\n    display:inline-block;\r\n    color:white !important;\r\n    background:#FFB15E;\r\n    border-radius:6px;\r\n    padding:7px 10px 6px;\r\n    text-decoration:none;\r\n    text-align:center;\r\n    font:16px\/1 Helvetica Neue, sans-serif;\r\n    border:1px solid #FFB15E;\r\n    box-shadow:inset 0 1px 1px rgba(255,255,255,.15), 0 1px 1px rgba(0,0,0,.5)\r\n}\r\n.btn:hover{\r\n    background:#c11;\r\n    border-color:#c11;\r\n    box-shadow:inset 0 1px 1px rgba(255,255,255,.2), 0 1px 1px rgba(0,0,0,.6)\r\n}\r\n.btn:active{\r\n    background:#c11;\r\n    position:relative;\r\n    top:1px;\r\n    box-shadow:inset 0 2px 5px rgba(0,0,0,.1)\r\n}\r\n.btn-big{\r\n    border-radius:7px;\r\n    font-size:18px;\r\n    padding:10px 17px 9px\r\n}\r\n.btn small{\r\n    font-size:.72em\r\n}\r\ncode{\r\n    background:#f8f8ff;\r\n    font-size:14px;\r\n    font-family:Consolas, Menlo, DejaVu Sans Mono, monospace;\r\n    white-space:pre;\r\n    border:1px solid #ccc;\r\n    border-bottom-color:#bbb;\r\n    display:inline-block;\r\n    border-radius:2px;\r\n    padding:0 3px\r\n}\r\nsup{\r\n    vertical-align:initial;\r\n    position:relative;\r\n    top:-.42em\r\n}\r\nsup a{\r\n    text-decoration:none;\r\n    margin:-.5em -.3em;\r\n    padding:.5em\r\n}\r\n#footnotes li:target{\r\n    background:#ffb;\r\n    border-radius:1px\r\n}\r\n#footnotes li{\r\n    font-size:16px;\r\n    padding:3px\r\n}\r\n.noteBack{\r\n    font-size:18px\r\n}\r\n#click-test{\r\n    width:100%;\r\n    text-align:center;\r\n    border:solid #aab;\r\n    border-width:1px 0 0 1px;\r\n    border-collapse:collapse\r\n}\r\n#click-test td, #click-test th{\r\n    border:solid #aab;\r\n    border-width:0px 1px 1px 0px;\r\n    width:40%\r\n}\r\n#link1:active{\r\n    background:none\r\n}\r\n#link2{\r\n    margin:30px;\r\n    font-size:20px;\r\n    padding:14px 22px 13px;\r\n    background:#FFB15E;\r\n    border:1px solid #FFB15E;\r\n    box-shadow:inset 0 1px 1px rgba(255,255,255,.15), 0 1px 1px rgba(0,0,0,.5);\r\n    top:0\r\n}\r\n#click-test .results p{\r\n    text-align:left;\r\n    margin-left:10px\r\n}\r\n.prev-next{\r\n    margin-top:1.5em\r\n}\r\n.prev-next a{\r\n    text-decoration:none\r\n}\r\n.prev-next .next{\r\n    float:right\r\n}\r\n.prev-next .next:after, .prev-next .prev:before{\r\n    color:black;\r\n    text-decoration:none;\r\n    display:inline-block;\r\n    color:inherit\r\n}\r\n.prev-next .next:after{\r\n    content:' >'\r\n}\r\n.prev-next .prev:before{\r\n    content:'< '\r\n}\r\n.toc{\r\n    border-top:1px solid #ddf;\r\n    clear:both;\r\n    margin-top:1em\r\n}\r\n.toc h3, .toc h4{\r\n    color:black\r\n}\r\n.toc a{\r\n    text-decoration:none\r\n}\r\n.toc h3{\r\n    margin-top:.75em;\r\n    font-size:1.17em\r\n}\r\n.toc .chapters{\r\n    -webkit-column-count:2;\r\n     -moz-column-count:2;\r\n    column-count:2\r\n}\r\n.toc .chapters li{\r\n    list-style:none\r\n}\r\n#footer{\r\n    margin:auto;\r\n    font-size:.83em;\r\n    text-align:center;\r\n    color:#222\r\n}\r\n.gist{\r\n    color:#000;\r\n     font-size:14px\r\n}\r\n.gist pre{\r\n    font:inherit;\r\n    line-height:inherit;\r\n    white-space:pre\r\n}\r\n.gist .gist-file{\r\n    border:1px solid #ddd;\r\n    border-bottom:1px solid #ccc;\r\n    border-radius:3px;\r\n    font-family:Consolas, Menlo, DejaVu Sans Mono, monospace;\r\n    margin-bottom:1em\r\n}\r\n.gist .gist-file .gist-data{\r\n    overflow:auto;\r\n    word-wrap:normal;\r\n    background-color:#f8f8ff;\r\n    font-size:100%\r\n}\r\n.gist .gist-file .gist-data .line-data{\r\n    padding:.5em !important\r\n}\r\n.gist .gist-file .gist-data .line-pre{\r\n    background:transparent !important;\r\n    border:none !important;\r\n    margin:0 !important;\r\n    padding:0 !important\r\n}\r\n.gist .gist-file .gist-data .line-numbers{\r\n    background-color:#ececec;\r\n    color:#aaa;\r\n    border-right:1px solid #ddd;\r\n    text-align:right;\r\n    padding:.5em\r\n}\r\n.gist .gist-file .gist-data .line-numbers .line-number{\r\n    clear:right;\r\n    display:block\r\n}\r\n.gist-syntax{\r\n    background:#ffffff\r\n}\r\n.c{\r\n    color:#999988;\r\n    font-style:italic\r\n}\r\n.err{\r\n    color:#a61717;\r\n    background-color:#e3d2d2\r\n}\r\n.k{\r\n    color:#000000;\r\n    font-weight:bold\r\n}\r\n.o{\r\n    color:#000000;\r\n    font-weight:bold\r\n}\r\n.cm{\r\n    color:#999988;\r\n    font-style:italic\r\n}\r\n.cp{\r\n    color:#999999;\r\n    font-weight:bold\r\n}\r\n.c1{\r\n    color:#999988;\r\n    font-style:italic\r\n}\r\n.cs{\r\n    color:#999999;\r\n    font-weight:bold;\r\n    font-style:italic\r\n}\r\n.gd{\r\n    color:#000000;\r\n    background-color:#fdd\r\n}\r\n.gd .x{\r\n    color:#000000;\r\n    background-color:#faa\r\n}\r\n.ge{\r\n    color:#000000;\r\n    font-style:italic\r\n}\r\n.gr{\r\n    color:#a00\r\n}\r\n.gh{\r\n    color:#999\r\n}\r\n.gi{\r\n    color:#000000;\r\n    background-color:#dfd\r\n}\r\n.gi .x{\r\n    color:#000000;\r\n    background-color:#afa\r\n}\r\n.go{\r\n    color:#888\r\n}\r\n.gp{\r\n    color:#555\r\n}\r\n.gs{\r\n    font-weight:bold\r\n}\r\n.gu{\r\n    color:#aaa\r\n}\r\n.gt{\r\n    color:#a00\r\n}\r\n.kc{\r\n    color:#000000;\r\n    font-weight:bold\r\n}\r\n.kd{\r\n    color:#000000;\r\n    font-weight:bold\r\n}\r\n.kp{\r\n    color:#000000;\r\n    font-weight:bold\r\n}\r\n.kr{\r\n    color:#000000;\r\n    font-weight:bold\r\n}\r\n.kt{\r\n    color:#445588;\r\n    font-weight:bold\r\n}\r\n.m{\r\n    color:#099\r\n}\r\n.s{\r\n    color:#d14\r\n}\r\n.na{\r\n    color:teal\r\n}\r\n.nb{\r\n    color:#0086b3\r\n}\r\n.nc{\r\n    color:#445588;\r\n    font-weight:bold\r\n}\r\n.no{\r\n    color:teal\r\n}\r\n.ni{\r\n    color:purple\r\n}\r\n.ne{\r\n    color:#990000;\r\n    font-weight:bold\r\n}\r\n.nf{\r\n    color:#990000;\r\n    font-weight:bold\r\n}\r\n.nn{\r\n    color:#555\r\n}\r\n.nt{\r\n    color:navy\r\n}\r\n.nv{\r\n    color:teal\r\n}\r\n.ow{\r\n    color:#000000;\r\n    font-weight:bold\r\n}\r\n.w{\r\n    color:#bbb\r\n}\r\n.mf{\r\n    color:#099\r\n}\r\n.mh{\r\n    color:#099\r\n}\r\n.mi{\r\n    color:#099\r\n}\r\n.mo{\r\n    color:#099\r\n}\r\n.sb{\r\n    color:#d14\r\n}\r\n.sc{\r\n    color:#d14\r\n}\r\n.sd{\r\n    color:#d14\r\n}\r\n.s2{\r\n    color:#d14\r\n}\r\n.se{\r\n    color:#d14\r\n}\r\n.sh{\r\n    color:#d14\r\n}\r\n.si{\r\n    color:#d14\r\n}\r\n.sx{\r\n    color:#d14\r\n}\r\n.sr{\r\n    color:#009926\r\n}\r\n.s1{\r\n    color:#d14\r\n}\r\n.ss{\r\n    color:#990073\r\n}\r\n.bp{\r\n    color:#999\r\n}\r\n.vc{\r\n    color:teal\r\n}\r\n.vg{\r\n    color:teal\r\n}\r\n.vi{\r\n    color:teal\r\n}\r\n.il{\r\n    color:#099\r\n}\r\n\r\n\r\n<\/style>\r\n\r\n\r\n\r\n<table id=\"click-test\">\r\n  <tr>\r\n\t  <th>Normal link<\/th>\r\n\t  <th>Big link<\/th>\r\n\t<\/tr>\r\n  <tr>\r\n\t  <td><a id=\"link1\" href=\"#\" data-no-instant>Click me<\/a><\/td>\r\n    <td><a id=\"link2\" class=\"btn btn-big\" href=\"#\" data-no-instant>Click me<\/a>\r\n\t  <\/td>\r\n\t\t<\/tr>\r\n  <tr class=\"results\">\r\n    <td>\r\n      <p>Click \u2212 Hover = <strong id=\"link1-click-hover\"><\/strong><br>\r\n      Click \u2212 Mousedown = <strong id=\"link1-click-mousedown\"><\/strong>\r\n      <p>Click \u2212 Touchstart = <strong id=\"link1-click-touchstart\"><\/strong>\r\n\t  <\/td>\r\n    <td>\r\n\r\n      <p>Click \u2212 Hover = <strong id=\"link2-click-hover\"><\/strong><br>\r\n      Click \u2212 Mousedown = <strong id=\"link2-click-mousedown\"><\/strong>\r\n      <p>Click \u2212 Touchstart = <strong id=\"link2-click-touchstart\"><\/strong>\r\n\t\t  <\/td>\r\n\t\t<\/tr>\r\n<\/table>\r\n\r\n<script src=\"https:\/\/code.jquery.com\/jquery-3.6.1.min.js\" integrity=\"sha256-o88AwQnZB+VDvE9tvIXrMQaPlFFSUTR+nldQm1LuPXQ=\" crossorigin=\"anonymous\"><\/script>\r\n<script>\r\nfunction $(id) {\r\n  return document.getElementById(id)\r\n}\r\n\r\nvar times = {\r\n  touchstart: 0,\r\n  hover: 0,\r\n  mousedown: 0,\r\n  click: 0\r\n}\r\n\r\n$('link1').addEventListener('mouseover', function() {\r\n  times.hover = +new Date\r\n})\r\n$('link2').addEventListener('mouseover', function() {\r\n  times.hover = +new Date\r\n})\r\n\r\n$('link1').addEventListener('mousedown', function() {\r\n  times.mousedown = +new Date\r\n})\r\n$('link2').addEventListener('mousedown', function() {\r\n  times.mousedown = +new Date\r\n})\r\n\r\n$('link1').addEventListener('touchstart', function() {\r\n  times.touchstart = +new Date\r\n})\r\n$('link2').addEventListener('touchstart', function() {\r\n  times.touchstart = +new Date\r\n})\r\n\r\nfunction delay(time) {\r\n  if (times[time] == 0)\r\n    return '\u221e'\r\n  return times.click - times[time] + ' ms'\r\n}\r\n\r\n$('link1').addEventListener('click', function(e) {\r\n  e.preventDefault()\r\n  times.click = +new Date\r\n  $('link1-click-hover').innerHTML = delay('hover')\r\n  $('link1-click-mousedown').innerHTML = delay('mousedown')\r\n  $('link1-click-touchstart').innerHTML = delay('touchstart')\r\n})\r\n$('link2').addEventListener('click', function(e) {\r\n  e.preventDefault()\r\n  e.target.blur() \r\n  times.click = +new Date\r\n  $('link2-click-hover').innerHTML = delay('hover')\r\n  $('link2-click-mousedown').innerHTML = delay('mousedown')\r\n  $('link2-click-touchstart').innerHTML = delay('touchstart')\r\n})\r\n\r\n<\/script>\n\n<p><\/p>\n\n<div style=\"height:5px\" aria-hidden=\"true\" class=\"wp-block-spacer\"><\/div>\n\n<h2 class=\"wp-block-heading\">Was ist die Maus-Latenzzeit?<\/h2>\n\n<p>Der Begriff &#8220;Mauslatenz&#8221; bezieht sich auf eine Verz\u00f6gerung der Mausbewegung. In der Regel ist sie hoch und niedrig. So scheint die Mauslatenz hoch zu sein, wenn die Maus langsam auf Befehle reagiert, und niedrig, wenn die Maus auf alle Anfragen prompt reagiert.<\/p>\n\n<p>Jedes St\u00fcck Hardware, das f\u00fcr PC-Spiele verwendet wird, verursacht eine Art von Latenz oder Verz\u00f6gerung. Die niedrigste Latenz ist ideal f\u00fcr Spiele, denn dann werden Ihre Aktionen schneller in das Spiel \u00fcbertragen und das Erlebnis ist nahtlos und reaktionsschnell. Die Klick-Latenzzeit Ihrer Maus hat einen erheblichen Einfluss auf dieses Erlebnis.<\/p>\n\n<p>Leider gibt es keine eindeutige Ursache f\u00fcr die Mausverz\u00f6gerung, so wie es auch zahlreiche andere Probleme mit Windows als Ganzes gibt.<\/p>\n\n<h2 class=\"wp-block-heading\">Was ist ein Maus-Latenzzeit-Test?<\/h2>\n\n<p>Der Mausleistungstest ist im Wesentlichen ein Mauslatenztest. Dieser Test misst die Gesamtzeit, die ben\u00f6tigt wird, um eine Aktion abzuschlie\u00dfen, oder die Verz\u00f6gerung bei Ihren Mausaktionen. Da es zahlreiche potenzielle Ursachen f\u00fcr die Mauslatenz gibt, ist es wichtig, den Mausklick-Latenztest durchzuf\u00fchren, bevor man mit irgendwelchen Abhilfema\u00dfnahmen fortf\u00e4hrt.<\/p>\n<div class=\"wp-block-image\">\n<figure class=\"aligncenter size-full\"><img loading=\"lazy\" decoding=\"async\" width=\"1000\" height=\"500\" src=\"https:\/\/cpstesters.com\/wp-content\/uploads\/2022\/09\/mouse-latency-test.jpg\" alt=\"Maus-Latenzzeit-Test\" class=\"wp-image-635\" title=\"\" srcset=\"https:\/\/cpstesters.com\/wp-content\/uploads\/2022\/09\/mouse-latency-test.jpg 1000w, https:\/\/cpstesters.com\/wp-content\/uploads\/2022\/09\/mouse-latency-test-300x150.jpg 300w, https:\/\/cpstesters.com\/wp-content\/uploads\/2022\/09\/mouse-latency-test-768x384.jpg 768w\" sizes=\"auto, (max-width: 1000px) 100vw, 1000px\" \/><figcaption>Maus-Latenzzeit-Test<\/figcaption><\/figure>\n<\/div>\n<p class=\"has-text-align-center has-base-background-color has-background has-medium-font-size\"><em>Wenn Ihre Maus hat gute Latenz, versuchen Sie einen <a href=\"https:\/\/cpstesters.com\/de\/\" target=\"_blank\" rel=\"noreferrer noopener\">Klick pro Sekunde Test<\/a> f\u00fcr Sie zu verbessern klicken!<\/em><\/p>\n\n<h2 class=\"wp-block-heading\">Wenn Maus-Latenzzeiten eine Rolle spielen<\/h2>\n\n<p>F\u00fcr Gamer ist eine Maus mit einer niedrigen Klick-Latenzzeit von entscheidender Bedeutung. Nat\u00fcrlich sind auch ein Computer und ein Bildschirm mit geringer Eingabeverz\u00f6gerung erforderlich, aber eine schnelle Maus kann den Unterschied zwischen Erfolg und Misserfolg ausmachen.<\/p>\n\n<p>Eine Maus mit hoher Latenz kann in Spielen subtile Unterschiede erzeugen, auch wenn die meisten Menschen die Verz\u00f6gerung zwischen dem Mausklick und der Anzeige der Aktion auf dem Bildschirm weder visuell noch akustisch wahrnehmen k\u00f6nnen. Bei wettbewerbsorientierten Online-Spielen kann die Verwendung einer Maus mit niedriger Latenzzeit Ihnen einen Vorteil gegen\u00fcber Ihren Gegnern verschaffen, die M\u00e4use mit hoher Latenzzeit verwenden.<\/p>\n\n<p>Die Klick-Latenz h\u00e4ngt von der kabelgebundenen Verbindung der Maus ab. Im Allgemeinen hat die kabellose Maus die gr\u00f6\u00dfte Latenzzeit, w\u00e4hrend die kabelgebundene Maus die geringste Latenzzeit hat. Auch wenn es nicht f\u00fcr Spiele geeignet ist, ist eine Bluetooth-Verbindung f\u00fcr den Einsatz im B\u00fcro vorzuziehen. Die meisten Benutzer werden die Verz\u00f6gerung nicht einmal bemerken, es sei denn, die Latenz ist sehr hoch.<\/p>\n\n<p>Die Verwendung von kabellosen Gaming-M\u00e4usen mit USB-Empf\u00e4ngern wird immer beliebter, und die Technologie hat sich weiterentwickelt, um die Latenzzeit deutlich zu minimieren, so dass einige kabellose M\u00e4use genauso gut sind wie kabelgebundene M\u00e4use.<\/p>\n\n<h2 class=\"has-text-align-center wp-block-heading\">FAQ&#8217;s<\/h2>\n\n<h3 class=\"wp-block-heading\"><strong>Wie \u00fcberpr\u00fcfe ich die Latenzzeit meiner Maus?<\/strong><\/h3>\n\n<p>Unser Online-Mauslatenztester pr\u00fcft die Differenz zwischen dem Hardware-Cursor und der letzten Mausposition, sobald Sie die Website \u00f6ffnen und Ihre Maus konsequent bewegen.<\/p>\n\n<h3 class=\"wp-block-heading\"><strong>Wie kann ich die Mauslatenz beheben?<\/strong><\/h3>\n\n<p>Sie k\u00f6nnen zahlreiche Methoden anwenden, um dieses Problem zu beheben. Versuchen Sie, die Maustreiber zu aktualisieren oder sie neu zu installieren. Wenn dies nicht funktioniert, versuchen Sie, die Einstellungen des Clickpads zu \u00e4ndern.<\/p>\n\n<h3 class=\"wp-block-heading\"><strong>Welche Mauslatenz ist gut f\u00fcr Spiele?<\/strong><\/h3>\n\n<p>Die h\u00f6chste Polling-Rate, die Ihre Maus normalerweise erreichen kann, ist die ideale Polling-Rate f\u00fcr eine Gaming-Maus. Viele Gaming-M\u00e4use haben eine Frequenz von 1000 Hz.<\/p>\n\n<h3 class=\"wp-block-heading\"><strong>Haben M\u00e4use eine Latenzzeit?<\/strong><\/h3>\n\n<p>Die Klick-Latenzzeit wird durch den Anschluss der Maus beeinflusst. Im Allgemeinen haben kabellose M\u00e4use die gr\u00f6\u00dfte Latenzzeit, w\u00e4hrend kabelgebundene M\u00e4use oft die niedrigste haben.<\/p>\n\n<p>Andere Maus-Tools \u00fcberpr\u00fcfen:<\/p>\n\n<ul class=\"wp-block-list\"><li><a href=\"https:\/\/cpstesters.com\/de\/?page_id=2872\" target=\"_blank\" rel=\"noreferrer noopener\">Maustasten-Test<\/a><\/li><li><a href=\"https:\/\/cpstesters.com\/de\/?page_id=2259\" target=\"_blank\" rel=\"noreferrer noopener\">Maus-Scroll-Test<\/a><\/li><li><a href=\"https:\/\/cpstesters.com\/de\/?page_id=3023\" target=\"_blank\" rel=\"noreferrer noopener\">APM-Test<\/a><\/li><li><a href=\"https:\/\/cpstesters.com\/de\/?page_id=2530\" target=\"_blank\" rel=\"noreferrer noopener\">Ziel-Trainer<\/a><\/li><li><a href=\"https:\/\/cpstesters.com\/de\/?page_id=2874\" target=\"_blank\" rel=\"noreferrer noopener\">Maus-Genauigkeitstest<\/a><\/li><\/ul>\n","protected":false},"excerpt":{"rendered":"<p>Maus-Latenz-Test kann verwendet werden, um herauszufinden, die Polling-Rate &amp; Reaktionszeit von Ihrem kabelgebundenen oder drahtlosen Mausklick, \u00fcberpr\u00fcfen Sie es jetzt! Was ist die Maus-Latenzzeit? Der &#8230; <\/p>\n<p class=\"read-more-container\"><a title=\"Maus-Latenztest | Klick-Reaktionszeit pr\u00fcfen\" class=\"read-more button\" href=\"https:\/\/cpstesters.com\/de\/maus-latenztest\/#more-3255\" aria-label=\"Mehr Informationen \u00fcber Maus-Latenztest | Klick-Reaktionszeit pr\u00fcfen\">Read More<\/a><\/p>\n","protected":false},"author":4,"featured_media":1748,"parent":0,"menu_order":0,"comment_status":"closed","ping_status":"closed","template":"","meta":{"footnotes":""},"class_list":["post-3255","page","type-page","status-publish","has-post-thumbnail"],"_links":{"self":[{"href":"https:\/\/cpstesters.com\/de\/wp-json\/wp\/v2\/pages\/3255","targetHints":{"allow":["GET"]}}],"collection":[{"href":"https:\/\/cpstesters.com\/de\/wp-json\/wp\/v2\/pages"}],"about":[{"href":"https:\/\/cpstesters.com\/de\/wp-json\/wp\/v2\/types\/page"}],"author":[{"embeddable":true,"href":"https:\/\/cpstesters.com\/de\/wp-json\/wp\/v2\/users\/4"}],"replies":[{"embeddable":true,"href":"https:\/\/cpstesters.com\/de\/wp-json\/wp\/v2\/comments?post=3255"}],"version-history":[{"count":2,"href":"https:\/\/cpstesters.com\/de\/wp-json\/wp\/v2\/pages\/3255\/revisions"}],"predecessor-version":[{"id":3273,"href":"https:\/\/cpstesters.com\/de\/wp-json\/wp\/v2\/pages\/3255\/revisions\/3273"}],"wp:featuredmedia":[{"embeddable":true,"href":"https:\/\/cpstesters.com\/de\/wp-json\/wp\/v2\/media\/1748"}],"wp:attachment":[{"href":"https:\/\/cpstesters.com\/de\/wp-json\/wp\/v2\/media?parent=3255"}],"curies":[{"name":"wp","href":"https:\/\/api.w.org\/{rel}","templated":true}]}}