{"id":3174,"date":"2024-07-16T14:30:37","date_gmt":"2024-07-16T14:30:37","guid":{"rendered":"https:\/\/cpstesters.com\/tastatur-latenztest-reaktionszeit-verzoegerung-polling-rate\/"},"modified":"2024-09-17T16:56:46","modified_gmt":"2024-09-17T16:56:46","slug":"tastatur-latenzzeit-test","status":"publish","type":"page","link":"https:\/\/cpstesters.com\/de\/tastatur-latenzzeit-test\/","title":{"rendered":"Tastatur-Latenztest | Reaktionszeit, Verz\u00f6gerung &amp; Polling-Rate"},"content":{"rendered":"\n<p>Keyboard Response Time Test ist ein Online-Test zur \u00dcberpr\u00fcfung der Latenzzeit Ihrer Tastatur. M\u00f6chten Sie die Eingabeverz\u00f6gerung Ihrer Tastatur sehen? Schauen Sie nach!<\/p>\n <table>\r\n      <tr>\r\n        <th>Shortest Key Press<\/th>\r\n        <th>Estimated Scan Rate<\/th>\r\n      <\/tr>\r\n      <tr>\r\n        <td id=\"best-time\">press any key<\/td>\r\n        <td id=\"scan-rate\">press any key<\/td>\r\n      <\/tr>\r\n    <\/table>\r\n<h4>Key press history<\/h4>\r\n\r\n    <ul id=\"event-history\">\r\n    <\/ul>\r\n\r\n<script>\r\n'use strict';\r\n\r\nvar keyCodes = {\r\n  3 : \"break\",\r\n  8 : \"backspace \/ delete\",\r\n  9 : \"tab\",\r\n  12 : 'clear',\r\n  13 : \"enter\",\r\n  16 : \"shift\",\r\n  17 : \"ctrl \",\r\n  18 : \"alt\",\r\n  19 : \"pause\/break\",\r\n  20 : \"caps lock\",\r\n  27 : \"escape\",\r\n  32 : \"spacebar\",\r\n  33 : \"page up\",\r\n  34 : \"page down\",\r\n  35 : \"end\",\r\n  36 : \"home \",\r\n  37 : \"left arrow \",\r\n  38 : \"up arrow \",\r\n  39 : \"right arrow\",\r\n  40 : \"down arrow \",\r\n  41 : \"select\",\r\n  42 : \"print\",\r\n  43 : \"execute\",\r\n  44 : \"Print Screen\",\r\n  45 : \"insert \",\r\n  46 : \"delete\",\r\n  48 : \"0\",\r\n  49 : \"1\",\r\n  50 : \"2\",\r\n  51 : \"3\",\r\n  52 : \"4\",\r\n  53 : \"5\",\r\n  54 : \"6\",\r\n  55 : \"7\",\r\n  56 : \"8\",\r\n  57 : \"9\",\r\n  59 : \"semicolon (firefox), equals\",\r\n  61 : \"equals (firefox)\",\r\n  65 : \"a\",\r\n  66 : \"b\",\r\n  67 : \"c\",\r\n  68 : \"d\",\r\n  69 : \"e\",\r\n  70 : \"f\",\r\n  71 : \"g\",\r\n  72 : \"h\",\r\n  73 : \"i\",\r\n  74 : \"j\",\r\n  75 : \"k\",\r\n  76 : \"l\",\r\n  77 : \"m\",\r\n  78 : \"n\",\r\n  79 : \"o\",\r\n  80 : \"p\",\r\n  81 : \"q\",\r\n  82 : \"r\",\r\n  83 : \"s\",\r\n  84 : \"t\",\r\n  85 : \"u\",\r\n  86 : \"v\",\r\n  87 : \"w\",\r\n  88 : \"x\",\r\n  89 : \"y\",\r\n  90 : \"z\",\r\n  91 : \"Windows Key \/ Left \u2318\",\r\n  92 : \"right window key \",\r\n  93 : \"Windows Menu \/ Right \u2318\",\r\n  96 : \"numpad 0 \",\r\n  97 : \"numpad 1 \",\r\n  98 : \"numpad 2 \",\r\n  99 : \"numpad 3 \",\r\n  100 : \"numpad 4 \",\r\n  101 : \"numpad 5 \",\r\n  102 : \"numpad 6 \",\r\n  103 : \"numpad 7 \",\r\n  104 : \"numpad 8 \",\r\n  105 : \"numpad 9 \",\r\n  106 : \"multiply \",\r\n  107 : \"add\",\r\n  109 : \"subtract \",\r\n  110 : \"decimal point\",\r\n  111 : \"divide \",\r\n  112 : \"f1 \",\r\n  113 : \"f2 \",\r\n  114 : \"f3 \",\r\n  115 : \"f4 \",\r\n  116 : \"f5 \",\r\n  117 : \"f6 \",\r\n  118 : \"f7 \",\r\n  119 : \"f8 \",\r\n  120 : \"f9 \",\r\n  121 : \"f10\",\r\n  122 : \"f11\",\r\n  123 : \"f12\",\r\n  124 : \"f13\",\r\n  125 : \"f14\",\r\n  126 : \"f15\",\r\n  127 : \"f16\",\r\n  128 : \"f17\",\r\n  129 : \"f18\",\r\n  130 : \"f19\",\r\n  144 : \"num lock \",\r\n  145 : \"scroll lock\",\r\n  173 : \"minus (firefox), mute\/unmute\",\r\n  174 : \"decrease volume level\",\r\n  175 : \"increase volume level\",\r\n  176 : \"next\",\r\n  177 : \"previous\",\r\n  178 : \"stop\",\r\n  179 : \"play\/pause\",\r\n  181 : \"mute\/unmute (firefox)\",\r\n  182 : \"decrease volume level (firefox)\",\r\n  183 : \"increase volume level (firefox)\",\r\n  186 : \"semi-colon \",\r\n  187 : \"equal sign \",\r\n  188 : \"comma\",\r\n  189 : \"dash \",\r\n  190 : \"period \",\r\n  191 : \"forward slash\",\r\n  192 : \"grave accent \",\r\n  219 : \"open bracket \",\r\n  220 : \"back slash \",\r\n  221 : \"close bracket \",\r\n  222 : \"single quote \",\r\n  224 : \"left or right \u2318 key (firefox)\",\r\n  225 : \"altgr\",\r\n  226 : \"< \/git >\",\r\n  255 : \"toggle touchpad\"\r\n};\r\n\r\nwindow.performance = window.performance || {};\r\nperformance.now = (function() {\r\n    return performance.now       ||\r\n        performance.mozNow    ||\r\n        performance.msNow     ||\r\n        performance.oNow      ||\r\n        performance.webkitNow ||\r\n        Date.now * 1.0; \/*none found - fallback to browser default *\/\r\n})();\r\n\r\n(function() {\r\n  var body = document.querySelector('body');\r\n\r\n  var bestKeyTime = 10000;\r\n  var keyDownTime = [];\r\n  var isKeyDown = [];\r\n  for (var i = 0, len = 256; i < len; i++) {\r\n    isKeyDown[i] = false;\r\n    keyDownTime[i] = 0;\r\n  }\r\n\r\n\r\n  body.onkeydown = function (e) {\r\n    if ( !e.metaKey ) {\r\n      e.preventDefault();\r\n    }\r\n\r\n    if (!isKeyDown[e.keyCode]) {\r\n      isKeyDown[e.keyCode] = true;\r\n      keyDownTime[e.keyCode] = performance.now();\r\n    }\r\n  };\r\n\r\n  body.onkeyup = function (e) {\r\n    if ( !e.metaKey ) {\r\n      e.preventDefault();\r\n    }\r\n    isKeyDown[e.keyCode] = false;\r\n    var upTime = performance.now();\r\n    var heldTime = Math.ceil(upTime - keyDownTime[e.keyCode]);\r\n    bestKeyTime = Math.min(bestKeyTime, heldTime);\r\n    var scanRate = Math.min(1000 \/ (bestKeyTime), 1000);\r\n\r\n    document.querySelector('#best-time').innerHTML = bestKeyTime + \"ms\";\r\n    document.querySelector('#scan-rate').innerHTML = scanRate + \"Hz\";\r\n    var keyEventElem = document.createElement('li');\r\n    var keyEventContent = document.createTextNode(keyCodes[e.keyCode] + \": \" + heldTime + \"ms\");\r\n    keyEventElem.appendChild(keyEventContent);\r\n    var outputArea = document.querySelector('#event-history');\r\n    outputArea.insertBefore(keyEventElem, outputArea.firstChild)\r\n  };\r\n})(); \r\n<\/script>\r\n\n\n<p><\/p>\n\n<div style=\"height:5px\" aria-hidden=\"true\" class=\"wp-block-spacer\"><\/div>\n\n<h2 class=\"wp-block-heading\">Was ist die Tastaturlatenz?<\/h2>\n\n<p>Die Zeit, die eine Tastatur ben\u00f6tigt, um einen Anschlag zu best\u00e4tigen, wird als Tastaturlatenz bezeichnet. Dabei wird die Zeitspanne zwischen dem Bewegen einer Taste und dem Eintreffen des entsprechenden USB-Pakets am USB-Anschluss gemessen. Dies ist also die Verz\u00f6gerung zwischen dem Dr\u00fccken einer Taste und dem Moment, in dem die Aktion auf dem Bildschirm angezeigt wird.<\/p>\n\n<p>Die Zahlen werden auf die n\u00e4chsten 5ms gerundet, um eine falsche Genauigkeit zu vermeiden. Sie k\u00f6nnen die Latenzzeit Ihrer Tastatur mit dem <a href=\"https:\/\/keyboardsexpert.com\/what-is-keyboard-latency\/\" target=\"_blank\" rel=\"noreferrer noopener\">Tastaturlatenztest<\/a> ermitteln.<\/p>\n\n<h2 class=\"wp-block-heading\">Warum ist der Tastaturlatenztest wichtig?<\/h2>\n\n<p>Auch wenn die meisten Tastaturen eine angemessene Latenzzeit f\u00fcr Programmierer oder B\u00fcrobereiche haben, k\u00f6nnen Tastaturen f\u00fcr Spiele mit \u00fcberm\u00e4\u00dfiger Latenzzeit den Unterschied zwischen Sieg und Niederlage bedeuten.<\/p>\n\n<p>Sie sollten darauf achten, dass die einzelnen Komponenten keine gro\u00dfen Latenzzeiten aufweisen, denn Tastatur, Laptop und Monitor tragen zur Verz\u00f6gerung zwischen Ihrer Eingabe und der ausgef\u00fchrten T\u00e4tigkeit bei. Gaming-Tastaturen werden so hergestellt, dass sie eine m\u00f6glichst geringe Latenz aufweisen, obwohl kein Ger\u00e4t wirklich verz\u00f6gerungsfrei ist.<\/p>\n\n<h2 class=\"wp-block-heading\">Wie wird die Reaktionszeit der Tastatur berechnet?<\/h2>\n\n<p>Durch Z\u00e4hlen der Bilder, die zwischen dem Zeitpunkt der Eingabe und dem Erscheinen des Blitzes auf dem Display vergehen, wird die Testlatenz f\u00fcr die Tastatur berechnet und \u00fcberpr\u00fcft. Dann wird dieser Wert ge\u00e4ndert, um die Anzeige-, System- und Vorlauflatenz zu ber\u00fccksichtigen. Den Ergebnissen zufolge gab es f\u00fcr jede Art von Verbindung durchschnittlich 12 Messungen.<\/p>\n<div class=\"wp-block-image\">\n<figure class=\"aligncenter size-full\"><img loading=\"lazy\" decoding=\"async\" width=\"1000\" height=\"500\" src=\"https:\/\/cpstesters.com\/wp-content\/uploads\/2022\/09\/Keyboard-Latency-Test.jpg\" alt=\"Tastatur-Latenzzeit-Test\" class=\"wp-image-608\" title=\"\" srcset=\"https:\/\/cpstesters.com\/wp-content\/uploads\/2022\/09\/Keyboard-Latency-Test.jpg 1000w, https:\/\/cpstesters.com\/wp-content\/uploads\/2022\/09\/Keyboard-Latency-Test-300x150.jpg 300w, https:\/\/cpstesters.com\/wp-content\/uploads\/2022\/09\/Keyboard-Latency-Test-768x384.jpg 768w\" sizes=\"auto, (max-width: 1000px) 100vw, 1000px\" \/><figcaption class=\"wp-element-caption\">Tastatur-Latenzzeit-Test<\/figcaption><\/figure>\n<\/div>\n<p class=\"has-text-align-center has-base-background-color has-background has-medium-font-size\"><em>Vergessen Sie nicht, unseren <a href=\"https:\/\/cpstesters.com\/de\/tastaturtest\/\" target=\"_blank\" rel=\"noreferrer noopener\">Tastaturtest<\/a> zu \u00fcberpr\u00fcfen!<\/em><\/p>\n\n<h2 class=\"wp-block-heading\">Schritte f\u00fcr den Tastaturlatenztest<\/h2>\n\n<p>Dieser gr\u00fcndliche Tastatur-Scan-Rate-Test wird gerne zur Verf\u00fcgung gestellt, damit Sie schnell feststellen k\u00f6nnen, wie schnell das System Ihre Tastenanschl\u00e4ge erkennt. Um die Echtzeitdaten auf Ihrem Bildschirm anzuzeigen, dr\u00fccken Sie einfach eine beliebige Taste auf dem Tastaturger\u00e4t.<\/p>\n\n<p>Die Schritte zur Durchf\u00fchrung des Tests der Reaktionsgeschwindigkeit der Tastatur sind wie folgt:<\/p>\n\n<ul class=\"wp-block-list\">\n<li>Das Testger\u00e4t finden Sie oben auf dieser Seite.<\/li>\n\n\n\n<li>Sobald Sie auf den Test klicken, \u00f6ffnet sich das Testwerkzeug.<\/li>\n\n\n\n<li>Das Tool zeigt die Abtastrate in Hz an, die die Geschwindigkeit angibt, die Ihre Tastatur ben\u00f6tigt, um Informationen zu senden.<\/li>\n\n\n\n<li>Dazu gibt es die Option Min. Intervall, die die Intervalldetails anzeigt<\/li>\n\n\n\n<li>Die Tastatur wird getestet, wenn Sie die Tasten dr\u00fccken, und unser Testbereich erkennt die Antwortrate und zeigt Details an.<\/li>\n\n\n\n<li>Sie k\u00f6nnen die Daten auch zur\u00fccksetzen, indem Sie die Reset-Option dr\u00fccken.<\/li>\n\n\n\n<li>Dar\u00fcber hinaus k\u00f6nnen die Antwortrate der Tastatur und die Details der Scanrate heruntergeladen werden. Die Option ist im Tool enthalten.<\/li>\n<\/ul>\n\n<p>Auf diese Weise k\u00f6nnen Sie Ihre Tastatur leicht testen, es ist das effizienteste Werkzeug, das es gibt.<\/p>\n\n<h2 class=\"wp-block-heading\">Merkmale dieses Abrufraten-Tests<\/h2>\n\n<p>Zun\u00e4chst k\u00f6nnen Sie mit diesem Online-Tool die Tastatur-Scanrate f\u00fcr jeden Tastenanschlag \u00fcberpr\u00fcfen.<\/p>\n\n<p>Zweitens k\u00f6nnen Sie beobachten, wie schnell ein Computer reagiert und wie schnell er das elektronische Signal von Tastenanschl\u00e4gen in n\u00fctzliche Informationen umwandelt.<\/p>\n\n<p>Dar\u00fcber hinaus k\u00f6nnen Sie jede Taste, die Sie bei der Verwendung dieser Online-Anwendung dr\u00fccken, \u00fcberwachen und sehen, wie schnell sie reagiert.<\/p>\n\n<p>Die detaillierte Aufzeichnung der gesamten Sitzung, die auch die Reaktionszeit jeder gedr\u00fcckten Taste enth\u00e4lt, steht ebenfalls zum Download bereit. Auf diese Weise k\u00f6nnen Sie die Effizienz Ihres Ger\u00e4ts bewerten.<\/p>\n\n<p>Au\u00dferdem k\u00f6nnen Sie eine neue Sitzung in unserem Online-Testtool \u00fcber die Schaltfl\u00e4che &#8220;Zur\u00fccksetzen&#8221; starten, um einen Neustart zu erm\u00f6glichen.<\/p>\n\n<h2 class=\"wp-block-heading has-text-align-center\">FAQ&#8217;s<\/h2>\n\n<h3 class=\"wp-block-heading\"><strong>Wie \u00fcberpr\u00fcfe ich die Latenzzeit meiner Tastatur?<\/strong><\/h3>\n\n<p>Es gibt verschiedene Methoden zur Messung der Tastaturverz\u00f6gerung. Das CPSTesters.com-Tool zum Testen der Tastaturlatenz ist jedoch der einfachste Weg, um Ihre Tastaturlatenz zu ermitteln. Mit diesem Tool erhalten Sie schnell genaue Ergebnisse.<\/p>\n\n<h3 class=\"wp-block-heading\"><strong>Wie kann ich die Latenzzeit meiner Tastatur verbessern?<\/strong><\/h3>\n\n<p>Um die Latenzzeit der Tastatur zu verringern, k\u00f6nnen Sie die Treiber aktualisieren, Diagnosetools ausf\u00fchren oder verschiedene Anweisungen in die Befehlszeile eingeben. Eine Verz\u00f6gerung der Tastatureingabe kann auch durch eine schwache Tastaturbatterie verursacht werden. \u00dcberpr\u00fcfen Sie die Tastaturbatterie, ersetzen Sie sie, wenn m\u00f6glich, und stellen Sie sicher, dass sie ordnungsgem\u00e4\u00df funktioniert.<\/p>\n\n<h3 class=\"wp-block-heading\"><strong>Ist die Latenzzeit der Tastatur f\u00fcr Spiele wichtig?<\/strong><\/h3>\n\n<p>Ja, die Latenzzeit der Tastatur ist f\u00fcr Spiele sehr wichtig, da sie die Leistung des Spiels bestimmt. Ob Sie das Spiel gewinnen oder verlieren, h\u00e4ngt von der Latenzzeit der Tastatur und der Effektivit\u00e4t Ihrer Tastatur ab.<\/p>\n\n<h3 class=\"wp-block-heading\"><strong>Ist eine Polling-Rate von 1000 Hz f\u00fcr eine Tastatur geeignet?<\/strong><\/h3>\n\n<p>Die Polling-Rate einer Tastatur, die in Hertz ausgedr\u00fcckt wird, ist die Frequenz, mit der sie Daten an Ihren Desktop \u00fcbermittelt (Hz). Jeder Tastendruck wird umso schneller beantwortet, je schneller die Abfragerate ist. F\u00fcr Spiele wird mindestens eine Polling-Rate von 500 bis 1000 Hz empfohlen. Sie k\u00f6nnen Ihre Tastaturabrufrate mit unserem Test der Tastaturabrufrate \u00fcberpr\u00fcfen<\/p>\n\n<h3 class=\"wp-block-heading\"><strong>Wie \u00fcberpr\u00fcfe ich die Latenzzeit meiner Tastatur?<\/strong><\/h3>\n\n<p>Mit einem speziell f\u00fcr Bluetooth-Tastaturen entwickelten Programm k\u00f6nnen Sie die Latenzzeit Ihrer Tastatur schnell \u00fcberpr\u00fcfen. Es ist auch ein Online-Tastaturlatenztest verf\u00fcgbar. Besuchen Sie einfach unsere Website online, um den Eingangsverz\u00f6gerungstest dort zu bewerten.<\/p>\n\n<p>Einige andere Tastatur-Tools:<\/p>\n\n<ul class=\"wp-block-list\">\n<li><a href=\"https:\/\/cpstesters.com\/de\/leertastenzaehler\/\" target=\"_blank\" rel=\"noreferrer noopener\">Leertaste Z\u00e4hler<\/a><\/li>\n\n\n\n<li><a href=\"https:\/\/cpstesters.com\/de\/tastaturklick-test\/\" target=\"_blank\" rel=\"noreferrer noopener\">Tastatur-Klick-Test<\/a><\/li>\n\n\n\n<li><a href=\"https:\/\/cpstesters.com\/de\/keyboard-ghosting-test\/\" target=\"_blank\" rel=\"noreferrer noopener\">Tastatur-Ghosting-Test<\/a><\/li>\n\n\n\n<li><a href=\"https:\/\/cpstesters.com\/de\/mechanische-tastatur-test\/\" target=\"_blank\" rel=\"noreferrer noopener\">Mechanische Tastatur Test<\/a><\/li>\n\n\n\n<li><a href=\"https:\/\/cpstesters.com\/de\/wpm-test\/\" target=\"_blank\" rel=\"noreferrer noopener\">WPM-Test<\/a><\/li>\n<\/ul>\n","protected":false},"excerpt":{"rendered":"<p>Keyboard Response Time Test ist ein Online-Test zur \u00dcberpr\u00fcfung der Latenzzeit Ihrer Tastatur. M\u00f6chten Sie die Eingabeverz\u00f6gerung Ihrer Tastatur sehen? Schauen Sie nach! Was ist &#8230; <\/p>\n<p class=\"read-more-container\"><a title=\"Tastatur-Latenztest | Reaktionszeit, Verz\u00f6gerung &amp; Polling-Rate\" class=\"read-more button\" href=\"https:\/\/cpstesters.com\/de\/tastatur-latenzzeit-test\/#more-3174\" aria-label=\"Mehr Informationen \u00fcber Tastatur-Latenztest | Reaktionszeit, Verz\u00f6gerung &amp; Polling-Rate\">Read More<\/a><\/p>\n","protected":false},"author":4,"featured_media":1640,"parent":0,"menu_order":0,"comment_status":"closed","ping_status":"closed","template":"","meta":{"footnotes":""},"class_list":["post-3174","page","type-page","status-publish","has-post-thumbnail"],"_links":{"self":[{"href":"https:\/\/cpstesters.com\/de\/wp-json\/wp\/v2\/pages\/3174","targetHints":{"allow":["GET"]}}],"collection":[{"href":"https:\/\/cpstesters.com\/de\/wp-json\/wp\/v2\/pages"}],"about":[{"href":"https:\/\/cpstesters.com\/de\/wp-json\/wp\/v2\/types\/page"}],"author":[{"embeddable":true,"href":"https:\/\/cpstesters.com\/de\/wp-json\/wp\/v2\/users\/4"}],"replies":[{"embeddable":true,"href":"https:\/\/cpstesters.com\/de\/wp-json\/wp\/v2\/comments?post=3174"}],"version-history":[{"count":4,"href":"https:\/\/cpstesters.com\/de\/wp-json\/wp\/v2\/pages\/3174\/revisions"}],"predecessor-version":[{"id":4243,"href":"https:\/\/cpstesters.com\/de\/wp-json\/wp\/v2\/pages\/3174\/revisions\/4243"}],"wp:featuredmedia":[{"embeddable":true,"href":"https:\/\/cpstesters.com\/de\/wp-json\/wp\/v2\/media\/1640"}],"wp:attachment":[{"href":"https:\/\/cpstesters.com\/de\/wp-json\/wp\/v2\/media?parent=3174"}],"curies":[{"name":"wp","href":"https:\/\/api.w.org\/{rel}","templated":true}]}}