{"id":3023,"date":"2024-07-16T14:02:51","date_gmt":"2024-07-16T14:02:51","guid":{"rendered":"https:\/\/cpstesters.com\/apm-test-actions-per-minute-tracker-fuer-gaming\/"},"modified":"2024-09-17T09:56:59","modified_gmt":"2024-09-17T09:56:59","slug":"apm-test","status":"publish","type":"page","link":"https:\/\/cpstesters.com\/de\/apm-test\/","title":{"rendered":"Aktionen pro Minute-Test | Actions Per Minute Tracker f\u00fcr Gaming"},"content":{"rendered":"\n<p>Actions Per Minute Test ist ein Online-Tester, mit dem Sie Ihre APM-Geschwindigkeit verbessern k\u00f6nnen. Probieren Sie es jetzt aus und verbessern Sie Ihre Spielf\u00e4higkeiten!<\/p>\n    <!-- Scripts -->\r\n    <script src=\"https:\/\/cpstesters.com\/wp-content\/themes\/generatepress\/tools\/apm\/js\/jquery.min.js\"><\/script>\r\n    <script src=\"https:\/\/cpstesters.com\/wp-content\/themes\/generatepress\/tools\/apm\/js\/popper.min.js\"><\/script>\r\n    <script src=\"https:\/\/cpstesters.com\/wp-content\/themes\/generatepress\/tools\/apm\/js\/bootstrap.min.js\"><\/script>\r\n    <script src=\"https:\/\/cpstesters.com\/wp-content\/themes\/generatepress\/tools\/apm\/js\/clicksTestjs.js\"><\/script>\r\n\r\n\r\n<style type=\"text\/css\">\r\n\tdiv#results{\r\n\t\tdisplay:flex;\t\r\n\t\t    flex-wrap: wrap;\r\n\t}\r\n\t\r\n        .sslect {\r\n            cursor: pointer;\r\n        }\r\n\r\n        .cell {\r\n            width: 100px;\r\n            height: 100px;\r\n            border: 2px solid #fff;\r\n            background-color: #333;\r\n            cursor: pointer;\r\n        }\r\n\r\n        .cellmedium {\r\n            width: 75px;\r\n            height: 75px;\r\n        }\r\n\r\n        .cellfast {\r\n            width: 60px;\r\n            height: 60px;\r\n        }\r\n\r\n        .game {\r\n            width: 302px;\r\n        }\r\n\r\n        @media (max-width: 460px) {\r\n            .cell {\r\n                width: 77px;\r\n                height: 77px;\r\n                border: 2px solid #fff;\r\n                background-color: #333;\r\n            }\r\n\r\n            .cellmedium {\r\n                width: 57px;\r\n                height: 57px;\r\n            }\r\n\r\n            .cellfast {\r\n                width: 47px;\r\n                height: 47px;\r\n            }\r\n\r\n            .game {\r\n                width: 250px;\r\n            }\r\n\r\n            .list-group-item {\r\n                padding: 0;\r\n            }\r\n        }\r\n\r\n        .effective {\r\n            width: 100%;\r\n            height: 100%;\r\n        }\r\n\r\n        .btnspecial {\r\n            font-size: 20px;\r\n        }\r\n\r\n        .circle {\r\n            display: inline-block;\r\n            margin: 1em;\r\n        }\r\n\r\n        .circles-decimals {\r\n            font-size: 0.4em;\r\n        }\r\n\r\n        .valbig {\r\n            font-size: 35px;\r\n        }\r\n\r\n        .circles-text {\r\n            margin-top: -117px;\r\n            display: block;\r\n            position: absolute;\r\n            text-align: center;\r\n            margin-left: 46px;\r\n        }\r\n\r\n        #circles-1 .circles-text {\r\n            margin-top: -132px;\r\n            display: block;\r\n            position: absolute;\r\n            text-align: center;\r\n            margin-left: 33px;\r\n        }\r\n\r\n        #circles-3 .circles-text {\r\n           margin-top: -117px;\r\n            display: block;\r\n            position: absolute;\r\n            text-align: center;\r\n            margin-left: 28px;\r\n        }\r\n\r\n        #result-last {\r\n            display: none;\r\n        }\r\n\r\n        .pr {\r\n            font-size: 16px;\r\n        }\r\n\r\n        [data-theme=dark] .apm-btn {\r\n            background-color: #343a40;\r\n            border: 1px solid #343a40;\r\n            color: #fff;\r\n\r\n        }\r\n        .apm-btn {\r\n            background-color: #e7e7e7;\r\n            color: #555454;\r\n            border: 1px solid #e1e1e1;\r\n            padding-top: 12px;\r\n            padding-bottom: 12px;\r\n\r\n        }\r\n        .row{\r\n            flex-wrap: wrap;\r\n            display: flex;\r\n            margin: 0 auto;\r\n\t\t\tjustify-content:center;\r\n        }\r\n        .bg-primary{\r\n            background: #007BFF;\r\n        }\r\n        .btn{\r\n            padding: 10px 20px;\r\n            border-radius: 10px;\r\n            color: antiquewhite;\r\n        }\r\n    <\/style>\r\n\r\n            <div class=\"tools-box \">\r\n\t\t\t\t\r\n\t\t\t\t      <div class=\"row\">\r\n                        <div class=\"test-block\">\r\n                            <div class=\"row text-center\">\r\n                                <div class=\"canvas mx-auto\" id=\"results\">\r\n                                    <div class=\"col-lg-4\">\r\n                                        <div class=\"circle\" id=\"circles-1\"><\/div>\r\n                                    <\/div>\r\n                                    <div class=\"col-lg-4\">\r\n                                        <div class=\"circle\" id=\"circles-2\"><\/div>\r\n                                    <\/div>\r\n                                    <div class=\"col-lg-3\">\r\n                                        <div class=\"circle\" id=\"circles-3\"><\/div>\r\n                                    <\/div>\r\n                                <\/div>\r\n                            <\/div>\r\n                        <\/div>\r\n                    <\/div>\r\n\r\n\r\n\t\t\t\t\r\n                <div class=\"row\">\r\n              \r\n                    <div class=\"col-lg-6 d-flex justify-content-center align-items-center\">\r\n                        <div class=\"test-click\">\r\n                            <div class=\"container bg-theme-light p-3 mb-4\" id=\"apmgamearea\" style=\"gap: 0.5rem; max-width: fit-content;\">\r\n                                <div class=\"row m-0 game mx-auto\" id=\"gameRows\">\r\n                                    <div class=\"cell\" id=\"cell1\" onclick=\"clicksc()\"> <\/div>\r\n                                    <div class=\"cell\" id=\"cell2\" onclick=\"clicksc()\"> <\/div>\r\n                                    <div class=\"cell\" id=\"cell3\" onclick=\"clicksc()\"> <\/div>\r\n                                    <div class=\"cell\" id=\"cell4\" onclick=\"clicksc()\"> <\/div>\r\n                                    <div class=\"cell\" id=\"cell5\" onclick=\"clicksc()\"> <\/div>\r\n                                    <div class=\"cell\" id=\"cell6\" onclick=\"clicksc()\"> <\/div>\r\n                                    <div class=\"cell\" id=\"cell7\" onclick=\"clicksc()\"> <\/div>\r\n                                    <div class=\"cell\" id=\"cell8\" onclick=\"clicksc()\"> <\/div>\r\n                                    <div class=\"cell\" id=\"cell9\" onclick=\"clicksc()\"> <\/div>\r\n                                <\/div>\r\n                            <\/div>\r\n\r\n                            <div class=\"row text-center mb-4 mr-0\" id=\"startbutton\">\r\n                                <button type=\"button\" class=\"btn btn-three mx-auto btnspecial bg-primary\" onclick=\"startapm()\">Start Game<\/button>\r\n                            <\/div>\r\n                        <\/div>\r\n\r\n                    <\/div>\r\n                  \r\n\r\n\r\n                <\/div>\r\n            <\/div>\r\n\r\n    \r\n        <!-- Livewire Scripts -->\r\n\r\n    <script>\r\n        $(document).ready(function(){\r\n            if(localStorage.getItem(\"setting_data_play\")==\"playsound\"){\r\n                $('#setting_sound').attr('data-play',\"playsound\");\r\n                $('#txtSettingsound').val('playsound');\r\n                $('#sound_icon_play').show();$('#sound_icon_notplay').hide();\r\n            }else if(localStorage.getItem(\"setting_data_play\")==\"notplaysound\"){\r\n                $('#txtSettingsound').val('notplaysound');\r\n                $('#setting_sound').attr('data-play',\"notplaysound\");\r\n                $('#sound_icon_play').hide();\r\n                $('#sound_icon_notplay').show();\r\n            }\r\n\r\n            $('#setting_sound').click(function(){\r\n                var data_play1=$(\"#txtSettingsound\").val();\r\n                console.log({data_play1});\r\n                if(data_play1==\"playsound\"){\r\n                    $('#txtSettingsound').val('notplaysound');\r\n                    $('#setting_sound').attr('data-play',\"notplaysound\");\r\n                    $('#sound_icon_play').hide();\r\n                    $('#sound_icon_notplay').show();\r\n\r\n\r\n                    localStorage.setItem(\"setting_data_play\",\"notplaysound\");\r\n                    \/\/location.reload();\r\n                }else if(data_play1==\"notplaysound\"){\r\n                    $('#txtSettingsound').val('playsound');\r\n                    $('#setting_sound').attr('data-play',\"playsound\");\r\n                    localStorage.setItem(\"setting_data_play\",\"playsound\");\r\n                    $('#sound_icon_play').show();$('#sound_icon_notplay').hide();\r\n                    \/\/location.reload();\r\n                }\r\n            });\r\n        });\r\n    <\/script>\r\n<script src=\"https:\/\/cpstesters.com\/wp-content\/themes\/generatepress\/tools\/apm\/js\/apmcircles.js\"><\/script>\r\n<!-- <script src=\"https:\/\/cpstest.io\/js\/jquery.min.js\"><\/script> -->\r\n<script>\r\n    (speed = 0), (timelimit = 800), (totalTime = 2e4), (clicks = 0), (effective = 0);\r\n    var prev_seconds = 0,\r\n        prev_milliseconds = 0,\r\n        seconds = 0;\r\n    $(\"#seconds\").html(20);\r\n    var timer_set = !0;\r\n\r\n    function effectivec() {\r\n        effective++;\r\n    }\r\n    var apmstart = false;\r\n\r\n    function clicksc() {\r\n        if (apmstart == true) {\r\n            clicks++,\r\n            console.log(\"Clicks: \" + clicks),\r\n                console.log(\"Effective Clicks: \" + effective),\r\n                (effectivecircle._maxValue = clicks),\r\n                effectivecircle.update(effective),\r\n                (percircle._maxValue = clicks),\r\n                percircle.update(effective),\r\n                (clickscircle._maxValue = clicks),\r\n                clickscircle.update(effective);\r\n        }\r\n    }\r\n\r\n    function set_timer(val) {\r\n        (totalTime = 1e3 * val);\r\n        if (apmstart != true) {\r\n            $(\"#seconds\").html(val);\r\n            (timer_set = !0);\r\n            if (val <= 20) {\r\n                speedselect(0);\r\n            } else if (val <= 40) {\r\n                speedselect(1);\r\n            } else if (val > 40 && val <= 60) {\r\n                speedselect(3);\r\n            } else {\r\n                speedselect(3);\r\n            }\r\n        }\r\n    }\r\n\r\n    function startTimer() {\r\n        (prev_seconds = 0), (prev_milliseconds = 0), (count_flag = !1);\r\n        var e = new Date(),\r\n            i = timer_set ? parseInt($(\"#seconds\").html()) : 10,\r\n            t = setInterval(function() {\r\n                var c = new Date().getTime() - e.getTime();\r\n                (seconds = parseInt(c \/ 1e3) + prev_seconds) >= i ? ((seconds %= i), (count_flag = !1), clearInterval(\r\n                    t), (timer_set = !1)) : (count_flag = !0);\r\n                var l = count_flag ? c + prev_milliseconds : 0;\r\n                l >= 1e3 && (l %= 1e3), setStopwatch(seconds, l);\r\n            }, 25);\r\n    }\r\n\r\n    function setStopwatch(e, i) {\r\n        $(\"#seconds\").html(prependZero(e, 2)), $(\"#milliseconds\").html(prependZero(i, 3));\r\n    }\r\n\r\n    function prependZero(e, i) {\r\n        return (e = new String(e)), new Array(Math.max(i - e.length + 1, 0)).join(\"0\") + e;\r\n    }\r\n\r\n    function speedselect(e) {\r\n        if (((speed = e), 0 == e)) {\r\n            for (htmls = \"\", i = 1; i < 10; i++) htmls = htmls + \"<div class='cell' onclick='clicksc()' id='cell\" + i +\r\n                \"'><\/div>\";\r\n            $(\"#gameRows\").html(htmls);\r\n        } else if (1 == e) {\r\n            for (htmls = \"\", i = 1; i < 17; i++) htmls = htmls +\r\n                \"<div class='cell cellmedium' onclick='clicksc()' id='cell\" + i + \"'><\/div>\";\r\n            $(\"#gameRows\").html(htmls);\r\n        } else if (2 == e) {\r\n            for (htmls = \"\", i = 1; i < 26; i++) htmls = htmls + \"<div class='cell cellfast' onclick='clicksc()' id='cell\" +\r\n                i + \"'><\/div>\";\r\n            $(\"#gameRows\").html(htmls);\r\n        } else if (3 == e) {\r\n            for (htmls = \"\", i = 1; i < 26; i++) htmls = htmls + \"<div class='cell cellfast' onclick='clicksc()' id='cell\" +\r\n                i + \"'><\/div>\";\r\n            $(\"#gameRows\").html(htmls);\r\n        }\r\n        for ($(\"#s\" + e).addClass(\"active\"), i = 0; i <= 3; i++) i != e && $(\"#s\" + i).removeClass(\"active\");\r\n    }\r\n\r\n    function removeClassAfter(e, i) {\r\n        setTimeout(function() {\r\n            $(e).removeClass(\"bg-primary\"), $(e).html(\" \");\r\n        }, i);\r\n    }\r\n\r\n    function randNo() {\r\n        return (ranNu = Math.floor(Math.random() * totalTargets) + 1), ranNu;\r\n    }\r\n\r\n    function startapm() {\r\n        apmstart = true;\r\n        startTimer(),\r\n            $(\"#startbutton\").css(\"display\", \"none\"),\r\n            $(\"#result-last\").css(\"display\", \"none\"),\r\n            $(\"#apmgamearea\").css(\"display\", \"block\"),\r\n            $(\"#settings\").css(\"display\", \"none\"),\r\n            $(\"#largesizemodal\").modal(\"hide\"),\r\n            (clicks = 0),\r\n            (effective = 0),\r\n            0 == speed ?\r\n            ((timelimit = 800), (vanishTime = 1e3), (totalTargets = 9)) :\r\n            1 == speed ?\r\n            ((timelimit = 300), (vanishTime = 1e3), (totalTargets = 16)) :\r\n            2 == speed ?\r\n            ((timelimit = 200), (vanishTime = 1e3), (totalTargets = 25)) :\r\n            3 == speed && ((timelimit = 100), (vanishTime = 1e3), (totalTargets = 25)),\r\n            (previousNu = 0);\r\n        var e = setInterval(function() {\r\n            (ranNu = randNo()),\r\n            ranNu == previousNu && (ranNu = randNo()),\r\n                (id = \"#cell\" + ranNu),\r\n                (previousNu = ranNu),\r\n                $(id).addClass(\"bg-primary\"),\r\n                $(id).html(\"<div class='effective' onclick='effectivec()'><\/div>\"),\r\n                removeClassAfter(id, vanishTime);\r\n        }, timelimit);\r\n        setTimeout(function() {\r\n            clearInterval(e), stopAPM();\r\n        }, totalTime);\r\n    }\r\n\r\n    function stopAPM() {\r\n        $(\"#startbutton\").css(\"display\", \"block\"), $(\"#largesizemodal\").modal(\"show\");\r\n        apmstart = false;\r\n        var e = 0,\r\n            i = 0,\r\n            t = setInterval(() => {\r\n                (e += 1), (apm = (60 * e) \/ (totalTime \/ 1e3)), $(\"#apmvalue\").html(apm), e >= clicks && (e =\r\n                    clicks) === clicks && clearInterval(t);\r\n            }, 100),\r\n            c = setInterval(() => {\r\n                (i += 1), (epm = (60 * i) \/ (totalTime \/ 1e3)), $(\"#epmvalue\").html(epm), i >= effective && (i =\r\n                    effective) === effective && clearInterval(c);\r\n            }, 100);\r\n\r\n        var accuracy = Math.ceil((effective \/ clicks) * 100);\r\n        console.log(\"Clicks Result: \" + clicks);\r\n        console.log(\"effective Result: \" + effective);\r\n        console.log(\"accuracy Result: \" + accuracy);\r\n        $(\"#Taccuracy\").html(accuracy)\r\n\r\n\r\n    }\r\n    var effectivecircle = Circles.create({\r\n            id: \"circles-1\",\r\n            maxValue: 60,\r\n            value: 0,\r\n            text: function() {\r\n                return \"<div class='valbig'>\" + effective + \"<\/div>Effective <br> Clicks\";\r\n            },\r\n            styleText: !1,\r\n            radius: 70,\r\n            width: 10,\r\n            duration: 70,\r\n            colors: [\"#D3B6C6\", \"#4B253A\"],\r\n        }),\r\n        clickscircle = Circles.create({\r\n            id: \"circles-2\",\r\n            maxValue: 60,\r\n            value: 0,\r\n            text: function() {\r\n                return \"<div class='valbig'>\" + clicks + \"<\/div>Clicks\";\r\n            },\r\n            styleText: !1,\r\n            radius: 70,\r\n            width: 10,\r\n            duration: 80,\r\n            colors: [\"#FCE6A4\", \"#EFB917\"],\r\n        }),\r\n        percircle = Circles.create({\r\n            id: \"circles-3\",\r\n            maxValue: 60,\r\n            value: 0,\r\n            text: function() {\r\n                return \"<div class='valbig'>\" + Math.ceil(this.getPercent() ? this.getPercent() : 0) +\r\n                    \"<span class='pr'>%<\/span><\/div>Percentage\";\r\n            },\r\n            styleText: !1,\r\n            radius: 70,\r\n            width: 10,\r\n            duration: 80,\r\n            colors: [\"#BEE3F7\", \"#45AEEA\"],\r\n        });\r\n\r\n    function resetdata() {\r\n        console.log(\"inside reset data\"),\r\n            (clicks = 0),\r\n            (effective = 0),\r\n            (effectivecircle._maxValue = clicks),\r\n            effectivecircle.update(effective),\r\n            (percircle._maxValue = clicks),\r\n            percircle.update(effective),\r\n            (clickscircle._maxValue = clicks),\r\n            clickscircle.update(effective);\r\n    }\r\n<\/script>\n\n<div style=\"height:5px\" aria-hidden=\"true\" class=\"wp-block-spacer\"><\/div>\n\n<h2 class=\"wp-block-heading\">Was ist ein APM-Test?<\/h2>\n\n<p>Der Test &#8220;Aktionen pro Minute&#8221; ist eher ein unterhaltsames Spiel, mit dem herausgefunden werden soll, wie viele Aktionen ein Spieler zu einem bestimmten Zeitpunkt in einem Interventionsspiel durchf\u00fchren kann. In Echtzeit-Strategie- und Actionspielen wird dieser Begriff h\u00e4ufig verwendet, um sich durchzusetzen.<\/p>\n\n<p>In Videospielen bezieht sich der Ausdruck &#8220;Aktion pro Minute&#8221; auf die Anzahl der Aktivit\u00e4ten, die ein Spieler in einer Minute ausf\u00fchren kann. Mit anderen Worten: Er misst die Geschwindigkeit, mit der sich Ihre Finger beim Spielen von Videospielen normalerweise bewegen. Er bewertet die Tastaturfertigkeit und die Geschwindigkeit einer Person. Sie ist wichtig f\u00fcr Spiele, die Aktivit\u00e4t, Kampf und rudiment\u00e4re Strategie beinhalten.<\/p>\n\n<p>Ein Spieler kann eine bestimmte Anzahl von Aktionen pro Minute (APM) ausf\u00fchren, wenn er an einem Spiel teilnimmt. Die Wahrscheinlichkeit, zu gewinnen, w\u00fcrde mit einer h\u00f6heren APM steigen.<\/p>\n\n<p>APM ist auf viele verschiedene Spiele anwendbar, aber Echtzeitstrategiespiele profitieren am meisten davon. Echtzeit-Multitasking ist zum Beispiel f\u00fcr Spiele wie Age of Empires und StarCraft erforderlich. Ein Spieler mit einer h\u00f6heren APM kann mehr Aufgaben in der gleichen Zeit erledigen als ein Spieler mit einer niedrigen APM. Wenn Sie online oder in Turnieren gegen andere Spieler antreten, bietet dies einen erheblichen Vorteil.<\/p>\n<div class=\"wp-block-image\">\n<figure class=\"aligncenter size-full\"><img loading=\"lazy\" decoding=\"async\" width=\"1000\" height=\"500\" src=\"https:\/\/cpstesters.com\/wp-content\/uploads\/2022\/09\/apm-test.jpg\" alt=\"APM-Test\" class=\"wp-image-537\" title=\"\" srcset=\"https:\/\/cpstesters.com\/wp-content\/uploads\/2022\/09\/apm-test.jpg 1000w, https:\/\/cpstesters.com\/wp-content\/uploads\/2022\/09\/apm-test-300x150.jpg 300w, https:\/\/cpstesters.com\/wp-content\/uploads\/2022\/09\/apm-test-768x384.jpg 768w\" sizes=\"auto, (max-width: 1000px) 100vw, 1000px\" \/><figcaption class=\"wp-element-caption\">APM-Test<\/figcaption><\/figure>\n<\/div>\n<h2 class=\"wp-block-heading\">Wie spielt man das Spiel &#8220;Aktionen pro Minute&#8221;?<\/h2>\n\n<p>Dieser Test ist recht einfach zu absolvieren. Alle Nutzer m\u00fcssen zun\u00e4chst einen Internetzugang haben. Die zweite Voraussetzung ist, dass die Kunden Zugang zu einem Smartphone, Tablet, Computer, Laptop oder iPad haben.<\/p>\n\n<ul class=\"wp-block-list\">\n<li>Navigieren Sie zum Anfang dieser Seite und beginnen Sie mit dem APM-Spiel, indem Sie einfach auf &#8220;Start&#8221; klicken, sobald die Spielseite geladen ist.<\/li>\n\n\n\n<li>Sie k\u00f6nnen einen beliebigen Schwierigkeitsgrad w\u00e4hlen. Es gibt drei Schwierigkeitsgrade: Standard, schwer und extrem schwer. Die Entscheidung des Nutzers f\u00fcr diese Option h\u00e4ngt von seinem Erfahrungsstand, seinem Wunsch nach Verbesserung und anderen Faktoren ab.<\/li>\n\n\n\n<li>Sie sollten den Mauszeiger benutzen, um Ziele zu treffen, die auf dem Bildschirm angezeigt werden, sobald das Spiel beginnt. Die Zeit wird vergehen, da dieses Spiel in der Zwischenzeit gespielt wird. Die Spieler k\u00f6nnen den APM-Rechner benutzen, um ihre Punktzahl zu ermitteln<\/li>\n\n\n\n<li>Nach Beendigung des Spiels werden Ihnen folgende Daten angezeigt: effektive Klicks und Klicks (alle Klicks, auch die fehlerhaften und \u00fcberfl\u00fcssigen). Anhand dieser Informationen kann der Nutzer seinen Erfolg im Spiel einsch\u00e4tzen.<\/li>\n<\/ul>\n\n<p class=\"has-text-align-center has-base-background-color has-background has-medium-font-size\"><em>F\u00fcr Gamer haben wir auch einen <a href=\"https:\/\/cpstesters.com\/de\/\" target=\"_blank\" rel=\"noreferrer noopener\">Click-Per-Second-Test<\/a> entwickelt, siehe hier!<\/em><\/p>\n\n<h2 class=\"wp-block-heading\">Wichtige Faktoren im APM Tracker<\/h2>\n\n<h3 class=\"wp-block-heading\"><strong>Genauigkeit<\/strong><\/h3>\n\n<p>Die Genauigkeit ist eine entscheidende Komponente, die sich darauf bezieht, wie effektiv der Spieler die wichtigen Objekte anvisiert. Dieser Aspekt ist sowohl f\u00fcr die Maus- als auch f\u00fcr die Tastaturbedienung entscheidend. Spieler, die beim Klicken und Dr\u00fccken der Tastatur weniger Fehler machen, erzielen genauere Ergebnisse. Der Spieler kann dann ein h\u00f6heres Ergebnis f\u00fcr die Aktion pro Minute erzielen.<\/p>\n\n<p>Bei Spielern, die beim Klicken und Dr\u00fccken der Tasten h\u00e4ufig Fehler machen, ist die Aktion pro Minute geringer. Unabh\u00e4ngig davon, wie oft der Spieler den wichtigen Aspekt angesprochen hat, ist dies immer noch der Fall. Dies f\u00fchrt zu einem niedrigen Ergebnis f\u00fcr die Aktion pro Minute, da der Test diese Fehler einfach nicht ber\u00fccksichtigt.<\/p>\n\n<h3 class=\"wp-block-heading\"><strong>Wirkungsgrad<\/strong><\/h3>\n\n<p>Es ist wichtig, dass Sie in der vorgegebenen Zeit auf die entsprechenden Ziele klicken. Ein Spieler, der schnell klickt, trifft mehr Ziele und gilt als effektiver Spieler mit Gewinnpotenzial. Umgekehrt treffen Spieler, die langsam klicken, weniger Ziele und werden nicht als effiziente Spieler angesehen.<\/p>\n\n<h3 class=\"wp-block-heading\"><strong>Redundante Aktionen<\/strong><\/h3>\n\n<p>Die meisten Neulinge machen den Fehler, redundante oder sich wiederholende Handlungen auszuf\u00fchren. Sie beginnen zu klicken und schlagen auf alles ein, was ihnen begegnet, in der Hoffnung, den Gegner auszuschalten. Bei Spielen wie Fortnite, Call of Duty usw. kommt dies am h\u00e4ufigsten vor.<\/p>\n\n<p>Obwohl Sie mit dieser Methode sicherlich mehr Klicks pro Minute ausf\u00fchren, werden Ihre effektiven Aktionen pro Minute nicht steigen.<\/p>\n\n<p>Die schwarzen K\u00e4stchen d\u00fcrfen w\u00e4hrend des Tests nicht angeklickt werden, um zu verhindern, dass Sie dasselbe K\u00e4stchen mehrmals anklicken. Bei dieser Methode werden unn\u00f6tige Aktionen automatisch reduziert.<\/p>\n\n<h2 class=\"wp-block-heading has-text-align-center\">FAQ&#8217;s<\/h2>\n\n<h3 class=\"wp-block-heading\"><strong>Was ist ein gutes APM-Spiel?<\/strong><\/h3>\n\n<p>Die meisten Spieler haben einen APM zwischen 80 und 100. Jede h\u00f6here Punktzahl wird als gute APM-Punktzahl angesehen.<\/p>\n\n<h3 class=\"wp-block-heading\"><strong>Wie berechne ich meinen APM?<\/strong><\/h3>\n\n<p>Der APM wird berechnet, indem die Aktionen gez\u00e4hlt werden, die jeder Spieler innerhalb einer bestimmten Minute durchgef\u00fchrt hat. Benutzer k\u00f6nnen APM schnell \u00fcber unsere Website berechnen<\/p>\n\n<h3 class=\"wp-block-heading\"><strong>Was ist ein hoher APM?<\/strong><\/h3>\n\n<p>In StarCraft 2 gelten 400 bis 500 Aktionen pro Minute als hohe oder &#8220;schnelle&#8221; APM. Professionelle Spieler k\u00f6nnen 800 APM \u00fcberschreiten, wenn sie ihr Bestes geben.<\/p>\n\n<h2 class=\"wp-block-heading\">Abschlie\u00dfendes APM-Gaming  <\/h2>\n\n<p>Und das ist alles. Ich hoffe, dass Sie bei den Aktionen pro Minute gut abschneiden und dass Sie insgesamt ein besserer Spieler werden. Ich hoffe, dass Sie bei dieser APM-Pr\u00fcfung gut abschneiden. Sie k\u00f6nnen die Webseite und Ihre Ergebnisse auch mit Freunden teilen, einfach nur zum Spa\u00df und zur Unterhaltung. Wir haben auch einige andere Tools, die Ihnen gefallen k\u00f6nnten:<\/p>\n\n<ul class=\"wp-block-list\">\n<li><a href=\"https:\/\/cpstesters.com\/de\/maustest\/\" target=\"_blank\" rel=\"noreferrer noopener\">Maus-Test<\/a><\/li>\n\n\n\n<li><a href=\"https:\/\/cpstesters.com\/de\/aim-trainer\/\" target=\"_blank\" rel=\"noreferrer noopener\">Ziel-Trainer<\/a><\/li>\n\n\n\n<li><a href=\"https:\/\/cpstesters.com\/de\/maus-scroll-test\/\" target=\"_blank\" rel=\"noreferrer noopener\">Maus-Scroll-Test<\/a><\/li>\n\n\n\n<li><a href=\"https:\/\/cpstesters.com\/de\/maus-genauigkeitstest\/\" target=\"_blank\" rel=\"noreferrer noopener\">Maus-Genauigkeitstest<\/a><\/li>\n\n\n\n<li><a href=\"https:\/\/cpstesters.com\/de\/doppelklick-test\/\" target=\"_blank\" rel=\"noreferrer noopener\">Doppelklick-Test<\/a><\/li>\n<\/ul>\n","protected":false},"excerpt":{"rendered":"<p>Actions Per Minute Test ist ein Online-Tester, mit dem Sie Ihre APM-Geschwindigkeit verbessern k\u00f6nnen. Probieren Sie es jetzt aus und verbessern Sie Ihre Spielf\u00e4higkeiten! Was &#8230; <\/p>\n<p class=\"read-more-container\"><a title=\"Aktionen pro Minute-Test | Actions Per Minute Tracker f\u00fcr Gaming\" class=\"read-more button\" href=\"https:\/\/cpstesters.com\/de\/apm-test\/#more-3023\" aria-label=\"Mehr Informationen \u00fcber Aktionen pro Minute-Test | Actions Per Minute Tracker f\u00fcr Gaming\">Read More<\/a><\/p>\n","protected":false},"author":4,"featured_media":1448,"parent":0,"menu_order":0,"comment_status":"closed","ping_status":"closed","template":"","meta":{"footnotes":""},"class_list":["post-3023","page","type-page","status-publish","has-post-thumbnail"],"_links":{"self":[{"href":"https:\/\/cpstesters.com\/de\/wp-json\/wp\/v2\/pages\/3023","targetHints":{"allow":["GET"]}}],"collection":[{"href":"https:\/\/cpstesters.com\/de\/wp-json\/wp\/v2\/pages"}],"about":[{"href":"https:\/\/cpstesters.com\/de\/wp-json\/wp\/v2\/types\/page"}],"author":[{"embeddable":true,"href":"https:\/\/cpstesters.com\/de\/wp-json\/wp\/v2\/users\/4"}],"replies":[{"embeddable":true,"href":"https:\/\/cpstesters.com\/de\/wp-json\/wp\/v2\/comments?post=3023"}],"version-history":[{"count":4,"href":"https:\/\/cpstesters.com\/de\/wp-json\/wp\/v2\/pages\/3023\/revisions"}],"predecessor-version":[{"id":5866,"href":"https:\/\/cpstesters.com\/de\/wp-json\/wp\/v2\/pages\/3023\/revisions\/5866"}],"wp:featuredmedia":[{"embeddable":true,"href":"https:\/\/cpstesters.com\/de\/wp-json\/wp\/v2\/media\/1448"}],"wp:attachment":[{"href":"https:\/\/cpstesters.com\/de\/wp-json\/wp\/v2\/media?parent=3023"}],"curies":[{"name":"wp","href":"https:\/\/api.w.org\/{rel}","templated":true}]}}