{"id":3019,"date":"2024-07-16T14:20:18","date_gmt":"2024-07-16T14:20:18","guid":{"rendered":"https:\/\/cpstesters.com\/minecraft-kugel-generator-minecraft-kuppel-generator\/"},"modified":"2024-09-17T15:37:57","modified_gmt":"2024-09-17T15:37:57","slug":"minecraft-kugel-generator","status":"publish","type":"page","link":"https:\/\/cpstesters.com\/de\/minecraft-kugel-generator\/","title":{"rendered":"Minecraft Kugel Generator | Minecraft Kuppel Generator"},"content":{"rendered":"\n<p>Minecraft Sphere Generator ist ein Werkzeug, das f\u00fcr die Herstellung von Kuppel &amp; Pixel Sph\u00e4ren verwendet wird, um Minecraft Landschaften zu erweitern, \u00fcberpr\u00fcfen Sie es aus jetzt!<\/p>\n\n\n<style>\r\n        label {\r\n            display: inline-block;\r\n            width: 7em;\r\n            font-size: 20px;\r\n            font-weight: bold;\r\n        }\r\n        \r\n        #txtRadius {\r\n            font-size: 20px;\r\n        }\r\n        \r\n        #output {\r\n\t\t\toverflow: scroll;\r\n\t\t\tdisplay: flex;\r\n\t\t\theight: fit-content;\r\n        }\r\n    \r\n        #output table {\r\n            border-collapse: collapse;\r\n            border: 2px solid;\r\n            float: left;\r\n            margin: 5px;\r\n        }\r\n    \r\n        #output td {\r\n            \/*display: block;*\/\r\n            background-color: #FFFFFF;\r\n        }\r\n    \r\n        #output div {\r\n            width: 8px;\r\n            height: 8px;\r\n            overflow: hidden;\r\n        }\r\n    \r\n        #output td.prev_empty {\r\n            background-color: #AAAAAA;\r\n        }\r\n    \r\n        #output td.empty {\r\n            background-color: #FFFFFF;\r\n        }\r\n    \r\n        #output td.prev_full {\r\n            background-color: #660000;\r\n        }\r\n    \r\n        #output td.full {\r\n            background-color: #EE0000;\r\n        }\r\n    \r\n        #output td.prev_open {\r\n            background-color: #006600;\r\n        }\r\n    \r\n        #output td.open {\r\n            background-color: #00EE00;\r\n        }\r\n        \r\n        #generate_btn {\r\n            padding: 10px 20px;\r\n            border-radius: 5px;\r\n            border: 1px solid black;\r\n        }\r\n    <\/style>\r\n<div>\r\n<div class=\"form_item\">\r\n<label>Radius:<\/label>\r\n<input type=\"text\" id=\"txtRadius\" value=\"6\" \/>\r\n<\/div>\r\n<div class=\"form_item\">\r\n<label>Fill:<\/label>\r\n<input type=\"checkbox\" id=\"chkFill\" value=\"true\" checked=\"\" \/> Either fill the sphere, or calculate which position may be left empty.\r\n<\/div>\r\n<div class=\"form_item\">\r\n<label>Hints:<\/label>\r\n<input type=\"checkbox\" id=\"chkHints\" value=\"true\" checked=\"\" \/> On each layer darken the previous layer to ease building.\r\n<\/div>\r\n<div class=\"form_item\">\r\n<label>Block-align:<\/label>\r\n<input type=\"checkbox\" id=\"chkMiddle\" value=\"true\" \/>\r\n<\/div>\r\n<br>\r\n<input id=\"generate_btn\" type=\"button\" value=\"Generate\" \/>\r\n<\/div>\r\n<br>\r\n<div id=\"blocks-out\"><\/div>\r\n<br>\r\n<div id=\"output\"><\/div>\r\n<script>\r\n        jQuery(document).ready(function () {\r\n           jQuery('#generate_btn').click(function () {\r\n                generate();\r\n            });\r\n        });\r\n        \r\n        generate();\r\n\r\n        function generate() {\r\n            var radius = parseFloat(jQuery('#txtRadius').val());\r\n            var fill = isChecked('chkFill');\r\n            var hints = isChecked('chkHints');\r\n            var middle = isChecked('chkMiddle');\r\n            var blocks = generateBlocks(radius, middle);\r\n\r\n            if (!fill) {\r\n                blocks = purgeBlocks(blocks);\r\n            }\r\n\r\n            printBlocks(blocks, hints);\r\n        }\r\n\r\n        function isChecked(id) {\r\n            return jQuery('#' + id).is(\":checked\");\r\n        }\r\n\r\n        function generateBlocks(radius, middle) {\r\n            var radiusSq = radius * radius;\r\n            var halfSize, size, offset;\r\n\r\n            if (middle) {\r\n                size = (2 * Math.ceil(radius)) + 1;\r\n                offset = Math.floor(size \/ 2);\r\n            } else {\r\n                halfSize = Math.ceil(radius) + 1;\r\n                size = halfSize * 2;\r\n                offset = halfSize - 0.5;\r\n            }\r\n\r\n            function isFull(x, y, z) {\r\n                x -= offset;\r\n                y -= offset;\r\n                z -= offset;\r\n                x *= x;\r\n                y *= y;\r\n                z *= z;\r\n\r\n                return x + y + z < radiusSq;\r\n            }\r\n\r\n            var blocks = [];\r\n\r\n            for (var z = 0; z < size; z++) {\r\n                var slice = blocks[z] = [];\r\n\r\n                for (var x = 0; x < size; x++) {\r\n                    var row = slice[x] = [];\r\n\r\n                    for (var y = 0; y < size; y++) {\r\n                        row[y] = isFull(x, y, z);\r\n                    }\r\n                }\r\n            }\r\n\r\n            return blocks;\r\n        }\r\n\r\n        function purgeBlocks(blocks) {\r\n            var newblocks = [];\r\n\r\n            for (var z = 0; z < blocks.length; z++) {\r\n                var slice = blocks[z];\r\n                var newslice = newblocks[z] = [];\r\n\r\n                for (var x = 0; x < slice.length; x++) {\r\n                    var row = slice[x];\r\n                    var newrow = newslice[x] = [];\r\n\r\n                    for (var y = 0; y < row.length; y++) {\r\n                        newrow[y] = row[y] && (!row[y - 1] || !row[y + 1] || !slice[x - 1][y] || !slice[x + 1][y] || !blocks[z - 1][x][y] || !blocks[z + 1][x][y]);\r\n                    }\r\n                }\r\n            }\r\n\r\n            return newblocks;\r\n        }\r\n\r\n        function printBlocks(blocks, hints) {\r\n            var x, y, z;\r\n            var table, tbody, tr, td, prev, divNeeded, needed = 0;\r\n            var output = jQuery('#output');\r\n\r\n            output.empty();\r\n\r\n            output.append(divNeeded = jQuery('<p>'));\r\n            \/\/output.append($('<div>'));\r\n            var prevslice = blocks[0];\r\n            for (z = 1; z < blocks.length - 1; z++) {\r\n                var slice = blocks[z];\r\n                output.append(table = jQuery('<table>'));\r\n                \/\/output.append($('<div>'));\r\n                table.append(tbody = jQuery('<tbody>'));\r\n\r\n                table.attr('border', 1);\r\n                table.attr('cellpadding', 0);\r\n                table.attr('cellspacing', 0);\r\n\r\n                for (x = 0; x < slice.length; x++) {\r\n                    var row = slice[x];\r\n                    tbody.append(tr = jQuery('<tr>'));\r\n\r\n                    for (y = 0; y < row.length; y++) {\r\n                        tr.append(td = jQuery('<td>'));\r\n                        prev = hints && prevslice[x][y];\r\n\r\n                        if (row[y]) {\r\n                            td.attr('class', prev ? 'prev_full' : 'full');\r\n                            needed++;\r\n                        } else {\r\n                            td.attr('class', prev ? 'prev_empty' : 'empty');\r\n                        }\r\n\r\n                        td.append(jQuery('<div>'));\r\n                    }\r\n                }\r\n\r\n                prevslice = slice;\r\n            }\r\n\r\n            jQuery(\"#blocks-out\").append(\"Blocks needed: \" + needed);\r\n        }\r\n    <\/script>\n\n\n\n<div style=\"height:10px\" aria-hidden=\"true\" class=\"wp-block-spacer\"><\/div>\n\n\n\n<h2 class=\"wp-block-heading\">Minecraft-Kugel<\/h2>\n\n\n\n<p>In Spielen, die Minecraft enthalten, werden Kugeln zum Bauen verwendet. Wenn du etwas in der virtuellen Welt von Minecraft baust, kannst du dein Fachwissen unter Beweis stellen und eine Menge Zeit sparen, indem du den Minecraft-Kugel-Generator benutzt.<\/p>\n\n\n\n<p>Wenn du Minecraft mit Kurven spielen willst, musst du viel \u00fcben, um die n\u00e4chsth\u00f6heren Perks zu erhalten.<\/p>\n\n\n\n<h2 class=\"wp-block-heading\">Minecraft Sphere Maker<\/h2>\n\n\n\n<p>Minecraft Sphere Generator wird verwendet, um Sphere Strukturen zu erstellen. Dieses erfinderische Werkzeug kann von allen genutzt werden, die eine Leidenschaft f\u00fcr das Bauen und Einrichten von Dingen haben. Mit diesem Programm, das auf Bl\u00f6cken basiert, k\u00f6nnen Sie jedes beliebige Kugelmuster erstellen<\/p>\n\n\n\n<p>Die Benutzer dieses Werkzeugs kontrollieren die Bl\u00f6cke und geben ihren Entw\u00fcrfen ein kreatives Aussehen. Indem er dir vorgibt, wo du die Bl\u00f6cke platzieren sollst, vereinfacht der Kugelhersteller Minecraft deine Aufgabe und spart dir Zeit. Indem Sie die Pixel nutzen, k\u00f6nnen Sie Ihren Einfallsreichtum methodisch unter Beweis stellen.<\/p>\n\n\n\n<p>Wir erlauben Ihnen, den gesamten Bildschirm zu nutzen, damit Sie ihn besser sehen k\u00f6nnen. Mit Hilfe unseres Tools k\u00f6nnen Sie jetzt auf brillante Weise Kugeln konstruieren und sie \u00fcberall einsetzen, wo Sie wollen.<\/p>\n\n\n<div class=\"wp-block-image\">\n<figure class=\"aligncenter size-full\"><img loading=\"lazy\" decoding=\"async\" width=\"1000\" height=\"500\" src=\"https:\/\/cpstesters.com\/wp-content\/uploads\/2022\/09\/Minecraft-Sphere-Generator.jpg\" alt=\"Minecraft Sphere Generator\" class=\"wp-image-558\" title=\"\" srcset=\"https:\/\/cpstesters.com\/wp-content\/uploads\/2022\/09\/Minecraft-Sphere-Generator.jpg 1000w, https:\/\/cpstesters.com\/wp-content\/uploads\/2022\/09\/Minecraft-Sphere-Generator-300x150.jpg 300w, https:\/\/cpstesters.com\/wp-content\/uploads\/2022\/09\/Minecraft-Sphere-Generator-768x384.jpg 768w\" sizes=\"auto, (max-width: 1000px) 100vw, 1000px\" \/><figcaption class=\"wp-element-caption\">Minecraft Sphere Generator<\/figcaption><\/figure>\n<\/div>\n\n\n<h2 class=\"wp-block-heading\">Wie man Minecraft Sphere Generator verwendet<\/h2>\n\n\n\n<p>Wenn Sie dieses Tool zum ersten Mal verwenden, ist das Verfahren f\u00fcr Sie ganz einfach. Zu Ihrer Erleichterung haben wir einen Artikel mit Informationen zusammengestellt, die Sie verwenden k\u00f6nnen, wenn Sie eine Hohlkugel herstellen m\u00f6chten. Sie m\u00fcssen sich an diese Anweisungen halten.<\/p>\n\n\n\n<p>Der Minecraft-Kugelgenerator ist in der Men\u00fcleiste sichtbar. Tippen Sie einfach darauf, und die folgende Seite wird auf dem Bildschirm angezeigt.<\/p>\n\n\n\n<ul class=\"wp-block-list\">\n<li>Geben Sie den Radius an, den Sie ben\u00f6tigen, um die gew\u00fcnschte Kugel zu erstellen. Dieses Programm erstellt standardm\u00e4\u00dfig ein Modell mit einem Radius von sechs, wobei die empfohlenen Optionen aktiviert sind.<\/li>\n\n\n\n<li>Verwenden Sie die Schaltfl\u00e4che Tipp, um rote Punkte zu den R\u00e4ndern hinzuzuf\u00fcgen, wenn Sie eine gef\u00fcllte Kugel in Minecraft w\u00fcnschen.<\/li>\n\n\n\n<li>Mit der Blockauswahl k\u00f6nnen Sie die Anzahl der Bl\u00f6cke ausrichten.<\/li>\n\n\n\n<li>Dr\u00fccken Sie noch einmal auf die Schaltfl\u00e4che &#8220;Generieren&#8221;, um die Kugelform mit den soeben gew\u00e4hlten Einstellungen zu erstellen.<\/li>\n\n\n\n<li>Sie k\u00f6nnen die Nummer auch unter der Option &#8220;Generieren&#8221; sehen. Das ist die Anzahl der Bl\u00f6cke, die ben\u00f6tigt werden, um die Kugel in Minecraft zu erstellen.<\/li>\n\n\n\n<li>Je nach Vorliebe k\u00f6nnen Sie jederzeit entscheiden, ob Sie zum Modellmen\u00fc zur\u00fcckkehren m\u00f6chten. Sie k\u00f6nnen Ihren Browser benutzen, um zur\u00fcckzugehen.<\/li>\n\n\n\n<li>Wie Sie sehen k\u00f6nnen, ist au\u00dferdem ein Schieberegler auf der rechten Seite vorhanden. Sie k\u00f6nnen damit eine bestimmte horizontale Ebene Ihres Modells anzeigen. Mit dem rechten Schieberegler k\u00f6nnen sowohl 2D- als auch 3D-Perspektiven eingestellt werden. Nur f\u00fcr das 3D-Modell wird diese Ebene in einem hellen Gelb hervorgehoben.<\/li>\n<\/ul>\n\n\n\n<p>Du kannst jetzt ganz einfach dein Design erstellen und es in das Minecraft-Kugelspiel einbauen. Mit dem Pixelkugel-Generator k\u00f6nnen Sie weitere einzigartige Ideen f\u00fcr die Konstruktion entdecken.<\/p>\n\n\n\n<p class=\"has-text-align-center has-base-background-color has-background has-medium-font-size\"><em>Sie k\u00f6nnen auch versuchen, <a href=\"https:\/\/cpstesters.com\/de\/?page_id=2869\" target=\"_blank\" rel=\"noreferrer noopener\">Minecraft Kreis Generator<\/a>!<\/em><\/p>\n\n\n\n<h2 class=\"wp-block-heading\">Eigenschaften des Minecraft Kuppel-Generators<\/h2>\n\n\n\n<p>Der Minecraft Sphere Generator ist ein m\u00e4chtiges Werkzeug, das Spielern dabei hilft, erstaunliche Sph\u00e4ren und andere kugelf\u00f6rmige Objekte wie Kuppeln zu erschaffen, indem sie den Minecraft Dome Generator und Building Tops verwenden und so das Potenzial von Minecraft Sph\u00e4ren erweitern.<\/p>\n\n\n\n<p>Auch wenn dieses Programm eine Menge faszinierender M\u00f6glichkeiten bietet, werden wir hier alle Funktionen einbeziehen, die f\u00fcr den Bau von Minecraft-Kugeln notwendig sind:<\/p>\n\n\n\n<ul class=\"wp-block-list\">\n<li>Mit Hilfe dieses Kugelherstellers ist es m\u00f6glich, Kugelformen mit einstellbaren Radien herzustellen.<\/li>\n\n\n\n<li>Das Tool zeigt an, wie viele Bl\u00f6cke ben\u00f6tigt werden, um die ideale Kugel im Minecraft-Spiel zu bauen.<\/li>\n\n\n\n<li>Sie haben die M\u00f6glichkeit, zwei verschiedene Kugeldesigns zu erstellen, eines mit ausgerichteten Bl\u00f6cken und das andere ohne.<\/li>\n\n\n\n<li>Je nach Wunsch k\u00f6nnen Sie die Kugel umrei\u00dfen oder einen leeren Raum lassen.<\/li>\n<\/ul>\n\n\n\n<h2 class=\"wp-block-heading has-text-align-center\">FAQ&#8217;s<\/h2>\n\n\n\n<h3 class=\"wp-block-heading\"><strong>Wie lautet der Befehl in Minecraft, der eine gef\u00fcllte Kugel erzeugt?<\/strong><\/h3>\n\n\n\n<p>Um in Minecraft m\u00fchelos einen kompletten Vollkreis zu erstellen, verwenden Sie den folgenden Befehl: <strong>Um eine gef\u00fcllte Kugel zu erstellen, gib \/sphere ein<\/strong>.<\/p>\n\n\n\n<h3 class=\"wp-block-heading\"><strong>Wer kann den Minecraft-Kugel-Generator benutzen?<\/strong><\/h3>\n\n\n\n<p>Dieses Werkzeug kann von Personen mit Konstruktionskenntnissen verwendet werden. Diese Technik wird auch von Personen genutzt, die keine Erfahrung im Bauwesen haben, um ihre Kreativit\u00e4t zu steigern. Mit diesem Werkzeug k\u00f6nnen Kinder mit verschiedenen blockbasierten Layouts experimentieren. Die Spieler des Videospiels Minecraft verwenden dieses Werkzeug, um Geb\u00e4ude zu entwerfen.<\/p>\n\n\n\n<p>Andere Minecraft-Tools:<\/p>\n\n\n\n<ul class=\"wp-block-list\">\n<li><a href=\"https:\/\/cpstesters.com\/de\/minecraft-font-generator-der-beste-font-generator\/\" target=\"_blank\" rel=\"noreferrer noopener\">Minecraft Schriftart Generator<\/a><\/li>\n\n\n\n<li><a href=\"https:\/\/cpstesters.com\/de\/minecraft-titel-generator-mach-den-besten-titel\/\" target=\"_blank\" rel=\"noreferrer noopener\">Minecraft Titel Generator<\/a><\/li>\n\n\n\n<li><a href=\"https:\/\/cpstesters.com\/de\/minecraft-befehlsgenerator-online-befehl-geben\/\" target=\"_blank\" rel=\"noreferrer noopener\">Minecraft Befehlsgenerator<\/a><\/li>\n\n\n\n<li><a href=\"https:\/\/cpstesters.com\/de\/?page_id=2530\" target=\"_blank\" rel=\"noreferrer noopener\">Ziel-Trainer<\/a><\/li>\n\n\n\n<li><a href=\"https:\/\/cpstesters.com\/de\/apm-test-actions-per-minute-tracker-fuer-gaming\/\" target=\"_blank\" rel=\"noreferrer noopener\">APM-Test<\/a><\/li>\n<\/ul>\n","protected":false},"excerpt":{"rendered":"<p>Minecraft Sphere Generator ist ein Werkzeug, das f\u00fcr die Herstellung von Kuppel &amp; Pixel Sph\u00e4ren verwendet wird, um Minecraft Landschaften zu erweitern, \u00fcberpr\u00fcfen Sie es &#8230; <\/p>\n<p class=\"read-more-container\"><a title=\"Minecraft Kugel Generator | Minecraft Kuppel Generator\" class=\"read-more button\" href=\"https:\/\/cpstesters.com\/de\/minecraft-kugel-generator\/#more-3019\" aria-label=\"Mehr Informationen \u00fcber Minecraft Kugel Generator | Minecraft Kuppel Generator\">Read More<\/a><\/p>\n","protected":false},"author":4,"featured_media":1508,"parent":0,"menu_order":0,"comment_status":"closed","ping_status":"closed","template":"","meta":{"footnotes":""},"class_list":["post-3019","page","type-page","status-publish","has-post-thumbnail"],"_links":{"self":[{"href":"https:\/\/cpstesters.com\/de\/wp-json\/wp\/v2\/pages\/3019","targetHints":{"allow":["GET"]}}],"collection":[{"href":"https:\/\/cpstesters.com\/de\/wp-json\/wp\/v2\/pages"}],"about":[{"href":"https:\/\/cpstesters.com\/de\/wp-json\/wp\/v2\/types\/page"}],"author":[{"embeddable":true,"href":"https:\/\/cpstesters.com\/de\/wp-json\/wp\/v2\/users\/4"}],"replies":[{"embeddable":true,"href":"https:\/\/cpstesters.com\/de\/wp-json\/wp\/v2\/comments?post=3019"}],"version-history":[{"count":4,"href":"https:\/\/cpstesters.com\/de\/wp-json\/wp\/v2\/pages\/3019\/revisions"}],"predecessor-version":[{"id":4661,"href":"https:\/\/cpstesters.com\/de\/wp-json\/wp\/v2\/pages\/3019\/revisions\/4661"}],"wp:featuredmedia":[{"embeddable":true,"href":"https:\/\/cpstesters.com\/de\/wp-json\/wp\/v2\/media\/1508"}],"wp:attachment":[{"href":"https:\/\/cpstesters.com\/de\/wp-json\/wp\/v2\/media?parent=3019"}],"curies":[{"name":"wp","href":"https:\/\/api.w.org\/{rel}","templated":true}]}}