{"id":2876,"date":"2024-07-16T14:18:01","date_gmt":"2024-07-16T14:18:01","guid":{"rendered":"https:\/\/cpstesters.com\/mouse-rate-checker-polling-rate-hz-test-online\/"},"modified":"2024-09-17T15:52:22","modified_gmt":"2024-09-17T15:52:22","slug":"mouse-rate-checker","status":"publish","type":"page","link":"https:\/\/cpstesters.com\/de\/mouse-rate-checker\/","title":{"rendered":"Maus-Raten-Checker | Polling-Rate Hz-Test online"},"content":{"rendered":"\n<p>Mouse Rate Checker ist ein Online-Tool f\u00fcr Benutzer, um ihre Polling-Rate in Hertz zu \u00fcberpr\u00fcfen und die Maus zu testen, probieren Sie es jetzt aus!<\/p>\n\n\n<style type=\"text\/css\">\r\n    #rate-container{\r\n        padding: 15px;\r\n        background: #fff;\r\n        position: relative;\r\n        \r\n        user-select: none;\r\n    }\r\n    #rate-checker{\r\n        width:100%;\r\n        padding:10px;\r\n\r\n\t\t\r\n    }\r\n    \r\n    #rate-numbers{\r\n\t\tfont-size:2em;\r\n        text-align:center;\r\n        font-weight:bold;\r\n        padding:auto;\r\n        margin:auto;\r\n        width:100%;\r\n        height:50px;\r\n        margin-top: 20px;\r\n        font-size:  1.8em;\r\n\t\tcolor: black;\r\n    }\r\n\r\n    #rate-console{\r\n        width: 80%;\r\n        text-align: center;\r\n        height:250px;\r\n\t\tpadding: 10px;\r\n\t\tmargin: 0 auto;\r\n        resize: none;\r\n\t\tcolor: #03fc07;\r\n        border:3px solid #03fc07;\r\n        border-top: none; \r\n        font-size: 1.2em;\r\n        overflow-y: scroll;\r\n        overflow-x: hidden;\r\n        outline: none;\r\n        cursor: default;\r\n\t\tbackground: #111;\r\n    }\r\n\t\r\n#start-stop, #reset {\r\n\t position: relative;\r\ncursor:pointer;\r\n  display: block;\r\n  margin: 10px auto;\r\n\r\n  overflow: hidden;\r\n\r\n  border-width: 0;\r\n  outline: none;\r\n  border-radius: 5px;\r\n  max-width: 480px;\r\n  min-width: 240px;\r\n  background-color: #F2601D;\r\n  color: #fff !important;\r\n  text-align: center;\r\n\r\n  transition: background-color .3s;\r\n}\r\n\r\n#start-stop:hover, #start-stop:focus, #reset:hover, #reset:focus {\r\n  background-color: #F2601D;\r\n}\r\n\r\n#start-stop, #reset > * {\r\n  position: relative;\r\n}\r\n\r\n#start-stop span, #reset span {\r\n  display: block;\r\n  padding: 12px 24px;\r\n}\r\n\r\n#start-stop:before, #reset:before {\r\n  \r\n  content:'';\r\n  position: absolute;\r\n  top: 50%;\r\n  left: 50%;\r\n  \r\n  display: block;\r\n  width: 0;\r\n  padding-top: 0;\r\n    \r\n  border-radius: 100%;\r\n  \r\n  background-color: rgba(236, 240, 241, .3);\r\n  \r\n  -webkit-transform: translate(-50%, -50%);\r\n  -moz-transform: translate(-50%, -50%);\r\n  -ms-transform: translate(-50%, -50%);\r\n  -o-transform: translate(-50%, -50%);\r\n  transform: translate(-50%, -50%);\r\n}\r\n\r\n#start-stop:active:before, #reset:active:before {\r\n  width: 120%;\r\n  padding-top: 120%;\r\n  \r\n  transition: width .2s ease-out, padding-top .2s ease-out;\r\n}\r\n\r\ntextarea {\r\ndisplay: block;\r\nmargin-left:auto;\r\nmargin-right:auto;\r\n\r\n}\r\n   \r\n    <\/style> \r\n\r\n<div id=\"rate-container\">\r\n   <div id=\"rate-checker\">\r\n      <div id=\"rate-numbers\">\r\n         <p>Average: <span id=\"rate-avg\">0<\/span> Hz, maximum: <span id=\"rate-max\">0<\/span> Hz<\/p>\r\n      <\/div>\r\n   <\/div>\r\n   <div id=\"start-stop\"><span>Click to Start<\/span><\/div>\r\n   <div class=\"rows\">\r\n      <div class=\"col\"><textarea id=\"rate-console\" readonly=\"\"><\/textarea><\/div>\r\n      <button id=\"reset\"><span>Reset<\/span><\/button>\r\n   <\/div>\r\n<\/div>\r\n\r\n\r\n\r\n\r\n<script>\r\n  var fps = 5;\r\nvar count = 0;\r\nvar tick = 0;\r\nvar totalMoves = 0;\r\nvar maxValue = 0;\r\nvar timer = null;\r\n\r\nfunction updateCount() {\r\n    tick++;\r\n    totalMoves += count;\r\n    var value = (count * fps);\r\n    jQuery('#rate-console').append(value + 'HZ\\n');\r\n    var psconsole = jQuery('#rate-console');\r\n    if (psconsole.length)\r\n        psconsole.scrollTop(psconsole[0].scrollHeight - psconsole.height());\r\n    var avgValue = Math.ceil((fps * totalMoves) \/ tick);\r\n    if (value > maxValue)\r\n        maxValue = value;\r\n    jQuery('#rate-avg').html(avgValue);\r\n    jQuery('#rate-max').html(maxValue);\r\n    count = 0;\r\n    if (tick > 3 * fps) {\r\n        tick = 0;\r\n        totalMoves = 0;\r\n    }\r\n}\r\n\r\nfunction valloop(bas) {\r\n    var event = 'getCoalescedEvents' in bas ? bas.getCoalescedEvents() : [bas];\r\n    for (e in event) {\r\n        count++;\r\n    }\r\n}\r\n\r\nfunction checkRate() {\r\n    count = 0;\r\n    tick = 0;\r\n    totalMoves = 0;\r\n    if (timer) {\r\n        clearInterval(timer);\r\n        document.removeEventListener('pointermove', valloop);\r\n        timer = null;\r\n        jQuery('#start-stop').html('<span>Click to Start<\/span>');\r\n    } else {\r\n        document.addEventListener('pointermove', valloop);\r\n        if (timer) {\r\n            clearInterval(timer);\r\n        }\r\n        timer = setInterval(updateCount, 1000 \/ fps);\r\n        jQuery('#start-stop').html('<span>Click to Stop<\/span>');\r\n    }\r\n}\r\njQuery(function() {\r\n    jQuery(\"#start-stop\").click(checkRate);\r\n    jQuery(\"#reset\").click(function() {\r\n        location.reload();\r\n    });\r\n});\r\n<\/script>\r\n\n\n\n\n<div style=\"height:5px\" aria-hidden=\"true\" class=\"wp-block-spacer\"><\/div>\n\n\n\n<h2 class=\"wp-block-heading\">Mouse Rate Checker<\/h2>\n\n\n\n<p>Da es die Abfragerate in Hz sch\u00e4tzt, wird das Tool Rate Checker manchmal auch als Mouse Hz Checker bezeichnet. Er z\u00e4hlt, wie oft Ihre Maus Informationen an den Computer sendet und wertet diese in Hz aus.  <\/p>\n\n\n\n<h2 class=\"wp-block-heading\">Test der Maus-Abrufrate<\/h2>\n\n\n\n<p>Die H\u00e4ufigkeit, mit der die Maus den verbundenen PC oder Computer \u00fcber ihre Position informiert, wird als Polling-Rate bezeichnet. Die Abfragerate kann in Hz oder TPS angegeben werden.<\/p>\n\n\n\n<p>Wenn Sie gerne Videospiele spielen, m\u00fcssen Sie sich dar\u00fcber im Klaren sein, wie wichtig die Mausabrufrate ist. Nehmen wir an, Sie haben nur eine Sekunde Zeit, um zu schie\u00dfen oder Ihren Gegner zu treffen, aber Ihre Mausabrufrate ist niedrig.<\/p>\n\n\n\n<p>Dann ist es gut m\u00f6glich, dass du das Spiel verlierst und dein Rivale schneller schie\u00dft als du. Sie sollten sich dar\u00fcber im Klaren sein, dass die Maus umso h\u00e4ufiger mit ihrem Standort auf dem Computer kommuniziert, je h\u00f6her die Polling-Rate ist.<\/p>\n\n\n\n<p>H\u00f6here Abrufraten sind zwar ein Vorteil f\u00fcr das Spielen und werden von den Spielern in der Regel bevorzugt. Auf Low-End-Rechnern kann dies gelegentlich zu Problemen f\u00fchren, da Sie h\u00e4ufiger Berichte erstellen und Ihr System auf Trab halten.<\/p>\n\n\n\n<h2 class=\"wp-block-heading\">Was ist eine gute Abfragequote?<\/h2>\n\n\n\n<p>Bei Spielen, in denen Sie die Maus schnell bewegen, ist die Anzahl der Abrufe sehr wichtig. F\u00fcr die meisten Menschen ist eine Frequenz von 500 Hz f\u00fcr diese Funktion geeignet und ausreichend. Profis und erfahrene Gamer bevorzugen jedoch M\u00e4use mit einer Abtastrate von 1000 oder mehr.<\/p>\n\n\n<div class=\"wp-block-image\">\n<figure class=\"aligncenter size-full\"><img loading=\"lazy\" decoding=\"async\" width=\"1000\" height=\"500\" src=\"https:\/\/cpstesters.com\/wp-content\/uploads\/2022\/09\/Mouse-checker.jpg\" alt=\"Mouse Rate Checker\" class=\"wp-image-548\" title=\"\" srcset=\"https:\/\/cpstesters.com\/wp-content\/uploads\/2022\/09\/Mouse-checker.jpg 1000w, https:\/\/cpstesters.com\/wp-content\/uploads\/2022\/09\/Mouse-checker-300x150.jpg 300w, https:\/\/cpstesters.com\/wp-content\/uploads\/2022\/09\/Mouse-checker-768x384.jpg 768w\" sizes=\"auto, (max-width: 1000px) 100vw, 1000px\" \/><figcaption class=\"wp-element-caption\">Mouse Rate Checker<\/figcaption><\/figure>\n<\/div>\n\n\n<p>Zwischen diesen beiden gibt es keinen gro\u00dfen Unterschied: Die Meldezeit einer 1000-Hz-Maus betr\u00e4gt 1 Millisekunde, w\u00e4hrend die einer 500-Hz-Maus 2 Millisekunden betr\u00e4gt. Stellen Sie sich 1 ms Latenz als einen um 1 ms h\u00f6heren Ping vor, der Ihr Spielerlebnis nicht wesentlich beeintr\u00e4chtigt. Die 500-Hz-Maus f\u00fchlt sich auch geschmeidiger an. W\u00e4hlen Sie entsprechend.<\/p>\n\n\n\n<p class=\"has-text-align-center has-base-background-color has-background has-medium-font-size\"><em>Sie k\u00f6nnen auch unseren <a href=\"https:\/\/cpstesters.com\/de\/maus-scroll-test\/\" target=\"_blank\" rel=\"noreferrer noopener\">Mouse Scroll Test<\/a> ausprobieren<\/em><\/p>\n\n\n\n<h2 class=\"wp-block-heading\">Schritte zur Verwendung des Mouse Rate Checker Tools<\/h2>\n\n\n\n<p>Auch wenn die Durchf\u00fchrung des Tests der Mausabrufrate einfach ist, ist es immer eine gute Idee, die Anweisungen zu lesen, bevor Sie einen Test beginnen.<\/p>\n\n\n\n<ul class=\"wp-block-list\">\n<li>Das Tool verf\u00fcgt \u00fcber eine Starttaste, die, wenn sie gedr\u00fcckt wird, dazu f\u00fchrt, dass das Tool die Polling-Rate Ihrer Maus in Hertz (HZ) anzeigt.<\/li>\n\n\n\n<li>Sie k\u00f6nnen die maximale und die durchschnittliche Abrufrate \u00fcber der Starttaste anzeigen. Es werden Echtzeittarife verwendet.<\/li>\n\n\n\n<li>Sobald die Stopptaste gedr\u00fcckt wird, wird der Vorgang sofort beendet.<\/li>\n\n\n\n<li>Sie k\u00f6nnen nun schnell Ihre aufgezeichneten HZ-Raten \u00fcberpr\u00fcfen.<\/li>\n\n\n\n<li>Sie k\u00f6nnen ihn schnell neu starten, wenn die aufgezeichnete Rate Sie nicht zufrieden stellt.<\/li>\n<\/ul>\n\n\n\n<h2 class=\"wp-block-heading\">Merkmale des Abrufraten-Tests<\/h2>\n\n\n\n<p>Unser Test ist wie andere Tests auf unserer Website ziemlich einfach und leicht zu bedienen.<\/p>\n\n\n\n<p>Dieser Test hat einfache, aber faszinierende Funktionen, die Ihnen helfen, die Arbeit ohne Schwierigkeiten zu erledigen. Im Folgenden sind einige der wichtigsten Merkmale dieses Tests aufgef\u00fchrt:<\/p>\n\n\n\n<ul class=\"wp-block-list\">\n<li>Ohne eine komplizierte Software herunterladen zu m\u00fcssen, k\u00f6nnen Sie die Abrufrate Ihrer Maus und Ihres Touchpads sofort online testen.<\/li>\n\n\n\n<li>Die Ergebnisse des Tests sind kurz und b\u00fcndig, so dass Sie die Informationen nutzen k\u00f6nnen, um die Abfragerate Ihres Ger\u00e4ts an Ihre Bed\u00fcrfnisse anzupassen.<\/li>\n\n\n\n<li>Bei diesem Test wird die Abfragerate quantifiziert und in Hertz (Hz) angegeben. Der Test ist auch als Maus-Hertz-Test bekannt.<\/li>\n<\/ul>\n\n\n\n<h2 class=\"wp-block-heading has-text-align-center\">FAQ&#8217;s<\/h2>\n\n\n\n<h3 class=\"wp-block-heading\"><strong>Wie \u00fcberpr\u00fcfe ich meine Maus Hz?<\/strong><\/h3>\n\n\n\n<p>Alles, was Sie nach dem Besuch der Website tun m\u00fcssen, ist mit der Maus zu klicken und den Mauszeiger \u00fcber den leeren Platz auf der Seite zu bewegen. Auf der rechten Seite des Bildschirms k\u00f6nnen Sie neben der durchschnittlichen Rate des Maus-Hz-Tests auch die aktuelle Polling-Rate Ihrer Maus anzeigen.<\/p>\n\n\n\n<h3 class=\"wp-block-heading\"><strong>Was ist eine gute Umfragerate?<\/strong><\/h3>\n\n\n\n<p>Die meisten Leute werden 500 Hz als mehr als ausreichend empfinden. Erfahrenen und professionellen Spielern wird jedoch dringend empfohlen, eine Polling-Rate von 1000 Hz zu verwenden.<\/p>\n\n\n\n<h3 class=\"wp-block-heading\"><strong>Ist eine Abfragerate von 1000 Hz gut?<\/strong><\/h3>\n\n\n\n<p>Die Mausposition wird jede Millisekunde mit 1000 Hz aktualisiert, wie Sie zun\u00e4chst verstehen m\u00fcssen. Mit der 1000Hz-Maus k\u00f6nnen Sie schneller zielen. F\u00fcr Spiele, die schnelle Reaktionen, Genauigkeit und Feingef\u00fchl erfordern, ist eine hohe Abfragerate von 1000 Hz entscheidend.<\/p>\n\n\n\n<h3 class=\"wp-block-heading\"><strong>Ist eine Abfragerate von 500 Hz gut?<\/strong><\/h3>\n\n\n\n<p>Alle zwei Ticks wird die Position der Maus mit einer Polling-Rate von 500 Hz aktualisiert. Ihr Ziel wird bei 500 Hz weicher.<\/p>\n\n\n\n<h3 class=\"wp-block-heading\"><strong>Kann eine Gaming-Maus mit bis zu 1000 Hz arbeiten?<\/strong><\/h3>\n\n\n\n<p>Auch wenn Ihre Gaming-Maus eine maximale Frequenz von 1000 Hz hat, kann die Standardeinstellung niedriger sein. Es gibt mehrere Methoden, mit denen Sie die Polling-Rate Ihrer Maus \u00fcberpr\u00fcfen k\u00f6nnen. Um die Polling-Rate Ihrer Maus zu \u00fcberpr\u00fcfen, verwenden Sie unser Online-Tool Mouse Rate Checker.<\/p>\n\n\n\n<h2 class=\"wp-block-heading\">Letzte Worte zum Maus-Hertz-Test<\/h2>\n\n\n\n<p>Dieser Maus-Checker ist ein wunderbares Werkzeug. Ihre Maus-Response-Rate wird mit diesem einzigartigen Tool berechnet. Hier erfahren Sie mehr \u00fcber die grundlegenden Einstellungen der Maus. In K\u00fcrze werden wir mehr \u00fcber Ihre Mausabrufrate erfahren. Mit diesem Tool werden Sie von komplizierten Einstellungen und Verfahren abgeschirmt. Wir hoffen, dass Sie von unseren verschiedenen Tools beeindruckt sein werden.<\/p>\n\n\n\n<p>Andere Tests, die Ihnen gefallen k\u00f6nnten:<\/p>\n\n\n\n<ul class=\"wp-block-list\">\n<li><a href=\"https:\/\/cpstesters.com\/de\/double-click-test\/\" target=\"_blank\" rel=\"noreferrer noopener\">Doppelklick-Test<\/a><\/li>\n\n\n\n<li><a href=\"https:\/\/cpstesters.com\/de\/click-counter\/\" target=\"_blank\" rel=\"noreferrer noopener\">Klick-Z\u00e4hler<\/a><\/li>\n\n\n\n<li><a href=\"https:\/\/cpstesters.com\/de\/maustest\/\" target=\"_blank\" rel=\"noreferrer noopener\">Maus-Test<\/a><\/li>\n\n\n\n<li><a href=\"https:\/\/cpstesters.com\/de\/apm-test\/\" target=\"_blank\" rel=\"noreferrer noopener\">APM-Test<\/a><\/li>\n\n\n\n<li><a href=\"https:\/\/cpstesters.com\/de\/aim-trainer\/\" target=\"_blank\" rel=\"noreferrer noopener\">Ziel-Trainer<\/a><\/li>\n<\/ul>\n","protected":false},"excerpt":{"rendered":"<p>Mouse Rate Checker ist ein Online-Tool f\u00fcr Benutzer, um ihre Polling-Rate in Hertz zu \u00fcberpr\u00fcfen und die Maus zu testen, probieren Sie es jetzt aus! &#8230; <\/p>\n<p class=\"read-more-container\"><a title=\"Maus-Raten-Checker | Polling-Rate Hz-Test online\" class=\"read-more button\" href=\"https:\/\/cpstesters.com\/de\/mouse-rate-checker\/#more-2876\" aria-label=\"Mehr Informationen \u00fcber Maus-Raten-Checker | Polling-Rate Hz-Test online\">Read More<\/a><\/p>\n","protected":false},"author":4,"featured_media":1460,"parent":0,"menu_order":0,"comment_status":"closed","ping_status":"closed","template":"","meta":{"footnotes":""},"class_list":["post-2876","page","type-page","status-publish","has-post-thumbnail"],"_links":{"self":[{"href":"https:\/\/cpstesters.com\/de\/wp-json\/wp\/v2\/pages\/2876","targetHints":{"allow":["GET"]}}],"collection":[{"href":"https:\/\/cpstesters.com\/de\/wp-json\/wp\/v2\/pages"}],"about":[{"href":"https:\/\/cpstesters.com\/de\/wp-json\/wp\/v2\/types\/page"}],"author":[{"embeddable":true,"href":"https:\/\/cpstesters.com\/de\/wp-json\/wp\/v2\/users\/4"}],"replies":[{"embeddable":true,"href":"https:\/\/cpstesters.com\/de\/wp-json\/wp\/v2\/comments?post=2876"}],"version-history":[{"count":6,"href":"https:\/\/cpstesters.com\/de\/wp-json\/wp\/v2\/pages\/2876\/revisions"}],"predecessor-version":[{"id":5742,"href":"https:\/\/cpstesters.com\/de\/wp-json\/wp\/v2\/pages\/2876\/revisions\/5742"}],"wp:featuredmedia":[{"embeddable":true,"href":"https:\/\/cpstesters.com\/de\/wp-json\/wp\/v2\/media\/1460"}],"wp:attachment":[{"href":"https:\/\/cpstesters.com\/de\/wp-json\/wp\/v2\/media?parent=2876"}],"curies":[{"name":"wp","href":"https:\/\/api.w.org\/{rel}","templated":true}]}}