{"id":2874,"date":"2024-07-16T14:38:12","date_gmt":"2024-07-16T14:38:12","guid":{"rendered":"https:\/\/cpstesters.com\/maus-genauigkeitstest-mausklick-genauigkeit-praezision\/"},"modified":"2024-09-17T15:45:19","modified_gmt":"2024-09-17T15:45:19","slug":"maus-genauigkeitstest","status":"publish","type":"page","link":"https:\/\/cpstesters.com\/de\/maus-genauigkeitstest\/","title":{"rendered":"Maus-Genauigkeitstest | Mausklick-Genauigkeit Pr\u00e4zision"},"content":{"rendered":"\n<p>Der Maus-Genauigkeitstest ist ein Online-Spiel-Tool, das verwendet wird, um die Klickgenauigkeit und Pr\u00e4zision Ihres Zeigers zu bestimmen. Pr\u00fcfen Sie das Tool jetzt!<\/p>\n<link href=\"\/wp-content\/themes\/generatepress\/tools\/assets\/css\/aim.css?v=15\" rel=\"stylesheet\">\r\n\r\n<div class=\"aim-container\">\r\n      <div>\r\n        <div class=\"highscore-info\">Highscore: <span class=\"current-highscore\"><\/span><\/div>\r\n        <div class=\"info\">\r\n            <div class=\"score-bar\"><i class=\"im im-target\"><\/i> <span style=\"color:white\" class=\"score\">0<\/span><\/div>\r\n            <div class=\"health-bar\"><i class=\"im im-heart small\"><\/i> <span class=\"health\">0<\/span><\/div>\r\n            <div class=\"time-bar\"><\/i><i class=\"im im-timer small\"><\/i> <span class=\"time\">0<\/span><\/div>\r\n        <\/div>\r\n      <\/div>\r\n      <div class=\"board\"><\/div>\r\n      <div class=\"gameover modal\">\r\n        <div class=\"gameover-content\">\r\n          <p class=\"aim-header\">GAMEOVER<\/p>\r\n          <p class=\"highscore\"><\/p>\r\n          <p><i class=\"im im-target small\"><\/i>Score :&nbsp;<span class=\"score\">0<\/span><\/p>\r\n          <p><i class=\"im im-timer small\"><\/i>Time :&nbsp;<span class=\"time\">0<\/span><\/p>\r\n          <button class=\"restart-btn\">Restart<\/button>\r\n        <\/div>\r\n      <\/div>\r\n      <button style=\"color:white\" class=\"start-btn\">Start<\/button>\r\n  \r\n    <\/div>\r\n\r\n\r\n\r\n   \r\n<script type=\"text\/javascript\">\r\n    var keyboard_code = 'english';\r\n    var keyboard_settings = {\"layout\":{\"default\":[\"` 1 2 3 4 5 6 7 8 9 0 - = {backspace}\",\"{tab} q w e r t y u i o p [ ] \\\\\",\"{capslock} a s d f g h j k l ; ' {enter}\",\"{shiftleft} z x c v b n m , . \\\/ {shiftright}\",\".com @ {space}\"],\"shift\":[\"` 1 2 3 4 5 6 7 8 9 0 - = {backspace}\",\"{tab} q w e r t y u i o p [ ] \\\\\",\"{capslock} a s d f g h j k l ; ' {enter}\",\"{shiftleft} z x c v b n m , . \\\/ {shiftright}\",\".com @ {space}\"]},\"display\":{\"{escape}\":\"esc\",\"{tab}\":\"tab\",\"{backspace}\":\"backspace\",\"{enter}\":\"< enter\",\"{capslock}\":\"caps\",\"{shiftleft}\":\"shift\",\"{shiftright}\":\"shift\",\"{controlleft}\":\"ctrl\",\"{controlright}\":\"ctrl\",\"{altleft}\":\"alt\",\"{altright}\":\"alt\",\"{metaleft}\":\"cmd\",\"{metaright}\":\"cmd\",\"{space}\":\" \"}};\r\n    var keyboard_is_tester = true;\r\n\t                     var monitoringClickEvent = 'left';\r\n\r\n<\/script>\r\n\r\n<script src=\"\/wp-content\/themes\/generatepress\/tools\/assets\/js\/aim.js?v=9\"><\/script>\r\n\n\n<p><\/p>\n\n<div style=\"height:5px\" aria-hidden=\"true\" class=\"wp-block-spacer\"><\/div>\n\n<h2 class=\"wp-block-heading\">Maus-Genauigkeitstest<\/h2>\n\n<p>Mit dem Online-Spiel Mouse Accuracy Test k\u00f6nnen die Nutzer ihre Mausgenauigkeit testen und verbessern. Man kann die Geschwindigkeit der Mausklicks erh\u00f6hen und gleichzeitig die Genauigkeit beibehalten. Das Spiel ist f\u00fcr Spieler aller Spielst\u00e4rken geeignet, sogar f\u00fcr Experten.<\/p>\n\n<p>Das einfache Ziel des Tests ist es, Ihnen dabei zu helfen, Ihre Mausgenauigkeit und -geschwindigkeit f\u00fcr das T\u00f6ten und Schie\u00dfen in Videospielen zu trainieren und zu verbessern. Gelegenheits-Computerbenutzer k\u00f6nnen das Spiel genie\u00dfen, w\u00e4hrend sein Hauptzweck darin besteht, Spielern zu helfen, ihre Mausklickgeschwindigkeit, Flexibilit\u00e4t und Genauigkeit zu verbessern.<\/p>\n\n<p>Ein Test, der die Genauigkeit der Maus misst, misst, wie genau Sie in einer bestimmten Zeitspanne auf Ziele klicken. Dies macht ihn zum mitunter anspruchsvollsten Maustest, der auch als Klickgenauigkeitstest bezeichnet werden kann. F\u00fcr Spieler sind jedoch praktische Pr\u00fcfungen am besten geeignet. Nach der Teilnahme an diesem Test wird Ihre Leistung deutlich besser sein.<\/p>\n\n<p>Andererseits hat das Klicken bei bestimmten Arten von Spielen einige Vorteile gegen\u00fcber der <a href=\"https:\/\/computer.howstuffworks.com\/mouse5.htm\" target=\"_blank\" rel=\"noreferrer noopener\">Genauigkeit der Maus<\/a>. Dabei geht es darum, innerhalb einer bestimmten Zeitspanne schnell zu klicken, wobei ein hoher CPS-Wert das Ziel ist. W\u00e4hlen Sie beim Klickgenauigkeitstest zwischen Einstellungen von 5 Sekunden bis 100 Sekunden.  <\/p>\n<div class=\"wp-block-image\">\n<figure class=\"aligncenter size-full\"><img loading=\"lazy\" decoding=\"async\" width=\"1000\" height=\"500\" src=\"https:\/\/cpstesters.com\/wp-content\/uploads\/2022\/09\/accuracy.jpg\" alt=\"Maus-Genauigkeitstest\" class=\"wp-image-575\" title=\"\" srcset=\"https:\/\/cpstesters.com\/wp-content\/uploads\/2022\/09\/accuracy.jpg 1000w, https:\/\/cpstesters.com\/wp-content\/uploads\/2022\/09\/accuracy-300x150.jpg 300w, https:\/\/cpstesters.com\/wp-content\/uploads\/2022\/09\/accuracy-768x384.jpg 768w\" sizes=\"auto, (max-width: 1000px) 100vw, 1000px\" \/><figcaption class=\"wp-element-caption\">Maus-Genauigkeitstest<\/figcaption><\/figure>\n<\/div>\n<h2 class=\"wp-block-heading\">Schritte zum Spielen des Klick-Genauigkeitstests<\/h2>\n\n<p>Nutzen Sie diesen Test und befolgen Sie die Anweisungen, um die Genauigkeit Ihrer Maus zu verbessern.<\/p>\n\n<ul class=\"wp-block-list\">\n<li>Klicken Sie auf die Schaltfl\u00e4che &#8220;Start&#8221;, die sich unter den Einstellungsoptionen befindet, wenn Sie bereit sind, das Spiel zu beginnen.<\/li>\n\n\n\n<li>Ein Countdown beginnt, sobald Sie die Schaltfl\u00e4che Start ber\u00fchren. Sie sollten diese Zeit nutzen, um sich auf die Pr\u00fcfung vorzubereiten.<\/li>\n\n\n\n<li>Nachdem der Countdown abgelaufen ist, tauchen auf dem Bildschirm zuf\u00e4llig mehrere Zielkreise auf.<\/li>\n\n\n\n<li>Ihr Ziel ist es, mit dem Mauszeiger auf die Zielkreise zu klicken, solange sie noch sichtbar sind.<\/li>\n\n\n\n<li>W\u00e4hrend des Zeitraums werden diese Ziele weiterhin auf dem Bildschirm angezeigt, den Sie in den Einstellungsoptionen gew\u00e4hlt haben.<\/li>\n\n\n\n<li>Gerade als der Timer abl\u00e4uft, sehen Sie einen weiteren 5-Sekunden-Countdown.<\/li>\n\n\n\n<li>Ihre Ergebnisse, wie z. B. die Gesamtzahl der Klicks, die Gesamtzahl der Ziele, die Klickgenauigkeit, die Effizienz usw., werden nach Ablauf dieses Zeitraums angezeigt.<\/li>\n\n\n\n<li>In der Ergebnisanzeige k\u00f6nnen Sie auf die Schaltfl\u00e4che &#8220;Neustart&#8221; klicken, um den Test zu wiederholen.<\/li>\n<\/ul>\n\n<p class=\"has-text-align-center has-base-background-color has-background has-medium-font-size\"><em>Pr\u00fcfen Sie auch unser <a href=\"https:\/\/cpstesters.com\/de\/maustest\/\" target=\"_blank\" rel=\"noreferrer noopener\">Maus-Test-Tool<\/a>, um Ihre Maus vollst\u00e4ndig zu \u00fcberpr\u00fcfen!<\/em><\/p>\n\n<h2 class=\"wp-block-heading has-text-align-center\">FAQ&#8217;s<\/h2>\n\n<h3 class=\"wp-block-heading\"><strong>Wie kann ich feststellen, ob meine Maus genau ist?<\/strong><\/h3>\n\n<p>Der Maus-Genauigkeitstest bewertet die Geschwindigkeit und Pr\u00e4zision, mit der Sie die Maus bewegen. Es gen\u00fcgt, den Ball in der Kurve bis zum zweiten Ende zu schieben, an dem er befestigt ist. Versuchen Sie, so schnell wie m\u00f6glich zu sein und gleichzeitig darauf zu achten, nicht aus der Kurve zu fliegen.<\/p>\n\n<h3 class=\"wp-block-heading\"><strong>Wie kann ich meinen Mauszeiger testen?<\/strong><\/h3>\n\n<p>Sie k\u00f6nnen den auf unserer Website verf\u00fcgbaren Maustastentest ausprobieren. Dieser Test liefert Ihnen genaue Ergebnisse \u00fcber den Mauszeiger und auch \u00fcber andere Tasten.<\/p>\n\n<h3 class=\"wp-block-heading\"><strong>Wie kann ich die FPS-Genauigkeit meiner Maus erh\u00f6hen?<\/strong><\/h3>\n\n<p>Vergewissern Sie sich, dass die Mausbeschleunigung deaktiviert ist, da sonst pr\u00e4zise Zielbewegungen sehr viel schwieriger werden. Eine niedrige Empfindlichkeitsstufe bietet Ihnen zwar mehr Leistung f\u00fcr feine Bewegungen, zwingt Sie aber auch dazu, Ihren Ellbogen anstelle Ihres Handgelenks zu bewegen, um die Maus flexibel zu machen.<\/p>\n\n<p>Tools, die Ihnen gefallen k\u00f6nnten:<\/p>\n\n<ul class=\"wp-block-list\">\n<li><a href=\"https:\/\/cpstesters.com\/de\/apm-test\/\" target=\"_blank\" rel=\"noreferrer noopener\">APM-Test <\/a><\/li>\n\n\n\n<li><a href=\"https:\/\/cpstesters.com\/de\/mouse-rate-checker\/\" target=\"_blank\" rel=\"noreferrer noopener\">Mouse Rate Checker<\/a><\/li>\n\n\n\n<li><a href=\"https:\/\/cpstesters.com\/de\/double-click-test\/\" target=\"_blank\" rel=\"noreferrer noopener\">Doppelklick-Test<\/a><\/li>\n\n\n\n<li><a href=\"https:\/\/cpstesters.com\/de\/maus-scroll-test\/\" target=\"_blank\" rel=\"noreferrer noopener\">Maus-Scroll-Test<\/a><\/li>\n\n\n\n<li><a href=\"https:\/\/cpstesters.com\/de\/aim-trainer\/\" target=\"_blank\" rel=\"noreferrer noopener\">Ziel-Trainer<\/a><\/li>\n<\/ul>\n","protected":false},"excerpt":{"rendered":"<p>Der Maus-Genauigkeitstest ist ein Online-Spiel-Tool, das verwendet wird, um die Klickgenauigkeit und Pr\u00e4zision Ihres Zeigers zu bestimmen. Pr\u00fcfen Sie das Tool jetzt! Maus-Genauigkeitstest Mit dem &#8230; <\/p>\n<p class=\"read-more-container\"><a title=\"Maus-Genauigkeitstest | Mausklick-Genauigkeit Pr\u00e4zision\" class=\"read-more button\" href=\"https:\/\/cpstesters.com\/de\/maus-genauigkeitstest\/#more-2874\" aria-label=\"Mehr Informationen \u00fcber Maus-Genauigkeitstest | Mausklick-Genauigkeit Pr\u00e4zision\">Read More<\/a><\/p>\n","protected":false},"author":4,"featured_media":1556,"parent":0,"menu_order":0,"comment_status":"closed","ping_status":"closed","template":"","meta":{"footnotes":""},"class_list":["post-2874","page","type-page","status-publish","has-post-thumbnail"],"_links":{"self":[{"href":"https:\/\/cpstesters.com\/de\/wp-json\/wp\/v2\/pages\/2874","targetHints":{"allow":["GET"]}}],"collection":[{"href":"https:\/\/cpstesters.com\/de\/wp-json\/wp\/v2\/pages"}],"about":[{"href":"https:\/\/cpstesters.com\/de\/wp-json\/wp\/v2\/types\/page"}],"author":[{"embeddable":true,"href":"https:\/\/cpstesters.com\/de\/wp-json\/wp\/v2\/users\/4"}],"replies":[{"embeddable":true,"href":"https:\/\/cpstesters.com\/de\/wp-json\/wp\/v2\/comments?post=2874"}],"version-history":[{"count":4,"href":"https:\/\/cpstesters.com\/de\/wp-json\/wp\/v2\/pages\/2874\/revisions"}],"predecessor-version":[{"id":4318,"href":"https:\/\/cpstesters.com\/de\/wp-json\/wp\/v2\/pages\/2874\/revisions\/4318"}],"wp:featuredmedia":[{"embeddable":true,"href":"https:\/\/cpstesters.com\/de\/wp-json\/wp\/v2\/media\/1556"}],"wp:attachment":[{"href":"https:\/\/cpstesters.com\/de\/wp-json\/wp\/v2\/media?parent=2874"}],"curies":[{"name":"wp","href":"https:\/\/api.w.org\/{rel}","templated":true}]}}