{"id":2871,"date":"2024-07-16T14:26:24","date_gmt":"2024-07-16T14:26:24","guid":{"rendered":"https:\/\/cpstesters.com\/touchscreen-test-online-multi-touch-tester\/"},"modified":"2024-09-17T16:29:00","modified_gmt":"2024-09-17T16:29:00","slug":"touch-screen-test","status":"publish","type":"page","link":"https:\/\/cpstesters.com\/de\/touch-screen-test\/","title":{"rendered":"Touchscreen-testen online | Mehrfarbig Touch-tester"},"content":{"rendered":"\n<p>Mobile &amp; Laptop Touchscreen-Test ist ein Werkzeug, um zu \u00fcberpr\u00fcfen, ob Ihr Ger\u00e4t Touch ist richtig funktioniert oder nicht, \u00fcberpr\u00fcfen Sie es jetzt!<\/p>\n<style>\r\n        #box {\r\n            position:relative;\r\n            width:100%; \r\n            background-color:#FFB15E;\r\n            font-size: 2rem; \r\n            margin-bottom:20px;\r\n\t\t\tcolor:white;\r\n\t\t\tpadding-top:50px;\r\n\t\t\tpadding-bottom:50px;\r\n\t\t\ttext-align:center;\r\n        }\r\n        #box.fullscreen{\r\n            background-color: #2d2d2d;\r\n            position:fixed;\r\n            top: 0px;\r\n            left: 0px;\r\n            height: 100%!important;;\r\n        }\r\n        .point{\r\n            border-radius:50%;\r\n            width:30px;\r\n            height:30px;\r\n            background-color:red;\r\n            position:fixed;\r\n        }\r\n        #fs-button{\r\n            width:30px;\r\n            height:30px;\r\n            position:absolute;\r\n            bottom:5px;\r\n            right:5px;\r\n            background-image: url(\"data:image\/svg+xml,%3Csvg xmlns='http:\/\/www.w3.org\/2000\/svg' width='30' height='30' viewBox='0 0 14 14' fill='%23dddddd'%3E%3Cpath d='M2,9H0v5h5v-2H2V9z M0,5h2V2h3V0H0V5z M12,12H9v2h5V9h-2V12z M9,0v2h3v3h2V0H9z'\/%3E%3C\/svg%3E\");\r\n        }\r\n        .fullscreen #fs-button\r\n        {\r\n            background-image: url(\"data:image\/svg+xml,%3Csvg xmlns='http:\/\/www.w3.org\/2000\/svg' width='30' height='30' viewBox='0 0 14 14' fill='%23dddddd'%3E%3Cpath d='M0,11h3v3h2V9H0V11z M3,3H0v2h5V0H3V3z M9,14h2v-3h3V9H9V14z M11,3V0H9v5h5V3H11z'\/%3E%3C\/svg%3E\");\r\n        }\r\n        .current-touch, .max-touch, #box{\r\n            text-align: center;\r\n        }\r\n        .current-touch, .max-touch{\r\n            font-size: 5rem; \r\n        }\r\n    <\/style>\r\n\r\n<div id=\"box\">\r\n        <div id=\"info\">\r\n            <div class=\"row\"><div class=\"col d-flex align-items-center justify-content-end p-0\" style=\"font-size:1rem\">current<\/div><div class=\"current-touch col p-0\">0<\/div><div class=\"col p-0\"><\/div><\/div>\r\n            <div class=\"row\"><div class=\"col d-flex align-items-center justify-content-end p-0\" style=\"font-size:1rem\">max<\/div><div class=\"max-touch col p-0\">0<\/div><div class=\"col p-0\"><\/div><\/div>\r\n        <\/div>\r\n        \r\n    <\/div>   \r\n\r\n\r\n<script>\r\n    \r\nvar box = document.getElementById(\"box\");\r\nvar currnetTouchE = document.getElementsByClassName('current-touch')[0];\r\nvar maxTouchE = document.getElementsByClassName('max-touch')[0];\r\nvar maxTouch = 0;\r\n\r\nvar pointSize = 30;\r\n\r\nfunction updateTouch(number)\r\n{\r\n    currnetTouchE.innerHTML = number;\r\n    if (number>maxTouch) maxTouch = number;\r\n    maxTouchE.innerHTML = maxTouch;\r\n    \r\n}\r\n\r\n\r\nbox.addEventListener(\"touchstart\", handleStart, false);\r\nbox.addEventListener(\"touchend\", handleEnd, false);\r\nbox.addEventListener(\"touchcancel\", handleCancel, false);\r\nbox.addEventListener(\"touchmove\", handleMove, false);\r\n\/\/var ongoingTouches = [];\r\n\r\nfunction copyTouch({ identifier, pageX, pageY }) {\r\n  return { identifier, pageX, pageY };\r\n}\r\n\r\nfunction handleStart (e)\r\n{\r\n    var touches = e.changedTouches;\r\n    for (var i = 0; i < touches.length; i++)\r\n    {\r\n        var point = document.createElement('div');\r\n        \/\/ongoingTouches.push(copyTouch(touches[i]));\r\n        point.className = 'point';\r\n        point.id = 'touch-'+touches[i].identifier;\r\n        point.style.left = touches[i].clientX-pointSize\/2+'px';\r\n        point.style.top = touches[i].clientY-pointSize\/2+'px';\r\n        point.style.backgroundColor = colorForTouch(touches[i]);\r\n        document.body.appendChild(point);\r\n    }\r\n    updateTouch(e.touches.length);\r\n    e.preventDefault();\r\n}\r\n\r\nfunction handleMove(e)\r\n{\r\n    var touches = e.changedTouches;\r\n    for (var i = 0; i < touches.length; i++)\r\n    {\r\n        var point = document.getElementById('touch-'+touches[i].identifier);\r\n        point.style.left = touches[i].clientX-pointSize\/2+'px';\r\n        point.style.top = touches[i].clientY-pointSize\/2+'px';\r\n    }\r\n    updateTouch(e.touches.length);\r\n    e.preventDefault();\r\n}\r\n\r\nfunction handleEnd (e)\r\n{\r\n     var touches = e.changedTouches;\r\n     for (var i = 0; i < touches.length; i++) \r\n     {\r\n        setTimeout(function(){\r\n           \r\n        },200);\r\n       document.getElementById('touch-'+touches[i].identifier).remove();\r\n     }\r\n     updateTouch(e.touches.length);\r\n}\r\n\r\nfunction handleCancel (e)\r\n{\r\n    handleEnd(e);\r\n}\r\n\r\n\r\nfunction colorForTouch(touch) {\r\n    var color = \"#000000\";\r\n    switch(touch.identifier)\r\n    {\r\n        case 0: color = \"#ff0000\";break;\r\n        case 1: color = \"#ff00ff\";break;\r\n        case 2: color = \"#0000ff\";break;\r\n        case 3: color = \"#00ffff\";break;\r\n        case 4: color = \"#00ff00\";break;\r\n        case 5: color = \"#ffff00\";break;\r\n        case 6: color = \"#ffa800\";break;\r\n        default: color = \"#000000\";\r\n    }\r\n    return color;\r\n}\r\n\r\nif (!(typeof box.ontouchstart != \"undefined\")) { \r\n    box.innerHTML = '<p>This test cannot be used on device without touch screen.<\/p>\\n\\\r\n                     <p style=\"font-size:1rem;\">If you see this message, the test will not work.<\/p>   ';\r\n    box.style.backgroundColor = \"#FFB15E\";\r\n} \r\n<\/script>\n\n<div style=\"height:5px\" aria-hidden=\"true\" class=\"wp-block-spacer\"><\/div>\n\n<h2 class=\"wp-block-heading\">Touchscreen-Tester<\/h2>\n\n<p>Der Touchscreen-Test ist die Technik, die Sie zur Bewertung Ihres Bildschirms verwenden. Es gibt mehrere M\u00f6glichkeiten, diesen Test zur Identifizierung der toten Punkte anzuwenden. Dieser Tester verf\u00fcgt \u00fcber eine spezielle Technik, die Ihnen genau zeigt, wo die problematischen Bereiche liegen. Dabei werden die toten Punkte des Touchscreens und die F\u00fcnf-Punkt-Multitouch-Funktionalit\u00e4t \u00fcberpr\u00fcft.<\/p>\n\n<p>Der Touchscreen eines Smartphones muss getestet werden, um die Qualit\u00e4t und den Nutzen des Ger\u00e4ts zu \u00fcberpr\u00fcfen. Die Leistung eines Touchscreens kann mit einem einfachen Ber\u00fchrungstest bewertet werden. Die Ber\u00fchrungstests, von denen jeder eine andere Strategie verwendet, helfen Ihnen bei der Lokalisierung und Analyse von <a href=\"https:\/\/www.lifewire.com\/fixes-for-broken-touch-screen-4149514\" target=\"_blank\" rel=\"noreferrer noopener\">Problemen, die bei Ihrem Touchscreen<\/a> auftreten k\u00f6nnen.<\/p>\n\n<h2 class=\"wp-block-heading\">Wie testet man die Bildschirmber\u00fchrung?<\/h2>\n\n<p>Um den Test zu starten, ber\u00fchren Sie den Bildschirm auf der Innenseite der Box oben. Um zus\u00e4tzliche Finger zu platzieren, verwenden Sie die Option Vollbild in der rechten unteren Ecke des Testfelds. Wenn Ihr Ger\u00e4t oder Browser nicht kompatibel ist, wird ein spezieller Hinweis in der Box angezeigt.<\/p>\n\n<p>Probieren Sie den Multi-Touch-Test aus, wenn Sie nicht nach toten Punkten auf Ihrem Bildschirm suchen, sondern wissen m\u00f6chten, wie viele Finger das Ger\u00e4t erkennen kann. Es ist einer der einfachsten Multitouch-Tests f\u00fcr mobile Bildschirme und verf\u00fcgt \u00fcber keinerlei Zeichenwerkzeuge oder zus\u00e4tzliche Funktionen.<\/p>\n<div class=\"wp-block-image\">\n<figure class=\"aligncenter size-full\"><img loading=\"lazy\" decoding=\"async\" width=\"1000\" height=\"500\" src=\"https:\/\/cpstesters.com\/wp-content\/uploads\/2022\/09\/touch-test.jpg\" alt=\"Touchscreen-Test\" class=\"wp-image-551\" title=\"\" srcset=\"https:\/\/cpstesters.com\/wp-content\/uploads\/2022\/09\/touch-test.jpg 1000w, https:\/\/cpstesters.com\/wp-content\/uploads\/2022\/09\/touch-test-300x150.jpg 300w, https:\/\/cpstesters.com\/wp-content\/uploads\/2022\/09\/touch-test-768x384.jpg 768w\" sizes=\"auto, (max-width: 1000px) 100vw, 1000px\" \/><figcaption class=\"wp-element-caption\">Touchscreen-Test<\/figcaption><\/figure>\n<\/div>\n<p>Sie informiert Sie \u00fcber die maximale Anzahl aktiver Finger, die Ihr Ger\u00e4t unterst\u00fctzen kann.  <\/p>\n\n<h2 class=\"wp-block-heading\">Multi-Touch-Test<\/h2>\n\n<p>Der Multi-Touch-Tester erkennt viele Ber\u00fchrungen und markiert jede einzelne mit einer bestimmten Farbe. Es macht keinen Unterschied, ob Ihre Finger die Tippen und Ziffern auf dem Bildschirm abdecken. Auch wenn Sie Ihre Finger vom Bildschirm nehmen, wird die maximale Anzahl der Ber\u00fchrungen angezeigt. Mit diesem Test k\u00f6nnen Sie feststellen, wie viele Ber\u00fchrungen der Bildschirm Ihres Ger\u00e4ts registriert.<\/p>\n\n<p>Dieses Testger\u00e4t markiert jeden Finger, wenn Sie ihn mehrmals gleichzeitig auf den Bildschirm legen. Au\u00dferdem wird die Gesamtzahl der auf dem Bildschirm angezeigten Finger aufgezeichnet. Das Programm ruft auch nach dem Loslassen der Finger die gr\u00f6\u00dfte Zahl auf, die es erkannt hat.<\/p>\n\n<p>Vorzugsweise sollte der Test bildschirmf\u00fcllend durchgef\u00fchrt werden, damit alle Ber\u00fchrungen in das Testfeld passen. Klicken Sie dazu auf die Schaltfl\u00e4che in der unteren linken Ecke.<\/p>\n\n<p>F\u00fcr diesen Test brauchen Sie keine Apps zu installieren, denn Sie k\u00f6nnen den Touch-Checker-Test auf Ihrem Ger\u00e4t jederzeit online auf unserer Website durchf\u00fchren.<\/p>\n\n<p class=\"has-text-align-center has-base-background-color has-background has-medium-font-size\"><em>Wir haben auch <a href=\"https:\/\/cpstesters.com\/de\/dead-pixel-test\/\" target=\"_blank\" rel=\"noreferrer noopener\">Dead Pixel Test<\/a> f\u00fcr Ihren Bildschirm, Check Out!<\/em><\/p>\n\n<h2 class=\"wp-block-heading has-text-align-center\">FAQ&#8217;s<\/h2>\n\n<h3 class=\"wp-block-heading\"><strong>Wie kann ich meinen Touchscreen testen?<\/strong><\/h3>\n\n<p>Mit dem Touchtest auf unserer Website k\u00f6nnen Sie den Touchscreen Ihres Ger\u00e4ts \u00fcberpr\u00fcfen, wenn Sie glauben, dass er nicht richtig funktioniert. Dieser Test erm\u00f6glicht es Ihnen, m\u00f6gliche Probleme mit Ihrem Touchscreen zu erkennen und zu beheben, wobei jedes Problem anders angegangen wird.<\/p>\n\n<h3 class=\"wp-block-heading\"><strong>Wie kann ich feststellen, ob mein Touchscreen empfindlich ist?<\/strong><\/h3>\n\n<p>Die Empfindlichkeit des Touchscreens kann mit verschiedenen Fingerdr\u00fccken getestet werden. Manche Bildschirme erfordern einen st\u00e4rkeren Kontakt mit dem Bildschirm, weil sie leichte Ber\u00fchrungen nur schwer erkennen k\u00f6nnen.<\/p>\n\n<h3 class=\"wp-block-heading\"><strong>Wie testet man auf Geisterber\u00fchrung?<\/strong><\/h3>\n\n<p>Beginnen Sie damit, mit sich selbst zu experimentieren, um zu sehen, ob Sie das Problem identifizieren k\u00f6nnen. Dann mach drei Finger. Danach erkennen Sie ein oder zwei Geisterber\u00fchrungen, wenn Sie Ihr Display versehentlich mit einem oder beiden Fingern ber\u00fchren.<\/p>\n\n<p>Andere Tests, die Sie vielleicht \u00fcberpr\u00fcfen m\u00f6chten:<\/p>\n\n<ul class=\"wp-block-list\">\n<li><a href=\"https:\/\/cpstesters.com\/de\/tap-counter\/\" target=\"_blank\" rel=\"noreferrer noopener\">Zapfhahnz\u00e4hler<\/a><\/li>\n\n\n\n<li><a href=\"https:\/\/cpstesters.com\/de\/tap-speed-test\/\" target=\"_blank\" rel=\"noreferrer noopener\">Tap Speed Test<\/a><\/li>\n\n\n\n<li><a href=\"https:\/\/cpstesters.com\/de\/\" target=\"_blank\" rel=\"noreferrer noopener\">Klick-pro-Sekunde-Tester<\/a><\/li>\n\n\n\n<li><a href=\"https:\/\/cpstesters.com\/de\/tastatur-test\/\" target=\"_blank\" rel=\"noreferrer noopener\">Tastatur-Tester<\/a><\/li>\n\n\n\n<li><a href=\"https:\/\/cpstesters.com\/de\/tastatur-latenzzeit-test\/\" target=\"_blank\" rel=\"noreferrer noopener\">Tastatur-Latenzzeit-Test<\/a><\/li>\n<\/ul>\n","protected":false},"excerpt":{"rendered":"<p>Mobile &amp; Laptop Touchscreen-Test ist ein Werkzeug, um zu \u00fcberpr\u00fcfen, ob Ihr Ger\u00e4t Touch ist richtig funktioniert oder nicht, \u00fcberpr\u00fcfen Sie es jetzt! Touchscreen-Tester Der &#8230; <\/p>\n<p class=\"read-more-container\"><a title=\"Touchscreen-testen online | Mehrfarbig Touch-tester\" class=\"read-more button\" href=\"https:\/\/cpstesters.com\/de\/touch-screen-test\/#more-2871\" aria-label=\"Mehr Informationen \u00fcber Touchscreen-testen online | Mehrfarbig Touch-tester\">Read More<\/a><\/p>\n","protected":false},"author":4,"featured_media":1472,"parent":0,"menu_order":0,"comment_status":"closed","ping_status":"closed","template":"","meta":{"footnotes":""},"class_list":["post-2871","page","type-page","status-publish","has-post-thumbnail"],"_links":{"self":[{"href":"https:\/\/cpstesters.com\/de\/wp-json\/wp\/v2\/pages\/2871","targetHints":{"allow":["GET"]}}],"collection":[{"href":"https:\/\/cpstesters.com\/de\/wp-json\/wp\/v2\/pages"}],"about":[{"href":"https:\/\/cpstesters.com\/de\/wp-json\/wp\/v2\/types\/page"}],"author":[{"embeddable":true,"href":"https:\/\/cpstesters.com\/de\/wp-json\/wp\/v2\/users\/4"}],"replies":[{"embeddable":true,"href":"https:\/\/cpstesters.com\/de\/wp-json\/wp\/v2\/comments?post=2871"}],"version-history":[{"count":5,"href":"https:\/\/cpstesters.com\/de\/wp-json\/wp\/v2\/pages\/2871\/revisions"}],"predecessor-version":[{"id":5941,"href":"https:\/\/cpstesters.com\/de\/wp-json\/wp\/v2\/pages\/2871\/revisions\/5941"}],"wp:featuredmedia":[{"embeddable":true,"href":"https:\/\/cpstesters.com\/de\/wp-json\/wp\/v2\/media\/1472"}],"wp:attachment":[{"href":"https:\/\/cpstesters.com\/de\/wp-json\/wp\/v2\/media?parent=2871"}],"curies":[{"name":"wp","href":"https:\/\/api.w.org\/{rel}","templated":true}]}}